{"id":30843,"date":"2026-02-24T12:16:30","date_gmt":"2026-02-24T11:16:30","guid":{"rendered":"https:\/\/lunayatravel.com\/?post_type=product&#038;p=30843"},"modified":"2026-04-18T07:26:20","modified_gmt":"2026-04-18T05:26:20","slug":"hong-island-krabi-excursion-privee","status":"publish","type":"product","link":"https:\/\/lunayatravel.com\/en\/product\/hong-island-krabi-excursion-privee\/","title":{"rendered":"Hong Island \u2013 Excursion priv\u00e9e en speedboat"},"content":{"rendered":"<p data-start=\"215\" data-end=\"316\"><strong data-start=\"215\" data-end=\"314\">D\u00e9couvrez Hong Island en toute exclusivit\u00e9 avec une excursion priv\u00e9e en speedboat depuis Krabi.<\/strong><\/p>\n<p data-start=\"318\" data-end=\"402\">Une journ\u00e9e entre lagon cach\u00e9, snorkeling et plages paradisiaques, loin des groupes.<\/p>\n<hr data-start=\"404\" data-end=\"407\" \/>\n<h2 data-section-id=\"1fvgfrc\" data-start=\"409\" data-end=\"458\">\u00a0Pourquoi choisir une excursion priv\u00e9e ?<\/h2>\n<ul data-start=\"460\" data-end=\"636\">\n<li data-section-id=\"19m8mti\" data-start=\"460\" data-end=\"501\">Bateau privatis\u00e9 pour 2 \u00e0 4 personnes<\/li>\n<li data-section-id=\"gy3k8\" data-start=\"502\" data-end=\"530\">Flexibilit\u00e9 du programme<\/li>\n<li data-section-id=\"1eisgtz\" data-start=\"531\" data-end=\"565\">Exp\u00e9rience calme et sans foule<\/li>\n<li data-section-id=\"1u3xml2\" data-start=\"566\" data-end=\"606\">Id\u00e9al pour couples ou petits groupes<\/li>\n<li data-section-id=\"1jgq3ol\" data-start=\"607\" data-end=\"636\">Acc\u00e8s aux meilleurs spots<\/li>\n<\/ul>\n<hr data-start=\"638\" data-end=\"641\" \/>\n<h2 data-section-id=\"10uavfq\" data-start=\"643\" data-end=\"665\">\u00a0Highlights<\/h2>\n<ul data-start=\"667\" data-end=\"864\">\n<li data-section-id=\"4mxkbm\" data-start=\"667\" data-end=\"716\">Exploration du lagon int\u00e9rieur de Hong Island<\/li>\n<li data-section-id=\"5a2wpt\" data-start=\"717\" data-end=\"756\">Snorkeling dans une eau cristalline<\/li>\n<li data-section-id=\"5xh7mo\" data-start=\"757\" data-end=\"800\">Plages de sable fin et nature pr\u00e9serv\u00e9e<\/li>\n<li data-section-id=\"b2d5e0\" data-start=\"801\" data-end=\"826\">Parc national prot\u00e9g\u00e9<\/li>\n<li data-section-id=\"urgumk\" data-start=\"827\" data-end=\"864\">Option speedboat ou longtail boat<\/li>\n<\/ul>\n<hr data-start=\"866\" data-end=\"869\" \/>\n<h2 data-section-id=\"1wj5s8l\" data-start=\"871\" data-end=\"904\">\u00a0Programme for the day<\/h2>\n<h3 data-section-id=\"12ogjww\" data-start=\"906\" data-end=\"936\">\u00a0D\u00e9part depuis Krabi<\/h3>\n<ul data-start=\"980\" data-end=\"1056\">\n<li data-section-id=\"8qp4ah\" data-start=\"980\" data-end=\"1029\">Prise en charge depuis Ao Nang ou Klong Muang<\/li>\n<li data-section-id=\"1h32ywb\" data-start=\"1030\" data-end=\"1056\">D\u00e9part en bateau priv\u00e9<\/li>\n<\/ul>\n<hr data-start=\"1058\" data-end=\"1061\" \/>\n<h3 data-section-id=\"1hj2c31\" data-start=\"1063\" data-end=\"1085\">\u00a0Hong Lagoon<\/h3>\n<p data-start=\"1129\" data-end=\"1171\"><span class=\"hover:entity-accent entity-underline inline cursor-pointer align-baseline\"><span class=\"whitespace-normal\">Hong Lagoon<\/span><\/span><\/p>\n<ul data-start=\"1173\" data-end=\"1227\">\n<li data-section-id=\"ebuioo\" data-start=\"1173\" data-end=\"1201\">Navigation dans le lagon<\/li>\n<li data-section-id=\"sy2khx\" data-start=\"1202\" data-end=\"1227\">Paysage spectaculaire<\/li>\n<\/ul>\n<hr data-start=\"1229\" data-end=\"1232\" \/>\n<h3 data-section-id=\"1uq4zx8\" data-start=\"1234\" data-end=\"1263\">\u00a0Snorkeling &amp; plage<\/h3>\n<ul data-start=\"1307\" data-end=\"1361\">\n<li data-section-id=\"1z0tmfu\" data-start=\"1307\" data-end=\"1327\">Snorkeling libre<\/li>\n<li data-section-id=\"h8l9ar\" data-start=\"1328\" data-end=\"1361\">Temps de d\u00e9tente sur la plage<\/li>\n<\/ul>\n<hr data-start=\"1363\" data-end=\"1366\" \/>\n<h3 data-section-id=\"1otysa4\" data-start=\"1368\" data-end=\"1385\">\u00a0Back to<\/h3>\n<ul data-start=\"1387\" data-end=\"1434\">\n<li data-section-id=\"19i6jso\" data-start=\"1387\" data-end=\"1411\">Return to your hotel<\/li>\n<li data-section-id=\"aewoqn\" data-start=\"1412\" data-end=\"1434\">Fin de l\u2019excursion<\/li>\n<\/ul>\n<hr data-start=\"1436\" data-end=\"1439\" \/>\n<h2 data-section-id=\"m50aq\" data-start=\"1441\" data-end=\"1468\">\u00a0What's included<\/h2>\n<ul data-start=\"1470\" data-end=\"1632\">\n<li data-section-id=\"1naldbq\" data-start=\"1470\" data-end=\"1522\">Transferts aller-retour (Ao Nang ou Klong Muang)<\/li>\n<li data-section-id=\"1g8rfwg\" data-start=\"1523\" data-end=\"1551\">Bateau priv\u00e9 avec pilote<\/li>\n<li data-section-id=\"16g76yw\" data-start=\"1552\" data-end=\"1578\">Mat\u00e9riel de snorkeling<\/li>\n<li data-section-id=\"miklrc\" data-start=\"1579\" data-end=\"1602\">Fruits frais et eau<\/li>\n<li data-section-id=\"1xxrl5r\" data-start=\"1603\" data-end=\"1618\">Local guide<\/li>\n<li data-section-id=\"1tmmi3r\" data-start=\"1619\" data-end=\"1632\">Insurance<\/li>\n<\/ul>\n<hr data-start=\"1634\" data-end=\"1637\" \/>\n<h2 data-section-id=\"dp4bwk\" data-start=\"1639\" data-end=\"1659\">\u00a0Not included<\/h2>\n<ul data-start=\"1661\" data-end=\"1717\">\n<li data-section-id=\"1j5z7gn\" data-start=\"1661\" data-end=\"1704\">Ticket parc national : 300 THB \/ adulte<\/li>\n<li data-section-id=\"1olouyu\" data-start=\"1705\" data-end=\"1717\">Lunch<\/li>\n<\/ul>\n<hr data-start=\"1719\" data-end=\"1722\" \/>\n<h2 data-section-id=\"fnnlp2\" data-start=\"1724\" data-end=\"1756\">\u00a0Practical information<\/h2>\n<ul data-start=\"1758\" data-end=\"1858\">\n<li data-section-id=\"1gqh4zb\" data-start=\"1758\" data-end=\"1792\">Groupe priv\u00e9 : 2 \u00e0 4 personnes<\/li>\n<li data-section-id=\"ea5tb4\" data-start=\"1793\" data-end=\"1814\">Activit\u00e9 flexible<\/li>\n<li data-section-id=\"1mms5zj\" data-start=\"1815\" data-end=\"1858\">Choix du bateau : speedboat ou longtail<\/li>\n<\/ul>\n<hr data-start=\"1860\" data-end=\"1863\" \/>\n<h2 data-section-id=\"9cumks\" data-start=\"1865\" data-end=\"1884\">\u00a0What to expect<\/h2>\n<ul data-start=\"1886\" data-end=\"1965\">\n<li data-section-id=\"1h614oj\" data-start=\"1886\" data-end=\"1905\">Swimming costumes<\/li>\n<li data-section-id=\"u93uom\" data-start=\"1906\" data-end=\"1923\">Sun cream<\/li>\n<li data-section-id=\"1p2dfbx\" data-start=\"1924\" data-end=\"1946\">Sunglasses<\/li>\n<li data-section-id=\"zk27iu\" data-start=\"1947\" data-end=\"1965\">Camera<\/li>\n<\/ul>\n<hr data-start=\"1967\" data-end=\"1970\" \/>\n<h2 data-section-id=\"9803m\" data-start=\"1972\" data-end=\"2015\">\u00a0Tips for making the most of it<\/h2>\n<ul data-start=\"2017\" data-end=\"2138\">\n<li data-section-id=\"1xplhc5\" data-start=\"2017\" data-end=\"2052\">Partir t\u00f4t pour \u00e9viter la foule<\/li>\n<li data-section-id=\"1u8yke2\" data-start=\"2053\" data-end=\"2077\">Apporter sac \u00e9tanche<\/li>\n<li data-section-id=\"1fx6jci\" data-start=\"2078\" data-end=\"2107\">Pr\u00e9voir un peu de liquide<\/li>\n<li data-section-id=\"1wpsja3\" data-start=\"2108\" data-end=\"2138\">Profiter du calme du priv\u00e9<\/li>\n<\/ul>\n<hr data-start=\"2140\" data-end=\"2143\" \/>\n<h2 data-section-id=\"15bcwgj\" data-start=\"2145\" data-end=\"2172\">\u00a0FAQ \u2013 Hong Island<\/h2>\n<p data-start=\"2174\" data-end=\"2232\"><strong data-start=\"2174\" data-end=\"2207\">L\u2019excursion est-elle priv\u00e9e ?<\/strong><br data-start=\"2207\" data-end=\"2210\" \/>Oui, 100 % privatis\u00e9e.<\/p>\n<p data-start=\"2234\" data-end=\"2295\"><strong data-start=\"2234\" data-end=\"2265\">Peut-on choisir le bateau ?<\/strong><br data-start=\"2265\" data-end=\"2268\" \/>Oui, speedboat ou longtail.<\/p>\n<p data-start=\"2297\" data-end=\"2337\"><strong data-start=\"2297\" data-end=\"2330\">Le snorkeling est-il inclus ?<\/strong><br data-start=\"2330\" data-end=\"2333\" \/>Oui.<\/p>\n<p data-start=\"2339\" data-end=\"2401\"><strong data-start=\"2339\" data-end=\"2375\">Le parc national est-il inclus ?<\/strong><br data-start=\"2375\" data-end=\"2378\" \/>Non, \u00e0 payer sur place.<\/p>","protected":false},"excerpt":{"rendered":"<h3 data-section-id=\"hxsibk\" data-start=\"55\" data-end=\"72\">Description<\/h3>\n<ul data-start=\"74\" data-end=\"893\">\n<li data-section-id=\"mnp6iz\" data-start=\"74\" data-end=\"164\">Partez \u00e0 la d\u00e9couverte de Hong Island, l\u2019un des plus beaux tr\u00e9sors de la mer d\u2019Andaman<\/li>\n<li data-section-id=\"1cbpdmx\" data-start=\"165\" data-end=\"226\">Explorez un archipel pr\u00e9serv\u00e9 aux paysages spectaculaires<\/li>\n<li data-section-id=\"1lu3t36\" data-start=\"227\" data-end=\"306\">Admirez des falaises calcaires vertigineuses surgissant d\u2019eaux cristallines<\/li>\n<li data-section-id=\"uwl5w5\" data-start=\"307\" data-end=\"383\">Naviguez au c\u0153ur d\u2019un d\u00e9cor entre jungle luxuriante et plages immacul\u00e9es<\/li>\n<li data-section-id=\"18qoio1\" data-start=\"384\" data-end=\"466\">D\u00e9couvrez le c\u00e9l\u00e8bre lagon int\u00e9rieur de Hong Island, accessible selon la mar\u00e9e<\/li>\n<li data-section-id=\"alznoo\" data-start=\"467\" data-end=\"564\">Profitez d\u2019une baignade dans une eau calme, peu profonde et d\u2019une transparence exceptionnelle<\/li>\n<li data-section-id=\"1khj9t5\" data-start=\"565\" data-end=\"630\">Vivez un moment apaisant dans un v\u00e9ritable sanctuaire naturel<\/li>\n<li data-section-id=\"vru2sw\" data-start=\"631\" data-end=\"695\">D\u00e9tendez-vous sur des plages de sable blanc face \u00e0 l\u2019horizon<\/li>\n<li data-section-id=\"37phew\" data-start=\"696\" data-end=\"755\">Faites du snorkeling parmi poissons tropicaux et coraux<\/li>\n<li data-section-id=\"15amicx\" data-start=\"756\" data-end=\"821\">Profitez d\u2019une excursion en speedboat priv\u00e9, loin de la foule<\/li>\n<li data-section-id=\"1fcpaax\" data-start=\"822\" data-end=\"893\">Vivez une exp\u00e9rience unique entre contemplation, nature et s\u00e9r\u00e9nit\u00e9<\/li>\n<\/ul>","protected":false},"featured_media":30834,"comment_status":"open","ping_status":"closed","template":"","meta":{"_uag_custom_page_level_css":""},"product_brand":[],"product_cat":[30],"product_tag":[],"class_list":{"0":"post-30843","1":"product","2":"type-product","3":"status-publish","4":"has-post-thumbnail","6":"product_cat-krabi","8":"first","9":"instock","10":"virtual","11":"taxable","12":"purchasable","13":"product-type-simple"},"yoast_head":"<!-- This site is optimized with the Yoast SEO plugin v27.1.1 - https:\/\/yoast.com\/product\/yoast-seo-wordpress\/ -->\n<title>Hong Island \u2013 Excursion priv\u00e9e en speedboat -<\/title>\n<meta name=\"description\" content=\"Hong Island Krabi en bateau priv\u00e9 : lagon, snorkeling et plages paradisiaques. Excursion 2 \u00e0 4 personnes avec transferts inclus.\" \/>\n<meta name=\"robots\" content=\"index, follow, max-snippet:-1, max-image-preview:large, max-video-preview:-1\" \/>\n<link rel=\"canonical\" href=\"https:\/\/lunayatravel.com\/en\/product\/hong-island-krabi-excursion-privee\/\" \/>\n<meta property=\"og:locale\" content=\"en_GB\" \/>\n<meta property=\"og:type\" content=\"article\" \/>\n<meta property=\"og:title\" content=\"Hong Island \u2013 Excursion priv\u00e9e en speedboat -\" \/>\n<meta property=\"og:description\" content=\"Hong Island Krabi en bateau priv\u00e9 : lagon, snorkeling et plages paradisiaques. Excursion 2 \u00e0 4 personnes avec transferts inclus.\" \/>\n<meta property=\"og:url\" content=\"https:\/\/lunayatravel.com\/en\/product\/hong-island-krabi-excursion-privee\/\" \/>\n<meta property=\"article:publisher\" content=\"https:\/\/www.facebook.com\/lunayaTravel\/\" \/>\n<meta property=\"article:modified_time\" content=\"2026-04-18T05:26:20+00:00\" \/>\n<meta property=\"og:image\" content=\"https:\/\/lunayatravel.com\/wp-content\/uploads\/2026\/02\/10HongIsland3.webp\" \/>\n\t<meta property=\"og:image:width\" content=\"720\" \/>\n\t<meta property=\"og:image:height\" content=\"540\" \/>\n\t<meta property=\"og:image:type\" content=\"image\/webp\" \/>\n<meta name=\"twitter:card\" content=\"summary_large_image\" \/>\n<meta name=\"twitter:label1\" content=\"Estimated reading time\" \/>\n\t<meta name=\"twitter:data1\" content=\"2 minutes\" \/>\n<script type=\"application\/ld+json\" class=\"yoast-schema-graph\">{\"@context\":\"https:\/\/schema.org\",\"@graph\":[{\"@type\":\"WebPage\",\"@id\":\"https:\/\/lunayatravel.com\/produit\/hong-island-krabi-excursion-privee\/\",\"url\":\"https:\/\/lunayatravel.com\/produit\/hong-island-krabi-excursion-privee\/\",\"name\":\"Hong Island \u2013 Excursion priv\u00e9e en speedboat -\",\"isPartOf\":{\"@id\":\"https:\/\/lunayatravel.com\/#website\"},\"primaryImageOfPage\":{\"@id\":\"https:\/\/lunayatravel.com\/produit\/hong-island-krabi-excursion-privee\/#primaryimage\"},\"image\":{\"@id\":\"https:\/\/lunayatravel.com\/produit\/hong-island-krabi-excursion-privee\/#primaryimage\"},\"thumbnailUrl\":\"https:\/\/lunayatravel.com\/wp-content\/uploads\/2026\/02\/10HongIsland3.webp\",\"datePublished\":\"2026-02-24T11:16:30+00:00\",\"dateModified\":\"2026-04-18T05:26:20+00:00\",\"description\":\"Hong Island Krabi en bateau priv\u00e9 : lagon, snorkeling et plages paradisiaques. Excursion 2 \u00e0 4 personnes avec transferts inclus.\",\"breadcrumb\":{\"@id\":\"https:\/\/lunayatravel.com\/produit\/hong-island-krabi-excursion-privee\/#breadcrumb\"},\"inLanguage\":\"en-GB\",\"potentialAction\":[{\"@type\":\"ReadAction\",\"target\":[\"https:\/\/lunayatravel.com\/produit\/hong-island-krabi-excursion-privee\/\"]}]},{\"@type\":\"ImageObject\",\"inLanguage\":\"en-GB\",\"@id\":\"https:\/\/lunayatravel.com\/produit\/hong-island-krabi-excursion-privee\/#primaryimage\",\"url\":\"https:\/\/lunayatravel.com\/wp-content\/uploads\/2026\/02\/10HongIsland3.webp\",\"contentUrl\":\"https:\/\/lunayatravel.com\/wp-content\/uploads\/2026\/02\/10HongIsland3.webp\",\"width\":720,\"height\":540,\"caption\":\"hong island\"},{\"@type\":\"BreadcrumbList\",\"@id\":\"https:\/\/lunayatravel.com\/produit\/hong-island-krabi-excursion-privee\/#breadcrumb\",\"itemListElement\":[{\"@type\":\"ListItem\",\"position\":1,\"name\":\"Accueil\",\"item\":\"https:\/\/lunayatravel.com\/\"},{\"@type\":\"ListItem\",\"position\":2,\"name\":\"Nos activit\u00e9s\",\"item\":\"https:\/\/lunayatravel.com\/nos-activites\/\"},{\"@type\":\"ListItem\",\"position\":3,\"name\":\"Hong Island \u2013 Excursion priv\u00e9e en speedboat\"}]},{\"@type\":\"WebSite\",\"@id\":\"https:\/\/lunayatravel.com\/#website\",\"url\":\"https:\/\/lunayatravel.com\/\",\"name\":\"\",\"description\":\"\",\"publisher\":{\"@id\":\"https:\/\/lunayatravel.com\/#organization\"},\"potentialAction\":[{\"@type\":\"SearchAction\",\"target\":{\"@type\":\"EntryPoint\",\"urlTemplate\":\"https:\/\/lunayatravel.com\/?s={search_term_string}\"},\"query-input\":{\"@type\":\"PropertyValueSpecification\",\"valueRequired\":true,\"valueName\":\"search_term_string\"}}],\"inLanguage\":\"en-GB\"},{\"@type\":\"Organization\",\"@id\":\"https:\/\/lunayatravel.com\/#organization\",\"name\":\"Lunaya travel\",\"alternateName\":\"Lunaya travel\",\"url\":\"https:\/\/lunayatravel.com\/\",\"logo\":{\"@type\":\"ImageObject\",\"inLanguage\":\"en-GB\",\"@id\":\"https:\/\/lunayatravel.com\/#\/schema\/logo\/image\/\",\"url\":\"https:\/\/lunayatravel.com\/wp-content\/uploads\/2026\/03\/cropped-647319118_2379115739204013_337015058165053143_n.jpg\",\"contentUrl\":\"https:\/\/lunayatravel.com\/wp-content\/uploads\/2026\/03\/cropped-647319118_2379115739204013_337015058165053143_n.jpg\",\"width\":1022,\"height\":1023,\"caption\":\"Lunaya travel\"},\"image\":{\"@id\":\"https:\/\/lunayatravel.com\/#\/schema\/logo\/image\/\"},\"sameAs\":[\"https:\/\/www.facebook.com\/lunayaTravel\/\"]}]}<\/script>\n<!-- \/ Yoast SEO plugin. -->","yoast_head_json":{"title":"Hong Island \u2013 Excursion priv\u00e9e en speedboat -","description":"Hong Island Krabi en bateau priv\u00e9 : lagon, snorkeling et plages paradisiaques. Excursion 2 \u00e0 4 personnes avec transferts inclus.","robots":{"index":"index","follow":"follow","max-snippet":"max-snippet:-1","max-image-preview":"max-image-preview:large","max-video-preview":"max-video-preview:-1"},"canonical":"https:\/\/lunayatravel.com\/en\/product\/hong-island-krabi-excursion-privee\/","og_locale":"en_GB","og_type":"article","og_title":"Hong Island \u2013 Excursion priv\u00e9e en speedboat -","og_description":"Hong Island Krabi en bateau priv\u00e9 : lagon, snorkeling et plages paradisiaques. Excursion 2 \u00e0 4 personnes avec transferts inclus.","og_url":"https:\/\/lunayatravel.com\/en\/product\/hong-island-krabi-excursion-privee\/","article_publisher":"https:\/\/www.facebook.com\/lunayaTravel\/","article_modified_time":"2026-04-18T05:26:20+00:00","og_image":[{"width":720,"height":540,"url":"https:\/\/lunayatravel.com\/wp-content\/uploads\/2026\/02\/10HongIsland3.webp","type":"image\/webp"}],"twitter_card":"summary_large_image","twitter_misc":{"Estimated reading time":"2 minutes"},"schema":{"@context":"https:\/\/schema.org","@graph":[{"@type":"WebPage","@id":"https:\/\/lunayatravel.com\/produit\/hong-island-krabi-excursion-privee\/","url":"https:\/\/lunayatravel.com\/produit\/hong-island-krabi-excursion-privee\/","name":"Hong Island \u2013 Excursion priv\u00e9e en speedboat -","isPartOf":{"@id":"https:\/\/lunayatravel.com\/#website"},"primaryImageOfPage":{"@id":"https:\/\/lunayatravel.com\/produit\/hong-island-krabi-excursion-privee\/#primaryimage"},"image":{"@id":"https:\/\/lunayatravel.com\/produit\/hong-island-krabi-excursion-privee\/#primaryimage"},"thumbnailUrl":"https:\/\/lunayatravel.com\/wp-content\/uploads\/2026\/02\/10HongIsland3.webp","datePublished":"2026-02-24T11:16:30+00:00","dateModified":"2026-04-18T05:26:20+00:00","description":"Hong Island Krabi en bateau priv\u00e9 : lagon, snorkeling et plages paradisiaques. Excursion 2 \u00e0 4 personnes avec transferts inclus.","breadcrumb":{"@id":"https:\/\/lunayatravel.com\/produit\/hong-island-krabi-excursion-privee\/#breadcrumb"},"inLanguage":"en-GB","potentialAction":[{"@type":"ReadAction","target":["https:\/\/lunayatravel.com\/produit\/hong-island-krabi-excursion-privee\/"]}]},{"@type":"ImageObject","inLanguage":"en-GB","@id":"https:\/\/lunayatravel.com\/produit\/hong-island-krabi-excursion-privee\/#primaryimage","url":"https:\/\/lunayatravel.com\/wp-content\/uploads\/2026\/02\/10HongIsland3.webp","contentUrl":"https:\/\/lunayatravel.com\/wp-content\/uploads\/2026\/02\/10HongIsland3.webp","width":720,"height":540,"caption":"hong island"},{"@type":"BreadcrumbList","@id":"https:\/\/lunayatravel.com\/produit\/hong-island-krabi-excursion-privee\/#breadcrumb","itemListElement":[{"@type":"ListItem","position":1,"name":"Accueil","item":"https:\/\/lunayatravel.com\/"},{"@type":"ListItem","position":2,"name":"Nos activit\u00e9s","item":"https:\/\/lunayatravel.com\/nos-activites\/"},{"@type":"ListItem","position":3,"name":"Hong Island \u2013 Excursion priv\u00e9e en speedboat"}]},{"@type":"WebSite","@id":"https:\/\/lunayatravel.com\/#website","url":"https:\/\/lunayatravel.com\/","name":"","description":"","publisher":{"@id":"https:\/\/lunayatravel.com\/#organization"},"potentialAction":[{"@type":"SearchAction","target":{"@type":"EntryPoint","urlTemplate":"https:\/\/lunayatravel.com\/?s={search_term_string}"},"query-input":{"@type":"PropertyValueSpecification","valueRequired":true,"valueName":"search_term_string"}}],"inLanguage":"en-GB"},{"@type":"Organization","@id":"https:\/\/lunayatravel.com\/#organization","name":"Lunaya travel","alternateName":"Lunaya travel","url":"https:\/\/lunayatravel.com\/","logo":{"@type":"ImageObject","inLanguage":"en-GB","@id":"https:\/\/lunayatravel.com\/#\/schema\/logo\/image\/","url":"https:\/\/lunayatravel.com\/wp-content\/uploads\/2026\/03\/cropped-647319118_2379115739204013_337015058165053143_n.jpg","contentUrl":"https:\/\/lunayatravel.com\/wp-content\/uploads\/2026\/03\/cropped-647319118_2379115739204013_337015058165053143_n.jpg","width":1022,"height":1023,"caption":"Lunaya travel"},"image":{"@id":"https:\/\/lunayatravel.com\/#\/schema\/logo\/image\/"},"sameAs":["https:\/\/www.facebook.com\/lunayaTravel\/"]}]}},"uagb_featured_image_src":{"full":["https:\/\/lunayatravel.com\/wp-content\/uploads\/2026\/02\/10HongIsland3.webp",720,540,false],"thumbnail":["https:\/\/lunayatravel.com\/wp-content\/uploads\/2026\/02\/10HongIsland3-150x150.webp",150,150,true],"medium":["https:\/\/lunayatravel.com\/wp-content\/uploads\/2026\/02\/10HongIsland3-300x225.webp",300,225,true],"medium_large":["https:\/\/lunayatravel.com\/wp-content\/uploads\/2026\/02\/10HongIsland3.webp",720,540,false],"large":["https:\/\/lunayatravel.com\/wp-content\/uploads\/2026\/02\/10HongIsland3.webp",720,540,false],"1536x1536":["https:\/\/lunayatravel.com\/wp-content\/uploads\/2026\/02\/10HongIsland3.webp",720,540,false],"2048x2048":["https:\/\/lunayatravel.com\/wp-content\/uploads\/2026\/02\/10HongIsland3.webp",720,540,false],"trp-custom-language-flag":["https:\/\/lunayatravel.com\/wp-content\/uploads\/2026\/02\/10HongIsland3-16x12.webp",16,12,true],"widget-thumbnail":["https:\/\/lunayatravel.com\/wp-content\/uploads\/2026\/02\/10HongIsland3-75x75.webp",75,75,true],"mailpoet_newsletter_max":["https:\/\/lunayatravel.com\/wp-content\/uploads\/2026\/02\/10HongIsland3.webp",720,540,false],"woocommerce_thumbnail":["https:\/\/lunayatravel.com\/wp-content\/uploads\/2026\/02\/10HongIsland3-300x300.webp",300,300,true],"woocommerce_single":["https:\/\/lunayatravel.com\/wp-content\/uploads\/2026\/02\/10HongIsland3-600x450.webp",600,450,true],"woocommerce_gallery_thumbnail":["https:\/\/lunayatravel.com\/wp-content\/uploads\/2026\/02\/10HongIsland3-100x100.webp",100,100,true],"sow-carousel-default":["https:\/\/lunayatravel.com\/wp-content\/uploads\/2026\/02\/10HongIsland3-272x182.webp",272,182,true]},"uagb_author_info":{"display_name":"haemers stephanie","author_link":"https:\/\/lunayatravel.com\/en\/author\/"},"uagb_comment_info":0,"uagb_excerpt":"Description Partez \u00e0 la d\u00e9couverte de Hong Island, l\u2019un des plus beaux tr\u00e9sors de la mer d\u2019Andaman Explorez un archipel pr\u00e9serv\u00e9 aux paysages spectaculaires Admirez des falaises calcaires vertigineuses surgissant d\u2019eaux cristallines Naviguez au c\u0153ur d\u2019un d\u00e9cor entre jungle luxuriante et plages immacul\u00e9es D\u00e9couvrez le c\u00e9l\u00e8bre lagon int\u00e9rieur de Hong Island, accessible selon la mar\u00e9e&hellip;","jetpack_sharing_enabled":true,"_links":{"self":[{"href":"https:\/\/lunayatravel.com\/en\/wp-json\/wp\/v2\/product\/30843","targetHints":{"allow":["GET"]}}],"collection":[{"href":"https:\/\/lunayatravel.com\/en\/wp-json\/wp\/v2\/product"}],"about":[{"href":"https:\/\/lunayatravel.com\/en\/wp-json\/wp\/v2\/types\/product"}],"replies":[{"embeddable":true,"href":"https:\/\/lunayatravel.com\/en\/wp-json\/wp\/v2\/comments?post=30843"}],"wp:featuredmedia":[{"embeddable":true,"href":"https:\/\/lunayatravel.com\/en\/wp-json\/wp\/v2\/media\/30834"}],"wp:attachment":[{"href":"https:\/\/lunayatravel.com\/en\/wp-json\/wp\/v2\/media?parent=30843"}],"wp:term":[{"taxonomy":"product_brand","embeddable":true,"href":"https:\/\/lunayatravel.com\/en\/wp-json\/wp\/v2\/product_brand?post=30843"},{"taxonomy":"product_cat","embeddable":true,"href":"https:\/\/lunayatravel.com\/en\/wp-json\/wp\/v2\/product_cat?post=30843"},{"taxonomy":"product_tag","embeddable":true,"href":"https:\/\/lunayatravel.com\/en\/wp-json\/wp\/v2\/product_tag?post=30843"}],"curies":[{"name":"wp","href":"https:\/\/api.w.org\/{rel}","templated":true}]}}