{"id":30830,"date":"2026-02-23T03:28:22","date_gmt":"2026-02-23T02:28:22","guid":{"rendered":"https:\/\/lunayatravel.com\/?post_type=product&#038;p=30830"},"modified":"2026-02-23T10:58:04","modified_gmt":"2026-02-23T09:58:04","slug":"%f0%9f%8c%bf-excursion-a-hong-island-krabi-longtail-prive-6-a-7-personnes","status":"publish","type":"product","link":"https:\/\/lunayatravel.com\/en\/product\/%f0%9f%8c%bf-excursion-a-hong-island-krabi-longtail-prive-6-a-7-personnes\/","title":{"rendered":"\ud83c\udf3f Excursion to Hong Island - Krabi longtail Private 4 TO 5 PEOPLE"},"content":{"rendered":"<h3>PRIVATE GROUP 4 TO 5 PEOPLE<\/h3>\n<h3>\u2705 <strong>Highlights:<\/strong><\/h3>\n<ul>\n<li>Inner Hong Lagoon<\/li>\n<li>Snorkelling in crystal-clear waters<\/li>\n<li>Fine sand and luxuriant nature<\/li>\n<li>Access to the national park with surveillance<\/li>\n<li>Longtail boat or speedboat option<\/li>\n<\/ul>\n<h3>\ud83e\uddfe <strong>Includes :<\/strong><\/h3>\n<p>\u2714\ufe0f Return transfers from Ao Nang or Klong Muang<br \/>\n\u2714\ufe0f Boat + local pilot<br \/>\n\u2714\ufe0f Snorkelling equipment<br \/>\n\u2714\ufe0f Fresh fruit + water<br \/>\n\u2714\ufe0f Local guide + insurance<\/p>\n<p><strong>Not included:<\/strong><br \/>\n\u274c National park ticket (THB 300 \/ adult)<br \/>\n\u274c Lunch<\/p>\n<p>&nbsp;<\/p>","protected":false},"excerpt":{"rendered":"<p data-start=\"176\" data-end=\"297\">Discover one of the most unspoilt treasures of the Andaman Sea: the sumptuous Hong Island archipelago.<\/p>\n<p data-start=\"299\" data-end=\"667\">Located off the coast of Krabi, this group of islands offers a spectacular setting where nature still reigns supreme. Vertiginous limestone cliffs rise out of crystal-clear waters sculpted by time, surrounding lagoons of unreal turquoise. As your boat approaches, the landscape becomes almost unreal, with lush jungle and pristine beaches.<\/p>\n<p data-start=\"669\" data-end=\"1063\">Hong Island is famous for its hidden inner lagoon, accessible only at high tide. When you enter this secret enclave, protected by imposing rock walls, you are entering a veritable natural sanctuary. The water is calm, shallow and exceptionally clear. Bathing here is a soothing, almost meditative experience - a moment suspended away from the world.<\/p>\n<p data-start=\"1065\" data-end=\"1321\">The white sandy beaches invite you to relax, unwind or take a peaceful stroll facing the horizon. The clear, calm waters are ideal for snorkelling, with colourful tropical fish, coral and marine life just a few metres from the shore.<\/p>\n<p data-start=\"1323\" data-end=\"1594\">This excursion is perfect for those seeking a combination of natural beauty, serenity and wonder. Whether by traditional longtail boat or speedboat, discovering Hong Island is an unforgettable experience that combines gentle adventure and contemplation.<\/p>","protected":false},"featured_media":30831,"comment_status":"open","ping_status":"closed","template":"","meta":{"_uag_custom_page_level_css":""},"product_brand":[],"product_cat":[30],"product_tag":[],"class_list":{"0":"post-30830","1":"product","2":"type-product","3":"status-publish","4":"has-post-thumbnail","6":"product_cat-krabi","8":"first","9":"instock","10":"virtual","11":"sold-individually","12":"taxable","13":"purchasable","14":"product-type-simple"},"yoast_head":"<!-- This site is optimized with the Yoast SEO plugin v27.1.1 - https:\/\/yoast.com\/product\/yoast-seo-wordpress\/ -->\n<title>\ud83c\udf3f Excursion \u00e0 Hong Island \u2013 Krabi longtail Priv\u00e9 4 A 5 PERSONNES -<\/title>\n<meta name=\"robots\" content=\"index, follow, max-snippet:-1, max-image-preview:large, max-video-preview:-1\" \/>\n<link rel=\"canonical\" href=\"https:\/\/lunayatravel.com\/en\/product\/\ud83c\udf3f-excursion-a-hong-island-krabi-longtail-prive-6-a-7-personnes\/\" \/>\n<meta property=\"og:locale\" content=\"en_GB\" \/>\n<meta property=\"og:type\" content=\"article\" \/>\n<meta property=\"og:title\" content=\"\ud83c\udf3f Excursion \u00e0 Hong Island \u2013 Krabi longtail Priv\u00e9 4 A 5 PERSONNES -\" \/>\n<meta property=\"og:description\" content=\"Partez \u00e0 la d\u00e9couverte de l\u2019un des tr\u00e9sors les plus pr\u00e9serv\u00e9s de la mer d\u2019Andaman : le somptueux archipel de Hong Island. Situ\u00e9 au large de Krabi, cet ensemble d\u2019\u00eeles offre un d\u00e9cor spectaculaire o\u00f9 la nature r\u00e8gne encore en ma\u00eetre. Des falaises calcaires vertigineuses surgissent des eaux cristallines, sculpt\u00e9es par le temps, entourant des lagons d\u2019un turquoise irr\u00e9el. \u00c0 mesure que votre bateau s\u2019approche, le paysage devient presque irr\u00e9el, entre jungle luxuriante et plages immacul\u00e9es. Hong Island est r\u00e9put\u00e9e pour son lagon int\u00e9rieur cach\u00e9, accessible uniquement \u00e0 mar\u00e9e haute. En p\u00e9n\u00e9trant dans cette enclave secr\u00e8te, prot\u00e9g\u00e9e par d\u2019imposantes parois rocheuses, vous entrez dans un v\u00e9ritable sanctuaire naturel. L\u2019eau y est calme, peu profonde et d\u2019une transparence exceptionnelle. S\u2019y baigner est une exp\u00e9rience apaisante, presque m\u00e9ditative \u2014 un moment suspendu loin du monde. Les plages de sable blanc invitent \u00e0 la d\u00e9tente, au farniente ou \u00e0 une promenade paisible face \u00e0 l\u2019horizon. Les eaux calmes et limpides sont id\u00e9ales pour le snorkeling : poissons tropicaux color\u00e9s, coraux et vie marine \u00e9voluent \u00e0 quelques m\u00e8tres du rivage. Cette excursion est parfaite pour ceux qui recherchent \u00e0 la fois beaut\u00e9 naturelle, s\u00e9r\u00e9nit\u00e9 et \u00e9merveillement. Que ce soit en longtail boat traditionnel ou en speedboat, la d\u00e9couverte de Hong Island reste une exp\u00e9rience inoubliable, entre aventure douce et contemplation.\" \/>\n<meta property=\"og:url\" content=\"https:\/\/lunayatravel.com\/en\/product\/\ud83c\udf3f-excursion-a-hong-island-krabi-longtail-prive-6-a-7-personnes\/\" \/>\n<meta property=\"article:publisher\" content=\"https:\/\/www.facebook.com\/lunayaTravel\/\" \/>\n<meta property=\"article:modified_time\" content=\"2026-02-23T09:58:04+00:00\" \/>\n<meta property=\"og:image\" content=\"https:\/\/lunayatravel.com\/wp-content\/uploads\/2026\/02\/08Pakbia1.webp\" \/>\n\t<meta property=\"og:image:width\" content=\"720\" \/>\n\t<meta property=\"og:image:height\" content=\"540\" \/>\n\t<meta property=\"og:image:type\" content=\"image\/webp\" \/>\n<meta name=\"twitter:card\" content=\"summary_large_image\" \/>\n<script type=\"application\/ld+json\" class=\"yoast-schema-graph\">{\"@context\":\"https:\/\/schema.org\",\"@graph\":[{\"@type\":\"WebPage\",\"@id\":\"https:\/\/lunayatravel.com\/produit\/%f0%9f%8c%bf-excursion-a-hong-island-krabi-longtail-prive-6-a-7-personnes\/\",\"url\":\"https:\/\/lunayatravel.com\/produit\/%f0%9f%8c%bf-excursion-a-hong-island-krabi-longtail-prive-6-a-7-personnes\/\",\"name\":\"\ud83c\udf3f Excursion \u00e0 Hong Island \u2013 Krabi longtail Priv\u00e9 4 A 5 PERSONNES -\",\"isPartOf\":{\"@id\":\"https:\/\/lunayatravel.com\/#website\"},\"primaryImageOfPage\":{\"@id\":\"https:\/\/lunayatravel.com\/produit\/%f0%9f%8c%bf-excursion-a-hong-island-krabi-longtail-prive-6-a-7-personnes\/#primaryimage\"},\"image\":{\"@id\":\"https:\/\/lunayatravel.com\/produit\/%f0%9f%8c%bf-excursion-a-hong-island-krabi-longtail-prive-6-a-7-personnes\/#primaryimage\"},\"thumbnailUrl\":\"https:\/\/lunayatravel.com\/wp-content\/uploads\/2026\/02\/08Pakbia1.webp\",\"datePublished\":\"2026-02-23T02:28:22+00:00\",\"dateModified\":\"2026-02-23T09:58:04+00:00\",\"breadcrumb\":{\"@id\":\"https:\/\/lunayatravel.com\/produit\/%f0%9f%8c%bf-excursion-a-hong-island-krabi-longtail-prive-6-a-7-personnes\/#breadcrumb\"},\"inLanguage\":\"en-GB\",\"potentialAction\":[{\"@type\":\"ReadAction\",\"target\":[\"https:\/\/lunayatravel.com\/produit\/%f0%9f%8c%bf-excursion-a-hong-island-krabi-longtail-prive-6-a-7-personnes\/\"]}]},{\"@type\":\"ImageObject\",\"inLanguage\":\"en-GB\",\"@id\":\"https:\/\/lunayatravel.com\/produit\/%f0%9f%8c%bf-excursion-a-hong-island-krabi-longtail-prive-6-a-7-personnes\/#primaryimage\",\"url\":\"https:\/\/lunayatravel.com\/wp-content\/uploads\/2026\/02\/08Pakbia1.webp\",\"contentUrl\":\"https:\/\/lunayatravel.com\/wp-content\/uploads\/2026\/02\/08Pakbia1.webp\",\"width\":720,\"height\":540},{\"@type\":\"BreadcrumbList\",\"@id\":\"https:\/\/lunayatravel.com\/produit\/%f0%9f%8c%bf-excursion-a-hong-island-krabi-longtail-prive-6-a-7-personnes\/#breadcrumb\",\"itemListElement\":[{\"@type\":\"ListItem\",\"position\":1,\"name\":\"Accueil\",\"item\":\"https:\/\/lunayatravel.com\/\"},{\"@type\":\"ListItem\",\"position\":2,\"name\":\"Nos activit\u00e9s\",\"item\":\"https:\/\/lunayatravel.com\/nos-activites\/\"},{\"@type\":\"ListItem\",\"position\":3,\"name\":\"\ud83c\udf3f Excursion \u00e0 Hong Island \u2013 Krabi longtail Priv\u00e9 4 A 5 PERSONNES\"}]},{\"@type\":\"WebSite\",\"@id\":\"https:\/\/lunayatravel.com\/#website\",\"url\":\"https:\/\/lunayatravel.com\/\",\"name\":\"\",\"description\":\"\",\"publisher\":{\"@id\":\"https:\/\/lunayatravel.com\/#organization\"},\"potentialAction\":[{\"@type\":\"SearchAction\",\"target\":{\"@type\":\"EntryPoint\",\"urlTemplate\":\"https:\/\/lunayatravel.com\/?s={search_term_string}\"},\"query-input\":{\"@type\":\"PropertyValueSpecification\",\"valueRequired\":true,\"valueName\":\"search_term_string\"}}],\"inLanguage\":\"en-GB\"},{\"@type\":\"Organization\",\"@id\":\"https:\/\/lunayatravel.com\/#organization\",\"name\":\"Lunaya travel\",\"alternateName\":\"Lunaya travel\",\"url\":\"https:\/\/lunayatravel.com\/\",\"logo\":{\"@type\":\"ImageObject\",\"inLanguage\":\"en-GB\",\"@id\":\"https:\/\/lunayatravel.com\/#\/schema\/logo\/image\/\",\"url\":\"https:\/\/lunayatravel.com\/wp-content\/uploads\/2026\/03\/cropped-647319118_2379115739204013_337015058165053143_n.jpg\",\"contentUrl\":\"https:\/\/lunayatravel.com\/wp-content\/uploads\/2026\/03\/cropped-647319118_2379115739204013_337015058165053143_n.jpg\",\"width\":1022,\"height\":1023,\"caption\":\"Lunaya travel\"},\"image\":{\"@id\":\"https:\/\/lunayatravel.com\/#\/schema\/logo\/image\/\"},\"sameAs\":[\"https:\/\/www.facebook.com\/lunayaTravel\/\"]}]}<\/script>\n<!-- \/ Yoast SEO plugin. -->","yoast_head_json":{"title":"\ud83c\udf3f Excursion \u00e0 Hong Island \u2013 Krabi longtail Priv\u00e9 4 A 5 PERSONNES -","robots":{"index":"index","follow":"follow","max-snippet":"max-snippet:-1","max-image-preview":"max-image-preview:large","max-video-preview":"max-video-preview:-1"},"canonical":"https:\/\/lunayatravel.com\/en\/product\/\ud83c\udf3f-excursion-a-hong-island-krabi-longtail-prive-6-a-7-personnes\/","og_locale":"en_GB","og_type":"article","og_title":"\ud83c\udf3f Excursion \u00e0 Hong Island \u2013 Krabi longtail Priv\u00e9 4 A 5 PERSONNES -","og_description":"Partez \u00e0 la d\u00e9couverte de l\u2019un des tr\u00e9sors les plus pr\u00e9serv\u00e9s de la mer d\u2019Andaman : le somptueux archipel de Hong Island. Situ\u00e9 au large de Krabi, cet ensemble d\u2019\u00eeles offre un d\u00e9cor spectaculaire o\u00f9 la nature r\u00e8gne encore en ma\u00eetre. Des falaises calcaires vertigineuses surgissent des eaux cristallines, sculpt\u00e9es par le temps, entourant des lagons d\u2019un turquoise irr\u00e9el. \u00c0 mesure que votre bateau s\u2019approche, le paysage devient presque irr\u00e9el, entre jungle luxuriante et plages immacul\u00e9es. Hong Island est r\u00e9put\u00e9e pour son lagon int\u00e9rieur cach\u00e9, accessible uniquement \u00e0 mar\u00e9e haute. En p\u00e9n\u00e9trant dans cette enclave secr\u00e8te, prot\u00e9g\u00e9e par d\u2019imposantes parois rocheuses, vous entrez dans un v\u00e9ritable sanctuaire naturel. L\u2019eau y est calme, peu profonde et d\u2019une transparence exceptionnelle. S\u2019y baigner est une exp\u00e9rience apaisante, presque m\u00e9ditative \u2014 un moment suspendu loin du monde. Les plages de sable blanc invitent \u00e0 la d\u00e9tente, au farniente ou \u00e0 une promenade paisible face \u00e0 l\u2019horizon. Les eaux calmes et limpides sont id\u00e9ales pour le snorkeling : poissons tropicaux color\u00e9s, coraux et vie marine \u00e9voluent \u00e0 quelques m\u00e8tres du rivage. Cette excursion est parfaite pour ceux qui recherchent \u00e0 la fois beaut\u00e9 naturelle, s\u00e9r\u00e9nit\u00e9 et \u00e9merveillement. Que ce soit en longtail boat traditionnel ou en speedboat, la d\u00e9couverte de Hong Island reste une exp\u00e9rience inoubliable, entre aventure douce et contemplation.","og_url":"https:\/\/lunayatravel.com\/en\/product\/\ud83c\udf3f-excursion-a-hong-island-krabi-longtail-prive-6-a-7-personnes\/","article_publisher":"https:\/\/www.facebook.com\/lunayaTravel\/","article_modified_time":"2026-02-23T09:58:04+00:00","og_image":[{"width":720,"height":540,"url":"https:\/\/lunayatravel.com\/wp-content\/uploads\/2026\/02\/08Pakbia1.webp","type":"image\/webp"}],"twitter_card":"summary_large_image","schema":{"@context":"https:\/\/schema.org","@graph":[{"@type":"WebPage","@id":"https:\/\/lunayatravel.com\/produit\/%f0%9f%8c%bf-excursion-a-hong-island-krabi-longtail-prive-6-a-7-personnes\/","url":"https:\/\/lunayatravel.com\/produit\/%f0%9f%8c%bf-excursion-a-hong-island-krabi-longtail-prive-6-a-7-personnes\/","name":"\ud83c\udf3f Excursion \u00e0 Hong Island \u2013 Krabi longtail Priv\u00e9 4 A 5 PERSONNES -","isPartOf":{"@id":"https:\/\/lunayatravel.com\/#website"},"primaryImageOfPage":{"@id":"https:\/\/lunayatravel.com\/produit\/%f0%9f%8c%bf-excursion-a-hong-island-krabi-longtail-prive-6-a-7-personnes\/#primaryimage"},"image":{"@id":"https:\/\/lunayatravel.com\/produit\/%f0%9f%8c%bf-excursion-a-hong-island-krabi-longtail-prive-6-a-7-personnes\/#primaryimage"},"thumbnailUrl":"https:\/\/lunayatravel.com\/wp-content\/uploads\/2026\/02\/08Pakbia1.webp","datePublished":"2026-02-23T02:28:22+00:00","dateModified":"2026-02-23T09:58:04+00:00","breadcrumb":{"@id":"https:\/\/lunayatravel.com\/produit\/%f0%9f%8c%bf-excursion-a-hong-island-krabi-longtail-prive-6-a-7-personnes\/#breadcrumb"},"inLanguage":"en-GB","potentialAction":[{"@type":"ReadAction","target":["https:\/\/lunayatravel.com\/produit\/%f0%9f%8c%bf-excursion-a-hong-island-krabi-longtail-prive-6-a-7-personnes\/"]}]},{"@type":"ImageObject","inLanguage":"en-GB","@id":"https:\/\/lunayatravel.com\/produit\/%f0%9f%8c%bf-excursion-a-hong-island-krabi-longtail-prive-6-a-7-personnes\/#primaryimage","url":"https:\/\/lunayatravel.com\/wp-content\/uploads\/2026\/02\/08Pakbia1.webp","contentUrl":"https:\/\/lunayatravel.com\/wp-content\/uploads\/2026\/02\/08Pakbia1.webp","width":720,"height":540},{"@type":"BreadcrumbList","@id":"https:\/\/lunayatravel.com\/produit\/%f0%9f%8c%bf-excursion-a-hong-island-krabi-longtail-prive-6-a-7-personnes\/#breadcrumb","itemListElement":[{"@type":"ListItem","position":1,"name":"Accueil","item":"https:\/\/lunayatravel.com\/"},{"@type":"ListItem","position":2,"name":"Nos activit\u00e9s","item":"https:\/\/lunayatravel.com\/nos-activites\/"},{"@type":"ListItem","position":3,"name":"\ud83c\udf3f Excursion \u00e0 Hong Island \u2013 Krabi longtail Priv\u00e9 4 A 5 PERSONNES"}]},{"@type":"WebSite","@id":"https:\/\/lunayatravel.com\/#website","url":"https:\/\/lunayatravel.com\/","name":"","description":"","publisher":{"@id":"https:\/\/lunayatravel.com\/#organization"},"potentialAction":[{"@type":"SearchAction","target":{"@type":"EntryPoint","urlTemplate":"https:\/\/lunayatravel.com\/?s={search_term_string}"},"query-input":{"@type":"PropertyValueSpecification","valueRequired":true,"valueName":"search_term_string"}}],"inLanguage":"en-GB"},{"@type":"Organization","@id":"https:\/\/lunayatravel.com\/#organization","name":"Lunaya travel","alternateName":"Lunaya travel","url":"https:\/\/lunayatravel.com\/","logo":{"@type":"ImageObject","inLanguage":"en-GB","@id":"https:\/\/lunayatravel.com\/#\/schema\/logo\/image\/","url":"https:\/\/lunayatravel.com\/wp-content\/uploads\/2026\/03\/cropped-647319118_2379115739204013_337015058165053143_n.jpg","contentUrl":"https:\/\/lunayatravel.com\/wp-content\/uploads\/2026\/03\/cropped-647319118_2379115739204013_337015058165053143_n.jpg","width":1022,"height":1023,"caption":"Lunaya travel"},"image":{"@id":"https:\/\/lunayatravel.com\/#\/schema\/logo\/image\/"},"sameAs":["https:\/\/www.facebook.com\/lunayaTravel\/"]}]}},"uagb_featured_image_src":{"full":["https:\/\/lunayatravel.com\/wp-content\/uploads\/2026\/02\/08Pakbia1.webp",720,540,false],"thumbnail":["https:\/\/lunayatravel.com\/wp-content\/uploads\/2026\/02\/08Pakbia1-150x150.webp",150,150,true],"medium":["https:\/\/lunayatravel.com\/wp-content\/uploads\/2026\/02\/08Pakbia1-300x225.webp",300,225,true],"medium_large":["https:\/\/lunayatravel.com\/wp-content\/uploads\/2026\/02\/08Pakbia1.webp",720,540,false],"large":["https:\/\/lunayatravel.com\/wp-content\/uploads\/2026\/02\/08Pakbia1.webp",720,540,false],"1536x1536":["https:\/\/lunayatravel.com\/wp-content\/uploads\/2026\/02\/08Pakbia1.webp",720,540,false],"2048x2048":["https:\/\/lunayatravel.com\/wp-content\/uploads\/2026\/02\/08Pakbia1.webp",720,540,false],"trp-custom-language-flag":["https:\/\/lunayatravel.com\/wp-content\/uploads\/2026\/02\/08Pakbia1-16x12.webp",16,12,true],"widget-thumbnail":["https:\/\/lunayatravel.com\/wp-content\/uploads\/2026\/02\/08Pakbia1-75x75.webp",75,75,true],"mailpoet_newsletter_max":["https:\/\/lunayatravel.com\/wp-content\/uploads\/2026\/02\/08Pakbia1.webp",720,540,false],"woocommerce_thumbnail":["https:\/\/lunayatravel.com\/wp-content\/uploads\/2026\/02\/08Pakbia1-300x300.webp",300,300,true],"woocommerce_single":["https:\/\/lunayatravel.com\/wp-content\/uploads\/2026\/02\/08Pakbia1-600x450.webp",600,450,true],"woocommerce_gallery_thumbnail":["https:\/\/lunayatravel.com\/wp-content\/uploads\/2026\/02\/08Pakbia1-100x100.webp",100,100,true],"sow-carousel-default":["https:\/\/lunayatravel.com\/wp-content\/uploads\/2026\/02\/08Pakbia1-272x182.webp",272,182,true]},"uagb_author_info":{"display_name":"haemers stephanie","author_link":"https:\/\/lunayatravel.com\/en\/author\/"},"uagb_comment_info":0,"uagb_excerpt":"Partez \u00e0 la d\u00e9couverte de l\u2019un des tr\u00e9sors les plus pr\u00e9serv\u00e9s de la mer d\u2019Andaman : le somptueux archipel de Hong Island. Situ\u00e9 au large de Krabi, cet ensemble d\u2019\u00eeles offre un d\u00e9cor spectaculaire o\u00f9 la nature r\u00e8gne encore en ma\u00eetre. Des falaises calcaires vertigineuses surgissent des eaux cristallines, sculpt\u00e9es par le temps, entourant des&hellip;","jetpack_sharing_enabled":true,"_links":{"self":[{"href":"https:\/\/lunayatravel.com\/en\/wp-json\/wp\/v2\/product\/30830","targetHints":{"allow":["GET"]}}],"collection":[{"href":"https:\/\/lunayatravel.com\/en\/wp-json\/wp\/v2\/product"}],"about":[{"href":"https:\/\/lunayatravel.com\/en\/wp-json\/wp\/v2\/types\/product"}],"replies":[{"embeddable":true,"href":"https:\/\/lunayatravel.com\/en\/wp-json\/wp\/v2\/comments?post=30830"}],"wp:featuredmedia":[{"embeddable":true,"href":"https:\/\/lunayatravel.com\/en\/wp-json\/wp\/v2\/media\/30831"}],"wp:attachment":[{"href":"https:\/\/lunayatravel.com\/en\/wp-json\/wp\/v2\/media?parent=30830"}],"wp:term":[{"taxonomy":"product_brand","embeddable":true,"href":"https:\/\/lunayatravel.com\/en\/wp-json\/wp\/v2\/product_brand?post=30830"},{"taxonomy":"product_cat","embeddable":true,"href":"https:\/\/lunayatravel.com\/en\/wp-json\/wp\/v2\/product_cat?post=30830"},{"taxonomy":"product_tag","embeddable":true,"href":"https:\/\/lunayatravel.com\/en\/wp-json\/wp\/v2\/product_tag?post=30830"}],"curies":[{"name":"wp","href":"https:\/\/api.w.org\/{rel}","templated":true}]}}