{"id":30827,"date":"2026-02-23T03:16:40","date_gmt":"2026-02-23T02:16:40","guid":{"rendered":"https:\/\/lunayatravel.com\/?post_type=product&#038;p=30827"},"modified":"2026-02-23T03:27:08","modified_gmt":"2026-02-23T02:27:08","slug":"%f0%9f%8c%bf-excursion-a-hong-island-krabi-longtail-2","status":"publish","type":"product","link":"https:\/\/lunayatravel.com\/en\/product\/%f0%9f%8c%bf-excursion-a-hong-island-krabi-longtail-2\/","title":{"rendered":"\ud83c\udf3f Excursion to Hong Island - Krabi longtail"},"content":{"rendered":"<h3>\u00a0 departure 9am \/ return 4pm<\/h3>\n<h3><\/h3>\n<h3>\u00a0\u2705 <strong>Highlights:<\/strong><\/h3>\n<ul>\n<li>Inner Hong Lagoon<\/li>\n<li>Snorkelling in crystal-clear waters<\/li>\n<li>Fine sand and luxuriant nature<\/li>\n<li>Access to the national park with surveillance<\/li>\n<li>Longtail boat or speedboat option<\/li>\n<\/ul>\n<h3>\ud83e\uddfe <strong>Includes :<\/strong><\/h3>\n<p>\u2714\ufe0f Return transfers from Ao Nang or Klong Muang<br \/>\n\u2714\ufe0f Boat + local pilot<br \/>\n\u2714\ufe0f Snorkelling equipment<br \/>\n\u2714\ufe0f Fresh fruit + water<br \/>\n\u2714\ufe0f Local guide + insurance<\/p>\n<p><strong>Not included:<\/strong><br \/>\n\u274c National park ticket (THB 300 \/ adult)<br \/>\n\u274c Lunch<\/p>\n<p>&nbsp;<\/p>","protected":false},"excerpt":{"rendered":"<p>Discover <strong>one of the most unspoilt jewels in the Andaman Sea<\/strong> the magnificent archipelago of <strong>Hong Island<\/strong>.<\/p>\n<p>Turquoise lagoons, white sandy beaches, limestone cliffs and calm waters ideal for snorkelling. Swimming in the <strong>hidden inner lagoon<\/strong> is a magical, soothing experience.<\/p>","protected":false},"featured_media":29831,"comment_status":"open","ping_status":"closed","template":"","meta":{"_uag_custom_page_level_css":""},"product_brand":[],"product_cat":[30],"product_tag":[],"class_list":{"0":"post-30827","1":"product","2":"type-product","3":"status-publish","4":"has-post-thumbnail","6":"product_cat-krabi","8":"first","9":"instock","10":"virtual","11":"taxable","12":"purchasable","13":"product-type-simple"},"yoast_head":"<!-- This site is optimized with the Yoast SEO plugin v27.1.1 - https:\/\/yoast.com\/product\/yoast-seo-wordpress\/ -->\n<title>\ud83c\udf3f Excursion \u00e0 Hong Island \u2013 Krabi longtail -<\/title>\n<meta name=\"robots\" content=\"index, follow, max-snippet:-1, max-image-preview:large, max-video-preview:-1\" \/>\n<link rel=\"canonical\" href=\"https:\/\/lunayatravel.com\/en\/product\/\ud83c\udf3f-excursion-a-hong-island-krabi-longtail-2\/\" \/>\n<meta property=\"og:locale\" content=\"en_GB\" \/>\n<meta property=\"og:type\" content=\"article\" \/>\n<meta property=\"og:title\" content=\"\ud83c\udf3f Excursion \u00e0 Hong Island \u2013 Krabi longtail -\" \/>\n<meta property=\"og:description\" content=\"Partez \u00e0 la d\u00e9couverte de l\u2019un des joyaux les plus pr\u00e9serv\u00e9s de la mer d\u2019Andaman : le magnifique archipel de Hong Island.  Lagons turquoise, plages de sable blanc, falaises calcaires et eaux calmes id\u00e9ales pour le snorkeling. La baignade dans le lagon int\u00e9rieur cach\u00e9 est une exp\u00e9rience magique et apaisante.\" \/>\n<meta property=\"og:url\" content=\"https:\/\/lunayatravel.com\/en\/product\/\ud83c\udf3f-excursion-a-hong-island-krabi-longtail-2\/\" \/>\n<meta property=\"article:publisher\" content=\"https:\/\/www.facebook.com\/lunayaTravel\/\" \/>\n<meta property=\"article:modified_time\" content=\"2026-02-23T02:27:08+00:00\" \/>\n<meta property=\"og:image\" content=\"https:\/\/lunayatravel.com\/wp-content\/uploads\/2025\/07\/Hong-island-tours-page-main-image.jpg\" \/>\n\t<meta property=\"og:image:width\" content=\"1280\" \/>\n\t<meta property=\"og:image:height\" content=\"847\" \/>\n\t<meta property=\"og:image:type\" content=\"image\/jpeg\" \/>\n<meta name=\"twitter:card\" content=\"summary_large_image\" \/>\n<script type=\"application\/ld+json\" class=\"yoast-schema-graph\">{\"@context\":\"https:\/\/schema.org\",\"@graph\":[{\"@type\":\"WebPage\",\"@id\":\"https:\/\/lunayatravel.com\/produit\/%f0%9f%8c%bf-excursion-a-hong-island-krabi-longtail-2\/\",\"url\":\"https:\/\/lunayatravel.com\/produit\/%f0%9f%8c%bf-excursion-a-hong-island-krabi-longtail-2\/\",\"name\":\"\ud83c\udf3f Excursion \u00e0 Hong Island \u2013 Krabi longtail -\",\"isPartOf\":{\"@id\":\"https:\/\/lunayatravel.com\/#website\"},\"primaryImageOfPage\":{\"@id\":\"https:\/\/lunayatravel.com\/produit\/%f0%9f%8c%bf-excursion-a-hong-island-krabi-longtail-2\/#primaryimage\"},\"image\":{\"@id\":\"https:\/\/lunayatravel.com\/produit\/%f0%9f%8c%bf-excursion-a-hong-island-krabi-longtail-2\/#primaryimage\"},\"thumbnailUrl\":\"https:\/\/lunayatravel.com\/wp-content\/uploads\/2025\/07\/Hong-island-tours-page-main-image.jpg\",\"datePublished\":\"2026-02-23T02:16:40+00:00\",\"dateModified\":\"2026-02-23T02:27:08+00:00\",\"breadcrumb\":{\"@id\":\"https:\/\/lunayatravel.com\/produit\/%f0%9f%8c%bf-excursion-a-hong-island-krabi-longtail-2\/#breadcrumb\"},\"inLanguage\":\"en-GB\",\"potentialAction\":[{\"@type\":\"ReadAction\",\"target\":[\"https:\/\/lunayatravel.com\/produit\/%f0%9f%8c%bf-excursion-a-hong-island-krabi-longtail-2\/\"]}]},{\"@type\":\"ImageObject\",\"inLanguage\":\"en-GB\",\"@id\":\"https:\/\/lunayatravel.com\/produit\/%f0%9f%8c%bf-excursion-a-hong-island-krabi-longtail-2\/#primaryimage\",\"url\":\"https:\/\/lunayatravel.com\/wp-content\/uploads\/2025\/07\/Hong-island-tours-page-main-image.jpg\",\"contentUrl\":\"https:\/\/lunayatravel.com\/wp-content\/uploads\/2025\/07\/Hong-island-tours-page-main-image.jpg\",\"width\":1280,\"height\":847},{\"@type\":\"BreadcrumbList\",\"@id\":\"https:\/\/lunayatravel.com\/produit\/%f0%9f%8c%bf-excursion-a-hong-island-krabi-longtail-2\/#breadcrumb\",\"itemListElement\":[{\"@type\":\"ListItem\",\"position\":1,\"name\":\"Accueil\",\"item\":\"https:\/\/lunayatravel.com\/\"},{\"@type\":\"ListItem\",\"position\":2,\"name\":\"Nos activit\u00e9s\",\"item\":\"https:\/\/lunayatravel.com\/nos-activites\/\"},{\"@type\":\"ListItem\",\"position\":3,\"name\":\"\ud83c\udf3f Excursion \u00e0 Hong Island \u2013 Krabi longtail\"}]},{\"@type\":\"WebSite\",\"@id\":\"https:\/\/lunayatravel.com\/#website\",\"url\":\"https:\/\/lunayatravel.com\/\",\"name\":\"\",\"description\":\"\",\"publisher\":{\"@id\":\"https:\/\/lunayatravel.com\/#organization\"},\"potentialAction\":[{\"@type\":\"SearchAction\",\"target\":{\"@type\":\"EntryPoint\",\"urlTemplate\":\"https:\/\/lunayatravel.com\/?s={search_term_string}\"},\"query-input\":{\"@type\":\"PropertyValueSpecification\",\"valueRequired\":true,\"valueName\":\"search_term_string\"}}],\"inLanguage\":\"en-GB\"},{\"@type\":\"Organization\",\"@id\":\"https:\/\/lunayatravel.com\/#organization\",\"name\":\"Lunaya travel\",\"alternateName\":\"Lunaya travel\",\"url\":\"https:\/\/lunayatravel.com\/\",\"logo\":{\"@type\":\"ImageObject\",\"inLanguage\":\"en-GB\",\"@id\":\"https:\/\/lunayatravel.com\/#\/schema\/logo\/image\/\",\"url\":\"https:\/\/lunayatravel.com\/wp-content\/uploads\/2026\/03\/cropped-647319118_2379115739204013_337015058165053143_n.jpg\",\"contentUrl\":\"https:\/\/lunayatravel.com\/wp-content\/uploads\/2026\/03\/cropped-647319118_2379115739204013_337015058165053143_n.jpg\",\"width\":1022,\"height\":1023,\"caption\":\"Lunaya travel\"},\"image\":{\"@id\":\"https:\/\/lunayatravel.com\/#\/schema\/logo\/image\/\"},\"sameAs\":[\"https:\/\/www.facebook.com\/lunayaTravel\/\"]}]}<\/script>\n<!-- \/ Yoast SEO plugin. -->","yoast_head_json":{"title":"\ud83c\udf3f Excursion \u00e0 Hong Island \u2013 Krabi longtail -","robots":{"index":"index","follow":"follow","max-snippet":"max-snippet:-1","max-image-preview":"max-image-preview:large","max-video-preview":"max-video-preview:-1"},"canonical":"https:\/\/lunayatravel.com\/en\/product\/\ud83c\udf3f-excursion-a-hong-island-krabi-longtail-2\/","og_locale":"en_GB","og_type":"article","og_title":"\ud83c\udf3f Excursion \u00e0 Hong Island \u2013 Krabi longtail -","og_description":"Partez \u00e0 la d\u00e9couverte de l\u2019un des joyaux les plus pr\u00e9serv\u00e9s de la mer d\u2019Andaman : le magnifique archipel de Hong Island.  Lagons turquoise, plages de sable blanc, falaises calcaires et eaux calmes id\u00e9ales pour le snorkeling. La baignade dans le lagon int\u00e9rieur cach\u00e9 est une exp\u00e9rience magique et apaisante.","og_url":"https:\/\/lunayatravel.com\/en\/product\/\ud83c\udf3f-excursion-a-hong-island-krabi-longtail-2\/","article_publisher":"https:\/\/www.facebook.com\/lunayaTravel\/","article_modified_time":"2026-02-23T02:27:08+00:00","og_image":[{"width":1280,"height":847,"url":"https:\/\/lunayatravel.com\/wp-content\/uploads\/2025\/07\/Hong-island-tours-page-main-image.jpg","type":"image\/jpeg"}],"twitter_card":"summary_large_image","schema":{"@context":"https:\/\/schema.org","@graph":[{"@type":"WebPage","@id":"https:\/\/lunayatravel.com\/produit\/%f0%9f%8c%bf-excursion-a-hong-island-krabi-longtail-2\/","url":"https:\/\/lunayatravel.com\/produit\/%f0%9f%8c%bf-excursion-a-hong-island-krabi-longtail-2\/","name":"\ud83c\udf3f Excursion \u00e0 Hong Island \u2013 Krabi longtail -","isPartOf":{"@id":"https:\/\/lunayatravel.com\/#website"},"primaryImageOfPage":{"@id":"https:\/\/lunayatravel.com\/produit\/%f0%9f%8c%bf-excursion-a-hong-island-krabi-longtail-2\/#primaryimage"},"image":{"@id":"https:\/\/lunayatravel.com\/produit\/%f0%9f%8c%bf-excursion-a-hong-island-krabi-longtail-2\/#primaryimage"},"thumbnailUrl":"https:\/\/lunayatravel.com\/wp-content\/uploads\/2025\/07\/Hong-island-tours-page-main-image.jpg","datePublished":"2026-02-23T02:16:40+00:00","dateModified":"2026-02-23T02:27:08+00:00","breadcrumb":{"@id":"https:\/\/lunayatravel.com\/produit\/%f0%9f%8c%bf-excursion-a-hong-island-krabi-longtail-2\/#breadcrumb"},"inLanguage":"en-GB","potentialAction":[{"@type":"ReadAction","target":["https:\/\/lunayatravel.com\/produit\/%f0%9f%8c%bf-excursion-a-hong-island-krabi-longtail-2\/"]}]},{"@type":"ImageObject","inLanguage":"en-GB","@id":"https:\/\/lunayatravel.com\/produit\/%f0%9f%8c%bf-excursion-a-hong-island-krabi-longtail-2\/#primaryimage","url":"https:\/\/lunayatravel.com\/wp-content\/uploads\/2025\/07\/Hong-island-tours-page-main-image.jpg","contentUrl":"https:\/\/lunayatravel.com\/wp-content\/uploads\/2025\/07\/Hong-island-tours-page-main-image.jpg","width":1280,"height":847},{"@type":"BreadcrumbList","@id":"https:\/\/lunayatravel.com\/produit\/%f0%9f%8c%bf-excursion-a-hong-island-krabi-longtail-2\/#breadcrumb","itemListElement":[{"@type":"ListItem","position":1,"name":"Accueil","item":"https:\/\/lunayatravel.com\/"},{"@type":"ListItem","position":2,"name":"Nos activit\u00e9s","item":"https:\/\/lunayatravel.com\/nos-activites\/"},{"@type":"ListItem","position":3,"name":"\ud83c\udf3f Excursion \u00e0 Hong Island \u2013 Krabi longtail"}]},{"@type":"WebSite","@id":"https:\/\/lunayatravel.com\/#website","url":"https:\/\/lunayatravel.com\/","name":"","description":"","publisher":{"@id":"https:\/\/lunayatravel.com\/#organization"},"potentialAction":[{"@type":"SearchAction","target":{"@type":"EntryPoint","urlTemplate":"https:\/\/lunayatravel.com\/?s={search_term_string}"},"query-input":{"@type":"PropertyValueSpecification","valueRequired":true,"valueName":"search_term_string"}}],"inLanguage":"en-GB"},{"@type":"Organization","@id":"https:\/\/lunayatravel.com\/#organization","name":"Lunaya travel","alternateName":"Lunaya travel","url":"https:\/\/lunayatravel.com\/","logo":{"@type":"ImageObject","inLanguage":"en-GB","@id":"https:\/\/lunayatravel.com\/#\/schema\/logo\/image\/","url":"https:\/\/lunayatravel.com\/wp-content\/uploads\/2026\/03\/cropped-647319118_2379115739204013_337015058165053143_n.jpg","contentUrl":"https:\/\/lunayatravel.com\/wp-content\/uploads\/2026\/03\/cropped-647319118_2379115739204013_337015058165053143_n.jpg","width":1022,"height":1023,"caption":"Lunaya travel"},"image":{"@id":"https:\/\/lunayatravel.com\/#\/schema\/logo\/image\/"},"sameAs":["https:\/\/www.facebook.com\/lunayaTravel\/"]}]}},"uagb_featured_image_src":{"full":["https:\/\/lunayatravel.com\/wp-content\/uploads\/2025\/07\/Hong-island-tours-page-main-image.jpg",1280,847,false],"thumbnail":["https:\/\/lunayatravel.com\/wp-content\/uploads\/2025\/07\/Hong-island-tours-page-main-image-150x150.jpg",150,150,true],"medium":["https:\/\/lunayatravel.com\/wp-content\/uploads\/2025\/07\/Hong-island-tours-page-main-image-300x199.jpg",300,199,true],"medium_large":["https:\/\/lunayatravel.com\/wp-content\/uploads\/2025\/07\/Hong-island-tours-page-main-image-768x508.jpg",768,508,true],"large":["https:\/\/lunayatravel.com\/wp-content\/uploads\/2025\/07\/Hong-island-tours-page-main-image-1024x678.jpg",1024,678,true],"1536x1536":["https:\/\/lunayatravel.com\/wp-content\/uploads\/2025\/07\/Hong-island-tours-page-main-image.jpg",1280,847,false],"2048x2048":["https:\/\/lunayatravel.com\/wp-content\/uploads\/2025\/07\/Hong-island-tours-page-main-image.jpg",1280,847,false],"trp-custom-language-flag":["https:\/\/lunayatravel.com\/wp-content\/uploads\/2025\/07\/Hong-island-tours-page-main-image.jpg",18,12,false],"widget-thumbnail":["https:\/\/lunayatravel.com\/wp-content\/uploads\/2025\/07\/Hong-island-tours-page-main-image-75x75.jpg",75,75,true],"mailpoet_newsletter_max":["https:\/\/lunayatravel.com\/wp-content\/uploads\/2025\/07\/Hong-island-tours-page-main-image.jpg",1280,847,false],"woocommerce_thumbnail":["https:\/\/lunayatravel.com\/wp-content\/uploads\/2025\/07\/Hong-island-tours-page-main-image-300x300.jpg",300,300,true],"woocommerce_single":["https:\/\/lunayatravel.com\/wp-content\/uploads\/2025\/07\/Hong-island-tours-page-main-image-600x397.jpg",600,397,true],"woocommerce_gallery_thumbnail":["https:\/\/lunayatravel.com\/wp-content\/uploads\/2025\/07\/Hong-island-tours-page-main-image-100x100.jpg",100,100,true],"sow-carousel-default":["https:\/\/lunayatravel.com\/wp-content\/uploads\/2025\/07\/Hong-island-tours-page-main-image-272x182.jpg",272,182,true]},"uagb_author_info":{"display_name":"haemers stephanie","author_link":"https:\/\/lunayatravel.com\/en\/author\/"},"uagb_comment_info":0,"uagb_excerpt":"Partez \u00e0 la d\u00e9couverte de l\u2019un des joyaux les plus pr\u00e9serv\u00e9s de la mer d\u2019Andaman : le magnifique archipel de Hong Island. Lagons turquoise, plages de sable blanc, falaises calcaires et eaux calmes id\u00e9ales pour le snorkeling. La baignade dans le lagon int\u00e9rieur cach\u00e9 est une exp\u00e9rience magique et apaisante.","jetpack_sharing_enabled":true,"_links":{"self":[{"href":"https:\/\/lunayatravel.com\/en\/wp-json\/wp\/v2\/product\/30827","targetHints":{"allow":["GET"]}}],"collection":[{"href":"https:\/\/lunayatravel.com\/en\/wp-json\/wp\/v2\/product"}],"about":[{"href":"https:\/\/lunayatravel.com\/en\/wp-json\/wp\/v2\/types\/product"}],"replies":[{"embeddable":true,"href":"https:\/\/lunayatravel.com\/en\/wp-json\/wp\/v2\/comments?post=30827"}],"wp:featuredmedia":[{"embeddable":true,"href":"https:\/\/lunayatravel.com\/en\/wp-json\/wp\/v2\/media\/29831"}],"wp:attachment":[{"href":"https:\/\/lunayatravel.com\/en\/wp-json\/wp\/v2\/media?parent=30827"}],"wp:term":[{"taxonomy":"product_brand","embeddable":true,"href":"https:\/\/lunayatravel.com\/en\/wp-json\/wp\/v2\/product_brand?post=30827"},{"taxonomy":"product_cat","embeddable":true,"href":"https:\/\/lunayatravel.com\/en\/wp-json\/wp\/v2\/product_cat?post=30827"},{"taxonomy":"product_tag","embeddable":true,"href":"https:\/\/lunayatravel.com\/en\/wp-json\/wp\/v2\/product_tag?post=30827"}],"curies":[{"name":"wp","href":"https:\/\/api.w.org\/{rel}","templated":true}]}}