{"id":30761,"date":"2026-01-30T04:10:22","date_gmt":"2026-01-30T03:10:22","guid":{"rendered":"https:\/\/lunayatravel.com\/?post_type=product&#038;p=30761"},"modified":"2026-01-30T04:10:23","modified_gmt":"2026-01-30T03:10:23","slug":"%f0%9f%9b%a5%ef%b8%8f-4-islands-tour-excursion-privee-en-bateau","status":"publish","type":"product","link":"https:\/\/lunayatravel.com\/en\/product\/%f0%9f%9b%a5%ef%b8%8f-4-islands-tour-excursion-privee-en-bateau\/","title":{"rendered":"\ud83d\udee5\ufe0f 4 Islands Tour - Private boat excursion"},"content":{"rendered":"<h2 data-start=\"711\" data-end=\"737\">\ud83c\udfdd\ufe0f The 4 islands visited<\/h2>\n<ul data-start=\"738\" data-end=\"820\">\n<li data-start=\"738\" data-end=\"764\">\n<p data-start=\"740\" data-end=\"764\"><strong data-start=\"740\" data-end=\"764\">Phra Nang Cave Beach<\/strong><\/p>\n<\/li>\n<li data-start=\"765\" data-end=\"785\">\n<p data-start=\"767\" data-end=\"785\"><strong data-start=\"767\" data-end=\"785\">Chicken Island<\/strong><\/p>\n<\/li>\n<li data-start=\"786\" data-end=\"802\">\n<p data-start=\"788\" data-end=\"802\"><strong data-start=\"788\" data-end=\"802\">Tup Island<\/strong><\/p>\n<\/li>\n<li data-start=\"803\" data-end=\"820\">\n<p data-start=\"805\" data-end=\"820\"><strong data-start=\"805\" data-end=\"820\">Poda Island<\/strong><\/p>\n<\/li>\n<\/ul>\n<p data-start=\"822\" data-end=\"942\"><em data-start=\"822\" data-end=\"942\">(The exact itinerary may vary according to weather and sea conditions to ensure the best possible experience).<\/em><\/p>\n<hr data-start=\"944\" data-end=\"947\" \/>\n<h2 data-start=\"949\" data-end=\"960\">\u2705 Included<\/h2>\n<ul data-start=\"961\" data-end=\"1097\">\n<li data-start=\"961\" data-end=\"990\">\n<p data-start=\"963\" data-end=\"990\">Private boat with captain<\/p>\n<\/li>\n<li data-start=\"991\" data-end=\"1002\">\n<p data-start=\"993\" data-end=\"1002\">Fuel<\/p>\n<\/li>\n<li data-start=\"1003\" data-end=\"1016\">\n<p data-start=\"1005\" data-end=\"1016\">Drinking water<\/p>\n<\/li>\n<li data-start=\"1017\" data-end=\"1043\">\n<p data-start=\"1019\" data-end=\"1043\">Snorkelling equipment<\/p>\n<\/li>\n<li data-start=\"1044\" data-end=\"1065\">\n<p data-start=\"1046\" data-end=\"1065\">Life jackets<\/p>\n<\/li>\n<li data-start=\"1066\" data-end=\"1077\">\n<p data-start=\"1068\" data-end=\"1077\">Insurance<\/p>\n<\/li>\n<li data-start=\"1078\" data-end=\"1097\">\n<p data-start=\"1080\" data-end=\"1097\">Local assistance<\/p>\n<\/li>\n<\/ul>\n<hr data-start=\"1099\" data-end=\"1102\" \/>\n<h2 data-start=\"1104\" data-end=\"1119\">\u274c Not included<\/h2>\n<ul data-start=\"1120\" data-end=\"1228\">\n<li data-start=\"1120\" data-end=\"1130\">\n<p data-start=\"1122\" data-end=\"1130\">Lunch<\/p>\n<\/li>\n<li data-start=\"1131\" data-end=\"1153\">\n<p data-start=\"1133\" data-end=\"1153\">Alcoholic drinks<\/p>\n<\/li>\n<li data-start=\"1154\" data-end=\"1204\">\n<p data-start=\"1156\" data-end=\"1204\">National park entrance fees (if applicable)<\/p>\n<\/li>\n<li data-start=\"1205\" data-end=\"1228\">\n<p data-start=\"1207\" data-end=\"1228\">Personal expenses<\/p>\n<\/li>\n<\/ul>\n<hr data-start=\"1230\" data-end=\"1233\" \/>\n<h2 data-start=\"1235\" data-end=\"1262\">\u23f0 Practical information<\/h2>\n<ul data-start=\"1263\" data-end=\"1395\">\n<li data-start=\"1263\" data-end=\"1293\">\n<p data-start=\"1265\" data-end=\"1293\">Duration: <strong data-start=\"1273\" data-end=\"1293\">about 6 hours<\/strong><\/p>\n<\/li>\n<li data-start=\"1294\" data-end=\"1324\">\n<p data-start=\"1296\" data-end=\"1324\">Departure : <strong data-start=\"1305\" data-end=\"1324\">Krabi \/ Ao Nang<\/strong><\/p>\n<\/li>\n<li data-start=\"1325\" data-end=\"1354\">\n<p data-start=\"1327\" data-end=\"1354\">Type : <strong data-start=\"1334\" data-end=\"1354\">private excursion<\/strong><\/p>\n<\/li>\n<li data-start=\"1355\" data-end=\"1395\">\n<p data-start=\"1357\" data-end=\"1395\">Capacity: depending on the boat (to be defined)<\/p>\n<\/li>\n<\/ul>\n<hr data-start=\"1397\" data-end=\"1400\" \/>\n<h2 data-start=\"1402\" data-end=\"1423\">\ud83d\ude90 Support<\/h2>\n<ul data-start=\"1424\" data-end=\"1556\">\n<li data-start=\"1424\" data-end=\"1510\">\n<p data-start=\"1426\" data-end=\"1510\">Possible pick-up from your hotel in Krabi \/ Ao Nang (depending on option chosen)<\/p>\n<\/li>\n<li data-start=\"1511\" data-end=\"1556\">\n<p data-start=\"1513\" data-end=\"1556\">Departure time confirmed after booking<\/p>\n<\/li>\n<\/ul>\n<hr data-start=\"1558\" data-end=\"1561\" \/>\n<h2 data-start=\"1563\" data-end=\"1577\">\u2139\ufe0f Useful information<\/h2>\n<ul data-start=\"1578\" data-end=\"1815\">\n<li data-start=\"1578\" data-end=\"1667\">\n<p data-start=\"1580\" data-end=\"1667\">This excursion is <strong data-start=\"1600\" data-end=\"1610\">private<\/strong> you are not sharing the boat with other travellers<\/p>\n<\/li>\n<li data-start=\"1668\" data-end=\"1706\">\n<p data-start=\"1670\" data-end=\"1706\">The programme can be adapted to suit your needs<\/p>\n<\/li>\n<li data-start=\"1707\" data-end=\"1746\">\n<p data-start=\"1709\" data-end=\"1746\">Activity subject to weather conditions<\/p>\n<\/li>\n<li data-start=\"1747\" data-end=\"1815\">\n<p data-start=\"1749\" data-end=\"1815\">Recommended: sun cream, towel, hat, sunglasses<\/p>\n<\/li>\n<li data-start=\"1747\" data-end=\"1815\">GROUPS OF 1 to 5 PEOPLE<\/li>\n<\/ul>","protected":false},"excerpt":{"rendered":"<h2 data-start=\"315\" data-end=\"332\">\ud83c\udf34 Description<\/h2>\n<p data-start=\"333\" data-end=\"582\">Treat yourself to a <strong data-start=\"349\" data-end=\"377\">exclusive private day<\/strong> to discover the famous <strong data-start=\"407\" data-end=\"420\">4 Islands<\/strong> of Krabi.<br data-start=\"430\" data-end=\"433\" \/>Aboard a private boat, explore paradise islands, white sandy beaches and turquoise waters at your own pace, far from group excursions.<\/p>\n<p data-start=\"584\" data-end=\"704\">Ideal for couples, families or small groups looking for an unforgettable experience. <strong data-start=\"661\" data-end=\"703\">personalised, flexible and comfortable<\/strong>.<\/p>","protected":false},"featured_media":29824,"comment_status":"open","ping_status":"closed","template":"","meta":{"_uag_custom_page_level_css":""},"product_brand":[],"product_cat":[30],"product_tag":[],"class_list":{"0":"post-30761","1":"product","2":"type-product","3":"status-publish","4":"has-post-thumbnail","6":"product_cat-krabi","8":"first","9":"instock","10":"virtual","11":"taxable","12":"purchasable","13":"product-type-simple"},"yoast_head":"<!-- This site is optimized with the Yoast SEO plugin v27.1.1 - https:\/\/yoast.com\/product\/yoast-seo-wordpress\/ -->\n<title>\ud83d\udee5\ufe0f 4 Islands Tour \u2013 Excursion priv\u00e9e en bateau -<\/title>\n<meta name=\"robots\" content=\"index, follow, max-snippet:-1, max-image-preview:large, max-video-preview:-1\" \/>\n<link rel=\"canonical\" href=\"https:\/\/lunayatravel.com\/en\/product\/\ud83d\udee5\ufe0f-4-islands-tour-excursion-privee-en-bateau\/\" \/>\n<meta property=\"og:locale\" content=\"en_GB\" \/>\n<meta property=\"og:type\" content=\"article\" \/>\n<meta property=\"og:title\" content=\"\ud83d\udee5\ufe0f 4 Islands Tour \u2013 Excursion priv\u00e9e en bateau -\" \/>\n<meta property=\"og:description\" content=\"\ud83c\udf34 Description Offrez-vous une journ\u00e9e priv\u00e9e exclusive \u00e0 la d\u00e9couverte des c\u00e9l\u00e8bres 4 Islands de Krabi.\u00c0 bord d\u2019un bateau privatis\u00e9, explorez \u00e0 votre rythme des \u00eeles paradisiaques, plages de sable blanc et eaux turquoise, loin des excursions de groupe. Id\u00e9al pour les couples, familles ou petits groupes souhaitant une exp\u00e9rience personnalis\u00e9e, flexible et confortable.\" \/>\n<meta property=\"og:url\" content=\"https:\/\/lunayatravel.com\/en\/product\/\ud83d\udee5\ufe0f-4-islands-tour-excursion-privee-en-bateau\/\" \/>\n<meta property=\"article:publisher\" content=\"https:\/\/www.facebook.com\/lunayaTravel\/\" \/>\n<meta property=\"article:modified_time\" content=\"2026-01-30T03:10:23+00:00\" \/>\n<meta property=\"og:image\" content=\"https:\/\/lunayatravel.com\/wp-content\/uploads\/2025\/07\/telecharger-3.webp\" \/>\n\t<meta property=\"og:image:width\" content=\"347\" \/>\n\t<meta property=\"og:image:height\" content=\"234\" \/>\n\t<meta property=\"og:image:type\" content=\"image\/webp\" \/>\n<meta name=\"twitter:card\" content=\"summary_large_image\" \/>\n<meta name=\"twitter:label1\" content=\"Estimated reading time\" \/>\n\t<meta name=\"twitter:data1\" content=\"1 minute\" \/>\n<script type=\"application\/ld+json\" class=\"yoast-schema-graph\">{\"@context\":\"https:\/\/schema.org\",\"@graph\":[{\"@type\":\"WebPage\",\"@id\":\"https:\/\/lunayatravel.com\/en\/product\/%f0%9f%9b%a5%ef%b8%8f-4-islands-tour-excursion-privee-en-bateau\/\",\"url\":\"https:\/\/lunayatravel.com\/en\/product\/%f0%9f%9b%a5%ef%b8%8f-4-islands-tour-excursion-privee-en-bateau\/\",\"name\":\"\ud83d\udee5\ufe0f 4 Islands Tour \u2013 Excursion priv\u00e9e en bateau -\",\"isPartOf\":{\"@id\":\"https:\/\/lunayatravel.com\/#website\"},\"primaryImageOfPage\":{\"@id\":\"https:\/\/lunayatravel.com\/en\/product\/%f0%9f%9b%a5%ef%b8%8f-4-islands-tour-excursion-privee-en-bateau\/#primaryimage\"},\"image\":{\"@id\":\"https:\/\/lunayatravel.com\/en\/product\/%f0%9f%9b%a5%ef%b8%8f-4-islands-tour-excursion-privee-en-bateau\/#primaryimage\"},\"thumbnailUrl\":\"https:\/\/lunayatravel.com\/wp-content\/uploads\/2025\/07\/telecharger-3.webp\",\"datePublished\":\"2026-01-30T03:10:22+00:00\",\"dateModified\":\"2026-01-30T03:10:23+00:00\",\"breadcrumb\":{\"@id\":\"https:\/\/lunayatravel.com\/en\/product\/%f0%9f%9b%a5%ef%b8%8f-4-islands-tour-excursion-privee-en-bateau\/#breadcrumb\"},\"inLanguage\":\"en-GB\",\"potentialAction\":[{\"@type\":\"ReadAction\",\"target\":[\"https:\/\/lunayatravel.com\/en\/product\/%f0%9f%9b%a5%ef%b8%8f-4-islands-tour-excursion-privee-en-bateau\/\"]}]},{\"@type\":\"ImageObject\",\"inLanguage\":\"en-GB\",\"@id\":\"https:\/\/lunayatravel.com\/en\/product\/%f0%9f%9b%a5%ef%b8%8f-4-islands-tour-excursion-privee-en-bateau\/#primaryimage\",\"url\":\"https:\/\/lunayatravel.com\/wp-content\/uploads\/2025\/07\/telecharger-3.webp\",\"contentUrl\":\"https:\/\/lunayatravel.com\/wp-content\/uploads\/2025\/07\/telecharger-3.webp\",\"width\":347,\"height\":234,\"caption\":\"4 islands\"},{\"@type\":\"BreadcrumbList\",\"@id\":\"https:\/\/lunayatravel.com\/en\/product\/%f0%9f%9b%a5%ef%b8%8f-4-islands-tour-excursion-privee-en-bateau\/#breadcrumb\",\"itemListElement\":[{\"@type\":\"ListItem\",\"position\":1,\"name\":\"Accueil\",\"item\":\"https:\/\/lunayatravel.com\/\"},{\"@type\":\"ListItem\",\"position\":2,\"name\":\"Nos activit\u00e9s\",\"item\":\"https:\/\/lunayatravel.com\/nos-activites\/\"},{\"@type\":\"ListItem\",\"position\":3,\"name\":\"\ud83d\udee5\ufe0f 4 Islands Tour \u2013 Excursion priv\u00e9e en bateau\"}]},{\"@type\":\"WebSite\",\"@id\":\"https:\/\/lunayatravel.com\/#website\",\"url\":\"https:\/\/lunayatravel.com\/\",\"name\":\"\",\"description\":\"\",\"publisher\":{\"@id\":\"https:\/\/lunayatravel.com\/#organization\"},\"potentialAction\":[{\"@type\":\"SearchAction\",\"target\":{\"@type\":\"EntryPoint\",\"urlTemplate\":\"https:\/\/lunayatravel.com\/?s={search_term_string}\"},\"query-input\":{\"@type\":\"PropertyValueSpecification\",\"valueRequired\":true,\"valueName\":\"search_term_string\"}}],\"inLanguage\":\"en-GB\"},{\"@type\":\"Organization\",\"@id\":\"https:\/\/lunayatravel.com\/#organization\",\"name\":\"Lunaya travel\",\"alternateName\":\"Lunaya travel\",\"url\":\"https:\/\/lunayatravel.com\/\",\"logo\":{\"@type\":\"ImageObject\",\"inLanguage\":\"en-GB\",\"@id\":\"https:\/\/lunayatravel.com\/#\/schema\/logo\/image\/\",\"url\":\"https:\/\/lunayatravel.com\/wp-content\/uploads\/2026\/03\/cropped-647319118_2379115739204013_337015058165053143_n.jpg\",\"contentUrl\":\"https:\/\/lunayatravel.com\/wp-content\/uploads\/2026\/03\/cropped-647319118_2379115739204013_337015058165053143_n.jpg\",\"width\":1022,\"height\":1023,\"caption\":\"Lunaya travel\"},\"image\":{\"@id\":\"https:\/\/lunayatravel.com\/#\/schema\/logo\/image\/\"},\"sameAs\":[\"https:\/\/www.facebook.com\/lunayaTravel\/\"]}]}<\/script>\n<!-- \/ Yoast SEO plugin. -->","yoast_head_json":{"title":"\ud83d\udee5\ufe0f 4 Islands Tour \u2013 Excursion priv\u00e9e en bateau -","robots":{"index":"index","follow":"follow","max-snippet":"max-snippet:-1","max-image-preview":"max-image-preview:large","max-video-preview":"max-video-preview:-1"},"canonical":"https:\/\/lunayatravel.com\/en\/product\/\ud83d\udee5\ufe0f-4-islands-tour-excursion-privee-en-bateau\/","og_locale":"en_GB","og_type":"article","og_title":"\ud83d\udee5\ufe0f 4 Islands Tour \u2013 Excursion priv\u00e9e en bateau -","og_description":"\ud83c\udf34 Description Offrez-vous une journ\u00e9e priv\u00e9e exclusive \u00e0 la d\u00e9couverte des c\u00e9l\u00e8bres 4 Islands de Krabi.\u00c0 bord d\u2019un bateau privatis\u00e9, explorez \u00e0 votre rythme des \u00eeles paradisiaques, plages de sable blanc et eaux turquoise, loin des excursions de groupe. Id\u00e9al pour les couples, familles ou petits groupes souhaitant une exp\u00e9rience personnalis\u00e9e, flexible et confortable.","og_url":"https:\/\/lunayatravel.com\/en\/product\/\ud83d\udee5\ufe0f-4-islands-tour-excursion-privee-en-bateau\/","article_publisher":"https:\/\/www.facebook.com\/lunayaTravel\/","article_modified_time":"2026-01-30T03:10:23+00:00","og_image":[{"width":347,"height":234,"url":"https:\/\/lunayatravel.com\/wp-content\/uploads\/2025\/07\/telecharger-3.webp","type":"image\/webp"}],"twitter_card":"summary_large_image","twitter_misc":{"Estimated reading time":"1 minute"},"schema":{"@context":"https:\/\/schema.org","@graph":[{"@type":"WebPage","@id":"https:\/\/lunayatravel.com\/en\/product\/%f0%9f%9b%a5%ef%b8%8f-4-islands-tour-excursion-privee-en-bateau\/","url":"https:\/\/lunayatravel.com\/en\/product\/%f0%9f%9b%a5%ef%b8%8f-4-islands-tour-excursion-privee-en-bateau\/","name":"\ud83d\udee5\ufe0f 4 Islands Tour \u2013 Excursion priv\u00e9e en bateau -","isPartOf":{"@id":"https:\/\/lunayatravel.com\/#website"},"primaryImageOfPage":{"@id":"https:\/\/lunayatravel.com\/en\/product\/%f0%9f%9b%a5%ef%b8%8f-4-islands-tour-excursion-privee-en-bateau\/#primaryimage"},"image":{"@id":"https:\/\/lunayatravel.com\/en\/product\/%f0%9f%9b%a5%ef%b8%8f-4-islands-tour-excursion-privee-en-bateau\/#primaryimage"},"thumbnailUrl":"https:\/\/lunayatravel.com\/wp-content\/uploads\/2025\/07\/telecharger-3.webp","datePublished":"2026-01-30T03:10:22+00:00","dateModified":"2026-01-30T03:10:23+00:00","breadcrumb":{"@id":"https:\/\/lunayatravel.com\/en\/product\/%f0%9f%9b%a5%ef%b8%8f-4-islands-tour-excursion-privee-en-bateau\/#breadcrumb"},"inLanguage":"en-GB","potentialAction":[{"@type":"ReadAction","target":["https:\/\/lunayatravel.com\/en\/product\/%f0%9f%9b%a5%ef%b8%8f-4-islands-tour-excursion-privee-en-bateau\/"]}]},{"@type":"ImageObject","inLanguage":"en-GB","@id":"https:\/\/lunayatravel.com\/en\/product\/%f0%9f%9b%a5%ef%b8%8f-4-islands-tour-excursion-privee-en-bateau\/#primaryimage","url":"https:\/\/lunayatravel.com\/wp-content\/uploads\/2025\/07\/telecharger-3.webp","contentUrl":"https:\/\/lunayatravel.com\/wp-content\/uploads\/2025\/07\/telecharger-3.webp","width":347,"height":234,"caption":"4 islands"},{"@type":"BreadcrumbList","@id":"https:\/\/lunayatravel.com\/en\/product\/%f0%9f%9b%a5%ef%b8%8f-4-islands-tour-excursion-privee-en-bateau\/#breadcrumb","itemListElement":[{"@type":"ListItem","position":1,"name":"Accueil","item":"https:\/\/lunayatravel.com\/"},{"@type":"ListItem","position":2,"name":"Nos activit\u00e9s","item":"https:\/\/lunayatravel.com\/nos-activites\/"},{"@type":"ListItem","position":3,"name":"\ud83d\udee5\ufe0f 4 Islands Tour \u2013 Excursion priv\u00e9e en bateau"}]},{"@type":"WebSite","@id":"https:\/\/lunayatravel.com\/#website","url":"https:\/\/lunayatravel.com\/","name":"","description":"","publisher":{"@id":"https:\/\/lunayatravel.com\/#organization"},"potentialAction":[{"@type":"SearchAction","target":{"@type":"EntryPoint","urlTemplate":"https:\/\/lunayatravel.com\/?s={search_term_string}"},"query-input":{"@type":"PropertyValueSpecification","valueRequired":true,"valueName":"search_term_string"}}],"inLanguage":"en-GB"},{"@type":"Organization","@id":"https:\/\/lunayatravel.com\/#organization","name":"Lunaya travel","alternateName":"Lunaya travel","url":"https:\/\/lunayatravel.com\/","logo":{"@type":"ImageObject","inLanguage":"en-GB","@id":"https:\/\/lunayatravel.com\/#\/schema\/logo\/image\/","url":"https:\/\/lunayatravel.com\/wp-content\/uploads\/2026\/03\/cropped-647319118_2379115739204013_337015058165053143_n.jpg","contentUrl":"https:\/\/lunayatravel.com\/wp-content\/uploads\/2026\/03\/cropped-647319118_2379115739204013_337015058165053143_n.jpg","width":1022,"height":1023,"caption":"Lunaya travel"},"image":{"@id":"https:\/\/lunayatravel.com\/#\/schema\/logo\/image\/"},"sameAs":["https:\/\/www.facebook.com\/lunayaTravel\/"]}]}},"uagb_featured_image_src":{"full":["https:\/\/lunayatravel.com\/wp-content\/uploads\/2025\/07\/telecharger-3.webp",347,234,false],"thumbnail":["https:\/\/lunayatravel.com\/wp-content\/uploads\/2025\/07\/telecharger-3-150x150.webp",150,150,true],"medium":["https:\/\/lunayatravel.com\/wp-content\/uploads\/2025\/07\/telecharger-3-300x202.webp",300,202,true],"medium_large":["https:\/\/lunayatravel.com\/wp-content\/uploads\/2025\/07\/telecharger-3.webp",347,234,false],"large":["https:\/\/lunayatravel.com\/wp-content\/uploads\/2025\/07\/telecharger-3.webp",347,234,false],"1536x1536":["https:\/\/lunayatravel.com\/wp-content\/uploads\/2025\/07\/telecharger-3.webp",347,234,false],"2048x2048":["https:\/\/lunayatravel.com\/wp-content\/uploads\/2025\/07\/telecharger-3.webp",347,234,false],"trp-custom-language-flag":["https:\/\/lunayatravel.com\/wp-content\/uploads\/2025\/07\/telecharger-3.webp",18,12,false],"widget-thumbnail":["https:\/\/lunayatravel.com\/wp-content\/uploads\/2025\/07\/telecharger-3-75x75.webp",75,75,true],"mailpoet_newsletter_max":["https:\/\/lunayatravel.com\/wp-content\/uploads\/2025\/07\/telecharger-3.webp",347,234,false],"woocommerce_thumbnail":["https:\/\/lunayatravel.com\/wp-content\/uploads\/2025\/07\/telecharger-3-300x234.webp",300,234,true],"woocommerce_single":["https:\/\/lunayatravel.com\/wp-content\/uploads\/2025\/07\/telecharger-3.webp",347,234,false],"woocommerce_gallery_thumbnail":["https:\/\/lunayatravel.com\/wp-content\/uploads\/2025\/07\/telecharger-3-100x100.webp",100,100,true],"sow-carousel-default":["https:\/\/lunayatravel.com\/wp-content\/uploads\/2025\/07\/telecharger-3-272x182.webp",272,182,true]},"uagb_author_info":{"display_name":"haemers stephanie","author_link":"https:\/\/lunayatravel.com\/en\/author\/"},"uagb_comment_info":0,"uagb_excerpt":"\ud83c\udf34 Description Offrez-vous une journ\u00e9e priv\u00e9e exclusive \u00e0 la d\u00e9couverte des c\u00e9l\u00e8bres 4 Islands de Krabi.\u00c0 bord d\u2019un bateau privatis\u00e9, explorez \u00e0 votre rythme des \u00eeles paradisiaques, plages de sable blanc et eaux turquoise, loin des excursions de groupe. Id\u00e9al pour les couples, familles ou petits groupes souhaitant une exp\u00e9rience personnalis\u00e9e, flexible et confortable.","jetpack_sharing_enabled":true,"_links":{"self":[{"href":"https:\/\/lunayatravel.com\/en\/wp-json\/wp\/v2\/product\/30761","targetHints":{"allow":["GET"]}}],"collection":[{"href":"https:\/\/lunayatravel.com\/en\/wp-json\/wp\/v2\/product"}],"about":[{"href":"https:\/\/lunayatravel.com\/en\/wp-json\/wp\/v2\/types\/product"}],"replies":[{"embeddable":true,"href":"https:\/\/lunayatravel.com\/en\/wp-json\/wp\/v2\/comments?post=30761"}],"wp:featuredmedia":[{"embeddable":true,"href":"https:\/\/lunayatravel.com\/en\/wp-json\/wp\/v2\/media\/29824"}],"wp:attachment":[{"href":"https:\/\/lunayatravel.com\/en\/wp-json\/wp\/v2\/media?parent=30761"}],"wp:term":[{"taxonomy":"product_brand","embeddable":true,"href":"https:\/\/lunayatravel.com\/en\/wp-json\/wp\/v2\/product_brand?post=30761"},{"taxonomy":"product_cat","embeddable":true,"href":"https:\/\/lunayatravel.com\/en\/wp-json\/wp\/v2\/product_cat?post=30761"},{"taxonomy":"product_tag","embeddable":true,"href":"https:\/\/lunayatravel.com\/en\/wp-json\/wp\/v2\/product_tag?post=30761"}],"curies":[{"name":"wp","href":"https:\/\/api.w.org\/{rel}","templated":true}]}}