{"id":30745,"date":"2026-01-15T09:48:07","date_gmt":"2026-01-15T08:48:07","guid":{"rendered":"https:\/\/lunayatravel.com\/?post_type=product&#038;p=30745"},"modified":"2026-01-30T12:19:13","modified_gmt":"2026-01-30T11:19:13","slug":"koh-phangan-tour-de-lile-en-bateau-prive-avec-arrets-baignade-et-snorkeling-3","status":"publish","type":"product","link":"https:\/\/lunayatravel.com\/en\/product\/koh-phangan-tour-de-lile-en-bateau-prive-avec-arrets-baignade-et-snorkeling-3\/","title":{"rendered":"Koh Phangan: Tour of the island by private boat with swimming and snorkelling stops"},"content":{"rendered":"<p data-start=\"413\" data-end=\"598\">PRICES FOR GROUPS OF 1 TO 10 PEOPLE<\/p>\n<p data-start=\"413\" data-end=\"598\">\n<p data-start=\"635\" data-end=\"838\">Discover <strong data-start=\"645\" data-end=\"674\">Koh Phangan from the sea<\/strong> on a day trip around the island, ideal for admiring the coastal scenery, the coves accessible only by boat and the crystal-clear waters.<\/p>\n<p data-start=\"840\" data-end=\"1072\">Departing from Koh Phangan, you sail around the island with <strong data-start=\"901\" data-end=\"917\">3 to 4 stops<\/strong> depending on sea conditions. Each break allows you to enjoy swimming, snorkelling or simply relaxing on board.<\/p>\n<p data-start=\"1074\" data-end=\"1319\">The exact itinerary is adjusted on the day by the skipper according to the wind and sea conditions, to ensure a safe and enjoyable sailing experience. A complete circumnavigation of the island is always preferred, conditions permitting.<\/p>\n<p data-start=\"1321\" data-end=\"1432\">This excursion is offered with <strong data-start=\"1355\" data-end=\"1380\">two types of boat<\/strong>, to suit your comfort and experience.<\/p>\n<hr data-start=\"1434\" data-end=\"1437\" \/>\n<h2 data-start=\"1439\" data-end=\"1475\">\ud83d\udea4 <strong data-start=\"1445\" data-end=\"1475\">Option 1: Motorboat<\/strong><\/h2>\n<p data-start=\"1476\" data-end=\"1601\">A powerful, stable motorboat, ideal for covering the island efficiently and making plenty of swimming and snorkelling stops.<\/p>\n<ul data-start=\"1603\" data-end=\"1721\">\n<li data-start=\"1603\" data-end=\"1646\">\n<p data-start=\"1605\" data-end=\"1646\">Fast sailing around Koh Phangan<\/p>\n<\/li>\n<li data-start=\"1647\" data-end=\"1685\">\n<p data-start=\"1649\" data-end=\"1685\">Easy access to swimming spots<\/p>\n<\/li>\n<li data-start=\"1686\" data-end=\"1721\">\n<p data-start=\"1688\" data-end=\"1721\">A friendly, flexible atmosphere<\/p>\n<\/li>\n<\/ul>\n<p data-start=\"1723\" data-end=\"1767\"><em data-start=\"1723\" data-end=\"1767\">(No space for paddle or kayak on board)<\/em><\/p>","protected":false},"excerpt":{"rendered":"<p data-start=\"413\" data-end=\"598\">Take a boat trip around Koh Phangan with several swimming and snorkelling stops. Choose between a motorboat or sailing catamaran for a day at sea to suit your mood.<\/p>\n<p data-start=\"413\" data-end=\"598\">","protected":false},"featured_media":30744,"comment_status":"open","ping_status":"closed","template":"","meta":{"_uag_custom_page_level_css":""},"product_brand":[],"product_cat":[32],"product_tag":[],"class_list":{"0":"post-30745","1":"product","2":"type-product","3":"status-publish","4":"has-post-thumbnail","6":"product_cat-kho-phangan","8":"first","9":"instock","10":"virtual","11":"taxable","12":"purchasable","13":"product-type-simple"},"yoast_head":"<!-- This site is optimized with the Yoast SEO plugin v27.1.1 - https:\/\/yoast.com\/product\/yoast-seo-wordpress\/ -->\n<title>Koh Phangan : Tour de l\u2019\u00eele en bateau priv\u00e9 avec arr\u00eats baignade et snorkeling -<\/title>\n<meta name=\"robots\" content=\"index, follow, max-snippet:-1, max-image-preview:large, max-video-preview:-1\" \/>\n<link rel=\"canonical\" href=\"https:\/\/lunayatravel.com\/en\/product\/koh-phangan-tour-de-lile-en-bateau-prive-avec-arrets-baignade-et-snorkeling-3\/\" \/>\n<meta property=\"og:locale\" content=\"en_GB\" \/>\n<meta property=\"og:type\" content=\"article\" \/>\n<meta property=\"og:title\" content=\"Koh Phangan : Tour de l\u2019\u00eele en bateau priv\u00e9 avec arr\u00eats baignade et snorkeling -\" \/>\n<meta property=\"og:description\" content=\"Faites le tour de Koh Phangan en bateau avec plusieurs arr\u00eats baignade et snorkeling. Choisissez entre bateau \u00e0 moteur ou catamaran \u00e0 voile pour une journ\u00e9e en mer adapt\u00e9e \u00e0 vos envies.\" \/>\n<meta property=\"og:url\" content=\"https:\/\/lunayatravel.com\/en\/product\/koh-phangan-tour-de-lile-en-bateau-prive-avec-arrets-baignade-et-snorkeling-3\/\" \/>\n<meta property=\"article:publisher\" content=\"https:\/\/www.facebook.com\/lunayaTravel\/\" \/>\n<meta property=\"article:modified_time\" content=\"2026-01-30T11:19:13+00:00\" \/>\n<meta property=\"og:image\" content=\"https:\/\/lunayatravel.com\/wp-content\/uploads\/2026\/01\/Phangan.jpg\" \/>\n\t<meta property=\"og:image:width\" content=\"1904\" \/>\n\t<meta property=\"og:image:height\" content=\"1281\" \/>\n\t<meta property=\"og:image:type\" content=\"image\/jpeg\" \/>\n<meta name=\"twitter:card\" content=\"summary_large_image\" \/>\n<meta name=\"twitter:label1\" content=\"Estimated reading time\" \/>\n\t<meta name=\"twitter:data1\" content=\"1 minute\" \/>\n<script type=\"application\/ld+json\" class=\"yoast-schema-graph\">{\"@context\":\"https:\/\/schema.org\",\"@graph\":[{\"@type\":\"WebPage\",\"@id\":\"https:\/\/lunayatravel.com\/produit\/koh-phangan-tour-de-lile-en-bateau-prive-avec-arrets-baignade-et-snorkeling-3\/\",\"url\":\"https:\/\/lunayatravel.com\/produit\/koh-phangan-tour-de-lile-en-bateau-prive-avec-arrets-baignade-et-snorkeling-3\/\",\"name\":\"Koh Phangan : Tour de l\u2019\u00eele en bateau priv\u00e9 avec arr\u00eats baignade et snorkeling -\",\"isPartOf\":{\"@id\":\"https:\/\/lunayatravel.com\/#website\"},\"primaryImageOfPage\":{\"@id\":\"https:\/\/lunayatravel.com\/produit\/koh-phangan-tour-de-lile-en-bateau-prive-avec-arrets-baignade-et-snorkeling-3\/#primaryimage\"},\"image\":{\"@id\":\"https:\/\/lunayatravel.com\/produit\/koh-phangan-tour-de-lile-en-bateau-prive-avec-arrets-baignade-et-snorkeling-3\/#primaryimage\"},\"thumbnailUrl\":\"https:\/\/lunayatravel.com\/wp-content\/uploads\/2026\/01\/Phangan.jpg\",\"datePublished\":\"2026-01-15T08:48:07+00:00\",\"dateModified\":\"2026-01-30T11:19:13+00:00\",\"breadcrumb\":{\"@id\":\"https:\/\/lunayatravel.com\/produit\/koh-phangan-tour-de-lile-en-bateau-prive-avec-arrets-baignade-et-snorkeling-3\/#breadcrumb\"},\"inLanguage\":\"en-GB\",\"potentialAction\":[{\"@type\":\"ReadAction\",\"target\":[\"https:\/\/lunayatravel.com\/produit\/koh-phangan-tour-de-lile-en-bateau-prive-avec-arrets-baignade-et-snorkeling-3\/\"]}]},{\"@type\":\"ImageObject\",\"inLanguage\":\"en-GB\",\"@id\":\"https:\/\/lunayatravel.com\/produit\/koh-phangan-tour-de-lile-en-bateau-prive-avec-arrets-baignade-et-snorkeling-3\/#primaryimage\",\"url\":\"https:\/\/lunayatravel.com\/wp-content\/uploads\/2026\/01\/Phangan.jpg\",\"contentUrl\":\"https:\/\/lunayatravel.com\/wp-content\/uploads\/2026\/01\/Phangan.jpg\",\"width\":1904,\"height\":1281},{\"@type\":\"BreadcrumbList\",\"@id\":\"https:\/\/lunayatravel.com\/produit\/koh-phangan-tour-de-lile-en-bateau-prive-avec-arrets-baignade-et-snorkeling-3\/#breadcrumb\",\"itemListElement\":[{\"@type\":\"ListItem\",\"position\":1,\"name\":\"Accueil\",\"item\":\"https:\/\/lunayatravel.com\/\"},{\"@type\":\"ListItem\",\"position\":2,\"name\":\"Nos activit\u00e9s\",\"item\":\"https:\/\/lunayatravel.com\/nos-activites\/\"},{\"@type\":\"ListItem\",\"position\":3,\"name\":\"Koh Phangan : Tour de l\u2019\u00eele en bateau priv\u00e9 avec arr\u00eats baignade et snorkeling\"}]},{\"@type\":\"WebSite\",\"@id\":\"https:\/\/lunayatravel.com\/#website\",\"url\":\"https:\/\/lunayatravel.com\/\",\"name\":\"\",\"description\":\"\",\"publisher\":{\"@id\":\"https:\/\/lunayatravel.com\/#organization\"},\"potentialAction\":[{\"@type\":\"SearchAction\",\"target\":{\"@type\":\"EntryPoint\",\"urlTemplate\":\"https:\/\/lunayatravel.com\/?s={search_term_string}\"},\"query-input\":{\"@type\":\"PropertyValueSpecification\",\"valueRequired\":true,\"valueName\":\"search_term_string\"}}],\"inLanguage\":\"en-GB\"},{\"@type\":\"Organization\",\"@id\":\"https:\/\/lunayatravel.com\/#organization\",\"name\":\"Lunaya travel\",\"alternateName\":\"Lunaya travel\",\"url\":\"https:\/\/lunayatravel.com\/\",\"logo\":{\"@type\":\"ImageObject\",\"inLanguage\":\"en-GB\",\"@id\":\"https:\/\/lunayatravel.com\/#\/schema\/logo\/image\/\",\"url\":\"https:\/\/lunayatravel.com\/wp-content\/uploads\/2026\/03\/cropped-647319118_2379115739204013_337015058165053143_n.jpg\",\"contentUrl\":\"https:\/\/lunayatravel.com\/wp-content\/uploads\/2026\/03\/cropped-647319118_2379115739204013_337015058165053143_n.jpg\",\"width\":1022,\"height\":1023,\"caption\":\"Lunaya travel\"},\"image\":{\"@id\":\"https:\/\/lunayatravel.com\/#\/schema\/logo\/image\/\"},\"sameAs\":[\"https:\/\/www.facebook.com\/lunayaTravel\/\"]}]}<\/script>\n<!-- \/ Yoast SEO plugin. -->","yoast_head_json":{"title":"Koh Phangan : Tour de l\u2019\u00eele en bateau priv\u00e9 avec arr\u00eats baignade et snorkeling -","robots":{"index":"index","follow":"follow","max-snippet":"max-snippet:-1","max-image-preview":"max-image-preview:large","max-video-preview":"max-video-preview:-1"},"canonical":"https:\/\/lunayatravel.com\/en\/product\/koh-phangan-tour-de-lile-en-bateau-prive-avec-arrets-baignade-et-snorkeling-3\/","og_locale":"en_GB","og_type":"article","og_title":"Koh Phangan : Tour de l\u2019\u00eele en bateau priv\u00e9 avec arr\u00eats baignade et snorkeling -","og_description":"Faites le tour de Koh Phangan en bateau avec plusieurs arr\u00eats baignade et snorkeling. Choisissez entre bateau \u00e0 moteur ou catamaran \u00e0 voile pour une journ\u00e9e en mer adapt\u00e9e \u00e0 vos envies.","og_url":"https:\/\/lunayatravel.com\/en\/product\/koh-phangan-tour-de-lile-en-bateau-prive-avec-arrets-baignade-et-snorkeling-3\/","article_publisher":"https:\/\/www.facebook.com\/lunayaTravel\/","article_modified_time":"2026-01-30T11:19:13+00:00","og_image":[{"width":1904,"height":1281,"url":"https:\/\/lunayatravel.com\/wp-content\/uploads\/2026\/01\/Phangan.jpg","type":"image\/jpeg"}],"twitter_card":"summary_large_image","twitter_misc":{"Estimated reading time":"1 minute"},"schema":{"@context":"https:\/\/schema.org","@graph":[{"@type":"WebPage","@id":"https:\/\/lunayatravel.com\/produit\/koh-phangan-tour-de-lile-en-bateau-prive-avec-arrets-baignade-et-snorkeling-3\/","url":"https:\/\/lunayatravel.com\/produit\/koh-phangan-tour-de-lile-en-bateau-prive-avec-arrets-baignade-et-snorkeling-3\/","name":"Koh Phangan : Tour de l\u2019\u00eele en bateau priv\u00e9 avec arr\u00eats baignade et snorkeling -","isPartOf":{"@id":"https:\/\/lunayatravel.com\/#website"},"primaryImageOfPage":{"@id":"https:\/\/lunayatravel.com\/produit\/koh-phangan-tour-de-lile-en-bateau-prive-avec-arrets-baignade-et-snorkeling-3\/#primaryimage"},"image":{"@id":"https:\/\/lunayatravel.com\/produit\/koh-phangan-tour-de-lile-en-bateau-prive-avec-arrets-baignade-et-snorkeling-3\/#primaryimage"},"thumbnailUrl":"https:\/\/lunayatravel.com\/wp-content\/uploads\/2026\/01\/Phangan.jpg","datePublished":"2026-01-15T08:48:07+00:00","dateModified":"2026-01-30T11:19:13+00:00","breadcrumb":{"@id":"https:\/\/lunayatravel.com\/produit\/koh-phangan-tour-de-lile-en-bateau-prive-avec-arrets-baignade-et-snorkeling-3\/#breadcrumb"},"inLanguage":"en-GB","potentialAction":[{"@type":"ReadAction","target":["https:\/\/lunayatravel.com\/produit\/koh-phangan-tour-de-lile-en-bateau-prive-avec-arrets-baignade-et-snorkeling-3\/"]}]},{"@type":"ImageObject","inLanguage":"en-GB","@id":"https:\/\/lunayatravel.com\/produit\/koh-phangan-tour-de-lile-en-bateau-prive-avec-arrets-baignade-et-snorkeling-3\/#primaryimage","url":"https:\/\/lunayatravel.com\/wp-content\/uploads\/2026\/01\/Phangan.jpg","contentUrl":"https:\/\/lunayatravel.com\/wp-content\/uploads\/2026\/01\/Phangan.jpg","width":1904,"height":1281},{"@type":"BreadcrumbList","@id":"https:\/\/lunayatravel.com\/produit\/koh-phangan-tour-de-lile-en-bateau-prive-avec-arrets-baignade-et-snorkeling-3\/#breadcrumb","itemListElement":[{"@type":"ListItem","position":1,"name":"Accueil","item":"https:\/\/lunayatravel.com\/"},{"@type":"ListItem","position":2,"name":"Nos activit\u00e9s","item":"https:\/\/lunayatravel.com\/nos-activites\/"},{"@type":"ListItem","position":3,"name":"Koh Phangan : Tour de l\u2019\u00eele en bateau priv\u00e9 avec arr\u00eats baignade et snorkeling"}]},{"@type":"WebSite","@id":"https:\/\/lunayatravel.com\/#website","url":"https:\/\/lunayatravel.com\/","name":"","description":"","publisher":{"@id":"https:\/\/lunayatravel.com\/#organization"},"potentialAction":[{"@type":"SearchAction","target":{"@type":"EntryPoint","urlTemplate":"https:\/\/lunayatravel.com\/?s={search_term_string}"},"query-input":{"@type":"PropertyValueSpecification","valueRequired":true,"valueName":"search_term_string"}}],"inLanguage":"en-GB"},{"@type":"Organization","@id":"https:\/\/lunayatravel.com\/#organization","name":"Lunaya travel","alternateName":"Lunaya travel","url":"https:\/\/lunayatravel.com\/","logo":{"@type":"ImageObject","inLanguage":"en-GB","@id":"https:\/\/lunayatravel.com\/#\/schema\/logo\/image\/","url":"https:\/\/lunayatravel.com\/wp-content\/uploads\/2026\/03\/cropped-647319118_2379115739204013_337015058165053143_n.jpg","contentUrl":"https:\/\/lunayatravel.com\/wp-content\/uploads\/2026\/03\/cropped-647319118_2379115739204013_337015058165053143_n.jpg","width":1022,"height":1023,"caption":"Lunaya travel"},"image":{"@id":"https:\/\/lunayatravel.com\/#\/schema\/logo\/image\/"},"sameAs":["https:\/\/www.facebook.com\/lunayaTravel\/"]}]}},"uagb_featured_image_src":{"full":["https:\/\/lunayatravel.com\/wp-content\/uploads\/2026\/01\/Phangan.jpg",1904,1281,false],"thumbnail":["https:\/\/lunayatravel.com\/wp-content\/uploads\/2026\/01\/Phangan-150x150.jpg",150,150,true],"medium":["https:\/\/lunayatravel.com\/wp-content\/uploads\/2026\/01\/Phangan-300x202.jpg",300,202,true],"medium_large":["https:\/\/lunayatravel.com\/wp-content\/uploads\/2026\/01\/Phangan-768x517.jpg",768,517,true],"large":["https:\/\/lunayatravel.com\/wp-content\/uploads\/2026\/01\/Phangan-1024x689.jpg",1024,689,true],"1536x1536":["https:\/\/lunayatravel.com\/wp-content\/uploads\/2026\/01\/Phangan-1536x1033.jpg",1536,1033,true],"2048x2048":["https:\/\/lunayatravel.com\/wp-content\/uploads\/2026\/01\/Phangan.jpg",1904,1281,false],"trp-custom-language-flag":["https:\/\/lunayatravel.com\/wp-content\/uploads\/2026\/01\/Phangan-18x12.jpg",18,12,true],"widget-thumbnail":["https:\/\/lunayatravel.com\/wp-content\/uploads\/2026\/01\/Phangan-75x75.jpg",75,75,true],"mailpoet_newsletter_max":["https:\/\/lunayatravel.com\/wp-content\/uploads\/2026\/01\/Phangan-1320x888.jpg",1320,888,true],"woocommerce_thumbnail":["https:\/\/lunayatravel.com\/wp-content\/uploads\/2026\/01\/Phangan-300x300.jpg",300,300,true],"woocommerce_single":["https:\/\/lunayatravel.com\/wp-content\/uploads\/2026\/01\/Phangan-600x404.jpg",600,404,true],"woocommerce_gallery_thumbnail":["https:\/\/lunayatravel.com\/wp-content\/uploads\/2026\/01\/Phangan-100x100.jpg",100,100,true],"sow-carousel-default":["https:\/\/lunayatravel.com\/wp-content\/uploads\/2026\/01\/Phangan-272x182.jpg",272,182,true]},"uagb_author_info":{"display_name":"haemers stephanie","author_link":"https:\/\/lunayatravel.com\/en\/author\/"},"uagb_comment_info":0,"uagb_excerpt":"Faites le tour de Koh Phangan en bateau avec plusieurs arr\u00eats baignade et snorkeling. Choisissez entre bateau \u00e0 moteur ou catamaran \u00e0 voile pour une journ\u00e9e en mer adapt\u00e9e \u00e0 vos envies.","jetpack_sharing_enabled":true,"_links":{"self":[{"href":"https:\/\/lunayatravel.com\/en\/wp-json\/wp\/v2\/product\/30745","targetHints":{"allow":["GET"]}}],"collection":[{"href":"https:\/\/lunayatravel.com\/en\/wp-json\/wp\/v2\/product"}],"about":[{"href":"https:\/\/lunayatravel.com\/en\/wp-json\/wp\/v2\/types\/product"}],"replies":[{"embeddable":true,"href":"https:\/\/lunayatravel.com\/en\/wp-json\/wp\/v2\/comments?post=30745"}],"wp:featuredmedia":[{"embeddable":true,"href":"https:\/\/lunayatravel.com\/en\/wp-json\/wp\/v2\/media\/30744"}],"wp:attachment":[{"href":"https:\/\/lunayatravel.com\/en\/wp-json\/wp\/v2\/media?parent=30745"}],"wp:term":[{"taxonomy":"product_brand","embeddable":true,"href":"https:\/\/lunayatravel.com\/en\/wp-json\/wp\/v2\/product_brand?post=30745"},{"taxonomy":"product_cat","embeddable":true,"href":"https:\/\/lunayatravel.com\/en\/wp-json\/wp\/v2\/product_cat?post=30745"},{"taxonomy":"product_tag","embeddable":true,"href":"https:\/\/lunayatravel.com\/en\/wp-json\/wp\/v2\/product_tag?post=30745"}],"curies":[{"name":"wp","href":"https:\/\/api.w.org\/{rel}","templated":true}]}}