{"id":30723,"date":"2025-11-30T10:27:12","date_gmt":"2025-11-30T09:27:12","guid":{"rendered":"https:\/\/lunayatravel.com\/?post_type=product&#038;p=30723"},"modified":"2026-01-30T12:10:25","modified_gmt":"2026-01-30T11:10:25","slug":"koh-phangan-excursion-en-bateau-traditionnel-avec-snorkeling-et-plage","status":"publish","type":"product","link":"https:\/\/lunayatravel.com\/en\/product\/koh-phangan-excursion-en-bateau-traditionnel-avec-snorkeling-et-plage\/","title":{"rendered":"Koh Phangan : Traditional boat trip with snorkelling and beach"},"content":{"rendered":"<p>PRIX DE GROUPE DE 1 A 5 PERSONNES<\/p>\n<p>Embarquez pour une journ\u00e9e authentique \u00e0 bord d\u2019un bateau traditionnel longtail priv\u00e9 et partez explorer les tr\u00e9sors marins et c\u00f4tiers de Koh Phangan. D\u00e9part vers 10h00, retour pr\u00e9vu \u00e0 17h00, avec un itin\u00e9raire souple et convivial : vous pouvez choisir vos arr\u00eats autour de Bottle Beach et d\u00e9cider de vos temps de baignade et de snorkeling. Masque et tuba \u00e0 la main, d\u00e9couvrez les fonds marins color\u00e9s de l\u2019\u00eele, nagez dans des eaux cristallines et profitez de plages pr\u00e9serv\u00e9es. \ufe0f L\u2019un des moments forts de la journ\u00e9e : une halte \u00e0 la c\u00e9l\u00e8bre Bottle Beach, id\u00e9ale pour se d\u00e9tendre, partager un pique-nique que vous aurez apport\u00e9 ou simplement profiter du cadre tropical. Une excursion priv\u00e9, parfaite entre amis ou en famille, qui combine libert\u00e9, authenticit\u00e9 et plaisir simple au c\u0153ur de Koh Phangan.<\/p>\n<p>&nbsp;<\/p>\n<div class=\"md:border p-0.5 rounded-lg\" data-v-68ccc2e0=\"\">\n<div class=\"p-accordion p-component\" data-v-68ccc2e0=\"\" data-pc-name=\"accordion\" data-pc-section=\"root\">\n<div class=\"p-accordionpanel p-accordionpanel-active\" data-v-68ccc2e0=\"\" data-pc-name=\"accordionpanel\" data-p-disabled=\"false\" data-p-active=\"true\" data-pc-section=\"root\">\n<div id=\"pv_id_0_0_7_12_accordioncontent_0\" class=\"p-accordioncontent\" role=\"region\" data-v-68ccc2e0=\"\" aria-labelledby=\"pv_id_0_0_7_12_accordionheader_0\" data-pc-name=\"accordioncontent\" data-p-active=\"true\" data-testid=\"pdp-details-Infos principales-content\" data-pc-section=\"root\">\n<div class=\"p-accordioncontent-content\" data-pc-section=\"content\">\n<div class=\"space-y-6\">\n<section class=\"space-y-2\"><span class=\"inline-block text-label-secondary\">Points forts<\/span><\/p>\n<div id=\"collapsed\" class=\"overflow-hidden\" data-v-89a76f75=\"\">\n<ul class=\"list-disc list-inside ml-2 block whitespace-pre-wrap overflow-hidden\" data-testid=\"pdp-details-main-information-highlights\">\n<li>Naviguez en bateau traditionnel autour de Koh Phangan<\/li>\n<li>Choisissez vos arr\u00eats et vos temps de snorkeling<\/li>\n<li>\u00e9tendez-vous \u00e0 Bottle Beach, pique-nique libre et ambiance conviviale<\/li>\n<\/ul>\n<\/div>\n<\/section>\n<\/div>\n<\/div>\n<\/div>\n<\/div>\n<\/div>\n<\/div>\n<div class=\"md:border p-0.5 rounded-lg\" data-v-68ccc2e0=\"\">\n<div class=\"p-accordion p-component\" data-v-68ccc2e0=\"\" data-pc-name=\"accordion\" data-pc-section=\"root\">\n<div class=\"p-accordionpanel p-accordionpanel-active\" data-v-68ccc2e0=\"\" data-pc-name=\"accordionpanel\" data-p-disabled=\"false\" data-p-active=\"true\" data-pc-section=\"root\">\n<div id=\"pv_id_0_0_7_29_accordioncontent_0\" class=\"p-accordioncontent\" role=\"region\" data-v-68ccc2e0=\"\" aria-labelledby=\"pv_id_0_0_7_29_accordionheader_0\" data-pc-name=\"accordioncontent\" data-p-active=\"true\" data-testid=\"pdp-details-\u00c9l\u00e9ments inclus et exclus-content\" data-pc-section=\"root\">\n<div class=\"p-accordioncontent-content\" data-pc-section=\"content\">\n<div class=\"flex flex-col\">\n<div class=\"flex flex-col gap-6\">\n<div class=\"flex flex-col gap-2\">\n<h3 class=\"text-[1rem] text-label-secondary\">\u00c9l\u00e9ments inclus<\/h3>\n<div class=\"space-y-1.5 overflow-hidden\" data-testid=\"pdp-details-inclusions\">\n<div class=\"flex\"><i class=\"pi pi-check text-label-success\"><\/i><span data-testid=\"pdp-details-inclusion-item\">Excursion en bateau traditionnel longtail<\/span><\/div>\n<div class=\"flex\"><i class=\"pi pi-check text-label-success\"><\/i><span data-testid=\"pdp-details-inclusion-item\">\u200d\u2708\ufe0f Capitaine local exp\u00e9riment\u00e9<\/span><\/div>\n<div class=\"flex\"><i class=\"pi pi-check text-label-success\"><\/i><span data-testid=\"pdp-details-inclusion-item\">\u00c9quipement de snorkeling (masque et tuba)<\/span><\/div>\n<\/div>\n<div class=\"flex justify-start\"><\/div>\n<\/div>\n<div class=\"flex flex-col gap-2\">\n<h3 class=\"text-[1rem] text-label-secondary\">\u00c9l\u00e9ments exclus<\/h3>\n<div class=\"space-y-1.5 overflow-hidden\" data-testid=\"pdp-details-exclusions\">\n<div class=\"flex\"><i class=\"pi pi-times text-label-critical\"><\/i><span data-testid=\"pdp-details-exclusion-item\">Repas &amp; pique-nique (\u00e0 apporter par vos soins)<\/span><\/div>\n<div class=\"flex\"><i class=\"pi pi-times text-label-critical\"><\/i><span data-testid=\"pdp-details-exclusion-item\">Boissons suppl\u00e9mentaires<\/span><\/div>\n<div class=\"flex\"><i class=\"pi pi-times text-label-critical\"><\/i><span data-testid=\"pdp-details-exclusion-item\">D\u00e9penses personnelles &amp; pourboires<\/span><\/div>\n<div>\n<h3 class=\"text-[1rem] text-label-secondary\">Bon \u00e0 savoir<\/h3>\n<ul class=\"list-disc list-inside ml-2 block whitespace-pre-wrap overflow-hidden max-h-full\" data-testid=\"pdp-details-know-before-content\">\n<li>D\u00e9part 10h00 \u2013 Retour 17h00 (dur\u00e9e : 7h)<\/li>\n<li>Pr\u00e9voir votre pique-nique, bouteille d\u2019eau et collations<\/li>\n<li>\ufe0f Vous pouvez prendre votre repas directement sur la plage de Bottle Beach<\/li>\n<li>Une glaci\u00e8re est pr\u00e9vue \u00e0 bord pour conserver vos boissons et repas au frais<\/li>\n<li>Chiens autoris\u00e9s \u00e0 bord, mais ils restent enti\u00e8rement sous la responsabilit\u00e9 de leurs propri\u00e9taires<\/li>\n<li>\ufe0f Itin\u00e9raire flexible selon m\u00e9t\u00e9o et conditions maritimes<\/li>\n<li>Activit\u00e9 adapt\u00e9e aux familles avec enfants<\/li>\n<li>Non recommand\u00e9 aux personnes \u00e0 mobilit\u00e9 r\u00e9duite<\/li>\n<\/ul>\n<\/div>\n<\/div>\n<\/div>\n<\/div>\n<\/div>\n<\/div>\n<\/div>\n<\/div>\n<\/div>\n<\/div>\n","protected":false},"excerpt":{"rendered":"<p>Discover Koh Phangan by traditional boat: snorkelling, free stops, relaxing at Bottle Beach. Bring your own picnic and enjoy a day out with family and friends.<\/p>\n<p>&nbsp;<\/p>\n<p>&nbsp;<\/p>","protected":false},"featured_media":30724,"comment_status":"open","ping_status":"closed","template":"","meta":{"_uag_custom_page_level_css":""},"product_brand":[],"product_cat":[32],"product_tag":[],"class_list":{"0":"post-30723","1":"product","2":"type-product","3":"status-publish","4":"has-post-thumbnail","6":"product_cat-kho-phangan","8":"first","9":"instock","10":"virtual","11":"taxable","12":"purchasable","13":"product-type-simple"},"yoast_head":"<!-- This site is optimized with the Yoast SEO plugin v27.1.1 - https:\/\/yoast.com\/product\/yoast-seo-wordpress\/ -->\n<title>Koh Phangan : Excursion en bateau traditionnel avec snorkeling et plage -<\/title>\n<meta name=\"robots\" content=\"index, follow, max-snippet:-1, max-image-preview:large, max-video-preview:-1\" \/>\n<link rel=\"canonical\" href=\"https:\/\/lunayatravel.com\/en\/product\/koh-phangan-excursion-en-bateau-traditionnel-avec-snorkeling-et-plage\/\" \/>\n<meta property=\"og:locale\" content=\"en_GB\" \/>\n<meta property=\"og:type\" content=\"article\" \/>\n<meta property=\"og:title\" content=\"Koh Phangan : Excursion en bateau traditionnel avec snorkeling et plage -\" \/>\n<meta property=\"og:description\" content=\"D\u00e9couvrez Koh Phangan en bateau traditionnel : snorkeling, arr\u00eats libres, d\u00e9tente \u00e0 Bottle Beach. Apportez votre pique-nique et vivez une journ\u00e9e conviviale en famille ou entre amis.  &nbsp;  &nbsp;\" \/>\n<meta property=\"og:url\" content=\"https:\/\/lunayatravel.com\/en\/product\/koh-phangan-excursion-en-bateau-traditionnel-avec-snorkeling-et-plage\/\" \/>\n<meta property=\"article:publisher\" content=\"https:\/\/www.facebook.com\/lunayaTravel\/\" \/>\n<meta property=\"article:modified_time\" content=\"2026-01-30T11:10:25+00:00\" \/>\n<meta property=\"og:image\" content=\"https:\/\/lunayatravel.com\/wp-content\/uploads\/2025\/11\/OIP-23.-fotor-enhance-2025092919441-scaled.jpg\" \/>\n\t<meta property=\"og:image:width\" content=\"2560\" \/>\n\t<meta property=\"og:image:height\" content=\"1920\" \/>\n\t<meta property=\"og:image:type\" content=\"image\/jpeg\" \/>\n<meta name=\"twitter:card\" content=\"summary_large_image\" \/>\n<meta name=\"twitter:label1\" content=\"Estimated reading time\" \/>\n\t<meta name=\"twitter:data1\" content=\"2 minutes\" \/>\n<script type=\"application\/ld+json\" class=\"yoast-schema-graph\">{\"@context\":\"https:\/\/schema.org\",\"@graph\":[{\"@type\":\"WebPage\",\"@id\":\"https:\/\/lunayatravel.com\/produit\/koh-phangan-excursion-en-bateau-traditionnel-avec-snorkeling-et-plage\/\",\"url\":\"https:\/\/lunayatravel.com\/produit\/koh-phangan-excursion-en-bateau-traditionnel-avec-snorkeling-et-plage\/\",\"name\":\"Koh Phangan : Excursion en bateau traditionnel avec snorkeling et plage -\",\"isPartOf\":{\"@id\":\"https:\/\/lunayatravel.com\/#website\"},\"primaryImageOfPage\":{\"@id\":\"https:\/\/lunayatravel.com\/produit\/koh-phangan-excursion-en-bateau-traditionnel-avec-snorkeling-et-plage\/#primaryimage\"},\"image\":{\"@id\":\"https:\/\/lunayatravel.com\/produit\/koh-phangan-excursion-en-bateau-traditionnel-avec-snorkeling-et-plage\/#primaryimage\"},\"thumbnailUrl\":\"https:\/\/lunayatravel.com\/wp-content\/uploads\/2025\/11\/OIP-23.-fotor-enhance-2025092919441-scaled.jpg\",\"datePublished\":\"2025-11-30T09:27:12+00:00\",\"dateModified\":\"2026-01-30T11:10:25+00:00\",\"breadcrumb\":{\"@id\":\"https:\/\/lunayatravel.com\/produit\/koh-phangan-excursion-en-bateau-traditionnel-avec-snorkeling-et-plage\/#breadcrumb\"},\"inLanguage\":\"en-GB\",\"potentialAction\":[{\"@type\":\"ReadAction\",\"target\":[\"https:\/\/lunayatravel.com\/produit\/koh-phangan-excursion-en-bateau-traditionnel-avec-snorkeling-et-plage\/\"]}]},{\"@type\":\"ImageObject\",\"inLanguage\":\"en-GB\",\"@id\":\"https:\/\/lunayatravel.com\/produit\/koh-phangan-excursion-en-bateau-traditionnel-avec-snorkeling-et-plage\/#primaryimage\",\"url\":\"https:\/\/lunayatravel.com\/wp-content\/uploads\/2025\/11\/OIP-23.-fotor-enhance-2025092919441-scaled.jpg\",\"contentUrl\":\"https:\/\/lunayatravel.com\/wp-content\/uploads\/2025\/11\/OIP-23.-fotor-enhance-2025092919441-scaled.jpg\",\"width\":2560,\"height\":1920},{\"@type\":\"BreadcrumbList\",\"@id\":\"https:\/\/lunayatravel.com\/produit\/koh-phangan-excursion-en-bateau-traditionnel-avec-snorkeling-et-plage\/#breadcrumb\",\"itemListElement\":[{\"@type\":\"ListItem\",\"position\":1,\"name\":\"Accueil\",\"item\":\"https:\/\/lunayatravel.com\/\"},{\"@type\":\"ListItem\",\"position\":2,\"name\":\"Nos activit\u00e9s\",\"item\":\"https:\/\/lunayatravel.com\/nos-activites\/\"},{\"@type\":\"ListItem\",\"position\":3,\"name\":\"Koh Phangan : Excursion en bateau traditionnel avec snorkeling et plage\"}]},{\"@type\":\"WebSite\",\"@id\":\"https:\/\/lunayatravel.com\/#website\",\"url\":\"https:\/\/lunayatravel.com\/\",\"name\":\"\",\"description\":\"\",\"publisher\":{\"@id\":\"https:\/\/lunayatravel.com\/#organization\"},\"potentialAction\":[{\"@type\":\"SearchAction\",\"target\":{\"@type\":\"EntryPoint\",\"urlTemplate\":\"https:\/\/lunayatravel.com\/?s={search_term_string}\"},\"query-input\":{\"@type\":\"PropertyValueSpecification\",\"valueRequired\":true,\"valueName\":\"search_term_string\"}}],\"inLanguage\":\"en-GB\"},{\"@type\":\"Organization\",\"@id\":\"https:\/\/lunayatravel.com\/#organization\",\"name\":\"Lunaya travel\",\"alternateName\":\"Lunaya travel\",\"url\":\"https:\/\/lunayatravel.com\/\",\"logo\":{\"@type\":\"ImageObject\",\"inLanguage\":\"en-GB\",\"@id\":\"https:\/\/lunayatravel.com\/#\/schema\/logo\/image\/\",\"url\":\"https:\/\/lunayatravel.com\/wp-content\/uploads\/2026\/03\/cropped-647319118_2379115739204013_337015058165053143_n.jpg\",\"contentUrl\":\"https:\/\/lunayatravel.com\/wp-content\/uploads\/2026\/03\/cropped-647319118_2379115739204013_337015058165053143_n.jpg\",\"width\":1022,\"height\":1023,\"caption\":\"Lunaya travel\"},\"image\":{\"@id\":\"https:\/\/lunayatravel.com\/#\/schema\/logo\/image\/\"},\"sameAs\":[\"https:\/\/www.facebook.com\/lunayaTravel\/\"]}]}<\/script>\n<!-- \/ Yoast SEO plugin. -->","yoast_head_json":{"title":"Koh Phangan : Excursion en bateau traditionnel avec snorkeling et plage -","robots":{"index":"index","follow":"follow","max-snippet":"max-snippet:-1","max-image-preview":"max-image-preview:large","max-video-preview":"max-video-preview:-1"},"canonical":"https:\/\/lunayatravel.com\/en\/product\/koh-phangan-excursion-en-bateau-traditionnel-avec-snorkeling-et-plage\/","og_locale":"en_GB","og_type":"article","og_title":"Koh Phangan : Excursion en bateau traditionnel avec snorkeling et plage -","og_description":"D\u00e9couvrez Koh Phangan en bateau traditionnel : snorkeling, arr\u00eats libres, d\u00e9tente \u00e0 Bottle Beach. Apportez votre pique-nique et vivez une journ\u00e9e conviviale en famille ou entre amis.  &nbsp;  &nbsp;","og_url":"https:\/\/lunayatravel.com\/en\/product\/koh-phangan-excursion-en-bateau-traditionnel-avec-snorkeling-et-plage\/","article_publisher":"https:\/\/www.facebook.com\/lunayaTravel\/","article_modified_time":"2026-01-30T11:10:25+00:00","og_image":[{"width":2560,"height":1920,"url":"https:\/\/lunayatravel.com\/wp-content\/uploads\/2025\/11\/OIP-23.-fotor-enhance-2025092919441-scaled.jpg","type":"image\/jpeg"}],"twitter_card":"summary_large_image","twitter_misc":{"Estimated reading time":"2 minutes"},"schema":{"@context":"https:\/\/schema.org","@graph":[{"@type":"WebPage","@id":"https:\/\/lunayatravel.com\/produit\/koh-phangan-excursion-en-bateau-traditionnel-avec-snorkeling-et-plage\/","url":"https:\/\/lunayatravel.com\/produit\/koh-phangan-excursion-en-bateau-traditionnel-avec-snorkeling-et-plage\/","name":"Koh Phangan : Excursion en bateau traditionnel avec snorkeling et plage -","isPartOf":{"@id":"https:\/\/lunayatravel.com\/#website"},"primaryImageOfPage":{"@id":"https:\/\/lunayatravel.com\/produit\/koh-phangan-excursion-en-bateau-traditionnel-avec-snorkeling-et-plage\/#primaryimage"},"image":{"@id":"https:\/\/lunayatravel.com\/produit\/koh-phangan-excursion-en-bateau-traditionnel-avec-snorkeling-et-plage\/#primaryimage"},"thumbnailUrl":"https:\/\/lunayatravel.com\/wp-content\/uploads\/2025\/11\/OIP-23.-fotor-enhance-2025092919441-scaled.jpg","datePublished":"2025-11-30T09:27:12+00:00","dateModified":"2026-01-30T11:10:25+00:00","breadcrumb":{"@id":"https:\/\/lunayatravel.com\/produit\/koh-phangan-excursion-en-bateau-traditionnel-avec-snorkeling-et-plage\/#breadcrumb"},"inLanguage":"en-GB","potentialAction":[{"@type":"ReadAction","target":["https:\/\/lunayatravel.com\/produit\/koh-phangan-excursion-en-bateau-traditionnel-avec-snorkeling-et-plage\/"]}]},{"@type":"ImageObject","inLanguage":"en-GB","@id":"https:\/\/lunayatravel.com\/produit\/koh-phangan-excursion-en-bateau-traditionnel-avec-snorkeling-et-plage\/#primaryimage","url":"https:\/\/lunayatravel.com\/wp-content\/uploads\/2025\/11\/OIP-23.-fotor-enhance-2025092919441-scaled.jpg","contentUrl":"https:\/\/lunayatravel.com\/wp-content\/uploads\/2025\/11\/OIP-23.-fotor-enhance-2025092919441-scaled.jpg","width":2560,"height":1920},{"@type":"BreadcrumbList","@id":"https:\/\/lunayatravel.com\/produit\/koh-phangan-excursion-en-bateau-traditionnel-avec-snorkeling-et-plage\/#breadcrumb","itemListElement":[{"@type":"ListItem","position":1,"name":"Accueil","item":"https:\/\/lunayatravel.com\/"},{"@type":"ListItem","position":2,"name":"Nos activit\u00e9s","item":"https:\/\/lunayatravel.com\/nos-activites\/"},{"@type":"ListItem","position":3,"name":"Koh Phangan : Excursion en bateau traditionnel avec snorkeling et plage"}]},{"@type":"WebSite","@id":"https:\/\/lunayatravel.com\/#website","url":"https:\/\/lunayatravel.com\/","name":"","description":"","publisher":{"@id":"https:\/\/lunayatravel.com\/#organization"},"potentialAction":[{"@type":"SearchAction","target":{"@type":"EntryPoint","urlTemplate":"https:\/\/lunayatravel.com\/?s={search_term_string}"},"query-input":{"@type":"PropertyValueSpecification","valueRequired":true,"valueName":"search_term_string"}}],"inLanguage":"en-GB"},{"@type":"Organization","@id":"https:\/\/lunayatravel.com\/#organization","name":"Lunaya travel","alternateName":"Lunaya travel","url":"https:\/\/lunayatravel.com\/","logo":{"@type":"ImageObject","inLanguage":"en-GB","@id":"https:\/\/lunayatravel.com\/#\/schema\/logo\/image\/","url":"https:\/\/lunayatravel.com\/wp-content\/uploads\/2026\/03\/cropped-647319118_2379115739204013_337015058165053143_n.jpg","contentUrl":"https:\/\/lunayatravel.com\/wp-content\/uploads\/2026\/03\/cropped-647319118_2379115739204013_337015058165053143_n.jpg","width":1022,"height":1023,"caption":"Lunaya travel"},"image":{"@id":"https:\/\/lunayatravel.com\/#\/schema\/logo\/image\/"},"sameAs":["https:\/\/www.facebook.com\/lunayaTravel\/"]}]}},"uagb_featured_image_src":{"full":["https:\/\/lunayatravel.com\/wp-content\/uploads\/2025\/11\/OIP-23.-fotor-enhance-2025092919441-scaled.jpg",2560,1920,false],"thumbnail":["https:\/\/lunayatravel.com\/wp-content\/uploads\/2025\/11\/OIP-23.-fotor-enhance-2025092919441-150x150.jpg",150,150,true],"medium":["https:\/\/lunayatravel.com\/wp-content\/uploads\/2025\/11\/OIP-23.-fotor-enhance-2025092919441-300x225.jpg",300,225,true],"medium_large":["https:\/\/lunayatravel.com\/wp-content\/uploads\/2025\/11\/OIP-23.-fotor-enhance-2025092919441-768x576.jpg",768,576,true],"large":["https:\/\/lunayatravel.com\/wp-content\/uploads\/2025\/11\/OIP-23.-fotor-enhance-2025092919441-1024x768.jpg",1024,768,true],"1536x1536":["https:\/\/lunayatravel.com\/wp-content\/uploads\/2025\/11\/OIP-23.-fotor-enhance-2025092919441-1536x1152.jpg",1536,1152,true],"2048x2048":["https:\/\/lunayatravel.com\/wp-content\/uploads\/2025\/11\/OIP-23.-fotor-enhance-2025092919441-2048x1536.jpg",2048,1536,true],"trp-custom-language-flag":["https:\/\/lunayatravel.com\/wp-content\/uploads\/2025\/11\/OIP-23.-fotor-enhance-2025092919441-16x12.jpg",16,12,true],"widget-thumbnail":["https:\/\/lunayatravel.com\/wp-content\/uploads\/2025\/11\/OIP-23.-fotor-enhance-2025092919441-75x75.jpg",75,75,true],"mailpoet_newsletter_max":["https:\/\/lunayatravel.com\/wp-content\/uploads\/2025\/11\/OIP-23.-fotor-enhance-2025092919441-1320x990.jpg",1320,990,true],"woocommerce_thumbnail":["https:\/\/lunayatravel.com\/wp-content\/uploads\/2025\/11\/OIP-23.-fotor-enhance-2025092919441-300x300.jpg",300,300,true],"woocommerce_single":["https:\/\/lunayatravel.com\/wp-content\/uploads\/2025\/11\/OIP-23.-fotor-enhance-2025092919441-600x450.jpg",600,450,true],"woocommerce_gallery_thumbnail":["https:\/\/lunayatravel.com\/wp-content\/uploads\/2025\/11\/OIP-23.-fotor-enhance-2025092919441-100x100.jpg",100,100,true],"sow-carousel-default":["https:\/\/lunayatravel.com\/wp-content\/uploads\/2025\/11\/OIP-23.-fotor-enhance-2025092919441-272x182.jpg",272,182,true]},"uagb_author_info":{"display_name":"haemers stephanie","author_link":"https:\/\/lunayatravel.com\/en\/author\/"},"uagb_comment_info":0,"uagb_excerpt":"D\u00e9couvrez Koh Phangan en bateau traditionnel : snorkeling, arr\u00eats libres, d\u00e9tente \u00e0 Bottle Beach. Apportez votre pique-nique et vivez une journ\u00e9e conviviale en famille ou entre amis. &nbsp; &nbsp;","jetpack_sharing_enabled":true,"_links":{"self":[{"href":"https:\/\/lunayatravel.com\/en\/wp-json\/wp\/v2\/product\/30723","targetHints":{"allow":["GET"]}}],"collection":[{"href":"https:\/\/lunayatravel.com\/en\/wp-json\/wp\/v2\/product"}],"about":[{"href":"https:\/\/lunayatravel.com\/en\/wp-json\/wp\/v2\/types\/product"}],"replies":[{"embeddable":true,"href":"https:\/\/lunayatravel.com\/en\/wp-json\/wp\/v2\/comments?post=30723"}],"wp:featuredmedia":[{"embeddable":true,"href":"https:\/\/lunayatravel.com\/en\/wp-json\/wp\/v2\/media\/30724"}],"wp:attachment":[{"href":"https:\/\/lunayatravel.com\/en\/wp-json\/wp\/v2\/media?parent=30723"}],"wp:term":[{"taxonomy":"product_brand","embeddable":true,"href":"https:\/\/lunayatravel.com\/en\/wp-json\/wp\/v2\/product_brand?post=30723"},{"taxonomy":"product_cat","embeddable":true,"href":"https:\/\/lunayatravel.com\/en\/wp-json\/wp\/v2\/product_cat?post=30723"},{"taxonomy":"product_tag","embeddable":true,"href":"https:\/\/lunayatravel.com\/en\/wp-json\/wp\/v2\/product_tag?post=30723"}],"curies":[{"name":"wp","href":"https:\/\/api.w.org\/{rel}","templated":true}]}}