{"id":30721,"date":"2025-12-01T07:08:59","date_gmt":"2025-12-01T06:08:59","guid":{"rendered":"https:\/\/lunayatravel.com\/?post_type=product&#038;p=30721"},"modified":"2026-04-18T08:13:59","modified_gmt":"2026-04-18T06:13:59","slug":"croisiere-privee-vip-koh-tao-nang-yuan","status":"publish","type":"product","link":"https:\/\/lunayatravel.com\/en\/product\/croisiere-privee-vip-koh-tao-nang-yuan\/","title":{"rendered":"Croisi\u00e8re priv\u00e9e V.I.P Koh Tao &#038; Koh Nang Yuan"},"content":{"rendered":"<p data-start=\"228\" data-end=\"347\"><strong data-start=\"228\" data-end=\"345\">Offrez-vous une exp\u00e9rience exclusive en mer avec cette croisi\u00e8re priv\u00e9e V.I.P autour de Koh Tao et Koh Nang Yuan.<\/strong><\/p>\n<p data-start=\"349\" data-end=\"457\">Une journ\u00e9e haut de gamme entre snorkeling, d\u00e9tente et service premium, con\u00e7ue pour une client\u00e8le exigeante.<\/p>\n<hr data-start=\"459\" data-end=\"462\" \/>\n<h2 data-section-id=\"r42r4r\" data-start=\"464\" data-end=\"514\">\u00a0Pourquoi choisir cette croisi\u00e8re V.I.P ?<\/h2>\n<ul data-start=\"516\" data-end=\"694\">\n<li data-section-id=\"1j5a69\" data-start=\"516\" data-end=\"542\">Bateau 100 % privatis\u00e9<\/li>\n<li data-section-id=\"1nl5a7i\" data-start=\"543\" data-end=\"577\">Service premium et attentionn\u00e9<\/li>\n<li data-section-id=\"11dm1g6\" data-start=\"578\" data-end=\"617\">Itin\u00e9raire optimis\u00e9 sans contrainte<\/li>\n<li data-section-id=\"d8lhtw\" data-start=\"618\" data-end=\"658\">Exp\u00e9rience exclusive loin des foules<\/li>\n<li data-section-id=\"1e7tnag\" data-start=\"659\" data-end=\"694\">Souvenirs professionnels inclus<\/li>\n<\/ul>\n<hr data-start=\"696\" data-end=\"699\" \/>\n<h2 data-section-id=\"10uavfq\" data-start=\"701\" data-end=\"723\">\u00a0Points forts<\/h2>\n<ul data-start=\"725\" data-end=\"1020\">\n<li data-section-id=\"a1ukt8\" data-start=\"725\" data-end=\"758\">Croisi\u00e8re priv\u00e9e tout confort<\/li>\n<li data-section-id=\"1toefxu\" data-start=\"759\" data-end=\"814\">Visite de Koh Nang Yuan et son banc de sable unique<\/li>\n<li data-section-id=\"1nqtip4\" data-start=\"815\" data-end=\"854\">Snorkeling dans des spots pr\u00e9serv\u00e9s<\/li>\n<li data-section-id=\"bja5vl\" data-start=\"855\" data-end=\"888\">Repas de qualit\u00e9 servi \u00e0 bord<\/li>\n<li data-section-id=\"odb0rp\" data-start=\"889\" data-end=\"928\">Boissons fra\u00eeches et ambiance relax<\/li>\n<li data-section-id=\"15pv29k\" data-start=\"929\" data-end=\"969\">Reportage drone professionnel inclus<\/li>\n<li data-section-id=\"6i42ot\" data-start=\"970\" data-end=\"1020\">Activit\u00e9s : baignade, p\u00eache (selon conditions)<\/li>\n<\/ul>\n<h2 data-section-id=\"10p4r3b\" data-start=\"1027\" data-end=\"1062\">\u00a0Programme de la croisi\u00e8re<\/h2>\n<h3 data-section-id=\"atqtjz\" data-start=\"1064\" data-end=\"1097\">Accueil &amp; embarquement<\/h3>\n<ul data-start=\"1141\" data-end=\"1251\">\n<li data-section-id=\"6d5fky\" data-start=\"1141\" data-end=\"1172\">Accueil personnalis\u00e9 \u00e0 bord<\/li>\n<li data-section-id=\"wnc0mf\" data-start=\"1173\" data-end=\"1214\">Installation dans les espaces d\u00e9tente<\/li>\n<li data-section-id=\"17vdx9z\" data-start=\"1215\" data-end=\"1251\">D\u00e9part pour une croisi\u00e8re priv\u00e9e<\/li>\n<\/ul>\n<hr data-start=\"1253\" data-end=\"1256\" \/>\n<h3 data-section-id=\"omrory\" data-start=\"1258\" data-end=\"1282\">\u00a0Koh Nang Yuan<\/h3>\n<p data-start=\"1326\" data-end=\"1368\"><span class=\"hover:entity-accent entity-underline inline cursor-pointer align-baseline\"><span class=\"whitespace-normal\">Koh Nang Yuan<\/span><\/span><\/p>\n<ul data-start=\"1370\" data-end=\"1461\">\n<li data-section-id=\"10jkvfs\" data-start=\"1370\" data-end=\"1410\">D\u00e9couverte du banc de sable iconique<\/li>\n<li data-section-id=\"1065kew\" data-start=\"1411\" data-end=\"1437\">Baignade et snorkeling<\/li>\n<li data-section-id=\"ksk2as\" data-start=\"1438\" data-end=\"1461\">Temps libre d\u00e9tente<\/li>\n<\/ul>\n<hr data-start=\"1463\" data-end=\"1466\" \/>\n<h3 data-section-id=\"1x9xuka\" data-start=\"1468\" data-end=\"1507\">\u00a0Snorkeling autour de Koh Tao<\/h3>\n<div class=\"no-scrollbar flex min-h-36 flex-nowrap gap-0.5 overflow-auto sm:gap-1 sm:overflow-hidden xl:min-h-44 mt-1 mb-5 [&amp;:not(:first-child)]:mt-4\">\n<div class=\"border-token-border-default relative w-32 shrink-0 overflow-hidden rounded-xl border-[0.5px] md:shrink max-h-64 sm:w-[calc((100%-0.5rem)\/3)] rounded-s-xl\">\n<div class=\"group\/search-image @container\/search-image relative rounded-[inherit] h-full w-full\">\n<div><\/div>\n<\/div>\n<\/div>\n<div class=\"border-token-border-default relative w-32 shrink-0 overflow-hidden rounded-xl border-[0.5px] md:shrink max-h-64 sm:w-[calc((100%-0.5rem)\/3)]\">\n<div class=\"group\/search-image @container\/search-image relative rounded-[inherit] h-full w-full\">\n<div><\/div>\n<\/div>\n<\/div>\n<div class=\"border-token-border-default relative w-32 shrink-0 overflow-hidden rounded-xl border-[0.5px] md:shrink max-h-64 sm:w-[calc((100%-0.5rem)\/3)] rounded-e-xl\">\n<div class=\"group\/search-image @container\/search-image relative rounded-[inherit] h-full w-full\">\n<div><\/div>\n<div class=\"pointer-events-none absolute inset-x-2 bottom-2 z-0 flex max-w-[calc(100%-1rem)] flex-wrap items-end justify-end gap-1.5\">\n<div class=\"shrink-0\">\n<div class=\"flex items-center gap-1 rounded-full px-2 py-1.5 text-white backdrop-blur-md backdrop-brightness-75\">Koh Tao<\/div>\n<\/div>\n<\/div>\n<\/div>\n<\/div>\n<\/div>\n<ul data-start=\"1595\" data-end=\"1683\">\n<li data-section-id=\"fj0ztw\" data-start=\"1595\" data-end=\"1626\">Plusieurs arr\u00eats snorkeling<\/li>\n<li data-section-id=\"wfdern\" data-start=\"1627\" data-end=\"1661\">Observation de la faune marine<\/li>\n<li data-section-id=\"g1hdse\" data-start=\"1662\" data-end=\"1683\">Eaux cristallines<\/li>\n<\/ul>\n<hr data-start=\"1685\" data-end=\"1688\" \/>\n<h3 data-section-id=\"auuihj\" data-start=\"1690\" data-end=\"1716\">\u00a0Repas &amp; d\u00e9tente<\/h3>\n<ul data-start=\"1760\" data-end=\"1858\">\n<li data-section-id=\"11z09d2\" data-start=\"1760\" data-end=\"1785\">D\u00e9jeuner servi \u00e0 bord<\/li>\n<li data-section-id=\"1amgvh4\" data-start=\"1786\" data-end=\"1823\">Boissons fra\u00eeches et noix de coco<\/li>\n<li data-section-id=\"unno6a\" data-start=\"1824\" data-end=\"1858\">D\u00e9tente dans un cadre exclusif<\/li>\n<\/ul>\n<hr data-start=\"1860\" data-end=\"1863\" \/>\n<h3 data-section-id=\"1iuao41\" data-start=\"1865\" data-end=\"1896\">\u00a0Exp\u00e9rience signature<\/h3>\n<ul data-start=\"1898\" data-end=\"1978\">\n<li data-section-id=\"55v4gz\" data-start=\"1898\" data-end=\"1935\">Reportage photo &amp; vid\u00e9o par drone<\/li>\n<li data-section-id=\"h6moug\" data-start=\"1936\" data-end=\"1978\">Remise des souvenirs en fin de journ\u00e9e<\/li>\n<\/ul>\n<hr data-start=\"1980\" data-end=\"1983\" \/>\n<h2 data-section-id=\"m50aq\" data-start=\"1985\" data-end=\"2012\">\u00a0Ce qui est inclus<\/h2>\n<ul data-start=\"2014\" data-end=\"2186\">\n<li data-section-id=\"1rji83m\" data-start=\"2014\" data-end=\"2047\">Bateau privatis\u00e9 tout confort<\/li>\n<li data-section-id=\"ad1c0y\" data-start=\"2048\" data-end=\"2073\">Capitaine et \u00e9quipage<\/li>\n<li data-section-id=\"1kngngp\" data-start=\"2074\" data-end=\"2099\">\u00c9quipement snorkeling<\/li>\n<li data-section-id=\"15cqjmu\" data-start=\"2100\" data-end=\"2116\">Repas \u00e0 bord<\/li>\n<li data-section-id=\"1tscyse\" data-start=\"2117\" data-end=\"2145\">Boissons et noix de coco<\/li>\n<li data-section-id=\"1bqcmgq\" data-start=\"2146\" data-end=\"2172\">Photos et vid\u00e9os drone<\/li>\n<li data-section-id=\"1tmmi3r\" data-start=\"2173\" data-end=\"2186\">Assurance<\/li>\n<\/ul>\n<hr data-start=\"2188\" data-end=\"2191\" \/>\n<h2 data-section-id=\"dp4bwk\" data-start=\"2193\" data-end=\"2213\">\u00a0Non inclus<\/h2>\n<ul data-start=\"2215\" data-end=\"2268\">\n<li data-section-id=\"1lp81df\" data-start=\"2215\" data-end=\"2240\">D\u00e9penses personnelles<\/li>\n<li data-section-id=\"1az5kxu\" data-start=\"2241\" data-end=\"2268\">Pourboires (facultatif)<\/li>\n<\/ul>\n<hr data-start=\"2270\" data-end=\"2273\" \/>\n<h2 data-section-id=\"fnnlp2\" data-start=\"2275\" data-end=\"2307\">\u00a0Informations pratiques<\/h2>\n<ul data-start=\"2309\" data-end=\"2433\">\n<li data-section-id=\"167hmlv\" data-start=\"2309\" data-end=\"2337\">Dur\u00e9e : environ 5 heures<\/li>\n<li data-section-id=\"1y19skk\" data-start=\"2338\" data-end=\"2357\">Activit\u00e9 priv\u00e9e<\/li>\n<li data-section-id=\"9yovvx\" data-start=\"2358\" data-end=\"2391\">Id\u00e9al pour 2 \u00e0 petits groupes<\/li>\n<li data-section-id=\"b6qtzb\" data-start=\"2392\" data-end=\"2433\">Itin\u00e9raire adaptable selon conditions<\/li>\n<\/ul>\n<hr data-start=\"2435\" data-end=\"2438\" \/>\n<h2 data-section-id=\"1n77gt8\" data-start=\"2440\" data-end=\"2481\">\u00a0Pour qui est cette exp\u00e9rience ?<\/h2>\n<ul data-start=\"2483\" data-end=\"2586\">\n<li data-section-id=\"8i46m8\" data-start=\"2483\" data-end=\"2519\">Couples (romantique \/ honeymoon)<\/li>\n<li data-section-id=\"5sgeei\" data-start=\"2520\" data-end=\"2554\">Familles (confort et s\u00e9curit\u00e9)<\/li>\n<li data-section-id=\"676n7\" data-start=\"2555\" data-end=\"2586\">Amis (exp\u00e9rience exclusive)<\/li>\n<\/ul>\n<hr data-start=\"2588\" data-end=\"2591\" \/>\n<h2 data-section-id=\"9803m\" data-start=\"2593\" data-end=\"2636\">\u00a0Conseils pour profiter au maximum<\/h2>\n<ul data-start=\"2638\" data-end=\"2753\">\n<li data-section-id=\"12enpzg\" data-start=\"2638\" data-end=\"2666\">Apporter maillot de bain<\/li>\n<li data-section-id=\"pyp0gk\" data-start=\"2667\" data-end=\"2697\">Pr\u00e9voir lunettes de soleil<\/li>\n<li data-section-id=\"vbfgmk\" data-start=\"2698\" data-end=\"2722\">Utiliser sac \u00e9tanche<\/li>\n<li data-section-id=\"1bam03i\" data-start=\"2723\" data-end=\"2753\">Profiter du service \u00e0 bord<\/li>\n<\/ul>\n<hr data-start=\"2755\" data-end=\"2758\" \/>\n<h2 data-section-id=\"ejs22l\" data-start=\"2760\" data-end=\"2791\">\u00a0FAQ \u2013 Croisi\u00e8re V.I.P<\/h2>\n<p data-start=\"2793\" data-end=\"2853\"><strong data-start=\"2793\" data-end=\"2821\">Le bateau est-il priv\u00e9 ?<\/strong><br data-start=\"2821\" data-end=\"2824\" \/>Oui, enti\u00e8rement privatis\u00e9.<\/p>\n<p data-start=\"2855\" data-end=\"2919\"><strong data-start=\"2855\" data-end=\"2883\">Le drone est-il inclus ?<\/strong><br data-start=\"2883\" data-end=\"2886\" \/>Oui, photos et vid\u00e9os incluses.<\/p>\n<p data-start=\"2921\" data-end=\"2958\"><strong data-start=\"2921\" data-end=\"2949\">Le repas est-il inclus ?<\/strong><br data-start=\"2949\" data-end=\"2952\" \/>Oui.<\/p>\n<p data-start=\"2960\" data-end=\"3026\"><strong data-start=\"2960\" data-end=\"3000\">Peut-on personnaliser l\u2019exp\u00e9rience ?<\/strong><br data-start=\"3000\" data-end=\"3003\" \/>Oui selon conditions.<\/p>\n","protected":false},"excerpt":{"rendered":"<h3 data-section-id=\"hxsibk\" data-start=\"55\" data-end=\"72\">Description<\/h3>\n<ul data-start=\"74\" data-end=\"531\">\n<li data-section-id=\"1vwk8xv\" data-start=\"74\" data-end=\"155\">Vivez une croisi\u00e8re VIP priv\u00e9e de 5 heures autour de Koh Tao et Koh Nang Yuan<\/li>\n<li data-section-id=\"qrucvb\" data-start=\"156\" data-end=\"217\">Profitez d\u2019un bateau tout confort avec ambiance exclusive<\/li>\n<li data-section-id=\"5fxlu5\" data-start=\"218\" data-end=\"287\">D\u00e9couvrez des plages de sable blanc et des paysages paradisiaques<\/li>\n<li data-section-id=\"cdif9s\" data-start=\"288\" data-end=\"360\">Faites du snorkeling dans des eaux cristallines riches en vie marine<\/li>\n<li data-section-id=\"17vtyld\" data-start=\"361\" data-end=\"431\">Profitez d\u2019activit\u00e9s : kayak, baignade et p\u00eache (selon conditions)<\/li>\n<li data-section-id=\"2mbgyk\" data-start=\"432\" data-end=\"474\">Savourez un d\u00e9jeuner tha\u00ef servi \u00e0 bord<\/li>\n<li data-section-id=\"1qik4um\" data-start=\"475\" data-end=\"531\">D\u00e9tendez-vous dans une atmosph\u00e8re unique sur l\u2019oc\u00e9an<\/li>\n<\/ul>\n<hr data-start=\"533\" data-end=\"536\" \/>\n<h3 data-section-id=\"x35i6m\" data-start=\"538\" data-end=\"549\">Tarif<\/h3>\n<ul data-start=\"551\" data-end=\"598\">\n<li data-section-id=\"1gqnyps\" data-start=\"551\" data-end=\"598\">Prix de groupe valable pour 1 \u00e0 5 personnes<\/li>\n<\/ul>","protected":false},"featured_media":30725,"comment_status":"open","ping_status":"closed","template":"","meta":{"_uag_custom_page_level_css":""},"product_brand":[],"product_cat":[62],"product_tag":[],"class_list":{"0":"post-30721","1":"product","2":"type-product","3":"status-publish","4":"has-post-thumbnail","6":"product_cat-koh-tao","8":"first","9":"instock","10":"virtual","11":"sold-individually","12":"taxable","13":"purchasable","14":"product-type-simple"},"yoast_head":"<!-- This site is optimized with the Yoast SEO plugin v27.1.1 - https:\/\/yoast.com\/product\/yoast-seo-wordpress\/ -->\n<title>Croisi\u00e8re priv\u00e9e V.I.P Koh Tao &amp; Koh Nang Yuan -<\/title>\n<meta name=\"description\" content=\"Croisi\u00e8re priv\u00e9e VIP Koh Tao &amp; Nang Yuan : bateau priv\u00e9, snorkeling, d\u00e9jeuner et drone inclus. Exp\u00e9rience haut de gamme en mer.\" \/>\n<meta name=\"robots\" content=\"index, follow, max-snippet:-1, max-image-preview:large, max-video-preview:-1\" \/>\n<link rel=\"canonical\" href=\"https:\/\/lunayatravel.com\/en\/product\/croisiere-privee-vip-koh-tao-nang-yuan\/\" \/>\n<meta property=\"og:locale\" content=\"en_GB\" \/>\n<meta property=\"og:type\" content=\"article\" \/>\n<meta property=\"og:title\" content=\"Croisi\u00e8re priv\u00e9e V.I.P Koh Tao &amp; Koh Nang Yuan -\" \/>\n<meta property=\"og:description\" content=\"Croisi\u00e8re priv\u00e9e VIP Koh Tao &amp; Nang Yuan : bateau priv\u00e9, snorkeling, d\u00e9jeuner et drone inclus. Exp\u00e9rience haut de gamme en mer.\" \/>\n<meta property=\"og:url\" content=\"https:\/\/lunayatravel.com\/en\/product\/croisiere-privee-vip-koh-tao-nang-yuan\/\" \/>\n<meta property=\"article:publisher\" content=\"https:\/\/www.facebook.com\/lunayaTravel\/\" \/>\n<meta property=\"article:modified_time\" content=\"2026-04-18T06:13:59+00:00\" \/>\n<meta property=\"og:image\" content=\"https:\/\/lunayatravel.com\/wp-content\/uploads\/2025\/11\/b06e5772-24c9-4815-834a-87e2f81bbde4.jpeg\" \/>\n\t<meta property=\"og:image:width\" content=\"960\" \/>\n\t<meta property=\"og:image:height\" content=\"720\" \/>\n\t<meta property=\"og:image:type\" content=\"image\/jpeg\" \/>\n<meta name=\"twitter:card\" content=\"summary_large_image\" \/>\n<meta name=\"twitter:label1\" content=\"Estimated reading time\" \/>\n\t<meta name=\"twitter:data1\" content=\"2 minutes\" \/>\n<script type=\"application\/ld+json\" class=\"yoast-schema-graph\">{\"@context\":\"https:\/\/schema.org\",\"@graph\":[{\"@type\":\"WebPage\",\"@id\":\"https:\/\/lunayatravel.com\/produit\/croisiere-privee-vip-koh-tao-nang-yuan\/\",\"url\":\"https:\/\/lunayatravel.com\/produit\/croisiere-privee-vip-koh-tao-nang-yuan\/\",\"name\":\"Croisi\u00e8re priv\u00e9e V.I.P Koh Tao & Koh Nang Yuan -\",\"isPartOf\":{\"@id\":\"https:\/\/lunayatravel.com\/#website\"},\"primaryImageOfPage\":{\"@id\":\"https:\/\/lunayatravel.com\/produit\/croisiere-privee-vip-koh-tao-nang-yuan\/#primaryimage\"},\"image\":{\"@id\":\"https:\/\/lunayatravel.com\/produit\/croisiere-privee-vip-koh-tao-nang-yuan\/#primaryimage\"},\"thumbnailUrl\":\"https:\/\/lunayatravel.com\/wp-content\/uploads\/2025\/11\/b06e5772-24c9-4815-834a-87e2f81bbde4.jpeg\",\"datePublished\":\"2025-12-01T06:08:59+00:00\",\"dateModified\":\"2026-04-18T06:13:59+00:00\",\"description\":\"Croisi\u00e8re priv\u00e9e VIP Koh Tao & Nang Yuan : bateau priv\u00e9, snorkeling, d\u00e9jeuner et drone inclus. Exp\u00e9rience haut de gamme en mer.\",\"breadcrumb\":{\"@id\":\"https:\/\/lunayatravel.com\/produit\/croisiere-privee-vip-koh-tao-nang-yuan\/#breadcrumb\"},\"inLanguage\":\"en-GB\",\"potentialAction\":[{\"@type\":\"ReadAction\",\"target\":[\"https:\/\/lunayatravel.com\/produit\/croisiere-privee-vip-koh-tao-nang-yuan\/\"]}]},{\"@type\":\"ImageObject\",\"inLanguage\":\"en-GB\",\"@id\":\"https:\/\/lunayatravel.com\/produit\/croisiere-privee-vip-koh-tao-nang-yuan\/#primaryimage\",\"url\":\"https:\/\/lunayatravel.com\/wp-content\/uploads\/2025\/11\/b06e5772-24c9-4815-834a-87e2f81bbde4.jpeg\",\"contentUrl\":\"https:\/\/lunayatravel.com\/wp-content\/uploads\/2025\/11\/b06e5772-24c9-4815-834a-87e2f81bbde4.jpeg\",\"width\":960,\"height\":720,\"caption\":\"kho tao\"},{\"@type\":\"BreadcrumbList\",\"@id\":\"https:\/\/lunayatravel.com\/produit\/croisiere-privee-vip-koh-tao-nang-yuan\/#breadcrumb\",\"itemListElement\":[{\"@type\":\"ListItem\",\"position\":1,\"name\":\"Accueil\",\"item\":\"https:\/\/lunayatravel.com\/\"},{\"@type\":\"ListItem\",\"position\":2,\"name\":\"Nos activit\u00e9s\",\"item\":\"https:\/\/lunayatravel.com\/nos-activites\/\"},{\"@type\":\"ListItem\",\"position\":3,\"name\":\"Croisi\u00e8re priv\u00e9e V.I.P Koh Tao &#038; Koh Nang Yuan\"}]},{\"@type\":\"WebSite\",\"@id\":\"https:\/\/lunayatravel.com\/#website\",\"url\":\"https:\/\/lunayatravel.com\/\",\"name\":\"\",\"description\":\"\",\"publisher\":{\"@id\":\"https:\/\/lunayatravel.com\/#organization\"},\"potentialAction\":[{\"@type\":\"SearchAction\",\"target\":{\"@type\":\"EntryPoint\",\"urlTemplate\":\"https:\/\/lunayatravel.com\/?s={search_term_string}\"},\"query-input\":{\"@type\":\"PropertyValueSpecification\",\"valueRequired\":true,\"valueName\":\"search_term_string\"}}],\"inLanguage\":\"en-GB\"},{\"@type\":\"Organization\",\"@id\":\"https:\/\/lunayatravel.com\/#organization\",\"name\":\"Lunaya travel\",\"alternateName\":\"Lunaya travel\",\"url\":\"https:\/\/lunayatravel.com\/\",\"logo\":{\"@type\":\"ImageObject\",\"inLanguage\":\"en-GB\",\"@id\":\"https:\/\/lunayatravel.com\/#\/schema\/logo\/image\/\",\"url\":\"https:\/\/lunayatravel.com\/wp-content\/uploads\/2026\/03\/cropped-647319118_2379115739204013_337015058165053143_n.jpg\",\"contentUrl\":\"https:\/\/lunayatravel.com\/wp-content\/uploads\/2026\/03\/cropped-647319118_2379115739204013_337015058165053143_n.jpg\",\"width\":1022,\"height\":1023,\"caption\":\"Lunaya travel\"},\"image\":{\"@id\":\"https:\/\/lunayatravel.com\/#\/schema\/logo\/image\/\"},\"sameAs\":[\"https:\/\/www.facebook.com\/lunayaTravel\/\"]}]}<\/script>\n<!-- \/ Yoast SEO plugin. -->","yoast_head_json":{"title":"Croisi\u00e8re priv\u00e9e V.I.P Koh Tao & Koh Nang Yuan -","description":"Croisi\u00e8re priv\u00e9e VIP Koh Tao & Nang Yuan : bateau priv\u00e9, snorkeling, d\u00e9jeuner et drone inclus. Exp\u00e9rience haut de gamme en mer.","robots":{"index":"index","follow":"follow","max-snippet":"max-snippet:-1","max-image-preview":"max-image-preview:large","max-video-preview":"max-video-preview:-1"},"canonical":"https:\/\/lunayatravel.com\/en\/product\/croisiere-privee-vip-koh-tao-nang-yuan\/","og_locale":"en_GB","og_type":"article","og_title":"Croisi\u00e8re priv\u00e9e V.I.P Koh Tao & Koh Nang Yuan -","og_description":"Croisi\u00e8re priv\u00e9e VIP Koh Tao & Nang Yuan : bateau priv\u00e9, snorkeling, d\u00e9jeuner et drone inclus. Exp\u00e9rience haut de gamme en mer.","og_url":"https:\/\/lunayatravel.com\/en\/product\/croisiere-privee-vip-koh-tao-nang-yuan\/","article_publisher":"https:\/\/www.facebook.com\/lunayaTravel\/","article_modified_time":"2026-04-18T06:13:59+00:00","og_image":[{"width":960,"height":720,"url":"https:\/\/lunayatravel.com\/wp-content\/uploads\/2025\/11\/b06e5772-24c9-4815-834a-87e2f81bbde4.jpeg","type":"image\/jpeg"}],"twitter_card":"summary_large_image","twitter_misc":{"Estimated reading time":"2 minutes"},"schema":{"@context":"https:\/\/schema.org","@graph":[{"@type":"WebPage","@id":"https:\/\/lunayatravel.com\/produit\/croisiere-privee-vip-koh-tao-nang-yuan\/","url":"https:\/\/lunayatravel.com\/produit\/croisiere-privee-vip-koh-tao-nang-yuan\/","name":"Croisi\u00e8re priv\u00e9e V.I.P Koh Tao & Koh Nang Yuan -","isPartOf":{"@id":"https:\/\/lunayatravel.com\/#website"},"primaryImageOfPage":{"@id":"https:\/\/lunayatravel.com\/produit\/croisiere-privee-vip-koh-tao-nang-yuan\/#primaryimage"},"image":{"@id":"https:\/\/lunayatravel.com\/produit\/croisiere-privee-vip-koh-tao-nang-yuan\/#primaryimage"},"thumbnailUrl":"https:\/\/lunayatravel.com\/wp-content\/uploads\/2025\/11\/b06e5772-24c9-4815-834a-87e2f81bbde4.jpeg","datePublished":"2025-12-01T06:08:59+00:00","dateModified":"2026-04-18T06:13:59+00:00","description":"Croisi\u00e8re priv\u00e9e VIP Koh Tao & Nang Yuan : bateau priv\u00e9, snorkeling, d\u00e9jeuner et drone inclus. Exp\u00e9rience haut de gamme en mer.","breadcrumb":{"@id":"https:\/\/lunayatravel.com\/produit\/croisiere-privee-vip-koh-tao-nang-yuan\/#breadcrumb"},"inLanguage":"en-GB","potentialAction":[{"@type":"ReadAction","target":["https:\/\/lunayatravel.com\/produit\/croisiere-privee-vip-koh-tao-nang-yuan\/"]}]},{"@type":"ImageObject","inLanguage":"en-GB","@id":"https:\/\/lunayatravel.com\/produit\/croisiere-privee-vip-koh-tao-nang-yuan\/#primaryimage","url":"https:\/\/lunayatravel.com\/wp-content\/uploads\/2025\/11\/b06e5772-24c9-4815-834a-87e2f81bbde4.jpeg","contentUrl":"https:\/\/lunayatravel.com\/wp-content\/uploads\/2025\/11\/b06e5772-24c9-4815-834a-87e2f81bbde4.jpeg","width":960,"height":720,"caption":"kho tao"},{"@type":"BreadcrumbList","@id":"https:\/\/lunayatravel.com\/produit\/croisiere-privee-vip-koh-tao-nang-yuan\/#breadcrumb","itemListElement":[{"@type":"ListItem","position":1,"name":"Accueil","item":"https:\/\/lunayatravel.com\/"},{"@type":"ListItem","position":2,"name":"Nos activit\u00e9s","item":"https:\/\/lunayatravel.com\/nos-activites\/"},{"@type":"ListItem","position":3,"name":"Croisi\u00e8re priv\u00e9e V.I.P Koh Tao &#038; Koh Nang Yuan"}]},{"@type":"WebSite","@id":"https:\/\/lunayatravel.com\/#website","url":"https:\/\/lunayatravel.com\/","name":"","description":"","publisher":{"@id":"https:\/\/lunayatravel.com\/#organization"},"potentialAction":[{"@type":"SearchAction","target":{"@type":"EntryPoint","urlTemplate":"https:\/\/lunayatravel.com\/?s={search_term_string}"},"query-input":{"@type":"PropertyValueSpecification","valueRequired":true,"valueName":"search_term_string"}}],"inLanguage":"en-GB"},{"@type":"Organization","@id":"https:\/\/lunayatravel.com\/#organization","name":"Lunaya travel","alternateName":"Lunaya travel","url":"https:\/\/lunayatravel.com\/","logo":{"@type":"ImageObject","inLanguage":"en-GB","@id":"https:\/\/lunayatravel.com\/#\/schema\/logo\/image\/","url":"https:\/\/lunayatravel.com\/wp-content\/uploads\/2026\/03\/cropped-647319118_2379115739204013_337015058165053143_n.jpg","contentUrl":"https:\/\/lunayatravel.com\/wp-content\/uploads\/2026\/03\/cropped-647319118_2379115739204013_337015058165053143_n.jpg","width":1022,"height":1023,"caption":"Lunaya travel"},"image":{"@id":"https:\/\/lunayatravel.com\/#\/schema\/logo\/image\/"},"sameAs":["https:\/\/www.facebook.com\/lunayaTravel\/"]}]}},"uagb_featured_image_src":{"full":["https:\/\/lunayatravel.com\/wp-content\/uploads\/2025\/11\/b06e5772-24c9-4815-834a-87e2f81bbde4.jpeg",960,720,false],"thumbnail":["https:\/\/lunayatravel.com\/wp-content\/uploads\/2025\/11\/b06e5772-24c9-4815-834a-87e2f81bbde4-150x150.jpeg",150,150,true],"medium":["https:\/\/lunayatravel.com\/wp-content\/uploads\/2025\/11\/b06e5772-24c9-4815-834a-87e2f81bbde4-300x225.jpeg",300,225,true],"medium_large":["https:\/\/lunayatravel.com\/wp-content\/uploads\/2025\/11\/b06e5772-24c9-4815-834a-87e2f81bbde4-768x576.jpeg",768,576,true],"large":["https:\/\/lunayatravel.com\/wp-content\/uploads\/2025\/11\/b06e5772-24c9-4815-834a-87e2f81bbde4.jpeg",960,720,false],"1536x1536":["https:\/\/lunayatravel.com\/wp-content\/uploads\/2025\/11\/b06e5772-24c9-4815-834a-87e2f81bbde4.jpeg",960,720,false],"2048x2048":["https:\/\/lunayatravel.com\/wp-content\/uploads\/2025\/11\/b06e5772-24c9-4815-834a-87e2f81bbde4.jpeg",960,720,false],"trp-custom-language-flag":["https:\/\/lunayatravel.com\/wp-content\/uploads\/2025\/11\/b06e5772-24c9-4815-834a-87e2f81bbde4-16x12.jpeg",16,12,true],"widget-thumbnail":["https:\/\/lunayatravel.com\/wp-content\/uploads\/2025\/11\/b06e5772-24c9-4815-834a-87e2f81bbde4-75x75.jpeg",75,75,true],"mailpoet_newsletter_max":["https:\/\/lunayatravel.com\/wp-content\/uploads\/2025\/11\/b06e5772-24c9-4815-834a-87e2f81bbde4.jpeg",960,720,false],"woocommerce_thumbnail":["https:\/\/lunayatravel.com\/wp-content\/uploads\/2025\/11\/b06e5772-24c9-4815-834a-87e2f81bbde4-300x300.jpeg",300,300,true],"woocommerce_single":["https:\/\/lunayatravel.com\/wp-content\/uploads\/2025\/11\/b06e5772-24c9-4815-834a-87e2f81bbde4-600x450.jpeg",600,450,true],"woocommerce_gallery_thumbnail":["https:\/\/lunayatravel.com\/wp-content\/uploads\/2025\/11\/b06e5772-24c9-4815-834a-87e2f81bbde4-100x100.jpeg",100,100,true],"sow-carousel-default":["https:\/\/lunayatravel.com\/wp-content\/uploads\/2025\/11\/b06e5772-24c9-4815-834a-87e2f81bbde4-272x182.jpeg",272,182,true]},"uagb_author_info":{"display_name":"haemers stephanie","author_link":"https:\/\/lunayatravel.com\/en\/author\/"},"uagb_comment_info":0,"uagb_excerpt":"Description Vivez une croisi\u00e8re VIP priv\u00e9e de 5 heures autour de Koh Tao et Koh Nang Yuan Profitez d\u2019un bateau tout confort avec ambiance exclusive D\u00e9couvrez des plages de sable blanc et des paysages paradisiaques Faites du snorkeling dans des eaux cristallines riches en vie marine Profitez d\u2019activit\u00e9s : kayak, baignade et p\u00eache (selon conditions)&hellip;","jetpack_sharing_enabled":true,"_links":{"self":[{"href":"https:\/\/lunayatravel.com\/en\/wp-json\/wp\/v2\/product\/30721","targetHints":{"allow":["GET"]}}],"collection":[{"href":"https:\/\/lunayatravel.com\/en\/wp-json\/wp\/v2\/product"}],"about":[{"href":"https:\/\/lunayatravel.com\/en\/wp-json\/wp\/v2\/types\/product"}],"replies":[{"embeddable":true,"href":"https:\/\/lunayatravel.com\/en\/wp-json\/wp\/v2\/comments?post=30721"}],"wp:featuredmedia":[{"embeddable":true,"href":"https:\/\/lunayatravel.com\/en\/wp-json\/wp\/v2\/media\/30725"}],"wp:attachment":[{"href":"https:\/\/lunayatravel.com\/en\/wp-json\/wp\/v2\/media?parent=30721"}],"wp:term":[{"taxonomy":"product_brand","embeddable":true,"href":"https:\/\/lunayatravel.com\/en\/wp-json\/wp\/v2\/product_brand?post=30721"},{"taxonomy":"product_cat","embeddable":true,"href":"https:\/\/lunayatravel.com\/en\/wp-json\/wp\/v2\/product_cat?post=30721"},{"taxonomy":"product_tag","embeddable":true,"href":"https:\/\/lunayatravel.com\/en\/wp-json\/wp\/v2\/product_tag?post=30721"}],"curies":[{"name":"wp","href":"https:\/\/api.w.org\/{rel}","templated":true}]}}