{"id":30623,"date":"2025-08-05T13:13:42","date_gmt":"2025-08-05T11:13:42","guid":{"rendered":"https:\/\/itctoursvoyages.com\/?post_type=product&#038;p=30623"},"modified":"2026-04-14T10:38:22","modified_gmt":"2026-04-14T08:38:22","slug":"iles-surin-excursion-khao-lak","status":"publish","type":"product","link":"https:\/\/lunayatravel.com\/en\/product\/iles-surin-excursion-khao-lak\/","title":{"rendered":"Surin Islands \u2013 Speedboat Day Trip"},"content":{"rendered":"<div class=\"no-scrollbar flex min-h-36 flex-nowrap gap-0.5 overflow-auto sm:gap-1 sm:overflow-hidden xl:min-h-44 mt-1 mb-5 [&amp;:not(:first-child)]:mt-4\">\n<div class=\"border-token-border-default relative w-32 shrink-0 overflow-hidden rounded-xl border-[0.5px] md:shrink max-h-64 sm:w-[calc((100%-0.5rem)\/3)] rounded-s-xl\">\n<div class=\"group\/search-image @container\/search-image relative rounded-[inherit] h-full w-full\">\n<div><\/div>\n<\/div>\n<\/div>\n<div class=\"border-token-border-default relative w-32 shrink-0 overflow-hidden rounded-xl border-[0.5px] md:shrink max-h-64 sm:w-[calc((100%-0.5rem)\/3)]\">\n<div class=\"group\/search-image @container\/search-image relative rounded-[inherit] h-full w-full\">\n<div><\/div>\n<\/div>\n<\/div>\n<div class=\"border-token-border-default relative w-32 shrink-0 overflow-hidden rounded-xl border-[0.5px] md:shrink max-h-64 sm:w-[calc((100%-0.5rem)\/3)] rounded-e-xl\">\n<div class=\"group\/search-image @container\/search-image relative rounded-[inherit] h-full w-full\">\n<div><\/div>\n<div class=\"pointer-events-none absolute inset-x-2 bottom-2 z-0 flex max-w-[calc(100%-1rem)] flex-wrap items-end justify-end gap-1.5\">\n<div class=\"shrink-0\">\n<div class=\"flex items-center gap-1 rounded-full px-2 py-1.5 text-white backdrop-blur-md backdrop-brightness-75\"><strong data-start=\"226\" data-end=\"371\">Explorez les \u00eeles Surin, un v\u00e9ritable paradis pr\u00e9serv\u00e9, lors d\u2019une journ\u00e9e compl\u00e8te entre snorkeling, nature sauvage et rencontre culturelle.<\/strong><\/div>\n<\/div>\n<\/div>\n<\/div>\n<\/div>\n<\/div>\n<p data-start=\"375\" data-end=\"489\">Moins touristiques que les Similan, les \u00eeles Surin offrent une exp\u00e9rience plus authentique et riche en vie marine.<\/p>\n<hr data-start=\"491\" data-end=\"494\" \/>\n<h2 data-section-id=\"1mor53s\" data-start=\"496\" data-end=\"539\">Pourquoi choisir les \u00eeles Surin ?<\/h2>\n<ul data-start=\"541\" data-end=\"755\">\n<li data-section-id=\"7p2d2\" data-start=\"541\" data-end=\"588\">Snorkeling parmi les meilleurs de Tha\u00eflande<\/li>\n<li data-section-id=\"uac3qq\" data-start=\"589\" data-end=\"627\">\u00celes pr\u00e9serv\u00e9es et peu fr\u00e9quent\u00e9es<\/li>\n<li data-section-id=\"1m4mwj7\" data-start=\"628\" data-end=\"662\">Rencontre avec le peuple Moken<\/li>\n<li data-section-id=\"1kcfhq0\" data-start=\"663\" data-end=\"712\">Organisation premium avec repas et transferts<\/li>\n<li data-section-id=\"ax973d\" data-start=\"713\" data-end=\"755\">Exp\u00e9rience immersive nature et culture<\/li>\n<\/ul>\n<hr data-start=\"757\" data-end=\"760\" \/>\n<h2 data-section-id=\"10uavfq\" data-start=\"762\" data-end=\"784\">\u00a0Points forts<\/h2>\n<ul data-start=\"786\" data-end=\"984\">\n<li data-section-id=\"1wuo69f\" data-start=\"786\" data-end=\"813\">Visite du village Moken<\/li>\n<li data-section-id=\"3e3g6t\" data-start=\"814\" data-end=\"846\">Trois sessions de snorkeling<\/li>\n<li data-section-id=\"map604\" data-start=\"847\" data-end=\"892\">D\u00e9couverte de r\u00e9cifs coralliens pr\u00e9serv\u00e9s<\/li>\n<li data-section-id=\"1ffwnlx\" data-start=\"893\" data-end=\"939\">Observation de poissons-clowns et an\u00e9mones<\/li>\n<li data-section-id=\"z39hx1\" data-start=\"940\" data-end=\"984\">Journ\u00e9e compl\u00e8te avec trois repas inclus<\/li>\n<\/ul>\n<hr data-start=\"986\" data-end=\"989\" \/>\n<h2 data-section-id=\"1wj5s8l\" data-start=\"991\" data-end=\"1024\">Programme de la journ\u00e9e<\/h2>\n<h3 data-section-id=\"t6phdb\" data-start=\"1026\" data-end=\"1053\">Accueil &amp; d\u00e9part<\/h3>\n<ul data-start=\"1097\" data-end=\"1216\">\n<li data-section-id=\"27nt1w\" data-start=\"1097\" data-end=\"1148\"><strong data-start=\"1099\" data-end=\"1118\">07h40 \u2013 08h00 :<\/strong> Accueil au port Wow Andaman<\/li>\n<li data-section-id=\"qxskyt\" data-start=\"1149\" data-end=\"1181\">Petit-d\u00e9jeuner et \u00e9quipement<\/li>\n<li data-section-id=\"137ey8w\" data-start=\"1182\" data-end=\"1216\"><strong data-start=\"1184\" data-end=\"1195\">08h30 :<\/strong> Briefing et d\u00e9part<\/li>\n<\/ul>\n<hr data-start=\"1218\" data-end=\"1221\" \/>\n<h3 data-section-id=\"1nmnfw9\" data-start=\"1223\" data-end=\"1247\">\u00a0Village Moken<\/h3>\n<ul data-start=\"1291\" data-end=\"1370\">\n<li data-section-id=\"ocamna\" data-start=\"1291\" data-end=\"1324\"><strong data-start=\"1293\" data-end=\"1304\">10h15 :<\/strong> Visite du village<\/li>\n<li data-section-id=\"euzb8r\" data-start=\"1325\" data-end=\"1370\">Rencontre avec le peuple nomade de la mer<\/li>\n<\/ul>\n<hr data-start=\"1372\" data-end=\"1375\" \/>\n<h3 data-section-id=\"ohf9va\" data-start=\"1377\" data-end=\"1414\">Snorkeling \u2013 Pineapple Bay<\/h3>\n<ul data-start=\"1458\" data-end=\"1532\">\n<li data-section-id=\"1nyx9la\" data-start=\"1458\" data-end=\"1492\"><strong data-start=\"1460\" data-end=\"1471\">11h20 :<\/strong> Premier snorkeling<\/li>\n<li data-section-id=\"908pvk\" data-start=\"1493\" data-end=\"1532\">R\u00e9cifs riches et poissons tropicaux<\/li>\n<\/ul>\n<hr data-start=\"1534\" data-end=\"1537\" \/>\n<h3 data-section-id=\"ezy7ao\" data-start=\"1539\" data-end=\"1566\">\u00a0D\u00e9jeuner &amp; plage<\/h3>\n<ul data-start=\"1610\" data-end=\"1661\">\n<li data-section-id=\"ci10pf\" data-start=\"1610\" data-end=\"1634\"><strong data-start=\"1612\" data-end=\"1623\">12h15 :<\/strong> D\u00e9jeuner<\/li>\n<li data-section-id=\"1826ipy\" data-start=\"1635\" data-end=\"1661\">D\u00e9tente \u00e0 Ao Chong Kad<\/li>\n<\/ul>\n<hr data-start=\"1663\" data-end=\"1666\" \/>\n<h3 data-section-id=\"l1z1ya\" data-start=\"1668\" data-end=\"1703\">\u00a0Exploration &amp; snorkeling<\/h3>\n<ul data-start=\"1747\" data-end=\"1870\">\n<li data-section-id=\"1timizw\" data-start=\"1747\" data-end=\"1787\"><strong data-start=\"1749\" data-end=\"1760\">12h45 :<\/strong> Exploration de la nature<\/li>\n<li data-section-id=\"138lbn0\" data-start=\"1788\" data-end=\"1829\"><strong data-start=\"1790\" data-end=\"1801\">13h30 :<\/strong> Snorkeling \u00e0 Nemo Village<\/li>\n<li data-section-id=\"pfopb1\" data-start=\"1830\" data-end=\"1870\"><strong data-start=\"1832\" data-end=\"1843\">14h20 :<\/strong> Snorkeling \u00e0 Mae Yai Bay<\/li>\n<\/ul>\n<hr data-start=\"1872\" data-end=\"1875\" \/>\n<h3 data-section-id=\"1qolvdl\" data-start=\"1877\" data-end=\"1902\">\u00a0Retour &amp; d\u00eener<\/h3>\n<ul data-start=\"1904\" data-end=\"1986\">\n<li data-section-id=\"cxid6j\" data-start=\"1904\" data-end=\"1934\"><strong data-start=\"1906\" data-end=\"1917\">15h30 :<\/strong> Retour au port<\/li>\n<li data-section-id=\"o3qlx5\" data-start=\"1935\" data-end=\"1961\"><strong data-start=\"1937\" data-end=\"1948\">17h15 :<\/strong> D\u00eener tha\u00ef<\/li>\n<li data-section-id=\"19i6jso\" data-start=\"1962\" data-end=\"1986\">Retour \u00e0 votre h\u00f4tel<\/li>\n<\/ul>\n<hr data-start=\"1988\" data-end=\"1991\" \/>\n<h2 data-section-id=\"m50aq\" data-start=\"1993\" data-end=\"2020\">\u00a0Ce qui est inclus<\/h2>\n<ul data-start=\"2022\" data-end=\"2264\">\n<li data-section-id=\"zgn62a\" data-start=\"2022\" data-end=\"2064\">Transfert aller-retour depuis Khao Lak<\/li>\n<li data-section-id=\"1ywq9uf\" data-start=\"2065\" data-end=\"2102\">Petit-d\u00e9jeuner, d\u00e9jeuner et d\u00eener<\/li>\n<li data-section-id=\"1dhas0q\" data-start=\"2103\" data-end=\"2142\">Snacks et boissons toute la journ\u00e9e<\/li>\n<li data-section-id=\"1n8mbnp\" data-start=\"2143\" data-end=\"2176\">\u00c9quipement snorkeling complet<\/li>\n<li data-section-id=\"15ye6x9\" data-start=\"2177\" data-end=\"2199\">Serviette de plage<\/li>\n<li data-section-id=\"12vqjmf\" data-start=\"2200\" data-end=\"2224\">Entr\u00e9e parc national<\/li>\n<li data-section-id=\"1tmmi3r\" data-start=\"2225\" data-end=\"2238\">Assurance<\/li>\n<li data-section-id=\"k4x80j\" data-start=\"2239\" data-end=\"2264\">Acc\u00e8s au pier premium<\/li>\n<\/ul>\n<hr data-start=\"2266\" data-end=\"2269\" \/>\n<h2 data-section-id=\"fnnlp2\" data-start=\"2271\" data-end=\"2303\">\u00a0Informations pratiques<\/h2>\n<ul data-start=\"2305\" data-end=\"2391\">\n<li data-section-id=\"t9ikhb\" data-start=\"2305\" data-end=\"2330\">Dur\u00e9e : 07h40 \u2013 17h15<\/li>\n<li data-section-id=\"1udpvbv\" data-start=\"2331\" data-end=\"2354\">Excursion en groupe<\/li>\n<li data-section-id=\"n26w4x\" data-start=\"2355\" data-end=\"2391\">Itin\u00e9raire adaptable selon m\u00e9t\u00e9o<\/li>\n<\/ul>\n<hr data-start=\"2393\" data-end=\"2396\" \/>\n<h2 data-section-id=\"9803m\" data-start=\"2398\" data-end=\"2441\">\u00a0Conseils pour profiter au maximum<\/h2>\n<ul data-start=\"2443\" data-end=\"2566\">\n<li data-section-id=\"graj2e\" data-start=\"2443\" data-end=\"2484\">Apporter maillot de bain et serviette<\/li>\n<li data-section-id=\"1h47a0v\" data-start=\"2485\" data-end=\"2510\">Pr\u00e9voir cr\u00e8me solaire<\/li>\n<li data-section-id=\"1dsyajb\" data-start=\"2511\" data-end=\"2538\">Utiliser un sac \u00e9tanche<\/li>\n<li data-section-id=\"1998164\" data-start=\"2539\" data-end=\"2566\">Porter v\u00eatements l\u00e9gers<\/li>\n<\/ul>\n<hr data-start=\"2568\" data-end=\"2571\" \/>\n<h2 data-section-id=\"1kv3qqv\" data-start=\"2573\" data-end=\"2599\">FAQ \u2013 \u00celes Surin<\/h2>\n<p data-start=\"2601\" data-end=\"2668\"><strong data-start=\"2601\" data-end=\"2634\">Le snorkeling est-il inclus ?<\/strong><br data-start=\"2634\" data-end=\"2637\" \/>Oui, \u00e9quipement complet fourni.<\/p>\n<p data-start=\"2670\" data-end=\"2715\"><strong data-start=\"2670\" data-end=\"2706\">Combien de spots de snorkeling ?<\/strong><br data-start=\"2706\" data-end=\"2709\" \/>Trois.<\/p>\n<p data-start=\"2717\" data-end=\"2768\"><strong data-start=\"2717\" data-end=\"2748\">Les repas sont-ils inclus ?<\/strong><br data-start=\"2748\" data-end=\"2751\" \/>Oui, trois repas.<\/p>\n<p data-start=\"2770\" data-end=\"2847\"><strong data-start=\"2770\" data-end=\"2815\">L\u2019activit\u00e9 est-elle adapt\u00e9e aux enfants ?<\/strong><br data-start=\"2815\" data-end=\"2818\" \/>Oui, selon conditions de mer.<\/p>\n","protected":false},"excerpt":{"rendered":"<h3 data-section-id=\"hxsibk\" data-start=\"55\" data-end=\"72\">Description<\/h3>\n<ul data-start=\"74\" data-end=\"446\">\n<li data-section-id=\"bxv26j\" data-start=\"74\" data-end=\"156\">D\u00e9part de Khao Lak en groupe partag\u00e9 pour une journ\u00e9e immersive aux \u00eeles Surin<\/li>\n<li data-section-id=\"eg5q9d\" data-start=\"157\" data-end=\"255\">Explorez le Parc National des \u00eeles Surin, r\u00e9put\u00e9 pour ses eaux cristallines et sa biodiversit\u00e9<\/li>\n<li data-section-id=\"w0tmsd\" data-start=\"256\" data-end=\"305\">Rencontrez les Moken, peuple nomade de la mer<\/li>\n<li data-section-id=\"1vou29m\" data-start=\"306\" data-end=\"374\">D\u00e9couvrez des fonds marins parmi les plus pr\u00e9serv\u00e9s de Tha\u00eflande<\/li>\n<li data-section-id=\"1fgb4vr\" data-start=\"375\" data-end=\"446\">Profitez d\u2019une exp\u00e9rience compl\u00e8te entre nature, culture et d\u00e9tente<\/li>\n<\/ul>\n<hr data-start=\"448\" data-end=\"451\" \/>\n<h3 data-section-id=\"1x0npnp\" data-start=\"453\" data-end=\"471\">Highlights<\/h3>\n<ul data-start=\"473\" data-end=\"784\">\n<li data-section-id=\"4tt9cb\" data-start=\"473\" data-end=\"515\">Excursion en speedboat depuis Khao Lak<\/li>\n<li data-section-id=\"1cek26t\" data-start=\"516\" data-end=\"558\">Visite d\u2019un village Moken traditionnel<\/li>\n<li data-section-id=\"1hsfcq4\" data-start=\"559\" data-end=\"625\">Trois arr\u00eats snorkeling avec r\u00e9cifs, poissons-clowns et coraux<\/li>\n<li data-section-id=\"4rlkh\" data-start=\"626\" data-end=\"669\">Temps libre sur la plage d\u2019Ao Chong Kad<\/li>\n<li data-section-id=\"1vipjnf\" data-start=\"670\" data-end=\"728\">Repas inclus : petit-d\u00e9jeuner, d\u00e9jeuner et d\u00eener local<\/li>\n<li data-section-id=\"1fv49kh\" data-start=\"729\" data-end=\"784\">Acc\u00e8s aux infrastructures du port priv\u00e9 Wow Andaman<\/li>\n<\/ul>","protected":false},"featured_media":30620,"comment_status":"open","ping_status":"closed","template":"","meta":{"_uag_custom_page_level_css":""},"product_brand":[],"product_cat":[35],"product_tag":[],"class_list":{"0":"post-30623","1":"product","2":"type-product","3":"status-publish","4":"has-post-thumbnail","6":"product_cat-khao-lak","8":"first","9":"instock","10":"virtual","11":"taxable","12":"purchasable","13":"product-type-simple"},"yoast_head":"<!-- This site is optimized with the Yoast SEO plugin v27.1.1 - https:\/\/yoast.com\/product\/yoast-seo-wordpress\/ -->\n<title>\u00celes Surin \u2013 Excursion journ\u00e9e en speedboat -<\/title>\n<meta name=\"description\" content=\"\u00celes Surin depuis Khao Lak : snorkeling, village Moken, 3 repas et parc national inclus. Excursion compl\u00e8te en speedboat.\" \/>\n<meta name=\"robots\" content=\"index, follow, max-snippet:-1, max-image-preview:large, max-video-preview:-1\" \/>\n<link rel=\"canonical\" href=\"https:\/\/lunayatravel.com\/en\/product\/iles-surin-excursion-khao-lak\/\" \/>\n<meta property=\"og:locale\" content=\"en_GB\" \/>\n<meta property=\"og:type\" content=\"article\" \/>\n<meta property=\"og:title\" content=\"\u00celes Surin \u2013 Excursion journ\u00e9e en speedboat -\" \/>\n<meta property=\"og:description\" content=\"\u00celes Surin depuis Khao Lak : snorkeling, village Moken, 3 repas et parc national inclus. Excursion compl\u00e8te en speedboat.\" \/>\n<meta property=\"og:url\" content=\"https:\/\/lunayatravel.com\/en\/product\/iles-surin-excursion-khao-lak\/\" \/>\n<meta property=\"article:publisher\" content=\"https:\/\/www.facebook.com\/lunayaTravel\/\" \/>\n<meta property=\"article:modified_time\" content=\"2026-04-14T08:38:22+00:00\" \/>\n<meta property=\"og:image\" content=\"https:\/\/lunayatravel.com\/wp-content\/uploads\/2025\/08\/telecharger-7.webp\" \/>\n\t<meta property=\"og:image:width\" content=\"331\" \/>\n\t<meta property=\"og:image:height\" content=\"234\" \/>\n\t<meta property=\"og:image:type\" content=\"image\/webp\" \/>\n<meta name=\"twitter:card\" content=\"summary_large_image\" \/>\n<meta name=\"twitter:label1\" content=\"Estimated reading time\" \/>\n\t<meta name=\"twitter:data1\" content=\"2 minutes\" \/>\n<script type=\"application\/ld+json\" class=\"yoast-schema-graph\">{\"@context\":\"https:\/\/schema.org\",\"@graph\":[{\"@type\":\"WebPage\",\"@id\":\"https:\/\/lunayatravel.com\/produit\/iles-surin-excursion-khao-lak\/\",\"url\":\"https:\/\/lunayatravel.com\/produit\/iles-surin-excursion-khao-lak\/\",\"name\":\"\u00celes Surin \u2013 Excursion journ\u00e9e en speedboat -\",\"isPartOf\":{\"@id\":\"https:\/\/lunayatravel.com\/#website\"},\"primaryImageOfPage\":{\"@id\":\"https:\/\/lunayatravel.com\/produit\/iles-surin-excursion-khao-lak\/#primaryimage\"},\"image\":{\"@id\":\"https:\/\/lunayatravel.com\/produit\/iles-surin-excursion-khao-lak\/#primaryimage\"},\"thumbnailUrl\":\"https:\/\/lunayatravel.com\/wp-content\/uploads\/2025\/08\/telecharger-7.webp\",\"datePublished\":\"2025-08-05T11:13:42+00:00\",\"dateModified\":\"2026-04-14T08:38:22+00:00\",\"description\":\"\u00celes Surin depuis Khao Lak : snorkeling, village Moken, 3 repas et parc national inclus. Excursion compl\u00e8te en speedboat.\",\"breadcrumb\":{\"@id\":\"https:\/\/lunayatravel.com\/produit\/iles-surin-excursion-khao-lak\/#breadcrumb\"},\"inLanguage\":\"en-GB\",\"potentialAction\":[{\"@type\":\"ReadAction\",\"target\":[\"https:\/\/lunayatravel.com\/produit\/iles-surin-excursion-khao-lak\/\"]}]},{\"@type\":\"ImageObject\",\"inLanguage\":\"en-GB\",\"@id\":\"https:\/\/lunayatravel.com\/produit\/iles-surin-excursion-khao-lak\/#primaryimage\",\"url\":\"https:\/\/lunayatravel.com\/wp-content\/uploads\/2025\/08\/telecharger-7.webp\",\"contentUrl\":\"https:\/\/lunayatravel.com\/wp-content\/uploads\/2025\/08\/telecharger-7.webp\",\"width\":331,\"height\":234,\"caption\":\"surin\"},{\"@type\":\"BreadcrumbList\",\"@id\":\"https:\/\/lunayatravel.com\/produit\/iles-surin-excursion-khao-lak\/#breadcrumb\",\"itemListElement\":[{\"@type\":\"ListItem\",\"position\":1,\"name\":\"Accueil\",\"item\":\"https:\/\/lunayatravel.com\/\"},{\"@type\":\"ListItem\",\"position\":2,\"name\":\"Nos activit\u00e9s\",\"item\":\"https:\/\/lunayatravel.com\/nos-activites\/\"},{\"@type\":\"ListItem\",\"position\":3,\"name\":\"\u00celes Surin \u2013 Excursion journ\u00e9e en speedboat\"}]},{\"@type\":\"WebSite\",\"@id\":\"https:\/\/lunayatravel.com\/#website\",\"url\":\"https:\/\/lunayatravel.com\/\",\"name\":\"\",\"description\":\"\",\"publisher\":{\"@id\":\"https:\/\/lunayatravel.com\/#organization\"},\"potentialAction\":[{\"@type\":\"SearchAction\",\"target\":{\"@type\":\"EntryPoint\",\"urlTemplate\":\"https:\/\/lunayatravel.com\/?s={search_term_string}\"},\"query-input\":{\"@type\":\"PropertyValueSpecification\",\"valueRequired\":true,\"valueName\":\"search_term_string\"}}],\"inLanguage\":\"en-GB\"},{\"@type\":\"Organization\",\"@id\":\"https:\/\/lunayatravel.com\/#organization\",\"name\":\"Lunaya travel\",\"alternateName\":\"Lunaya travel\",\"url\":\"https:\/\/lunayatravel.com\/\",\"logo\":{\"@type\":\"ImageObject\",\"inLanguage\":\"en-GB\",\"@id\":\"https:\/\/lunayatravel.com\/#\/schema\/logo\/image\/\",\"url\":\"https:\/\/lunayatravel.com\/wp-content\/uploads\/2026\/03\/cropped-647319118_2379115739204013_337015058165053143_n.jpg\",\"contentUrl\":\"https:\/\/lunayatravel.com\/wp-content\/uploads\/2026\/03\/cropped-647319118_2379115739204013_337015058165053143_n.jpg\",\"width\":1022,\"height\":1023,\"caption\":\"Lunaya travel\"},\"image\":{\"@id\":\"https:\/\/lunayatravel.com\/#\/schema\/logo\/image\/\"},\"sameAs\":[\"https:\/\/www.facebook.com\/lunayaTravel\/\"]}]}<\/script>\n<!-- \/ Yoast SEO plugin. -->","yoast_head_json":{"title":"\u00celes Surin \u2013 Excursion journ\u00e9e en speedboat -","description":"\u00celes Surin depuis Khao Lak : snorkeling, village Moken, 3 repas et parc national inclus. Excursion compl\u00e8te en speedboat.","robots":{"index":"index","follow":"follow","max-snippet":"max-snippet:-1","max-image-preview":"max-image-preview:large","max-video-preview":"max-video-preview:-1"},"canonical":"https:\/\/lunayatravel.com\/en\/product\/iles-surin-excursion-khao-lak\/","og_locale":"en_GB","og_type":"article","og_title":"\u00celes Surin \u2013 Excursion journ\u00e9e en speedboat -","og_description":"\u00celes Surin depuis Khao Lak : snorkeling, village Moken, 3 repas et parc national inclus. Excursion compl\u00e8te en speedboat.","og_url":"https:\/\/lunayatravel.com\/en\/product\/iles-surin-excursion-khao-lak\/","article_publisher":"https:\/\/www.facebook.com\/lunayaTravel\/","article_modified_time":"2026-04-14T08:38:22+00:00","og_image":[{"width":331,"height":234,"url":"https:\/\/lunayatravel.com\/wp-content\/uploads\/2025\/08\/telecharger-7.webp","type":"image\/webp"}],"twitter_card":"summary_large_image","twitter_misc":{"Estimated reading time":"2 minutes"},"schema":{"@context":"https:\/\/schema.org","@graph":[{"@type":"WebPage","@id":"https:\/\/lunayatravel.com\/produit\/iles-surin-excursion-khao-lak\/","url":"https:\/\/lunayatravel.com\/produit\/iles-surin-excursion-khao-lak\/","name":"\u00celes Surin \u2013 Excursion journ\u00e9e en speedboat -","isPartOf":{"@id":"https:\/\/lunayatravel.com\/#website"},"primaryImageOfPage":{"@id":"https:\/\/lunayatravel.com\/produit\/iles-surin-excursion-khao-lak\/#primaryimage"},"image":{"@id":"https:\/\/lunayatravel.com\/produit\/iles-surin-excursion-khao-lak\/#primaryimage"},"thumbnailUrl":"https:\/\/lunayatravel.com\/wp-content\/uploads\/2025\/08\/telecharger-7.webp","datePublished":"2025-08-05T11:13:42+00:00","dateModified":"2026-04-14T08:38:22+00:00","description":"\u00celes Surin depuis Khao Lak : snorkeling, village Moken, 3 repas et parc national inclus. Excursion compl\u00e8te en speedboat.","breadcrumb":{"@id":"https:\/\/lunayatravel.com\/produit\/iles-surin-excursion-khao-lak\/#breadcrumb"},"inLanguage":"en-GB","potentialAction":[{"@type":"ReadAction","target":["https:\/\/lunayatravel.com\/produit\/iles-surin-excursion-khao-lak\/"]}]},{"@type":"ImageObject","inLanguage":"en-GB","@id":"https:\/\/lunayatravel.com\/produit\/iles-surin-excursion-khao-lak\/#primaryimage","url":"https:\/\/lunayatravel.com\/wp-content\/uploads\/2025\/08\/telecharger-7.webp","contentUrl":"https:\/\/lunayatravel.com\/wp-content\/uploads\/2025\/08\/telecharger-7.webp","width":331,"height":234,"caption":"surin"},{"@type":"BreadcrumbList","@id":"https:\/\/lunayatravel.com\/produit\/iles-surin-excursion-khao-lak\/#breadcrumb","itemListElement":[{"@type":"ListItem","position":1,"name":"Accueil","item":"https:\/\/lunayatravel.com\/"},{"@type":"ListItem","position":2,"name":"Nos activit\u00e9s","item":"https:\/\/lunayatravel.com\/nos-activites\/"},{"@type":"ListItem","position":3,"name":"\u00celes Surin \u2013 Excursion journ\u00e9e en speedboat"}]},{"@type":"WebSite","@id":"https:\/\/lunayatravel.com\/#website","url":"https:\/\/lunayatravel.com\/","name":"","description":"","publisher":{"@id":"https:\/\/lunayatravel.com\/#organization"},"potentialAction":[{"@type":"SearchAction","target":{"@type":"EntryPoint","urlTemplate":"https:\/\/lunayatravel.com\/?s={search_term_string}"},"query-input":{"@type":"PropertyValueSpecification","valueRequired":true,"valueName":"search_term_string"}}],"inLanguage":"en-GB"},{"@type":"Organization","@id":"https:\/\/lunayatravel.com\/#organization","name":"Lunaya travel","alternateName":"Lunaya travel","url":"https:\/\/lunayatravel.com\/","logo":{"@type":"ImageObject","inLanguage":"en-GB","@id":"https:\/\/lunayatravel.com\/#\/schema\/logo\/image\/","url":"https:\/\/lunayatravel.com\/wp-content\/uploads\/2026\/03\/cropped-647319118_2379115739204013_337015058165053143_n.jpg","contentUrl":"https:\/\/lunayatravel.com\/wp-content\/uploads\/2026\/03\/cropped-647319118_2379115739204013_337015058165053143_n.jpg","width":1022,"height":1023,"caption":"Lunaya travel"},"image":{"@id":"https:\/\/lunayatravel.com\/#\/schema\/logo\/image\/"},"sameAs":["https:\/\/www.facebook.com\/lunayaTravel\/"]}]}},"uagb_featured_image_src":{"full":["https:\/\/lunayatravel.com\/wp-content\/uploads\/2025\/08\/telecharger-7.webp",331,234,false],"thumbnail":["https:\/\/lunayatravel.com\/wp-content\/uploads\/2025\/08\/telecharger-7-150x150.webp",150,150,true],"medium":["https:\/\/lunayatravel.com\/wp-content\/uploads\/2025\/08\/telecharger-7-300x212.webp",300,212,true],"medium_large":["https:\/\/lunayatravel.com\/wp-content\/uploads\/2025\/08\/telecharger-7.webp",331,234,false],"large":["https:\/\/lunayatravel.com\/wp-content\/uploads\/2025\/08\/telecharger-7.webp",331,234,false],"1536x1536":["https:\/\/lunayatravel.com\/wp-content\/uploads\/2025\/08\/telecharger-7.webp",331,234,false],"2048x2048":["https:\/\/lunayatravel.com\/wp-content\/uploads\/2025\/08\/telecharger-7.webp",331,234,false],"trp-custom-language-flag":["https:\/\/lunayatravel.com\/wp-content\/uploads\/2025\/08\/telecharger-7.webp",18,12,false],"widget-thumbnail":["https:\/\/lunayatravel.com\/wp-content\/uploads\/2025\/08\/telecharger-7-75x75.webp",75,75,true],"mailpoet_newsletter_max":["https:\/\/lunayatravel.com\/wp-content\/uploads\/2025\/08\/telecharger-7.webp",331,234,false],"woocommerce_thumbnail":["https:\/\/lunayatravel.com\/wp-content\/uploads\/2025\/08\/telecharger-7-300x234.webp",300,234,true],"woocommerce_single":["https:\/\/lunayatravel.com\/wp-content\/uploads\/2025\/08\/telecharger-7.webp",331,234,false],"woocommerce_gallery_thumbnail":["https:\/\/lunayatravel.com\/wp-content\/uploads\/2025\/08\/telecharger-7-100x100.webp",100,100,true],"sow-carousel-default":["https:\/\/lunayatravel.com\/wp-content\/uploads\/2025\/08\/telecharger-7-272x182.webp",272,182,true]},"uagb_author_info":{"display_name":"haemers stephanie","author_link":"https:\/\/lunayatravel.com\/en\/author\/"},"uagb_comment_info":0,"uagb_excerpt":"Description D\u00e9part de Khao Lak en groupe partag\u00e9 pour une journ\u00e9e immersive aux \u00eeles Surin Explorez le Parc National des \u00eeles Surin, r\u00e9put\u00e9 pour ses eaux cristallines et sa biodiversit\u00e9 Rencontrez les Moken, peuple nomade de la mer D\u00e9couvrez des fonds marins parmi les plus pr\u00e9serv\u00e9s de Tha\u00eflande Profitez d\u2019une exp\u00e9rience compl\u00e8te entre nature, culture&hellip;","jetpack_sharing_enabled":true,"_links":{"self":[{"href":"https:\/\/lunayatravel.com\/en\/wp-json\/wp\/v2\/product\/30623","targetHints":{"allow":["GET"]}}],"collection":[{"href":"https:\/\/lunayatravel.com\/en\/wp-json\/wp\/v2\/product"}],"about":[{"href":"https:\/\/lunayatravel.com\/en\/wp-json\/wp\/v2\/types\/product"}],"replies":[{"embeddable":true,"href":"https:\/\/lunayatravel.com\/en\/wp-json\/wp\/v2\/comments?post=30623"}],"wp:featuredmedia":[{"embeddable":true,"href":"https:\/\/lunayatravel.com\/en\/wp-json\/wp\/v2\/media\/30620"}],"wp:attachment":[{"href":"https:\/\/lunayatravel.com\/en\/wp-json\/wp\/v2\/media?parent=30623"}],"wp:term":[{"taxonomy":"product_brand","embeddable":true,"href":"https:\/\/lunayatravel.com\/en\/wp-json\/wp\/v2\/product_brand?post=30623"},{"taxonomy":"product_cat","embeddable":true,"href":"https:\/\/lunayatravel.com\/en\/wp-json\/wp\/v2\/product_cat?post=30623"},{"taxonomy":"product_tag","embeddable":true,"href":"https:\/\/lunayatravel.com\/en\/wp-json\/wp\/v2\/product_tag?post=30623"}],"curies":[{"name":"wp","href":"https:\/\/api.w.org\/{rel}","templated":true}]}}