{"id":30622,"date":"2025-08-05T13:08:26","date_gmt":"2025-08-05T11:08:26","guid":{"rendered":"https:\/\/itctoursvoyages.com\/?post_type=product&#038;p=30622"},"modified":"2025-08-05T13:09:03","modified_gmt":"2025-08-05T11:09:03","slug":"%f0%9f%90%a0-excursion-privee-iles-surin-en-speedboat-1-jour-complet-2","status":"publish","type":"product","link":"https:\/\/lunayatravel.com\/en\/product\/%f0%9f%90%a0-excursion-privee-iles-surin-en-speedboat-1-jour-complet-2\/","title":{"rendered":"\ud83d\udc20 Private Excursion - Surin Islands by Speedboat (1 Full Day)"},"content":{"rendered":"<h3 data-start=\"959\" data-end=\"993\">\ud83d\udd58 <strong data-start=\"966\" data-end=\"993\">Programme for the day<\/strong><\/h3>\n<ul data-start=\"995\" data-end=\"1838\">\n<li data-start=\"995\" data-end=\"1107\">\n<p data-start=\"997\" data-end=\"1107\"><strong data-start=\"997\" data-end=\"1014\">07.40 a.m. - 08.00 a.m.<\/strong> Welcome at the Wow Andaman private port (check-in, Thai breakfast + coffee\/tea, equipment)<\/p>\n<\/li>\n<li data-start=\"1108\" data-end=\"1171\">\n<p data-start=\"1110\" data-end=\"1171\"><strong data-start=\"1110\" data-end=\"1119\">08h30<\/strong> Guide briefing and departure for the Surin Islands<\/p>\n<\/li>\n<li data-start=\"1172\" data-end=\"1271\">\n<p data-start=\"1174\" data-end=\"1271\"><strong data-start=\"1174\" data-end=\"1183\">10h15<\/strong> Visit to <strong data-start=\"1196\" data-end=\"1213\">Moken village<\/strong>sea nomads still living according to their traditions<\/p>\n<\/li>\n<li data-start=\"1272\" data-end=\"1366\">\n<p data-start=\"1274\" data-end=\"1366\"><strong data-start=\"1274\" data-end=\"1283\">11h20<\/strong> 1st snorkelling in <strong data-start=\"1303\" data-end=\"1320\">Pineapple Bay<\/strong> (coral reefs &amp; underwater cliffs)<\/p>\n<\/li>\n<li data-start=\"1367\" data-end=\"1449\">\n<p data-start=\"1369\" data-end=\"1449\"><strong data-start=\"1369\" data-end=\"1378\">12h15<\/strong> Lunch at the park restaurant + relaxation on Ao Chong Kad beach<\/p>\n<\/li>\n<li data-start=\"1450\" data-end=\"1535\">\n<p data-start=\"1452\" data-end=\"1535\"><strong data-start=\"1452\" data-end=\"1461\">12h45<\/strong> Nature walk with the guide to discover the island's ecosystem<\/p>\n<\/li>\n<li data-start=\"1536\" data-end=\"1616\">\n<p data-start=\"1538\" data-end=\"1616\"><strong data-start=\"1538\" data-end=\"1547\">13h30<\/strong> : Snorkelling at <strong data-start=\"1564\" data-end=\"1595\">clownfish village<\/strong> (Nemo and anemones)<\/p>\n<\/li>\n<li data-start=\"1617\" data-end=\"1702\">\n<p data-start=\"1619\" data-end=\"1702\"><strong data-start=\"1619\" data-end=\"1628\">14h20<\/strong> Last snorkelling stop at <strong data-start=\"1658\" data-end=\"1673\">Mae Yai Bay<\/strong> (diverse marine fauna)<\/p>\n<\/li>\n<li data-start=\"1703\" data-end=\"1756\">\n<p data-start=\"1705\" data-end=\"1756\"><strong data-start=\"1705\" data-end=\"1714\">15h30<\/strong> Return to Wow Andaman private port<\/p>\n<\/li>\n<li data-start=\"1757\" data-end=\"1838\">\n<p data-start=\"1759\" data-end=\"1838\"><strong data-start=\"1759\" data-end=\"1768\">17h15<\/strong> : <strong data-start=\"1771\" data-end=\"1805\">Local southern Thai dinner<\/strong> at the port before returning to the hotel<\/p>\n<\/li>\n<\/ul>\n<p data-start=\"1840\" data-end=\"1927\">\u26d4 The itinerary may be adjusted according to weather and tide conditions for your comfort.<\/p>\n<hr data-start=\"1929\" data-end=\"1932\" \/>\n<h3 data-start=\"1934\" data-end=\"1951\">\ud83e\udded <strong data-start=\"1941\" data-end=\"1949\">Location<\/strong><\/h3>\n<p data-start=\"1952\" data-end=\"2105\">\ud83d\udccd Departure : Wow Andaman private pier<br data-start=\"1986\" data-end=\"1989\" \/>\ud83d\udccd Destination: Surin Islands - Marine National Park<br data-start=\"2038\" data-end=\"2041\" \/>\ud83d\udccd Pick-up: Phuket or Khao Lak (private transfer included)<\/p>\n<h3 data-start=\"2112\" data-end=\"2152\">\ud83d\udc64 <strong data-start=\"2119\" data-end=\"2150\">Privatised for your group<\/strong><\/h3>\n<ul data-start=\"2153\" data-end=\"2237\">\n<li data-start=\"2153\" data-end=\"2189\">\n<p data-start=\"2155\" data-end=\"2189\">Minimum recommended: 2 people<\/p>\n<\/li>\n<li data-start=\"2153\" data-end=\"2189\">maximum: 20 people<\/li>\n<li data-start=\"2190\" data-end=\"2237\">\n<p data-start=\"2192\" data-end=\"2237\">Duration: Full day (approx. 07.40 - 17.15)<\/p>\n<\/li>\n<\/ul>","protected":false},"excerpt":{"rendered":"<p data-start=\"224\" data-end=\"259\"><strong data-start=\"224\" data-end=\"259\">From Khao Lak or Phuket<\/strong><\/p>\n<p data-start=\"261\" data-end=\"543\">Treat yourself to a <strong data-start=\"277\" data-end=\"307\">an unforgettable day at sea<\/strong> with this private excursion to the <strong data-start=\"344\" data-end=\"376\">Surin Islands National Park<\/strong>renowned for its unspoilt coral reefs, clownfish (Nemo), Moken villages and unspoilt nature. All in an exclusive and comfortable atmosphere.<\/p>\n<hr data-start=\"545\" data-end=\"548\" \/>\n<h3 data-start=\"550\" data-end=\"572\">\u2705 <strong data-start=\"556\" data-end=\"572\">Highlights<\/strong><\/h3>\n<ul data-start=\"573\" data-end=\"952\">\n<li data-start=\"573\" data-end=\"616\">\n<p data-start=\"575\" data-end=\"616\">Excursion 100 % <strong data-start=\"591\" data-end=\"601\">private<\/strong> by speedboat<\/p>\n<\/li>\n<li data-start=\"617\" data-end=\"674\">\n<p data-start=\"619\" data-end=\"674\">Meet the Moken people, the nomads of the sea<\/p>\n<\/li>\n<li data-start=\"675\" data-end=\"763\">\n<p data-start=\"677\" data-end=\"763\">3 <strong data-start=\"679\" data-end=\"716\">exceptional snorkelling spots<\/strong> (corals, clownfish, rare marine fauna)<\/p>\n<\/li>\n<li data-start=\"764\" data-end=\"826\">\n<p data-start=\"766\" data-end=\"826\">Exploring the island's nature with a passionate guide<\/p>\n<\/li>\n<li data-start=\"827\" data-end=\"905\">\n<p data-start=\"829\" data-end=\"905\">Full meal included (breakfast, seafood lunch, local dinner)<\/p>\n<\/li>\n<li data-start=\"906\" data-end=\"952\">\n<p data-start=\"908\" data-end=\"952\">Premium services at Wow Andaman private port<\/p>\n<\/li>\n<\/ul>","protected":false},"featured_media":30621,"comment_status":"open","ping_status":"closed","template":"","meta":{"_uag_custom_page_level_css":""},"product_brand":[],"product_cat":[67],"product_tag":[],"class_list":{"0":"post-30622","1":"product","2":"type-product","3":"status-publish","4":"has-post-thumbnail","6":"product_cat-phuket","8":"first","9":"instock","10":"virtual","11":"taxable","12":"purchasable","13":"product-type-simple"},"yoast_head":"<!-- This site is optimized with the Yoast SEO plugin v27.1.1 - https:\/\/yoast.com\/product\/yoast-seo-wordpress\/ -->\n<title>\ud83d\udc20 Excursion Priv\u00e9e \u2013 \u00celes Surin en Speedboat (1 Jour Complet) -<\/title>\n<meta name=\"robots\" content=\"index, follow, max-snippet:-1, max-image-preview:large, max-video-preview:-1\" \/>\n<link rel=\"canonical\" href=\"https:\/\/lunayatravel.com\/en\/product\/\ud83d\udc20-excursion-privee-iles-surin-en-speedboat-1-jour-complet-2\/\" \/>\n<meta property=\"og:locale\" content=\"en_GB\" \/>\n<meta property=\"og:type\" content=\"article\" \/>\n<meta property=\"og:title\" content=\"\ud83d\udc20 Excursion Priv\u00e9e \u2013 \u00celes Surin en Speedboat (1 Jour Complet) -\" \/>\n<meta property=\"og:description\" content=\"Au d\u00e9part de Khao Lak ou Phuket Offrez-vous une journ\u00e9e inoubliable en mer avec cette excursion priv\u00e9e vers le Parc National des \u00celes Surin, r\u00e9put\u00e9 pour ses r\u00e9cifs coralliens intacts, ses poissons-clowns (Nemo), ses villages Moken et sa nature pr\u00e9serv\u00e9e. Le tout dans une ambiance exclusive et confortable.     \u2705 Points forts    Excursion 100 % priv\u00e9e en speedboat    Rencontre avec le peuple Moken, les nomades de la mer    3 spots de snorkeling exceptionnels (coraux, poissons-clowns, faune marine rare)    Exploration de la nature insulaire avec un guide passionn\u00e9    Repas complet inclus (petit-d\u00e9jeuner, d\u00e9jeuner fruits de mer, d\u00eener local)    Services premium au port priv\u00e9 Wow Andaman\" \/>\n<meta property=\"og:url\" content=\"https:\/\/lunayatravel.com\/en\/product\/\ud83d\udc20-excursion-privee-iles-surin-en-speedboat-1-jour-complet-2\/\" \/>\n<meta property=\"article:publisher\" content=\"https:\/\/www.facebook.com\/lunayaTravel\/\" \/>\n<meta property=\"article:modified_time\" content=\"2025-08-05T11:09:03+00:00\" \/>\n<meta property=\"og:image\" content=\"https:\/\/lunayatravel.com\/wp-content\/uploads\/2025\/08\/telecharger-6.webp\" \/>\n\t<meta property=\"og:image:width\" content=\"331\" \/>\n\t<meta property=\"og:image:height\" content=\"234\" \/>\n\t<meta property=\"og:image:type\" content=\"image\/webp\" \/>\n<meta name=\"twitter:card\" content=\"summary_large_image\" \/>\n<meta name=\"twitter:label1\" content=\"Estimated reading time\" \/>\n\t<meta name=\"twitter:data1\" content=\"1 minute\" \/>\n<script type=\"application\/ld+json\" class=\"yoast-schema-graph\">{\"@context\":\"https:\/\/schema.org\",\"@graph\":[{\"@type\":\"WebPage\",\"@id\":\"https:\/\/lunayatravel.com\/produit\/%f0%9f%90%a0-excursion-privee-iles-surin-en-speedboat-1-jour-complet-2\/\",\"url\":\"https:\/\/lunayatravel.com\/produit\/%f0%9f%90%a0-excursion-privee-iles-surin-en-speedboat-1-jour-complet-2\/\",\"name\":\"\ud83d\udc20 Excursion Priv\u00e9e \u2013 \u00celes Surin en Speedboat (1 Jour Complet) -\",\"isPartOf\":{\"@id\":\"https:\/\/lunayatravel.com\/#website\"},\"primaryImageOfPage\":{\"@id\":\"https:\/\/lunayatravel.com\/produit\/%f0%9f%90%a0-excursion-privee-iles-surin-en-speedboat-1-jour-complet-2\/#primaryimage\"},\"image\":{\"@id\":\"https:\/\/lunayatravel.com\/produit\/%f0%9f%90%a0-excursion-privee-iles-surin-en-speedboat-1-jour-complet-2\/#primaryimage\"},\"thumbnailUrl\":\"https:\/\/lunayatravel.com\/wp-content\/uploads\/2025\/08\/telecharger-6.webp\",\"datePublished\":\"2025-08-05T11:08:26+00:00\",\"dateModified\":\"2025-08-05T11:09:03+00:00\",\"breadcrumb\":{\"@id\":\"https:\/\/lunayatravel.com\/produit\/%f0%9f%90%a0-excursion-privee-iles-surin-en-speedboat-1-jour-complet-2\/#breadcrumb\"},\"inLanguage\":\"en-GB\",\"potentialAction\":[{\"@type\":\"ReadAction\",\"target\":[\"https:\/\/lunayatravel.com\/produit\/%f0%9f%90%a0-excursion-privee-iles-surin-en-speedboat-1-jour-complet-2\/\"]}]},{\"@type\":\"ImageObject\",\"inLanguage\":\"en-GB\",\"@id\":\"https:\/\/lunayatravel.com\/produit\/%f0%9f%90%a0-excursion-privee-iles-surin-en-speedboat-1-jour-complet-2\/#primaryimage\",\"url\":\"https:\/\/lunayatravel.com\/wp-content\/uploads\/2025\/08\/telecharger-6.webp\",\"contentUrl\":\"https:\/\/lunayatravel.com\/wp-content\/uploads\/2025\/08\/telecharger-6.webp\",\"width\":331,\"height\":234,\"caption\":\"surin\"},{\"@type\":\"BreadcrumbList\",\"@id\":\"https:\/\/lunayatravel.com\/produit\/%f0%9f%90%a0-excursion-privee-iles-surin-en-speedboat-1-jour-complet-2\/#breadcrumb\",\"itemListElement\":[{\"@type\":\"ListItem\",\"position\":1,\"name\":\"Accueil\",\"item\":\"https:\/\/lunayatravel.com\/\"},{\"@type\":\"ListItem\",\"position\":2,\"name\":\"Nos activit\u00e9s\",\"item\":\"https:\/\/lunayatravel.com\/nos-activites\/\"},{\"@type\":\"ListItem\",\"position\":3,\"name\":\"\ud83d\udc20 Excursion Priv\u00e9e \u2013 \u00celes Surin en Speedboat (1 Jour Complet)\"}]},{\"@type\":\"WebSite\",\"@id\":\"https:\/\/lunayatravel.com\/#website\",\"url\":\"https:\/\/lunayatravel.com\/\",\"name\":\"\",\"description\":\"\",\"publisher\":{\"@id\":\"https:\/\/lunayatravel.com\/#organization\"},\"potentialAction\":[{\"@type\":\"SearchAction\",\"target\":{\"@type\":\"EntryPoint\",\"urlTemplate\":\"https:\/\/lunayatravel.com\/?s={search_term_string}\"},\"query-input\":{\"@type\":\"PropertyValueSpecification\",\"valueRequired\":true,\"valueName\":\"search_term_string\"}}],\"inLanguage\":\"en-GB\"},{\"@type\":\"Organization\",\"@id\":\"https:\/\/lunayatravel.com\/#organization\",\"name\":\"Lunaya travel\",\"alternateName\":\"Lunaya travel\",\"url\":\"https:\/\/lunayatravel.com\/\",\"logo\":{\"@type\":\"ImageObject\",\"inLanguage\":\"en-GB\",\"@id\":\"https:\/\/lunayatravel.com\/#\/schema\/logo\/image\/\",\"url\":\"https:\/\/lunayatravel.com\/wp-content\/uploads\/2026\/03\/cropped-647319118_2379115739204013_337015058165053143_n.jpg\",\"contentUrl\":\"https:\/\/lunayatravel.com\/wp-content\/uploads\/2026\/03\/cropped-647319118_2379115739204013_337015058165053143_n.jpg\",\"width\":1022,\"height\":1023,\"caption\":\"Lunaya travel\"},\"image\":{\"@id\":\"https:\/\/lunayatravel.com\/#\/schema\/logo\/image\/\"},\"sameAs\":[\"https:\/\/www.facebook.com\/lunayaTravel\/\"]}]}<\/script>\n<!-- \/ Yoast SEO plugin. -->","yoast_head_json":{"title":"\ud83d\udc20 Excursion Priv\u00e9e \u2013 \u00celes Surin en Speedboat (1 Jour Complet) -","robots":{"index":"index","follow":"follow","max-snippet":"max-snippet:-1","max-image-preview":"max-image-preview:large","max-video-preview":"max-video-preview:-1"},"canonical":"https:\/\/lunayatravel.com\/en\/product\/\ud83d\udc20-excursion-privee-iles-surin-en-speedboat-1-jour-complet-2\/","og_locale":"en_GB","og_type":"article","og_title":"\ud83d\udc20 Excursion Priv\u00e9e \u2013 \u00celes Surin en Speedboat (1 Jour Complet) -","og_description":"Au d\u00e9part de Khao Lak ou Phuket Offrez-vous une journ\u00e9e inoubliable en mer avec cette excursion priv\u00e9e vers le Parc National des \u00celes Surin, r\u00e9put\u00e9 pour ses r\u00e9cifs coralliens intacts, ses poissons-clowns (Nemo), ses villages Moken et sa nature pr\u00e9serv\u00e9e. Le tout dans une ambiance exclusive et confortable.     \u2705 Points forts    Excursion 100 % priv\u00e9e en speedboat    Rencontre avec le peuple Moken, les nomades de la mer    3 spots de snorkeling exceptionnels (coraux, poissons-clowns, faune marine rare)    Exploration de la nature insulaire avec un guide passionn\u00e9    Repas complet inclus (petit-d\u00e9jeuner, d\u00e9jeuner fruits de mer, d\u00eener local)    Services premium au port priv\u00e9 Wow Andaman","og_url":"https:\/\/lunayatravel.com\/en\/product\/\ud83d\udc20-excursion-privee-iles-surin-en-speedboat-1-jour-complet-2\/","article_publisher":"https:\/\/www.facebook.com\/lunayaTravel\/","article_modified_time":"2025-08-05T11:09:03+00:00","og_image":[{"width":331,"height":234,"url":"https:\/\/lunayatravel.com\/wp-content\/uploads\/2025\/08\/telecharger-6.webp","type":"image\/webp"}],"twitter_card":"summary_large_image","twitter_misc":{"Estimated reading time":"1 minute"},"schema":{"@context":"https:\/\/schema.org","@graph":[{"@type":"WebPage","@id":"https:\/\/lunayatravel.com\/produit\/%f0%9f%90%a0-excursion-privee-iles-surin-en-speedboat-1-jour-complet-2\/","url":"https:\/\/lunayatravel.com\/produit\/%f0%9f%90%a0-excursion-privee-iles-surin-en-speedboat-1-jour-complet-2\/","name":"\ud83d\udc20 Excursion Priv\u00e9e \u2013 \u00celes Surin en Speedboat (1 Jour Complet) -","isPartOf":{"@id":"https:\/\/lunayatravel.com\/#website"},"primaryImageOfPage":{"@id":"https:\/\/lunayatravel.com\/produit\/%f0%9f%90%a0-excursion-privee-iles-surin-en-speedboat-1-jour-complet-2\/#primaryimage"},"image":{"@id":"https:\/\/lunayatravel.com\/produit\/%f0%9f%90%a0-excursion-privee-iles-surin-en-speedboat-1-jour-complet-2\/#primaryimage"},"thumbnailUrl":"https:\/\/lunayatravel.com\/wp-content\/uploads\/2025\/08\/telecharger-6.webp","datePublished":"2025-08-05T11:08:26+00:00","dateModified":"2025-08-05T11:09:03+00:00","breadcrumb":{"@id":"https:\/\/lunayatravel.com\/produit\/%f0%9f%90%a0-excursion-privee-iles-surin-en-speedboat-1-jour-complet-2\/#breadcrumb"},"inLanguage":"en-GB","potentialAction":[{"@type":"ReadAction","target":["https:\/\/lunayatravel.com\/produit\/%f0%9f%90%a0-excursion-privee-iles-surin-en-speedboat-1-jour-complet-2\/"]}]},{"@type":"ImageObject","inLanguage":"en-GB","@id":"https:\/\/lunayatravel.com\/produit\/%f0%9f%90%a0-excursion-privee-iles-surin-en-speedboat-1-jour-complet-2\/#primaryimage","url":"https:\/\/lunayatravel.com\/wp-content\/uploads\/2025\/08\/telecharger-6.webp","contentUrl":"https:\/\/lunayatravel.com\/wp-content\/uploads\/2025\/08\/telecharger-6.webp","width":331,"height":234,"caption":"surin"},{"@type":"BreadcrumbList","@id":"https:\/\/lunayatravel.com\/produit\/%f0%9f%90%a0-excursion-privee-iles-surin-en-speedboat-1-jour-complet-2\/#breadcrumb","itemListElement":[{"@type":"ListItem","position":1,"name":"Accueil","item":"https:\/\/lunayatravel.com\/"},{"@type":"ListItem","position":2,"name":"Nos activit\u00e9s","item":"https:\/\/lunayatravel.com\/nos-activites\/"},{"@type":"ListItem","position":3,"name":"\ud83d\udc20 Excursion Priv\u00e9e \u2013 \u00celes Surin en Speedboat (1 Jour Complet)"}]},{"@type":"WebSite","@id":"https:\/\/lunayatravel.com\/#website","url":"https:\/\/lunayatravel.com\/","name":"","description":"","publisher":{"@id":"https:\/\/lunayatravel.com\/#organization"},"potentialAction":[{"@type":"SearchAction","target":{"@type":"EntryPoint","urlTemplate":"https:\/\/lunayatravel.com\/?s={search_term_string}"},"query-input":{"@type":"PropertyValueSpecification","valueRequired":true,"valueName":"search_term_string"}}],"inLanguage":"en-GB"},{"@type":"Organization","@id":"https:\/\/lunayatravel.com\/#organization","name":"Lunaya travel","alternateName":"Lunaya travel","url":"https:\/\/lunayatravel.com\/","logo":{"@type":"ImageObject","inLanguage":"en-GB","@id":"https:\/\/lunayatravel.com\/#\/schema\/logo\/image\/","url":"https:\/\/lunayatravel.com\/wp-content\/uploads\/2026\/03\/cropped-647319118_2379115739204013_337015058165053143_n.jpg","contentUrl":"https:\/\/lunayatravel.com\/wp-content\/uploads\/2026\/03\/cropped-647319118_2379115739204013_337015058165053143_n.jpg","width":1022,"height":1023,"caption":"Lunaya travel"},"image":{"@id":"https:\/\/lunayatravel.com\/#\/schema\/logo\/image\/"},"sameAs":["https:\/\/www.facebook.com\/lunayaTravel\/"]}]}},"uagb_featured_image_src":{"full":["https:\/\/lunayatravel.com\/wp-content\/uploads\/2025\/08\/telecharger-6.webp",331,234,false],"thumbnail":["https:\/\/lunayatravel.com\/wp-content\/uploads\/2025\/08\/telecharger-6-150x150.webp",150,150,true],"medium":["https:\/\/lunayatravel.com\/wp-content\/uploads\/2025\/08\/telecharger-6-300x212.webp",300,212,true],"medium_large":["https:\/\/lunayatravel.com\/wp-content\/uploads\/2025\/08\/telecharger-6.webp",331,234,false],"large":["https:\/\/lunayatravel.com\/wp-content\/uploads\/2025\/08\/telecharger-6.webp",331,234,false],"1536x1536":["https:\/\/lunayatravel.com\/wp-content\/uploads\/2025\/08\/telecharger-6.webp",331,234,false],"2048x2048":["https:\/\/lunayatravel.com\/wp-content\/uploads\/2025\/08\/telecharger-6.webp",331,234,false],"trp-custom-language-flag":["https:\/\/lunayatravel.com\/wp-content\/uploads\/2025\/08\/telecharger-6.webp",18,12,false],"widget-thumbnail":["https:\/\/lunayatravel.com\/wp-content\/uploads\/2025\/08\/telecharger-6-75x75.webp",75,75,true],"mailpoet_newsletter_max":["https:\/\/lunayatravel.com\/wp-content\/uploads\/2025\/08\/telecharger-6.webp",331,234,false],"woocommerce_thumbnail":["https:\/\/lunayatravel.com\/wp-content\/uploads\/2025\/08\/telecharger-6-300x234.webp",300,234,true],"woocommerce_single":["https:\/\/lunayatravel.com\/wp-content\/uploads\/2025\/08\/telecharger-6.webp",331,234,false],"woocommerce_gallery_thumbnail":["https:\/\/lunayatravel.com\/wp-content\/uploads\/2025\/08\/telecharger-6-100x100.webp",100,100,true],"sow-carousel-default":["https:\/\/lunayatravel.com\/wp-content\/uploads\/2025\/08\/telecharger-6-272x182.webp",272,182,true]},"uagb_author_info":{"display_name":"haemers stephanie","author_link":"https:\/\/lunayatravel.com\/en\/author\/"},"uagb_comment_info":0,"uagb_excerpt":"Au d\u00e9part de Khao Lak ou Phuket Offrez-vous une journ\u00e9e inoubliable en mer avec cette excursion priv\u00e9e vers le Parc National des \u00celes Surin, r\u00e9put\u00e9 pour ses r\u00e9cifs coralliens intacts, ses poissons-clowns (Nemo), ses villages Moken et sa nature pr\u00e9serv\u00e9e. Le tout dans une ambiance exclusive et confortable. \u2705 Points forts Excursion 100 % priv\u00e9e&hellip;","jetpack_sharing_enabled":true,"_links":{"self":[{"href":"https:\/\/lunayatravel.com\/en\/wp-json\/wp\/v2\/product\/30622","targetHints":{"allow":["GET"]}}],"collection":[{"href":"https:\/\/lunayatravel.com\/en\/wp-json\/wp\/v2\/product"}],"about":[{"href":"https:\/\/lunayatravel.com\/en\/wp-json\/wp\/v2\/types\/product"}],"replies":[{"embeddable":true,"href":"https:\/\/lunayatravel.com\/en\/wp-json\/wp\/v2\/comments?post=30622"}],"wp:featuredmedia":[{"embeddable":true,"href":"https:\/\/lunayatravel.com\/en\/wp-json\/wp\/v2\/media\/30621"}],"wp:attachment":[{"href":"https:\/\/lunayatravel.com\/en\/wp-json\/wp\/v2\/media?parent=30622"}],"wp:term":[{"taxonomy":"product_brand","embeddable":true,"href":"https:\/\/lunayatravel.com\/en\/wp-json\/wp\/v2\/product_brand?post=30622"},{"taxonomy":"product_cat","embeddable":true,"href":"https:\/\/lunayatravel.com\/en\/wp-json\/wp\/v2\/product_cat?post=30622"},{"taxonomy":"product_tag","embeddable":true,"href":"https:\/\/lunayatravel.com\/en\/wp-json\/wp\/v2\/product_tag?post=30622"}],"curies":[{"name":"wp","href":"https:\/\/api.w.org\/{rel}","templated":true}]}}