{"id":30617,"date":"2025-08-05T13:08:08","date_gmt":"2025-08-05T11:08:08","guid":{"rendered":"https:\/\/itctoursvoyages.com\/?post_type=product&#038;p=30617"},"modified":"2026-04-14T10:53:32","modified_gmt":"2026-04-14T08:53:32","slug":"iles-surin-excursion-privee-speedboat","status":"publish","type":"product","link":"https:\/\/lunayatravel.com\/en\/product\/iles-surin-excursion-privee-speedboat\/","title":{"rendered":"Surin Islands \u2013 Private speedboat excursion"},"content":{"rendered":"<p data-start=\"189\" data-end=\"360\"><strong data-start=\"189\" data-end=\"358\">Offrez-vous une exp\u00e9rience exclusive aux \u00eeles Surin avec cette excursion priv\u00e9e en speedboat, entre snorkeling d\u2019exception, nature pr\u00e9serv\u00e9e et rencontre culturelle.<\/strong><\/p>\n<p data-start=\"362\" data-end=\"488\">Une journ\u00e9e haut de gamme, id\u00e9ale pour profiter pleinement de l\u2019un des plus beaux parcs marins de Tha\u00eflande, loin des groupes.<\/p>\n<hr data-start=\"490\" data-end=\"493\" \/>\n<h2 data-section-id=\"1fvgfrc\" data-start=\"495\" data-end=\"544\">\u00a0Why choose a private tour?<\/h2>\n<ul data-start=\"546\" data-end=\"747\">\n<li data-section-id=\"yyiqj1\" data-start=\"546\" data-end=\"584\">Bateau privatis\u00e9 pour votre groupe<\/li>\n<li data-section-id=\"xx2c4j\" data-start=\"585\" data-end=\"628\">Exp\u00e9rience plus flexible et confortable<\/li>\n<li data-section-id=\"1758pm0\" data-start=\"629\" data-end=\"660\">Acc\u00e8s \u00e0 des spots pr\u00e9serv\u00e9s<\/li>\n<li data-section-id=\"wsx4g0\" data-start=\"661\" data-end=\"704\">Id\u00e9al pour couples, familles ou groupes<\/li>\n<li data-section-id=\"uv9kvn\" data-start=\"705\" data-end=\"747\">Journ\u00e9e personnalis\u00e9e selon conditions<\/li>\n<\/ul>\n<hr data-start=\"749\" data-end=\"752\" \/>\n<h2 data-section-id=\"10uavfq\" data-start=\"754\" data-end=\"776\">\u00a0Highlights<\/h2>\n<ul data-start=\"778\" data-end=\"1077\">\n<li data-section-id=\"1rjt5xr\" data-start=\"778\" data-end=\"811\">Excursion priv\u00e9e en speedboat<\/li>\n<li data-section-id=\"1m4mwj7\" data-start=\"812\" data-end=\"846\">Rencontre avec le peuple Moken<\/li>\n<li data-section-id=\"1t9fr6n\" data-start=\"847\" data-end=\"895\">Trois sessions de snorkeling exceptionnelles<\/li>\n<li data-section-id=\"map604\" data-start=\"896\" data-end=\"941\">D\u00e9couverte de r\u00e9cifs coralliens pr\u00e9serv\u00e9s<\/li>\n<li data-section-id=\"1d2ee4d\" data-start=\"942\" data-end=\"981\">Relaxing on the beach at Ao Chong Kad<\/li>\n<li data-section-id=\"sqljvz\" data-start=\"982\" data-end=\"1041\">Repas complets inclus (petit-d\u00e9jeuner, d\u00e9jeuner, d\u00eener)<\/li>\n<li data-section-id=\"1hidqwr\" data-start=\"1042\" data-end=\"1077\">Acc\u00e8s au pier priv\u00e9 Wow Andaman<\/li>\n<\/ul>\n<hr data-start=\"1079\" data-end=\"1082\" \/>\n<h2 data-section-id=\"1wj5s8l\" data-start=\"1084\" data-end=\"1117\">\u00a0Programme for the day<\/h2>\n<h3 data-section-id=\"t6phdb\" data-start=\"1119\" data-end=\"1146\">Accueil &amp; d\u00e9part<\/h3>\n<ul data-start=\"1148\" data-end=\"1312\">\n<li data-section-id=\"7a9p4w\" data-start=\"1148\" data-end=\"1205\"><strong data-start=\"1150\" data-end=\"1169\">07h40 \u2013 08h00 :<\/strong> Accueil au port priv\u00e9 Wow Andaman<\/li>\n<li data-section-id=\"16ah0we\" data-start=\"1206\" data-end=\"1264\">Petit-d\u00e9jeuner tha\u00ef, caf\u00e9\/th\u00e9 et \u00e9quipement snorkeling<\/li>\n<li data-section-id=\"e8oid0\" data-start=\"1265\" data-end=\"1312\"><strong data-start=\"1267\" data-end=\"1278\">08:30<\/strong> Briefing et d\u00e9part en speedboat<\/li>\n<\/ul>\n<hr data-start=\"1314\" data-end=\"1317\" \/>\n<h3 data-section-id=\"1nmnfw9\" data-start=\"1319\" data-end=\"1343\">\u00a0Village Moken<\/h3>\n<ul data-start=\"1345\" data-end=\"1467\">\n<li data-section-id=\"ocamna\" data-start=\"1345\" data-end=\"1378\"><strong data-start=\"1347\" data-end=\"1358\">10h15 :<\/strong> Visite du village<\/li>\n<li data-section-id=\"3bgyxe\" data-start=\"1379\" data-end=\"1419\">Rencontre avec les nomades de la mer<\/li>\n<li data-section-id=\"k72gzu\" data-start=\"1420\" data-end=\"1467\">D\u00e9couverte de leur mode de vie traditionnel<\/li>\n<\/ul>\n<hr data-start=\"1469\" data-end=\"1472\" \/>\n<h3 data-section-id=\"ohf9va\" data-start=\"1474\" data-end=\"1511\">Snorkeling \u2013 Pineapple Bay<\/h3>\n<ul data-start=\"1513\" data-end=\"1615\">\n<li data-section-id=\"nbbdrl\" data-start=\"1513\" data-end=\"1553\"><strong data-start=\"1515\" data-end=\"1526\">11h20 :<\/strong> Premier arr\u00eat snorkeling<\/li>\n<li data-section-id=\"13jgkq5\" data-start=\"1554\" data-end=\"1615\">Exploration de r\u00e9cifs coralliens et falaises sous-marines<\/li>\n<\/ul>\n<hr data-start=\"1617\" data-end=\"1620\" \/>\n<h3 data-section-id=\"ezy7ao\" data-start=\"1622\" data-end=\"1649\">D\u00e9jeuner &amp; plage<\/h3>\n<ul data-start=\"1651\" data-end=\"1737\">\n<li data-section-id=\"1bve95n\" data-start=\"1651\" data-end=\"1697\"><strong data-start=\"1653\" data-end=\"1664\">12h15 :<\/strong> D\u00e9jeuner au restaurant du parc<\/li>\n<li data-section-id=\"1d2ee4d\" data-start=\"1698\" data-end=\"1737\">Relaxing on the beach at Ao Chong Kad<\/li>\n<\/ul>\n<hr data-start=\"1739\" data-end=\"1742\" \/>\n<h3 data-section-id=\"l1z1ya\" data-start=\"1744\" data-end=\"1779\">Exploration &amp; snorkeling<\/h3>\n<ul data-start=\"1781\" data-end=\"1936\">\n<li data-section-id=\"1bzfaa4\" data-start=\"1781\" data-end=\"1824\"><strong data-start=\"1783\" data-end=\"1794\">12h45 :<\/strong> Balade nature avec le guide<\/li>\n<li data-section-id=\"1187yl7\" data-start=\"1825\" data-end=\"1887\"><strong data-start=\"1827\" data-end=\"1838\">8:30 PM<\/strong> Snorkeling au \u201cNemo Village\u201d (poissons-clowns)<\/li>\n<li data-section-id=\"gn75oe\" data-start=\"1888\" data-end=\"1936\"><strong data-start=\"1890\" data-end=\"1901\">14h20 :<\/strong> Dernier snorkeling \u00e0 Mae Yai Bay<\/li>\n<\/ul>\n<hr data-start=\"1938\" data-end=\"1941\" \/>\n<h3 data-section-id=\"1qolvdl\" data-start=\"1943\" data-end=\"1968\">\u00a0Retour &amp; d\u00eener<\/h3>\n<ul data-start=\"1970\" data-end=\"2077\">\n<li data-section-id=\"11vubmc\" data-start=\"1970\" data-end=\"2005\"><strong data-start=\"1972\" data-end=\"1983\">15h30 :<\/strong> Retour vers le port<\/li>\n<li data-section-id=\"1r779ff\" data-start=\"2006\" data-end=\"2052\"><strong data-start=\"2008\" data-end=\"2019\">17h15 :<\/strong> Local southern Thai dinner<\/li>\n<li data-section-id=\"19i6jso\" data-start=\"2053\" data-end=\"2077\">Return to your hotel<\/li>\n<\/ul>\n<hr data-start=\"2079\" data-end=\"2082\" \/>\n<h2 data-section-id=\"m50aq\" data-start=\"2084\" data-end=\"2111\">\u00a0What's included<\/h2>\n<ul data-start=\"2113\" data-end=\"2426\">\n<li data-section-id=\"1x6qyz8\" data-start=\"2113\" data-end=\"2166\">Transfert priv\u00e9 aller-retour (Phuket ou Khao Lak)<\/li>\n<li data-section-id=\"4toq18\" data-start=\"2167\" data-end=\"2190\">Speedboat privatis\u00e9<\/li>\n<li data-section-id=\"1ywq9uf\" data-start=\"2191\" data-end=\"2228\">Petit-d\u00e9jeuner, d\u00e9jeuner et d\u00eener<\/li>\n<li data-section-id=\"1dhas0q\" data-start=\"2229\" data-end=\"2268\">Snacks et boissons toute la journ\u00e9e<\/li>\n<li data-section-id=\"1n8mbnp\" data-start=\"2269\" data-end=\"2302\">\u00c9quipement snorkeling complet<\/li>\n<li data-section-id=\"15ye6x9\" data-start=\"2303\" data-end=\"2325\">Beach towel<\/li>\n<li data-section-id=\"pineuh\" data-start=\"2326\" data-end=\"2362\">National park entrance fees<\/li>\n<li data-section-id=\"1tmmi3r\" data-start=\"2363\" data-end=\"2376\">Insurance<\/li>\n<li data-section-id=\"1s3ehep\" data-start=\"2377\" data-end=\"2426\">Acc\u00e8s aux installations premium du pier priv\u00e9<\/li>\n<\/ul>\n<hr data-start=\"2428\" data-end=\"2431\" \/>\n<h2 data-section-id=\"dp4bwk\" data-start=\"2433\" data-end=\"2453\">Not included<\/h2>\n<ul data-start=\"2455\" data-end=\"2508\">\n<li data-section-id=\"1lp81df\" data-start=\"2455\" data-end=\"2480\">Personal expenses<\/li>\n<li data-section-id=\"1az5kxu\" data-start=\"2481\" data-end=\"2508\">Tips (optional)<\/li>\n<\/ul>\n<hr data-start=\"2510\" data-end=\"2513\" \/>\n<h2 data-section-id=\"fnnlp2\" data-start=\"2515\" data-end=\"2547\">\u00a0Practical information<\/h2>\n<ul data-start=\"2549\" data-end=\"2686\">\n<li data-section-id=\"t9ikhb\" data-start=\"2549\" data-end=\"2574\">Dur\u00e9e : 07h40 \u2013 17h15<\/li>\n<li data-section-id=\"4cqt3r\" data-start=\"2575\" data-end=\"2609\">Activit\u00e9 priv\u00e9e (non partag\u00e9e)<\/li>\n<li data-section-id=\"1hr80ut\" data-start=\"2610\" data-end=\"2639\">Groupe : 2 \u00e0 20 personnes<\/li>\n<li data-section-id=\"1fdt8ip\" data-start=\"2640\" data-end=\"2686\">Itin\u00e9raire adaptable selon m\u00e9t\u00e9o et mar\u00e9es<\/li>\n<\/ul>\n<hr data-start=\"2688\" data-end=\"2691\" \/>\n<h2 data-section-id=\"9cumks\" data-start=\"2693\" data-end=\"2712\">\u00a0What to expect<\/h2>\n<ul data-start=\"2714\" data-end=\"2808\">\n<li data-section-id=\"1h614oj\" data-start=\"2714\" data-end=\"2733\">Swimming costumes<\/li>\n<li data-section-id=\"u93uom\" data-start=\"2734\" data-end=\"2751\">Sun cream<\/li>\n<li data-section-id=\"1p2dfbx\" data-start=\"2752\" data-end=\"2774\">Sunglasses<\/li>\n<li data-section-id=\"16snb35\" data-start=\"2775\" data-end=\"2808\">Appareil photo ou sac \u00e9tanche<\/li>\n<\/ul>\n<hr data-start=\"2810\" data-end=\"2813\" \/>\n<h2 data-section-id=\"9803m\" data-start=\"2815\" data-end=\"2858\">\u00a0Tips for making the most of it<\/h2>\n<ul data-start=\"2860\" data-end=\"3021\">\n<li data-section-id=\"1b5i71r\" data-start=\"2860\" data-end=\"2912\">Profiter de la flexibilit\u00e9 de l\u2019excursion priv\u00e9e<\/li>\n<li data-section-id=\"s8fk6z\" data-start=\"2913\" data-end=\"2953\">Demander au guide vos spots pr\u00e9f\u00e9r\u00e9s<\/li>\n<li data-section-id=\"st67ox\" data-start=\"2954\" data-end=\"2990\">Prendre le temps de chaque arr\u00eat<\/li>\n<li data-section-id=\"2z9llw\" data-start=\"2991\" data-end=\"3021\">Apporter un peu de liquide<\/li>\n<\/ul>\n<hr data-start=\"3023\" data-end=\"3026\" \/>\n<h2 data-section-id=\"vw3zlx\" data-start=\"3028\" data-end=\"3062\">\u00a0FAQ \u2013 \u00celes Surin priv\u00e9es<\/h2>\n<p data-start=\"3064\" data-end=\"3146\"><strong data-start=\"3064\" data-end=\"3101\">Le bateau est-il vraiment priv\u00e9 ?<\/strong><br data-start=\"3101\" data-end=\"3104\" \/>Oui, r\u00e9serv\u00e9 uniquement pour votre groupe.<\/p>\n<p data-start=\"3148\" data-end=\"3216\"><strong data-start=\"3148\" data-end=\"3182\">Peut-on adapter le programme ?<\/strong><br data-start=\"3182\" data-end=\"3185\" \/>Oui, selon m\u00e9t\u00e9o et conditions.<\/p>\n<p data-start=\"3218\" data-end=\"3278\"><strong data-start=\"3218\" data-end=\"3249\">Les repas sont-ils inclus ?<\/strong><br data-start=\"3249\" data-end=\"3252\" \/>Oui, trois repas complets.<\/p>\n<p data-start=\"3280\" data-end=\"3369\"><strong data-start=\"3280\" data-end=\"3327\">Le snorkeling est-il adapt\u00e9 aux d\u00e9butants ?<\/strong><br data-start=\"3327\" data-end=\"3330\" \/>Oui, \u00e9quipement et encadrement fournis.<\/p>","protected":false},"excerpt":{"rendered":"<h3 data-section-id=\"hxsibk\" data-start=\"55\" data-end=\"72\">Description<\/h3>\n<ul data-start=\"74\" data-end=\"489\">\n<li data-section-id=\"1sulsz6\" data-start=\"74\" data-end=\"130\">D\u00e9part depuis Khao Lak ou Phuket en excursion priv\u00e9e<\/li>\n<li data-section-id=\"16y35c0\" data-start=\"131\" data-end=\"219\">Profitez d\u2019une journ\u00e9e exclusive aux \u00eeles Surin, au c\u0153ur d\u2019un parc national pr\u00e9serv\u00e9<\/li>\n<li data-section-id=\"1q872ra\" data-start=\"220\" data-end=\"297\">Explorez des r\u00e9cifs coralliens intacts et une faune marine exceptionnelle<\/li>\n<li data-section-id=\"1c5c2cl\" data-start=\"298\" data-end=\"365\">D\u00e9couvrez les poissons-clowns (Nemo) et une biodiversit\u00e9 unique<\/li>\n<li data-section-id=\"hf3myl\" data-start=\"366\" data-end=\"415\">Rencontrez le peuple Moken, nomades de la mer<\/li>\n<li data-section-id=\"xir1tb\" data-start=\"416\" data-end=\"489\">Vivez une exp\u00e9rience haut de gamme dans un cadre naturel exceptionnel<\/li>\n<\/ul>\n<hr data-start=\"491\" data-end=\"494\" \/>\n<h3 data-section-id=\"1x0npnp\" data-start=\"496\" data-end=\"514\">Highlights<\/h3>\n<ul data-start=\"516\" data-end=\"835\">\n<li data-section-id=\"1d369qz\" data-start=\"516\" data-end=\"555\">Excursion 100 % priv\u00e9e en speedboat<\/li>\n<li data-section-id=\"1m4mwj7\" data-start=\"556\" data-end=\"590\">Rencontre avec le peuple Moken<\/li>\n<li data-section-id=\"1bt8ihc\" data-start=\"591\" data-end=\"634\">Trois spots de snorkeling exceptionnels<\/li>\n<li data-section-id=\"98jnq8\" data-start=\"635\" data-end=\"697\">Exploring the island's nature with a passionate guide<\/li>\n<li data-section-id=\"1e6jpmr\" data-start=\"698\" data-end=\"778\">Repas complet inclus : petit-d\u00e9jeuner, d\u00e9jeuner fruits de mer et d\u00eener local<\/li>\n<li data-section-id=\"10y72uo\" data-start=\"779\" data-end=\"835\">Acc\u00e8s aux services premium du port priv\u00e9 Wow Andaman<\/li>\n<\/ul>","protected":false},"featured_media":30621,"comment_status":"open","ping_status":"closed","template":"","meta":{"_uag_custom_page_level_css":""},"product_brand":[],"product_cat":[35],"product_tag":[],"class_list":{"0":"post-30617","1":"product","2":"type-product","3":"status-publish","4":"has-post-thumbnail","6":"product_cat-khao-lak","8":"first","9":"instock","10":"virtual","11":"taxable","12":"purchasable","13":"product-type-simple"},"yoast_head":"<!-- This site is optimized with the Yoast SEO plugin v27.1.1 - https:\/\/yoast.com\/product\/yoast-seo-wordpress\/ -->\n<title>\u00celes Surin \u2013 Excursion priv\u00e9e en speedboat -<\/title>\n<meta name=\"description\" content=\"\u00celes Surin excursion priv\u00e9e : speedboat, snorkeling, village Moken et 3 repas inclus. Exp\u00e9rience exclusive depuis Phuket ou Khao Lak.\" \/>\n<meta name=\"robots\" content=\"index, follow, max-snippet:-1, max-image-preview:large, max-video-preview:-1\" \/>\n<link rel=\"canonical\" href=\"https:\/\/lunayatravel.com\/en\/product\/iles-surin-excursion-privee-speedboat\/\" \/>\n<meta property=\"og:locale\" content=\"en_GB\" \/>\n<meta property=\"og:type\" content=\"article\" \/>\n<meta property=\"og:title\" content=\"\u00celes Surin \u2013 Excursion priv\u00e9e en speedboat -\" \/>\n<meta property=\"og:description\" content=\"\u00celes Surin excursion priv\u00e9e : speedboat, snorkeling, village Moken et 3 repas inclus. Exp\u00e9rience exclusive depuis Phuket ou Khao Lak.\" \/>\n<meta property=\"og:url\" content=\"https:\/\/lunayatravel.com\/en\/product\/iles-surin-excursion-privee-speedboat\/\" \/>\n<meta property=\"article:publisher\" content=\"https:\/\/www.facebook.com\/lunayaTravel\/\" \/>\n<meta property=\"article:modified_time\" content=\"2026-04-14T08:53:32+00:00\" \/>\n<meta property=\"og:image\" content=\"https:\/\/lunayatravel.com\/wp-content\/uploads\/2025\/08\/telecharger-6.webp\" \/>\n\t<meta property=\"og:image:width\" content=\"331\" \/>\n\t<meta property=\"og:image:height\" content=\"234\" \/>\n\t<meta property=\"og:image:type\" content=\"image\/webp\" \/>\n<meta name=\"twitter:card\" content=\"summary_large_image\" \/>\n<meta name=\"twitter:label1\" content=\"Estimated reading time\" \/>\n\t<meta name=\"twitter:data1\" content=\"3 minutes\" \/>\n<script type=\"application\/ld+json\" class=\"yoast-schema-graph\">{\"@context\":\"https:\/\/schema.org\",\"@graph\":[{\"@type\":\"WebPage\",\"@id\":\"https:\/\/lunayatravel.com\/produit\/iles-surin-excursion-privee-speedboat\/\",\"url\":\"https:\/\/lunayatravel.com\/produit\/iles-surin-excursion-privee-speedboat\/\",\"name\":\"\u00celes Surin \u2013 Excursion priv\u00e9e en speedboat -\",\"isPartOf\":{\"@id\":\"https:\/\/lunayatravel.com\/#website\"},\"primaryImageOfPage\":{\"@id\":\"https:\/\/lunayatravel.com\/produit\/iles-surin-excursion-privee-speedboat\/#primaryimage\"},\"image\":{\"@id\":\"https:\/\/lunayatravel.com\/produit\/iles-surin-excursion-privee-speedboat\/#primaryimage\"},\"thumbnailUrl\":\"https:\/\/lunayatravel.com\/wp-content\/uploads\/2025\/08\/telecharger-6.webp\",\"datePublished\":\"2025-08-05T11:08:08+00:00\",\"dateModified\":\"2026-04-14T08:53:32+00:00\",\"description\":\"\u00celes Surin excursion priv\u00e9e : speedboat, snorkeling, village Moken et 3 repas inclus. Exp\u00e9rience exclusive depuis Phuket ou Khao Lak.\",\"breadcrumb\":{\"@id\":\"https:\/\/lunayatravel.com\/produit\/iles-surin-excursion-privee-speedboat\/#breadcrumb\"},\"inLanguage\":\"en-GB\",\"potentialAction\":[{\"@type\":\"ReadAction\",\"target\":[\"https:\/\/lunayatravel.com\/produit\/iles-surin-excursion-privee-speedboat\/\"]}]},{\"@type\":\"ImageObject\",\"inLanguage\":\"en-GB\",\"@id\":\"https:\/\/lunayatravel.com\/produit\/iles-surin-excursion-privee-speedboat\/#primaryimage\",\"url\":\"https:\/\/lunayatravel.com\/wp-content\/uploads\/2025\/08\/telecharger-6.webp\",\"contentUrl\":\"https:\/\/lunayatravel.com\/wp-content\/uploads\/2025\/08\/telecharger-6.webp\",\"width\":331,\"height\":234,\"caption\":\"surin\"},{\"@type\":\"BreadcrumbList\",\"@id\":\"https:\/\/lunayatravel.com\/produit\/iles-surin-excursion-privee-speedboat\/#breadcrumb\",\"itemListElement\":[{\"@type\":\"ListItem\",\"position\":1,\"name\":\"Accueil\",\"item\":\"https:\/\/lunayatravel.com\/\"},{\"@type\":\"ListItem\",\"position\":2,\"name\":\"Nos activit\u00e9s\",\"item\":\"https:\/\/lunayatravel.com\/nos-activites\/\"},{\"@type\":\"ListItem\",\"position\":3,\"name\":\"\u00celes Surin \u2013 Excursion priv\u00e9e en speedboat\"}]},{\"@type\":\"WebSite\",\"@id\":\"https:\/\/lunayatravel.com\/#website\",\"url\":\"https:\/\/lunayatravel.com\/\",\"name\":\"\",\"description\":\"\",\"publisher\":{\"@id\":\"https:\/\/lunayatravel.com\/#organization\"},\"potentialAction\":[{\"@type\":\"SearchAction\",\"target\":{\"@type\":\"EntryPoint\",\"urlTemplate\":\"https:\/\/lunayatravel.com\/?s={search_term_string}\"},\"query-input\":{\"@type\":\"PropertyValueSpecification\",\"valueRequired\":true,\"valueName\":\"search_term_string\"}}],\"inLanguage\":\"en-GB\"},{\"@type\":\"Organization\",\"@id\":\"https:\/\/lunayatravel.com\/#organization\",\"name\":\"Lunaya travel\",\"alternateName\":\"Lunaya travel\",\"url\":\"https:\/\/lunayatravel.com\/\",\"logo\":{\"@type\":\"ImageObject\",\"inLanguage\":\"en-GB\",\"@id\":\"https:\/\/lunayatravel.com\/#\/schema\/logo\/image\/\",\"url\":\"https:\/\/lunayatravel.com\/wp-content\/uploads\/2026\/03\/cropped-647319118_2379115739204013_337015058165053143_n.jpg\",\"contentUrl\":\"https:\/\/lunayatravel.com\/wp-content\/uploads\/2026\/03\/cropped-647319118_2379115739204013_337015058165053143_n.jpg\",\"width\":1022,\"height\":1023,\"caption\":\"Lunaya travel\"},\"image\":{\"@id\":\"https:\/\/lunayatravel.com\/#\/schema\/logo\/image\/\"},\"sameAs\":[\"https:\/\/www.facebook.com\/lunayaTravel\/\"]}]}<\/script>\n<!-- \/ Yoast SEO plugin. -->","yoast_head_json":{"title":"\u00celes Surin \u2013 Excursion priv\u00e9e en speedboat -","description":"\u00celes Surin excursion priv\u00e9e : speedboat, snorkeling, village Moken et 3 repas inclus. Exp\u00e9rience exclusive depuis Phuket ou Khao Lak.","robots":{"index":"index","follow":"follow","max-snippet":"max-snippet:-1","max-image-preview":"max-image-preview:large","max-video-preview":"max-video-preview:-1"},"canonical":"https:\/\/lunayatravel.com\/en\/product\/iles-surin-excursion-privee-speedboat\/","og_locale":"en_GB","og_type":"article","og_title":"\u00celes Surin \u2013 Excursion priv\u00e9e en speedboat -","og_description":"\u00celes Surin excursion priv\u00e9e : speedboat, snorkeling, village Moken et 3 repas inclus. Exp\u00e9rience exclusive depuis Phuket ou Khao Lak.","og_url":"https:\/\/lunayatravel.com\/en\/product\/iles-surin-excursion-privee-speedboat\/","article_publisher":"https:\/\/www.facebook.com\/lunayaTravel\/","article_modified_time":"2026-04-14T08:53:32+00:00","og_image":[{"width":331,"height":234,"url":"https:\/\/lunayatravel.com\/wp-content\/uploads\/2025\/08\/telecharger-6.webp","type":"image\/webp"}],"twitter_card":"summary_large_image","twitter_misc":{"Estimated reading time":"3 minutes"},"schema":{"@context":"https:\/\/schema.org","@graph":[{"@type":"WebPage","@id":"https:\/\/lunayatravel.com\/produit\/iles-surin-excursion-privee-speedboat\/","url":"https:\/\/lunayatravel.com\/produit\/iles-surin-excursion-privee-speedboat\/","name":"\u00celes Surin \u2013 Excursion priv\u00e9e en speedboat -","isPartOf":{"@id":"https:\/\/lunayatravel.com\/#website"},"primaryImageOfPage":{"@id":"https:\/\/lunayatravel.com\/produit\/iles-surin-excursion-privee-speedboat\/#primaryimage"},"image":{"@id":"https:\/\/lunayatravel.com\/produit\/iles-surin-excursion-privee-speedboat\/#primaryimage"},"thumbnailUrl":"https:\/\/lunayatravel.com\/wp-content\/uploads\/2025\/08\/telecharger-6.webp","datePublished":"2025-08-05T11:08:08+00:00","dateModified":"2026-04-14T08:53:32+00:00","description":"\u00celes Surin excursion priv\u00e9e : speedboat, snorkeling, village Moken et 3 repas inclus. Exp\u00e9rience exclusive depuis Phuket ou Khao Lak.","breadcrumb":{"@id":"https:\/\/lunayatravel.com\/produit\/iles-surin-excursion-privee-speedboat\/#breadcrumb"},"inLanguage":"en-GB","potentialAction":[{"@type":"ReadAction","target":["https:\/\/lunayatravel.com\/produit\/iles-surin-excursion-privee-speedboat\/"]}]},{"@type":"ImageObject","inLanguage":"en-GB","@id":"https:\/\/lunayatravel.com\/produit\/iles-surin-excursion-privee-speedboat\/#primaryimage","url":"https:\/\/lunayatravel.com\/wp-content\/uploads\/2025\/08\/telecharger-6.webp","contentUrl":"https:\/\/lunayatravel.com\/wp-content\/uploads\/2025\/08\/telecharger-6.webp","width":331,"height":234,"caption":"surin"},{"@type":"BreadcrumbList","@id":"https:\/\/lunayatravel.com\/produit\/iles-surin-excursion-privee-speedboat\/#breadcrumb","itemListElement":[{"@type":"ListItem","position":1,"name":"Accueil","item":"https:\/\/lunayatravel.com\/"},{"@type":"ListItem","position":2,"name":"Nos activit\u00e9s","item":"https:\/\/lunayatravel.com\/nos-activites\/"},{"@type":"ListItem","position":3,"name":"\u00celes Surin \u2013 Excursion priv\u00e9e en speedboat"}]},{"@type":"WebSite","@id":"https:\/\/lunayatravel.com\/#website","url":"https:\/\/lunayatravel.com\/","name":"","description":"","publisher":{"@id":"https:\/\/lunayatravel.com\/#organization"},"potentialAction":[{"@type":"SearchAction","target":{"@type":"EntryPoint","urlTemplate":"https:\/\/lunayatravel.com\/?s={search_term_string}"},"query-input":{"@type":"PropertyValueSpecification","valueRequired":true,"valueName":"search_term_string"}}],"inLanguage":"en-GB"},{"@type":"Organization","@id":"https:\/\/lunayatravel.com\/#organization","name":"Lunaya travel","alternateName":"Lunaya travel","url":"https:\/\/lunayatravel.com\/","logo":{"@type":"ImageObject","inLanguage":"en-GB","@id":"https:\/\/lunayatravel.com\/#\/schema\/logo\/image\/","url":"https:\/\/lunayatravel.com\/wp-content\/uploads\/2026\/03\/cropped-647319118_2379115739204013_337015058165053143_n.jpg","contentUrl":"https:\/\/lunayatravel.com\/wp-content\/uploads\/2026\/03\/cropped-647319118_2379115739204013_337015058165053143_n.jpg","width":1022,"height":1023,"caption":"Lunaya travel"},"image":{"@id":"https:\/\/lunayatravel.com\/#\/schema\/logo\/image\/"},"sameAs":["https:\/\/www.facebook.com\/lunayaTravel\/"]}]}},"uagb_featured_image_src":{"full":["https:\/\/lunayatravel.com\/wp-content\/uploads\/2025\/08\/telecharger-6.webp",331,234,false],"thumbnail":["https:\/\/lunayatravel.com\/wp-content\/uploads\/2025\/08\/telecharger-6-150x150.webp",150,150,true],"medium":["https:\/\/lunayatravel.com\/wp-content\/uploads\/2025\/08\/telecharger-6-300x212.webp",300,212,true],"medium_large":["https:\/\/lunayatravel.com\/wp-content\/uploads\/2025\/08\/telecharger-6.webp",331,234,false],"large":["https:\/\/lunayatravel.com\/wp-content\/uploads\/2025\/08\/telecharger-6.webp",331,234,false],"1536x1536":["https:\/\/lunayatravel.com\/wp-content\/uploads\/2025\/08\/telecharger-6.webp",331,234,false],"2048x2048":["https:\/\/lunayatravel.com\/wp-content\/uploads\/2025\/08\/telecharger-6.webp",331,234,false],"trp-custom-language-flag":["https:\/\/lunayatravel.com\/wp-content\/uploads\/2025\/08\/telecharger-6.webp",18,12,false],"widget-thumbnail":["https:\/\/lunayatravel.com\/wp-content\/uploads\/2025\/08\/telecharger-6-75x75.webp",75,75,true],"mailpoet_newsletter_max":["https:\/\/lunayatravel.com\/wp-content\/uploads\/2025\/08\/telecharger-6.webp",331,234,false],"woocommerce_thumbnail":["https:\/\/lunayatravel.com\/wp-content\/uploads\/2025\/08\/telecharger-6-300x234.webp",300,234,true],"woocommerce_single":["https:\/\/lunayatravel.com\/wp-content\/uploads\/2025\/08\/telecharger-6.webp",331,234,false],"woocommerce_gallery_thumbnail":["https:\/\/lunayatravel.com\/wp-content\/uploads\/2025\/08\/telecharger-6-100x100.webp",100,100,true],"sow-carousel-default":["https:\/\/lunayatravel.com\/wp-content\/uploads\/2025\/08\/telecharger-6-272x182.webp",272,182,true]},"uagb_author_info":{"display_name":"haemers stephanie","author_link":"https:\/\/lunayatravel.com\/en\/author\/"},"uagb_comment_info":0,"uagb_excerpt":"Description D\u00e9part depuis Khao Lak ou Phuket en excursion priv\u00e9e Profitez d\u2019une journ\u00e9e exclusive aux \u00eeles Surin, au c\u0153ur d\u2019un parc national pr\u00e9serv\u00e9 Explorez des r\u00e9cifs coralliens intacts et une faune marine exceptionnelle D\u00e9couvrez les poissons-clowns (Nemo) et une biodiversit\u00e9 unique Rencontrez le peuple Moken, nomades de la mer Vivez une exp\u00e9rience haut de gamme&hellip;","jetpack_sharing_enabled":true,"_links":{"self":[{"href":"https:\/\/lunayatravel.com\/en\/wp-json\/wp\/v2\/product\/30617","targetHints":{"allow":["GET"]}}],"collection":[{"href":"https:\/\/lunayatravel.com\/en\/wp-json\/wp\/v2\/product"}],"about":[{"href":"https:\/\/lunayatravel.com\/en\/wp-json\/wp\/v2\/types\/product"}],"replies":[{"embeddable":true,"href":"https:\/\/lunayatravel.com\/en\/wp-json\/wp\/v2\/comments?post=30617"}],"wp:featuredmedia":[{"embeddable":true,"href":"https:\/\/lunayatravel.com\/en\/wp-json\/wp\/v2\/media\/30621"}],"wp:attachment":[{"href":"https:\/\/lunayatravel.com\/en\/wp-json\/wp\/v2\/media?parent=30617"}],"wp:term":[{"taxonomy":"product_brand","embeddable":true,"href":"https:\/\/lunayatravel.com\/en\/wp-json\/wp\/v2\/product_brand?post=30617"},{"taxonomy":"product_cat","embeddable":true,"href":"https:\/\/lunayatravel.com\/en\/wp-json\/wp\/v2\/product_cat?post=30617"},{"taxonomy":"product_tag","embeddable":true,"href":"https:\/\/lunayatravel.com\/en\/wp-json\/wp\/v2\/product_tag?post=30617"}],"curies":[{"name":"wp","href":"https:\/\/api.w.org\/{rel}","templated":true}]}}