{"id":30612,"date":"2025-08-05T12:37:11","date_gmt":"2025-08-05T10:37:11","guid":{"rendered":"https:\/\/itctoursvoyages.com\/?post_type=product&#038;p=30612"},"modified":"2026-04-18T07:17:49","modified_gmt":"2026-04-18T05:17:49","slug":"baignade-elephants-khao-sok","status":"publish","type":"product","link":"https:\/\/lunayatravel.com\/en\/product\/baignade-elephants-khao-sok\/","title":{"rendered":"Swimming with elephants in Khao Sok"},"content":{"rendered":"<div class=\"no-scrollbar flex min-h-36 flex-nowrap gap-0.5 overflow-auto sm:gap-1 sm:overflow-hidden xl:min-h-44 mt-1 mb-5 [&amp;:not(:first-child)]:mt-4\">\n<div class=\"border-token-border-default relative w-32 shrink-0 overflow-hidden rounded-xl border-[0.5px] md:shrink max-h-64 sm:w-[calc((100%-0.5rem)\/3)] rounded-s-xl\">\n<div class=\"group\/search-image @container\/search-image relative rounded-[inherit] h-full w-full\">\n<div><\/div>\n<\/div>\n<\/div>\n<div class=\"border-token-border-default relative w-32 shrink-0 overflow-hidden rounded-xl border-[0.5px] md:shrink max-h-64 sm:w-[calc((100%-0.5rem)\/3)]\">\n<div class=\"group\/search-image @container\/search-image relative rounded-[inherit] h-full w-full\">\n<div><\/div>\n<\/div>\n<\/div>\n<div class=\"border-token-border-default relative w-32 shrink-0 overflow-hidden rounded-xl border-[0.5px] md:shrink max-h-64 sm:w-[calc((100%-0.5rem)\/3)] rounded-e-xl\">\n<div class=\"group\/search-image @container\/search-image relative rounded-[inherit] h-full w-full\">\n<div><\/div>\n<div class=\"pointer-events-none absolute inset-x-2 bottom-2 z-0 flex max-w-[calc(100%-1rem)] flex-wrap items-end justify-end gap-1.5\">\n<div class=\"shrink-0\">\n<div class=\"flex items-center gap-1 rounded-full px-2 py-1.5 text-white backdrop-blur-md backdrop-brightness-75\"><strong data-start=\"228\" data-end=\"358\">Vivez un moment unique et inoubliable en partageant un instant privil\u00e9gi\u00e9 avec les \u00e9l\u00e9phants dans un cadre naturel \u00e0 Khao Sok.<\/strong><\/div>\n<\/div>\n<\/div>\n<\/div>\n<\/div>\n<\/div>\n<p data-start=\"362\" data-end=\"439\">Une exp\u00e9rience douce et authentique, accessible \u00e0 tous, au c\u0153ur de la nature.<\/p>\n<hr data-start=\"441\" data-end=\"444\" \/>\n<h2 data-section-id=\"1jwnr10\" data-start=\"446\" data-end=\"491\">\u00a0Pourquoi choisir cette exp\u00e9rience ?<\/h2>\n<ul data-start=\"493\" data-end=\"701\">\n<li data-section-id=\"918mas\" data-start=\"493\" data-end=\"532\">Rencontre proche avec les \u00e9l\u00e9phants<\/li>\n<li data-section-id=\"11jxdyp\" data-start=\"533\" data-end=\"574\">Moment ludique et apaisant dans l\u2019eau<\/li>\n<li data-section-id=\"143mrfr\" data-start=\"575\" data-end=\"617\">Activit\u00e9 accessible \u00e0 toute la famille<\/li>\n<li data-section-id=\"17kyhhn\" data-start=\"618\" data-end=\"659\">Encadrement s\u00e9curis\u00e9 avec guide local<\/li>\n<li data-section-id=\"1j02fhg\" data-start=\"660\" data-end=\"701\">Exp\u00e9rience immersive en pleine nature<\/li>\n<\/ul>\n<hr data-start=\"703\" data-end=\"706\" \/>\n<h2 data-section-id=\"10uavfq\" data-start=\"708\" data-end=\"730\">\u00a0Points forts<\/h2>\n<ul data-start=\"732\" data-end=\"958\">\n<li data-section-id=\"rk0q2p\" data-start=\"732\" data-end=\"795\">Baignade avec les \u00e9l\u00e9phants dans leur environnement naturel<\/li>\n<li data-section-id=\"r091n2\" data-start=\"796\" data-end=\"833\">Interaction douce et respectueuse<\/li>\n<li data-section-id=\"1yfmq12\" data-start=\"834\" data-end=\"867\">Activit\u00e9 facile et accessible<\/li>\n<li data-section-id=\"dr2m70\" data-start=\"868\" data-end=\"914\">Petit groupe pour une meilleure exp\u00e9rience<\/li>\n<li data-section-id=\"jnxi93\" data-start=\"915\" data-end=\"958\">Id\u00e9al pour couples, familles et enfants<\/li>\n<\/ul>\n<hr data-start=\"960\" data-end=\"963\" \/>\n<h2 data-section-id=\"xghrmq\" data-start=\"965\" data-end=\"995\">\u00a0Horaires disponibles<\/h2>\n<ul data-start=\"997\" data-end=\"1088\">\n<li data-section-id=\"1jjwod1\" data-start=\"997\" data-end=\"1022\">Matin : 09h00 \u2013 10h30<\/li>\n<li data-section-id=\"pxcbrt\" data-start=\"1023\" data-end=\"1053\">Apr\u00e8s-midi : 13h00 \u2013 14h30<\/li>\n<li data-section-id=\"19rby5d\" data-start=\"1054\" data-end=\"1088\">Fin de journ\u00e9e : 15h00 \u2013 16h30<\/li>\n<\/ul>\n<p data-start=\"1090\" data-end=\"1112\">\u00a0Dur\u00e9e : 1h30 \u00e0 2h<\/p>\n<hr data-start=\"1114\" data-end=\"1117\" \/>\n<h2 data-section-id=\"1bj7quq\" data-start=\"1119\" data-end=\"1154\">\u00a0D\u00e9roulement de l\u2019activit\u00e9<\/h2>\n<h3 data-section-id=\"uvvfu\" data-start=\"1156\" data-end=\"1186\">\u00a0Accueil &amp; transfert<\/h3>\n<ul data-start=\"1230\" data-end=\"1307\">\n<li data-section-id=\"uxsd6o\" data-start=\"1230\" data-end=\"1280\">Prise en charge \u00e0 votre h\u00e9bergement \u00e0 Khao Sok<\/li>\n<li data-section-id=\"1bswg87\" data-start=\"1281\" data-end=\"1307\">Transfert vers le site<\/li>\n<\/ul>\n<hr data-start=\"1309\" data-end=\"1312\" \/>\n<h3 data-section-id=\"7ew6wq\" data-start=\"1314\" data-end=\"1345\">\u00a0Rencontre &amp; baignade<\/h3>\n<ul data-start=\"1389\" data-end=\"1496\">\n<li data-section-id=\"1su507b\" data-start=\"1389\" data-end=\"1421\">Rencontre avec les \u00e9l\u00e9phants<\/li>\n<li data-section-id=\"1m27fpt\" data-start=\"1422\" data-end=\"1459\">Interaction et moment de baignade<\/li>\n<li data-section-id=\"1qm9mne\" data-start=\"1460\" data-end=\"1496\">Observation de leur comportement<\/li>\n<\/ul>\n<hr data-start=\"1498\" data-end=\"1501\" \/>\n<h3 data-section-id=\"5j510r\" data-start=\"1503\" data-end=\"1526\">Fin &amp; retour<\/h3>\n<ul data-start=\"1528\" data-end=\"1586\">\n<li data-section-id=\"lkfpmo\" data-start=\"1528\" data-end=\"1555\">Temps libre pour photos<\/li>\n<li data-section-id=\"13poct9\" data-start=\"1556\" data-end=\"1586\">Retour \u00e0 votre h\u00e9bergement<\/li>\n<\/ul>\n<hr data-start=\"1588\" data-end=\"1591\" \/>\n<h2 data-section-id=\"m50aq\" data-start=\"1593\" data-end=\"1620\">\u00a0Ce qui est inclus<\/h2>\n<ul data-start=\"1622\" data-end=\"1720\">\n<li data-section-id=\"1xxrl5r\" data-start=\"1622\" data-end=\"1637\">Guide local<\/li>\n<li data-section-id=\"1ncyz1v\" data-start=\"1638\" data-end=\"1651\">Serviette<\/li>\n<li data-section-id=\"4ah9ba\" data-start=\"1652\" data-end=\"1677\">Eau potable et fruits<\/li>\n<li data-section-id=\"z0j9b7\" data-start=\"1678\" data-end=\"1720\">Transfert aller-retour depuis Khao Sok<\/li>\n<\/ul>\n<hr data-start=\"1722\" data-end=\"1725\" \/>\n<h2 data-section-id=\"fnnlp2\" data-start=\"1727\" data-end=\"1759\">\u00a0Informations pratiques<\/h2>\n<ul data-start=\"1761\" data-end=\"1868\">\n<li data-section-id=\"mimf0d\" data-start=\"1761\" data-end=\"1782\">Dur\u00e9e : 1h30 \u00e0 2h<\/li>\n<li data-section-id=\"1tnvk8m\" data-start=\"1783\" data-end=\"1802\">Niveau : facile<\/li>\n<li data-section-id=\"1wqkvv\" data-start=\"1803\" data-end=\"1828\">Minimum : 2 personnes<\/li>\n<li data-section-id=\"2bkyvh\" data-start=\"1829\" data-end=\"1868\">Activit\u00e9 adapt\u00e9e \u00e0 toute la famille<\/li>\n<\/ul>\n<hr data-start=\"1870\" data-end=\"1873\" \/>\n<h2 data-section-id=\"9cumks\" data-start=\"1875\" data-end=\"1894\">\u00c0 pr\u00e9voir<\/h2>\n<ul data-start=\"1896\" data-end=\"1979\">\n<li data-section-id=\"1h614oj\" data-start=\"1896\" data-end=\"1915\">Maillot de bain<\/li>\n<li data-section-id=\"1tbdz7n\" data-start=\"1916\" data-end=\"1927\">Chapeau<\/li>\n<li data-section-id=\"zk27iu\" data-start=\"1928\" data-end=\"1946\">Appareil photo<\/li>\n<li data-section-id=\"1tsa6dv\" data-start=\"1947\" data-end=\"1979\">Chaussures d\u2019eau ou sandales<\/li>\n<\/ul>\n<hr data-start=\"1981\" data-end=\"1984\" \/>\n<h2 data-section-id=\"1i6xco3\" data-start=\"1986\" data-end=\"2005\">\u00a0Important<\/h2>\n<p data-start=\"2007\" data-end=\"2122\">\u00a0Ne pas appliquer de cr\u00e8me solaire ou d\u2019anti-moustique avant l\u2019activit\u00e9<br data-start=\"2079\" data-end=\"2082\" \/>\u00a0Pour prot\u00e9ger la peau des \u00e9l\u00e9phants<\/p>\n<hr data-start=\"2124\" data-end=\"2127\" \/>\n<h2 data-section-id=\"9803m\" data-start=\"2129\" data-end=\"2172\">Conseils pour profiter au maximum<\/h2>\n<ul data-start=\"2174\" data-end=\"2303\">\n<li data-section-id=\"1nddnt2\" data-start=\"2174\" data-end=\"2214\">Porter des v\u00eatements adapt\u00e9s \u00e0 l\u2019eau<\/li>\n<li data-section-id=\"elboe9\" data-start=\"2215\" data-end=\"2242\">Apporter un sac \u00e9tanche<\/li>\n<li data-section-id=\"14yl0ro\" data-start=\"2243\" data-end=\"2268\">Respecter les animaux<\/li>\n<li data-section-id=\"6vesk7\" data-start=\"2269\" data-end=\"2303\">Profiter du moment sans stress<\/li>\n<\/ul>\n<hr data-start=\"2305\" data-end=\"2308\" \/>\n<h2 data-section-id=\"eaxck\" data-start=\"2310\" data-end=\"2353\">\u00a0FAQ \u2013 Baignade avec les \u00e9l\u00e9phants<\/h2>\n<p data-start=\"2355\" data-end=\"2422\"><strong data-start=\"2355\" data-end=\"2390\">L\u2019activit\u00e9 est-elle s\u00e9curis\u00e9e ?<\/strong><br data-start=\"2390\" data-end=\"2393\" \/>Oui, encadr\u00e9e par un guide.<\/p>\n<p data-start=\"2424\" data-end=\"2489\"><strong data-start=\"2424\" data-end=\"2460\">Peut-on venir avec des enfants ?<\/strong><br data-start=\"2460\" data-end=\"2463\" \/>Oui, activit\u00e9 familiale.<\/p>\n<p data-start=\"2491\" data-end=\"2544\"><strong data-start=\"2491\" data-end=\"2517\">Faut-il savoir nager ?<\/strong><br data-start=\"2517\" data-end=\"2520\" \/>Non, eau peu profonde.<\/p>\n<p data-start=\"2546\" data-end=\"2624\"><strong data-start=\"2546\" data-end=\"2584\">Les \u00e9l\u00e9phants sont-ils respect\u00e9s ?<\/strong><br data-start=\"2584\" data-end=\"2587\" \/>Oui, interaction douce et encadr\u00e9e.<\/p>\n","protected":false},"excerpt":{"rendered":"<h3 data-section-id=\"hxsibk\" data-start=\"55\" data-end=\"72\">Description<\/h3>\n<ul data-start=\"74\" data-end=\"476\">\n<li data-section-id=\"7w7js5\" data-start=\"74\" data-end=\"154\">Partage un moment inoubliable avec les \u00e9l\u00e9phants dans la rivi\u00e8re de Khao Sok<\/li>\n<li data-section-id=\"17fwhek\" data-start=\"155\" data-end=\"227\">Profite d\u2019une exp\u00e9rience encadr\u00e9e, douce et respectueuse des animaux<\/li>\n<li data-section-id=\"1vad6bl\" data-start=\"228\" data-end=\"299\">Marche aux c\u00f4t\u00e9s de ces g\u00e9ants paisibles accompagn\u00e9s de leur Mahout<\/li>\n<li data-section-id=\"1910vj7\" data-start=\"300\" data-end=\"347\">Nourris les \u00e9l\u00e9phants avec des fruits frais<\/li>\n<li data-section-id=\"1v977y0\" data-start=\"348\" data-end=\"404\">Descends dans l\u2019eau pour les laver et jouer avec eux<\/li>\n<li data-section-id=\"hhc1m1\" data-start=\"405\" data-end=\"476\">Vis une exp\u00e9rience authentique et \u00e9motionnelle au c\u0153ur de la nature<\/li>\n<\/ul>\n<hr data-start=\"478\" data-end=\"481\" \/>\n<h3 data-section-id=\"1x0npnp\" data-start=\"483\" data-end=\"501\">Highlights<\/h3>\n<ul data-start=\"503\" data-end=\"807\">\n<li data-section-id=\"icbadm\" data-start=\"503\" data-end=\"554\">Walking alongside elephants in the wild<\/li>\n<li data-section-id=\"1hpg2tj\" data-start=\"555\" data-end=\"588\">Feeding with fresh fruit<\/li>\n<li data-section-id=\"9vhfum\" data-start=\"589\" data-end=\"644\">Baignade et lavage dans la rivi\u00e8re avec les Mahouts<\/li>\n<li data-section-id=\"6hgmpt\" data-start=\"645\" data-end=\"699\">Exp\u00e9rience respectueuse, sans exploitation animale<\/li>\n<li data-section-id=\"1qfthkq\" data-start=\"700\" data-end=\"755\">D\u00e9couverte de l\u2019histoire des \u00e9l\u00e9phants en Tha\u00eflande<\/li>\n<li data-section-id=\"1df6fb3\" data-start=\"756\" data-end=\"807\">Activit\u00e9 accessible \u00e0 tous, facile et s\u00e9curis\u00e9e<\/li>\n<\/ul>\n<hr data-start=\"809\" data-end=\"812\" \/>\n<h3 data-section-id=\"libc0j\" data-start=\"814\" data-end=\"824\">Location<\/h3>\n<ul data-start=\"826\" data-end=\"884\">\n<li data-section-id=\"14id45e\" data-start=\"826\" data-end=\"884\">Elephant Sanctuary - Rommanee Village, Khao Sok<\/li>\n<\/ul>","protected":false},"featured_media":30614,"comment_status":"open","ping_status":"closed","template":"","meta":{"_uag_custom_page_level_css":""},"product_brand":[],"product_cat":[46],"product_tag":[],"class_list":{"0":"post-30612","1":"product","2":"type-product","3":"status-publish","4":"has-post-thumbnail","6":"product_cat-khao-sok","8":"first","9":"instock","10":"virtual","11":"taxable","12":"purchasable","13":"product-type-simple"},"yoast_head":"<!-- This site is optimized with the Yoast SEO plugin v27.1.1 - https:\/\/yoast.com\/product\/yoast-seo-wordpress\/ -->\n<title>Baignade avec les \u00e9l\u00e9phants \u00e0 Khao Sok -<\/title>\n<meta name=\"description\" content=\"Baignade avec les \u00e9l\u00e9phants \u00e0 Khao Sok : exp\u00e9rience unique, guide, transferts et fruits inclus. Activit\u00e9 facile et familiale.\" \/>\n<meta name=\"robots\" content=\"index, follow, max-snippet:-1, max-image-preview:large, max-video-preview:-1\" \/>\n<link rel=\"canonical\" href=\"https:\/\/lunayatravel.com\/en\/product\/baignade-elephants-khao-sok\/\" \/>\n<meta property=\"og:locale\" content=\"en_GB\" \/>\n<meta property=\"og:type\" content=\"article\" \/>\n<meta property=\"og:title\" content=\"Baignade avec les \u00e9l\u00e9phants \u00e0 Khao Sok -\" \/>\n<meta property=\"og:description\" content=\"Baignade avec les \u00e9l\u00e9phants \u00e0 Khao Sok : exp\u00e9rience unique, guide, transferts et fruits inclus. Activit\u00e9 facile et familiale.\" \/>\n<meta property=\"og:url\" content=\"https:\/\/lunayatravel.com\/en\/product\/baignade-elephants-khao-sok\/\" \/>\n<meta property=\"article:publisher\" content=\"https:\/\/www.facebook.com\/lunayaTravel\/\" \/>\n<meta property=\"article:modified_time\" content=\"2026-04-18T05:17:49+00:00\" \/>\n<meta property=\"og:image\" content=\"https:\/\/lunayatravel.com\/wp-content\/uploads\/2025\/08\/20181028_104126-scaled.webp\" \/>\n\t<meta property=\"og:image:width\" content=\"2560\" \/>\n\t<meta property=\"og:image:height\" content=\"1440\" \/>\n\t<meta property=\"og:image:type\" content=\"image\/webp\" \/>\n<meta name=\"twitter:card\" content=\"summary_large_image\" \/>\n<meta name=\"twitter:label1\" content=\"Estimated reading time\" \/>\n\t<meta name=\"twitter:data1\" content=\"2 minutes\" \/>\n<script type=\"application\/ld+json\" class=\"yoast-schema-graph\">{\"@context\":\"https:\/\/schema.org\",\"@graph\":[{\"@type\":\"WebPage\",\"@id\":\"https:\/\/lunayatravel.com\/produit\/baignade-elephants-khao-sok\/\",\"url\":\"https:\/\/lunayatravel.com\/produit\/baignade-elephants-khao-sok\/\",\"name\":\"Baignade avec les \u00e9l\u00e9phants \u00e0 Khao Sok -\",\"isPartOf\":{\"@id\":\"https:\/\/lunayatravel.com\/#website\"},\"primaryImageOfPage\":{\"@id\":\"https:\/\/lunayatravel.com\/produit\/baignade-elephants-khao-sok\/#primaryimage\"},\"image\":{\"@id\":\"https:\/\/lunayatravel.com\/produit\/baignade-elephants-khao-sok\/#primaryimage\"},\"thumbnailUrl\":\"https:\/\/lunayatravel.com\/wp-content\/uploads\/2025\/08\/20181028_104126-scaled.webp\",\"datePublished\":\"2025-08-05T10:37:11+00:00\",\"dateModified\":\"2026-04-18T05:17:49+00:00\",\"description\":\"Baignade avec les \u00e9l\u00e9phants \u00e0 Khao Sok : exp\u00e9rience unique, guide, transferts et fruits inclus. Activit\u00e9 facile et familiale.\",\"breadcrumb\":{\"@id\":\"https:\/\/lunayatravel.com\/produit\/baignade-elephants-khao-sok\/#breadcrumb\"},\"inLanguage\":\"en-GB\",\"potentialAction\":[{\"@type\":\"ReadAction\",\"target\":[\"https:\/\/lunayatravel.com\/produit\/baignade-elephants-khao-sok\/\"]}]},{\"@type\":\"ImageObject\",\"inLanguage\":\"en-GB\",\"@id\":\"https:\/\/lunayatravel.com\/produit\/baignade-elephants-khao-sok\/#primaryimage\",\"url\":\"https:\/\/lunayatravel.com\/wp-content\/uploads\/2025\/08\/20181028_104126-scaled.webp\",\"contentUrl\":\"https:\/\/lunayatravel.com\/wp-content\/uploads\/2025\/08\/20181028_104126-scaled.webp\",\"width\":2560,\"height\":1440,\"caption\":\"khao sok\"},{\"@type\":\"BreadcrumbList\",\"@id\":\"https:\/\/lunayatravel.com\/produit\/baignade-elephants-khao-sok\/#breadcrumb\",\"itemListElement\":[{\"@type\":\"ListItem\",\"position\":1,\"name\":\"Accueil\",\"item\":\"https:\/\/lunayatravel.com\/\"},{\"@type\":\"ListItem\",\"position\":2,\"name\":\"Nos activit\u00e9s\",\"item\":\"https:\/\/lunayatravel.com\/nos-activites\/\"},{\"@type\":\"ListItem\",\"position\":3,\"name\":\"Baignade avec les \u00e9l\u00e9phants \u00e0 Khao Sok\"}]},{\"@type\":\"WebSite\",\"@id\":\"https:\/\/lunayatravel.com\/#website\",\"url\":\"https:\/\/lunayatravel.com\/\",\"name\":\"\",\"description\":\"\",\"publisher\":{\"@id\":\"https:\/\/lunayatravel.com\/#organization\"},\"potentialAction\":[{\"@type\":\"SearchAction\",\"target\":{\"@type\":\"EntryPoint\",\"urlTemplate\":\"https:\/\/lunayatravel.com\/?s={search_term_string}\"},\"query-input\":{\"@type\":\"PropertyValueSpecification\",\"valueRequired\":true,\"valueName\":\"search_term_string\"}}],\"inLanguage\":\"en-GB\"},{\"@type\":\"Organization\",\"@id\":\"https:\/\/lunayatravel.com\/#organization\",\"name\":\"Lunaya travel\",\"alternateName\":\"Lunaya travel\",\"url\":\"https:\/\/lunayatravel.com\/\",\"logo\":{\"@type\":\"ImageObject\",\"inLanguage\":\"en-GB\",\"@id\":\"https:\/\/lunayatravel.com\/#\/schema\/logo\/image\/\",\"url\":\"https:\/\/lunayatravel.com\/wp-content\/uploads\/2026\/03\/cropped-647319118_2379115739204013_337015058165053143_n.jpg\",\"contentUrl\":\"https:\/\/lunayatravel.com\/wp-content\/uploads\/2026\/03\/cropped-647319118_2379115739204013_337015058165053143_n.jpg\",\"width\":1022,\"height\":1023,\"caption\":\"Lunaya travel\"},\"image\":{\"@id\":\"https:\/\/lunayatravel.com\/#\/schema\/logo\/image\/\"},\"sameAs\":[\"https:\/\/www.facebook.com\/lunayaTravel\/\"]}]}<\/script>\n<!-- \/ Yoast SEO plugin. -->","yoast_head_json":{"title":"Baignade avec les \u00e9l\u00e9phants \u00e0 Khao Sok -","description":"Baignade avec les \u00e9l\u00e9phants \u00e0 Khao Sok : exp\u00e9rience unique, guide, transferts et fruits inclus. Activit\u00e9 facile et familiale.","robots":{"index":"index","follow":"follow","max-snippet":"max-snippet:-1","max-image-preview":"max-image-preview:large","max-video-preview":"max-video-preview:-1"},"canonical":"https:\/\/lunayatravel.com\/en\/product\/baignade-elephants-khao-sok\/","og_locale":"en_GB","og_type":"article","og_title":"Baignade avec les \u00e9l\u00e9phants \u00e0 Khao Sok -","og_description":"Baignade avec les \u00e9l\u00e9phants \u00e0 Khao Sok : exp\u00e9rience unique, guide, transferts et fruits inclus. Activit\u00e9 facile et familiale.","og_url":"https:\/\/lunayatravel.com\/en\/product\/baignade-elephants-khao-sok\/","article_publisher":"https:\/\/www.facebook.com\/lunayaTravel\/","article_modified_time":"2026-04-18T05:17:49+00:00","og_image":[{"width":2560,"height":1440,"url":"https:\/\/lunayatravel.com\/wp-content\/uploads\/2025\/08\/20181028_104126-scaled.webp","type":"image\/webp"}],"twitter_card":"summary_large_image","twitter_misc":{"Estimated reading time":"2 minutes"},"schema":{"@context":"https:\/\/schema.org","@graph":[{"@type":"WebPage","@id":"https:\/\/lunayatravel.com\/produit\/baignade-elephants-khao-sok\/","url":"https:\/\/lunayatravel.com\/produit\/baignade-elephants-khao-sok\/","name":"Baignade avec les \u00e9l\u00e9phants \u00e0 Khao Sok -","isPartOf":{"@id":"https:\/\/lunayatravel.com\/#website"},"primaryImageOfPage":{"@id":"https:\/\/lunayatravel.com\/produit\/baignade-elephants-khao-sok\/#primaryimage"},"image":{"@id":"https:\/\/lunayatravel.com\/produit\/baignade-elephants-khao-sok\/#primaryimage"},"thumbnailUrl":"https:\/\/lunayatravel.com\/wp-content\/uploads\/2025\/08\/20181028_104126-scaled.webp","datePublished":"2025-08-05T10:37:11+00:00","dateModified":"2026-04-18T05:17:49+00:00","description":"Baignade avec les \u00e9l\u00e9phants \u00e0 Khao Sok : exp\u00e9rience unique, guide, transferts et fruits inclus. Activit\u00e9 facile et familiale.","breadcrumb":{"@id":"https:\/\/lunayatravel.com\/produit\/baignade-elephants-khao-sok\/#breadcrumb"},"inLanguage":"en-GB","potentialAction":[{"@type":"ReadAction","target":["https:\/\/lunayatravel.com\/produit\/baignade-elephants-khao-sok\/"]}]},{"@type":"ImageObject","inLanguage":"en-GB","@id":"https:\/\/lunayatravel.com\/produit\/baignade-elephants-khao-sok\/#primaryimage","url":"https:\/\/lunayatravel.com\/wp-content\/uploads\/2025\/08\/20181028_104126-scaled.webp","contentUrl":"https:\/\/lunayatravel.com\/wp-content\/uploads\/2025\/08\/20181028_104126-scaled.webp","width":2560,"height":1440,"caption":"khao sok"},{"@type":"BreadcrumbList","@id":"https:\/\/lunayatravel.com\/produit\/baignade-elephants-khao-sok\/#breadcrumb","itemListElement":[{"@type":"ListItem","position":1,"name":"Accueil","item":"https:\/\/lunayatravel.com\/"},{"@type":"ListItem","position":2,"name":"Nos activit\u00e9s","item":"https:\/\/lunayatravel.com\/nos-activites\/"},{"@type":"ListItem","position":3,"name":"Baignade avec les \u00e9l\u00e9phants \u00e0 Khao Sok"}]},{"@type":"WebSite","@id":"https:\/\/lunayatravel.com\/#website","url":"https:\/\/lunayatravel.com\/","name":"","description":"","publisher":{"@id":"https:\/\/lunayatravel.com\/#organization"},"potentialAction":[{"@type":"SearchAction","target":{"@type":"EntryPoint","urlTemplate":"https:\/\/lunayatravel.com\/?s={search_term_string}"},"query-input":{"@type":"PropertyValueSpecification","valueRequired":true,"valueName":"search_term_string"}}],"inLanguage":"en-GB"},{"@type":"Organization","@id":"https:\/\/lunayatravel.com\/#organization","name":"Lunaya travel","alternateName":"Lunaya travel","url":"https:\/\/lunayatravel.com\/","logo":{"@type":"ImageObject","inLanguage":"en-GB","@id":"https:\/\/lunayatravel.com\/#\/schema\/logo\/image\/","url":"https:\/\/lunayatravel.com\/wp-content\/uploads\/2026\/03\/cropped-647319118_2379115739204013_337015058165053143_n.jpg","contentUrl":"https:\/\/lunayatravel.com\/wp-content\/uploads\/2026\/03\/cropped-647319118_2379115739204013_337015058165053143_n.jpg","width":1022,"height":1023,"caption":"Lunaya travel"},"image":{"@id":"https:\/\/lunayatravel.com\/#\/schema\/logo\/image\/"},"sameAs":["https:\/\/www.facebook.com\/lunayaTravel\/"]}]}},"uagb_featured_image_src":{"full":["https:\/\/lunayatravel.com\/wp-content\/uploads\/2025\/08\/20181028_104126-scaled.webp",2560,1440,false],"thumbnail":["https:\/\/lunayatravel.com\/wp-content\/uploads\/2025\/08\/20181028_104126-150x150.webp",150,150,true],"medium":["https:\/\/lunayatravel.com\/wp-content\/uploads\/2025\/08\/20181028_104126-300x169.webp",300,169,true],"medium_large":["https:\/\/lunayatravel.com\/wp-content\/uploads\/2025\/08\/20181028_104126-768x432.webp",768,432,true],"large":["https:\/\/lunayatravel.com\/wp-content\/uploads\/2025\/08\/20181028_104126-1024x576.webp",1024,576,true],"1536x1536":["https:\/\/lunayatravel.com\/wp-content\/uploads\/2025\/08\/20181028_104126-1536x864.webp",1536,864,true],"2048x2048":["https:\/\/lunayatravel.com\/wp-content\/uploads\/2025\/08\/20181028_104126-2048x1152.webp",2048,1152,true],"trp-custom-language-flag":["https:\/\/lunayatravel.com\/wp-content\/uploads\/2025\/08\/20181028_104126-scaled.webp",18,10,false],"widget-thumbnail":["https:\/\/lunayatravel.com\/wp-content\/uploads\/2025\/08\/20181028_104126-75x75.webp",75,75,true],"mailpoet_newsletter_max":["https:\/\/lunayatravel.com\/wp-content\/uploads\/2025\/08\/20181028_104126-1320x743.webp",1320,743,true],"woocommerce_thumbnail":["https:\/\/lunayatravel.com\/wp-content\/uploads\/2025\/08\/20181028_104126-scaled-300x300.webp",300,300,true],"woocommerce_single":["https:\/\/lunayatravel.com\/wp-content\/uploads\/2025\/08\/20181028_104126-scaled-600x338.webp",600,338,true],"woocommerce_gallery_thumbnail":["https:\/\/lunayatravel.com\/wp-content\/uploads\/2025\/08\/20181028_104126-scaled-100x100.webp",100,100,true],"sow-carousel-default":["https:\/\/lunayatravel.com\/wp-content\/uploads\/2025\/08\/20181028_104126-272x182.webp",272,182,true]},"uagb_author_info":{"display_name":"haemers stephanie","author_link":"https:\/\/lunayatravel.com\/en\/author\/"},"uagb_comment_info":0,"uagb_excerpt":"Description Partage un moment inoubliable avec les \u00e9l\u00e9phants dans la rivi\u00e8re de Khao Sok Profite d\u2019une exp\u00e9rience encadr\u00e9e, douce et respectueuse des animaux Marche aux c\u00f4t\u00e9s de ces g\u00e9ants paisibles accompagn\u00e9s de leur Mahout Nourris les \u00e9l\u00e9phants avec des fruits frais Descends dans l\u2019eau pour les laver et jouer avec eux Vis une exp\u00e9rience authentique&hellip;","jetpack_sharing_enabled":true,"_links":{"self":[{"href":"https:\/\/lunayatravel.com\/en\/wp-json\/wp\/v2\/product\/30612","targetHints":{"allow":["GET"]}}],"collection":[{"href":"https:\/\/lunayatravel.com\/en\/wp-json\/wp\/v2\/product"}],"about":[{"href":"https:\/\/lunayatravel.com\/en\/wp-json\/wp\/v2\/types\/product"}],"replies":[{"embeddable":true,"href":"https:\/\/lunayatravel.com\/en\/wp-json\/wp\/v2\/comments?post=30612"}],"wp:featuredmedia":[{"embeddable":true,"href":"https:\/\/lunayatravel.com\/en\/wp-json\/wp\/v2\/media\/30614"}],"wp:attachment":[{"href":"https:\/\/lunayatravel.com\/en\/wp-json\/wp\/v2\/media?parent=30612"}],"wp:term":[{"taxonomy":"product_brand","embeddable":true,"href":"https:\/\/lunayatravel.com\/en\/wp-json\/wp\/v2\/product_brand?post=30612"},{"taxonomy":"product_cat","embeddable":true,"href":"https:\/\/lunayatravel.com\/en\/wp-json\/wp\/v2\/product_cat?post=30612"},{"taxonomy":"product_tag","embeddable":true,"href":"https:\/\/lunayatravel.com\/en\/wp-json\/wp\/v2\/product_tag?post=30612"}],"curies":[{"name":"wp","href":"https:\/\/api.w.org\/{rel}","templated":true}]}}