{"id":30607,"date":"2025-08-05T12:32:19","date_gmt":"2025-08-05T10:32:19","guid":{"rendered":"https:\/\/itctoursvoyages.com\/?post_type=product&#038;p=30607"},"modified":"2025-08-05T12:32:20","modified_gmt":"2025-08-05T10:32:20","slug":"%f0%9f%90%98-experience-ethique-avec-les-elephants-khao-sok","status":"publish","type":"product","link":"https:\/\/lunayatravel.com\/en\/product\/%f0%9f%90%98-experience-ethique-avec-les-elephants-khao-sok\/","title":{"rendered":"\ud83d\udc18 Ethical Experience with Elephants - Khao Sok"},"content":{"rendered":"<h3 data-start=\"989\" data-end=\"1006\">\ud83d\udccd <strong data-start=\"996\" data-end=\"1004\">Location<\/strong><\/h3>\n<p data-start=\"1007\" data-end=\"1061\">Elephant Sanctuary - Rommanee Village, Khao Sok<\/p>\n<hr data-start=\"1063\" data-end=\"1066\" \/>\n<h3 data-start=\"1068\" data-end=\"1112\">\ud83d\udd58 <strong data-start=\"1075\" data-end=\"1110\">Available times (to choose from)<\/strong><\/h3>\n<ul data-start=\"1113\" data-end=\"1280\">\n<li data-start=\"1113\" data-end=\"1142\">\n<p data-start=\"1115\" data-end=\"1142\"><strong data-start=\"1115\" data-end=\"1124\">Morning<\/strong> 09h00 - 11h00<\/p>\n<\/li>\n<li data-start=\"1143\" data-end=\"1177\">\n<p data-start=\"1145\" data-end=\"1177\"><strong data-start=\"1145\" data-end=\"1159\">Afternoon<\/strong> 1.00 pm - 3.00 pm<\/p>\n<\/li>\n<li data-start=\"1178\" data-end=\"1216\">\n<p data-start=\"1180\" data-end=\"1216\"><strong data-start=\"1180\" data-end=\"1198\">End of day<\/strong> 3.00 pm - 5.00 pm<\/p>\n<\/li>\n<li data-start=\"1217\" data-end=\"1252\">\n<p data-start=\"1219\" data-end=\"1252\"><strong data-start=\"1219\" data-end=\"1235\">Total duration<\/strong> 2 to 3 hours<\/p>\n<\/li>\n<li data-start=\"1253\" data-end=\"1280\">\n<p data-start=\"1255\" data-end=\"1280\"><strong data-start=\"1255\" data-end=\"1280\">Minimum: 2 people<\/strong><\/p>\n<\/li>\n<\/ul>\n<hr data-start=\"1282\" data-end=\"1285\" \/>\n<h3 data-start=\"1287\" data-end=\"1320\">\ud83d\udc63 <strong data-start=\"1294\" data-end=\"1318\">Level of difficulty<\/strong><\/h3>\n<p data-start=\"1321\" data-end=\"1359\">Easy and secure - accessible to all<\/p>\n<hr data-start=\"1361\" data-end=\"1364\" \/>\n<h3 data-start=\"1366\" data-end=\"1383\">\ud83d\udcbc <strong data-start=\"1373\" data-end=\"1383\">Included<\/strong><\/h3>\n<ul data-start=\"1384\" data-end=\"1505\">\n<li data-start=\"1384\" data-end=\"1411\">\n<p data-start=\"1386\" data-end=\"1411\">Experienced local guide<\/p>\n<\/li>\n<li data-start=\"1412\" data-end=\"1443\">\n<p data-start=\"1414\" data-end=\"1443\">Drinking water and fresh fruit<\/p>\n<\/li>\n<li data-start=\"1444\" data-end=\"1483\">\n<p data-start=\"1446\" data-end=\"1483\">Transfers from your accommodation<\/p>\n<\/li>\n<li data-start=\"1484\" data-end=\"1505\">\n<p data-start=\"1486\" data-end=\"1505\">Towel provided<\/p>\n<\/li>\n<\/ul>\n<hr data-start=\"1507\" data-end=\"1510\" \/>\n<h3 data-start=\"1512\" data-end=\"1532\">\ud83c\udf92 <strong data-start=\"1519\" data-end=\"1532\">What to expect<\/strong><\/h3>\n<ul data-start=\"1533\" data-end=\"1733\">\n<li data-start=\"1533\" data-end=\"1552\">\n<p data-start=\"1535\" data-end=\"1552\">Swimming costumes<\/p>\n<\/li>\n<li data-start=\"1553\" data-end=\"1564\">\n<p data-start=\"1555\" data-end=\"1564\">Hat<\/p>\n<\/li>\n<li data-start=\"1565\" data-end=\"1583\">\n<p data-start=\"1567\" data-end=\"1583\">Camera<\/p>\n<\/li>\n<li data-start=\"1584\" data-end=\"1733\">\n<p data-start=\"1586\" data-end=\"1733\">Water shoes or sandals<br data-start=\"1614\" data-end=\"1617\" \/>\u2757 <strong data-start=\"1619\" data-end=\"1639\">Do not apply<\/strong> sun cream or mosquito repellent before the activity (risk of allergies for elephants)<\/p>\n<\/li>\n<\/ul>","protected":false},"excerpt":{"rendered":"<h3 data-start=\"164\" data-end=\"223\">\ud83d\udc18 <strong data-start=\"171\" data-end=\"223\">Ethical Elephant Experience - Khao Sok<\/strong><\/h3>\n<p data-start=\"225\" data-end=\"577\"><strong data-start=\"225\" data-end=\"349\">Get close to elephants in a respectful and caring way at an ethical sanctuary in the heart of nature.<\/strong><br data-start=\"349\" data-end=\"352\" \/>This unique encounter, lasting around 2 to 3 hours, allows you to create an authentic bond with these gentle, intelligent giants, all retired from tourism or forestry work, now pampered in a peaceful environment.<\/p>\n<hr data-start=\"579\" data-end=\"582\" \/>\n<h3 data-start=\"584\" data-end=\"606\">\u2705 <strong data-start=\"590\" data-end=\"606\">Highlights<\/strong><\/h3>\n<ul data-start=\"607\" data-end=\"982\">\n<li data-start=\"607\" data-end=\"666\">\n<p data-start=\"609\" data-end=\"666\">An intimate and educational encounter with rescued elephants<\/p>\n<\/li>\n<li data-start=\"667\" data-end=\"750\">\n<p data-start=\"669\" data-end=\"750\">Preparation and distribution of natural treats (cakes, bananas, pineapples)<\/p>\n<\/li>\n<li data-start=\"751\" data-end=\"815\">\n<p data-start=\"753\" data-end=\"815\">Soothing mud bath and wash in the natural river<\/p>\n<\/li>\n<li data-start=\"816\" data-end=\"869\">\n<p data-start=\"818\" data-end=\"869\">Free time to play, wash and take photos<\/p>\n<\/li>\n<li data-start=\"870\" data-end=\"926\">\n<p data-start=\"872\" data-end=\"926\">Respectful sanctuary, no elephant rides<\/p>\n<\/li>\n<li data-start=\"927\" data-end=\"982\">\n<p data-start=\"929\" data-end=\"982\">Suitable for all ages - gentle, supervised activity<\/p>\n<\/li>\n<\/ul>","protected":false},"featured_media":30608,"comment_status":"open","ping_status":"closed","template":"","meta":{"_uag_custom_page_level_css":""},"product_brand":[],"product_cat":[46],"product_tag":[],"class_list":{"0":"post-30607","1":"product","2":"type-product","3":"status-publish","4":"has-post-thumbnail","6":"product_cat-khao-sok","8":"first","9":"instock","10":"virtual","11":"taxable","12":"purchasable","13":"product-type-simple"},"yoast_head":"<!-- This site is optimized with the Yoast SEO plugin v27.1.1 - https:\/\/yoast.com\/product\/yoast-seo-wordpress\/ -->\n<title>\ud83d\udc18 Exp\u00e9rience \u00c9thique avec les \u00c9l\u00e9phants \u2013 Khao Sok -<\/title>\n<meta name=\"robots\" content=\"index, follow, max-snippet:-1, max-image-preview:large, max-video-preview:-1\" \/>\n<link rel=\"canonical\" href=\"https:\/\/lunayatravel.com\/en\/product\/\ud83d\udc18-experience-ethique-avec-les-elephants-khao-sok\/\" \/>\n<meta property=\"og:locale\" content=\"en_GB\" \/>\n<meta property=\"og:type\" content=\"article\" \/>\n<meta property=\"og:title\" content=\"\ud83d\udc18 Exp\u00e9rience \u00c9thique avec les \u00c9l\u00e9phants \u2013 Khao Sok -\" \/>\n<meta property=\"og:description\" content=\"\ud83d\udc18 Exp\u00e9rience \u00c9thique avec les \u00c9l\u00e9phants \u2013 Khao Sok Approchez les \u00e9l\u00e9phants de mani\u00e8re respectueuse et bienveillante dans un sanctuaire \u00e9thique, en plein c\u0153ur de la nature.Cette rencontre unique d\u2019environ 2 \u00e0 3 heures vous permet de cr\u00e9er un lien authentique avec ces g\u00e9ants doux et intelligents, tous retrait\u00e9s du tourisme ou du travail forestier, d\u00e9sormais choy\u00e9s dans un environnement paisible.     \u2705 Points forts    Rencontre intime et \u00e9ducative avec des \u00e9l\u00e9phants sauv\u00e9s    Pr\u00e9paration et distribution de friandises naturelles (g\u00e2teaux, bananes, ananas)    Bain de boue bienfaisant et lavage dans la rivi\u00e8re naturelle    Temps libre pour jouer, laver, prendre des photos    Sanctuaire respectueux, sans balade \u00e0 dos d\u2019\u00e9l\u00e9phant    Convient \u00e0 tous les \u00e2ges \u2013 activit\u00e9 douce et encadr\u00e9e\" \/>\n<meta property=\"og:url\" content=\"https:\/\/lunayatravel.com\/en\/product\/\ud83d\udc18-experience-ethique-avec-les-elephants-khao-sok\/\" \/>\n<meta property=\"article:publisher\" content=\"https:\/\/www.facebook.com\/lunayaTravel\/\" \/>\n<meta property=\"article:modified_time\" content=\"2025-08-05T10:32:20+00:00\" \/>\n<meta property=\"og:image\" content=\"https:\/\/lunayatravel.com\/wp-content\/uploads\/2025\/08\/Elephant.jpg\" \/>\n\t<meta property=\"og:image:width\" content=\"1197\" \/>\n\t<meta property=\"og:image:height\" content=\"1800\" \/>\n\t<meta property=\"og:image:type\" content=\"image\/jpeg\" \/>\n<meta name=\"twitter:card\" content=\"summary_large_image\" \/>\n<script type=\"application\/ld+json\" class=\"yoast-schema-graph\">{\"@context\":\"https:\/\/schema.org\",\"@graph\":[{\"@type\":\"WebPage\",\"@id\":\"https:\/\/lunayatravel.com\/produit\/%f0%9f%90%98-experience-ethique-avec-les-elephants-khao-sok\/\",\"url\":\"https:\/\/lunayatravel.com\/produit\/%f0%9f%90%98-experience-ethique-avec-les-elephants-khao-sok\/\",\"name\":\"\ud83d\udc18 Exp\u00e9rience \u00c9thique avec les \u00c9l\u00e9phants \u2013 Khao Sok -\",\"isPartOf\":{\"@id\":\"https:\/\/lunayatravel.com\/#website\"},\"primaryImageOfPage\":{\"@id\":\"https:\/\/lunayatravel.com\/produit\/%f0%9f%90%98-experience-ethique-avec-les-elephants-khao-sok\/#primaryimage\"},\"image\":{\"@id\":\"https:\/\/lunayatravel.com\/produit\/%f0%9f%90%98-experience-ethique-avec-les-elephants-khao-sok\/#primaryimage\"},\"thumbnailUrl\":\"https:\/\/lunayatravel.com\/wp-content\/uploads\/2025\/08\/Elephant.jpg\",\"datePublished\":\"2025-08-05T10:32:19+00:00\",\"dateModified\":\"2025-08-05T10:32:20+00:00\",\"breadcrumb\":{\"@id\":\"https:\/\/lunayatravel.com\/produit\/%f0%9f%90%98-experience-ethique-avec-les-elephants-khao-sok\/#breadcrumb\"},\"inLanguage\":\"en-GB\",\"potentialAction\":[{\"@type\":\"ReadAction\",\"target\":[\"https:\/\/lunayatravel.com\/produit\/%f0%9f%90%98-experience-ethique-avec-les-elephants-khao-sok\/\"]}]},{\"@type\":\"ImageObject\",\"inLanguage\":\"en-GB\",\"@id\":\"https:\/\/lunayatravel.com\/produit\/%f0%9f%90%98-experience-ethique-avec-les-elephants-khao-sok\/#primaryimage\",\"url\":\"https:\/\/lunayatravel.com\/wp-content\/uploads\/2025\/08\/Elephant.jpg\",\"contentUrl\":\"https:\/\/lunayatravel.com\/wp-content\/uploads\/2025\/08\/Elephant.jpg\",\"width\":1197,\"height\":1800},{\"@type\":\"BreadcrumbList\",\"@id\":\"https:\/\/lunayatravel.com\/produit\/%f0%9f%90%98-experience-ethique-avec-les-elephants-khao-sok\/#breadcrumb\",\"itemListElement\":[{\"@type\":\"ListItem\",\"position\":1,\"name\":\"Accueil\",\"item\":\"https:\/\/lunayatravel.com\/\"},{\"@type\":\"ListItem\",\"position\":2,\"name\":\"Nos activit\u00e9s\",\"item\":\"https:\/\/lunayatravel.com\/nos-activites\/\"},{\"@type\":\"ListItem\",\"position\":3,\"name\":\"\ud83d\udc18 Exp\u00e9rience \u00c9thique avec les \u00c9l\u00e9phants \u2013 Khao Sok\"}]},{\"@type\":\"WebSite\",\"@id\":\"https:\/\/lunayatravel.com\/#website\",\"url\":\"https:\/\/lunayatravel.com\/\",\"name\":\"\",\"description\":\"\",\"publisher\":{\"@id\":\"https:\/\/lunayatravel.com\/#organization\"},\"potentialAction\":[{\"@type\":\"SearchAction\",\"target\":{\"@type\":\"EntryPoint\",\"urlTemplate\":\"https:\/\/lunayatravel.com\/?s={search_term_string}\"},\"query-input\":{\"@type\":\"PropertyValueSpecification\",\"valueRequired\":true,\"valueName\":\"search_term_string\"}}],\"inLanguage\":\"en-GB\"},{\"@type\":\"Organization\",\"@id\":\"https:\/\/lunayatravel.com\/#organization\",\"name\":\"Lunaya travel\",\"alternateName\":\"Lunaya travel\",\"url\":\"https:\/\/lunayatravel.com\/\",\"logo\":{\"@type\":\"ImageObject\",\"inLanguage\":\"en-GB\",\"@id\":\"https:\/\/lunayatravel.com\/#\/schema\/logo\/image\/\",\"url\":\"https:\/\/lunayatravel.com\/wp-content\/uploads\/2026\/03\/cropped-647319118_2379115739204013_337015058165053143_n.jpg\",\"contentUrl\":\"https:\/\/lunayatravel.com\/wp-content\/uploads\/2026\/03\/cropped-647319118_2379115739204013_337015058165053143_n.jpg\",\"width\":1022,\"height\":1023,\"caption\":\"Lunaya travel\"},\"image\":{\"@id\":\"https:\/\/lunayatravel.com\/#\/schema\/logo\/image\/\"},\"sameAs\":[\"https:\/\/www.facebook.com\/lunayaTravel\/\"]}]}<\/script>\n<!-- \/ Yoast SEO plugin. -->","yoast_head_json":{"title":"\ud83d\udc18 Exp\u00e9rience \u00c9thique avec les \u00c9l\u00e9phants \u2013 Khao Sok -","robots":{"index":"index","follow":"follow","max-snippet":"max-snippet:-1","max-image-preview":"max-image-preview:large","max-video-preview":"max-video-preview:-1"},"canonical":"https:\/\/lunayatravel.com\/en\/product\/\ud83d\udc18-experience-ethique-avec-les-elephants-khao-sok\/","og_locale":"en_GB","og_type":"article","og_title":"\ud83d\udc18 Exp\u00e9rience \u00c9thique avec les \u00c9l\u00e9phants \u2013 Khao Sok -","og_description":"\ud83d\udc18 Exp\u00e9rience \u00c9thique avec les \u00c9l\u00e9phants \u2013 Khao Sok Approchez les \u00e9l\u00e9phants de mani\u00e8re respectueuse et bienveillante dans un sanctuaire \u00e9thique, en plein c\u0153ur de la nature.Cette rencontre unique d\u2019environ 2 \u00e0 3 heures vous permet de cr\u00e9er un lien authentique avec ces g\u00e9ants doux et intelligents, tous retrait\u00e9s du tourisme ou du travail forestier, d\u00e9sormais choy\u00e9s dans un environnement paisible.     \u2705 Points forts    Rencontre intime et \u00e9ducative avec des \u00e9l\u00e9phants sauv\u00e9s    Pr\u00e9paration et distribution de friandises naturelles (g\u00e2teaux, bananes, ananas)    Bain de boue bienfaisant et lavage dans la rivi\u00e8re naturelle    Temps libre pour jouer, laver, prendre des photos    Sanctuaire respectueux, sans balade \u00e0 dos d\u2019\u00e9l\u00e9phant    Convient \u00e0 tous les \u00e2ges \u2013 activit\u00e9 douce et encadr\u00e9e","og_url":"https:\/\/lunayatravel.com\/en\/product\/\ud83d\udc18-experience-ethique-avec-les-elephants-khao-sok\/","article_publisher":"https:\/\/www.facebook.com\/lunayaTravel\/","article_modified_time":"2025-08-05T10:32:20+00:00","og_image":[{"width":1197,"height":1800,"url":"https:\/\/lunayatravel.com\/wp-content\/uploads\/2025\/08\/Elephant.jpg","type":"image\/jpeg"}],"twitter_card":"summary_large_image","schema":{"@context":"https:\/\/schema.org","@graph":[{"@type":"WebPage","@id":"https:\/\/lunayatravel.com\/produit\/%f0%9f%90%98-experience-ethique-avec-les-elephants-khao-sok\/","url":"https:\/\/lunayatravel.com\/produit\/%f0%9f%90%98-experience-ethique-avec-les-elephants-khao-sok\/","name":"\ud83d\udc18 Exp\u00e9rience \u00c9thique avec les \u00c9l\u00e9phants \u2013 Khao Sok -","isPartOf":{"@id":"https:\/\/lunayatravel.com\/#website"},"primaryImageOfPage":{"@id":"https:\/\/lunayatravel.com\/produit\/%f0%9f%90%98-experience-ethique-avec-les-elephants-khao-sok\/#primaryimage"},"image":{"@id":"https:\/\/lunayatravel.com\/produit\/%f0%9f%90%98-experience-ethique-avec-les-elephants-khao-sok\/#primaryimage"},"thumbnailUrl":"https:\/\/lunayatravel.com\/wp-content\/uploads\/2025\/08\/Elephant.jpg","datePublished":"2025-08-05T10:32:19+00:00","dateModified":"2025-08-05T10:32:20+00:00","breadcrumb":{"@id":"https:\/\/lunayatravel.com\/produit\/%f0%9f%90%98-experience-ethique-avec-les-elephants-khao-sok\/#breadcrumb"},"inLanguage":"en-GB","potentialAction":[{"@type":"ReadAction","target":["https:\/\/lunayatravel.com\/produit\/%f0%9f%90%98-experience-ethique-avec-les-elephants-khao-sok\/"]}]},{"@type":"ImageObject","inLanguage":"en-GB","@id":"https:\/\/lunayatravel.com\/produit\/%f0%9f%90%98-experience-ethique-avec-les-elephants-khao-sok\/#primaryimage","url":"https:\/\/lunayatravel.com\/wp-content\/uploads\/2025\/08\/Elephant.jpg","contentUrl":"https:\/\/lunayatravel.com\/wp-content\/uploads\/2025\/08\/Elephant.jpg","width":1197,"height":1800},{"@type":"BreadcrumbList","@id":"https:\/\/lunayatravel.com\/produit\/%f0%9f%90%98-experience-ethique-avec-les-elephants-khao-sok\/#breadcrumb","itemListElement":[{"@type":"ListItem","position":1,"name":"Accueil","item":"https:\/\/lunayatravel.com\/"},{"@type":"ListItem","position":2,"name":"Nos activit\u00e9s","item":"https:\/\/lunayatravel.com\/nos-activites\/"},{"@type":"ListItem","position":3,"name":"\ud83d\udc18 Exp\u00e9rience \u00c9thique avec les \u00c9l\u00e9phants \u2013 Khao Sok"}]},{"@type":"WebSite","@id":"https:\/\/lunayatravel.com\/#website","url":"https:\/\/lunayatravel.com\/","name":"","description":"","publisher":{"@id":"https:\/\/lunayatravel.com\/#organization"},"potentialAction":[{"@type":"SearchAction","target":{"@type":"EntryPoint","urlTemplate":"https:\/\/lunayatravel.com\/?s={search_term_string}"},"query-input":{"@type":"PropertyValueSpecification","valueRequired":true,"valueName":"search_term_string"}}],"inLanguage":"en-GB"},{"@type":"Organization","@id":"https:\/\/lunayatravel.com\/#organization","name":"Lunaya travel","alternateName":"Lunaya travel","url":"https:\/\/lunayatravel.com\/","logo":{"@type":"ImageObject","inLanguage":"en-GB","@id":"https:\/\/lunayatravel.com\/#\/schema\/logo\/image\/","url":"https:\/\/lunayatravel.com\/wp-content\/uploads\/2026\/03\/cropped-647319118_2379115739204013_337015058165053143_n.jpg","contentUrl":"https:\/\/lunayatravel.com\/wp-content\/uploads\/2026\/03\/cropped-647319118_2379115739204013_337015058165053143_n.jpg","width":1022,"height":1023,"caption":"Lunaya travel"},"image":{"@id":"https:\/\/lunayatravel.com\/#\/schema\/logo\/image\/"},"sameAs":["https:\/\/www.facebook.com\/lunayaTravel\/"]}]}},"uagb_featured_image_src":{"full":["https:\/\/lunayatravel.com\/wp-content\/uploads\/2025\/08\/Elephant.jpg",1197,1800,false],"thumbnail":["https:\/\/lunayatravel.com\/wp-content\/uploads\/2025\/08\/Elephant-150x150.jpg",150,150,true],"medium":["https:\/\/lunayatravel.com\/wp-content\/uploads\/2025\/08\/Elephant-200x300.jpg",200,300,true],"medium_large":["https:\/\/lunayatravel.com\/wp-content\/uploads\/2025\/08\/Elephant-768x1155.jpg",768,1155,true],"large":["https:\/\/lunayatravel.com\/wp-content\/uploads\/2025\/08\/Elephant-681x1024.jpg",681,1024,true],"1536x1536":["https:\/\/lunayatravel.com\/wp-content\/uploads\/2025\/08\/Elephant-1021x1536.jpg",1021,1536,true],"2048x2048":["https:\/\/lunayatravel.com\/wp-content\/uploads\/2025\/08\/Elephant.jpg",1197,1800,false],"trp-custom-language-flag":["https:\/\/lunayatravel.com\/wp-content\/uploads\/2025\/08\/Elephant.jpg",8,12,false],"widget-thumbnail":["https:\/\/lunayatravel.com\/wp-content\/uploads\/2025\/08\/Elephant-75x75.jpg",75,75,true],"mailpoet_newsletter_max":["https:\/\/lunayatravel.com\/wp-content\/uploads\/2025\/08\/Elephant.jpg",1197,1800,false],"woocommerce_thumbnail":["https:\/\/lunayatravel.com\/wp-content\/uploads\/2025\/08\/Elephant-300x300.jpg",300,300,true],"woocommerce_single":["https:\/\/lunayatravel.com\/wp-content\/uploads\/2025\/08\/Elephant-600x902.jpg",600,902,true],"woocommerce_gallery_thumbnail":["https:\/\/lunayatravel.com\/wp-content\/uploads\/2025\/08\/Elephant-100x100.jpg",100,100,true],"sow-carousel-default":["https:\/\/lunayatravel.com\/wp-content\/uploads\/2025\/08\/Elephant-272x182.jpg",272,182,true]},"uagb_author_info":{"display_name":"haemers stephanie","author_link":"https:\/\/lunayatravel.com\/en\/author\/"},"uagb_comment_info":0,"uagb_excerpt":"\ud83d\udc18 Exp\u00e9rience \u00c9thique avec les \u00c9l\u00e9phants \u2013 Khao Sok Approchez les \u00e9l\u00e9phants de mani\u00e8re respectueuse et bienveillante dans un sanctuaire \u00e9thique, en plein c\u0153ur de la nature.Cette rencontre unique d\u2019environ 2 \u00e0 3 heures vous permet de cr\u00e9er un lien authentique avec ces g\u00e9ants doux et intelligents, tous retrait\u00e9s du tourisme ou du travail forestier,&hellip;","jetpack_sharing_enabled":true,"_links":{"self":[{"href":"https:\/\/lunayatravel.com\/en\/wp-json\/wp\/v2\/product\/30607","targetHints":{"allow":["GET"]}}],"collection":[{"href":"https:\/\/lunayatravel.com\/en\/wp-json\/wp\/v2\/product"}],"about":[{"href":"https:\/\/lunayatravel.com\/en\/wp-json\/wp\/v2\/types\/product"}],"replies":[{"embeddable":true,"href":"https:\/\/lunayatravel.com\/en\/wp-json\/wp\/v2\/comments?post=30607"}],"wp:featuredmedia":[{"embeddable":true,"href":"https:\/\/lunayatravel.com\/en\/wp-json\/wp\/v2\/media\/30608"}],"wp:attachment":[{"href":"https:\/\/lunayatravel.com\/en\/wp-json\/wp\/v2\/media?parent=30607"}],"wp:term":[{"taxonomy":"product_brand","embeddable":true,"href":"https:\/\/lunayatravel.com\/en\/wp-json\/wp\/v2\/product_brand?post=30607"},{"taxonomy":"product_cat","embeddable":true,"href":"https:\/\/lunayatravel.com\/en\/wp-json\/wp\/v2\/product_cat?post=30607"},{"taxonomy":"product_tag","embeddable":true,"href":"https:\/\/lunayatravel.com\/en\/wp-json\/wp\/v2\/product_tag?post=30607"}],"curies":[{"name":"wp","href":"https:\/\/api.w.org\/{rel}","templated":true}]}}