{"id":30604,"date":"2025-08-05T12:23:41","date_gmt":"2025-08-05T10:23:41","guid":{"rendered":"https:\/\/itctoursvoyages.com\/?post_type=product&#038;p=30604"},"modified":"2025-08-05T12:23:41","modified_gmt":"2025-08-05T10:23:41","slug":"%f0%9f%9b%b6-bamboo-rafting-detente-sur-la-riviere-klong-phanom","status":"publish","type":"product","link":"https:\/\/lunayatravel.com\/en\/product\/%f0%9f%9b%b6-bamboo-rafting-detente-sur-la-riviere-klong-phanom\/","title":{"rendered":"\ud83d\udef6 Bamboo Rafting - Relaxation on the Klong Phanom river"},"content":{"rendered":"<h3 data-start=\"1124\" data-end=\"1141\">\ud83d\udccd <strong data-start=\"1131\" data-end=\"1139\">Location<\/strong><\/h3>\n<p data-start=\"1142\" data-end=\"1187\">Klong Phanom River - Khao Sok National Park<\/p>\n<hr data-start=\"1189\" data-end=\"1192\" \/>\n<h3 data-start=\"1194\" data-end=\"1225\">\ud83d\udd58 <strong data-start=\"1201\" data-end=\"1223\">Flexible working hours<\/strong><\/h3>\n<ul data-start=\"1226\" data-end=\"1327\">\n<li data-start=\"1226\" data-end=\"1270\">\n<p data-start=\"1228\" data-end=\"1270\">Departure : <strong data-start=\"1237\" data-end=\"1268\">at any time of day<\/strong><\/p>\n<\/li>\n<li data-start=\"1271\" data-end=\"1299\">\n<p data-start=\"1273\" data-end=\"1299\">Duration: <strong data-start=\"1281\" data-end=\"1297\">2 to 3 hours<\/strong><\/p>\n<\/li>\n<li data-start=\"1300\" data-end=\"1327\">\n<p data-start=\"1302\" data-end=\"1327\">Minimum : <strong data-start=\"1312\" data-end=\"1327\">2 persons<\/strong><\/p>\n<\/li>\n<\/ul>\n<hr data-start=\"1329\" data-end=\"1332\" \/>\n<h3 data-start=\"1334\" data-end=\"1367\">\ud83d\udc63 <strong data-start=\"1341\" data-end=\"1365\">Level of difficulty<\/strong><\/h3>\n<p data-start=\"1368\" data-end=\"1399\">Easy - suitable for all ages<\/p>\n<hr data-start=\"1401\" data-end=\"1404\" \/>\n<h3 data-start=\"1406\" data-end=\"1423\">\ud83d\udcbc <strong data-start=\"1413\" data-end=\"1423\">Included<\/strong><\/h3>\n<ul data-start=\"1424\" data-end=\"1576\">\n<li data-start=\"1424\" data-end=\"1462\">\n<p data-start=\"1426\" data-end=\"1462\">Local guide and traditional raft<\/p>\n<\/li>\n<li data-start=\"1463\" data-end=\"1493\">\n<p data-start=\"1465\" data-end=\"1493\">Caf\u00e9 by the river<\/p>\n<\/li>\n<li data-start=\"1494\" data-end=\"1509\">\n<p data-start=\"1496\" data-end=\"1509\">Drinking water<\/p>\n<\/li>\n<li data-start=\"1510\" data-end=\"1523\">\n<p data-start=\"1512\" data-end=\"1523\">Towel<\/p>\n<\/li>\n<li data-start=\"1524\" data-end=\"1576\">\n<p data-start=\"1526\" data-end=\"1576\">Return transfers from your accommodation<\/p>\n<\/li>\n<\/ul>\n<hr data-start=\"1578\" data-end=\"1581\" \/>\n<h3 data-start=\"1583\" data-end=\"1603\">\ud83c\udf92 <strong data-start=\"1590\" data-end=\"1603\">What to expect<\/strong><\/h3>\n<ul data-start=\"1604\" data-end=\"1708\">\n<li data-start=\"1604\" data-end=\"1623\">\n<p data-start=\"1606\" data-end=\"1623\">Swimming costumes<\/p>\n<\/li>\n<li data-start=\"1624\" data-end=\"1635\">\n<p data-start=\"1626\" data-end=\"1635\">Hat<\/p>\n<\/li>\n<li data-start=\"1636\" data-end=\"1654\">\n<p data-start=\"1638\" data-end=\"1654\">Camera<\/p>\n<\/li>\n<li data-start=\"1655\" data-end=\"1674\">\n<p data-start=\"1657\" data-end=\"1674\">Mosquito repellent<\/p>\n<\/li>\n<li data-start=\"1675\" data-end=\"1690\">\n<p data-start=\"1677\" data-end=\"1690\">Waterproof bag<\/p>\n<\/li>\n<li data-start=\"1691\" data-end=\"1708\">\n<p data-start=\"1693\" data-end=\"1708\">Sun cream<\/p>\n<\/li>\n<\/ul>","protected":false},"excerpt":{"rendered":"<p data-start=\"199\" data-end=\"505\"><strong data-start=\"199\" data-end=\"332\">Let yourself be carried by the calm waters of the river aboard a traditional bamboo raft, guided by passionate locals.<\/strong><br data-start=\"332\" data-end=\"335\" \/>This gentle stroll along the water's edge will reveal the wonders of the jungle, impressive limestone cliffs and colourful wildlife (birds, monkeys, etc.).<\/p>\n<p data-start=\"507\" data-end=\"737\">Created by village guides who care about preserving nature, this activity is both authentic and respectful of the environment. Each raft belongs to its guide, guaranteeing a safe, personalised experience.<\/p>\n<p data-start=\"507\" data-end=\"737\">\n<h3 data-start=\"744\" data-end=\"766\">\u2705 <strong data-start=\"750\" data-end=\"766\">Highlights<\/strong><\/h3>\n<ul data-start=\"767\" data-end=\"1117\">\n<li data-start=\"767\" data-end=\"831\">\n<p data-start=\"769\" data-end=\"831\">Gentle bamboo raft trip on the Klong Phanom river<\/p>\n<\/li>\n<li data-start=\"832\" data-end=\"876\">\n<p data-start=\"834\" data-end=\"876\">Passionate and experienced local guides<\/p>\n<\/li>\n<li data-start=\"877\" data-end=\"933\">\n<p data-start=\"879\" data-end=\"933\">Birdwatching and free-roaming wild animals<\/p>\n<\/li>\n<li data-start=\"934\" data-end=\"1004\">\n<p data-start=\"936\" data-end=\"1004\">Coffee break by the river + swim in cool waters<\/p>\n<\/li>\n<li data-start=\"1005\" data-end=\"1060\">\n<p data-start=\"1007\" data-end=\"1060\">Spectacular setting: jungle and karst cliffs<\/p>\n<\/li>\n<li data-start=\"1061\" data-end=\"1117\">\n<p data-start=\"1063\" data-end=\"1117\">Respect for the environment and local traditions<\/p>\n<\/li>\n<\/ul>","protected":false},"featured_media":30606,"comment_status":"open","ping_status":"closed","template":"","meta":{"_uag_custom_page_level_css":""},"product_brand":[],"product_cat":[46],"product_tag":[],"class_list":{"0":"post-30604","1":"product","2":"type-product","3":"status-publish","4":"has-post-thumbnail","6":"product_cat-khao-sok","8":"first","9":"instock","10":"virtual","11":"taxable","12":"purchasable","13":"product-type-simple"},"yoast_head":"<!-- This site is optimized with the Yoast SEO plugin v27.1.1 - https:\/\/yoast.com\/product\/yoast-seo-wordpress\/ -->\n<title>\ud83d\udef6 Bamboo Rafting \u2013 D\u00e9tente sur la rivi\u00e8re Klong Phanom -<\/title>\n<meta name=\"robots\" content=\"index, follow, max-snippet:-1, max-image-preview:large, max-video-preview:-1\" \/>\n<link rel=\"canonical\" href=\"https:\/\/lunayatravel.com\/en\/product\/\ud83d\udef6-bamboo-rafting-detente-sur-la-riviere-klong-phanom\/\" \/>\n<meta property=\"og:locale\" content=\"en_GB\" \/>\n<meta property=\"og:type\" content=\"article\" \/>\n<meta property=\"og:title\" content=\"\ud83d\udef6 Bamboo Rafting \u2013 D\u00e9tente sur la rivi\u00e8re Klong Phanom -\" \/>\n<meta property=\"og:description\" content=\"Laissez-vous porter par les eaux calmes de la rivi\u00e8re \u00e0 bord d\u2019un radeau en bambou traditionnel, guid\u00e9 par des locaux passionn\u00e9s.Cette balade douce au fil de l\u2019eau vous d\u00e9voilera les merveilles de la jungle, les falaises de calcaire impressionnantes, et une faune sauvage color\u00e9e (oiseaux, singes\u2026). Cr\u00e9\u00e9e par des guides du village soucieux de pr\u00e9server la nature, cette activit\u00e9 est \u00e0 la fois authentique et respectueuse de l\u2019environnement. Chaque radeau appartient \u00e0 son guide, garantissant une exp\u00e9rience personnalis\u00e9e et s\u00fbre.   \u2705 Points forts    Balade douce en radeau de bambou sur la rivi\u00e8re Klong Phanom    Guides locaux passionn\u00e9s et exp\u00e9riment\u00e9s    Observation d\u2019oiseaux et animaux sauvages en libert\u00e9    Pause caf\u00e9 au bord de la rivi\u00e8re + baignade dans des eaux fra\u00eeches    D\u00e9cor spectaculaire : jungle et falaises karstiques    Respect de l\u2019environnement et des traditions locales\" \/>\n<meta property=\"og:url\" content=\"https:\/\/lunayatravel.com\/en\/product\/\ud83d\udef6-bamboo-rafting-detente-sur-la-riviere-klong-phanom\/\" \/>\n<meta property=\"article:publisher\" content=\"https:\/\/www.facebook.com\/lunayaTravel\/\" \/>\n<meta property=\"og:image\" content=\"https:\/\/lunayatravel.com\/wp-content\/uploads\/2025\/08\/OIP-12.webp\" \/>\n\t<meta property=\"og:image:width\" content=\"798\" \/>\n\t<meta property=\"og:image:height\" content=\"532\" \/>\n\t<meta property=\"og:image:type\" content=\"image\/webp\" \/>\n<meta name=\"twitter:card\" content=\"summary_large_image\" \/>\n<script type=\"application\/ld+json\" class=\"yoast-schema-graph\">{\"@context\":\"https:\/\/schema.org\",\"@graph\":[{\"@type\":\"WebPage\",\"@id\":\"https:\/\/lunayatravel.com\/produit\/%f0%9f%9b%b6-bamboo-rafting-detente-sur-la-riviere-klong-phanom\/\",\"url\":\"https:\/\/lunayatravel.com\/produit\/%f0%9f%9b%b6-bamboo-rafting-detente-sur-la-riviere-klong-phanom\/\",\"name\":\"\ud83d\udef6 Bamboo Rafting \u2013 D\u00e9tente sur la rivi\u00e8re Klong Phanom -\",\"isPartOf\":{\"@id\":\"https:\/\/lunayatravel.com\/#website\"},\"primaryImageOfPage\":{\"@id\":\"https:\/\/lunayatravel.com\/produit\/%f0%9f%9b%b6-bamboo-rafting-detente-sur-la-riviere-klong-phanom\/#primaryimage\"},\"image\":{\"@id\":\"https:\/\/lunayatravel.com\/produit\/%f0%9f%9b%b6-bamboo-rafting-detente-sur-la-riviere-klong-phanom\/#primaryimage\"},\"thumbnailUrl\":\"https:\/\/lunayatravel.com\/wp-content\/uploads\/2025\/08\/OIP-12.webp\",\"datePublished\":\"2025-08-05T10:23:41+00:00\",\"breadcrumb\":{\"@id\":\"https:\/\/lunayatravel.com\/produit\/%f0%9f%9b%b6-bamboo-rafting-detente-sur-la-riviere-klong-phanom\/#breadcrumb\"},\"inLanguage\":\"en-GB\",\"potentialAction\":[{\"@type\":\"ReadAction\",\"target\":[\"https:\/\/lunayatravel.com\/produit\/%f0%9f%9b%b6-bamboo-rafting-detente-sur-la-riviere-klong-phanom\/\"]}]},{\"@type\":\"ImageObject\",\"inLanguage\":\"en-GB\",\"@id\":\"https:\/\/lunayatravel.com\/produit\/%f0%9f%9b%b6-bamboo-rafting-detente-sur-la-riviere-klong-phanom\/#primaryimage\",\"url\":\"https:\/\/lunayatravel.com\/wp-content\/uploads\/2025\/08\/OIP-12.webp\",\"contentUrl\":\"https:\/\/lunayatravel.com\/wp-content\/uploads\/2025\/08\/OIP-12.webp\",\"width\":798,\"height\":532},{\"@type\":\"BreadcrumbList\",\"@id\":\"https:\/\/lunayatravel.com\/produit\/%f0%9f%9b%b6-bamboo-rafting-detente-sur-la-riviere-klong-phanom\/#breadcrumb\",\"itemListElement\":[{\"@type\":\"ListItem\",\"position\":1,\"name\":\"Accueil\",\"item\":\"https:\/\/lunayatravel.com\/\"},{\"@type\":\"ListItem\",\"position\":2,\"name\":\"Nos activit\u00e9s\",\"item\":\"https:\/\/lunayatravel.com\/nos-activites\/\"},{\"@type\":\"ListItem\",\"position\":3,\"name\":\"\ud83d\udef6 Bamboo Rafting \u2013 D\u00e9tente sur la rivi\u00e8re Klong Phanom\"}]},{\"@type\":\"WebSite\",\"@id\":\"https:\/\/lunayatravel.com\/#website\",\"url\":\"https:\/\/lunayatravel.com\/\",\"name\":\"\",\"description\":\"\",\"publisher\":{\"@id\":\"https:\/\/lunayatravel.com\/#organization\"},\"potentialAction\":[{\"@type\":\"SearchAction\",\"target\":{\"@type\":\"EntryPoint\",\"urlTemplate\":\"https:\/\/lunayatravel.com\/?s={search_term_string}\"},\"query-input\":{\"@type\":\"PropertyValueSpecification\",\"valueRequired\":true,\"valueName\":\"search_term_string\"}}],\"inLanguage\":\"en-GB\"},{\"@type\":\"Organization\",\"@id\":\"https:\/\/lunayatravel.com\/#organization\",\"name\":\"Lunaya travel\",\"alternateName\":\"Lunaya travel\",\"url\":\"https:\/\/lunayatravel.com\/\",\"logo\":{\"@type\":\"ImageObject\",\"inLanguage\":\"en-GB\",\"@id\":\"https:\/\/lunayatravel.com\/#\/schema\/logo\/image\/\",\"url\":\"https:\/\/lunayatravel.com\/wp-content\/uploads\/2026\/03\/cropped-647319118_2379115739204013_337015058165053143_n.jpg\",\"contentUrl\":\"https:\/\/lunayatravel.com\/wp-content\/uploads\/2026\/03\/cropped-647319118_2379115739204013_337015058165053143_n.jpg\",\"width\":1022,\"height\":1023,\"caption\":\"Lunaya travel\"},\"image\":{\"@id\":\"https:\/\/lunayatravel.com\/#\/schema\/logo\/image\/\"},\"sameAs\":[\"https:\/\/www.facebook.com\/lunayaTravel\/\"]}]}<\/script>\n<!-- \/ Yoast SEO plugin. -->","yoast_head_json":{"title":"\ud83d\udef6 Bamboo Rafting \u2013 D\u00e9tente sur la rivi\u00e8re Klong Phanom -","robots":{"index":"index","follow":"follow","max-snippet":"max-snippet:-1","max-image-preview":"max-image-preview:large","max-video-preview":"max-video-preview:-1"},"canonical":"https:\/\/lunayatravel.com\/en\/product\/\ud83d\udef6-bamboo-rafting-detente-sur-la-riviere-klong-phanom\/","og_locale":"en_GB","og_type":"article","og_title":"\ud83d\udef6 Bamboo Rafting \u2013 D\u00e9tente sur la rivi\u00e8re Klong Phanom -","og_description":"Laissez-vous porter par les eaux calmes de la rivi\u00e8re \u00e0 bord d\u2019un radeau en bambou traditionnel, guid\u00e9 par des locaux passionn\u00e9s.Cette balade douce au fil de l\u2019eau vous d\u00e9voilera les merveilles de la jungle, les falaises de calcaire impressionnantes, et une faune sauvage color\u00e9e (oiseaux, singes\u2026). Cr\u00e9\u00e9e par des guides du village soucieux de pr\u00e9server la nature, cette activit\u00e9 est \u00e0 la fois authentique et respectueuse de l\u2019environnement. Chaque radeau appartient \u00e0 son guide, garantissant une exp\u00e9rience personnalis\u00e9e et s\u00fbre.   \u2705 Points forts    Balade douce en radeau de bambou sur la rivi\u00e8re Klong Phanom    Guides locaux passionn\u00e9s et exp\u00e9riment\u00e9s    Observation d\u2019oiseaux et animaux sauvages en libert\u00e9    Pause caf\u00e9 au bord de la rivi\u00e8re + baignade dans des eaux fra\u00eeches    D\u00e9cor spectaculaire : jungle et falaises karstiques    Respect de l\u2019environnement et des traditions locales","og_url":"https:\/\/lunayatravel.com\/en\/product\/\ud83d\udef6-bamboo-rafting-detente-sur-la-riviere-klong-phanom\/","article_publisher":"https:\/\/www.facebook.com\/lunayaTravel\/","og_image":[{"width":798,"height":532,"url":"https:\/\/lunayatravel.com\/wp-content\/uploads\/2025\/08\/OIP-12.webp","type":"image\/webp"}],"twitter_card":"summary_large_image","schema":{"@context":"https:\/\/schema.org","@graph":[{"@type":"WebPage","@id":"https:\/\/lunayatravel.com\/produit\/%f0%9f%9b%b6-bamboo-rafting-detente-sur-la-riviere-klong-phanom\/","url":"https:\/\/lunayatravel.com\/produit\/%f0%9f%9b%b6-bamboo-rafting-detente-sur-la-riviere-klong-phanom\/","name":"\ud83d\udef6 Bamboo Rafting \u2013 D\u00e9tente sur la rivi\u00e8re Klong Phanom -","isPartOf":{"@id":"https:\/\/lunayatravel.com\/#website"},"primaryImageOfPage":{"@id":"https:\/\/lunayatravel.com\/produit\/%f0%9f%9b%b6-bamboo-rafting-detente-sur-la-riviere-klong-phanom\/#primaryimage"},"image":{"@id":"https:\/\/lunayatravel.com\/produit\/%f0%9f%9b%b6-bamboo-rafting-detente-sur-la-riviere-klong-phanom\/#primaryimage"},"thumbnailUrl":"https:\/\/lunayatravel.com\/wp-content\/uploads\/2025\/08\/OIP-12.webp","datePublished":"2025-08-05T10:23:41+00:00","breadcrumb":{"@id":"https:\/\/lunayatravel.com\/produit\/%f0%9f%9b%b6-bamboo-rafting-detente-sur-la-riviere-klong-phanom\/#breadcrumb"},"inLanguage":"en-GB","potentialAction":[{"@type":"ReadAction","target":["https:\/\/lunayatravel.com\/produit\/%f0%9f%9b%b6-bamboo-rafting-detente-sur-la-riviere-klong-phanom\/"]}]},{"@type":"ImageObject","inLanguage":"en-GB","@id":"https:\/\/lunayatravel.com\/produit\/%f0%9f%9b%b6-bamboo-rafting-detente-sur-la-riviere-klong-phanom\/#primaryimage","url":"https:\/\/lunayatravel.com\/wp-content\/uploads\/2025\/08\/OIP-12.webp","contentUrl":"https:\/\/lunayatravel.com\/wp-content\/uploads\/2025\/08\/OIP-12.webp","width":798,"height":532},{"@type":"BreadcrumbList","@id":"https:\/\/lunayatravel.com\/produit\/%f0%9f%9b%b6-bamboo-rafting-detente-sur-la-riviere-klong-phanom\/#breadcrumb","itemListElement":[{"@type":"ListItem","position":1,"name":"Accueil","item":"https:\/\/lunayatravel.com\/"},{"@type":"ListItem","position":2,"name":"Nos activit\u00e9s","item":"https:\/\/lunayatravel.com\/nos-activites\/"},{"@type":"ListItem","position":3,"name":"\ud83d\udef6 Bamboo Rafting \u2013 D\u00e9tente sur la rivi\u00e8re Klong Phanom"}]},{"@type":"WebSite","@id":"https:\/\/lunayatravel.com\/#website","url":"https:\/\/lunayatravel.com\/","name":"","description":"","publisher":{"@id":"https:\/\/lunayatravel.com\/#organization"},"potentialAction":[{"@type":"SearchAction","target":{"@type":"EntryPoint","urlTemplate":"https:\/\/lunayatravel.com\/?s={search_term_string}"},"query-input":{"@type":"PropertyValueSpecification","valueRequired":true,"valueName":"search_term_string"}}],"inLanguage":"en-GB"},{"@type":"Organization","@id":"https:\/\/lunayatravel.com\/#organization","name":"Lunaya travel","alternateName":"Lunaya travel","url":"https:\/\/lunayatravel.com\/","logo":{"@type":"ImageObject","inLanguage":"en-GB","@id":"https:\/\/lunayatravel.com\/#\/schema\/logo\/image\/","url":"https:\/\/lunayatravel.com\/wp-content\/uploads\/2026\/03\/cropped-647319118_2379115739204013_337015058165053143_n.jpg","contentUrl":"https:\/\/lunayatravel.com\/wp-content\/uploads\/2026\/03\/cropped-647319118_2379115739204013_337015058165053143_n.jpg","width":1022,"height":1023,"caption":"Lunaya travel"},"image":{"@id":"https:\/\/lunayatravel.com\/#\/schema\/logo\/image\/"},"sameAs":["https:\/\/www.facebook.com\/lunayaTravel\/"]}]}},"uagb_featured_image_src":{"full":["https:\/\/lunayatravel.com\/wp-content\/uploads\/2025\/08\/OIP-12.webp",798,532,false],"thumbnail":["https:\/\/lunayatravel.com\/wp-content\/uploads\/2025\/08\/OIP-12-150x150.webp",150,150,true],"medium":["https:\/\/lunayatravel.com\/wp-content\/uploads\/2025\/08\/OIP-12-300x200.webp",300,200,true],"medium_large":["https:\/\/lunayatravel.com\/wp-content\/uploads\/2025\/08\/OIP-12-768x512.webp",768,512,true],"large":["https:\/\/lunayatravel.com\/wp-content\/uploads\/2025\/08\/OIP-12.webp",798,532,false],"1536x1536":["https:\/\/lunayatravel.com\/wp-content\/uploads\/2025\/08\/OIP-12.webp",798,532,false],"2048x2048":["https:\/\/lunayatravel.com\/wp-content\/uploads\/2025\/08\/OIP-12.webp",798,532,false],"trp-custom-language-flag":["https:\/\/lunayatravel.com\/wp-content\/uploads\/2025\/08\/OIP-12.webp",18,12,false],"widget-thumbnail":["https:\/\/lunayatravel.com\/wp-content\/uploads\/2025\/08\/OIP-12-75x75.webp",75,75,true],"mailpoet_newsletter_max":["https:\/\/lunayatravel.com\/wp-content\/uploads\/2025\/08\/OIP-12.webp",798,532,false],"woocommerce_thumbnail":["https:\/\/lunayatravel.com\/wp-content\/uploads\/2025\/08\/OIP-12-300x300.webp",300,300,true],"woocommerce_single":["https:\/\/lunayatravel.com\/wp-content\/uploads\/2025\/08\/OIP-12-600x400.webp",600,400,true],"woocommerce_gallery_thumbnail":["https:\/\/lunayatravel.com\/wp-content\/uploads\/2025\/08\/OIP-12-100x100.webp",100,100,true],"sow-carousel-default":["https:\/\/lunayatravel.com\/wp-content\/uploads\/2025\/08\/OIP-12-272x182.webp",272,182,true]},"uagb_author_info":{"display_name":"haemers stephanie","author_link":"https:\/\/lunayatravel.com\/en\/author\/"},"uagb_comment_info":0,"uagb_excerpt":"Laissez-vous porter par les eaux calmes de la rivi\u00e8re \u00e0 bord d\u2019un radeau en bambou traditionnel, guid\u00e9 par des locaux passionn\u00e9s.Cette balade douce au fil de l\u2019eau vous d\u00e9voilera les merveilles de la jungle, les falaises de calcaire impressionnantes, et une faune sauvage color\u00e9e (oiseaux, singes\u2026). Cr\u00e9\u00e9e par des guides du village soucieux de pr\u00e9server&hellip;","jetpack_sharing_enabled":true,"_links":{"self":[{"href":"https:\/\/lunayatravel.com\/en\/wp-json\/wp\/v2\/product\/30604","targetHints":{"allow":["GET"]}}],"collection":[{"href":"https:\/\/lunayatravel.com\/en\/wp-json\/wp\/v2\/product"}],"about":[{"href":"https:\/\/lunayatravel.com\/en\/wp-json\/wp\/v2\/types\/product"}],"replies":[{"embeddable":true,"href":"https:\/\/lunayatravel.com\/en\/wp-json\/wp\/v2\/comments?post=30604"}],"wp:featuredmedia":[{"embeddable":true,"href":"https:\/\/lunayatravel.com\/en\/wp-json\/wp\/v2\/media\/30606"}],"wp:attachment":[{"href":"https:\/\/lunayatravel.com\/en\/wp-json\/wp\/v2\/media?parent=30604"}],"wp:term":[{"taxonomy":"product_brand","embeddable":true,"href":"https:\/\/lunayatravel.com\/en\/wp-json\/wp\/v2\/product_brand?post=30604"},{"taxonomy":"product_cat","embeddable":true,"href":"https:\/\/lunayatravel.com\/en\/wp-json\/wp\/v2\/product_cat?post=30604"},{"taxonomy":"product_tag","embeddable":true,"href":"https:\/\/lunayatravel.com\/en\/wp-json\/wp\/v2\/product_tag?post=30604"}],"curies":[{"name":"wp","href":"https:\/\/api.w.org\/{rel}","templated":true}]}}