{"id":30603,"date":"2025-08-05T12:15:36","date_gmt":"2025-08-05T10:15:36","guid":{"rendered":"https:\/\/itctoursvoyages.com\/?post_type=product&#038;p=30603"},"modified":"2025-08-05T12:40:41","modified_gmt":"2025-08-05T10:40:41","slug":"%f0%9f%90%a6-bird-watching-demi-journee-complete-a-khao-sok","status":"publish","type":"product","link":"https:\/\/lunayatravel.com\/en\/product\/%f0%9f%90%a6-bird-watching-demi-journee-complete-a-khao-sok\/","title":{"rendered":"\ud83d\udc26 Bird Watching - Half - Day in Khao Sok"},"content":{"rendered":"<h3 data-start=\"972\" data-end=\"991\">\ud83d\udd58 <strong data-start=\"979\" data-end=\"991\">Timetable<\/strong><\/h3>\n<p data-start=\"993\" data-end=\"1011\"><strong data-start=\"993\" data-end=\"1009\">Half day<\/strong><\/p>\n<ul data-start=\"1012\" data-end=\"1049\">\n<li data-start=\"1012\" data-end=\"1030\">\n<p data-start=\"1014\" data-end=\"1030\">Departure : 06h00<\/p>\n<\/li>\n<li data-start=\"1031\" data-end=\"1049\">\n<p data-start=\"1033\" data-end=\"1049\">Return : 12h00<\/p>\n<\/li>\n<\/ul>\n<p data-start=\"1113\" data-end=\"1136\"><em data-start=\"1113\" data-end=\"1136\">Minimum: 2 people<\/em><\/p>\n<hr data-start=\"1138\" data-end=\"1141\" \/>\n<h3 data-start=\"1143\" data-end=\"1176\">\ud83d\udc63 <strong data-start=\"1150\" data-end=\"1174\">Level of difficulty<\/strong><\/h3>\n<p data-start=\"1177\" data-end=\"1214\">Easy - suitable for children aged 6 and over<\/p>\n<hr data-start=\"1216\" data-end=\"1219\" \/>\n<h3 data-start=\"1221\" data-end=\"1238\">\ud83d\udcbc <strong data-start=\"1228\" data-end=\"1238\">Included<\/strong><\/h3>\n<ul data-start=\"1239\" data-end=\"1351\">\n<li data-start=\"1239\" data-end=\"1264\">\n<p data-start=\"1241\" data-end=\"1264\">Passionate local guide<\/p>\n<\/li>\n<li data-start=\"1265\" data-end=\"1280\">\n<p data-start=\"1267\" data-end=\"1280\">Drinking water<\/p>\n<\/li>\n<li data-start=\"1281\" data-end=\"1294\">\n<p data-start=\"1283\" data-end=\"1294\">Snack<\/p>\n<\/li>\n<li data-start=\"1295\" data-end=\"1351\">\n<p data-start=\"1297\" data-end=\"1351\"><strong data-start=\"1297\" data-end=\"1349\">Lunch (only included for full days)<\/strong><\/p>\n<\/li>\n<\/ul>\n<hr data-start=\"1353\" data-end=\"1356\" \/>\n<h3 data-start=\"1358\" data-end=\"1392\">\ud83d\udcb8 <strong data-start=\"1365\" data-end=\"1390\">Additional costs<\/strong><\/h3>\n<p data-start=\"1393\" data-end=\"1442\">\ud83c\udf9f\ufe0f National park entrance (payable on site)<\/p>\n<ul data-start=\"1443\" data-end=\"1495\">\n<li data-start=\"1443\" data-end=\"1463\">\n<p data-start=\"1445\" data-end=\"1463\">Adults: THB 300<\/p>\n<\/li>\n<li data-start=\"1464\" data-end=\"1495\">\n<p data-start=\"1466\" data-end=\"1495\">Children (4-10 years): THB 150<\/p>\n<\/li>\n<\/ul>\n<hr data-start=\"1497\" data-end=\"1500\" \/>\n<h3 data-start=\"1502\" data-end=\"1522\">\ud83c\udf92 <strong data-start=\"1509\" data-end=\"1522\">What to expect<\/strong><\/h3>\n<ul data-start=\"1523\" data-end=\"1635\">\n<li data-start=\"1523\" data-end=\"1555\">\n<p data-start=\"1525\" data-end=\"1555\">Light walking shoes<\/p>\n<\/li>\n<li data-start=\"1556\" data-end=\"1579\">\n<p data-start=\"1558\" data-end=\"1579\">Hat and binoculars<\/p>\n<\/li>\n<li data-start=\"1580\" data-end=\"1616\">\n<p data-start=\"1582\" data-end=\"1616\">Sunscreen and mosquito repellent<\/p>\n<\/li>\n<li data-start=\"1617\" data-end=\"1635\">\n<p data-start=\"1619\" data-end=\"1635\">Camera<\/p>\n<\/li>\n<\/ul>\n<hr data-start=\"1637\" data-end=\"1640\" \/>\n<h3 data-start=\"1642\" data-end=\"1662\">\ud83d\udd4a\ufe0f <strong data-start=\"1650\" data-end=\"1662\">What you need to know<\/strong><\/h3>\n<p data-start=\"1663\" data-end=\"1711\">The species visible vary according to the season:<\/p>\n<ul data-start=\"1712\" data-end=\"1894\">\n<li data-start=\"1712\" data-end=\"1797\">\n<p data-start=\"1714\" data-end=\"1797\"><strong data-start=\"1714\" data-end=\"1749\">Dry season (November to April)<\/strong> Birds in groups, easier to spot.<\/p>\n<\/li>\n<li data-start=\"1798\" data-end=\"1894\">\n<p data-start=\"1800\" data-end=\"1894\"><strong data-start=\"1800\" data-end=\"1840\">Rainy season (April to November)<\/strong> More scattered birds, but a wilder atmosphere.<\/p>\n<\/li>\n<\/ul>","protected":false},"excerpt":{"rendered":"<p data-start=\"220\" data-end=\"548\"><strong data-start=\"220\" data-end=\"317\">Explore the incredible birdlife of Khao Sok, one of Thailand's natural gems.<\/strong><br data-start=\"317\" data-end=\"320\" \/>Guided by a passionate expert, set off to discover the rare and colourful species that inhabit the jungle, cane forests and open fields. Depending on the season, you may even catch a glimpse of primates in the wild!<\/p>\n<hr data-start=\"550\" data-end=\"553\" \/>\n<h3 data-start=\"555\" data-end=\"577\">\u2705 <strong data-start=\"561\" data-end=\"577\">Highlights<\/strong><\/h3>\n<ul data-start=\"578\" data-end=\"907\">\n<li data-start=\"578\" data-end=\"630\">\n<p data-start=\"580\" data-end=\"630\">Rare birdwatching with an experienced guide<\/p>\n<\/li>\n<li data-start=\"631\" data-end=\"673\">\n<p data-start=\"633\" data-end=\"673\">Suitable for all ages from 6 upwards<\/p>\n<\/li>\n<li data-start=\"674\" data-end=\"720\">\n<p data-start=\"676\" data-end=\"720\">Half or full day available<\/p>\n<\/li>\n<li data-start=\"721\" data-end=\"798\">\n<p data-start=\"723\" data-end=\"798\">Discovery of several habitats: jungle, open fields, cane forests<\/p>\n<\/li>\n<li data-start=\"799\" data-end=\"852\">\n<p data-start=\"801\" data-end=\"852\">Explanation of bird songs and behaviour<\/p>\n<\/li>\n<li data-start=\"853\" data-end=\"907\">\n<p data-start=\"855\" data-end=\"907\">Chance to see monkeys and other wild animals<\/p>\n<\/li>\n<\/ul>\n<hr data-start=\"909\" data-end=\"912\" \/>\n<h3 data-start=\"914\" data-end=\"931\">\ud83d\udccd <strong data-start=\"921\" data-end=\"929\">Location<\/strong><\/h3>\n<p data-start=\"932\" data-end=\"965\">Khao Sok National Park, Thailand<\/p>","protected":false},"featured_media":30602,"comment_status":"open","ping_status":"closed","template":"","meta":{"_uag_custom_page_level_css":""},"product_brand":[],"product_cat":[46],"product_tag":[],"class_list":{"0":"post-30603","1":"product","2":"type-product","3":"status-publish","4":"has-post-thumbnail","6":"product_cat-khao-sok","8":"first","9":"instock","10":"virtual","11":"taxable","12":"purchasable","13":"product-type-simple"},"yoast_head":"<!-- This site is optimized with the Yoast SEO plugin v27.1.1 - https:\/\/yoast.com\/product\/yoast-seo-wordpress\/ -->\n<title>\ud83d\udc26 Bird Watching \u2013 Demi - Journ\u00e9e \u00e0 Khao Sok -<\/title>\n<meta name=\"robots\" content=\"index, follow, max-snippet:-1, max-image-preview:large, max-video-preview:-1\" \/>\n<link rel=\"canonical\" href=\"https:\/\/lunayatravel.com\/en\/product\/\ud83d\udc26-bird-watching-demi-journee-complete-a-khao-sok\/\" \/>\n<meta property=\"og:locale\" content=\"en_GB\" \/>\n<meta property=\"og:type\" content=\"article\" \/>\n<meta property=\"og:title\" content=\"\ud83d\udc26 Bird Watching \u2013 Demi - Journ\u00e9e \u00e0 Khao Sok -\" \/>\n<meta property=\"og:description\" content=\"Explorez l\u2019incroyable diversit\u00e9 d\u2019oiseaux de Khao Sok, l\u2019un des joyaux naturels de Tha\u00eflande.Guid\u00e9 par un expert passionn\u00e9, partez \u00e0 la d\u00e9couverte des esp\u00e8ces rares et color\u00e9es qui peuplent la jungle, les for\u00eats de cannes et les champs ouverts. Selon la saison, vous pourrez \u00e9galement apercevoir des primates en libert\u00e9 !     \u2705 Points forts    Observation d\u2019oiseaux rares avec guide exp\u00e9riment\u00e9    Adapt\u00e9 \u00e0 tous les \u00e2ges \u00e0 partir de 6 ans    Possible en demi-journ\u00e9e ou journ\u00e9e compl\u00e8te    D\u00e9couverte de plusieurs habitats : jungle, champs ouverts, for\u00eats de cannes    Explication des chants et comportements des oiseaux    Chance de voir des singes et autres animaux sauvages      \ud83d\udccd Lieu Khao Sok National Park, Tha\u00eflande\" \/>\n<meta property=\"og:url\" content=\"https:\/\/lunayatravel.com\/en\/product\/\ud83d\udc26-bird-watching-demi-journee-complete-a-khao-sok\/\" \/>\n<meta property=\"article:publisher\" content=\"https:\/\/www.facebook.com\/lunayaTravel\/\" \/>\n<meta property=\"article:modified_time\" content=\"2025-08-05T10:40:41+00:00\" \/>\n<meta property=\"og:image\" content=\"https:\/\/lunayatravel.com\/wp-content\/uploads\/2025\/08\/Birdwatching-Our-Jungle-Khao-Sok-National-Park-5-1024x995-1.jpg\" \/>\n\t<meta property=\"og:image:width\" content=\"1024\" \/>\n\t<meta property=\"og:image:height\" content=\"995\" \/>\n\t<meta property=\"og:image:type\" content=\"image\/jpeg\" \/>\n<meta name=\"twitter:card\" content=\"summary_large_image\" \/>\n<meta name=\"twitter:label1\" content=\"Estimated reading time\" \/>\n\t<meta name=\"twitter:data1\" content=\"1 minute\" \/>\n<script type=\"application\/ld+json\" class=\"yoast-schema-graph\">{\"@context\":\"https:\/\/schema.org\",\"@graph\":[{\"@type\":\"WebPage\",\"@id\":\"https:\/\/lunayatravel.com\/en\/product\/%f0%9f%90%a6-bird-watching-demi-journee-complete-a-khao-sok\/\",\"url\":\"https:\/\/lunayatravel.com\/en\/product\/%f0%9f%90%a6-bird-watching-demi-journee-complete-a-khao-sok\/\",\"name\":\"\ud83d\udc26 Bird Watching \u2013 Demi - Journ\u00e9e \u00e0 Khao Sok -\",\"isPartOf\":{\"@id\":\"https:\/\/lunayatravel.com\/#website\"},\"primaryImageOfPage\":{\"@id\":\"https:\/\/lunayatravel.com\/en\/product\/%f0%9f%90%a6-bird-watching-demi-journee-complete-a-khao-sok\/#primaryimage\"},\"image\":{\"@id\":\"https:\/\/lunayatravel.com\/en\/product\/%f0%9f%90%a6-bird-watching-demi-journee-complete-a-khao-sok\/#primaryimage\"},\"thumbnailUrl\":\"https:\/\/lunayatravel.com\/wp-content\/uploads\/2025\/08\/Birdwatching-Our-Jungle-Khao-Sok-National-Park-5-1024x995-1.jpg\",\"datePublished\":\"2025-08-05T10:15:36+00:00\",\"dateModified\":\"2025-08-05T10:40:41+00:00\",\"breadcrumb\":{\"@id\":\"https:\/\/lunayatravel.com\/en\/product\/%f0%9f%90%a6-bird-watching-demi-journee-complete-a-khao-sok\/#breadcrumb\"},\"inLanguage\":\"en-GB\",\"potentialAction\":[{\"@type\":\"ReadAction\",\"target\":[\"https:\/\/lunayatravel.com\/en\/product\/%f0%9f%90%a6-bird-watching-demi-journee-complete-a-khao-sok\/\"]}]},{\"@type\":\"ImageObject\",\"inLanguage\":\"en-GB\",\"@id\":\"https:\/\/lunayatravel.com\/en\/product\/%f0%9f%90%a6-bird-watching-demi-journee-complete-a-khao-sok\/#primaryimage\",\"url\":\"https:\/\/lunayatravel.com\/wp-content\/uploads\/2025\/08\/Birdwatching-Our-Jungle-Khao-Sok-National-Park-5-1024x995-1.jpg\",\"contentUrl\":\"https:\/\/lunayatravel.com\/wp-content\/uploads\/2025\/08\/Birdwatching-Our-Jungle-Khao-Sok-National-Park-5-1024x995-1.jpg\",\"width\":1024,\"height\":995},{\"@type\":\"BreadcrumbList\",\"@id\":\"https:\/\/lunayatravel.com\/en\/product\/%f0%9f%90%a6-bird-watching-demi-journee-complete-a-khao-sok\/#breadcrumb\",\"itemListElement\":[{\"@type\":\"ListItem\",\"position\":1,\"name\":\"Accueil\",\"item\":\"https:\/\/lunayatravel.com\/\"},{\"@type\":\"ListItem\",\"position\":2,\"name\":\"Nos activit\u00e9s\",\"item\":\"https:\/\/lunayatravel.com\/nos-activites\/\"},{\"@type\":\"ListItem\",\"position\":3,\"name\":\"\ud83d\udc26 Bird Watching \u2013 Demi &#8211; Journ\u00e9e \u00e0 Khao Sok\"}]},{\"@type\":\"WebSite\",\"@id\":\"https:\/\/lunayatravel.com\/#website\",\"url\":\"https:\/\/lunayatravel.com\/\",\"name\":\"\",\"description\":\"\",\"publisher\":{\"@id\":\"https:\/\/lunayatravel.com\/#organization\"},\"potentialAction\":[{\"@type\":\"SearchAction\",\"target\":{\"@type\":\"EntryPoint\",\"urlTemplate\":\"https:\/\/lunayatravel.com\/?s={search_term_string}\"},\"query-input\":{\"@type\":\"PropertyValueSpecification\",\"valueRequired\":true,\"valueName\":\"search_term_string\"}}],\"inLanguage\":\"en-GB\"},{\"@type\":\"Organization\",\"@id\":\"https:\/\/lunayatravel.com\/#organization\",\"name\":\"Lunaya travel\",\"alternateName\":\"Lunaya travel\",\"url\":\"https:\/\/lunayatravel.com\/\",\"logo\":{\"@type\":\"ImageObject\",\"inLanguage\":\"en-GB\",\"@id\":\"https:\/\/lunayatravel.com\/#\/schema\/logo\/image\/\",\"url\":\"https:\/\/lunayatravel.com\/wp-content\/uploads\/2026\/03\/cropped-647319118_2379115739204013_337015058165053143_n.jpg\",\"contentUrl\":\"https:\/\/lunayatravel.com\/wp-content\/uploads\/2026\/03\/cropped-647319118_2379115739204013_337015058165053143_n.jpg\",\"width\":1022,\"height\":1023,\"caption\":\"Lunaya travel\"},\"image\":{\"@id\":\"https:\/\/lunayatravel.com\/#\/schema\/logo\/image\/\"},\"sameAs\":[\"https:\/\/www.facebook.com\/lunayaTravel\/\"]}]}<\/script>\n<!-- \/ Yoast SEO plugin. -->","yoast_head_json":{"title":"\ud83d\udc26 Bird Watching \u2013 Demi - Journ\u00e9e \u00e0 Khao Sok -","robots":{"index":"index","follow":"follow","max-snippet":"max-snippet:-1","max-image-preview":"max-image-preview:large","max-video-preview":"max-video-preview:-1"},"canonical":"https:\/\/lunayatravel.com\/en\/product\/\ud83d\udc26-bird-watching-demi-journee-complete-a-khao-sok\/","og_locale":"en_GB","og_type":"article","og_title":"\ud83d\udc26 Bird Watching \u2013 Demi - Journ\u00e9e \u00e0 Khao Sok -","og_description":"Explorez l\u2019incroyable diversit\u00e9 d\u2019oiseaux de Khao Sok, l\u2019un des joyaux naturels de Tha\u00eflande.Guid\u00e9 par un expert passionn\u00e9, partez \u00e0 la d\u00e9couverte des esp\u00e8ces rares et color\u00e9es qui peuplent la jungle, les for\u00eats de cannes et les champs ouverts. Selon la saison, vous pourrez \u00e9galement apercevoir des primates en libert\u00e9 !     \u2705 Points forts    Observation d\u2019oiseaux rares avec guide exp\u00e9riment\u00e9    Adapt\u00e9 \u00e0 tous les \u00e2ges \u00e0 partir de 6 ans    Possible en demi-journ\u00e9e ou journ\u00e9e compl\u00e8te    D\u00e9couverte de plusieurs habitats : jungle, champs ouverts, for\u00eats de cannes    Explication des chants et comportements des oiseaux    Chance de voir des singes et autres animaux sauvages      \ud83d\udccd Lieu Khao Sok National Park, Tha\u00eflande","og_url":"https:\/\/lunayatravel.com\/en\/product\/\ud83d\udc26-bird-watching-demi-journee-complete-a-khao-sok\/","article_publisher":"https:\/\/www.facebook.com\/lunayaTravel\/","article_modified_time":"2025-08-05T10:40:41+00:00","og_image":[{"width":1024,"height":995,"url":"https:\/\/lunayatravel.com\/wp-content\/uploads\/2025\/08\/Birdwatching-Our-Jungle-Khao-Sok-National-Park-5-1024x995-1.jpg","type":"image\/jpeg"}],"twitter_card":"summary_large_image","twitter_misc":{"Estimated reading time":"1 minute"},"schema":{"@context":"https:\/\/schema.org","@graph":[{"@type":"WebPage","@id":"https:\/\/lunayatravel.com\/en\/product\/%f0%9f%90%a6-bird-watching-demi-journee-complete-a-khao-sok\/","url":"https:\/\/lunayatravel.com\/en\/product\/%f0%9f%90%a6-bird-watching-demi-journee-complete-a-khao-sok\/","name":"\ud83d\udc26 Bird Watching \u2013 Demi - Journ\u00e9e \u00e0 Khao Sok -","isPartOf":{"@id":"https:\/\/lunayatravel.com\/#website"},"primaryImageOfPage":{"@id":"https:\/\/lunayatravel.com\/en\/product\/%f0%9f%90%a6-bird-watching-demi-journee-complete-a-khao-sok\/#primaryimage"},"image":{"@id":"https:\/\/lunayatravel.com\/en\/product\/%f0%9f%90%a6-bird-watching-demi-journee-complete-a-khao-sok\/#primaryimage"},"thumbnailUrl":"https:\/\/lunayatravel.com\/wp-content\/uploads\/2025\/08\/Birdwatching-Our-Jungle-Khao-Sok-National-Park-5-1024x995-1.jpg","datePublished":"2025-08-05T10:15:36+00:00","dateModified":"2025-08-05T10:40:41+00:00","breadcrumb":{"@id":"https:\/\/lunayatravel.com\/en\/product\/%f0%9f%90%a6-bird-watching-demi-journee-complete-a-khao-sok\/#breadcrumb"},"inLanguage":"en-GB","potentialAction":[{"@type":"ReadAction","target":["https:\/\/lunayatravel.com\/en\/product\/%f0%9f%90%a6-bird-watching-demi-journee-complete-a-khao-sok\/"]}]},{"@type":"ImageObject","inLanguage":"en-GB","@id":"https:\/\/lunayatravel.com\/en\/product\/%f0%9f%90%a6-bird-watching-demi-journee-complete-a-khao-sok\/#primaryimage","url":"https:\/\/lunayatravel.com\/wp-content\/uploads\/2025\/08\/Birdwatching-Our-Jungle-Khao-Sok-National-Park-5-1024x995-1.jpg","contentUrl":"https:\/\/lunayatravel.com\/wp-content\/uploads\/2025\/08\/Birdwatching-Our-Jungle-Khao-Sok-National-Park-5-1024x995-1.jpg","width":1024,"height":995},{"@type":"BreadcrumbList","@id":"https:\/\/lunayatravel.com\/en\/product\/%f0%9f%90%a6-bird-watching-demi-journee-complete-a-khao-sok\/#breadcrumb","itemListElement":[{"@type":"ListItem","position":1,"name":"Accueil","item":"https:\/\/lunayatravel.com\/"},{"@type":"ListItem","position":2,"name":"Nos activit\u00e9s","item":"https:\/\/lunayatravel.com\/nos-activites\/"},{"@type":"ListItem","position":3,"name":"\ud83d\udc26 Bird Watching \u2013 Demi &#8211; Journ\u00e9e \u00e0 Khao Sok"}]},{"@type":"WebSite","@id":"https:\/\/lunayatravel.com\/#website","url":"https:\/\/lunayatravel.com\/","name":"","description":"","publisher":{"@id":"https:\/\/lunayatravel.com\/#organization"},"potentialAction":[{"@type":"SearchAction","target":{"@type":"EntryPoint","urlTemplate":"https:\/\/lunayatravel.com\/?s={search_term_string}"},"query-input":{"@type":"PropertyValueSpecification","valueRequired":true,"valueName":"search_term_string"}}],"inLanguage":"en-GB"},{"@type":"Organization","@id":"https:\/\/lunayatravel.com\/#organization","name":"Lunaya travel","alternateName":"Lunaya travel","url":"https:\/\/lunayatravel.com\/","logo":{"@type":"ImageObject","inLanguage":"en-GB","@id":"https:\/\/lunayatravel.com\/#\/schema\/logo\/image\/","url":"https:\/\/lunayatravel.com\/wp-content\/uploads\/2026\/03\/cropped-647319118_2379115739204013_337015058165053143_n.jpg","contentUrl":"https:\/\/lunayatravel.com\/wp-content\/uploads\/2026\/03\/cropped-647319118_2379115739204013_337015058165053143_n.jpg","width":1022,"height":1023,"caption":"Lunaya travel"},"image":{"@id":"https:\/\/lunayatravel.com\/#\/schema\/logo\/image\/"},"sameAs":["https:\/\/www.facebook.com\/lunayaTravel\/"]}]}},"uagb_featured_image_src":{"full":["https:\/\/lunayatravel.com\/wp-content\/uploads\/2025\/08\/Birdwatching-Our-Jungle-Khao-Sok-National-Park-5-1024x995-1.jpg",1024,995,false],"thumbnail":["https:\/\/lunayatravel.com\/wp-content\/uploads\/2025\/08\/Birdwatching-Our-Jungle-Khao-Sok-National-Park-5-1024x995-1-150x150.jpg",150,150,true],"medium":["https:\/\/lunayatravel.com\/wp-content\/uploads\/2025\/08\/Birdwatching-Our-Jungle-Khao-Sok-National-Park-5-1024x995-1-300x292.jpg",300,292,true],"medium_large":["https:\/\/lunayatravel.com\/wp-content\/uploads\/2025\/08\/Birdwatching-Our-Jungle-Khao-Sok-National-Park-5-1024x995-1-768x746.jpg",768,746,true],"large":["https:\/\/lunayatravel.com\/wp-content\/uploads\/2025\/08\/Birdwatching-Our-Jungle-Khao-Sok-National-Park-5-1024x995-1.jpg",1024,995,false],"1536x1536":["https:\/\/lunayatravel.com\/wp-content\/uploads\/2025\/08\/Birdwatching-Our-Jungle-Khao-Sok-National-Park-5-1024x995-1.jpg",1024,995,false],"2048x2048":["https:\/\/lunayatravel.com\/wp-content\/uploads\/2025\/08\/Birdwatching-Our-Jungle-Khao-Sok-National-Park-5-1024x995-1.jpg",1024,995,false],"trp-custom-language-flag":["https:\/\/lunayatravel.com\/wp-content\/uploads\/2025\/08\/Birdwatching-Our-Jungle-Khao-Sok-National-Park-5-1024x995-1.jpg",12,12,false],"widget-thumbnail":["https:\/\/lunayatravel.com\/wp-content\/uploads\/2025\/08\/Birdwatching-Our-Jungle-Khao-Sok-National-Park-5-1024x995-1-75x75.jpg",75,75,true],"mailpoet_newsletter_max":["https:\/\/lunayatravel.com\/wp-content\/uploads\/2025\/08\/Birdwatching-Our-Jungle-Khao-Sok-National-Park-5-1024x995-1.jpg",1024,995,false],"woocommerce_thumbnail":["https:\/\/lunayatravel.com\/wp-content\/uploads\/2025\/08\/Birdwatching-Our-Jungle-Khao-Sok-National-Park-5-1024x995-1-300x300.jpg",300,300,true],"woocommerce_single":["https:\/\/lunayatravel.com\/wp-content\/uploads\/2025\/08\/Birdwatching-Our-Jungle-Khao-Sok-National-Park-5-1024x995-1-600x583.jpg",600,583,true],"woocommerce_gallery_thumbnail":["https:\/\/lunayatravel.com\/wp-content\/uploads\/2025\/08\/Birdwatching-Our-Jungle-Khao-Sok-National-Park-5-1024x995-1-100x100.jpg",100,100,true],"sow-carousel-default":["https:\/\/lunayatravel.com\/wp-content\/uploads\/2025\/08\/Birdwatching-Our-Jungle-Khao-Sok-National-Park-5-1024x995-1-272x182.jpg",272,182,true]},"uagb_author_info":{"display_name":"haemers stephanie","author_link":"https:\/\/lunayatravel.com\/en\/author\/"},"uagb_comment_info":0,"uagb_excerpt":"Explorez l\u2019incroyable diversit\u00e9 d\u2019oiseaux de Khao Sok, l\u2019un des joyaux naturels de Tha\u00eflande.Guid\u00e9 par un expert passionn\u00e9, partez \u00e0 la d\u00e9couverte des esp\u00e8ces rares et color\u00e9es qui peuplent la jungle, les for\u00eats de cannes et les champs ouverts. Selon la saison, vous pourrez \u00e9galement apercevoir des primates en libert\u00e9 ! \u2705 Points forts Observation d\u2019oiseaux&hellip;","jetpack_sharing_enabled":true,"_links":{"self":[{"href":"https:\/\/lunayatravel.com\/en\/wp-json\/wp\/v2\/product\/30603","targetHints":{"allow":["GET"]}}],"collection":[{"href":"https:\/\/lunayatravel.com\/en\/wp-json\/wp\/v2\/product"}],"about":[{"href":"https:\/\/lunayatravel.com\/en\/wp-json\/wp\/v2\/types\/product"}],"replies":[{"embeddable":true,"href":"https:\/\/lunayatravel.com\/en\/wp-json\/wp\/v2\/comments?post=30603"}],"wp:featuredmedia":[{"embeddable":true,"href":"https:\/\/lunayatravel.com\/en\/wp-json\/wp\/v2\/media\/30602"}],"wp:attachment":[{"href":"https:\/\/lunayatravel.com\/en\/wp-json\/wp\/v2\/media?parent=30603"}],"wp:term":[{"taxonomy":"product_brand","embeddable":true,"href":"https:\/\/lunayatravel.com\/en\/wp-json\/wp\/v2\/product_brand?post=30603"},{"taxonomy":"product_cat","embeddable":true,"href":"https:\/\/lunayatravel.com\/en\/wp-json\/wp\/v2\/product_cat?post=30603"},{"taxonomy":"product_tag","embeddable":true,"href":"https:\/\/lunayatravel.com\/en\/wp-json\/wp\/v2\/product_tag?post=30603"}],"curies":[{"name":"wp","href":"https:\/\/api.w.org\/{rel}","templated":true}]}}