{"id":30594,"date":"2025-08-05T12:06:58","date_gmt":"2025-08-05T10:06:58","guid":{"rendered":"https:\/\/itctoursvoyages.com\/?post_type=product&#038;p=30594"},"modified":"2025-08-05T12:06:59","modified_gmt":"2025-08-05T10:06:59","slug":"%f0%9f%9b%b6-raft-trek-cave-klong-phanom-national-park","status":"publish","type":"product","link":"https:\/\/lunayatravel.com\/en\/product\/%f0%9f%9b%b6-raft-trek-cave-klong-phanom-national-park\/","title":{"rendered":"\ud83d\udef6 Raft, Trek &amp; Cave - Klong Phanom National Park"},"content":{"rendered":"<h3 data-start=\"919\" data-end=\"937\">\ud83d\uddd3\ufe0f Timetable<\/h3>\n<ul data-start=\"938\" data-end=\"1055\">\n<li data-start=\"938\" data-end=\"981\">\n<p data-start=\"940\" data-end=\"981\"><strong data-start=\"940\" data-end=\"949\">Morning<\/strong> Departure 08:30 - Return 12:00<\/p>\n<\/li>\n<li data-start=\"982\" data-end=\"1055\">\n<p data-start=\"984\" data-end=\"1055\"><strong data-start=\"984\" data-end=\"998\">Afternoon<\/strong> Departure 1.00 pm - Return 6.00 pm<br data-start=\"1028\" data-end=\"1031\" \/>\ud83d\udccd <em data-start=\"1034\" data-end=\"1055\">Minimum 2 people<\/em><\/p>\n<\/li>\n<\/ul>\n<hr data-start=\"1057\" data-end=\"1060\" \/>\n<h3 data-start=\"1062\" data-end=\"1076\">\u2705 Included<\/h3>\n<ul data-start=\"1077\" data-end=\"1194\">\n<li data-start=\"1077\" data-end=\"1092\">\n<p data-start=\"1079\" data-end=\"1092\">Local guide<\/p>\n<\/li>\n<li data-start=\"1093\" data-end=\"1122\">\n<p data-start=\"1095\" data-end=\"1122\">Bamboo rafting \/ canoeing<\/p>\n<\/li>\n<li data-start=\"1123\" data-end=\"1138\">\n<p data-start=\"1125\" data-end=\"1138\">Drinking water<\/p>\n<\/li>\n<li data-start=\"1139\" data-end=\"1166\">\n<p data-start=\"1141\" data-end=\"1166\">Return transfers<\/p>\n<\/li>\n<li data-start=\"1167\" data-end=\"1194\">\n<p data-start=\"1169\" data-end=\"1194\">Entrance to the national park<\/p>\n<\/li>\n<\/ul>\n<hr data-start=\"1196\" data-end=\"1199\" \/>\n<h3 data-start=\"1201\" data-end=\"1219\">\ud83e\uddf3 To be planned<\/h3>\n<ul data-start=\"1220\" data-end=\"1336\">\n<li data-start=\"1220\" data-end=\"1253\">\n<p data-start=\"1222\" data-end=\"1253\">Sturdy walking shoes<\/p>\n<\/li>\n<li data-start=\"1254\" data-end=\"1265\">\n<p data-start=\"1256\" data-end=\"1265\">Hat<\/p>\n<\/li>\n<li data-start=\"1266\" data-end=\"1294\">\n<p data-start=\"1268\" data-end=\"1294\">Mosquito repellent<\/p>\n<\/li>\n<li data-start=\"1295\" data-end=\"1312\">\n<p data-start=\"1297\" data-end=\"1312\">Sun cream<\/p>\n<\/li>\n<li data-start=\"1313\" data-end=\"1336\">\n<p data-start=\"1315\" data-end=\"1336\">A taste for adventure \ud83c\udf3f<\/p>\n<\/li>\n<\/ul>","protected":false},"excerpt":{"rendered":"<p data-start=\"274\" data-end=\"388\"><strong data-start=\"309\" data-end=\"333\">Duration: half day<\/strong><br data-start=\"333\" data-end=\"336\" \/><strong data-start=\"336\" data-end=\"359\">Minimum age: 8 years<\/strong><br data-start=\"359\" data-end=\"362\" \/><strong data-start=\"362\" data-end=\"388\">Difficulty: Difficult<\/strong><\/p>\n<hr data-start=\"390\" data-end=\"393\" \/>\n<h3 data-start=\"395\" data-end=\"415\">\ud83c\udf3f Description<\/h3>\n<p data-start=\"416\" data-end=\"850\">Experience a unique blend of tranquillity and thrills!<br data-start=\"484\" data-end=\"487\" \/>Start with a peaceful bamboo raft trip down the Sok River to Wat Tham Pla temple. Then set off on a 45-minute hike through lush jungle to the spectacular Tham Kaew cave, over 400 metres long.<br data-start=\"744\" data-end=\"747\" \/>After exploring underground, head back down to the Buddhist shrine before returning to Khao Sok Town.<\/p>\n<p data-start=\"852\" data-end=\"912\">\u2615 Bonus: enjoy a local coffee prepared in a bamboo!<\/p>","protected":false},"featured_media":30597,"comment_status":"open","ping_status":"closed","template":"","meta":{"_uag_custom_page_level_css":""},"product_brand":[],"product_cat":[46],"product_tag":[],"class_list":{"0":"post-30594","1":"product","2":"type-product","3":"status-publish","4":"has-post-thumbnail","6":"product_cat-khao-sok","8":"first","9":"instock","10":"virtual","11":"taxable","12":"purchasable","13":"product-type-simple"},"yoast_head":"<!-- This site is optimized with the Yoast SEO plugin v27.1.1 - https:\/\/yoast.com\/product\/yoast-seo-wordpress\/ -->\n<title>\ud83d\udef6 Raft, Trek &amp; Cave \u2013 Klong Phanom National Park -<\/title>\n<meta name=\"robots\" content=\"index, follow, max-snippet:-1, max-image-preview:large, max-video-preview:-1\" \/>\n<link rel=\"canonical\" href=\"https:\/\/lunayatravel.com\/en\/product\/\ud83d\udef6-raft-trek-cave-klong-phanom-national-park\/\" \/>\n<meta property=\"og:locale\" content=\"en_GB\" \/>\n<meta property=\"og:type\" content=\"article\" \/>\n<meta property=\"og:title\" content=\"\ud83d\udef6 Raft, Trek &amp; Cave \u2013 Klong Phanom National Park -\" \/>\n<meta property=\"og:description\" content=\"Dur\u00e9e : demi-journ\u00e9e\u00c2ge minimum : 8 ansDifficult\u00e9 : Difficile     \ud83c\udf3f Description Vivez une aventure unique m\u00ealant tranquillit\u00e9 et sensations fortes !Commencez par une descente paisible en radeau de bambou sur la rivi\u00e8re Sok jusqu\u2019au temple Wat Tham Pla. Puis, partez pour une randonn\u00e9e de 45 minutes dans la jungle luxuriante en direction de la spectaculaire grotte Tham Kaew, longue de plus de 400 m\u00e8tres.Apr\u00e8s l\u2019exploration souterraine, redescendez au sanctuaire bouddhiste avant de rentrer \u00e0 Khao Sok Town. \u2615 En bonus : savourez un caf\u00e9 local pr\u00e9par\u00e9 dans un bambou !\" \/>\n<meta property=\"og:url\" content=\"https:\/\/lunayatravel.com\/en\/product\/\ud83d\udef6-raft-trek-cave-klong-phanom-national-park\/\" \/>\n<meta property=\"article:publisher\" content=\"https:\/\/www.facebook.com\/lunayaTravel\/\" \/>\n<meta property=\"article:modified_time\" content=\"2025-08-05T10:06:59+00:00\" \/>\n<meta property=\"og:image\" content=\"https:\/\/lunayatravel.com\/wp-content\/uploads\/2025\/08\/OIP-9.webp\" \/>\n\t<meta property=\"og:image:width\" content=\"474\" \/>\n\t<meta property=\"og:image:height\" content=\"352\" \/>\n\t<meta property=\"og:image:type\" content=\"image\/webp\" \/>\n<meta name=\"twitter:card\" content=\"summary_large_image\" \/>\n<script type=\"application\/ld+json\" class=\"yoast-schema-graph\">{\"@context\":\"https:\/\/schema.org\",\"@graph\":[{\"@type\":\"WebPage\",\"@id\":\"https:\/\/lunayatravel.com\/produit\/%f0%9f%9b%b6-raft-trek-cave-klong-phanom-national-park\/\",\"url\":\"https:\/\/lunayatravel.com\/produit\/%f0%9f%9b%b6-raft-trek-cave-klong-phanom-national-park\/\",\"name\":\"\ud83d\udef6 Raft, Trek & Cave \u2013 Klong Phanom National Park -\",\"isPartOf\":{\"@id\":\"https:\/\/lunayatravel.com\/#website\"},\"primaryImageOfPage\":{\"@id\":\"https:\/\/lunayatravel.com\/produit\/%f0%9f%9b%b6-raft-trek-cave-klong-phanom-national-park\/#primaryimage\"},\"image\":{\"@id\":\"https:\/\/lunayatravel.com\/produit\/%f0%9f%9b%b6-raft-trek-cave-klong-phanom-national-park\/#primaryimage\"},\"thumbnailUrl\":\"https:\/\/lunayatravel.com\/wp-content\/uploads\/2025\/08\/OIP-9.webp\",\"datePublished\":\"2025-08-05T10:06:58+00:00\",\"dateModified\":\"2025-08-05T10:06:59+00:00\",\"breadcrumb\":{\"@id\":\"https:\/\/lunayatravel.com\/produit\/%f0%9f%9b%b6-raft-trek-cave-klong-phanom-national-park\/#breadcrumb\"},\"inLanguage\":\"en-GB\",\"potentialAction\":[{\"@type\":\"ReadAction\",\"target\":[\"https:\/\/lunayatravel.com\/produit\/%f0%9f%9b%b6-raft-trek-cave-klong-phanom-national-park\/\"]}]},{\"@type\":\"ImageObject\",\"inLanguage\":\"en-GB\",\"@id\":\"https:\/\/lunayatravel.com\/produit\/%f0%9f%9b%b6-raft-trek-cave-klong-phanom-national-park\/#primaryimage\",\"url\":\"https:\/\/lunayatravel.com\/wp-content\/uploads\/2025\/08\/OIP-9.webp\",\"contentUrl\":\"https:\/\/lunayatravel.com\/wp-content\/uploads\/2025\/08\/OIP-9.webp\",\"width\":474,\"height\":352},{\"@type\":\"BreadcrumbList\",\"@id\":\"https:\/\/lunayatravel.com\/produit\/%f0%9f%9b%b6-raft-trek-cave-klong-phanom-national-park\/#breadcrumb\",\"itemListElement\":[{\"@type\":\"ListItem\",\"position\":1,\"name\":\"Accueil\",\"item\":\"https:\/\/lunayatravel.com\/\"},{\"@type\":\"ListItem\",\"position\":2,\"name\":\"Nos activit\u00e9s\",\"item\":\"https:\/\/lunayatravel.com\/nos-activites\/\"},{\"@type\":\"ListItem\",\"position\":3,\"name\":\"\ud83d\udef6 Raft, Trek &#038; Cave \u2013 Klong Phanom National Park\"}]},{\"@type\":\"WebSite\",\"@id\":\"https:\/\/lunayatravel.com\/#website\",\"url\":\"https:\/\/lunayatravel.com\/\",\"name\":\"\",\"description\":\"\",\"publisher\":{\"@id\":\"https:\/\/lunayatravel.com\/#organization\"},\"potentialAction\":[{\"@type\":\"SearchAction\",\"target\":{\"@type\":\"EntryPoint\",\"urlTemplate\":\"https:\/\/lunayatravel.com\/?s={search_term_string}\"},\"query-input\":{\"@type\":\"PropertyValueSpecification\",\"valueRequired\":true,\"valueName\":\"search_term_string\"}}],\"inLanguage\":\"en-GB\"},{\"@type\":\"Organization\",\"@id\":\"https:\/\/lunayatravel.com\/#organization\",\"name\":\"Lunaya travel\",\"alternateName\":\"Lunaya travel\",\"url\":\"https:\/\/lunayatravel.com\/\",\"logo\":{\"@type\":\"ImageObject\",\"inLanguage\":\"en-GB\",\"@id\":\"https:\/\/lunayatravel.com\/#\/schema\/logo\/image\/\",\"url\":\"https:\/\/lunayatravel.com\/wp-content\/uploads\/2026\/03\/cropped-647319118_2379115739204013_337015058165053143_n.jpg\",\"contentUrl\":\"https:\/\/lunayatravel.com\/wp-content\/uploads\/2026\/03\/cropped-647319118_2379115739204013_337015058165053143_n.jpg\",\"width\":1022,\"height\":1023,\"caption\":\"Lunaya travel\"},\"image\":{\"@id\":\"https:\/\/lunayatravel.com\/#\/schema\/logo\/image\/\"},\"sameAs\":[\"https:\/\/www.facebook.com\/lunayaTravel\/\"]}]}<\/script>\n<!-- \/ Yoast SEO plugin. -->","yoast_head_json":{"title":"\ud83d\udef6 Raft, Trek & Cave \u2013 Klong Phanom National Park -","robots":{"index":"index","follow":"follow","max-snippet":"max-snippet:-1","max-image-preview":"max-image-preview:large","max-video-preview":"max-video-preview:-1"},"canonical":"https:\/\/lunayatravel.com\/en\/product\/\ud83d\udef6-raft-trek-cave-klong-phanom-national-park\/","og_locale":"en_GB","og_type":"article","og_title":"\ud83d\udef6 Raft, Trek & Cave \u2013 Klong Phanom National Park -","og_description":"Dur\u00e9e : demi-journ\u00e9e\u00c2ge minimum : 8 ansDifficult\u00e9 : Difficile     \ud83c\udf3f Description Vivez une aventure unique m\u00ealant tranquillit\u00e9 et sensations fortes !Commencez par une descente paisible en radeau de bambou sur la rivi\u00e8re Sok jusqu\u2019au temple Wat Tham Pla. Puis, partez pour une randonn\u00e9e de 45 minutes dans la jungle luxuriante en direction de la spectaculaire grotte Tham Kaew, longue de plus de 400 m\u00e8tres.Apr\u00e8s l\u2019exploration souterraine, redescendez au sanctuaire bouddhiste avant de rentrer \u00e0 Khao Sok Town. \u2615 En bonus : savourez un caf\u00e9 local pr\u00e9par\u00e9 dans un bambou !","og_url":"https:\/\/lunayatravel.com\/en\/product\/\ud83d\udef6-raft-trek-cave-klong-phanom-national-park\/","article_publisher":"https:\/\/www.facebook.com\/lunayaTravel\/","article_modified_time":"2025-08-05T10:06:59+00:00","og_image":[{"width":474,"height":352,"url":"https:\/\/lunayatravel.com\/wp-content\/uploads\/2025\/08\/OIP-9.webp","type":"image\/webp"}],"twitter_card":"summary_large_image","schema":{"@context":"https:\/\/schema.org","@graph":[{"@type":"WebPage","@id":"https:\/\/lunayatravel.com\/produit\/%f0%9f%9b%b6-raft-trek-cave-klong-phanom-national-park\/","url":"https:\/\/lunayatravel.com\/produit\/%f0%9f%9b%b6-raft-trek-cave-klong-phanom-national-park\/","name":"\ud83d\udef6 Raft, Trek & Cave \u2013 Klong Phanom National Park -","isPartOf":{"@id":"https:\/\/lunayatravel.com\/#website"},"primaryImageOfPage":{"@id":"https:\/\/lunayatravel.com\/produit\/%f0%9f%9b%b6-raft-trek-cave-klong-phanom-national-park\/#primaryimage"},"image":{"@id":"https:\/\/lunayatravel.com\/produit\/%f0%9f%9b%b6-raft-trek-cave-klong-phanom-national-park\/#primaryimage"},"thumbnailUrl":"https:\/\/lunayatravel.com\/wp-content\/uploads\/2025\/08\/OIP-9.webp","datePublished":"2025-08-05T10:06:58+00:00","dateModified":"2025-08-05T10:06:59+00:00","breadcrumb":{"@id":"https:\/\/lunayatravel.com\/produit\/%f0%9f%9b%b6-raft-trek-cave-klong-phanom-national-park\/#breadcrumb"},"inLanguage":"en-GB","potentialAction":[{"@type":"ReadAction","target":["https:\/\/lunayatravel.com\/produit\/%f0%9f%9b%b6-raft-trek-cave-klong-phanom-national-park\/"]}]},{"@type":"ImageObject","inLanguage":"en-GB","@id":"https:\/\/lunayatravel.com\/produit\/%f0%9f%9b%b6-raft-trek-cave-klong-phanom-national-park\/#primaryimage","url":"https:\/\/lunayatravel.com\/wp-content\/uploads\/2025\/08\/OIP-9.webp","contentUrl":"https:\/\/lunayatravel.com\/wp-content\/uploads\/2025\/08\/OIP-9.webp","width":474,"height":352},{"@type":"BreadcrumbList","@id":"https:\/\/lunayatravel.com\/produit\/%f0%9f%9b%b6-raft-trek-cave-klong-phanom-national-park\/#breadcrumb","itemListElement":[{"@type":"ListItem","position":1,"name":"Accueil","item":"https:\/\/lunayatravel.com\/"},{"@type":"ListItem","position":2,"name":"Nos activit\u00e9s","item":"https:\/\/lunayatravel.com\/nos-activites\/"},{"@type":"ListItem","position":3,"name":"\ud83d\udef6 Raft, Trek &#038; Cave \u2013 Klong Phanom National Park"}]},{"@type":"WebSite","@id":"https:\/\/lunayatravel.com\/#website","url":"https:\/\/lunayatravel.com\/","name":"","description":"","publisher":{"@id":"https:\/\/lunayatravel.com\/#organization"},"potentialAction":[{"@type":"SearchAction","target":{"@type":"EntryPoint","urlTemplate":"https:\/\/lunayatravel.com\/?s={search_term_string}"},"query-input":{"@type":"PropertyValueSpecification","valueRequired":true,"valueName":"search_term_string"}}],"inLanguage":"en-GB"},{"@type":"Organization","@id":"https:\/\/lunayatravel.com\/#organization","name":"Lunaya travel","alternateName":"Lunaya travel","url":"https:\/\/lunayatravel.com\/","logo":{"@type":"ImageObject","inLanguage":"en-GB","@id":"https:\/\/lunayatravel.com\/#\/schema\/logo\/image\/","url":"https:\/\/lunayatravel.com\/wp-content\/uploads\/2026\/03\/cropped-647319118_2379115739204013_337015058165053143_n.jpg","contentUrl":"https:\/\/lunayatravel.com\/wp-content\/uploads\/2026\/03\/cropped-647319118_2379115739204013_337015058165053143_n.jpg","width":1022,"height":1023,"caption":"Lunaya travel"},"image":{"@id":"https:\/\/lunayatravel.com\/#\/schema\/logo\/image\/"},"sameAs":["https:\/\/www.facebook.com\/lunayaTravel\/"]}]}},"uagb_featured_image_src":{"full":["https:\/\/lunayatravel.com\/wp-content\/uploads\/2025\/08\/OIP-9.webp",474,352,false],"thumbnail":["https:\/\/lunayatravel.com\/wp-content\/uploads\/2025\/08\/OIP-9-150x150.webp",150,150,true],"medium":["https:\/\/lunayatravel.com\/wp-content\/uploads\/2025\/08\/OIP-9-300x223.webp",300,223,true],"medium_large":["https:\/\/lunayatravel.com\/wp-content\/uploads\/2025\/08\/OIP-9.webp",474,352,false],"large":["https:\/\/lunayatravel.com\/wp-content\/uploads\/2025\/08\/OIP-9.webp",474,352,false],"1536x1536":["https:\/\/lunayatravel.com\/wp-content\/uploads\/2025\/08\/OIP-9.webp",474,352,false],"2048x2048":["https:\/\/lunayatravel.com\/wp-content\/uploads\/2025\/08\/OIP-9.webp",474,352,false],"trp-custom-language-flag":["https:\/\/lunayatravel.com\/wp-content\/uploads\/2025\/08\/OIP-9.webp",16,12,false],"widget-thumbnail":["https:\/\/lunayatravel.com\/wp-content\/uploads\/2025\/08\/OIP-9-75x75.webp",75,75,true],"mailpoet_newsletter_max":["https:\/\/lunayatravel.com\/wp-content\/uploads\/2025\/08\/OIP-9.webp",474,352,false],"woocommerce_thumbnail":["https:\/\/lunayatravel.com\/wp-content\/uploads\/2025\/08\/OIP-9-300x300.webp",300,300,true],"woocommerce_single":["https:\/\/lunayatravel.com\/wp-content\/uploads\/2025\/08\/OIP-9.webp",474,352,false],"woocommerce_gallery_thumbnail":["https:\/\/lunayatravel.com\/wp-content\/uploads\/2025\/08\/OIP-9-100x100.webp",100,100,true],"sow-carousel-default":["https:\/\/lunayatravel.com\/wp-content\/uploads\/2025\/08\/OIP-9-272x182.webp",272,182,true]},"uagb_author_info":{"display_name":"haemers stephanie","author_link":"https:\/\/lunayatravel.com\/en\/author\/"},"uagb_comment_info":0,"uagb_excerpt":"Dur\u00e9e : demi-journ\u00e9e\u00c2ge minimum : 8 ansDifficult\u00e9 : Difficile \ud83c\udf3f Description Vivez une aventure unique m\u00ealant tranquillit\u00e9 et sensations fortes !Commencez par une descente paisible en radeau de bambou sur la rivi\u00e8re Sok jusqu\u2019au temple Wat Tham Pla. Puis, partez pour une randonn\u00e9e de 45 minutes dans la jungle luxuriante en direction de la spectaculaire&hellip;","jetpack_sharing_enabled":true,"_links":{"self":[{"href":"https:\/\/lunayatravel.com\/en\/wp-json\/wp\/v2\/product\/30594","targetHints":{"allow":["GET"]}}],"collection":[{"href":"https:\/\/lunayatravel.com\/en\/wp-json\/wp\/v2\/product"}],"about":[{"href":"https:\/\/lunayatravel.com\/en\/wp-json\/wp\/v2\/types\/product"}],"replies":[{"embeddable":true,"href":"https:\/\/lunayatravel.com\/en\/wp-json\/wp\/v2\/comments?post=30594"}],"wp:featuredmedia":[{"embeddable":true,"href":"https:\/\/lunayatravel.com\/en\/wp-json\/wp\/v2\/media\/30597"}],"wp:attachment":[{"href":"https:\/\/lunayatravel.com\/en\/wp-json\/wp\/v2\/media?parent=30594"}],"wp:term":[{"taxonomy":"product_brand","embeddable":true,"href":"https:\/\/lunayatravel.com\/en\/wp-json\/wp\/v2\/product_brand?post=30594"},{"taxonomy":"product_cat","embeddable":true,"href":"https:\/\/lunayatravel.com\/en\/wp-json\/wp\/v2\/product_cat?post=30594"},{"taxonomy":"product_tag","embeddable":true,"href":"https:\/\/lunayatravel.com\/en\/wp-json\/wp\/v2\/product_tag?post=30594"}],"curies":[{"name":"wp","href":"https:\/\/api.w.org\/{rel}","templated":true}]}}