{"id":30589,"date":"2025-08-05T11:49:24","date_gmt":"2025-08-05T09:49:24","guid":{"rendered":"https:\/\/itctoursvoyages.com\/?post_type=product&#038;p=30589"},"modified":"2025-08-05T11:49:24","modified_gmt":"2025-08-05T09:49:24","slug":"%f0%9f%8c%8c-randonnee-nocturne-dans-la-jungle-de-khao-sok","status":"publish","type":"product","link":"https:\/\/lunayatravel.com\/en\/product\/%f0%9f%8c%8c-randonnee-nocturne-dans-la-jungle-de-khao-sok\/","title":{"rendered":"\ud83c\udf0c Night hike in the Khao Sok Jungle"},"content":{"rendered":"<h3 data-start=\"890\" data-end=\"907\">\ud83c\udf19 <strong data-start=\"897\" data-end=\"907\">Departure<\/strong><\/h3>\n<ul data-start=\"908\" data-end=\"951\">\n<li data-start=\"908\" data-end=\"930\">\n<p data-start=\"910\" data-end=\"930\"><strong data-start=\"910\" data-end=\"920\">Departure<\/strong> : 19h00<\/p>\n<\/li>\n<li data-start=\"931\" data-end=\"951\">\n<p data-start=\"933\" data-end=\"951\"><strong data-start=\"933\" data-end=\"943\">Back to<\/strong> : 21h00<\/p>\n<\/li>\n<\/ul>\n<hr data-start=\"953\" data-end=\"956\" \/>\n<h3 data-start=\"958\" data-end=\"985\">\u2705 <strong data-start=\"964\" data-end=\"985\">What's included<\/strong><\/h3>\n<ul data-start=\"986\" data-end=\"1109\">\n<li data-start=\"986\" data-end=\"1013\">\n<p data-start=\"988\" data-end=\"1013\">Experienced local guide<\/p>\n<\/li>\n<li data-start=\"1014\" data-end=\"1042\">\n<p data-start=\"1016\" data-end=\"1042\">Headlamp or torch<\/p>\n<\/li>\n<li data-start=\"1043\" data-end=\"1058\">\n<p data-start=\"1045\" data-end=\"1058\">Drinking water<\/p>\n<\/li>\n<li data-start=\"1059\" data-end=\"1109\">\n<p data-start=\"1061\" data-end=\"1109\">Return transfers from your accommodation<\/p>\n<\/li>\n<\/ul>\n<hr data-start=\"1111\" data-end=\"1114\" \/>\n<h3 data-start=\"1116\" data-end=\"1148\">\ud83d\udcb8 <strong data-start=\"1123\" data-end=\"1148\">Additional costs<\/strong><\/h3>\n<ul data-start=\"1149\" data-end=\"1237\">\n<li data-start=\"1149\" data-end=\"1237\">\n<p data-start=\"1151\" data-end=\"1182\"><strong data-start=\"1151\" data-end=\"1178\">Entrance to the national park<\/strong> :<\/p>\n<ul data-start=\"1185\" data-end=\"1237\">\n<li data-start=\"1185\" data-end=\"1205\">\n<p data-start=\"1187\" data-end=\"1205\">THB 300 \/ adult<\/p>\n<\/li>\n<li data-start=\"1208\" data-end=\"1237\">\n<p data-start=\"1210\" data-end=\"1237\">THB 150 \/ child (4-10 years)<\/p>\n<\/li>\n<\/ul>\n<\/li>\n<\/ul>\n<hr data-start=\"1239\" data-end=\"1242\" \/>\n<h3 data-start=\"1244\" data-end=\"1264\">\ud83c\udf92 <strong data-start=\"1251\" data-end=\"1264\">What to expect<\/strong><\/h3>\n<ul data-start=\"1265\" data-end=\"1381\">\n<li data-start=\"1265\" data-end=\"1297\">\n<p data-start=\"1267\" data-end=\"1297\">Light walking shoes<\/p>\n<\/li>\n<li data-start=\"1298\" data-end=\"1315\">\n<p data-start=\"1300\" data-end=\"1315\">Long trousers<\/p>\n<\/li>\n<li data-start=\"1316\" data-end=\"1344\">\n<p data-start=\"1318\" data-end=\"1344\">Mosquito repellent<\/p>\n<\/li>\n<\/ul>","protected":false},"excerpt":{"rendered":"<p data-start=\"165\" data-end=\"331\">\ud83d\udccd <em data-start=\"205\" data-end=\"229\">Khao Sok National Park<\/em><br data-start=\"229\" data-end=\"232\" \/>\ud83d\udc65 Minimum: 2 participants<br data-start=\"259\" data-end=\"262\" \/>\ud83c\udf92 Level : Easy<br data-start=\"280\" data-end=\"283\" \/>\ud83d\udd50 Duration: 1 to 2 hours<br data-start=\"306\" data-end=\"309\" \/>\ud83d\udc67 Minimum age: 4 years<\/p>\n<hr data-start=\"333\" data-end=\"336\" \/>\n<h3 data-start=\"338\" data-end=\"360\">\ud83c\udf3f <strong data-start=\"345\" data-end=\"360\">Description<\/strong><\/h3>\n<p data-start=\"361\" data-end=\"883\">When night falls on the green valley of Khao Sok, the jungle awakens. Silence gives way to a <strong data-start=\"469\" data-end=\"497\">wild sounds concert<\/strong> Cicadas, giant locusts, lizards, bats and other nocturnal creatures come to life.<br data-start=\"593\" data-end=\"596\" \/>In this deep darkness, <strong data-start=\"627\" data-end=\"658\">accompanied by a local guide<\/strong> and equipped with a headlamp, set off to explore another face of the rainforest. A <strong data-start=\"750\" data-end=\"787\">a magical, sensory experience<\/strong>Where every rustle, squeal and clatter brings you closer to the mysterious world of nightlife.<\/p>","protected":false},"featured_media":30593,"comment_status":"open","ping_status":"closed","template":"","meta":{"_uag_custom_page_level_css":""},"product_brand":[],"product_cat":[46],"product_tag":[],"class_list":{"0":"post-30589","1":"product","2":"type-product","3":"status-publish","4":"has-post-thumbnail","6":"product_cat-khao-sok","8":"first","9":"instock","10":"taxable","11":"shipping-taxable","12":"purchasable","13":"product-type-simple"},"yoast_head":"<!-- This site is optimized with the Yoast SEO plugin v27.1.1 - https:\/\/yoast.com\/product\/yoast-seo-wordpress\/ -->\n<title>\ud83c\udf0c Randonn\u00e9e Nocturne dans la Jungle de Khao Sok -<\/title>\n<meta name=\"robots\" content=\"index, follow, max-snippet:-1, max-image-preview:large, max-video-preview:-1\" \/>\n<link rel=\"canonical\" href=\"https:\/\/lunayatravel.com\/en\/product\/\ud83c\udf0c-randonnee-nocturne-dans-la-jungle-de-khao-sok\/\" \/>\n<meta property=\"og:locale\" content=\"en_GB\" \/>\n<meta property=\"og:type\" content=\"article\" \/>\n<meta property=\"og:title\" content=\"\ud83c\udf0c Randonn\u00e9e Nocturne dans la Jungle de Khao Sok -\" \/>\n<meta property=\"og:description\" content=\"\ud83d\udccd Khao Sok National Park\ud83d\udc65 Minimum : 2 participants\ud83c\udf92 Niveau : Facile\ud83d\udd50 Dur\u00e9e : 1 \u00e0 2 heures\ud83d\udc67 \u00c2ge minimum : 4 ans     \ud83c\udf3f Description Quand la nuit tombe sur la vall\u00e9e verdoyante de Khao Sok, la jungle s\u2019\u00e9veille. Le silence laisse place \u00e0 un concert de sons sauvages : cigales, criquets g\u00e9ants, l\u00e9zards, chauves-souris et autres cr\u00e9atures nocturnes prennent vie.Dans cette obscurit\u00e9 profonde, accompagn\u00e9 d\u2019un guide local et \u00e9quip\u00e9 d\u2019une lampe frontale, partez explorer un autre visage de la for\u00eat tropicale. Une exp\u00e9rience magique et sensorielle, o\u00f9 chaque bruissement, cri ou cliquetis vous rapproche du monde myst\u00e9rieux de la vie nocturne.\" \/>\n<meta property=\"og:url\" content=\"https:\/\/lunayatravel.com\/en\/product\/\ud83c\udf0c-randonnee-nocturne-dans-la-jungle-de-khao-sok\/\" \/>\n<meta property=\"article:publisher\" content=\"https:\/\/www.facebook.com\/lunayaTravel\/\" \/>\n<meta property=\"og:image\" content=\"https:\/\/lunayatravel.com\/wp-content\/uploads\/2025\/08\/telecharger-5.webp\" \/>\n\t<meta property=\"og:image:width\" content=\"317\" \/>\n\t<meta property=\"og:image:height\" content=\"237\" \/>\n\t<meta property=\"og:image:type\" content=\"image\/webp\" \/>\n<meta name=\"twitter:card\" content=\"summary_large_image\" \/>\n<script type=\"application\/ld+json\" class=\"yoast-schema-graph\">{\"@context\":\"https:\/\/schema.org\",\"@graph\":[{\"@type\":\"WebPage\",\"@id\":\"https:\/\/lunayatravel.com\/produit\/%f0%9f%8c%8c-randonnee-nocturne-dans-la-jungle-de-khao-sok\/\",\"url\":\"https:\/\/lunayatravel.com\/produit\/%f0%9f%8c%8c-randonnee-nocturne-dans-la-jungle-de-khao-sok\/\",\"name\":\"\ud83c\udf0c Randonn\u00e9e Nocturne dans la Jungle de Khao Sok -\",\"isPartOf\":{\"@id\":\"https:\/\/lunayatravel.com\/#website\"},\"primaryImageOfPage\":{\"@id\":\"https:\/\/lunayatravel.com\/produit\/%f0%9f%8c%8c-randonnee-nocturne-dans-la-jungle-de-khao-sok\/#primaryimage\"},\"image\":{\"@id\":\"https:\/\/lunayatravel.com\/produit\/%f0%9f%8c%8c-randonnee-nocturne-dans-la-jungle-de-khao-sok\/#primaryimage\"},\"thumbnailUrl\":\"https:\/\/lunayatravel.com\/wp-content\/uploads\/2025\/08\/telecharger-5.webp\",\"datePublished\":\"2025-08-05T09:49:24+00:00\",\"breadcrumb\":{\"@id\":\"https:\/\/lunayatravel.com\/produit\/%f0%9f%8c%8c-randonnee-nocturne-dans-la-jungle-de-khao-sok\/#breadcrumb\"},\"inLanguage\":\"en-GB\",\"potentialAction\":[{\"@type\":\"ReadAction\",\"target\":[\"https:\/\/lunayatravel.com\/produit\/%f0%9f%8c%8c-randonnee-nocturne-dans-la-jungle-de-khao-sok\/\"]}]},{\"@type\":\"ImageObject\",\"inLanguage\":\"en-GB\",\"@id\":\"https:\/\/lunayatravel.com\/produit\/%f0%9f%8c%8c-randonnee-nocturne-dans-la-jungle-de-khao-sok\/#primaryimage\",\"url\":\"https:\/\/lunayatravel.com\/wp-content\/uploads\/2025\/08\/telecharger-5.webp\",\"contentUrl\":\"https:\/\/lunayatravel.com\/wp-content\/uploads\/2025\/08\/telecharger-5.webp\",\"width\":317,\"height\":237},{\"@type\":\"BreadcrumbList\",\"@id\":\"https:\/\/lunayatravel.com\/produit\/%f0%9f%8c%8c-randonnee-nocturne-dans-la-jungle-de-khao-sok\/#breadcrumb\",\"itemListElement\":[{\"@type\":\"ListItem\",\"position\":1,\"name\":\"Accueil\",\"item\":\"https:\/\/lunayatravel.com\/\"},{\"@type\":\"ListItem\",\"position\":2,\"name\":\"Nos activit\u00e9s\",\"item\":\"https:\/\/lunayatravel.com\/nos-activites\/\"},{\"@type\":\"ListItem\",\"position\":3,\"name\":\"\ud83c\udf0c Randonn\u00e9e Nocturne dans la Jungle de Khao Sok\"}]},{\"@type\":\"WebSite\",\"@id\":\"https:\/\/lunayatravel.com\/#website\",\"url\":\"https:\/\/lunayatravel.com\/\",\"name\":\"\",\"description\":\"\",\"publisher\":{\"@id\":\"https:\/\/lunayatravel.com\/#organization\"},\"potentialAction\":[{\"@type\":\"SearchAction\",\"target\":{\"@type\":\"EntryPoint\",\"urlTemplate\":\"https:\/\/lunayatravel.com\/?s={search_term_string}\"},\"query-input\":{\"@type\":\"PropertyValueSpecification\",\"valueRequired\":true,\"valueName\":\"search_term_string\"}}],\"inLanguage\":\"en-GB\"},{\"@type\":\"Organization\",\"@id\":\"https:\/\/lunayatravel.com\/#organization\",\"name\":\"Lunaya travel\",\"alternateName\":\"Lunaya travel\",\"url\":\"https:\/\/lunayatravel.com\/\",\"logo\":{\"@type\":\"ImageObject\",\"inLanguage\":\"en-GB\",\"@id\":\"https:\/\/lunayatravel.com\/#\/schema\/logo\/image\/\",\"url\":\"https:\/\/lunayatravel.com\/wp-content\/uploads\/2026\/03\/cropped-647319118_2379115739204013_337015058165053143_n.jpg\",\"contentUrl\":\"https:\/\/lunayatravel.com\/wp-content\/uploads\/2026\/03\/cropped-647319118_2379115739204013_337015058165053143_n.jpg\",\"width\":1022,\"height\":1023,\"caption\":\"Lunaya travel\"},\"image\":{\"@id\":\"https:\/\/lunayatravel.com\/#\/schema\/logo\/image\/\"},\"sameAs\":[\"https:\/\/www.facebook.com\/lunayaTravel\/\"]}]}<\/script>\n<!-- \/ Yoast SEO plugin. -->","yoast_head_json":{"title":"\ud83c\udf0c Randonn\u00e9e Nocturne dans la Jungle de Khao Sok -","robots":{"index":"index","follow":"follow","max-snippet":"max-snippet:-1","max-image-preview":"max-image-preview:large","max-video-preview":"max-video-preview:-1"},"canonical":"https:\/\/lunayatravel.com\/en\/product\/\ud83c\udf0c-randonnee-nocturne-dans-la-jungle-de-khao-sok\/","og_locale":"en_GB","og_type":"article","og_title":"\ud83c\udf0c Randonn\u00e9e Nocturne dans la Jungle de Khao Sok -","og_description":"\ud83d\udccd Khao Sok National Park\ud83d\udc65 Minimum : 2 participants\ud83c\udf92 Niveau : Facile\ud83d\udd50 Dur\u00e9e : 1 \u00e0 2 heures\ud83d\udc67 \u00c2ge minimum : 4 ans     \ud83c\udf3f Description Quand la nuit tombe sur la vall\u00e9e verdoyante de Khao Sok, la jungle s\u2019\u00e9veille. Le silence laisse place \u00e0 un concert de sons sauvages : cigales, criquets g\u00e9ants, l\u00e9zards, chauves-souris et autres cr\u00e9atures nocturnes prennent vie.Dans cette obscurit\u00e9 profonde, accompagn\u00e9 d\u2019un guide local et \u00e9quip\u00e9 d\u2019une lampe frontale, partez explorer un autre visage de la for\u00eat tropicale. Une exp\u00e9rience magique et sensorielle, o\u00f9 chaque bruissement, cri ou cliquetis vous rapproche du monde myst\u00e9rieux de la vie nocturne.","og_url":"https:\/\/lunayatravel.com\/en\/product\/\ud83c\udf0c-randonnee-nocturne-dans-la-jungle-de-khao-sok\/","article_publisher":"https:\/\/www.facebook.com\/lunayaTravel\/","og_image":[{"width":317,"height":237,"url":"https:\/\/lunayatravel.com\/wp-content\/uploads\/2025\/08\/telecharger-5.webp","type":"image\/webp"}],"twitter_card":"summary_large_image","schema":{"@context":"https:\/\/schema.org","@graph":[{"@type":"WebPage","@id":"https:\/\/lunayatravel.com\/produit\/%f0%9f%8c%8c-randonnee-nocturne-dans-la-jungle-de-khao-sok\/","url":"https:\/\/lunayatravel.com\/produit\/%f0%9f%8c%8c-randonnee-nocturne-dans-la-jungle-de-khao-sok\/","name":"\ud83c\udf0c Randonn\u00e9e Nocturne dans la Jungle de Khao Sok -","isPartOf":{"@id":"https:\/\/lunayatravel.com\/#website"},"primaryImageOfPage":{"@id":"https:\/\/lunayatravel.com\/produit\/%f0%9f%8c%8c-randonnee-nocturne-dans-la-jungle-de-khao-sok\/#primaryimage"},"image":{"@id":"https:\/\/lunayatravel.com\/produit\/%f0%9f%8c%8c-randonnee-nocturne-dans-la-jungle-de-khao-sok\/#primaryimage"},"thumbnailUrl":"https:\/\/lunayatravel.com\/wp-content\/uploads\/2025\/08\/telecharger-5.webp","datePublished":"2025-08-05T09:49:24+00:00","breadcrumb":{"@id":"https:\/\/lunayatravel.com\/produit\/%f0%9f%8c%8c-randonnee-nocturne-dans-la-jungle-de-khao-sok\/#breadcrumb"},"inLanguage":"en-GB","potentialAction":[{"@type":"ReadAction","target":["https:\/\/lunayatravel.com\/produit\/%f0%9f%8c%8c-randonnee-nocturne-dans-la-jungle-de-khao-sok\/"]}]},{"@type":"ImageObject","inLanguage":"en-GB","@id":"https:\/\/lunayatravel.com\/produit\/%f0%9f%8c%8c-randonnee-nocturne-dans-la-jungle-de-khao-sok\/#primaryimage","url":"https:\/\/lunayatravel.com\/wp-content\/uploads\/2025\/08\/telecharger-5.webp","contentUrl":"https:\/\/lunayatravel.com\/wp-content\/uploads\/2025\/08\/telecharger-5.webp","width":317,"height":237},{"@type":"BreadcrumbList","@id":"https:\/\/lunayatravel.com\/produit\/%f0%9f%8c%8c-randonnee-nocturne-dans-la-jungle-de-khao-sok\/#breadcrumb","itemListElement":[{"@type":"ListItem","position":1,"name":"Accueil","item":"https:\/\/lunayatravel.com\/"},{"@type":"ListItem","position":2,"name":"Nos activit\u00e9s","item":"https:\/\/lunayatravel.com\/nos-activites\/"},{"@type":"ListItem","position":3,"name":"\ud83c\udf0c Randonn\u00e9e Nocturne dans la Jungle de Khao Sok"}]},{"@type":"WebSite","@id":"https:\/\/lunayatravel.com\/#website","url":"https:\/\/lunayatravel.com\/","name":"","description":"","publisher":{"@id":"https:\/\/lunayatravel.com\/#organization"},"potentialAction":[{"@type":"SearchAction","target":{"@type":"EntryPoint","urlTemplate":"https:\/\/lunayatravel.com\/?s={search_term_string}"},"query-input":{"@type":"PropertyValueSpecification","valueRequired":true,"valueName":"search_term_string"}}],"inLanguage":"en-GB"},{"@type":"Organization","@id":"https:\/\/lunayatravel.com\/#organization","name":"Lunaya travel","alternateName":"Lunaya travel","url":"https:\/\/lunayatravel.com\/","logo":{"@type":"ImageObject","inLanguage":"en-GB","@id":"https:\/\/lunayatravel.com\/#\/schema\/logo\/image\/","url":"https:\/\/lunayatravel.com\/wp-content\/uploads\/2026\/03\/cropped-647319118_2379115739204013_337015058165053143_n.jpg","contentUrl":"https:\/\/lunayatravel.com\/wp-content\/uploads\/2026\/03\/cropped-647319118_2379115739204013_337015058165053143_n.jpg","width":1022,"height":1023,"caption":"Lunaya travel"},"image":{"@id":"https:\/\/lunayatravel.com\/#\/schema\/logo\/image\/"},"sameAs":["https:\/\/www.facebook.com\/lunayaTravel\/"]}]}},"uagb_featured_image_src":{"full":["https:\/\/lunayatravel.com\/wp-content\/uploads\/2025\/08\/telecharger-5.webp",317,237,false],"thumbnail":["https:\/\/lunayatravel.com\/wp-content\/uploads\/2025\/08\/telecharger-5-150x150.webp",150,150,true],"medium":["https:\/\/lunayatravel.com\/wp-content\/uploads\/2025\/08\/telecharger-5-300x224.webp",300,224,true],"medium_large":["https:\/\/lunayatravel.com\/wp-content\/uploads\/2025\/08\/telecharger-5.webp",317,237,false],"large":["https:\/\/lunayatravel.com\/wp-content\/uploads\/2025\/08\/telecharger-5.webp",317,237,false],"1536x1536":["https:\/\/lunayatravel.com\/wp-content\/uploads\/2025\/08\/telecharger-5.webp",317,237,false],"2048x2048":["https:\/\/lunayatravel.com\/wp-content\/uploads\/2025\/08\/telecharger-5.webp",317,237,false],"trp-custom-language-flag":["https:\/\/lunayatravel.com\/wp-content\/uploads\/2025\/08\/telecharger-5.webp",16,12,false],"widget-thumbnail":["https:\/\/lunayatravel.com\/wp-content\/uploads\/2025\/08\/telecharger-5-75x75.webp",75,75,true],"mailpoet_newsletter_max":["https:\/\/lunayatravel.com\/wp-content\/uploads\/2025\/08\/telecharger-5.webp",317,237,false],"woocommerce_thumbnail":["https:\/\/lunayatravel.com\/wp-content\/uploads\/2025\/08\/telecharger-5-300x237.webp",300,237,true],"woocommerce_single":["https:\/\/lunayatravel.com\/wp-content\/uploads\/2025\/08\/telecharger-5.webp",317,237,false],"woocommerce_gallery_thumbnail":["https:\/\/lunayatravel.com\/wp-content\/uploads\/2025\/08\/telecharger-5-100x100.webp",100,100,true],"sow-carousel-default":["https:\/\/lunayatravel.com\/wp-content\/uploads\/2025\/08\/telecharger-5-272x182.webp",272,182,true]},"uagb_author_info":{"display_name":"haemers stephanie","author_link":"https:\/\/lunayatravel.com\/en\/author\/"},"uagb_comment_info":0,"uagb_excerpt":"\ud83d\udccd Khao Sok National Park\ud83d\udc65 Minimum : 2 participants\ud83c\udf92 Niveau : Facile\ud83d\udd50 Dur\u00e9e : 1 \u00e0 2 heures\ud83d\udc67 \u00c2ge minimum : 4 ans \ud83c\udf3f Description Quand la nuit tombe sur la vall\u00e9e verdoyante de Khao Sok, la jungle s\u2019\u00e9veille. Le silence laisse place \u00e0 un concert de sons sauvages : cigales, criquets g\u00e9ants, l\u00e9zards, chauves-souris&hellip;","jetpack_sharing_enabled":true,"_links":{"self":[{"href":"https:\/\/lunayatravel.com\/en\/wp-json\/wp\/v2\/product\/30589","targetHints":{"allow":["GET"]}}],"collection":[{"href":"https:\/\/lunayatravel.com\/en\/wp-json\/wp\/v2\/product"}],"about":[{"href":"https:\/\/lunayatravel.com\/en\/wp-json\/wp\/v2\/types\/product"}],"replies":[{"embeddable":true,"href":"https:\/\/lunayatravel.com\/en\/wp-json\/wp\/v2\/comments?post=30589"}],"wp:featuredmedia":[{"embeddable":true,"href":"https:\/\/lunayatravel.com\/en\/wp-json\/wp\/v2\/media\/30593"}],"wp:attachment":[{"href":"https:\/\/lunayatravel.com\/en\/wp-json\/wp\/v2\/media?parent=30589"}],"wp:term":[{"taxonomy":"product_brand","embeddable":true,"href":"https:\/\/lunayatravel.com\/en\/wp-json\/wp\/v2\/product_brand?post=30589"},{"taxonomy":"product_cat","embeddable":true,"href":"https:\/\/lunayatravel.com\/en\/wp-json\/wp\/v2\/product_cat?post=30589"},{"taxonomy":"product_tag","embeddable":true,"href":"https:\/\/lunayatravel.com\/en\/wp-json\/wp\/v2\/product_tag?post=30589"}],"curies":[{"name":"wp","href":"https:\/\/api.w.org\/{rel}","templated":true}]}}