{"id":30584,"date":"2025-08-05T11:41:34","date_gmt":"2025-08-05T09:41:34","guid":{"rendered":"https:\/\/itctoursvoyages.com\/?post_type=product&#038;p=30584"},"modified":"2025-08-05T11:42:32","modified_gmt":"2025-08-05T09:42:32","slug":"%f0%9f%8c%ba-randonnee-rafflesia-a-la-decouverte-de-la-plus-grande-fleur-du-monde","status":"publish","type":"product","link":"https:\/\/lunayatravel.com\/en\/product\/%f0%9f%8c%ba-randonnee-rafflesia-a-la-decouverte-de-la-plus-grande-fleur-du-monde\/","title":{"rendered":"\ud83c\udf3a Rafflesia walk - Discovering the world's largest flower"},"content":{"rendered":"<h3 data-start=\"914\" data-end=\"944\">\ud83d\udcc6 <strong data-start=\"921\" data-end=\"944\">Available departures<\/strong><\/h3>\n<ul data-start=\"945\" data-end=\"1007\">\n<li data-start=\"945\" data-end=\"974\">\n<p data-start=\"947\" data-end=\"974\"><strong data-start=\"947\" data-end=\"956\">Morning<\/strong> 08.30am to 12.00pm<\/p>\n<\/li>\n<li data-start=\"975\" data-end=\"1007\">\n<p data-start=\"977\" data-end=\"1007\"><strong data-start=\"977\" data-end=\"991\">Afternoon<\/strong> 1.30 pm to 5 pm<\/p>\n<\/li>\n<\/ul>\n<hr data-start=\"1009\" data-end=\"1012\" \/>\n<h3 data-start=\"1014\" data-end=\"1041\">\u2705 <strong data-start=\"1020\" data-end=\"1041\">What's included<\/strong><\/h3>\n<ul data-start=\"1042\" data-end=\"1136\">\n<li data-start=\"1042\" data-end=\"1069\">\n<p data-start=\"1044\" data-end=\"1069\">Experienced local guide<\/p>\n<\/li>\n<li data-start=\"1070\" data-end=\"1085\">\n<p data-start=\"1072\" data-end=\"1085\">Drinking water<\/p>\n<\/li>\n<li data-start=\"1086\" data-end=\"1136\">\n<p data-start=\"1088\" data-end=\"1136\">Return transfers from your accommodation<\/p>\n<\/li>\n<\/ul>\n<hr data-start=\"1138\" data-end=\"1141\" \/>\n<h3 data-start=\"1143\" data-end=\"1175\">\ud83d\udcb8 <strong data-start=\"1150\" data-end=\"1175\">Additional costs<\/strong><\/h3>\n<ul data-start=\"1176\" data-end=\"1264\">\n<li data-start=\"1176\" data-end=\"1264\">\n<p data-start=\"1178\" data-end=\"1209\"><strong data-start=\"1178\" data-end=\"1205\">Entrance to the national park<\/strong> :<\/p>\n<ul data-start=\"1212\" data-end=\"1264\">\n<li data-start=\"1212\" data-end=\"1232\">\n<p data-start=\"1214\" data-end=\"1232\">THB 300 \/ adult<\/p>\n<\/li>\n<li data-start=\"1235\" data-end=\"1264\">\n<p data-start=\"1237\" data-end=\"1264\">THB 150 \/ child (4-10 years)<\/p>\n<\/li>\n<\/ul>\n<\/li>\n<\/ul>\n<hr data-start=\"1266\" data-end=\"1269\" \/>\n<h3 data-start=\"1271\" data-end=\"1291\">\ud83c\udf92 <strong data-start=\"1278\" data-end=\"1291\">What to expect<\/strong><\/h3>\n<ul data-start=\"1292\" data-end=\"1403\">\n<li data-start=\"1292\" data-end=\"1325\">\n<p data-start=\"1294\" data-end=\"1325\">Sturdy walking shoes<\/p>\n<\/li>\n<li data-start=\"1326\" data-end=\"1337\">\n<p data-start=\"1328\" data-end=\"1337\">Hat<\/p>\n<\/li>\n<li data-start=\"1338\" data-end=\"1355\">\n<p data-start=\"1340\" data-end=\"1355\">Sun cream<\/p>\n<\/li>\n<li data-start=\"1356\" data-end=\"1384\">\n<p data-start=\"1358\" data-end=\"1384\">Mosquito repellent<\/p>\n<\/li>\n<li data-start=\"1385\" data-end=\"1403\">\n<p data-start=\"1387\" data-end=\"1403\">Camera<\/p>\n<\/li>\n<\/ul>","protected":false},"excerpt":{"rendered":"<p data-start=\"191\" data-end=\"368\">\ud83d\udccd <em data-start=\"231\" data-end=\"255\">Khao Sok National Park<\/em><br data-start=\"255\" data-end=\"258\" \/>\ud83d\udc65 Minimum: 2 participants<br data-start=\"285\" data-end=\"288\" \/>\ud83c\udf92 Level: Medium to difficult<br data-start=\"317\" data-end=\"320\" \/>\ud83d\udd50 Duration: 3 to 5 hours<br data-start=\"343\" data-end=\"346\" \/>\ud83d\udc67 Minimum age: 6 years<\/p>\n<hr data-start=\"370\" data-end=\"373\" \/>\n<h3 data-start=\"375\" data-end=\"397\">\ud83c\udf3f <strong data-start=\"382\" data-end=\"397\">Description<\/strong><\/h3>\n<p data-start=\"398\" data-end=\"764\">Venture into the lush jungle of Khao Sok to catch a glimpse of <strong data-start=\"472\" data-end=\"488\">Rafflesia<\/strong>, one of the largest flowers in the world, growing up to <strong data-start=\"547\" data-end=\"578\">nearly a metre in diameter<\/strong>. This 3 to 5 hour guided walk takes you through spectacular scenery in search of this rare and fascinating flower, <strong data-start=\"722\" data-end=\"763\">visible only from December to March<\/strong>.<\/p>\n<p data-start=\"766\" data-end=\"907\">An experienced local guide will accompany you on sometimes steep trails for an authentic experience in the heart of the rainforest.<\/p>","protected":false},"featured_media":30588,"comment_status":"open","ping_status":"closed","template":"","meta":{"_uag_custom_page_level_css":""},"product_brand":[],"product_cat":[46],"product_tag":[],"class_list":{"0":"post-30584","1":"product","2":"type-product","3":"status-publish","4":"has-post-thumbnail","6":"product_cat-khao-sok","8":"first","9":"instock","10":"virtual","11":"taxable","12":"purchasable","13":"product-type-simple"},"yoast_head":"<!-- This site is optimized with the Yoast SEO plugin v27.1.1 - https:\/\/yoast.com\/product\/yoast-seo-wordpress\/ -->\n<title>\ud83c\udf3a Randonn\u00e9e Rafflesia \u2013 \u00c0 la d\u00e9couverte de la plus grande fleur du monde -<\/title>\n<meta name=\"robots\" content=\"index, follow, max-snippet:-1, max-image-preview:large, max-video-preview:-1\" \/>\n<link rel=\"canonical\" href=\"https:\/\/lunayatravel.com\/en\/product\/\ud83c\udf3a-randonnee-rafflesia-a-la-decouverte-de-la-plus-grande-fleur-du-monde\/\" \/>\n<meta property=\"og:locale\" content=\"en_GB\" \/>\n<meta property=\"og:type\" content=\"article\" \/>\n<meta property=\"og:title\" content=\"\ud83c\udf3a Randonn\u00e9e Rafflesia \u2013 \u00c0 la d\u00e9couverte de la plus grande fleur du monde -\" \/>\n<meta property=\"og:description\" content=\"\ud83d\udccd Khao Sok National Park\ud83d\udc65 Minimum : 2 participants\ud83c\udf92 Niveau : Moyen \u00e0 difficile\ud83d\udd50 Dur\u00e9e : 3 \u00e0 5 heures\ud83d\udc67 \u00c2ge minimum : 6 ans     \ud83c\udf3f Description Partez \u00e0 l\u2019aventure dans la jungle luxuriante de Khao Sok pour apercevoir la Rafflesia, l\u2019une des plus grandes fleurs du monde pouvant atteindre pr\u00e8s d\u2019un m\u00e8tre de diam\u00e8tre. Cette randonn\u00e9e guid\u00e9e de 3 \u00e0 5 heures vous emm\u00e8ne \u00e0 travers un environnement spectaculaire \u00e0 la recherche de cette fleur rare et fascinante, visible uniquement de d\u00e9cembre \u00e0 mars. Un guide local exp\u00e9riment\u00e9 vous accompagnera sur des sentiers parfois escarp\u00e9s pour une exp\u00e9rience authentique au c\u0153ur de la for\u00eat tropicale.\" \/>\n<meta property=\"og:url\" content=\"https:\/\/lunayatravel.com\/en\/product\/\ud83c\udf3a-randonnee-rafflesia-a-la-decouverte-de-la-plus-grande-fleur-du-monde\/\" \/>\n<meta property=\"article:publisher\" content=\"https:\/\/www.facebook.com\/lunayaTravel\/\" \/>\n<meta property=\"article:modified_time\" content=\"2025-08-05T09:42:32+00:00\" \/>\n<meta property=\"og:image\" content=\"https:\/\/lunayatravel.com\/wp-content\/uploads\/2025\/08\/OIP-6.webp\" \/>\n\t<meta property=\"og:image:width\" content=\"347\" \/>\n\t<meta property=\"og:image:height\" content=\"234\" \/>\n\t<meta property=\"og:image:type\" content=\"image\/webp\" \/>\n<meta name=\"twitter:card\" content=\"summary_large_image\" \/>\n<script type=\"application\/ld+json\" class=\"yoast-schema-graph\">{\"@context\":\"https:\/\/schema.org\",\"@graph\":[{\"@type\":\"WebPage\",\"@id\":\"https:\/\/lunayatravel.com\/produit\/%f0%9f%8c%ba-randonnee-rafflesia-a-la-decouverte-de-la-plus-grande-fleur-du-monde\/\",\"url\":\"https:\/\/lunayatravel.com\/produit\/%f0%9f%8c%ba-randonnee-rafflesia-a-la-decouverte-de-la-plus-grande-fleur-du-monde\/\",\"name\":\"\ud83c\udf3a Randonn\u00e9e Rafflesia \u2013 \u00c0 la d\u00e9couverte de la plus grande fleur du monde -\",\"isPartOf\":{\"@id\":\"https:\/\/lunayatravel.com\/#website\"},\"primaryImageOfPage\":{\"@id\":\"https:\/\/lunayatravel.com\/produit\/%f0%9f%8c%ba-randonnee-rafflesia-a-la-decouverte-de-la-plus-grande-fleur-du-monde\/#primaryimage\"},\"image\":{\"@id\":\"https:\/\/lunayatravel.com\/produit\/%f0%9f%8c%ba-randonnee-rafflesia-a-la-decouverte-de-la-plus-grande-fleur-du-monde\/#primaryimage\"},\"thumbnailUrl\":\"https:\/\/lunayatravel.com\/wp-content\/uploads\/2025\/08\/OIP-6.webp\",\"datePublished\":\"2025-08-05T09:41:34+00:00\",\"dateModified\":\"2025-08-05T09:42:32+00:00\",\"breadcrumb\":{\"@id\":\"https:\/\/lunayatravel.com\/produit\/%f0%9f%8c%ba-randonnee-rafflesia-a-la-decouverte-de-la-plus-grande-fleur-du-monde\/#breadcrumb\"},\"inLanguage\":\"en-GB\",\"potentialAction\":[{\"@type\":\"ReadAction\",\"target\":[\"https:\/\/lunayatravel.com\/produit\/%f0%9f%8c%ba-randonnee-rafflesia-a-la-decouverte-de-la-plus-grande-fleur-du-monde\/\"]}]},{\"@type\":\"ImageObject\",\"inLanguage\":\"en-GB\",\"@id\":\"https:\/\/lunayatravel.com\/produit\/%f0%9f%8c%ba-randonnee-rafflesia-a-la-decouverte-de-la-plus-grande-fleur-du-monde\/#primaryimage\",\"url\":\"https:\/\/lunayatravel.com\/wp-content\/uploads\/2025\/08\/OIP-6.webp\",\"contentUrl\":\"https:\/\/lunayatravel.com\/wp-content\/uploads\/2025\/08\/OIP-6.webp\",\"width\":347,\"height\":234},{\"@type\":\"BreadcrumbList\",\"@id\":\"https:\/\/lunayatravel.com\/produit\/%f0%9f%8c%ba-randonnee-rafflesia-a-la-decouverte-de-la-plus-grande-fleur-du-monde\/#breadcrumb\",\"itemListElement\":[{\"@type\":\"ListItem\",\"position\":1,\"name\":\"Accueil\",\"item\":\"https:\/\/lunayatravel.com\/\"},{\"@type\":\"ListItem\",\"position\":2,\"name\":\"Nos activit\u00e9s\",\"item\":\"https:\/\/lunayatravel.com\/nos-activites\/\"},{\"@type\":\"ListItem\",\"position\":3,\"name\":\"\ud83c\udf3a Randonn\u00e9e Rafflesia \u2013 \u00c0 la d\u00e9couverte de la plus grande fleur du monde\"}]},{\"@type\":\"WebSite\",\"@id\":\"https:\/\/lunayatravel.com\/#website\",\"url\":\"https:\/\/lunayatravel.com\/\",\"name\":\"\",\"description\":\"\",\"publisher\":{\"@id\":\"https:\/\/lunayatravel.com\/#organization\"},\"potentialAction\":[{\"@type\":\"SearchAction\",\"target\":{\"@type\":\"EntryPoint\",\"urlTemplate\":\"https:\/\/lunayatravel.com\/?s={search_term_string}\"},\"query-input\":{\"@type\":\"PropertyValueSpecification\",\"valueRequired\":true,\"valueName\":\"search_term_string\"}}],\"inLanguage\":\"en-GB\"},{\"@type\":\"Organization\",\"@id\":\"https:\/\/lunayatravel.com\/#organization\",\"name\":\"Lunaya travel\",\"alternateName\":\"Lunaya travel\",\"url\":\"https:\/\/lunayatravel.com\/\",\"logo\":{\"@type\":\"ImageObject\",\"inLanguage\":\"en-GB\",\"@id\":\"https:\/\/lunayatravel.com\/#\/schema\/logo\/image\/\",\"url\":\"https:\/\/lunayatravel.com\/wp-content\/uploads\/2026\/03\/cropped-647319118_2379115739204013_337015058165053143_n.jpg\",\"contentUrl\":\"https:\/\/lunayatravel.com\/wp-content\/uploads\/2026\/03\/cropped-647319118_2379115739204013_337015058165053143_n.jpg\",\"width\":1022,\"height\":1023,\"caption\":\"Lunaya travel\"},\"image\":{\"@id\":\"https:\/\/lunayatravel.com\/#\/schema\/logo\/image\/\"},\"sameAs\":[\"https:\/\/www.facebook.com\/lunayaTravel\/\"]}]}<\/script>\n<!-- \/ Yoast SEO plugin. -->","yoast_head_json":{"title":"\ud83c\udf3a Randonn\u00e9e Rafflesia \u2013 \u00c0 la d\u00e9couverte de la plus grande fleur du monde -","robots":{"index":"index","follow":"follow","max-snippet":"max-snippet:-1","max-image-preview":"max-image-preview:large","max-video-preview":"max-video-preview:-1"},"canonical":"https:\/\/lunayatravel.com\/en\/product\/\ud83c\udf3a-randonnee-rafflesia-a-la-decouverte-de-la-plus-grande-fleur-du-monde\/","og_locale":"en_GB","og_type":"article","og_title":"\ud83c\udf3a Randonn\u00e9e Rafflesia \u2013 \u00c0 la d\u00e9couverte de la plus grande fleur du monde -","og_description":"\ud83d\udccd Khao Sok National Park\ud83d\udc65 Minimum : 2 participants\ud83c\udf92 Niveau : Moyen \u00e0 difficile\ud83d\udd50 Dur\u00e9e : 3 \u00e0 5 heures\ud83d\udc67 \u00c2ge minimum : 6 ans     \ud83c\udf3f Description Partez \u00e0 l\u2019aventure dans la jungle luxuriante de Khao Sok pour apercevoir la Rafflesia, l\u2019une des plus grandes fleurs du monde pouvant atteindre pr\u00e8s d\u2019un m\u00e8tre de diam\u00e8tre. Cette randonn\u00e9e guid\u00e9e de 3 \u00e0 5 heures vous emm\u00e8ne \u00e0 travers un environnement spectaculaire \u00e0 la recherche de cette fleur rare et fascinante, visible uniquement de d\u00e9cembre \u00e0 mars. Un guide local exp\u00e9riment\u00e9 vous accompagnera sur des sentiers parfois escarp\u00e9s pour une exp\u00e9rience authentique au c\u0153ur de la for\u00eat tropicale.","og_url":"https:\/\/lunayatravel.com\/en\/product\/\ud83c\udf3a-randonnee-rafflesia-a-la-decouverte-de-la-plus-grande-fleur-du-monde\/","article_publisher":"https:\/\/www.facebook.com\/lunayaTravel\/","article_modified_time":"2025-08-05T09:42:32+00:00","og_image":[{"width":347,"height":234,"url":"https:\/\/lunayatravel.com\/wp-content\/uploads\/2025\/08\/OIP-6.webp","type":"image\/webp"}],"twitter_card":"summary_large_image","schema":{"@context":"https:\/\/schema.org","@graph":[{"@type":"WebPage","@id":"https:\/\/lunayatravel.com\/produit\/%f0%9f%8c%ba-randonnee-rafflesia-a-la-decouverte-de-la-plus-grande-fleur-du-monde\/","url":"https:\/\/lunayatravel.com\/produit\/%f0%9f%8c%ba-randonnee-rafflesia-a-la-decouverte-de-la-plus-grande-fleur-du-monde\/","name":"\ud83c\udf3a Randonn\u00e9e Rafflesia \u2013 \u00c0 la d\u00e9couverte de la plus grande fleur du monde -","isPartOf":{"@id":"https:\/\/lunayatravel.com\/#website"},"primaryImageOfPage":{"@id":"https:\/\/lunayatravel.com\/produit\/%f0%9f%8c%ba-randonnee-rafflesia-a-la-decouverte-de-la-plus-grande-fleur-du-monde\/#primaryimage"},"image":{"@id":"https:\/\/lunayatravel.com\/produit\/%f0%9f%8c%ba-randonnee-rafflesia-a-la-decouverte-de-la-plus-grande-fleur-du-monde\/#primaryimage"},"thumbnailUrl":"https:\/\/lunayatravel.com\/wp-content\/uploads\/2025\/08\/OIP-6.webp","datePublished":"2025-08-05T09:41:34+00:00","dateModified":"2025-08-05T09:42:32+00:00","breadcrumb":{"@id":"https:\/\/lunayatravel.com\/produit\/%f0%9f%8c%ba-randonnee-rafflesia-a-la-decouverte-de-la-plus-grande-fleur-du-monde\/#breadcrumb"},"inLanguage":"en-GB","potentialAction":[{"@type":"ReadAction","target":["https:\/\/lunayatravel.com\/produit\/%f0%9f%8c%ba-randonnee-rafflesia-a-la-decouverte-de-la-plus-grande-fleur-du-monde\/"]}]},{"@type":"ImageObject","inLanguage":"en-GB","@id":"https:\/\/lunayatravel.com\/produit\/%f0%9f%8c%ba-randonnee-rafflesia-a-la-decouverte-de-la-plus-grande-fleur-du-monde\/#primaryimage","url":"https:\/\/lunayatravel.com\/wp-content\/uploads\/2025\/08\/OIP-6.webp","contentUrl":"https:\/\/lunayatravel.com\/wp-content\/uploads\/2025\/08\/OIP-6.webp","width":347,"height":234},{"@type":"BreadcrumbList","@id":"https:\/\/lunayatravel.com\/produit\/%f0%9f%8c%ba-randonnee-rafflesia-a-la-decouverte-de-la-plus-grande-fleur-du-monde\/#breadcrumb","itemListElement":[{"@type":"ListItem","position":1,"name":"Accueil","item":"https:\/\/lunayatravel.com\/"},{"@type":"ListItem","position":2,"name":"Nos activit\u00e9s","item":"https:\/\/lunayatravel.com\/nos-activites\/"},{"@type":"ListItem","position":3,"name":"\ud83c\udf3a Randonn\u00e9e Rafflesia \u2013 \u00c0 la d\u00e9couverte de la plus grande fleur du monde"}]},{"@type":"WebSite","@id":"https:\/\/lunayatravel.com\/#website","url":"https:\/\/lunayatravel.com\/","name":"","description":"","publisher":{"@id":"https:\/\/lunayatravel.com\/#organization"},"potentialAction":[{"@type":"SearchAction","target":{"@type":"EntryPoint","urlTemplate":"https:\/\/lunayatravel.com\/?s={search_term_string}"},"query-input":{"@type":"PropertyValueSpecification","valueRequired":true,"valueName":"search_term_string"}}],"inLanguage":"en-GB"},{"@type":"Organization","@id":"https:\/\/lunayatravel.com\/#organization","name":"Lunaya travel","alternateName":"Lunaya travel","url":"https:\/\/lunayatravel.com\/","logo":{"@type":"ImageObject","inLanguage":"en-GB","@id":"https:\/\/lunayatravel.com\/#\/schema\/logo\/image\/","url":"https:\/\/lunayatravel.com\/wp-content\/uploads\/2026\/03\/cropped-647319118_2379115739204013_337015058165053143_n.jpg","contentUrl":"https:\/\/lunayatravel.com\/wp-content\/uploads\/2026\/03\/cropped-647319118_2379115739204013_337015058165053143_n.jpg","width":1022,"height":1023,"caption":"Lunaya travel"},"image":{"@id":"https:\/\/lunayatravel.com\/#\/schema\/logo\/image\/"},"sameAs":["https:\/\/www.facebook.com\/lunayaTravel\/"]}]}},"uagb_featured_image_src":{"full":["https:\/\/lunayatravel.com\/wp-content\/uploads\/2025\/08\/OIP-6.webp",347,234,false],"thumbnail":["https:\/\/lunayatravel.com\/wp-content\/uploads\/2025\/08\/OIP-6-150x150.webp",150,150,true],"medium":["https:\/\/lunayatravel.com\/wp-content\/uploads\/2025\/08\/OIP-6-300x202.webp",300,202,true],"medium_large":["https:\/\/lunayatravel.com\/wp-content\/uploads\/2025\/08\/OIP-6.webp",347,234,false],"large":["https:\/\/lunayatravel.com\/wp-content\/uploads\/2025\/08\/OIP-6.webp",347,234,false],"1536x1536":["https:\/\/lunayatravel.com\/wp-content\/uploads\/2025\/08\/OIP-6.webp",347,234,false],"2048x2048":["https:\/\/lunayatravel.com\/wp-content\/uploads\/2025\/08\/OIP-6.webp",347,234,false],"trp-custom-language-flag":["https:\/\/lunayatravel.com\/wp-content\/uploads\/2025\/08\/OIP-6.webp",18,12,false],"widget-thumbnail":["https:\/\/lunayatravel.com\/wp-content\/uploads\/2025\/08\/OIP-6-75x75.webp",75,75,true],"mailpoet_newsletter_max":["https:\/\/lunayatravel.com\/wp-content\/uploads\/2025\/08\/OIP-6.webp",347,234,false],"woocommerce_thumbnail":["https:\/\/lunayatravel.com\/wp-content\/uploads\/2025\/08\/OIP-6-300x234.webp",300,234,true],"woocommerce_single":["https:\/\/lunayatravel.com\/wp-content\/uploads\/2025\/08\/OIP-6.webp",347,234,false],"woocommerce_gallery_thumbnail":["https:\/\/lunayatravel.com\/wp-content\/uploads\/2025\/08\/OIP-6-100x100.webp",100,100,true],"sow-carousel-default":["https:\/\/lunayatravel.com\/wp-content\/uploads\/2025\/08\/OIP-6-272x182.webp",272,182,true]},"uagb_author_info":{"display_name":"haemers stephanie","author_link":"https:\/\/lunayatravel.com\/en\/author\/"},"uagb_comment_info":0,"uagb_excerpt":"\ud83d\udccd Khao Sok National Park\ud83d\udc65 Minimum : 2 participants\ud83c\udf92 Niveau : Moyen \u00e0 difficile\ud83d\udd50 Dur\u00e9e : 3 \u00e0 5 heures\ud83d\udc67 \u00c2ge minimum : 6 ans \ud83c\udf3f Description Partez \u00e0 l\u2019aventure dans la jungle luxuriante de Khao Sok pour apercevoir la Rafflesia, l\u2019une des plus grandes fleurs du monde pouvant atteindre pr\u00e8s d\u2019un m\u00e8tre de diam\u00e8tre.&hellip;","jetpack_sharing_enabled":true,"_links":{"self":[{"href":"https:\/\/lunayatravel.com\/en\/wp-json\/wp\/v2\/product\/30584","targetHints":{"allow":["GET"]}}],"collection":[{"href":"https:\/\/lunayatravel.com\/en\/wp-json\/wp\/v2\/product"}],"about":[{"href":"https:\/\/lunayatravel.com\/en\/wp-json\/wp\/v2\/types\/product"}],"replies":[{"embeddable":true,"href":"https:\/\/lunayatravel.com\/en\/wp-json\/wp\/v2\/comments?post=30584"}],"wp:featuredmedia":[{"embeddable":true,"href":"https:\/\/lunayatravel.com\/en\/wp-json\/wp\/v2\/media\/30588"}],"wp:attachment":[{"href":"https:\/\/lunayatravel.com\/en\/wp-json\/wp\/v2\/media?parent=30584"}],"wp:term":[{"taxonomy":"product_brand","embeddable":true,"href":"https:\/\/lunayatravel.com\/en\/wp-json\/wp\/v2\/product_brand?post=30584"},{"taxonomy":"product_cat","embeddable":true,"href":"https:\/\/lunayatravel.com\/en\/wp-json\/wp\/v2\/product_cat?post=30584"},{"taxonomy":"product_tag","embeddable":true,"href":"https:\/\/lunayatravel.com\/en\/wp-json\/wp\/v2\/product_tag?post=30584"}],"curies":[{"name":"wp","href":"https:\/\/api.w.org\/{rel}","templated":true}]}}