{"id":30583,"date":"2025-08-05T11:25:32","date_gmt":"2025-08-05T09:25:32","guid":{"rendered":"https:\/\/itctoursvoyages.com\/?post_type=product&#038;p=30583"},"modified":"2025-08-05T11:27:20","modified_gmt":"2025-08-05T09:27:20","slug":"%f0%9f%9b%b6-private-lake-tours-demi-journee","status":"publish","type":"product","link":"https:\/\/lunayatravel.com\/en\/product\/%f0%9f%9b%b6-private-lake-tours-demi-journee\/","title":{"rendered":"\ud83d\udef6 Private Lake Tours - Half Day"},"content":{"rendered":"<h3 data-start=\"869\" data-end=\"899\">\ud83d\uddd3\ufe0f Programmes available<\/h3>\n<ul data-start=\"927\" data-end=\"1101\">\n<li data-start=\"1075\" data-end=\"1101\">\n<p data-start=\"1103\" data-end=\"1132\"><strong data-start=\"1103\" data-end=\"1130\">\ud83c\udf04 Half day - Morning<\/strong><\/p>\n<ul data-start=\"1133\" data-end=\"1186\">\n<li data-start=\"1133\" data-end=\"1163\">\n<p data-start=\"1135\" data-end=\"1163\"><strong data-start=\"1135\" data-end=\"1145\">Departure<\/strong> 07h30 - 08h30<\/p>\n<\/li>\n<li data-start=\"1164\" data-end=\"1186\">\n<p data-start=\"1166\" data-end=\"1186\"><strong data-start=\"1166\" data-end=\"1176\">Back to<\/strong> : 12h30<\/p>\n<\/li>\n<\/ul>\n<p data-start=\"1188\" data-end=\"1222\"><strong data-start=\"1188\" data-end=\"1220\">\ud83c\udf05 Half day - Afternoon<\/strong><\/p>\n<ul data-start=\"1223\" data-end=\"1276\">\n<li data-start=\"1223\" data-end=\"1253\">\n<p data-start=\"1225\" data-end=\"1253\"><strong data-start=\"1225\" data-end=\"1235\">Departure<\/strong> 12.00 - 1.00 pm<\/p>\n<\/li>\n<li data-start=\"1254\" data-end=\"1276\">\n<p data-start=\"1256\" data-end=\"1276\"><strong data-start=\"1256\" data-end=\"1266\">Back to<\/strong> : 17h30<\/p>\n<\/li>\n<\/ul>\n<h3 data-start=\"1283\" data-end=\"1295\">\u2705 Included<\/h3>\n<ul data-start=\"1296\" data-end=\"1458\">\n<li data-start=\"1296\" data-end=\"1334\">\n<p data-start=\"1298\" data-end=\"1334\">Transfer from your accommodation<\/p>\n<\/li>\n<li data-start=\"1335\" data-end=\"1369\">\n<p data-start=\"1337\" data-end=\"1369\">Professional English-speaking guide<\/p>\n<\/li>\n<li data-start=\"1370\" data-end=\"1379\">\n<p data-start=\"1372\" data-end=\"1379\">Kayak<\/p>\n<\/li>\n<li data-start=\"1380\" data-end=\"1404\">\n<p data-start=\"1382\" data-end=\"1404\">Snack bar and drinking water<\/p>\n<\/li>\n<li data-start=\"1405\" data-end=\"1432\">\n<p data-start=\"1407\" data-end=\"1432\">Lunch (full-day tour)<\/p>\n<\/li>\n<li data-start=\"1433\" data-end=\"1458\">\n<p data-start=\"1435\" data-end=\"1458\">First aid kit<\/p>\n<\/li>\n<\/ul>\n<hr data-start=\"1460\" data-end=\"1463\" \/>\n<h3 data-start=\"1465\" data-end=\"1504\">\ud83d\udcb8 Supplements (payable locally)<\/h3>\n<ul data-start=\"1505\" data-end=\"1731\">\n<li data-start=\"1505\" data-end=\"1591\">\n<p data-start=\"1507\" data-end=\"1538\"><strong data-start=\"1507\" data-end=\"1534\">Park entrance fees<\/strong> :<\/p>\n<ul data-start=\"1541\" data-end=\"1591\">\n<li data-start=\"1541\" data-end=\"1591\">\n<p data-start=\"1543\" data-end=\"1591\">300 THB \/ adult - 150 THB \/ child (4-10 years)<\/p>\n<\/li>\n<\/ul>\n<\/li>\n<li data-start=\"1592\" data-end=\"1655\">\n<p data-start=\"1594\" data-end=\"1615\"><strong data-start=\"1594\" data-end=\"1611\">Dock charges<\/strong> :<\/p>\n<ul data-start=\"1618\" data-end=\"1655\">\n<li data-start=\"1618\" data-end=\"1655\">\n<p data-start=\"1620\" data-end=\"1655\">20 THB \/ adult - 10 THB \/ child<\/p>\n<\/li>\n<\/ul>\n<\/li>\n<li data-start=\"1656\" data-end=\"1731\">\n<p data-start=\"1658\" data-end=\"1691\"><strong data-start=\"1658\" data-end=\"1687\">Coral cave (optional)<\/strong> :<\/p>\n<ul data-start=\"1694\" data-end=\"1731\">\n<li data-start=\"1694\" data-end=\"1731\">\n<p data-start=\"1696\" data-end=\"1731\">THB 200 \/ adult - THB 100 \/ child<\/p>\n<\/li>\n<\/ul>\n<\/li>\n<\/ul>\n<hr data-start=\"1733\" data-end=\"1736\" \/>\n<h3 data-start=\"1738\" data-end=\"1754\">\ud83e\uddf3 To be planned<\/h3>\n<ul data-start=\"1755\" data-end=\"1911\">\n<li data-start=\"1755\" data-end=\"1798\">\n<p data-start=\"1757\" data-end=\"1798\">Swimming costume &amp; change of clothes<\/p>\n<\/li>\n<li data-start=\"1799\" data-end=\"1821\">\n<p data-start=\"1801\" data-end=\"1821\">Sturdy shoes<\/p>\n<\/li>\n<li data-start=\"1822\" data-end=\"1859\">\n<p data-start=\"1824\" data-end=\"1859\">Hat, towel, sun cream<\/p>\n<\/li>\n<li data-start=\"1860\" data-end=\"1878\">\n<p data-start=\"1862\" data-end=\"1878\">Mosquito repellent<\/p>\n<\/li>\n<li data-start=\"1879\" data-end=\"1894\">\n<p data-start=\"1881\" data-end=\"1894\">Waterproof bag<\/p>\n<\/li>\n<li data-start=\"1895\" data-end=\"1911\">\n<p data-start=\"1897\" data-end=\"1911\">Camera<\/p>\n<\/li>\n<\/ul>\n<\/li>\n<\/ul>","protected":false},"excerpt":{"rendered":"<h3 data-start=\"398\" data-end=\"417\">\u2728 Description<\/h3>\n<p data-start=\"418\" data-end=\"673\">Sail in small groups on the emerald waters of Chiew Larn Lake, a jewel nestling in the heart of Khao Sok National Park. Surrounded by 960-metre limestone cliffs, it is a haven of peace, home to gibbons, hornbills and wild elephants.<\/p>\n<p data-start=\"675\" data-end=\"862\">\u00a0Half or full day, set off on a longtail boat with an experienced English-speaking guide for an unforgettable adventure of swimming, kayaking, jungle, caves and unspoilt nature.<\/p>","protected":false},"featured_media":30581,"comment_status":"open","ping_status":"closed","template":"","meta":{"_uag_custom_page_level_css":""},"product_brand":[],"product_cat":[46],"product_tag":[],"class_list":{"0":"post-30583","1":"product","2":"type-product","3":"status-publish","4":"has-post-thumbnail","6":"product_cat-khao-sok","8":"first","9":"instock","10":"virtual","11":"taxable","12":"purchasable","13":"product-type-simple"},"yoast_head":"<!-- This site is optimized with the Yoast SEO plugin v27.1.1 - https:\/\/yoast.com\/product\/yoast-seo-wordpress\/ -->\n<title>\ud83d\udef6 Private Lake Tours \u2013 Demi- Journ\u00e9e -<\/title>\n<meta name=\"robots\" content=\"index, follow, max-snippet:-1, max-image-preview:large, max-video-preview:-1\" \/>\n<link rel=\"canonical\" href=\"https:\/\/lunayatravel.com\/en\/product\/\ud83d\udef6-private-lake-tours-demi-journee\/\" \/>\n<meta property=\"og:locale\" content=\"en_GB\" \/>\n<meta property=\"og:type\" content=\"article\" \/>\n<meta property=\"og:title\" content=\"\ud83d\udef6 Private Lake Tours \u2013 Demi- Journ\u00e9e -\" \/>\n<meta property=\"og:description\" content=\"\u2728 Description Naviguez en petit comit\u00e9 sur les eaux \u00e9meraude du lac de Chiew Larn, un joyau nich\u00e9 au c\u0153ur du parc national de Khao Sok. Entour\u00e9 de falaises de calcaire de 960 m\u00e8tres, ce lieu est un v\u00e9ritable havre de paix abritant gibbons, calaos et \u00e9l\u00e9phants sauvages. \u00a0Demi - Journ\u00e9e compl\u00e8te, partez en longtail boat avec un guide anglophone exp\u00e9riment\u00e9 pour une aventure inoubliable entre baignade, kayak, jungle, grottes et nature pr\u00e9serv\u00e9e.\" \/>\n<meta property=\"og:url\" content=\"https:\/\/lunayatravel.com\/en\/product\/\ud83d\udef6-private-lake-tours-demi-journee\/\" \/>\n<meta property=\"article:publisher\" content=\"https:\/\/www.facebook.com\/lunayaTravel\/\" \/>\n<meta property=\"article:modified_time\" content=\"2025-08-05T09:27:20+00:00\" \/>\n<meta property=\"og:image\" content=\"https:\/\/lunayatravel.com\/wp-content\/uploads\/2025\/08\/KhaoSok_PrivateLongtailBoatTouratCheowLanLake.jpg\" \/>\n\t<meta property=\"og:image:width\" content=\"1295\" \/>\n\t<meta property=\"og:image:height\" content=\"971\" \/>\n\t<meta property=\"og:image:type\" content=\"image\/jpeg\" \/>\n<meta name=\"twitter:card\" content=\"summary_large_image\" \/>\n<script type=\"application\/ld+json\" class=\"yoast-schema-graph\">{\"@context\":\"https:\/\/schema.org\",\"@graph\":[{\"@type\":\"WebPage\",\"@id\":\"https:\/\/lunayatravel.com\/produit\/%f0%9f%9b%b6-private-lake-tours-demi-journee\/\",\"url\":\"https:\/\/lunayatravel.com\/produit\/%f0%9f%9b%b6-private-lake-tours-demi-journee\/\",\"name\":\"\ud83d\udef6 Private Lake Tours \u2013 Demi- Journ\u00e9e -\",\"isPartOf\":{\"@id\":\"https:\/\/lunayatravel.com\/#website\"},\"primaryImageOfPage\":{\"@id\":\"https:\/\/lunayatravel.com\/produit\/%f0%9f%9b%b6-private-lake-tours-demi-journee\/#primaryimage\"},\"image\":{\"@id\":\"https:\/\/lunayatravel.com\/produit\/%f0%9f%9b%b6-private-lake-tours-demi-journee\/#primaryimage\"},\"thumbnailUrl\":\"https:\/\/lunayatravel.com\/wp-content\/uploads\/2025\/08\/KhaoSok_PrivateLongtailBoatTouratCheowLanLake.jpg\",\"datePublished\":\"2025-08-05T09:25:32+00:00\",\"dateModified\":\"2025-08-05T09:27:20+00:00\",\"breadcrumb\":{\"@id\":\"https:\/\/lunayatravel.com\/produit\/%f0%9f%9b%b6-private-lake-tours-demi-journee\/#breadcrumb\"},\"inLanguage\":\"en-GB\",\"potentialAction\":[{\"@type\":\"ReadAction\",\"target\":[\"https:\/\/lunayatravel.com\/produit\/%f0%9f%9b%b6-private-lake-tours-demi-journee\/\"]}]},{\"@type\":\"ImageObject\",\"inLanguage\":\"en-GB\",\"@id\":\"https:\/\/lunayatravel.com\/produit\/%f0%9f%9b%b6-private-lake-tours-demi-journee\/#primaryimage\",\"url\":\"https:\/\/lunayatravel.com\/wp-content\/uploads\/2025\/08\/KhaoSok_PrivateLongtailBoatTouratCheowLanLake.jpg\",\"contentUrl\":\"https:\/\/lunayatravel.com\/wp-content\/uploads\/2025\/08\/KhaoSok_PrivateLongtailBoatTouratCheowLanLake.jpg\",\"width\":1295,\"height\":971},{\"@type\":\"BreadcrumbList\",\"@id\":\"https:\/\/lunayatravel.com\/produit\/%f0%9f%9b%b6-private-lake-tours-demi-journee\/#breadcrumb\",\"itemListElement\":[{\"@type\":\"ListItem\",\"position\":1,\"name\":\"Accueil\",\"item\":\"https:\/\/lunayatravel.com\/\"},{\"@type\":\"ListItem\",\"position\":2,\"name\":\"Nos activit\u00e9s\",\"item\":\"https:\/\/lunayatravel.com\/nos-activites\/\"},{\"@type\":\"ListItem\",\"position\":3,\"name\":\"\ud83d\udef6 Private Lake Tours \u2013 Demi- Journ\u00e9e\"}]},{\"@type\":\"WebSite\",\"@id\":\"https:\/\/lunayatravel.com\/#website\",\"url\":\"https:\/\/lunayatravel.com\/\",\"name\":\"\",\"description\":\"\",\"publisher\":{\"@id\":\"https:\/\/lunayatravel.com\/#organization\"},\"potentialAction\":[{\"@type\":\"SearchAction\",\"target\":{\"@type\":\"EntryPoint\",\"urlTemplate\":\"https:\/\/lunayatravel.com\/?s={search_term_string}\"},\"query-input\":{\"@type\":\"PropertyValueSpecification\",\"valueRequired\":true,\"valueName\":\"search_term_string\"}}],\"inLanguage\":\"en-GB\"},{\"@type\":\"Organization\",\"@id\":\"https:\/\/lunayatravel.com\/#organization\",\"name\":\"Lunaya travel\",\"alternateName\":\"Lunaya travel\",\"url\":\"https:\/\/lunayatravel.com\/\",\"logo\":{\"@type\":\"ImageObject\",\"inLanguage\":\"en-GB\",\"@id\":\"https:\/\/lunayatravel.com\/#\/schema\/logo\/image\/\",\"url\":\"https:\/\/lunayatravel.com\/wp-content\/uploads\/2026\/03\/cropped-647319118_2379115739204013_337015058165053143_n.jpg\",\"contentUrl\":\"https:\/\/lunayatravel.com\/wp-content\/uploads\/2026\/03\/cropped-647319118_2379115739204013_337015058165053143_n.jpg\",\"width\":1022,\"height\":1023,\"caption\":\"Lunaya travel\"},\"image\":{\"@id\":\"https:\/\/lunayatravel.com\/#\/schema\/logo\/image\/\"},\"sameAs\":[\"https:\/\/www.facebook.com\/lunayaTravel\/\"]}]}<\/script>\n<!-- \/ Yoast SEO plugin. -->","yoast_head_json":{"title":"\ud83d\udef6 Private Lake Tours \u2013 Demi- Journ\u00e9e -","robots":{"index":"index","follow":"follow","max-snippet":"max-snippet:-1","max-image-preview":"max-image-preview:large","max-video-preview":"max-video-preview:-1"},"canonical":"https:\/\/lunayatravel.com\/en\/product\/\ud83d\udef6-private-lake-tours-demi-journee\/","og_locale":"en_GB","og_type":"article","og_title":"\ud83d\udef6 Private Lake Tours \u2013 Demi- Journ\u00e9e -","og_description":"\u2728 Description Naviguez en petit comit\u00e9 sur les eaux \u00e9meraude du lac de Chiew Larn, un joyau nich\u00e9 au c\u0153ur du parc national de Khao Sok. Entour\u00e9 de falaises de calcaire de 960 m\u00e8tres, ce lieu est un v\u00e9ritable havre de paix abritant gibbons, calaos et \u00e9l\u00e9phants sauvages. \u00a0Demi - Journ\u00e9e compl\u00e8te, partez en longtail boat avec un guide anglophone exp\u00e9riment\u00e9 pour une aventure inoubliable entre baignade, kayak, jungle, grottes et nature pr\u00e9serv\u00e9e.","og_url":"https:\/\/lunayatravel.com\/en\/product\/\ud83d\udef6-private-lake-tours-demi-journee\/","article_publisher":"https:\/\/www.facebook.com\/lunayaTravel\/","article_modified_time":"2025-08-05T09:27:20+00:00","og_image":[{"width":1295,"height":971,"url":"https:\/\/lunayatravel.com\/wp-content\/uploads\/2025\/08\/KhaoSok_PrivateLongtailBoatTouratCheowLanLake.jpg","type":"image\/jpeg"}],"twitter_card":"summary_large_image","schema":{"@context":"https:\/\/schema.org","@graph":[{"@type":"WebPage","@id":"https:\/\/lunayatravel.com\/produit\/%f0%9f%9b%b6-private-lake-tours-demi-journee\/","url":"https:\/\/lunayatravel.com\/produit\/%f0%9f%9b%b6-private-lake-tours-demi-journee\/","name":"\ud83d\udef6 Private Lake Tours \u2013 Demi- Journ\u00e9e -","isPartOf":{"@id":"https:\/\/lunayatravel.com\/#website"},"primaryImageOfPage":{"@id":"https:\/\/lunayatravel.com\/produit\/%f0%9f%9b%b6-private-lake-tours-demi-journee\/#primaryimage"},"image":{"@id":"https:\/\/lunayatravel.com\/produit\/%f0%9f%9b%b6-private-lake-tours-demi-journee\/#primaryimage"},"thumbnailUrl":"https:\/\/lunayatravel.com\/wp-content\/uploads\/2025\/08\/KhaoSok_PrivateLongtailBoatTouratCheowLanLake.jpg","datePublished":"2025-08-05T09:25:32+00:00","dateModified":"2025-08-05T09:27:20+00:00","breadcrumb":{"@id":"https:\/\/lunayatravel.com\/produit\/%f0%9f%9b%b6-private-lake-tours-demi-journee\/#breadcrumb"},"inLanguage":"en-GB","potentialAction":[{"@type":"ReadAction","target":["https:\/\/lunayatravel.com\/produit\/%f0%9f%9b%b6-private-lake-tours-demi-journee\/"]}]},{"@type":"ImageObject","inLanguage":"en-GB","@id":"https:\/\/lunayatravel.com\/produit\/%f0%9f%9b%b6-private-lake-tours-demi-journee\/#primaryimage","url":"https:\/\/lunayatravel.com\/wp-content\/uploads\/2025\/08\/KhaoSok_PrivateLongtailBoatTouratCheowLanLake.jpg","contentUrl":"https:\/\/lunayatravel.com\/wp-content\/uploads\/2025\/08\/KhaoSok_PrivateLongtailBoatTouratCheowLanLake.jpg","width":1295,"height":971},{"@type":"BreadcrumbList","@id":"https:\/\/lunayatravel.com\/produit\/%f0%9f%9b%b6-private-lake-tours-demi-journee\/#breadcrumb","itemListElement":[{"@type":"ListItem","position":1,"name":"Accueil","item":"https:\/\/lunayatravel.com\/"},{"@type":"ListItem","position":2,"name":"Nos activit\u00e9s","item":"https:\/\/lunayatravel.com\/nos-activites\/"},{"@type":"ListItem","position":3,"name":"\ud83d\udef6 Private Lake Tours \u2013 Demi- Journ\u00e9e"}]},{"@type":"WebSite","@id":"https:\/\/lunayatravel.com\/#website","url":"https:\/\/lunayatravel.com\/","name":"","description":"","publisher":{"@id":"https:\/\/lunayatravel.com\/#organization"},"potentialAction":[{"@type":"SearchAction","target":{"@type":"EntryPoint","urlTemplate":"https:\/\/lunayatravel.com\/?s={search_term_string}"},"query-input":{"@type":"PropertyValueSpecification","valueRequired":true,"valueName":"search_term_string"}}],"inLanguage":"en-GB"},{"@type":"Organization","@id":"https:\/\/lunayatravel.com\/#organization","name":"Lunaya travel","alternateName":"Lunaya travel","url":"https:\/\/lunayatravel.com\/","logo":{"@type":"ImageObject","inLanguage":"en-GB","@id":"https:\/\/lunayatravel.com\/#\/schema\/logo\/image\/","url":"https:\/\/lunayatravel.com\/wp-content\/uploads\/2026\/03\/cropped-647319118_2379115739204013_337015058165053143_n.jpg","contentUrl":"https:\/\/lunayatravel.com\/wp-content\/uploads\/2026\/03\/cropped-647319118_2379115739204013_337015058165053143_n.jpg","width":1022,"height":1023,"caption":"Lunaya travel"},"image":{"@id":"https:\/\/lunayatravel.com\/#\/schema\/logo\/image\/"},"sameAs":["https:\/\/www.facebook.com\/lunayaTravel\/"]}]}},"uagb_featured_image_src":{"full":["https:\/\/lunayatravel.com\/wp-content\/uploads\/2025\/08\/KhaoSok_PrivateLongtailBoatTouratCheowLanLake.jpg",1295,971,false],"thumbnail":["https:\/\/lunayatravel.com\/wp-content\/uploads\/2025\/08\/KhaoSok_PrivateLongtailBoatTouratCheowLanLake-150x150.jpg",150,150,true],"medium":["https:\/\/lunayatravel.com\/wp-content\/uploads\/2025\/08\/KhaoSok_PrivateLongtailBoatTouratCheowLanLake-300x225.jpg",300,225,true],"medium_large":["https:\/\/lunayatravel.com\/wp-content\/uploads\/2025\/08\/KhaoSok_PrivateLongtailBoatTouratCheowLanLake-768x576.jpg",768,576,true],"large":["https:\/\/lunayatravel.com\/wp-content\/uploads\/2025\/08\/KhaoSok_PrivateLongtailBoatTouratCheowLanLake-1024x768.jpg",1024,768,true],"1536x1536":["https:\/\/lunayatravel.com\/wp-content\/uploads\/2025\/08\/KhaoSok_PrivateLongtailBoatTouratCheowLanLake.jpg",1295,971,false],"2048x2048":["https:\/\/lunayatravel.com\/wp-content\/uploads\/2025\/08\/KhaoSok_PrivateLongtailBoatTouratCheowLanLake.jpg",1295,971,false],"trp-custom-language-flag":["https:\/\/lunayatravel.com\/wp-content\/uploads\/2025\/08\/KhaoSok_PrivateLongtailBoatTouratCheowLanLake.jpg",16,12,false],"widget-thumbnail":["https:\/\/lunayatravel.com\/wp-content\/uploads\/2025\/08\/KhaoSok_PrivateLongtailBoatTouratCheowLanLake-75x75.jpg",75,75,true],"mailpoet_newsletter_max":["https:\/\/lunayatravel.com\/wp-content\/uploads\/2025\/08\/KhaoSok_PrivateLongtailBoatTouratCheowLanLake.jpg",1295,971,false],"woocommerce_thumbnail":["https:\/\/lunayatravel.com\/wp-content\/uploads\/2025\/08\/KhaoSok_PrivateLongtailBoatTouratCheowLanLake-300x300.jpg",300,300,true],"woocommerce_single":["https:\/\/lunayatravel.com\/wp-content\/uploads\/2025\/08\/KhaoSok_PrivateLongtailBoatTouratCheowLanLake-600x450.jpg",600,450,true],"woocommerce_gallery_thumbnail":["https:\/\/lunayatravel.com\/wp-content\/uploads\/2025\/08\/KhaoSok_PrivateLongtailBoatTouratCheowLanLake-100x100.jpg",100,100,true],"sow-carousel-default":["https:\/\/lunayatravel.com\/wp-content\/uploads\/2025\/08\/KhaoSok_PrivateLongtailBoatTouratCheowLanLake-272x182.jpg",272,182,true]},"uagb_author_info":{"display_name":"haemers stephanie","author_link":"https:\/\/lunayatravel.com\/en\/author\/"},"uagb_comment_info":0,"uagb_excerpt":"\u2728 Description Naviguez en petit comit\u00e9 sur les eaux \u00e9meraude du lac de Chiew Larn, un joyau nich\u00e9 au c\u0153ur du parc national de Khao Sok. Entour\u00e9 de falaises de calcaire de 960 m\u00e8tres, ce lieu est un v\u00e9ritable havre de paix abritant gibbons, calaos et \u00e9l\u00e9phants sauvages. \u00a0Demi - Journ\u00e9e compl\u00e8te, partez en longtail&hellip;","jetpack_sharing_enabled":true,"_links":{"self":[{"href":"https:\/\/lunayatravel.com\/en\/wp-json\/wp\/v2\/product\/30583","targetHints":{"allow":["GET"]}}],"collection":[{"href":"https:\/\/lunayatravel.com\/en\/wp-json\/wp\/v2\/product"}],"about":[{"href":"https:\/\/lunayatravel.com\/en\/wp-json\/wp\/v2\/types\/product"}],"replies":[{"embeddable":true,"href":"https:\/\/lunayatravel.com\/en\/wp-json\/wp\/v2\/comments?post=30583"}],"wp:featuredmedia":[{"embeddable":true,"href":"https:\/\/lunayatravel.com\/en\/wp-json\/wp\/v2\/media\/30581"}],"wp:attachment":[{"href":"https:\/\/lunayatravel.com\/en\/wp-json\/wp\/v2\/media?parent=30583"}],"wp:term":[{"taxonomy":"product_brand","embeddable":true,"href":"https:\/\/lunayatravel.com\/en\/wp-json\/wp\/v2\/product_brand?post=30583"},{"taxonomy":"product_cat","embeddable":true,"href":"https:\/\/lunayatravel.com\/en\/wp-json\/wp\/v2\/product_cat?post=30583"},{"taxonomy":"product_tag","embeddable":true,"href":"https:\/\/lunayatravel.com\/en\/wp-json\/wp\/v2\/product_tag?post=30583"}],"curies":[{"name":"wp","href":"https:\/\/api.w.org\/{rel}","templated":true}]}}