{"id":30560,"date":"2025-08-05T10:23:26","date_gmt":"2025-08-05T08:23:26","guid":{"rendered":"https:\/\/itctoursvoyages.com\/?post_type=product&#038;p=30560"},"modified":"2025-08-05T10:23:27","modified_gmt":"2025-08-05T08:23:27","slug":"%f0%9f%8e%ad-tiffanys-show-cabaret-de-renommee-mondiale-a-pattaya","status":"publish","type":"product","link":"https:\/\/lunayatravel.com\/en\/product\/%f0%9f%8e%ad-tiffanys-show-cabaret-de-renommee-mondiale-a-pattaya\/","title":{"rendered":"\ud83c\udfad Tiffany's Show - World-renowned cabaret in Pattaya"},"content":{"rendered":"<p data-start=\"201\" data-end=\"469\"><strong data-start=\"225\" data-end=\"238\">\ud83d\udccd Location:<\/strong> Tiffany's Theatre, Pattaya<br data-start=\"265\" data-end=\"268\" \/><strong data-start=\"268\" data-end=\"285\">\ud83d\udd52 Timetable :<\/strong> 6.00 pm | 7.30 pm | 9.00 pm (75 min)<br data-start=\"316\" data-end=\"319\" \/><strong data-start=\"319\" data-end=\"340\">\ud83e\uddd2 Children's rate :<\/strong> Free for children under 100 cm on their knees. Adult price above that.<br data-start=\"411\" data-end=\"414\" \/><strong data-start=\"414\" data-end=\"438\">\ud83d\udc65 Recommended for:<\/strong> All audiences (non-Thai)<\/p>\n<h3 data-start=\"1211\" data-end=\"1227\">\ud83d\udccd Address<\/h3>\n<p data-start=\"1228\" data-end=\"1329\">Tiffany's Show Pattaya<br data-start=\"1250\" data-end=\"1253\" \/>464 Moo 9, Pattaya 2nd Road, Nongprue, Banglamung, Chonburi 20260, Thailand<\/p>\n<hr data-start=\"1331\" data-end=\"1334\" \/>\n<h3 data-start=\"1336\" data-end=\"1369\">\ud83c\udfab Voucher &amp; conditions<\/h3>\n<ul data-start=\"1370\" data-end=\"1523\">\n<li data-start=\"1370\" data-end=\"1424\">\n<p data-start=\"1372\" data-end=\"1424\">Present the confirmation email to the ticket office<\/p>\n<\/li>\n<li data-start=\"1425\" data-end=\"1466\">\n<p data-start=\"1427\" data-end=\"1466\">Valid only on the date booked<\/p>\n<\/li>\n<li data-start=\"1467\" data-end=\"1523\">\n<p data-start=\"1469\" data-end=\"1523\">Reserved for foreigners (non-Thai nationals)<\/p>\n<\/li>\n<\/ul>\n<hr data-start=\"1525\" data-end=\"1528\" \/>\n<h3 data-start=\"1530\" data-end=\"1547\">\ud83d\uded1 Good to know<\/h3>\n<ul data-start=\"1548\" data-end=\"1669\">\n<li data-start=\"1548\" data-end=\"1593\">\n<p data-start=\"1550\" data-end=\"1593\">Places allocated on a first come, first served basis<\/p>\n<\/li>\n<li data-start=\"1594\" data-end=\"1669\">\n<p data-start=\"1596\" data-end=\"1669\">Special opening times (4.30 pm \/ 10.30 pm) during the New Year and major holidays<\/p>\n<\/li>\n<\/ul>","protected":false},"excerpt":{"rendered":"<h3 data-start=\"476\" data-end=\"495\">\u2728 Description<\/h3>\n<p data-start=\"496\" data-end=\"785\">Ranked among the <strong data-start=\"513\" data-end=\"549\">10 best shows in the world<\/strong>Tiffany's Show is one of Pattaya's must-see transvestite cabaret shows. With its sumptuous costumes, impressive choreography and colourful performances, this world-famous show has been thrilling audiences since 1974.<\/p>\n<p data-start=\"787\" data-end=\"899\">Let yourself be seduced by an explosion of talent, lights and music, in a theatre worthy of Broadway.<\/p>\n<hr data-start=\"901\" data-end=\"904\" \/>\n<h3 data-start=\"906\" data-end=\"927\">\ud83c\udf1f Highlights<\/h3>\n<ul data-start=\"928\" data-end=\"1204\">\n<li data-start=\"928\" data-end=\"977\">\n<p data-start=\"930\" data-end=\"977\">Elected <strong data-start=\"934\" data-end=\"975\">Top 10 shows to see in the world<\/strong><\/p>\n<\/li>\n<li data-start=\"978\" data-end=\"1035\">\n<p data-start=\"980\" data-end=\"1035\">Magnificent costumes and multicultural performances<\/p>\n<\/li>\n<li data-start=\"1036\" data-end=\"1113\">\n<p data-start=\"1038\" data-end=\"1113\">Photo opportunities with the artists at the end of the show<\/p>\n<\/li>\n<li data-start=\"1114\" data-end=\"1204\">\n<p data-start=\"1116\" data-end=\"1204\">Optional choice of beverage (red or white wine or beer) to be specified when booking<\/p>\n<\/li>\n<\/ul>","protected":false},"featured_media":30566,"comment_status":"open","ping_status":"closed","template":"","meta":{"_uag_custom_page_level_css":""},"product_brand":[],"product_cat":[66],"product_tag":[],"class_list":{"0":"post-30560","1":"product","2":"type-product","3":"status-publish","4":"has-post-thumbnail","6":"product_cat-pattaya","8":"first","9":"instock","10":"virtual","11":"taxable","12":"purchasable","13":"product-type-simple"},"yoast_head":"<!-- This site is optimized with the Yoast SEO plugin v27.1.1 - https:\/\/yoast.com\/product\/yoast-seo-wordpress\/ -->\n<title>\ud83c\udfad Tiffany\u2019s Show \u2013 Cabaret de renomm\u00e9e mondiale \u00e0 Pattaya -<\/title>\n<meta name=\"robots\" content=\"index, follow, max-snippet:-1, max-image-preview:large, max-video-preview:-1\" \/>\n<link rel=\"canonical\" href=\"https:\/\/lunayatravel.com\/en\/product\/\ud83c\udfad-tiffanys-show-cabaret-de-renommee-mondiale-a-pattaya\/\" \/>\n<meta property=\"og:locale\" content=\"en_GB\" \/>\n<meta property=\"og:type\" content=\"article\" \/>\n<meta property=\"og:title\" content=\"\ud83c\udfad Tiffany\u2019s Show \u2013 Cabaret de renomm\u00e9e mondiale \u00e0 Pattaya -\" \/>\n<meta property=\"og:description\" content=\"\u2728 Description Class\u00e9 parmi les 10 meilleurs spectacles au monde, Tiffany\u2019s Show est un spectacle de cabaret travesti incontournable \u00e0 Pattaya. Avec ses costumes somptueux, ses chor\u00e9graphies impressionnantes et ses performances hautes en couleurs, ce show mondialement c\u00e9l\u00e8bre \u00e9merveille depuis 1974. Laissez-vous s\u00e9duire par une explosion de talents, de lumi\u00e8res et de musique, dans un th\u00e9\u00e2tre digne de Broadway.     \ud83c\udf1f Points forts    \u00c9lu Top 10 des spectacles \u00e0 voir au monde    Costumes magnifiques et performances multiculturelles    Possibilit\u00e9 de prendre des photos avec les artistes \u00e0 la fin du spectacle    Choix de boisson en option (vin rouge, blanc ou bi\u00e8re) \u00e0 pr\u00e9ciser lors de la r\u00e9servation\" \/>\n<meta property=\"og:url\" content=\"https:\/\/lunayatravel.com\/en\/product\/\ud83c\udfad-tiffanys-show-cabaret-de-renommee-mondiale-a-pattaya\/\" \/>\n<meta property=\"article:publisher\" content=\"https:\/\/www.facebook.com\/lunayaTravel\/\" \/>\n<meta property=\"article:modified_time\" content=\"2025-08-05T08:23:27+00:00\" \/>\n<meta property=\"og:image\" content=\"https:\/\/lunayatravel.com\/wp-content\/uploads\/2025\/08\/NewTFS1.webp\" \/>\n\t<meta property=\"og:image:width\" content=\"720\" \/>\n\t<meta property=\"og:image:height\" content=\"540\" \/>\n\t<meta property=\"og:image:type\" content=\"image\/webp\" \/>\n<meta name=\"twitter:card\" content=\"summary_large_image\" \/>\n<script type=\"application\/ld+json\" class=\"yoast-schema-graph\">{\"@context\":\"https:\/\/schema.org\",\"@graph\":[{\"@type\":\"WebPage\",\"@id\":\"https:\/\/lunayatravel.com\/produit\/%f0%9f%8e%ad-tiffanys-show-cabaret-de-renommee-mondiale-a-pattaya\/\",\"url\":\"https:\/\/lunayatravel.com\/produit\/%f0%9f%8e%ad-tiffanys-show-cabaret-de-renommee-mondiale-a-pattaya\/\",\"name\":\"\ud83c\udfad Tiffany\u2019s Show \u2013 Cabaret de renomm\u00e9e mondiale \u00e0 Pattaya -\",\"isPartOf\":{\"@id\":\"https:\/\/lunayatravel.com\/#website\"},\"primaryImageOfPage\":{\"@id\":\"https:\/\/lunayatravel.com\/produit\/%f0%9f%8e%ad-tiffanys-show-cabaret-de-renommee-mondiale-a-pattaya\/#primaryimage\"},\"image\":{\"@id\":\"https:\/\/lunayatravel.com\/produit\/%f0%9f%8e%ad-tiffanys-show-cabaret-de-renommee-mondiale-a-pattaya\/#primaryimage\"},\"thumbnailUrl\":\"https:\/\/lunayatravel.com\/wp-content\/uploads\/2025\/08\/NewTFS1.webp\",\"datePublished\":\"2025-08-05T08:23:26+00:00\",\"dateModified\":\"2025-08-05T08:23:27+00:00\",\"breadcrumb\":{\"@id\":\"https:\/\/lunayatravel.com\/produit\/%f0%9f%8e%ad-tiffanys-show-cabaret-de-renommee-mondiale-a-pattaya\/#breadcrumb\"},\"inLanguage\":\"en-GB\",\"potentialAction\":[{\"@type\":\"ReadAction\",\"target\":[\"https:\/\/lunayatravel.com\/produit\/%f0%9f%8e%ad-tiffanys-show-cabaret-de-renommee-mondiale-a-pattaya\/\"]}]},{\"@type\":\"ImageObject\",\"inLanguage\":\"en-GB\",\"@id\":\"https:\/\/lunayatravel.com\/produit\/%f0%9f%8e%ad-tiffanys-show-cabaret-de-renommee-mondiale-a-pattaya\/#primaryimage\",\"url\":\"https:\/\/lunayatravel.com\/wp-content\/uploads\/2025\/08\/NewTFS1.webp\",\"contentUrl\":\"https:\/\/lunayatravel.com\/wp-content\/uploads\/2025\/08\/NewTFS1.webp\",\"width\":720,\"height\":540},{\"@type\":\"BreadcrumbList\",\"@id\":\"https:\/\/lunayatravel.com\/produit\/%f0%9f%8e%ad-tiffanys-show-cabaret-de-renommee-mondiale-a-pattaya\/#breadcrumb\",\"itemListElement\":[{\"@type\":\"ListItem\",\"position\":1,\"name\":\"Accueil\",\"item\":\"https:\/\/lunayatravel.com\/\"},{\"@type\":\"ListItem\",\"position\":2,\"name\":\"Nos activit\u00e9s\",\"item\":\"https:\/\/lunayatravel.com\/nos-activites\/\"},{\"@type\":\"ListItem\",\"position\":3,\"name\":\"\ud83c\udfad Tiffany\u2019s Show \u2013 Cabaret de renomm\u00e9e mondiale \u00e0 Pattaya\"}]},{\"@type\":\"WebSite\",\"@id\":\"https:\/\/lunayatravel.com\/#website\",\"url\":\"https:\/\/lunayatravel.com\/\",\"name\":\"\",\"description\":\"\",\"publisher\":{\"@id\":\"https:\/\/lunayatravel.com\/#organization\"},\"potentialAction\":[{\"@type\":\"SearchAction\",\"target\":{\"@type\":\"EntryPoint\",\"urlTemplate\":\"https:\/\/lunayatravel.com\/?s={search_term_string}\"},\"query-input\":{\"@type\":\"PropertyValueSpecification\",\"valueRequired\":true,\"valueName\":\"search_term_string\"}}],\"inLanguage\":\"en-GB\"},{\"@type\":\"Organization\",\"@id\":\"https:\/\/lunayatravel.com\/#organization\",\"name\":\"Lunaya travel\",\"alternateName\":\"Lunaya travel\",\"url\":\"https:\/\/lunayatravel.com\/\",\"logo\":{\"@type\":\"ImageObject\",\"inLanguage\":\"en-GB\",\"@id\":\"https:\/\/lunayatravel.com\/#\/schema\/logo\/image\/\",\"url\":\"https:\/\/lunayatravel.com\/wp-content\/uploads\/2026\/03\/cropped-647319118_2379115739204013_337015058165053143_n.jpg\",\"contentUrl\":\"https:\/\/lunayatravel.com\/wp-content\/uploads\/2026\/03\/cropped-647319118_2379115739204013_337015058165053143_n.jpg\",\"width\":1022,\"height\":1023,\"caption\":\"Lunaya travel\"},\"image\":{\"@id\":\"https:\/\/lunayatravel.com\/#\/schema\/logo\/image\/\"},\"sameAs\":[\"https:\/\/www.facebook.com\/lunayaTravel\/\"]}]}<\/script>\n<!-- \/ Yoast SEO plugin. -->","yoast_head_json":{"title":"\ud83c\udfad Tiffany\u2019s Show \u2013 Cabaret de renomm\u00e9e mondiale \u00e0 Pattaya -","robots":{"index":"index","follow":"follow","max-snippet":"max-snippet:-1","max-image-preview":"max-image-preview:large","max-video-preview":"max-video-preview:-1"},"canonical":"https:\/\/lunayatravel.com\/en\/product\/\ud83c\udfad-tiffanys-show-cabaret-de-renommee-mondiale-a-pattaya\/","og_locale":"en_GB","og_type":"article","og_title":"\ud83c\udfad Tiffany\u2019s Show \u2013 Cabaret de renomm\u00e9e mondiale \u00e0 Pattaya -","og_description":"\u2728 Description Class\u00e9 parmi les 10 meilleurs spectacles au monde, Tiffany\u2019s Show est un spectacle de cabaret travesti incontournable \u00e0 Pattaya. Avec ses costumes somptueux, ses chor\u00e9graphies impressionnantes et ses performances hautes en couleurs, ce show mondialement c\u00e9l\u00e8bre \u00e9merveille depuis 1974. Laissez-vous s\u00e9duire par une explosion de talents, de lumi\u00e8res et de musique, dans un th\u00e9\u00e2tre digne de Broadway.     \ud83c\udf1f Points forts    \u00c9lu Top 10 des spectacles \u00e0 voir au monde    Costumes magnifiques et performances multiculturelles    Possibilit\u00e9 de prendre des photos avec les artistes \u00e0 la fin du spectacle    Choix de boisson en option (vin rouge, blanc ou bi\u00e8re) \u00e0 pr\u00e9ciser lors de la r\u00e9servation","og_url":"https:\/\/lunayatravel.com\/en\/product\/\ud83c\udfad-tiffanys-show-cabaret-de-renommee-mondiale-a-pattaya\/","article_publisher":"https:\/\/www.facebook.com\/lunayaTravel\/","article_modified_time":"2025-08-05T08:23:27+00:00","og_image":[{"width":720,"height":540,"url":"https:\/\/lunayatravel.com\/wp-content\/uploads\/2025\/08\/NewTFS1.webp","type":"image\/webp"}],"twitter_card":"summary_large_image","schema":{"@context":"https:\/\/schema.org","@graph":[{"@type":"WebPage","@id":"https:\/\/lunayatravel.com\/produit\/%f0%9f%8e%ad-tiffanys-show-cabaret-de-renommee-mondiale-a-pattaya\/","url":"https:\/\/lunayatravel.com\/produit\/%f0%9f%8e%ad-tiffanys-show-cabaret-de-renommee-mondiale-a-pattaya\/","name":"\ud83c\udfad Tiffany\u2019s Show \u2013 Cabaret de renomm\u00e9e mondiale \u00e0 Pattaya -","isPartOf":{"@id":"https:\/\/lunayatravel.com\/#website"},"primaryImageOfPage":{"@id":"https:\/\/lunayatravel.com\/produit\/%f0%9f%8e%ad-tiffanys-show-cabaret-de-renommee-mondiale-a-pattaya\/#primaryimage"},"image":{"@id":"https:\/\/lunayatravel.com\/produit\/%f0%9f%8e%ad-tiffanys-show-cabaret-de-renommee-mondiale-a-pattaya\/#primaryimage"},"thumbnailUrl":"https:\/\/lunayatravel.com\/wp-content\/uploads\/2025\/08\/NewTFS1.webp","datePublished":"2025-08-05T08:23:26+00:00","dateModified":"2025-08-05T08:23:27+00:00","breadcrumb":{"@id":"https:\/\/lunayatravel.com\/produit\/%f0%9f%8e%ad-tiffanys-show-cabaret-de-renommee-mondiale-a-pattaya\/#breadcrumb"},"inLanguage":"en-GB","potentialAction":[{"@type":"ReadAction","target":["https:\/\/lunayatravel.com\/produit\/%f0%9f%8e%ad-tiffanys-show-cabaret-de-renommee-mondiale-a-pattaya\/"]}]},{"@type":"ImageObject","inLanguage":"en-GB","@id":"https:\/\/lunayatravel.com\/produit\/%f0%9f%8e%ad-tiffanys-show-cabaret-de-renommee-mondiale-a-pattaya\/#primaryimage","url":"https:\/\/lunayatravel.com\/wp-content\/uploads\/2025\/08\/NewTFS1.webp","contentUrl":"https:\/\/lunayatravel.com\/wp-content\/uploads\/2025\/08\/NewTFS1.webp","width":720,"height":540},{"@type":"BreadcrumbList","@id":"https:\/\/lunayatravel.com\/produit\/%f0%9f%8e%ad-tiffanys-show-cabaret-de-renommee-mondiale-a-pattaya\/#breadcrumb","itemListElement":[{"@type":"ListItem","position":1,"name":"Accueil","item":"https:\/\/lunayatravel.com\/"},{"@type":"ListItem","position":2,"name":"Nos activit\u00e9s","item":"https:\/\/lunayatravel.com\/nos-activites\/"},{"@type":"ListItem","position":3,"name":"\ud83c\udfad Tiffany\u2019s Show \u2013 Cabaret de renomm\u00e9e mondiale \u00e0 Pattaya"}]},{"@type":"WebSite","@id":"https:\/\/lunayatravel.com\/#website","url":"https:\/\/lunayatravel.com\/","name":"","description":"","publisher":{"@id":"https:\/\/lunayatravel.com\/#organization"},"potentialAction":[{"@type":"SearchAction","target":{"@type":"EntryPoint","urlTemplate":"https:\/\/lunayatravel.com\/?s={search_term_string}"},"query-input":{"@type":"PropertyValueSpecification","valueRequired":true,"valueName":"search_term_string"}}],"inLanguage":"en-GB"},{"@type":"Organization","@id":"https:\/\/lunayatravel.com\/#organization","name":"Lunaya travel","alternateName":"Lunaya travel","url":"https:\/\/lunayatravel.com\/","logo":{"@type":"ImageObject","inLanguage":"en-GB","@id":"https:\/\/lunayatravel.com\/#\/schema\/logo\/image\/","url":"https:\/\/lunayatravel.com\/wp-content\/uploads\/2026\/03\/cropped-647319118_2379115739204013_337015058165053143_n.jpg","contentUrl":"https:\/\/lunayatravel.com\/wp-content\/uploads\/2026\/03\/cropped-647319118_2379115739204013_337015058165053143_n.jpg","width":1022,"height":1023,"caption":"Lunaya travel"},"image":{"@id":"https:\/\/lunayatravel.com\/#\/schema\/logo\/image\/"},"sameAs":["https:\/\/www.facebook.com\/lunayaTravel\/"]}]}},"uagb_featured_image_src":{"full":["https:\/\/lunayatravel.com\/wp-content\/uploads\/2025\/08\/NewTFS1.webp",720,540,false],"thumbnail":["https:\/\/lunayatravel.com\/wp-content\/uploads\/2025\/08\/NewTFS1-150x150.webp",150,150,true],"medium":["https:\/\/lunayatravel.com\/wp-content\/uploads\/2025\/08\/NewTFS1-300x225.webp",300,225,true],"medium_large":["https:\/\/lunayatravel.com\/wp-content\/uploads\/2025\/08\/NewTFS1.webp",720,540,false],"large":["https:\/\/lunayatravel.com\/wp-content\/uploads\/2025\/08\/NewTFS1.webp",720,540,false],"1536x1536":["https:\/\/lunayatravel.com\/wp-content\/uploads\/2025\/08\/NewTFS1.webp",720,540,false],"2048x2048":["https:\/\/lunayatravel.com\/wp-content\/uploads\/2025\/08\/NewTFS1.webp",720,540,false],"trp-custom-language-flag":["https:\/\/lunayatravel.com\/wp-content\/uploads\/2025\/08\/NewTFS1.webp",16,12,false],"widget-thumbnail":["https:\/\/lunayatravel.com\/wp-content\/uploads\/2025\/08\/NewTFS1-75x75.webp",75,75,true],"mailpoet_newsletter_max":["https:\/\/lunayatravel.com\/wp-content\/uploads\/2025\/08\/NewTFS1.webp",720,540,false],"woocommerce_thumbnail":["https:\/\/lunayatravel.com\/wp-content\/uploads\/2025\/08\/NewTFS1-300x300.webp",300,300,true],"woocommerce_single":["https:\/\/lunayatravel.com\/wp-content\/uploads\/2025\/08\/NewTFS1-600x450.webp",600,450,true],"woocommerce_gallery_thumbnail":["https:\/\/lunayatravel.com\/wp-content\/uploads\/2025\/08\/NewTFS1-100x100.webp",100,100,true],"sow-carousel-default":["https:\/\/lunayatravel.com\/wp-content\/uploads\/2025\/08\/NewTFS1-272x182.webp",272,182,true]},"uagb_author_info":{"display_name":"haemers stephanie","author_link":"https:\/\/lunayatravel.com\/en\/author\/"},"uagb_comment_info":0,"uagb_excerpt":"\u2728 Description Class\u00e9 parmi les 10 meilleurs spectacles au monde, Tiffany\u2019s Show est un spectacle de cabaret travesti incontournable \u00e0 Pattaya. Avec ses costumes somptueux, ses chor\u00e9graphies impressionnantes et ses performances hautes en couleurs, ce show mondialement c\u00e9l\u00e8bre \u00e9merveille depuis 1974. Laissez-vous s\u00e9duire par une explosion de talents, de lumi\u00e8res et de musique, dans un&hellip;","jetpack_sharing_enabled":true,"_links":{"self":[{"href":"https:\/\/lunayatravel.com\/en\/wp-json\/wp\/v2\/product\/30560","targetHints":{"allow":["GET"]}}],"collection":[{"href":"https:\/\/lunayatravel.com\/en\/wp-json\/wp\/v2\/product"}],"about":[{"href":"https:\/\/lunayatravel.com\/en\/wp-json\/wp\/v2\/types\/product"}],"replies":[{"embeddable":true,"href":"https:\/\/lunayatravel.com\/en\/wp-json\/wp\/v2\/comments?post=30560"}],"wp:featuredmedia":[{"embeddable":true,"href":"https:\/\/lunayatravel.com\/en\/wp-json\/wp\/v2\/media\/30566"}],"wp:attachment":[{"href":"https:\/\/lunayatravel.com\/en\/wp-json\/wp\/v2\/media?parent=30560"}],"wp:term":[{"taxonomy":"product_brand","embeddable":true,"href":"https:\/\/lunayatravel.com\/en\/wp-json\/wp\/v2\/product_brand?post=30560"},{"taxonomy":"product_cat","embeddable":true,"href":"https:\/\/lunayatravel.com\/en\/wp-json\/wp\/v2\/product_cat?post=30560"},{"taxonomy":"product_tag","embeddable":true,"href":"https:\/\/lunayatravel.com\/en\/wp-json\/wp\/v2\/product_tag?post=30560"}],"curies":[{"name":"wp","href":"https:\/\/api.w.org\/{rel}","templated":true}]}}