{"id":30551,"date":"2025-08-05T10:06:01","date_gmt":"2025-08-05T08:06:01","guid":{"rendered":"https:\/\/itctoursvoyages.com\/?post_type=product&#038;p=30551"},"modified":"2025-08-05T10:06:02","modified_gmt":"2025-08-05T08:06:02","slug":"%f0%9f%8e%89-croisiere-chateau-party-tour-des-3-iles-pattaya","status":"publish","type":"product","link":"https:\/\/lunayatravel.com\/en\/product\/%f0%9f%8e%89-croisiere-chateau-party-tour-des-3-iles-pattaya\/","title":{"rendered":"\ud83c\udf89 Chateau Party Cruise - Tour of the 3 Islands | Pattaya"},"content":{"rendered":"<h3 data-start=\"771\" data-end=\"792\">\ud83d\udd52 <strong data-start=\"778\" data-end=\"792\">Itinerary<\/strong><\/h3>\n<ul data-start=\"793\" data-end=\"1373\">\n<li data-start=\"793\" data-end=\"834\">\n<p data-start=\"795\" data-end=\"834\"><strong data-start=\"795\" data-end=\"804\">09:30<\/strong> - Hotel pick-up<\/p>\n<\/li>\n<li data-start=\"835\" data-end=\"884\">\n<p data-start=\"837\" data-end=\"884\"><strong data-start=\"837\" data-end=\"846\">10:45<\/strong> - Arrival at Ocean Marina Yacht Club<\/p>\n<\/li>\n<li data-start=\"885\" data-end=\"956\">\n<p data-start=\"887\" data-end=\"956\"><strong data-start=\"887\" data-end=\"896\">11:00<\/strong> - Departure for Koh Bamboo (welcome cocktail, music)<\/p>\n<\/li>\n<li data-start=\"957\" data-end=\"1030\">\n<p data-start=\"959\" data-end=\"1030\"><strong data-start=\"959\" data-end=\"968\">12:30<\/strong> - Activities on Koh Bamboo: snorkelling, paddling, kayaking, beach<\/p>\n<\/li>\n<li data-start=\"1031\" data-end=\"1060\">\n<p data-start=\"1033\" data-end=\"1060\"><strong data-start=\"1033\" data-end=\"1042\">14:00<\/strong> - On-board buffet<\/p>\n<\/li>\n<li data-start=\"1061\" data-end=\"1116\">\n<p data-start=\"1063\" data-end=\"1116\"><strong data-start=\"1063\" data-end=\"1072\">15:00<\/strong> - Head for Koh Rin for a fishing session<\/p>\n<\/li>\n<li data-start=\"1117\" data-end=\"1175\">\n<p data-start=\"1119\" data-end=\"1175\"><strong data-start=\"1119\" data-end=\"1128\">16:00<\/strong> - Head to Koh Ped for the start of the party<\/p>\n<\/li>\n<li data-start=\"1176\" data-end=\"1258\">\n<p data-start=\"1178\" data-end=\"1258\"><strong data-start=\"1178\" data-end=\"1187\">17:00<\/strong> - Party on board, possibility of jet ski &amp; banana boat (extra charge)<\/p>\n<\/li>\n<li data-start=\"1259\" data-end=\"1315\">\n<p data-start=\"1261\" data-end=\"1315\"><strong data-start=\"1261\" data-end=\"1270\">18:35<\/strong> - Return on the sunset cruise<\/p>\n<\/li>\n<li data-start=\"1316\" data-end=\"1373\">\n<p data-start=\"1318\" data-end=\"1373\"><strong data-start=\"1318\" data-end=\"1327\">19:00<\/strong> - Return to the marina and transfer to the hotel<\/p>\n<\/li>\n<\/ul>\n<p data-start=\"1375\" data-end=\"1424\"><em data-start=\"1375\" data-end=\"1424\">Itinerary subject to change depending on the weather.<\/em><\/p>\n<hr data-start=\"1426\" data-end=\"1429\" \/>\n<h3 data-start=\"1431\" data-end=\"1456\">\ud83c\udf7d\ufe0f <strong data-start=\"1439\" data-end=\"1456\">On-board buffet<\/strong><\/h3>\n<ul data-start=\"1457\" data-end=\"1667\">\n<li data-start=\"1457\" data-end=\"1487\">\n<p data-start=\"1459\" data-end=\"1487\">Som Tam (papaya salad)<\/p>\n<\/li>\n<li data-start=\"1488\" data-end=\"1503\">\n<p data-start=\"1490\" data-end=\"1503\">Fried chicken<\/p>\n<\/li>\n<li data-start=\"1504\" data-end=\"1538\">\n<p data-start=\"1506\" data-end=\"1538\">Saut\u00e9ed chicken with cashew nuts<\/p>\n<\/li>\n<li data-start=\"1539\" data-end=\"1570\">\n<p data-start=\"1541\" data-end=\"1570\">Tom Yum seafood soup<\/p>\n<\/li>\n<li data-start=\"1571\" data-end=\"1602\">\n<p data-start=\"1573\" data-end=\"1602\">Stir-fried vegetables (vegetarian)<\/p>\n<\/li>\n<li data-start=\"1603\" data-end=\"1629\">\n<p data-start=\"1605\" data-end=\"1629\">White rice (vegetarian)<\/p>\n<\/li>\n<li data-start=\"1630\" data-end=\"1652\">\n<p data-start=\"1632\" data-end=\"1652\">Pasta with tomato sauce<\/p>\n<\/li>\n<li data-start=\"1653\" data-end=\"1667\">\n<p data-start=\"1655\" data-end=\"1667\">Fresh fruit<\/p>\n<\/li>\n<\/ul>\n<hr data-start=\"1669\" data-end=\"1672\" \/>\n<h3 data-start=\"1674\" data-end=\"1690\">\u2705 <strong data-start=\"1680\" data-end=\"1690\">Included<\/strong><\/h3>\n<ul data-start=\"1691\" data-end=\"1895\">\n<li data-start=\"1691\" data-end=\"1729\">\n<p data-start=\"1693\" data-end=\"1729\">Return transfer to hotel (defined area)<\/p>\n<\/li>\n<li data-start=\"1730\" data-end=\"1752\">\n<p data-start=\"1732\" data-end=\"1752\">Welcome drink<\/p>\n<\/li>\n<li data-start=\"1753\" data-end=\"1775\">\n<p data-start=\"1755\" data-end=\"1775\">Water, soft drinks, fruit<\/p>\n<\/li>\n<li data-start=\"1776\" data-end=\"1793\">\n<p data-start=\"1778\" data-end=\"1793\">On-board buffet<\/p>\n<\/li>\n<li data-start=\"1794\" data-end=\"1852\">\n<p data-start=\"1796\" data-end=\"1852\">Activities: snorkelling, kayaking, paddle, tobogganing, fishing<\/p>\n<\/li>\n<li data-start=\"1853\" data-end=\"1875\">\n<p data-start=\"1855\" data-end=\"1875\">Accident insurance<\/p>\n<\/li>\n<li data-start=\"1876\" data-end=\"1895\">\n<p data-start=\"1878\" data-end=\"1895\">Support team<\/p>\n<\/li>\n<\/ul>\n<hr data-start=\"1897\" data-end=\"1900\" \/>\n<h3 data-start=\"1902\" data-end=\"1935\">\ud83d\udcb8 <strong data-start=\"1909\" data-end=\"1935\">Optional activities<\/strong><\/h3>\n<ul data-start=\"1936\" data-end=\"2039\">\n<li data-start=\"1936\" data-end=\"1980\">\n<p data-start=\"1938\" data-end=\"1980\">Jet Ski : <strong data-start=\"1948\" data-end=\"1970\">800 THB \/ person<\/strong> (3 min)<\/p>\n<\/li>\n<li data-start=\"1981\" data-end=\"2039\">\n<p data-start=\"1983\" data-end=\"2039\">Banana Boat or Canap\u00e9 : <strong data-start=\"2007\" data-end=\"2029\">800 THB \/ person<\/strong> (3 min)<\/p>\n<\/li>\n<\/ul>\n<hr data-start=\"2041\" data-end=\"2044\" \/>\n<h3 data-start=\"2046\" data-end=\"2065\">\u26a0\ufe0f <strong data-start=\"2053\" data-end=\"2065\">What you need to know<\/strong><\/h3>\n<ul data-start=\"2066\" data-end=\"2236\">\n<li data-start=\"2066\" data-end=\"2117\">\n<p data-start=\"2068\" data-end=\"2117\">Bringing food\/drink on board is prohibited<\/p>\n<\/li>\n<li data-start=\"2118\" data-end=\"2171\">\n<p data-start=\"2120\" data-end=\"2171\">Seats on board are allocated automatically<\/p>\n<\/li>\n<li data-start=\"2172\" data-end=\"2236\">\n<p data-start=\"2174\" data-end=\"2236\">Bring your swimming costume, sun cream, towel and a good mood \ud83d\ude04<\/p>\n<\/li>\n<\/ul>","protected":false},"excerpt":{"rendered":"<p data-start=\"183\" data-end=\"457\"><strong data-start=\"183\" data-end=\"214\">Sail, dive and dance!<\/strong><br data-start=\"214\" data-end=\"217\" \/>Climb aboard Pattaya's largest yacht - <em data-start=\"264\" data-end=\"276\">Le Ch\u00e2teau<\/em> - for an unforgettable day of nature and festivities. Explore 3 magnificent islands, enjoy water sports activities, a buffet on board, a live DJ and a unique festive atmosphere.<\/p>\n<hr data-start=\"459\" data-end=\"462\" \/>\n<h3 data-start=\"464\" data-end=\"489\">\u2705 <strong data-start=\"470\" data-end=\"489\">Key facts<\/strong><\/h3>\n<ul data-start=\"490\" data-end=\"764\">\n<li data-start=\"490\" data-end=\"542\">\n<p data-start=\"492\" data-end=\"542\">Festive cruise on an 82-foot luxury yacht<\/p>\n<\/li>\n<li data-start=\"543\" data-end=\"599\">\n<p data-start=\"545\" data-end=\"599\">3 islands: Koh Bamboo, Koh Rin, Koh Ped (monkey island)<\/p>\n<\/li>\n<li data-start=\"600\" data-end=\"666\">\n<p data-start=\"602\" data-end=\"666\">Activities: diving, paddling, kayaking, fishing, tobogganing<\/p>\n<\/li>\n<li data-start=\"667\" data-end=\"717\">\n<p data-start=\"669\" data-end=\"717\">DJ, sound\/light system and party atmosphere on board<\/p>\n<\/li>\n<li data-start=\"718\" data-end=\"764\">\n<p data-start=\"720\" data-end=\"764\">Buffet dinner on board + drinks + transfers included<\/p>\n<\/li>\n<\/ul>","protected":false},"featured_media":30558,"comment_status":"open","ping_status":"closed","template":"","meta":{"_uag_custom_page_level_css":""},"product_brand":[],"product_cat":[21],"product_tag":[],"class_list":{"0":"post-30551","1":"product","2":"type-product","3":"status-publish","4":"has-post-thumbnail","6":"product_cat-non-classe","8":"first","9":"instock","10":"virtual","11":"taxable","12":"purchasable","13":"product-type-simple"},"yoast_head":"<!-- This site is optimized with the Yoast SEO plugin v27.1.1 - https:\/\/yoast.com\/product\/yoast-seo-wordpress\/ -->\n<title>\ud83c\udf89 Croisi\u00e8re Ch\u00e2teau Party \u2013 Tour des 3 \u00celes | Pattaya -<\/title>\n<meta name=\"robots\" content=\"index, follow, max-snippet:-1, max-image-preview:large, max-video-preview:-1\" \/>\n<link rel=\"canonical\" href=\"https:\/\/lunayatravel.com\/en\/product\/\ud83c\udf89-croisiere-chateau-party-tour-des-3-iles-pattaya\/\" \/>\n<meta property=\"og:locale\" content=\"en_GB\" \/>\n<meta property=\"og:type\" content=\"article\" \/>\n<meta property=\"og:title\" content=\"\ud83c\udf89 Croisi\u00e8re Ch\u00e2teau Party \u2013 Tour des 3 \u00celes | Pattaya -\" \/>\n<meta property=\"og:description\" content=\"Naviguez, plongez, dansez !Montez \u00e0 bord du plus grand yacht de Pattaya \u2013 Le Ch\u00e2teau \u2013 pour une journ\u00e9e inoubliable entre nature et f\u00eate. Explorez 3 \u00eeles magnifiques, profitez d\u2019activit\u00e9s nautiques, d\u2019un buffet \u00e0 bord, d\u2019un DJ live et d\u2019une ambiance festive unique.     \u2705 Faits saillants    Croisi\u00e8re festive sur un yacht de luxe de 82 pieds    3 \u00eeles : Koh Bamboo, Koh Rin, Koh Ped (\u00eele aux singes)    Activit\u00e9s : plong\u00e9e, paddle, kayak transparent, p\u00eache, glissades    DJ, syst\u00e8me son\/lumi\u00e8re et ambiance party \u00e0 bord    Buffet \u00e0 bord + boissons + transferts inclus\" \/>\n<meta property=\"og:url\" content=\"https:\/\/lunayatravel.com\/en\/product\/\ud83c\udf89-croisiere-chateau-party-tour-des-3-iles-pattaya\/\" \/>\n<meta property=\"article:publisher\" content=\"https:\/\/www.facebook.com\/lunayaTravel\/\" \/>\n<meta property=\"article:modified_time\" content=\"2025-08-05T08:06:02+00:00\" \/>\n<meta property=\"og:image\" content=\"https:\/\/lunayatravel.com\/wp-content\/uploads\/2025\/08\/1-8.webp\" \/>\n\t<meta property=\"og:image:width\" content=\"720\" \/>\n\t<meta property=\"og:image:height\" content=\"540\" \/>\n\t<meta property=\"og:image:type\" content=\"image\/webp\" \/>\n<meta name=\"twitter:card\" content=\"summary_large_image\" \/>\n<meta name=\"twitter:label1\" content=\"Estimated reading time\" \/>\n\t<meta name=\"twitter:data1\" content=\"1 minute\" \/>\n<script type=\"application\/ld+json\" class=\"yoast-schema-graph\">{\"@context\":\"https:\/\/schema.org\",\"@graph\":[{\"@type\":\"WebPage\",\"@id\":\"https:\/\/lunayatravel.com\/produit\/%f0%9f%8e%89-croisiere-chateau-party-tour-des-3-iles-pattaya\/\",\"url\":\"https:\/\/lunayatravel.com\/produit\/%f0%9f%8e%89-croisiere-chateau-party-tour-des-3-iles-pattaya\/\",\"name\":\"\ud83c\udf89 Croisi\u00e8re Ch\u00e2teau Party \u2013 Tour des 3 \u00celes | Pattaya -\",\"isPartOf\":{\"@id\":\"https:\/\/lunayatravel.com\/#website\"},\"primaryImageOfPage\":{\"@id\":\"https:\/\/lunayatravel.com\/produit\/%f0%9f%8e%89-croisiere-chateau-party-tour-des-3-iles-pattaya\/#primaryimage\"},\"image\":{\"@id\":\"https:\/\/lunayatravel.com\/produit\/%f0%9f%8e%89-croisiere-chateau-party-tour-des-3-iles-pattaya\/#primaryimage\"},\"thumbnailUrl\":\"https:\/\/lunayatravel.com\/wp-content\/uploads\/2025\/08\/1-8.webp\",\"datePublished\":\"2025-08-05T08:06:01+00:00\",\"dateModified\":\"2025-08-05T08:06:02+00:00\",\"breadcrumb\":{\"@id\":\"https:\/\/lunayatravel.com\/produit\/%f0%9f%8e%89-croisiere-chateau-party-tour-des-3-iles-pattaya\/#breadcrumb\"},\"inLanguage\":\"en-GB\",\"potentialAction\":[{\"@type\":\"ReadAction\",\"target\":[\"https:\/\/lunayatravel.com\/produit\/%f0%9f%8e%89-croisiere-chateau-party-tour-des-3-iles-pattaya\/\"]}]},{\"@type\":\"ImageObject\",\"inLanguage\":\"en-GB\",\"@id\":\"https:\/\/lunayatravel.com\/produit\/%f0%9f%8e%89-croisiere-chateau-party-tour-des-3-iles-pattaya\/#primaryimage\",\"url\":\"https:\/\/lunayatravel.com\/wp-content\/uploads\/2025\/08\/1-8.webp\",\"contentUrl\":\"https:\/\/lunayatravel.com\/wp-content\/uploads\/2025\/08\/1-8.webp\",\"width\":720,\"height\":540},{\"@type\":\"BreadcrumbList\",\"@id\":\"https:\/\/lunayatravel.com\/produit\/%f0%9f%8e%89-croisiere-chateau-party-tour-des-3-iles-pattaya\/#breadcrumb\",\"itemListElement\":[{\"@type\":\"ListItem\",\"position\":1,\"name\":\"Accueil\",\"item\":\"https:\/\/lunayatravel.com\/\"},{\"@type\":\"ListItem\",\"position\":2,\"name\":\"Nos activit\u00e9s\",\"item\":\"https:\/\/lunayatravel.com\/nos-activites\/\"},{\"@type\":\"ListItem\",\"position\":3,\"name\":\"\ud83c\udf89 Croisi\u00e8re Ch\u00e2teau Party \u2013 Tour des 3 \u00celes | Pattaya\"}]},{\"@type\":\"WebSite\",\"@id\":\"https:\/\/lunayatravel.com\/#website\",\"url\":\"https:\/\/lunayatravel.com\/\",\"name\":\"\",\"description\":\"\",\"publisher\":{\"@id\":\"https:\/\/lunayatravel.com\/#organization\"},\"potentialAction\":[{\"@type\":\"SearchAction\",\"target\":{\"@type\":\"EntryPoint\",\"urlTemplate\":\"https:\/\/lunayatravel.com\/?s={search_term_string}\"},\"query-input\":{\"@type\":\"PropertyValueSpecification\",\"valueRequired\":true,\"valueName\":\"search_term_string\"}}],\"inLanguage\":\"en-GB\"},{\"@type\":\"Organization\",\"@id\":\"https:\/\/lunayatravel.com\/#organization\",\"name\":\"Lunaya travel\",\"alternateName\":\"Lunaya travel\",\"url\":\"https:\/\/lunayatravel.com\/\",\"logo\":{\"@type\":\"ImageObject\",\"inLanguage\":\"en-GB\",\"@id\":\"https:\/\/lunayatravel.com\/#\/schema\/logo\/image\/\",\"url\":\"https:\/\/lunayatravel.com\/wp-content\/uploads\/2026\/03\/cropped-647319118_2379115739204013_337015058165053143_n.jpg\",\"contentUrl\":\"https:\/\/lunayatravel.com\/wp-content\/uploads\/2026\/03\/cropped-647319118_2379115739204013_337015058165053143_n.jpg\",\"width\":1022,\"height\":1023,\"caption\":\"Lunaya travel\"},\"image\":{\"@id\":\"https:\/\/lunayatravel.com\/#\/schema\/logo\/image\/\"},\"sameAs\":[\"https:\/\/www.facebook.com\/lunayaTravel\/\"]}]}<\/script>\n<!-- \/ Yoast SEO plugin. -->","yoast_head_json":{"title":"\ud83c\udf89 Croisi\u00e8re Ch\u00e2teau Party \u2013 Tour des 3 \u00celes | Pattaya -","robots":{"index":"index","follow":"follow","max-snippet":"max-snippet:-1","max-image-preview":"max-image-preview:large","max-video-preview":"max-video-preview:-1"},"canonical":"https:\/\/lunayatravel.com\/en\/product\/\ud83c\udf89-croisiere-chateau-party-tour-des-3-iles-pattaya\/","og_locale":"en_GB","og_type":"article","og_title":"\ud83c\udf89 Croisi\u00e8re Ch\u00e2teau Party \u2013 Tour des 3 \u00celes | Pattaya -","og_description":"Naviguez, plongez, dansez !Montez \u00e0 bord du plus grand yacht de Pattaya \u2013 Le Ch\u00e2teau \u2013 pour une journ\u00e9e inoubliable entre nature et f\u00eate. Explorez 3 \u00eeles magnifiques, profitez d\u2019activit\u00e9s nautiques, d\u2019un buffet \u00e0 bord, d\u2019un DJ live et d\u2019une ambiance festive unique.     \u2705 Faits saillants    Croisi\u00e8re festive sur un yacht de luxe de 82 pieds    3 \u00eeles : Koh Bamboo, Koh Rin, Koh Ped (\u00eele aux singes)    Activit\u00e9s : plong\u00e9e, paddle, kayak transparent, p\u00eache, glissades    DJ, syst\u00e8me son\/lumi\u00e8re et ambiance party \u00e0 bord    Buffet \u00e0 bord + boissons + transferts inclus","og_url":"https:\/\/lunayatravel.com\/en\/product\/\ud83c\udf89-croisiere-chateau-party-tour-des-3-iles-pattaya\/","article_publisher":"https:\/\/www.facebook.com\/lunayaTravel\/","article_modified_time":"2025-08-05T08:06:02+00:00","og_image":[{"width":720,"height":540,"url":"https:\/\/lunayatravel.com\/wp-content\/uploads\/2025\/08\/1-8.webp","type":"image\/webp"}],"twitter_card":"summary_large_image","twitter_misc":{"Estimated reading time":"1 minute"},"schema":{"@context":"https:\/\/schema.org","@graph":[{"@type":"WebPage","@id":"https:\/\/lunayatravel.com\/produit\/%f0%9f%8e%89-croisiere-chateau-party-tour-des-3-iles-pattaya\/","url":"https:\/\/lunayatravel.com\/produit\/%f0%9f%8e%89-croisiere-chateau-party-tour-des-3-iles-pattaya\/","name":"\ud83c\udf89 Croisi\u00e8re Ch\u00e2teau Party \u2013 Tour des 3 \u00celes | Pattaya -","isPartOf":{"@id":"https:\/\/lunayatravel.com\/#website"},"primaryImageOfPage":{"@id":"https:\/\/lunayatravel.com\/produit\/%f0%9f%8e%89-croisiere-chateau-party-tour-des-3-iles-pattaya\/#primaryimage"},"image":{"@id":"https:\/\/lunayatravel.com\/produit\/%f0%9f%8e%89-croisiere-chateau-party-tour-des-3-iles-pattaya\/#primaryimage"},"thumbnailUrl":"https:\/\/lunayatravel.com\/wp-content\/uploads\/2025\/08\/1-8.webp","datePublished":"2025-08-05T08:06:01+00:00","dateModified":"2025-08-05T08:06:02+00:00","breadcrumb":{"@id":"https:\/\/lunayatravel.com\/produit\/%f0%9f%8e%89-croisiere-chateau-party-tour-des-3-iles-pattaya\/#breadcrumb"},"inLanguage":"en-GB","potentialAction":[{"@type":"ReadAction","target":["https:\/\/lunayatravel.com\/produit\/%f0%9f%8e%89-croisiere-chateau-party-tour-des-3-iles-pattaya\/"]}]},{"@type":"ImageObject","inLanguage":"en-GB","@id":"https:\/\/lunayatravel.com\/produit\/%f0%9f%8e%89-croisiere-chateau-party-tour-des-3-iles-pattaya\/#primaryimage","url":"https:\/\/lunayatravel.com\/wp-content\/uploads\/2025\/08\/1-8.webp","contentUrl":"https:\/\/lunayatravel.com\/wp-content\/uploads\/2025\/08\/1-8.webp","width":720,"height":540},{"@type":"BreadcrumbList","@id":"https:\/\/lunayatravel.com\/produit\/%f0%9f%8e%89-croisiere-chateau-party-tour-des-3-iles-pattaya\/#breadcrumb","itemListElement":[{"@type":"ListItem","position":1,"name":"Accueil","item":"https:\/\/lunayatravel.com\/"},{"@type":"ListItem","position":2,"name":"Nos activit\u00e9s","item":"https:\/\/lunayatravel.com\/nos-activites\/"},{"@type":"ListItem","position":3,"name":"\ud83c\udf89 Croisi\u00e8re Ch\u00e2teau Party \u2013 Tour des 3 \u00celes | Pattaya"}]},{"@type":"WebSite","@id":"https:\/\/lunayatravel.com\/#website","url":"https:\/\/lunayatravel.com\/","name":"","description":"","publisher":{"@id":"https:\/\/lunayatravel.com\/#organization"},"potentialAction":[{"@type":"SearchAction","target":{"@type":"EntryPoint","urlTemplate":"https:\/\/lunayatravel.com\/?s={search_term_string}"},"query-input":{"@type":"PropertyValueSpecification","valueRequired":true,"valueName":"search_term_string"}}],"inLanguage":"en-GB"},{"@type":"Organization","@id":"https:\/\/lunayatravel.com\/#organization","name":"Lunaya travel","alternateName":"Lunaya travel","url":"https:\/\/lunayatravel.com\/","logo":{"@type":"ImageObject","inLanguage":"en-GB","@id":"https:\/\/lunayatravel.com\/#\/schema\/logo\/image\/","url":"https:\/\/lunayatravel.com\/wp-content\/uploads\/2026\/03\/cropped-647319118_2379115739204013_337015058165053143_n.jpg","contentUrl":"https:\/\/lunayatravel.com\/wp-content\/uploads\/2026\/03\/cropped-647319118_2379115739204013_337015058165053143_n.jpg","width":1022,"height":1023,"caption":"Lunaya travel"},"image":{"@id":"https:\/\/lunayatravel.com\/#\/schema\/logo\/image\/"},"sameAs":["https:\/\/www.facebook.com\/lunayaTravel\/"]}]}},"uagb_featured_image_src":{"full":["https:\/\/lunayatravel.com\/wp-content\/uploads\/2025\/08\/1-8.webp",720,540,false],"thumbnail":["https:\/\/lunayatravel.com\/wp-content\/uploads\/2025\/08\/1-8-150x150.webp",150,150,true],"medium":["https:\/\/lunayatravel.com\/wp-content\/uploads\/2025\/08\/1-8-300x225.webp",300,225,true],"medium_large":["https:\/\/lunayatravel.com\/wp-content\/uploads\/2025\/08\/1-8.webp",720,540,false],"large":["https:\/\/lunayatravel.com\/wp-content\/uploads\/2025\/08\/1-8.webp",720,540,false],"1536x1536":["https:\/\/lunayatravel.com\/wp-content\/uploads\/2025\/08\/1-8.webp",720,540,false],"2048x2048":["https:\/\/lunayatravel.com\/wp-content\/uploads\/2025\/08\/1-8.webp",720,540,false],"trp-custom-language-flag":["https:\/\/lunayatravel.com\/wp-content\/uploads\/2025\/08\/1-8.webp",16,12,false],"widget-thumbnail":["https:\/\/lunayatravel.com\/wp-content\/uploads\/2025\/08\/1-8-75x75.webp",75,75,true],"mailpoet_newsletter_max":["https:\/\/lunayatravel.com\/wp-content\/uploads\/2025\/08\/1-8.webp",720,540,false],"woocommerce_thumbnail":["https:\/\/lunayatravel.com\/wp-content\/uploads\/2025\/08\/1-8-300x300.webp",300,300,true],"woocommerce_single":["https:\/\/lunayatravel.com\/wp-content\/uploads\/2025\/08\/1-8-600x450.webp",600,450,true],"woocommerce_gallery_thumbnail":["https:\/\/lunayatravel.com\/wp-content\/uploads\/2025\/08\/1-8-100x100.webp",100,100,true],"sow-carousel-default":["https:\/\/lunayatravel.com\/wp-content\/uploads\/2025\/08\/1-8-272x182.webp",272,182,true]},"uagb_author_info":{"display_name":"haemers stephanie","author_link":"https:\/\/lunayatravel.com\/en\/author\/"},"uagb_comment_info":0,"uagb_excerpt":"Naviguez, plongez, dansez !Montez \u00e0 bord du plus grand yacht de Pattaya \u2013 Le Ch\u00e2teau \u2013 pour une journ\u00e9e inoubliable entre nature et f\u00eate. Explorez 3 \u00eeles magnifiques, profitez d\u2019activit\u00e9s nautiques, d\u2019un buffet \u00e0 bord, d\u2019un DJ live et d\u2019une ambiance festive unique. \u2705 Faits saillants Croisi\u00e8re festive sur un yacht de luxe de 82&hellip;","jetpack_sharing_enabled":true,"_links":{"self":[{"href":"https:\/\/lunayatravel.com\/en\/wp-json\/wp\/v2\/product\/30551","targetHints":{"allow":["GET"]}}],"collection":[{"href":"https:\/\/lunayatravel.com\/en\/wp-json\/wp\/v2\/product"}],"about":[{"href":"https:\/\/lunayatravel.com\/en\/wp-json\/wp\/v2\/types\/product"}],"replies":[{"embeddable":true,"href":"https:\/\/lunayatravel.com\/en\/wp-json\/wp\/v2\/comments?post=30551"}],"wp:featuredmedia":[{"embeddable":true,"href":"https:\/\/lunayatravel.com\/en\/wp-json\/wp\/v2\/media\/30558"}],"wp:attachment":[{"href":"https:\/\/lunayatravel.com\/en\/wp-json\/wp\/v2\/media?parent=30551"}],"wp:term":[{"taxonomy":"product_brand","embeddable":true,"href":"https:\/\/lunayatravel.com\/en\/wp-json\/wp\/v2\/product_brand?post=30551"},{"taxonomy":"product_cat","embeddable":true,"href":"https:\/\/lunayatravel.com\/en\/wp-json\/wp\/v2\/product_cat?post=30551"},{"taxonomy":"product_tag","embeddable":true,"href":"https:\/\/lunayatravel.com\/en\/wp-json\/wp\/v2\/product_tag?post=30551"}],"curies":[{"name":"wp","href":"https:\/\/api.w.org\/{rel}","templated":true}]}}