{"id":30546,"date":"2025-08-05T09:55:51","date_gmt":"2025-08-05T07:55:51","guid":{"rendered":"https:\/\/itctoursvoyages.com\/?post_type=product&#038;p=30546"},"modified":"2025-08-05T09:55:52","modified_gmt":"2025-08-05T07:55:52","slug":"%f0%9f%9b%a5%ef%b8%8f-diner-croisiere-all-star-avec-spectacle-de-cabaret-pattaya","status":"publish","type":"product","link":"https:\/\/lunayatravel.com\/en\/product\/%f0%9f%9b%a5%ef%b8%8f-diner-croisiere-all-star-avec-spectacle-de-cabaret-pattaya\/","title":{"rendered":"\ud83d\udee5\ufe0f All Star dinner cruise with cabaret show - Pattaya"},"content":{"rendered":"<h3 data-start=\"824\" data-end=\"845\">\ud83d\udd52 <strong data-start=\"831\" data-end=\"845\">Itinerary<\/strong><\/h3>\n<ul data-start=\"846\" data-end=\"1124\">\n<li data-start=\"846\" data-end=\"901\">\n<p data-start=\"848\" data-end=\"901\"><strong data-start=\"848\" data-end=\"857\">18:00<\/strong> - Check-in at Pier E, Bali Hai Pier<\/p>\n<\/li>\n<li data-start=\"902\" data-end=\"930\">\n<p data-start=\"904\" data-end=\"930\"><strong data-start=\"904\" data-end=\"913\">18:20<\/strong> - Boarding<\/p>\n<\/li>\n<li data-start=\"931\" data-end=\"969\">\n<p data-start=\"933\" data-end=\"969\"><strong data-start=\"933\" data-end=\"942\">18:35<\/strong> - Departure and buffet dinner<\/p>\n<\/li>\n<li data-start=\"970\" data-end=\"1015\">\n<p data-start=\"972\" data-end=\"1015\"><strong data-start=\"972\" data-end=\"981\">19:15<\/strong> - Start of the cabaret show<\/p>\n<\/li>\n<li data-start=\"1016\" data-end=\"1093\">\n<p data-start=\"1018\" data-end=\"1093\"><strong data-start=\"1018\" data-end=\"1027\">19:35<\/strong> - Photos with the artists (THB 100\/photo - payment on site)<\/p>\n<\/li>\n<li data-start=\"1094\" data-end=\"1124\">\n<p data-start=\"1096\" data-end=\"1124\"><strong data-start=\"1096\" data-end=\"1105\">19:45<\/strong> - Back to the dock<\/p>\n<\/li>\n<\/ul>\n<hr data-start=\"1126\" data-end=\"1129\" \/>\n<h3 data-start=\"1131\" data-end=\"1153\">\ud83d\udc76 <strong data-start=\"1138\" data-end=\"1153\">Children's price<\/strong><\/h3>\n<ul data-start=\"1154\" data-end=\"1291\">\n<li data-start=\"1154\" data-end=\"1196\">\n<p data-start=\"1156\" data-end=\"1196\">Children of <strong data-start=\"1167\" data-end=\"1181\">4 to 10 years<\/strong> child rate<\/p>\n<\/li>\n<li data-start=\"1197\" data-end=\"1291\">\n<p data-start=\"1199\" data-end=\"1291\">Children of <strong data-start=\"1210\" data-end=\"1223\">0 to 3 years<\/strong> free of charge<br data-start=\"1233\" data-end=\"1236\" \/><em data-start=\"1236\" data-end=\"1291\">Passport required for check-in<\/em><\/p>\n<\/li>\n<\/ul>\n<hr data-start=\"1293\" data-end=\"1296\" \/>\n<h3 data-start=\"1298\" data-end=\"1313\">\ud83d\udccd <strong data-start=\"1305\" data-end=\"1313\">Location<\/strong><\/h3>\n<p data-start=\"1314\" data-end=\"1345\">Quai E - Bali Hai Pier, Pattaya<\/p>\n<hr data-start=\"1347\" data-end=\"1350\" \/>\n<h3 data-start=\"1352\" data-end=\"1395\">\ud83d\ude8c <strong data-start=\"1359\" data-end=\"1395\">Transfer service (optional)<\/strong><\/h3>\n<p data-start=\"1396\" data-end=\"1495\">Only available to customers who have booked <strong data-start=\"1449\" data-end=\"1475\">before 3pm on the same day<\/strong>. Areas served :<\/p>\n<ul data-start=\"1496\" data-end=\"1575\">\n<li data-start=\"1496\" data-end=\"1515\">\n<p data-start=\"1498\" data-end=\"1515\">North Pattaya<\/p>\n<\/li>\n<li data-start=\"1516\" data-end=\"1537\">\n<p data-start=\"1518\" data-end=\"1537\">Pattaya city centre<\/p>\n<\/li>\n<li data-start=\"1538\" data-end=\"1556\">\n<p data-start=\"1540\" data-end=\"1556\">South Pattaya<\/p>\n<\/li>\n<li data-start=\"1557\" data-end=\"1575\">\n<p data-start=\"1559\" data-end=\"1575\">Khao Phra Tamnak<\/p>\n<\/li>\n<\/ul>\n<hr data-start=\"1577\" data-end=\"1580\" \/>\n<h3 data-start=\"1582\" data-end=\"1616\">\ud83d\udccc <strong data-start=\"1589\" data-end=\"1616\">How to use the right<\/strong><\/h3>\n<p data-start=\"1617\" data-end=\"1692\">Simply present <strong data-start=\"1638\" data-end=\"1666\">confirmation e-mail<\/strong> when recording.<\/p>","protected":false},"excerpt":{"rendered":"<p><strong data-start=\"174\" data-end=\"230\">Experience an unforgettable evening on the Pattaya sea!<\/strong><br data-start=\"230\" data-end=\"233\" \/>Enjoy a top-quality international buffet with seafood and Indian cuisine, while admiring a spectacular cabaret show presented by magnificent transgender artists.<br data-start=\"424\" data-end=\"427\" \/>Enjoy an elegantly decorated cruise, a festive atmosphere and attentive service. Special unlimited drinks included!<\/p>\n<h3 data-start=\"567\" data-end=\"592\">\u2705 <strong data-start=\"573\" data-end=\"592\">Key facts<\/strong><\/h3>\n<ul data-start=\"593\" data-end=\"817\">\n<li data-start=\"593\" data-end=\"654\">\n<p data-start=\"595\" data-end=\"654\">International buffet with seafood and Indian cuisine<\/p>\n<\/li>\n<li data-start=\"655\" data-end=\"713\">\n<p data-start=\"657\" data-end=\"713\">Cabaret show performed by superb ladyboys<\/p>\n<\/li>\n<li data-start=\"714\" data-end=\"750\">\n<p data-start=\"716\" data-end=\"750\">All-you-can-eat special drinks included<\/p>\n<\/li>\n<li data-start=\"751\" data-end=\"817\">\n<p data-start=\"753\" data-end=\"817\">Return transfer from Pattaya (optional)<\/p>\n<\/li>\n<\/ul>","protected":false},"featured_media":30550,"comment_status":"open","ping_status":"closed","template":"","meta":{"_uag_custom_page_level_css":""},"product_brand":[],"product_cat":[66],"product_tag":[],"class_list":{"0":"post-30546","1":"product","2":"type-product","3":"status-publish","4":"has-post-thumbnail","6":"product_cat-pattaya","8":"first","9":"instock","10":"virtual","11":"taxable","12":"purchasable","13":"product-type-simple"},"yoast_head":"<!-- This site is optimized with the Yoast SEO plugin v27.1.1 - https:\/\/yoast.com\/product\/yoast-seo-wordpress\/ -->\n<title>\ud83d\udee5\ufe0f D\u00eener-croisi\u00e8re All Star avec spectacle de cabaret \u2013 Pattaya -<\/title>\n<meta name=\"robots\" content=\"index, follow, max-snippet:-1, max-image-preview:large, max-video-preview:-1\" \/>\n<link rel=\"canonical\" href=\"https:\/\/lunayatravel.com\/en\/product\/\ud83d\udee5\ufe0f-diner-croisiere-all-star-avec-spectacle-de-cabaret-pattaya\/\" \/>\n<meta property=\"og:locale\" content=\"en_GB\" \/>\n<meta property=\"og:type\" content=\"article\" \/>\n<meta property=\"og:title\" content=\"\ud83d\udee5\ufe0f D\u00eener-croisi\u00e8re All Star avec spectacle de cabaret \u2013 Pattaya -\" \/>\n<meta property=\"og:description\" content=\"Vivez une soir\u00e9e inoubliable sur la mer de Pattaya !Savourez un buffet international haut de gamme avec fruits de mer et cuisine indienne, tout en admirant un spectacle de cabaret spectaculaire pr\u00e9sent\u00e9 par de magnifiques artistes transgenres.Profitez d\u2019une croisi\u00e8re \u00e9l\u00e9gamment d\u00e9cor\u00e9e, d\u2019une ambiance festive et d\u2019un service attentionn\u00e9. Boisson sp\u00e9ciale \u00e0 volont\u00e9 incluse ! \u2705 Faits saillants    Buffet international avec fruits de mer et cuisine indienne    Spectacle de cabaret interpr\u00e9t\u00e9 par de superbes ladyboys    Boisson sp\u00e9ciale \u00e0 volont\u00e9 incluse    Possibilit\u00e9 de transfert aller-retour depuis Pattaya (optionnel)\" \/>\n<meta property=\"og:url\" content=\"https:\/\/lunayatravel.com\/en\/product\/\ud83d\udee5\ufe0f-diner-croisiere-all-star-avec-spectacle-de-cabaret-pattaya\/\" \/>\n<meta property=\"article:publisher\" content=\"https:\/\/www.facebook.com\/lunayaTravel\/\" \/>\n<meta property=\"article:modified_time\" content=\"2025-08-05T07:55:52+00:00\" \/>\n<meta property=\"og:image\" content=\"https:\/\/lunayatravel.com\/wp-content\/uploads\/2025\/08\/AllStarCruiseNew1.webp\" \/>\n\t<meta property=\"og:image:width\" content=\"720\" \/>\n\t<meta property=\"og:image:height\" content=\"540\" \/>\n\t<meta property=\"og:image:type\" content=\"image\/webp\" \/>\n<meta name=\"twitter:card\" content=\"summary_large_image\" \/>\n<meta name=\"twitter:label1\" content=\"Estimated reading time\" \/>\n\t<meta name=\"twitter:data1\" content=\"1 minute\" \/>\n<script type=\"application\/ld+json\" class=\"yoast-schema-graph\">{\"@context\":\"https:\/\/schema.org\",\"@graph\":[{\"@type\":\"WebPage\",\"@id\":\"https:\/\/lunayatravel.com\/produit\/%f0%9f%9b%a5%ef%b8%8f-diner-croisiere-all-star-avec-spectacle-de-cabaret-pattaya\/\",\"url\":\"https:\/\/lunayatravel.com\/produit\/%f0%9f%9b%a5%ef%b8%8f-diner-croisiere-all-star-avec-spectacle-de-cabaret-pattaya\/\",\"name\":\"\ud83d\udee5\ufe0f D\u00eener-croisi\u00e8re All Star avec spectacle de cabaret \u2013 Pattaya -\",\"isPartOf\":{\"@id\":\"https:\/\/lunayatravel.com\/#website\"},\"primaryImageOfPage\":{\"@id\":\"https:\/\/lunayatravel.com\/produit\/%f0%9f%9b%a5%ef%b8%8f-diner-croisiere-all-star-avec-spectacle-de-cabaret-pattaya\/#primaryimage\"},\"image\":{\"@id\":\"https:\/\/lunayatravel.com\/produit\/%f0%9f%9b%a5%ef%b8%8f-diner-croisiere-all-star-avec-spectacle-de-cabaret-pattaya\/#primaryimage\"},\"thumbnailUrl\":\"https:\/\/lunayatravel.com\/wp-content\/uploads\/2025\/08\/AllStarCruiseNew1.webp\",\"datePublished\":\"2025-08-05T07:55:51+00:00\",\"dateModified\":\"2025-08-05T07:55:52+00:00\",\"breadcrumb\":{\"@id\":\"https:\/\/lunayatravel.com\/produit\/%f0%9f%9b%a5%ef%b8%8f-diner-croisiere-all-star-avec-spectacle-de-cabaret-pattaya\/#breadcrumb\"},\"inLanguage\":\"en-GB\",\"potentialAction\":[{\"@type\":\"ReadAction\",\"target\":[\"https:\/\/lunayatravel.com\/produit\/%f0%9f%9b%a5%ef%b8%8f-diner-croisiere-all-star-avec-spectacle-de-cabaret-pattaya\/\"]}]},{\"@type\":\"ImageObject\",\"inLanguage\":\"en-GB\",\"@id\":\"https:\/\/lunayatravel.com\/produit\/%f0%9f%9b%a5%ef%b8%8f-diner-croisiere-all-star-avec-spectacle-de-cabaret-pattaya\/#primaryimage\",\"url\":\"https:\/\/lunayatravel.com\/wp-content\/uploads\/2025\/08\/AllStarCruiseNew1.webp\",\"contentUrl\":\"https:\/\/lunayatravel.com\/wp-content\/uploads\/2025\/08\/AllStarCruiseNew1.webp\",\"width\":720,\"height\":540},{\"@type\":\"BreadcrumbList\",\"@id\":\"https:\/\/lunayatravel.com\/produit\/%f0%9f%9b%a5%ef%b8%8f-diner-croisiere-all-star-avec-spectacle-de-cabaret-pattaya\/#breadcrumb\",\"itemListElement\":[{\"@type\":\"ListItem\",\"position\":1,\"name\":\"Accueil\",\"item\":\"https:\/\/lunayatravel.com\/\"},{\"@type\":\"ListItem\",\"position\":2,\"name\":\"Nos activit\u00e9s\",\"item\":\"https:\/\/lunayatravel.com\/nos-activites\/\"},{\"@type\":\"ListItem\",\"position\":3,\"name\":\"\ud83d\udee5\ufe0f D\u00eener-croisi\u00e8re All Star avec spectacle de cabaret \u2013 Pattaya\"}]},{\"@type\":\"WebSite\",\"@id\":\"https:\/\/lunayatravel.com\/#website\",\"url\":\"https:\/\/lunayatravel.com\/\",\"name\":\"\",\"description\":\"\",\"publisher\":{\"@id\":\"https:\/\/lunayatravel.com\/#organization\"},\"potentialAction\":[{\"@type\":\"SearchAction\",\"target\":{\"@type\":\"EntryPoint\",\"urlTemplate\":\"https:\/\/lunayatravel.com\/?s={search_term_string}\"},\"query-input\":{\"@type\":\"PropertyValueSpecification\",\"valueRequired\":true,\"valueName\":\"search_term_string\"}}],\"inLanguage\":\"en-GB\"},{\"@type\":\"Organization\",\"@id\":\"https:\/\/lunayatravel.com\/#organization\",\"name\":\"Lunaya travel\",\"alternateName\":\"Lunaya travel\",\"url\":\"https:\/\/lunayatravel.com\/\",\"logo\":{\"@type\":\"ImageObject\",\"inLanguage\":\"en-GB\",\"@id\":\"https:\/\/lunayatravel.com\/#\/schema\/logo\/image\/\",\"url\":\"https:\/\/lunayatravel.com\/wp-content\/uploads\/2026\/03\/cropped-647319118_2379115739204013_337015058165053143_n.jpg\",\"contentUrl\":\"https:\/\/lunayatravel.com\/wp-content\/uploads\/2026\/03\/cropped-647319118_2379115739204013_337015058165053143_n.jpg\",\"width\":1022,\"height\":1023,\"caption\":\"Lunaya travel\"},\"image\":{\"@id\":\"https:\/\/lunayatravel.com\/#\/schema\/logo\/image\/\"},\"sameAs\":[\"https:\/\/www.facebook.com\/lunayaTravel\/\"]}]}<\/script>\n<!-- \/ Yoast SEO plugin. -->","yoast_head_json":{"title":"\ud83d\udee5\ufe0f D\u00eener-croisi\u00e8re All Star avec spectacle de cabaret \u2013 Pattaya -","robots":{"index":"index","follow":"follow","max-snippet":"max-snippet:-1","max-image-preview":"max-image-preview:large","max-video-preview":"max-video-preview:-1"},"canonical":"https:\/\/lunayatravel.com\/en\/product\/\ud83d\udee5\ufe0f-diner-croisiere-all-star-avec-spectacle-de-cabaret-pattaya\/","og_locale":"en_GB","og_type":"article","og_title":"\ud83d\udee5\ufe0f D\u00eener-croisi\u00e8re All Star avec spectacle de cabaret \u2013 Pattaya -","og_description":"Vivez une soir\u00e9e inoubliable sur la mer de Pattaya !Savourez un buffet international haut de gamme avec fruits de mer et cuisine indienne, tout en admirant un spectacle de cabaret spectaculaire pr\u00e9sent\u00e9 par de magnifiques artistes transgenres.Profitez d\u2019une croisi\u00e8re \u00e9l\u00e9gamment d\u00e9cor\u00e9e, d\u2019une ambiance festive et d\u2019un service attentionn\u00e9. Boisson sp\u00e9ciale \u00e0 volont\u00e9 incluse ! \u2705 Faits saillants    Buffet international avec fruits de mer et cuisine indienne    Spectacle de cabaret interpr\u00e9t\u00e9 par de superbes ladyboys    Boisson sp\u00e9ciale \u00e0 volont\u00e9 incluse    Possibilit\u00e9 de transfert aller-retour depuis Pattaya (optionnel)","og_url":"https:\/\/lunayatravel.com\/en\/product\/\ud83d\udee5\ufe0f-diner-croisiere-all-star-avec-spectacle-de-cabaret-pattaya\/","article_publisher":"https:\/\/www.facebook.com\/lunayaTravel\/","article_modified_time":"2025-08-05T07:55:52+00:00","og_image":[{"width":720,"height":540,"url":"https:\/\/lunayatravel.com\/wp-content\/uploads\/2025\/08\/AllStarCruiseNew1.webp","type":"image\/webp"}],"twitter_card":"summary_large_image","twitter_misc":{"Estimated reading time":"1 minute"},"schema":{"@context":"https:\/\/schema.org","@graph":[{"@type":"WebPage","@id":"https:\/\/lunayatravel.com\/produit\/%f0%9f%9b%a5%ef%b8%8f-diner-croisiere-all-star-avec-spectacle-de-cabaret-pattaya\/","url":"https:\/\/lunayatravel.com\/produit\/%f0%9f%9b%a5%ef%b8%8f-diner-croisiere-all-star-avec-spectacle-de-cabaret-pattaya\/","name":"\ud83d\udee5\ufe0f D\u00eener-croisi\u00e8re All Star avec spectacle de cabaret \u2013 Pattaya -","isPartOf":{"@id":"https:\/\/lunayatravel.com\/#website"},"primaryImageOfPage":{"@id":"https:\/\/lunayatravel.com\/produit\/%f0%9f%9b%a5%ef%b8%8f-diner-croisiere-all-star-avec-spectacle-de-cabaret-pattaya\/#primaryimage"},"image":{"@id":"https:\/\/lunayatravel.com\/produit\/%f0%9f%9b%a5%ef%b8%8f-diner-croisiere-all-star-avec-spectacle-de-cabaret-pattaya\/#primaryimage"},"thumbnailUrl":"https:\/\/lunayatravel.com\/wp-content\/uploads\/2025\/08\/AllStarCruiseNew1.webp","datePublished":"2025-08-05T07:55:51+00:00","dateModified":"2025-08-05T07:55:52+00:00","breadcrumb":{"@id":"https:\/\/lunayatravel.com\/produit\/%f0%9f%9b%a5%ef%b8%8f-diner-croisiere-all-star-avec-spectacle-de-cabaret-pattaya\/#breadcrumb"},"inLanguage":"en-GB","potentialAction":[{"@type":"ReadAction","target":["https:\/\/lunayatravel.com\/produit\/%f0%9f%9b%a5%ef%b8%8f-diner-croisiere-all-star-avec-spectacle-de-cabaret-pattaya\/"]}]},{"@type":"ImageObject","inLanguage":"en-GB","@id":"https:\/\/lunayatravel.com\/produit\/%f0%9f%9b%a5%ef%b8%8f-diner-croisiere-all-star-avec-spectacle-de-cabaret-pattaya\/#primaryimage","url":"https:\/\/lunayatravel.com\/wp-content\/uploads\/2025\/08\/AllStarCruiseNew1.webp","contentUrl":"https:\/\/lunayatravel.com\/wp-content\/uploads\/2025\/08\/AllStarCruiseNew1.webp","width":720,"height":540},{"@type":"BreadcrumbList","@id":"https:\/\/lunayatravel.com\/produit\/%f0%9f%9b%a5%ef%b8%8f-diner-croisiere-all-star-avec-spectacle-de-cabaret-pattaya\/#breadcrumb","itemListElement":[{"@type":"ListItem","position":1,"name":"Accueil","item":"https:\/\/lunayatravel.com\/"},{"@type":"ListItem","position":2,"name":"Nos activit\u00e9s","item":"https:\/\/lunayatravel.com\/nos-activites\/"},{"@type":"ListItem","position":3,"name":"\ud83d\udee5\ufe0f D\u00eener-croisi\u00e8re All Star avec spectacle de cabaret \u2013 Pattaya"}]},{"@type":"WebSite","@id":"https:\/\/lunayatravel.com\/#website","url":"https:\/\/lunayatravel.com\/","name":"","description":"","publisher":{"@id":"https:\/\/lunayatravel.com\/#organization"},"potentialAction":[{"@type":"SearchAction","target":{"@type":"EntryPoint","urlTemplate":"https:\/\/lunayatravel.com\/?s={search_term_string}"},"query-input":{"@type":"PropertyValueSpecification","valueRequired":true,"valueName":"search_term_string"}}],"inLanguage":"en-GB"},{"@type":"Organization","@id":"https:\/\/lunayatravel.com\/#organization","name":"Lunaya travel","alternateName":"Lunaya travel","url":"https:\/\/lunayatravel.com\/","logo":{"@type":"ImageObject","inLanguage":"en-GB","@id":"https:\/\/lunayatravel.com\/#\/schema\/logo\/image\/","url":"https:\/\/lunayatravel.com\/wp-content\/uploads\/2026\/03\/cropped-647319118_2379115739204013_337015058165053143_n.jpg","contentUrl":"https:\/\/lunayatravel.com\/wp-content\/uploads\/2026\/03\/cropped-647319118_2379115739204013_337015058165053143_n.jpg","width":1022,"height":1023,"caption":"Lunaya travel"},"image":{"@id":"https:\/\/lunayatravel.com\/#\/schema\/logo\/image\/"},"sameAs":["https:\/\/www.facebook.com\/lunayaTravel\/"]}]}},"uagb_featured_image_src":{"full":["https:\/\/lunayatravel.com\/wp-content\/uploads\/2025\/08\/AllStarCruiseNew1.webp",720,540,false],"thumbnail":["https:\/\/lunayatravel.com\/wp-content\/uploads\/2025\/08\/AllStarCruiseNew1-150x150.webp",150,150,true],"medium":["https:\/\/lunayatravel.com\/wp-content\/uploads\/2025\/08\/AllStarCruiseNew1-300x225.webp",300,225,true],"medium_large":["https:\/\/lunayatravel.com\/wp-content\/uploads\/2025\/08\/AllStarCruiseNew1.webp",720,540,false],"large":["https:\/\/lunayatravel.com\/wp-content\/uploads\/2025\/08\/AllStarCruiseNew1.webp",720,540,false],"1536x1536":["https:\/\/lunayatravel.com\/wp-content\/uploads\/2025\/08\/AllStarCruiseNew1.webp",720,540,false],"2048x2048":["https:\/\/lunayatravel.com\/wp-content\/uploads\/2025\/08\/AllStarCruiseNew1.webp",720,540,false],"trp-custom-language-flag":["https:\/\/lunayatravel.com\/wp-content\/uploads\/2025\/08\/AllStarCruiseNew1.webp",16,12,false],"widget-thumbnail":["https:\/\/lunayatravel.com\/wp-content\/uploads\/2025\/08\/AllStarCruiseNew1-75x75.webp",75,75,true],"mailpoet_newsletter_max":["https:\/\/lunayatravel.com\/wp-content\/uploads\/2025\/08\/AllStarCruiseNew1.webp",720,540,false],"woocommerce_thumbnail":["https:\/\/lunayatravel.com\/wp-content\/uploads\/2025\/08\/AllStarCruiseNew1-300x300.webp",300,300,true],"woocommerce_single":["https:\/\/lunayatravel.com\/wp-content\/uploads\/2025\/08\/AllStarCruiseNew1-600x450.webp",600,450,true],"woocommerce_gallery_thumbnail":["https:\/\/lunayatravel.com\/wp-content\/uploads\/2025\/08\/AllStarCruiseNew1-100x100.webp",100,100,true],"sow-carousel-default":["https:\/\/lunayatravel.com\/wp-content\/uploads\/2025\/08\/AllStarCruiseNew1-272x182.webp",272,182,true]},"uagb_author_info":{"display_name":"haemers stephanie","author_link":"https:\/\/lunayatravel.com\/en\/author\/"},"uagb_comment_info":0,"uagb_excerpt":"Vivez une soir\u00e9e inoubliable sur la mer de Pattaya !Savourez un buffet international haut de gamme avec fruits de mer et cuisine indienne, tout en admirant un spectacle de cabaret spectaculaire pr\u00e9sent\u00e9 par de magnifiques artistes transgenres.Profitez d\u2019une croisi\u00e8re \u00e9l\u00e9gamment d\u00e9cor\u00e9e, d\u2019une ambiance festive et d\u2019un service attentionn\u00e9. Boisson sp\u00e9ciale \u00e0 volont\u00e9 incluse ! \u2705&hellip;","jetpack_sharing_enabled":true,"_links":{"self":[{"href":"https:\/\/lunayatravel.com\/en\/wp-json\/wp\/v2\/product\/30546","targetHints":{"allow":["GET"]}}],"collection":[{"href":"https:\/\/lunayatravel.com\/en\/wp-json\/wp\/v2\/product"}],"about":[{"href":"https:\/\/lunayatravel.com\/en\/wp-json\/wp\/v2\/types\/product"}],"replies":[{"embeddable":true,"href":"https:\/\/lunayatravel.com\/en\/wp-json\/wp\/v2\/comments?post=30546"}],"wp:featuredmedia":[{"embeddable":true,"href":"https:\/\/lunayatravel.com\/en\/wp-json\/wp\/v2\/media\/30550"}],"wp:attachment":[{"href":"https:\/\/lunayatravel.com\/en\/wp-json\/wp\/v2\/media?parent=30546"}],"wp:term":[{"taxonomy":"product_brand","embeddable":true,"href":"https:\/\/lunayatravel.com\/en\/wp-json\/wp\/v2\/product_brand?post=30546"},{"taxonomy":"product_cat","embeddable":true,"href":"https:\/\/lunayatravel.com\/en\/wp-json\/wp\/v2\/product_cat?post=30546"},{"taxonomy":"product_tag","embeddable":true,"href":"https:\/\/lunayatravel.com\/en\/wp-json\/wp\/v2\/product_tag?post=30546"}],"curies":[{"name":"wp","href":"https:\/\/api.w.org\/{rel}","templated":true}]}}