{"id":30541,"date":"2025-08-05T09:46:20","date_gmt":"2025-08-05T07:46:20","guid":{"rendered":"https:\/\/itctoursvoyages.com\/?post_type=product&#038;p=30541"},"modified":"2025-08-05T09:46:20","modified_gmt":"2025-08-05T07:46:20","slug":"%f0%9f%8e%ad-billet-de-spectacle-kaan-spectacle-epoustouflant-de-5-romans-thailandais","status":"publish","type":"product","link":"https:\/\/lunayatravel.com\/en\/product\/%f0%9f%8e%ad-billet-de-spectacle-kaan-spectacle-epoustouflant-de-5-romans-thailandais\/","title":{"rendered":"\ud83c\udfad KAAN show ticket - Stunning show of 5 Thai novels"},"content":{"rendered":"<h3 data-start=\"1359\" data-end=\"1390\">\ud83d\udc68\u200d\ud83d\udc69\u200d\ud83d\udc67\u200d\ud83d\udc66 <strong data-start=\"1375\" data-end=\"1390\">Children's price<\/strong><\/h3>\n<ul data-start=\"1391\" data-end=\"1556\">\n<li data-start=\"1391\" data-end=\"1462\">\n<p data-start=\"1393\" data-end=\"1462\">Children of <strong data-start=\"1404\" data-end=\"1419\">80 to 140 cm<\/strong> and aged <strong data-start=\"1431\" data-end=\"1445\">5 to 12 years<\/strong> = child rate<\/p>\n<\/li>\n<li data-start=\"1463\" data-end=\"1524\">\n<p data-start=\"1465\" data-end=\"1524\">Less than <strong data-start=\"1474\" data-end=\"1483\">80 cm<\/strong> = free (on an adult's lap)<\/p>\n<\/li>\n<li data-start=\"1525\" data-end=\"1556\">\n<p data-start=\"1527\" data-end=\"1556\">Over 140 cm = adult rate<\/p>\n<\/li>\n<\/ul>\n<hr data-start=\"1558\" data-end=\"1561\" \/>\n<h3 data-start=\"1563\" data-end=\"1597\">\ud83d\udce9 <strong data-start=\"1570\" data-end=\"1597\">How to use the right<\/strong><\/h3>\n<ul data-start=\"1598\" data-end=\"1787\">\n<li data-start=\"1598\" data-end=\"1679\">\n<p data-start=\"1600\" data-end=\"1679\">Simply present <strong data-start=\"1621\" data-end=\"1649\">confirmation e-mail<\/strong> at the theatre box office<\/p>\n<\/li>\n<li data-start=\"1680\" data-end=\"1736\">\n<p data-start=\"1682\" data-end=\"1736\">The voucher is <strong data-start=\"1693\" data-end=\"1734\">valid only on the date reserved<\/strong><\/p>\n<\/li>\n<li data-start=\"1737\" data-end=\"1787\">\n<p data-start=\"1739\" data-end=\"1787\">Offer reserved for <strong data-start=\"1758\" data-end=\"1787\">non-Thai residents<\/strong><\/p>\n<\/li>\n<\/ul>\n<hr data-start=\"1789\" data-end=\"1792\" \/>\n<h3 data-start=\"1794\" data-end=\"1811\">\ud83d\uddfa\ufe0f <strong data-start=\"1802\" data-end=\"1811\">Access<\/strong><\/h3>\n<p data-start=\"1812\" data-end=\"1998\"><strong data-start=\"1812\" data-end=\"1825\">Address:<\/strong><br data-start=\"1825\" data-end=\"1828\" \/>SINGHA D'LUCK Cinematic Theatre<br data-start=\"1859\" data-end=\"1862\" \/>168\/8 Moo12 Thepprasit Rd, Nongprue, Banglamung, Chonburi 20260<br data-start=\"1926\" data-end=\"1929\" \/>(See your ticket for map and location details)<\/p>","protected":false},"excerpt":{"rendered":"<p data-start=\"128\" data-end=\"358\"><strong data-start=\"188\" data-end=\"206\">\ud83d\udd56 Show:<\/strong> Every day except Wednesday at 7.30pm (doors open at 6.45pm)<br data-start=\"274\" data-end=\"277\" \/><strong data-start=\"277\" data-end=\"290\">\ud83d\udccd Location:<\/strong> SINGHA D'LUCK Cinematic Theatre, Pattaya<br data-start=\"331\" data-end=\"334\" \/><strong data-start=\"334\" data-end=\"347\">\u23f3 Duration :<\/strong> 75 minutes<\/p>\n<hr data-start=\"360\" data-end=\"363\" \/>\n<h3 data-start=\"365\" data-end=\"386\">\u2728 <strong data-start=\"371\" data-end=\"386\">Description<\/strong><\/h3>\n<p data-start=\"387\" data-end=\"553\">Immerse yourself in the magical world of <strong data-start=\"421\" data-end=\"439\">KAAN show<\/strong>a unique performance combining the performing arts, cutting-edge technology and Thai literary traditions.<\/p>\n<p data-start=\"555\" data-end=\"791\">Inspired by 5 classic Thai novels, the show takes you on a spectacular sensory journey thanks to high-definition 4D projection, stunning special effects and breathtaking staging.<\/p>\n<p data-start=\"793\" data-end=\"907\">\ud83c\udfa5 <strong data-start=\"796\" data-end=\"813\">4D projection<\/strong>acrobatics, grandiose choreography, synchronised lighting and sound in a futuristic theatre.<\/p>\n<p data-start=\"909\" data-end=\"987\">An unforgettable experience for families, couples or friends in Pattaya.<\/p>\n<hr data-start=\"989\" data-end=\"992\" \/>\n<h3 data-start=\"994\" data-end=\"1017\">\ud83c\udfaf <strong data-start=\"1001\" data-end=\"1017\">Highlights<\/strong><\/h3>\n<ul data-start=\"1018\" data-end=\"1352\">\n<li data-start=\"1018\" data-end=\"1067\">\n<p data-start=\"1020\" data-end=\"1067\">5 Thai legends performed live<\/p>\n<\/li>\n<li data-start=\"1068\" data-end=\"1147\">\n<p data-start=\"1070\" data-end=\"1147\">Immersive visual effects thanks to 4D High Definition Projection Mapping<\/p>\n<\/li>\n<li data-start=\"1148\" data-end=\"1215\">\n<p data-start=\"1150\" data-end=\"1215\">Choice of seats : <strong data-start=\"1168\" data-end=\"1176\">Sky<\/strong>, <strong data-start=\"1178\" data-end=\"1187\">Cloud<\/strong>, <strong data-start=\"1189\" data-end=\"1198\">Ocean<\/strong>or <strong data-start=\"1203\" data-end=\"1213\">Star<\/strong><\/p>\n<\/li>\n<li data-start=\"1216\" data-end=\"1268\">\n<p data-start=\"1218\" data-end=\"1268\">Up to <strong data-start=\"1226\" data-end=\"1235\">-40 %<\/strong> compared to the on-site rate<\/p>\n<\/li>\n<li data-start=\"1269\" data-end=\"1352\">\n<p data-start=\"1271\" data-end=\"1352\">Reservations can be made until <strong data-start=\"1300\" data-end=\"1309\">16h00<\/strong> for the same day (subject to availability)<\/p>\n<\/li>\n<\/ul>","protected":false},"featured_media":30543,"comment_status":"open","ping_status":"closed","template":"","meta":{"_uag_custom_page_level_css":""},"product_brand":[],"product_cat":[66],"product_tag":[],"class_list":{"0":"post-30541","1":"product","2":"type-product","3":"status-publish","4":"has-post-thumbnail","6":"product_cat-pattaya","8":"first","9":"instock","10":"virtual","11":"taxable","12":"purchasable","13":"product-type-simple"},"yoast_head":"<!-- This site is optimized with the Yoast SEO plugin v27.1.1 - https:\/\/yoast.com\/product\/yoast-seo-wordpress\/ -->\n<title>\ud83c\udfad Billet de spectacle KAAN \u2013 Spectacle \u00e9poustouflant de 5 romans tha\u00eflandais -<\/title>\n<meta name=\"robots\" content=\"index, follow, max-snippet:-1, max-image-preview:large, max-video-preview:-1\" \/>\n<link rel=\"canonical\" href=\"https:\/\/lunayatravel.com\/en\/product\/\ud83c\udfad-billet-de-spectacle-kaan-spectacle-epoustouflant-de-5-romans-thailandais\/\" \/>\n<meta property=\"og:locale\" content=\"en_GB\" \/>\n<meta property=\"og:type\" content=\"article\" \/>\n<meta property=\"og:title\" content=\"\ud83c\udfad Billet de spectacle KAAN \u2013 Spectacle \u00e9poustouflant de 5 romans tha\u00eflandais -\" \/>\n<meta property=\"og:description\" content=\"\ud83d\udd56 Spectacle : Tous les jours sauf mercredi \u00e0 19h30 (ouverture des portes \u00e0 18h45)\ud83d\udccd Lieu : SINGHA D\u2019LUCK Cinematic Theatre, Pattaya\u23f3 Dur\u00e9e : 75 minutes     \u2728 Description Plongez dans l\u2019univers magique du spectacle KAAN, une performance in\u00e9dite m\u00ealant arts du spectacle, technologie de pointe et traditions litt\u00e9raires tha\u00eflandaises. Inspir\u00e9 de 5 grands romans classiques tha\u00eflandais, le spectacle vous transporte dans un voyage sensoriel spectaculaire gr\u00e2ce \u00e0 une projection 4D haute d\u00e9finition, des effets sp\u00e9ciaux saisissants et une mise en sc\u00e8ne \u00e0 couper le souffle. \ud83c\udfa5 Projection 4D, acrobaties, chor\u00e9graphies grandioses, lumi\u00e8re et son synchronis\u00e9s dans un th\u00e9\u00e2tre futuriste. Un souvenir inoubliable \u00e0 vivre en famille, en couple ou entre amis \u00e0 Pattaya.     \ud83c\udfaf Points forts    5 l\u00e9gendes tha\u00eflandaises interpr\u00e9t\u00e9es en live    Effets visuels immersifs gr\u00e2ce au \u00ab 4D High Definition Projection Mapping \u00bb    Choix de si\u00e8ges : Ciel, Nuage, Oc\u00e9an, ou \u00c9toile    Jusqu\u2019\u00e0 -40 % par rapport au tarif sur place    R\u00e9servation possible jusqu\u2019\u00e0 16h00 pour le jour-m\u00eame (sous r\u00e9serve de places)\" \/>\n<meta property=\"og:url\" content=\"https:\/\/lunayatravel.com\/en\/product\/\ud83c\udfad-billet-de-spectacle-kaan-spectacle-epoustouflant-de-5-romans-thailandais\/\" \/>\n<meta property=\"article:publisher\" content=\"https:\/\/www.facebook.com\/lunayaTravel\/\" \/>\n<meta property=\"og:image\" content=\"https:\/\/lunayatravel.com\/wp-content\/uploads\/2025\/08\/a2.webp\" \/>\n\t<meta property=\"og:image:width\" content=\"720\" \/>\n\t<meta property=\"og:image:height\" content=\"473\" \/>\n\t<meta property=\"og:image:type\" content=\"image\/webp\" \/>\n<meta name=\"twitter:card\" content=\"summary_large_image\" \/>\n<script type=\"application\/ld+json\" class=\"yoast-schema-graph\">{\"@context\":\"https:\/\/schema.org\",\"@graph\":[{\"@type\":\"WebPage\",\"@id\":\"https:\/\/lunayatravel.com\/produit\/%f0%9f%8e%ad-billet-de-spectacle-kaan-spectacle-epoustouflant-de-5-romans-thailandais\/\",\"url\":\"https:\/\/lunayatravel.com\/produit\/%f0%9f%8e%ad-billet-de-spectacle-kaan-spectacle-epoustouflant-de-5-romans-thailandais\/\",\"name\":\"\ud83c\udfad Billet de spectacle KAAN \u2013 Spectacle \u00e9poustouflant de 5 romans tha\u00eflandais -\",\"isPartOf\":{\"@id\":\"https:\/\/lunayatravel.com\/#website\"},\"primaryImageOfPage\":{\"@id\":\"https:\/\/lunayatravel.com\/produit\/%f0%9f%8e%ad-billet-de-spectacle-kaan-spectacle-epoustouflant-de-5-romans-thailandais\/#primaryimage\"},\"image\":{\"@id\":\"https:\/\/lunayatravel.com\/produit\/%f0%9f%8e%ad-billet-de-spectacle-kaan-spectacle-epoustouflant-de-5-romans-thailandais\/#primaryimage\"},\"thumbnailUrl\":\"https:\/\/lunayatravel.com\/wp-content\/uploads\/2025\/08\/a2.webp\",\"datePublished\":\"2025-08-05T07:46:20+00:00\",\"breadcrumb\":{\"@id\":\"https:\/\/lunayatravel.com\/produit\/%f0%9f%8e%ad-billet-de-spectacle-kaan-spectacle-epoustouflant-de-5-romans-thailandais\/#breadcrumb\"},\"inLanguage\":\"en-GB\",\"potentialAction\":[{\"@type\":\"ReadAction\",\"target\":[\"https:\/\/lunayatravel.com\/produit\/%f0%9f%8e%ad-billet-de-spectacle-kaan-spectacle-epoustouflant-de-5-romans-thailandais\/\"]}]},{\"@type\":\"ImageObject\",\"inLanguage\":\"en-GB\",\"@id\":\"https:\/\/lunayatravel.com\/produit\/%f0%9f%8e%ad-billet-de-spectacle-kaan-spectacle-epoustouflant-de-5-romans-thailandais\/#primaryimage\",\"url\":\"https:\/\/lunayatravel.com\/wp-content\/uploads\/2025\/08\/a2.webp\",\"contentUrl\":\"https:\/\/lunayatravel.com\/wp-content\/uploads\/2025\/08\/a2.webp\",\"width\":720,\"height\":473},{\"@type\":\"BreadcrumbList\",\"@id\":\"https:\/\/lunayatravel.com\/produit\/%f0%9f%8e%ad-billet-de-spectacle-kaan-spectacle-epoustouflant-de-5-romans-thailandais\/#breadcrumb\",\"itemListElement\":[{\"@type\":\"ListItem\",\"position\":1,\"name\":\"Accueil\",\"item\":\"https:\/\/lunayatravel.com\/\"},{\"@type\":\"ListItem\",\"position\":2,\"name\":\"Nos activit\u00e9s\",\"item\":\"https:\/\/lunayatravel.com\/nos-activites\/\"},{\"@type\":\"ListItem\",\"position\":3,\"name\":\"\ud83c\udfad Billet de spectacle KAAN \u2013 Spectacle \u00e9poustouflant de 5 romans tha\u00eflandais\"}]},{\"@type\":\"WebSite\",\"@id\":\"https:\/\/lunayatravel.com\/#website\",\"url\":\"https:\/\/lunayatravel.com\/\",\"name\":\"\",\"description\":\"\",\"publisher\":{\"@id\":\"https:\/\/lunayatravel.com\/#organization\"},\"potentialAction\":[{\"@type\":\"SearchAction\",\"target\":{\"@type\":\"EntryPoint\",\"urlTemplate\":\"https:\/\/lunayatravel.com\/?s={search_term_string}\"},\"query-input\":{\"@type\":\"PropertyValueSpecification\",\"valueRequired\":true,\"valueName\":\"search_term_string\"}}],\"inLanguage\":\"en-GB\"},{\"@type\":\"Organization\",\"@id\":\"https:\/\/lunayatravel.com\/#organization\",\"name\":\"Lunaya travel\",\"alternateName\":\"Lunaya travel\",\"url\":\"https:\/\/lunayatravel.com\/\",\"logo\":{\"@type\":\"ImageObject\",\"inLanguage\":\"en-GB\",\"@id\":\"https:\/\/lunayatravel.com\/#\/schema\/logo\/image\/\",\"url\":\"https:\/\/lunayatravel.com\/wp-content\/uploads\/2026\/03\/cropped-647319118_2379115739204013_337015058165053143_n.jpg\",\"contentUrl\":\"https:\/\/lunayatravel.com\/wp-content\/uploads\/2026\/03\/cropped-647319118_2379115739204013_337015058165053143_n.jpg\",\"width\":1022,\"height\":1023,\"caption\":\"Lunaya travel\"},\"image\":{\"@id\":\"https:\/\/lunayatravel.com\/#\/schema\/logo\/image\/\"},\"sameAs\":[\"https:\/\/www.facebook.com\/lunayaTravel\/\"]}]}<\/script>\n<!-- \/ Yoast SEO plugin. -->","yoast_head_json":{"title":"\ud83c\udfad Billet de spectacle KAAN \u2013 Spectacle \u00e9poustouflant de 5 romans tha\u00eflandais -","robots":{"index":"index","follow":"follow","max-snippet":"max-snippet:-1","max-image-preview":"max-image-preview:large","max-video-preview":"max-video-preview:-1"},"canonical":"https:\/\/lunayatravel.com\/en\/product\/\ud83c\udfad-billet-de-spectacle-kaan-spectacle-epoustouflant-de-5-romans-thailandais\/","og_locale":"en_GB","og_type":"article","og_title":"\ud83c\udfad Billet de spectacle KAAN \u2013 Spectacle \u00e9poustouflant de 5 romans tha\u00eflandais -","og_description":"\ud83d\udd56 Spectacle : Tous les jours sauf mercredi \u00e0 19h30 (ouverture des portes \u00e0 18h45)\ud83d\udccd Lieu : SINGHA D\u2019LUCK Cinematic Theatre, Pattaya\u23f3 Dur\u00e9e : 75 minutes     \u2728 Description Plongez dans l\u2019univers magique du spectacle KAAN, une performance in\u00e9dite m\u00ealant arts du spectacle, technologie de pointe et traditions litt\u00e9raires tha\u00eflandaises. Inspir\u00e9 de 5 grands romans classiques tha\u00eflandais, le spectacle vous transporte dans un voyage sensoriel spectaculaire gr\u00e2ce \u00e0 une projection 4D haute d\u00e9finition, des effets sp\u00e9ciaux saisissants et une mise en sc\u00e8ne \u00e0 couper le souffle. \ud83c\udfa5 Projection 4D, acrobaties, chor\u00e9graphies grandioses, lumi\u00e8re et son synchronis\u00e9s dans un th\u00e9\u00e2tre futuriste. Un souvenir inoubliable \u00e0 vivre en famille, en couple ou entre amis \u00e0 Pattaya.     \ud83c\udfaf Points forts    5 l\u00e9gendes tha\u00eflandaises interpr\u00e9t\u00e9es en live    Effets visuels immersifs gr\u00e2ce au \u00ab 4D High Definition Projection Mapping \u00bb    Choix de si\u00e8ges : Ciel, Nuage, Oc\u00e9an, ou \u00c9toile    Jusqu\u2019\u00e0 -40 % par rapport au tarif sur place    R\u00e9servation possible jusqu\u2019\u00e0 16h00 pour le jour-m\u00eame (sous r\u00e9serve de places)","og_url":"https:\/\/lunayatravel.com\/en\/product\/\ud83c\udfad-billet-de-spectacle-kaan-spectacle-epoustouflant-de-5-romans-thailandais\/","article_publisher":"https:\/\/www.facebook.com\/lunayaTravel\/","og_image":[{"width":720,"height":473,"url":"https:\/\/lunayatravel.com\/wp-content\/uploads\/2025\/08\/a2.webp","type":"image\/webp"}],"twitter_card":"summary_large_image","schema":{"@context":"https:\/\/schema.org","@graph":[{"@type":"WebPage","@id":"https:\/\/lunayatravel.com\/produit\/%f0%9f%8e%ad-billet-de-spectacle-kaan-spectacle-epoustouflant-de-5-romans-thailandais\/","url":"https:\/\/lunayatravel.com\/produit\/%f0%9f%8e%ad-billet-de-spectacle-kaan-spectacle-epoustouflant-de-5-romans-thailandais\/","name":"\ud83c\udfad Billet de spectacle KAAN \u2013 Spectacle \u00e9poustouflant de 5 romans tha\u00eflandais -","isPartOf":{"@id":"https:\/\/lunayatravel.com\/#website"},"primaryImageOfPage":{"@id":"https:\/\/lunayatravel.com\/produit\/%f0%9f%8e%ad-billet-de-spectacle-kaan-spectacle-epoustouflant-de-5-romans-thailandais\/#primaryimage"},"image":{"@id":"https:\/\/lunayatravel.com\/produit\/%f0%9f%8e%ad-billet-de-spectacle-kaan-spectacle-epoustouflant-de-5-romans-thailandais\/#primaryimage"},"thumbnailUrl":"https:\/\/lunayatravel.com\/wp-content\/uploads\/2025\/08\/a2.webp","datePublished":"2025-08-05T07:46:20+00:00","breadcrumb":{"@id":"https:\/\/lunayatravel.com\/produit\/%f0%9f%8e%ad-billet-de-spectacle-kaan-spectacle-epoustouflant-de-5-romans-thailandais\/#breadcrumb"},"inLanguage":"en-GB","potentialAction":[{"@type":"ReadAction","target":["https:\/\/lunayatravel.com\/produit\/%f0%9f%8e%ad-billet-de-spectacle-kaan-spectacle-epoustouflant-de-5-romans-thailandais\/"]}]},{"@type":"ImageObject","inLanguage":"en-GB","@id":"https:\/\/lunayatravel.com\/produit\/%f0%9f%8e%ad-billet-de-spectacle-kaan-spectacle-epoustouflant-de-5-romans-thailandais\/#primaryimage","url":"https:\/\/lunayatravel.com\/wp-content\/uploads\/2025\/08\/a2.webp","contentUrl":"https:\/\/lunayatravel.com\/wp-content\/uploads\/2025\/08\/a2.webp","width":720,"height":473},{"@type":"BreadcrumbList","@id":"https:\/\/lunayatravel.com\/produit\/%f0%9f%8e%ad-billet-de-spectacle-kaan-spectacle-epoustouflant-de-5-romans-thailandais\/#breadcrumb","itemListElement":[{"@type":"ListItem","position":1,"name":"Accueil","item":"https:\/\/lunayatravel.com\/"},{"@type":"ListItem","position":2,"name":"Nos activit\u00e9s","item":"https:\/\/lunayatravel.com\/nos-activites\/"},{"@type":"ListItem","position":3,"name":"\ud83c\udfad Billet de spectacle KAAN \u2013 Spectacle \u00e9poustouflant de 5 romans tha\u00eflandais"}]},{"@type":"WebSite","@id":"https:\/\/lunayatravel.com\/#website","url":"https:\/\/lunayatravel.com\/","name":"","description":"","publisher":{"@id":"https:\/\/lunayatravel.com\/#organization"},"potentialAction":[{"@type":"SearchAction","target":{"@type":"EntryPoint","urlTemplate":"https:\/\/lunayatravel.com\/?s={search_term_string}"},"query-input":{"@type":"PropertyValueSpecification","valueRequired":true,"valueName":"search_term_string"}}],"inLanguage":"en-GB"},{"@type":"Organization","@id":"https:\/\/lunayatravel.com\/#organization","name":"Lunaya travel","alternateName":"Lunaya travel","url":"https:\/\/lunayatravel.com\/","logo":{"@type":"ImageObject","inLanguage":"en-GB","@id":"https:\/\/lunayatravel.com\/#\/schema\/logo\/image\/","url":"https:\/\/lunayatravel.com\/wp-content\/uploads\/2026\/03\/cropped-647319118_2379115739204013_337015058165053143_n.jpg","contentUrl":"https:\/\/lunayatravel.com\/wp-content\/uploads\/2026\/03\/cropped-647319118_2379115739204013_337015058165053143_n.jpg","width":1022,"height":1023,"caption":"Lunaya travel"},"image":{"@id":"https:\/\/lunayatravel.com\/#\/schema\/logo\/image\/"},"sameAs":["https:\/\/www.facebook.com\/lunayaTravel\/"]}]}},"uagb_featured_image_src":{"full":["https:\/\/lunayatravel.com\/wp-content\/uploads\/2025\/08\/a2.webp",720,473,false],"thumbnail":["https:\/\/lunayatravel.com\/wp-content\/uploads\/2025\/08\/a2-150x150.webp",150,150,true],"medium":["https:\/\/lunayatravel.com\/wp-content\/uploads\/2025\/08\/a2-300x197.webp",300,197,true],"medium_large":["https:\/\/lunayatravel.com\/wp-content\/uploads\/2025\/08\/a2.webp",720,473,false],"large":["https:\/\/lunayatravel.com\/wp-content\/uploads\/2025\/08\/a2.webp",720,473,false],"1536x1536":["https:\/\/lunayatravel.com\/wp-content\/uploads\/2025\/08\/a2.webp",720,473,false],"2048x2048":["https:\/\/lunayatravel.com\/wp-content\/uploads\/2025\/08\/a2.webp",720,473,false],"trp-custom-language-flag":["https:\/\/lunayatravel.com\/wp-content\/uploads\/2025\/08\/a2.webp",18,12,false],"widget-thumbnail":["https:\/\/lunayatravel.com\/wp-content\/uploads\/2025\/08\/a2-75x75.webp",75,75,true],"mailpoet_newsletter_max":["https:\/\/lunayatravel.com\/wp-content\/uploads\/2025\/08\/a2.webp",720,473,false],"woocommerce_thumbnail":["https:\/\/lunayatravel.com\/wp-content\/uploads\/2025\/08\/a2-300x300.webp",300,300,true],"woocommerce_single":["https:\/\/lunayatravel.com\/wp-content\/uploads\/2025\/08\/a2-600x394.webp",600,394,true],"woocommerce_gallery_thumbnail":["https:\/\/lunayatravel.com\/wp-content\/uploads\/2025\/08\/a2-100x100.webp",100,100,true],"sow-carousel-default":["https:\/\/lunayatravel.com\/wp-content\/uploads\/2025\/08\/a2-272x182.webp",272,182,true]},"uagb_author_info":{"display_name":"haemers stephanie","author_link":"https:\/\/lunayatravel.com\/en\/author\/"},"uagb_comment_info":0,"uagb_excerpt":"\ud83d\udd56 Spectacle : Tous les jours sauf mercredi \u00e0 19h30 (ouverture des portes \u00e0 18h45)\ud83d\udccd Lieu : SINGHA D\u2019LUCK Cinematic Theatre, Pattaya\u23f3 Dur\u00e9e : 75 minutes \u2728 Description Plongez dans l\u2019univers magique du spectacle KAAN, une performance in\u00e9dite m\u00ealant arts du spectacle, technologie de pointe et traditions litt\u00e9raires tha\u00eflandaises. Inspir\u00e9 de 5 grands romans classiques&hellip;","jetpack_sharing_enabled":true,"_links":{"self":[{"href":"https:\/\/lunayatravel.com\/en\/wp-json\/wp\/v2\/product\/30541","targetHints":{"allow":["GET"]}}],"collection":[{"href":"https:\/\/lunayatravel.com\/en\/wp-json\/wp\/v2\/product"}],"about":[{"href":"https:\/\/lunayatravel.com\/en\/wp-json\/wp\/v2\/types\/product"}],"replies":[{"embeddable":true,"href":"https:\/\/lunayatravel.com\/en\/wp-json\/wp\/v2\/comments?post=30541"}],"wp:featuredmedia":[{"embeddable":true,"href":"https:\/\/lunayatravel.com\/en\/wp-json\/wp\/v2\/media\/30543"}],"wp:attachment":[{"href":"https:\/\/lunayatravel.com\/en\/wp-json\/wp\/v2\/media?parent=30541"}],"wp:term":[{"taxonomy":"product_brand","embeddable":true,"href":"https:\/\/lunayatravel.com\/en\/wp-json\/wp\/v2\/product_brand?post=30541"},{"taxonomy":"product_cat","embeddable":true,"href":"https:\/\/lunayatravel.com\/en\/wp-json\/wp\/v2\/product_cat?post=30541"},{"taxonomy":"product_tag","embeddable":true,"href":"https:\/\/lunayatravel.com\/en\/wp-json\/wp\/v2\/product_tag?post=30541"}],"curies":[{"name":"wp","href":"https:\/\/api.w.org\/{rel}","templated":true}]}}