{"id":30537,"date":"2025-08-05T09:38:47","date_gmt":"2025-08-05T07:38:47","guid":{"rendered":"https:\/\/itctoursvoyages.com\/?post_type=product&#038;p=30537"},"modified":"2025-08-05T09:38:48","modified_gmt":"2025-08-05T07:38:48","slug":"%f0%9f%9b%a5%ef%b8%8f-catamaran-a-pattaya-2-iles-coucher-de-soleil","status":"publish","type":"product","link":"https:\/\/lunayatravel.com\/en\/product\/%f0%9f%9b%a5%ef%b8%8f-catamaran-a-pattaya-2-iles-coucher-de-soleil\/","title":{"rendered":"\ud83d\udee5\ufe0f Catamaran in Pattaya - 2 islands + Sunset"},"content":{"rendered":"<h3 data-start=\"578\" data-end=\"596\">\ud83c\udfdd\ufe0f Itinerary<\/h3>\n<ul data-start=\"598\" data-end=\"1121\">\n<li data-start=\"598\" data-end=\"678\">\n<p data-start=\"600\" data-end=\"678\"><strong data-start=\"600\" data-end=\"609\">09:40<\/strong> - Pick-up at your hotel (exact time confirmed by email)<\/p>\n<\/li>\n<li data-start=\"679\" data-end=\"730\">\n<p data-start=\"681\" data-end=\"730\"><strong data-start=\"681\" data-end=\"690\">10:40<\/strong> - Arrival at Ocean Marina Yacht Club<\/p>\n<\/li>\n<li data-start=\"731\" data-end=\"767\">\n<p data-start=\"733\" data-end=\"767\"><strong data-start=\"733\" data-end=\"742\">11:15<\/strong> - Departure for Koh Phai<\/p>\n<\/li>\n<li data-start=\"768\" data-end=\"852\">\n<p data-start=\"770\" data-end=\"852\"><strong data-start=\"770\" data-end=\"779\">12:45<\/strong> - Arrival on Koh Phai: swimming, snorkelling, beach, paddleboarding, fishing<\/p>\n<\/li>\n<li data-start=\"853\" data-end=\"903\">\n<p data-start=\"855\" data-end=\"903\"><strong data-start=\"855\" data-end=\"864\">14:15<\/strong> - Thai buffet lunch on board<\/p>\n<\/li>\n<li data-start=\"904\" data-end=\"939\">\n<p data-start=\"906\" data-end=\"939\"><strong data-start=\"906\" data-end=\"915\">15:00<\/strong> - Departure for Koh Rin<\/p>\n<\/li>\n<li data-start=\"940\" data-end=\"1016\">\n<p data-start=\"942\" data-end=\"1016\"><strong data-start=\"942\" data-end=\"951\">16:00<\/strong> - Arrival at Koh Rin: swimming, snorkelling, paddleboarding, fishing<\/p>\n<\/li>\n<li data-start=\"1017\" data-end=\"1063\">\n<p data-start=\"1019\" data-end=\"1063\"><strong data-start=\"1019\" data-end=\"1028\">17:10<\/strong> - Sunset cruise<\/p>\n<\/li>\n<li data-start=\"1064\" data-end=\"1121\">\n<p data-start=\"1066\" data-end=\"1121\"><strong data-start=\"1066\" data-end=\"1075\">18:30<\/strong> - Return to Ocean Marina + transfer to hotel<\/p>\n<\/li>\n<\/ul>\n<hr data-start=\"1123\" data-end=\"1126\" \/>\n<h3 data-start=\"1128\" data-end=\"1150\">\u2705 The price includes<\/h3>\n<ul data-start=\"1152\" data-end=\"1416\">\n<li data-start=\"1152\" data-end=\"1208\">\n<p data-start=\"1154\" data-end=\"1208\">Transfer to and from your hotel (areas covered)<\/p>\n<\/li>\n<li data-start=\"1209\" data-end=\"1233\">\n<p data-start=\"1211\" data-end=\"1233\">Comfortable catamaran<\/p>\n<\/li>\n<li data-start=\"1234\" data-end=\"1275\">\n<p data-start=\"1236\" data-end=\"1275\">Snorkelling, paddling and fishing equipment<\/p>\n<\/li>\n<li data-start=\"1276\" data-end=\"1298\">\n<p data-start=\"1278\" data-end=\"1298\">Flybridge slider<\/p>\n<\/li>\n<li data-start=\"1299\" data-end=\"1317\">\n<p data-start=\"1301\" data-end=\"1317\">Towel on board<\/p>\n<\/li>\n<li data-start=\"1318\" data-end=\"1347\">\n<p data-start=\"1320\" data-end=\"1347\">Thai buffet lunch<\/p>\n<\/li>\n<li data-start=\"1348\" data-end=\"1382\">\n<p data-start=\"1350\" data-end=\"1382\">Drinking water and soft drinks<\/p>\n<\/li>\n<li data-start=\"1383\" data-end=\"1404\">\n<p data-start=\"1385\" data-end=\"1404\">English-speaking crew<\/p>\n<\/li>\n<li data-start=\"1405\" data-end=\"1416\">\n<p data-start=\"1407\" data-end=\"1416\">Insurance<\/p>\n<\/li>\n<\/ul>\n<hr data-start=\"1418\" data-end=\"1421\" \/>\n<h3 data-start=\"1423\" data-end=\"1440\">\ud83e\uddf3 To bring<\/h3>\n<ul data-start=\"1442\" data-end=\"1573\">\n<li data-start=\"1442\" data-end=\"1469\">\n<p data-start=\"1444\" data-end=\"1469\">Sunscreen (reef-safe)<\/p>\n<\/li>\n<li data-start=\"1470\" data-end=\"1487\">\n<p data-start=\"1472\" data-end=\"1487\">Swimming costumes<\/p>\n<\/li>\n<li data-start=\"1488\" data-end=\"1509\">\n<p data-start=\"1490\" data-end=\"1509\">Hat \/ cap<\/p>\n<\/li>\n<li data-start=\"1510\" data-end=\"1547\">\n<p data-start=\"1512\" data-end=\"1547\">Personal towel (optional)<\/p>\n<\/li>\n<li data-start=\"1548\" data-end=\"1573\">\n<p data-start=\"1550\" data-end=\"1573\">A little cash<\/p>\n<\/li>\n<\/ul>","protected":false},"excerpt":{"rendered":"<p><strong data-start=\"233\" data-end=\"283\">\u26f5 An unforgettable day at sea awaits you!<\/strong><br data-start=\"283\" data-end=\"286\" \/>Set sail on a comfortable catamaran towards <strong data-start=\"343\" data-end=\"355\">Koh Phai<\/strong> and <strong data-start=\"359\" data-end=\"370\">Koh Rin<\/strong>. Swim in crystal-clear waters, snorkel, try your hand at fishing or paddleboarding, or glide into the sea from the flybridge slider. Relaxation, activities and magnificent scenery guaranteed!<\/p>","protected":false},"featured_media":30540,"comment_status":"open","ping_status":"closed","template":"","meta":{"_uag_custom_page_level_css":""},"product_brand":[],"product_cat":[66],"product_tag":[],"class_list":{"0":"post-30537","1":"product","2":"type-product","3":"status-publish","4":"has-post-thumbnail","6":"product_cat-pattaya","8":"first","9":"instock","10":"virtual","11":"taxable","12":"purchasable","13":"product-type-simple"},"yoast_head":"<!-- This site is optimized with the Yoast SEO plugin v27.1.1 - https:\/\/yoast.com\/product\/yoast-seo-wordpress\/ -->\n<title>\ud83d\udee5\ufe0f Catamaran \u00e0 Pattaya \u2013 2 \u00eeles + Coucher de soleil -<\/title>\n<meta name=\"robots\" content=\"index, follow, max-snippet:-1, max-image-preview:large, max-video-preview:-1\" \/>\n<link rel=\"canonical\" href=\"https:\/\/lunayatravel.com\/en\/product\/\ud83d\udee5\ufe0f-catamaran-a-pattaya-2-iles-coucher-de-soleil\/\" \/>\n<meta property=\"og:locale\" content=\"en_GB\" \/>\n<meta property=\"og:type\" content=\"article\" \/>\n<meta property=\"og:title\" content=\"\ud83d\udee5\ufe0f Catamaran \u00e0 Pattaya \u2013 2 \u00eeles + Coucher de soleil -\" \/>\n<meta property=\"og:description\" content=\"\u26f5 Une journ\u00e9e inoubliable en mer vous attend !Mettez les voiles \u00e0 bord d\u2019un confortable catamaran vers Koh Phai et Koh Rin. Nagez dans des eaux cristallines, faites du snorkeling, testez la p\u00eache ou le paddleboard, ou glissez dans la mer depuis le curseur du flybridge. D\u00e9tente, activit\u00e9s et paysages magnifiques garantis !\" \/>\n<meta property=\"og:url\" content=\"https:\/\/lunayatravel.com\/en\/product\/\ud83d\udee5\ufe0f-catamaran-a-pattaya-2-iles-coucher-de-soleil\/\" \/>\n<meta property=\"article:publisher\" content=\"https:\/\/www.facebook.com\/lunayaTravel\/\" \/>\n<meta property=\"article:modified_time\" content=\"2025-08-05T07:38:48+00:00\" \/>\n<meta property=\"og:image\" content=\"https:\/\/lunayatravel.com\/wp-content\/uploads\/2025\/08\/9-1.webp\" \/>\n\t<meta property=\"og:image:width\" content=\"720\" \/>\n\t<meta property=\"og:image:height\" content=\"540\" \/>\n\t<meta property=\"og:image:type\" content=\"image\/webp\" \/>\n<meta name=\"twitter:card\" content=\"summary_large_image\" \/>\n<meta name=\"twitter:label1\" content=\"Estimated reading time\" \/>\n\t<meta name=\"twitter:data1\" content=\"1 minute\" \/>\n<script type=\"application\/ld+json\" class=\"yoast-schema-graph\">{\"@context\":\"https:\/\/schema.org\",\"@graph\":[{\"@type\":\"WebPage\",\"@id\":\"https:\/\/lunayatravel.com\/produit\/%f0%9f%9b%a5%ef%b8%8f-catamaran-a-pattaya-2-iles-coucher-de-soleil\/\",\"url\":\"https:\/\/lunayatravel.com\/produit\/%f0%9f%9b%a5%ef%b8%8f-catamaran-a-pattaya-2-iles-coucher-de-soleil\/\",\"name\":\"\ud83d\udee5\ufe0f Catamaran \u00e0 Pattaya \u2013 2 \u00eeles + Coucher de soleil -\",\"isPartOf\":{\"@id\":\"https:\/\/lunayatravel.com\/#website\"},\"primaryImageOfPage\":{\"@id\":\"https:\/\/lunayatravel.com\/produit\/%f0%9f%9b%a5%ef%b8%8f-catamaran-a-pattaya-2-iles-coucher-de-soleil\/#primaryimage\"},\"image\":{\"@id\":\"https:\/\/lunayatravel.com\/produit\/%f0%9f%9b%a5%ef%b8%8f-catamaran-a-pattaya-2-iles-coucher-de-soleil\/#primaryimage\"},\"thumbnailUrl\":\"https:\/\/lunayatravel.com\/wp-content\/uploads\/2025\/08\/9-1.webp\",\"datePublished\":\"2025-08-05T07:38:47+00:00\",\"dateModified\":\"2025-08-05T07:38:48+00:00\",\"breadcrumb\":{\"@id\":\"https:\/\/lunayatravel.com\/produit\/%f0%9f%9b%a5%ef%b8%8f-catamaran-a-pattaya-2-iles-coucher-de-soleil\/#breadcrumb\"},\"inLanguage\":\"en-GB\",\"potentialAction\":[{\"@type\":\"ReadAction\",\"target\":[\"https:\/\/lunayatravel.com\/produit\/%f0%9f%9b%a5%ef%b8%8f-catamaran-a-pattaya-2-iles-coucher-de-soleil\/\"]}]},{\"@type\":\"ImageObject\",\"inLanguage\":\"en-GB\",\"@id\":\"https:\/\/lunayatravel.com\/produit\/%f0%9f%9b%a5%ef%b8%8f-catamaran-a-pattaya-2-iles-coucher-de-soleil\/#primaryimage\",\"url\":\"https:\/\/lunayatravel.com\/wp-content\/uploads\/2025\/08\/9-1.webp\",\"contentUrl\":\"https:\/\/lunayatravel.com\/wp-content\/uploads\/2025\/08\/9-1.webp\",\"width\":720,\"height\":540},{\"@type\":\"BreadcrumbList\",\"@id\":\"https:\/\/lunayatravel.com\/produit\/%f0%9f%9b%a5%ef%b8%8f-catamaran-a-pattaya-2-iles-coucher-de-soleil\/#breadcrumb\",\"itemListElement\":[{\"@type\":\"ListItem\",\"position\":1,\"name\":\"Accueil\",\"item\":\"https:\/\/lunayatravel.com\/\"},{\"@type\":\"ListItem\",\"position\":2,\"name\":\"Nos activit\u00e9s\",\"item\":\"https:\/\/lunayatravel.com\/nos-activites\/\"},{\"@type\":\"ListItem\",\"position\":3,\"name\":\"\ud83d\udee5\ufe0f Catamaran \u00e0 Pattaya \u2013 2 \u00eeles + Coucher de soleil\"}]},{\"@type\":\"WebSite\",\"@id\":\"https:\/\/lunayatravel.com\/#website\",\"url\":\"https:\/\/lunayatravel.com\/\",\"name\":\"\",\"description\":\"\",\"publisher\":{\"@id\":\"https:\/\/lunayatravel.com\/#organization\"},\"potentialAction\":[{\"@type\":\"SearchAction\",\"target\":{\"@type\":\"EntryPoint\",\"urlTemplate\":\"https:\/\/lunayatravel.com\/?s={search_term_string}\"},\"query-input\":{\"@type\":\"PropertyValueSpecification\",\"valueRequired\":true,\"valueName\":\"search_term_string\"}}],\"inLanguage\":\"en-GB\"},{\"@type\":\"Organization\",\"@id\":\"https:\/\/lunayatravel.com\/#organization\",\"name\":\"Lunaya travel\",\"alternateName\":\"Lunaya travel\",\"url\":\"https:\/\/lunayatravel.com\/\",\"logo\":{\"@type\":\"ImageObject\",\"inLanguage\":\"en-GB\",\"@id\":\"https:\/\/lunayatravel.com\/#\/schema\/logo\/image\/\",\"url\":\"https:\/\/lunayatravel.com\/wp-content\/uploads\/2026\/03\/cropped-647319118_2379115739204013_337015058165053143_n.jpg\",\"contentUrl\":\"https:\/\/lunayatravel.com\/wp-content\/uploads\/2026\/03\/cropped-647319118_2379115739204013_337015058165053143_n.jpg\",\"width\":1022,\"height\":1023,\"caption\":\"Lunaya travel\"},\"image\":{\"@id\":\"https:\/\/lunayatravel.com\/#\/schema\/logo\/image\/\"},\"sameAs\":[\"https:\/\/www.facebook.com\/lunayaTravel\/\"]}]}<\/script>\n<!-- \/ Yoast SEO plugin. -->","yoast_head_json":{"title":"\ud83d\udee5\ufe0f Catamaran \u00e0 Pattaya \u2013 2 \u00eeles + Coucher de soleil -","robots":{"index":"index","follow":"follow","max-snippet":"max-snippet:-1","max-image-preview":"max-image-preview:large","max-video-preview":"max-video-preview:-1"},"canonical":"https:\/\/lunayatravel.com\/en\/product\/\ud83d\udee5\ufe0f-catamaran-a-pattaya-2-iles-coucher-de-soleil\/","og_locale":"en_GB","og_type":"article","og_title":"\ud83d\udee5\ufe0f Catamaran \u00e0 Pattaya \u2013 2 \u00eeles + Coucher de soleil -","og_description":"\u26f5 Une journ\u00e9e inoubliable en mer vous attend !Mettez les voiles \u00e0 bord d\u2019un confortable catamaran vers Koh Phai et Koh Rin. Nagez dans des eaux cristallines, faites du snorkeling, testez la p\u00eache ou le paddleboard, ou glissez dans la mer depuis le curseur du flybridge. D\u00e9tente, activit\u00e9s et paysages magnifiques garantis !","og_url":"https:\/\/lunayatravel.com\/en\/product\/\ud83d\udee5\ufe0f-catamaran-a-pattaya-2-iles-coucher-de-soleil\/","article_publisher":"https:\/\/www.facebook.com\/lunayaTravel\/","article_modified_time":"2025-08-05T07:38:48+00:00","og_image":[{"width":720,"height":540,"url":"https:\/\/lunayatravel.com\/wp-content\/uploads\/2025\/08\/9-1.webp","type":"image\/webp"}],"twitter_card":"summary_large_image","twitter_misc":{"Estimated reading time":"1 minute"},"schema":{"@context":"https:\/\/schema.org","@graph":[{"@type":"WebPage","@id":"https:\/\/lunayatravel.com\/produit\/%f0%9f%9b%a5%ef%b8%8f-catamaran-a-pattaya-2-iles-coucher-de-soleil\/","url":"https:\/\/lunayatravel.com\/produit\/%f0%9f%9b%a5%ef%b8%8f-catamaran-a-pattaya-2-iles-coucher-de-soleil\/","name":"\ud83d\udee5\ufe0f Catamaran \u00e0 Pattaya \u2013 2 \u00eeles + Coucher de soleil -","isPartOf":{"@id":"https:\/\/lunayatravel.com\/#website"},"primaryImageOfPage":{"@id":"https:\/\/lunayatravel.com\/produit\/%f0%9f%9b%a5%ef%b8%8f-catamaran-a-pattaya-2-iles-coucher-de-soleil\/#primaryimage"},"image":{"@id":"https:\/\/lunayatravel.com\/produit\/%f0%9f%9b%a5%ef%b8%8f-catamaran-a-pattaya-2-iles-coucher-de-soleil\/#primaryimage"},"thumbnailUrl":"https:\/\/lunayatravel.com\/wp-content\/uploads\/2025\/08\/9-1.webp","datePublished":"2025-08-05T07:38:47+00:00","dateModified":"2025-08-05T07:38:48+00:00","breadcrumb":{"@id":"https:\/\/lunayatravel.com\/produit\/%f0%9f%9b%a5%ef%b8%8f-catamaran-a-pattaya-2-iles-coucher-de-soleil\/#breadcrumb"},"inLanguage":"en-GB","potentialAction":[{"@type":"ReadAction","target":["https:\/\/lunayatravel.com\/produit\/%f0%9f%9b%a5%ef%b8%8f-catamaran-a-pattaya-2-iles-coucher-de-soleil\/"]}]},{"@type":"ImageObject","inLanguage":"en-GB","@id":"https:\/\/lunayatravel.com\/produit\/%f0%9f%9b%a5%ef%b8%8f-catamaran-a-pattaya-2-iles-coucher-de-soleil\/#primaryimage","url":"https:\/\/lunayatravel.com\/wp-content\/uploads\/2025\/08\/9-1.webp","contentUrl":"https:\/\/lunayatravel.com\/wp-content\/uploads\/2025\/08\/9-1.webp","width":720,"height":540},{"@type":"BreadcrumbList","@id":"https:\/\/lunayatravel.com\/produit\/%f0%9f%9b%a5%ef%b8%8f-catamaran-a-pattaya-2-iles-coucher-de-soleil\/#breadcrumb","itemListElement":[{"@type":"ListItem","position":1,"name":"Accueil","item":"https:\/\/lunayatravel.com\/"},{"@type":"ListItem","position":2,"name":"Nos activit\u00e9s","item":"https:\/\/lunayatravel.com\/nos-activites\/"},{"@type":"ListItem","position":3,"name":"\ud83d\udee5\ufe0f Catamaran \u00e0 Pattaya \u2013 2 \u00eeles + Coucher de soleil"}]},{"@type":"WebSite","@id":"https:\/\/lunayatravel.com\/#website","url":"https:\/\/lunayatravel.com\/","name":"","description":"","publisher":{"@id":"https:\/\/lunayatravel.com\/#organization"},"potentialAction":[{"@type":"SearchAction","target":{"@type":"EntryPoint","urlTemplate":"https:\/\/lunayatravel.com\/?s={search_term_string}"},"query-input":{"@type":"PropertyValueSpecification","valueRequired":true,"valueName":"search_term_string"}}],"inLanguage":"en-GB"},{"@type":"Organization","@id":"https:\/\/lunayatravel.com\/#organization","name":"Lunaya travel","alternateName":"Lunaya travel","url":"https:\/\/lunayatravel.com\/","logo":{"@type":"ImageObject","inLanguage":"en-GB","@id":"https:\/\/lunayatravel.com\/#\/schema\/logo\/image\/","url":"https:\/\/lunayatravel.com\/wp-content\/uploads\/2026\/03\/cropped-647319118_2379115739204013_337015058165053143_n.jpg","contentUrl":"https:\/\/lunayatravel.com\/wp-content\/uploads\/2026\/03\/cropped-647319118_2379115739204013_337015058165053143_n.jpg","width":1022,"height":1023,"caption":"Lunaya travel"},"image":{"@id":"https:\/\/lunayatravel.com\/#\/schema\/logo\/image\/"},"sameAs":["https:\/\/www.facebook.com\/lunayaTravel\/"]}]}},"uagb_featured_image_src":{"full":["https:\/\/lunayatravel.com\/wp-content\/uploads\/2025\/08\/9-1.webp",720,540,false],"thumbnail":["https:\/\/lunayatravel.com\/wp-content\/uploads\/2025\/08\/9-1-150x150.webp",150,150,true],"medium":["https:\/\/lunayatravel.com\/wp-content\/uploads\/2025\/08\/9-1-300x225.webp",300,225,true],"medium_large":["https:\/\/lunayatravel.com\/wp-content\/uploads\/2025\/08\/9-1.webp",720,540,false],"large":["https:\/\/lunayatravel.com\/wp-content\/uploads\/2025\/08\/9-1.webp",720,540,false],"1536x1536":["https:\/\/lunayatravel.com\/wp-content\/uploads\/2025\/08\/9-1.webp",720,540,false],"2048x2048":["https:\/\/lunayatravel.com\/wp-content\/uploads\/2025\/08\/9-1.webp",720,540,false],"trp-custom-language-flag":["https:\/\/lunayatravel.com\/wp-content\/uploads\/2025\/08\/9-1.webp",16,12,false],"widget-thumbnail":["https:\/\/lunayatravel.com\/wp-content\/uploads\/2025\/08\/9-1-75x75.webp",75,75,true],"mailpoet_newsletter_max":["https:\/\/lunayatravel.com\/wp-content\/uploads\/2025\/08\/9-1.webp",720,540,false],"woocommerce_thumbnail":["https:\/\/lunayatravel.com\/wp-content\/uploads\/2025\/08\/9-1-300x300.webp",300,300,true],"woocommerce_single":["https:\/\/lunayatravel.com\/wp-content\/uploads\/2025\/08\/9-1-600x450.webp",600,450,true],"woocommerce_gallery_thumbnail":["https:\/\/lunayatravel.com\/wp-content\/uploads\/2025\/08\/9-1-100x100.webp",100,100,true],"sow-carousel-default":["https:\/\/lunayatravel.com\/wp-content\/uploads\/2025\/08\/9-1-272x182.webp",272,182,true]},"uagb_author_info":{"display_name":"haemers stephanie","author_link":"https:\/\/lunayatravel.com\/en\/author\/"},"uagb_comment_info":0,"uagb_excerpt":"\u26f5 Une journ\u00e9e inoubliable en mer vous attend !Mettez les voiles \u00e0 bord d\u2019un confortable catamaran vers Koh Phai et Koh Rin. Nagez dans des eaux cristallines, faites du snorkeling, testez la p\u00eache ou le paddleboard, ou glissez dans la mer depuis le curseur du flybridge. D\u00e9tente, activit\u00e9s et paysages magnifiques garantis !","jetpack_sharing_enabled":true,"_links":{"self":[{"href":"https:\/\/lunayatravel.com\/en\/wp-json\/wp\/v2\/product\/30537","targetHints":{"allow":["GET"]}}],"collection":[{"href":"https:\/\/lunayatravel.com\/en\/wp-json\/wp\/v2\/product"}],"about":[{"href":"https:\/\/lunayatravel.com\/en\/wp-json\/wp\/v2\/types\/product"}],"replies":[{"embeddable":true,"href":"https:\/\/lunayatravel.com\/en\/wp-json\/wp\/v2\/comments?post=30537"}],"wp:featuredmedia":[{"embeddable":true,"href":"https:\/\/lunayatravel.com\/en\/wp-json\/wp\/v2\/media\/30540"}],"wp:attachment":[{"href":"https:\/\/lunayatravel.com\/en\/wp-json\/wp\/v2\/media?parent=30537"}],"wp:term":[{"taxonomy":"product_brand","embeddable":true,"href":"https:\/\/lunayatravel.com\/en\/wp-json\/wp\/v2\/product_brand?post=30537"},{"taxonomy":"product_cat","embeddable":true,"href":"https:\/\/lunayatravel.com\/en\/wp-json\/wp\/v2\/product_cat?post=30537"},{"taxonomy":"product_tag","embeddable":true,"href":"https:\/\/lunayatravel.com\/en\/wp-json\/wp\/v2\/product_tag?post=30537"}],"curies":[{"name":"wp","href":"https:\/\/api.w.org\/{rel}","templated":true}]}}