{"id":30531,"date":"2025-08-05T09:12:52","date_gmt":"2025-08-05T07:12:52","guid":{"rendered":"https:\/\/itctoursvoyages.com\/?post_type=product&#038;p=30531"},"modified":"2025-08-05T09:12:52","modified_gmt":"2025-08-05T07:12:52","slug":"%f0%9f%8e%a2-ripleys-believe-it-or-not-7-attractions-folles-a-pattaya","status":"publish","type":"product","link":"https:\/\/lunayatravel.com\/en\/product\/%f0%9f%8e%a2-ripleys-believe-it-or-not-7-attractions-folles-a-pattaya\/","title":{"rendered":"\ud83c\udfa2 Ripley's Believe It or Not! - 7 crazy attractions in Pattaya"},"content":{"rendered":"<h3 data-start=\"1046\" data-end=\"1076\">\ud83c\udfa1 Attractions available<\/h3>\n<ul data-start=\"1077\" data-end=\"1345\">\n<li data-start=\"1077\" data-end=\"1123\">\n<p data-start=\"1079\" data-end=\"1123\"><strong data-start=\"1079\" data-end=\"1093\">Odditorium<\/strong> (Museum of strange things)<\/p>\n<\/li>\n<li data-start=\"1124\" data-end=\"1150\">\n<p data-start=\"1126\" data-end=\"1150\"><strong data-start=\"1126\" data-end=\"1148\">Scream in the Dark<\/strong><\/p>\n<\/li>\n<li data-start=\"1151\" data-end=\"1236\">\n<p data-start=\"1153\" data-end=\"1236\"><strong data-start=\"1153\" data-end=\"1174\">Haunted Adventure<\/strong> <em data-start=\"1175\" data-end=\"1234\">(only available with a 5 or 7 attraction ticket)<\/em><\/p>\n<\/li>\n<li data-start=\"1237\" data-end=\"1263\">\n<p data-start=\"1239\" data-end=\"1263\"><strong data-start=\"1239\" data-end=\"1261\">9DX Moving Theatre<\/strong><\/p>\n<\/li>\n<li data-start=\"1264\" data-end=\"1296\">\n<p data-start=\"1266\" data-end=\"1296\"><strong data-start=\"1266\" data-end=\"1294\">Louis Tussaud's Waxworks<\/strong><\/p>\n<\/li>\n<li data-start=\"1297\" data-end=\"1318\">\n<p data-start=\"1299\" data-end=\"1318\"><strong data-start=\"1299\" data-end=\"1316\">Infinity Maze<\/strong><\/p>\n<\/li>\n<li data-start=\"1319\" data-end=\"1345\">\n<p data-start=\"1321\" data-end=\"1345\"><strong data-start=\"1321\" data-end=\"1345\">The Vault Laser Maze<\/strong><\/p>\n<\/li>\n<\/ul>\n<hr data-start=\"1347\" data-end=\"1350\" \/>\n<h3 data-start=\"1352\" data-end=\"1381\">\ud83d\udd52 Opening times<\/h3>\n<p data-start=\"1382\" data-end=\"1417\">Every day from <strong data-start=\"1400\" data-end=\"1417\">11am to 10pm<\/strong><\/p>\n<hr data-start=\"1419\" data-end=\"1422\" \/>\n<h3 data-start=\"1424\" data-end=\"1437\">\ud83d\udce6 Included<\/h3>\n<ul data-start=\"1438\" data-end=\"1633\">\n<li data-start=\"1438\" data-end=\"1505\">\n<p data-start=\"1440\" data-end=\"1505\">Electronic ticket valid for 3, 5 or 7 attractions<\/p>\n<\/li>\n<li data-start=\"1506\" data-end=\"1581\">\n<p data-start=\"1508\" data-end=\"1581\">Sent by e-mail within <strong data-start=\"1534\" data-end=\"1548\">10 minutes<\/strong> during opening hours<\/p>\n<\/li>\n<li data-start=\"1582\" data-end=\"1633\">\n<p data-start=\"1584\" data-end=\"1633\">Direct access with QR code (no need to print)<\/p>\n<\/li>\n<\/ul>\n<hr data-start=\"1635\" data-end=\"1638\" \/>\n<h3 data-start=\"1640\" data-end=\"1655\">\ud83c\udf92 Good to know<\/h3>\n<ul data-start=\"1656\" data-end=\"1832\">\n<li data-start=\"1656\" data-end=\"1717\">\n<p data-start=\"1658\" data-end=\"1717\"><strong data-start=\"1658\" data-end=\"1715\">Must be booked 1 day in advance before 4pm<\/strong><\/p>\n<\/li>\n<li data-start=\"1718\" data-end=\"1775\">\n<p data-start=\"1720\" data-end=\"1775\"><strong data-start=\"1720\" data-end=\"1773\">Non-cancellable \/ non-changeable \/ non-refundable<\/strong><\/p>\n<\/li>\n<li data-start=\"1776\" data-end=\"1832\">\n<p data-start=\"1778\" data-end=\"1832\">Ticket valid only at <strong data-start=\"1809\" data-end=\"1830\">selected date<\/strong><\/p>\n<\/li>\n<\/ul>\n<hr data-start=\"1834\" data-end=\"1837\" \/>\n<h3 data-start=\"1839\" data-end=\"1864\">\ud83d\udc68\u200d\ud83d\udc69\u200d\ud83d\udc67 Child rate<\/h3>\n<ul data-start=\"1865\" data-end=\"1985\">\n<li data-start=\"1865\" data-end=\"1897\">\n<p data-start=\"1867\" data-end=\"1897\"><strong data-start=\"1867\" data-end=\"1887\">Less than 80 cm :<\/strong> free of charge<\/p>\n<\/li>\n<li data-start=\"1898\" data-end=\"1934\">\n<p data-start=\"1900\" data-end=\"1934\"><strong data-start=\"1900\" data-end=\"1919\">Over 80 cm :<\/strong> adult fare<\/p>\n<\/li>\n<li data-start=\"1935\" data-end=\"1985\">\n<p data-start=\"1937\" data-end=\"1985\">Children must be accompanied by an adult<\/p>\n<\/li>\n<\/ul>\n<hr data-start=\"1987\" data-end=\"1990\" \/>\n<h3 data-start=\"1992\" data-end=\"2013\">\ud83d\udccd Location<\/h3>\n<p data-start=\"2014\" data-end=\"2189\"><strong data-start=\"2014\" data-end=\"2053\">Ripley's Believe It or Not! Pattaya<\/strong><br data-start=\"2053\" data-end=\"2056\" \/>\ud83d\udccc 218 Moo 10 Beach Road, Nongprue, Banglamung, Chonburi 20150<br data-start=\"2118\" data-end=\"2121\" \/>\ud83d\udccd Minor Sky Rider Company Limited (in the Royal Garden Plaza)<\/p>","protected":false},"excerpt":{"rendered":"<h3 data-start=\"244\" data-end=\"264\">\ud83c\udfad Description<\/h3>\n<p data-start=\"265\" data-end=\"787\">Immerse yourself in a universe where the bizarre becomes real at <strong data-start=\"321\" data-end=\"360\">Ripley's Believe It or Not! Pattaya<\/strong> !<br data-start=\"362\" data-end=\"365\" \/>Explore up to <strong data-start=\"382\" data-end=\"407\">7 unique attractions<\/strong> in one place, for a strange, funny, thrilling and unforgettable adventure.<br data-start=\"487\" data-end=\"490\" \/>A museum of incredible objects, a haunted house, a 9DX cinema, a laser maze and a Louis Tussauds waxwork... You won't believe your eyes.<\/p>\n<h3 data-start=\"794\" data-end=\"812\">\u2705 Highlights<\/h3>\n<ul data-start=\"813\" data-end=\"1039\">\n<li data-start=\"813\" data-end=\"855\">\n<p data-start=\"815\" data-end=\"855\">A choice of 3, 5 or 7 attractions<\/p>\n<\/li>\n<li data-start=\"856\" data-end=\"896\">\n<p data-start=\"858\" data-end=\"896\">A legendary, world-famous museum<\/p>\n<\/li>\n<li data-start=\"897\" data-end=\"946\">\n<p data-start=\"899\" data-end=\"946\">Ideal for all ages, families and groups<\/p>\n<\/li>\n<li data-start=\"947\" data-end=\"993\">\n<p data-start=\"949\" data-end=\"993\">An immersive, funny and surprising experience<\/p>\n<\/li>\n<li data-start=\"994\" data-end=\"1039\">\n<p data-start=\"996\" data-end=\"1039\">Easy online booking at a reduced price<\/p>\n<\/li>\n<\/ul>","protected":false},"featured_media":30536,"comment_status":"open","ping_status":"closed","template":"","meta":{"_uag_custom_page_level_css":""},"product_brand":[],"product_cat":[66],"product_tag":[],"class_list":{"0":"post-30531","1":"product","2":"type-product","3":"status-publish","4":"has-post-thumbnail","6":"product_cat-pattaya","8":"first","9":"instock","10":"virtual","11":"taxable","12":"purchasable","13":"product-type-simple"},"yoast_head":"<!-- This site is optimized with the Yoast SEO plugin v27.1.1 - https:\/\/yoast.com\/product\/yoast-seo-wordpress\/ -->\n<title>\ud83c\udfa2 Ripley\u2019s Believe It or Not! \u2013 7 attractions folles \u00e0 Pattaya -<\/title>\n<meta name=\"robots\" content=\"index, follow, max-snippet:-1, max-image-preview:large, max-video-preview:-1\" \/>\n<link rel=\"canonical\" href=\"https:\/\/lunayatravel.com\/en\/product\/\ud83c\udfa2-ripleys-believe-it-or-not-7-attractions-folles-a-pattaya\/\" \/>\n<meta property=\"og:locale\" content=\"en_GB\" \/>\n<meta property=\"og:type\" content=\"article\" \/>\n<meta property=\"og:title\" content=\"\ud83c\udfa2 Ripley\u2019s Believe It or Not! \u2013 7 attractions folles \u00e0 Pattaya -\" \/>\n<meta property=\"og:description\" content=\"\ud83c\udfad Description Plongez dans un univers o\u00f9 le bizarre devient r\u00e9el chez Ripley\u2019s Believe It or Not! Pattaya !Explorez jusqu\u2019\u00e0 7 attractions uniques dans un seul lieu, pour une aventure \u00e9trange, dr\u00f4le, palpitante et inoubliable.Mus\u00e9e d\u2019objets incroyables, maison hant\u00e9e, cin\u00e9ma 9DX, labyrinthe laser et cire de Louis Tussaud\u2026 Vous n\u2019en croirez pas vos yeux.  \u2705 Points forts    Acc\u00e8s \u00e0 3, 5 ou 7 attractions au choix    Un mus\u00e9e mythique mondialement connu    Id\u00e9al pour tous les \u00e2ges, familles et groupes    Exp\u00e9rience immersive, dr\u00f4le et surprenante    R\u00e9servation facile en ligne \u00e0 prix r\u00e9duit\" \/>\n<meta property=\"og:url\" content=\"https:\/\/lunayatravel.com\/en\/product\/\ud83c\udfa2-ripleys-believe-it-or-not-7-attractions-folles-a-pattaya\/\" \/>\n<meta property=\"article:publisher\" content=\"https:\/\/www.facebook.com\/lunayaTravel\/\" \/>\n<meta property=\"og:image\" content=\"https:\/\/lunayatravel.com\/wp-content\/uploads\/2025\/08\/01-16.webp\" \/>\n\t<meta property=\"og:image:width\" content=\"720\" \/>\n\t<meta property=\"og:image:height\" content=\"540\" \/>\n\t<meta property=\"og:image:type\" content=\"image\/webp\" \/>\n<meta name=\"twitter:card\" content=\"summary_large_image\" \/>\n<meta name=\"twitter:label1\" content=\"Estimated reading time\" \/>\n\t<meta name=\"twitter:data1\" content=\"1 minute\" \/>\n<script type=\"application\/ld+json\" class=\"yoast-schema-graph\">{\"@context\":\"https:\/\/schema.org\",\"@graph\":[{\"@type\":\"WebPage\",\"@id\":\"https:\/\/lunayatravel.com\/produit\/%f0%9f%8e%a2-ripleys-believe-it-or-not-7-attractions-folles-a-pattaya\/\",\"url\":\"https:\/\/lunayatravel.com\/produit\/%f0%9f%8e%a2-ripleys-believe-it-or-not-7-attractions-folles-a-pattaya\/\",\"name\":\"\ud83c\udfa2 Ripley\u2019s Believe It or Not! \u2013 7 attractions folles \u00e0 Pattaya -\",\"isPartOf\":{\"@id\":\"https:\/\/lunayatravel.com\/#website\"},\"primaryImageOfPage\":{\"@id\":\"https:\/\/lunayatravel.com\/produit\/%f0%9f%8e%a2-ripleys-believe-it-or-not-7-attractions-folles-a-pattaya\/#primaryimage\"},\"image\":{\"@id\":\"https:\/\/lunayatravel.com\/produit\/%f0%9f%8e%a2-ripleys-believe-it-or-not-7-attractions-folles-a-pattaya\/#primaryimage\"},\"thumbnailUrl\":\"https:\/\/lunayatravel.com\/wp-content\/uploads\/2025\/08\/01-16.webp\",\"datePublished\":\"2025-08-05T07:12:52+00:00\",\"breadcrumb\":{\"@id\":\"https:\/\/lunayatravel.com\/produit\/%f0%9f%8e%a2-ripleys-believe-it-or-not-7-attractions-folles-a-pattaya\/#breadcrumb\"},\"inLanguage\":\"en-GB\",\"potentialAction\":[{\"@type\":\"ReadAction\",\"target\":[\"https:\/\/lunayatravel.com\/produit\/%f0%9f%8e%a2-ripleys-believe-it-or-not-7-attractions-folles-a-pattaya\/\"]}]},{\"@type\":\"ImageObject\",\"inLanguage\":\"en-GB\",\"@id\":\"https:\/\/lunayatravel.com\/produit\/%f0%9f%8e%a2-ripleys-believe-it-or-not-7-attractions-folles-a-pattaya\/#primaryimage\",\"url\":\"https:\/\/lunayatravel.com\/wp-content\/uploads\/2025\/08\/01-16.webp\",\"contentUrl\":\"https:\/\/lunayatravel.com\/wp-content\/uploads\/2025\/08\/01-16.webp\",\"width\":720,\"height\":540},{\"@type\":\"BreadcrumbList\",\"@id\":\"https:\/\/lunayatravel.com\/produit\/%f0%9f%8e%a2-ripleys-believe-it-or-not-7-attractions-folles-a-pattaya\/#breadcrumb\",\"itemListElement\":[{\"@type\":\"ListItem\",\"position\":1,\"name\":\"Accueil\",\"item\":\"https:\/\/lunayatravel.com\/\"},{\"@type\":\"ListItem\",\"position\":2,\"name\":\"Nos activit\u00e9s\",\"item\":\"https:\/\/lunayatravel.com\/nos-activites\/\"},{\"@type\":\"ListItem\",\"position\":3,\"name\":\"\ud83c\udfa2 Ripley\u2019s Believe It or Not! \u2013 7 attractions folles \u00e0 Pattaya\"}]},{\"@type\":\"WebSite\",\"@id\":\"https:\/\/lunayatravel.com\/#website\",\"url\":\"https:\/\/lunayatravel.com\/\",\"name\":\"\",\"description\":\"\",\"publisher\":{\"@id\":\"https:\/\/lunayatravel.com\/#organization\"},\"potentialAction\":[{\"@type\":\"SearchAction\",\"target\":{\"@type\":\"EntryPoint\",\"urlTemplate\":\"https:\/\/lunayatravel.com\/?s={search_term_string}\"},\"query-input\":{\"@type\":\"PropertyValueSpecification\",\"valueRequired\":true,\"valueName\":\"search_term_string\"}}],\"inLanguage\":\"en-GB\"},{\"@type\":\"Organization\",\"@id\":\"https:\/\/lunayatravel.com\/#organization\",\"name\":\"Lunaya travel\",\"alternateName\":\"Lunaya travel\",\"url\":\"https:\/\/lunayatravel.com\/\",\"logo\":{\"@type\":\"ImageObject\",\"inLanguage\":\"en-GB\",\"@id\":\"https:\/\/lunayatravel.com\/#\/schema\/logo\/image\/\",\"url\":\"https:\/\/lunayatravel.com\/wp-content\/uploads\/2026\/03\/cropped-647319118_2379115739204013_337015058165053143_n.jpg\",\"contentUrl\":\"https:\/\/lunayatravel.com\/wp-content\/uploads\/2026\/03\/cropped-647319118_2379115739204013_337015058165053143_n.jpg\",\"width\":1022,\"height\":1023,\"caption\":\"Lunaya travel\"},\"image\":{\"@id\":\"https:\/\/lunayatravel.com\/#\/schema\/logo\/image\/\"},\"sameAs\":[\"https:\/\/www.facebook.com\/lunayaTravel\/\"]}]}<\/script>\n<!-- \/ Yoast SEO plugin. -->","yoast_head_json":{"title":"\ud83c\udfa2 Ripley\u2019s Believe It or Not! \u2013 7 attractions folles \u00e0 Pattaya -","robots":{"index":"index","follow":"follow","max-snippet":"max-snippet:-1","max-image-preview":"max-image-preview:large","max-video-preview":"max-video-preview:-1"},"canonical":"https:\/\/lunayatravel.com\/en\/product\/\ud83c\udfa2-ripleys-believe-it-or-not-7-attractions-folles-a-pattaya\/","og_locale":"en_GB","og_type":"article","og_title":"\ud83c\udfa2 Ripley\u2019s Believe It or Not! \u2013 7 attractions folles \u00e0 Pattaya -","og_description":"\ud83c\udfad Description Plongez dans un univers o\u00f9 le bizarre devient r\u00e9el chez Ripley\u2019s Believe It or Not! Pattaya !Explorez jusqu\u2019\u00e0 7 attractions uniques dans un seul lieu, pour une aventure \u00e9trange, dr\u00f4le, palpitante et inoubliable.Mus\u00e9e d\u2019objets incroyables, maison hant\u00e9e, cin\u00e9ma 9DX, labyrinthe laser et cire de Louis Tussaud\u2026 Vous n\u2019en croirez pas vos yeux.  \u2705 Points forts    Acc\u00e8s \u00e0 3, 5 ou 7 attractions au choix    Un mus\u00e9e mythique mondialement connu    Id\u00e9al pour tous les \u00e2ges, familles et groupes    Exp\u00e9rience immersive, dr\u00f4le et surprenante    R\u00e9servation facile en ligne \u00e0 prix r\u00e9duit","og_url":"https:\/\/lunayatravel.com\/en\/product\/\ud83c\udfa2-ripleys-believe-it-or-not-7-attractions-folles-a-pattaya\/","article_publisher":"https:\/\/www.facebook.com\/lunayaTravel\/","og_image":[{"width":720,"height":540,"url":"https:\/\/lunayatravel.com\/wp-content\/uploads\/2025\/08\/01-16.webp","type":"image\/webp"}],"twitter_card":"summary_large_image","twitter_misc":{"Estimated reading time":"1 minute"},"schema":{"@context":"https:\/\/schema.org","@graph":[{"@type":"WebPage","@id":"https:\/\/lunayatravel.com\/produit\/%f0%9f%8e%a2-ripleys-believe-it-or-not-7-attractions-folles-a-pattaya\/","url":"https:\/\/lunayatravel.com\/produit\/%f0%9f%8e%a2-ripleys-believe-it-or-not-7-attractions-folles-a-pattaya\/","name":"\ud83c\udfa2 Ripley\u2019s Believe It or Not! \u2013 7 attractions folles \u00e0 Pattaya -","isPartOf":{"@id":"https:\/\/lunayatravel.com\/#website"},"primaryImageOfPage":{"@id":"https:\/\/lunayatravel.com\/produit\/%f0%9f%8e%a2-ripleys-believe-it-or-not-7-attractions-folles-a-pattaya\/#primaryimage"},"image":{"@id":"https:\/\/lunayatravel.com\/produit\/%f0%9f%8e%a2-ripleys-believe-it-or-not-7-attractions-folles-a-pattaya\/#primaryimage"},"thumbnailUrl":"https:\/\/lunayatravel.com\/wp-content\/uploads\/2025\/08\/01-16.webp","datePublished":"2025-08-05T07:12:52+00:00","breadcrumb":{"@id":"https:\/\/lunayatravel.com\/produit\/%f0%9f%8e%a2-ripleys-believe-it-or-not-7-attractions-folles-a-pattaya\/#breadcrumb"},"inLanguage":"en-GB","potentialAction":[{"@type":"ReadAction","target":["https:\/\/lunayatravel.com\/produit\/%f0%9f%8e%a2-ripleys-believe-it-or-not-7-attractions-folles-a-pattaya\/"]}]},{"@type":"ImageObject","inLanguage":"en-GB","@id":"https:\/\/lunayatravel.com\/produit\/%f0%9f%8e%a2-ripleys-believe-it-or-not-7-attractions-folles-a-pattaya\/#primaryimage","url":"https:\/\/lunayatravel.com\/wp-content\/uploads\/2025\/08\/01-16.webp","contentUrl":"https:\/\/lunayatravel.com\/wp-content\/uploads\/2025\/08\/01-16.webp","width":720,"height":540},{"@type":"BreadcrumbList","@id":"https:\/\/lunayatravel.com\/produit\/%f0%9f%8e%a2-ripleys-believe-it-or-not-7-attractions-folles-a-pattaya\/#breadcrumb","itemListElement":[{"@type":"ListItem","position":1,"name":"Accueil","item":"https:\/\/lunayatravel.com\/"},{"@type":"ListItem","position":2,"name":"Nos activit\u00e9s","item":"https:\/\/lunayatravel.com\/nos-activites\/"},{"@type":"ListItem","position":3,"name":"\ud83c\udfa2 Ripley\u2019s Believe It or Not! \u2013 7 attractions folles \u00e0 Pattaya"}]},{"@type":"WebSite","@id":"https:\/\/lunayatravel.com\/#website","url":"https:\/\/lunayatravel.com\/","name":"","description":"","publisher":{"@id":"https:\/\/lunayatravel.com\/#organization"},"potentialAction":[{"@type":"SearchAction","target":{"@type":"EntryPoint","urlTemplate":"https:\/\/lunayatravel.com\/?s={search_term_string}"},"query-input":{"@type":"PropertyValueSpecification","valueRequired":true,"valueName":"search_term_string"}}],"inLanguage":"en-GB"},{"@type":"Organization","@id":"https:\/\/lunayatravel.com\/#organization","name":"Lunaya travel","alternateName":"Lunaya travel","url":"https:\/\/lunayatravel.com\/","logo":{"@type":"ImageObject","inLanguage":"en-GB","@id":"https:\/\/lunayatravel.com\/#\/schema\/logo\/image\/","url":"https:\/\/lunayatravel.com\/wp-content\/uploads\/2026\/03\/cropped-647319118_2379115739204013_337015058165053143_n.jpg","contentUrl":"https:\/\/lunayatravel.com\/wp-content\/uploads\/2026\/03\/cropped-647319118_2379115739204013_337015058165053143_n.jpg","width":1022,"height":1023,"caption":"Lunaya travel"},"image":{"@id":"https:\/\/lunayatravel.com\/#\/schema\/logo\/image\/"},"sameAs":["https:\/\/www.facebook.com\/lunayaTravel\/"]}]}},"uagb_featured_image_src":{"full":["https:\/\/lunayatravel.com\/wp-content\/uploads\/2025\/08\/01-16.webp",720,540,false],"thumbnail":["https:\/\/lunayatravel.com\/wp-content\/uploads\/2025\/08\/01-16-150x150.webp",150,150,true],"medium":["https:\/\/lunayatravel.com\/wp-content\/uploads\/2025\/08\/01-16-300x225.webp",300,225,true],"medium_large":["https:\/\/lunayatravel.com\/wp-content\/uploads\/2025\/08\/01-16.webp",720,540,false],"large":["https:\/\/lunayatravel.com\/wp-content\/uploads\/2025\/08\/01-16.webp",720,540,false],"1536x1536":["https:\/\/lunayatravel.com\/wp-content\/uploads\/2025\/08\/01-16.webp",720,540,false],"2048x2048":["https:\/\/lunayatravel.com\/wp-content\/uploads\/2025\/08\/01-16.webp",720,540,false],"trp-custom-language-flag":["https:\/\/lunayatravel.com\/wp-content\/uploads\/2025\/08\/01-16.webp",16,12,false],"widget-thumbnail":["https:\/\/lunayatravel.com\/wp-content\/uploads\/2025\/08\/01-16-75x75.webp",75,75,true],"mailpoet_newsletter_max":["https:\/\/lunayatravel.com\/wp-content\/uploads\/2025\/08\/01-16.webp",720,540,false],"woocommerce_thumbnail":["https:\/\/lunayatravel.com\/wp-content\/uploads\/2025\/08\/01-16-300x300.webp",300,300,true],"woocommerce_single":["https:\/\/lunayatravel.com\/wp-content\/uploads\/2025\/08\/01-16-600x450.webp",600,450,true],"woocommerce_gallery_thumbnail":["https:\/\/lunayatravel.com\/wp-content\/uploads\/2025\/08\/01-16-100x100.webp",100,100,true],"sow-carousel-default":["https:\/\/lunayatravel.com\/wp-content\/uploads\/2025\/08\/01-16-272x182.webp",272,182,true]},"uagb_author_info":{"display_name":"haemers stephanie","author_link":"https:\/\/lunayatravel.com\/en\/author\/"},"uagb_comment_info":0,"uagb_excerpt":"\ud83c\udfad Description Plongez dans un univers o\u00f9 le bizarre devient r\u00e9el chez Ripley\u2019s Believe It or Not! Pattaya !Explorez jusqu\u2019\u00e0 7 attractions uniques dans un seul lieu, pour une aventure \u00e9trange, dr\u00f4le, palpitante et inoubliable.Mus\u00e9e d\u2019objets incroyables, maison hant\u00e9e, cin\u00e9ma 9DX, labyrinthe laser et cire de Louis Tussaud\u2026 Vous n\u2019en croirez pas vos yeux. \u2705&hellip;","jetpack_sharing_enabled":true,"_links":{"self":[{"href":"https:\/\/lunayatravel.com\/en\/wp-json\/wp\/v2\/product\/30531","targetHints":{"allow":["GET"]}}],"collection":[{"href":"https:\/\/lunayatravel.com\/en\/wp-json\/wp\/v2\/product"}],"about":[{"href":"https:\/\/lunayatravel.com\/en\/wp-json\/wp\/v2\/types\/product"}],"replies":[{"embeddable":true,"href":"https:\/\/lunayatravel.com\/en\/wp-json\/wp\/v2\/comments?post=30531"}],"wp:featuredmedia":[{"embeddable":true,"href":"https:\/\/lunayatravel.com\/en\/wp-json\/wp\/v2\/media\/30536"}],"wp:attachment":[{"href":"https:\/\/lunayatravel.com\/en\/wp-json\/wp\/v2\/media?parent=30531"}],"wp:term":[{"taxonomy":"product_brand","embeddable":true,"href":"https:\/\/lunayatravel.com\/en\/wp-json\/wp\/v2\/product_brand?post=30531"},{"taxonomy":"product_cat","embeddable":true,"href":"https:\/\/lunayatravel.com\/en\/wp-json\/wp\/v2\/product_cat?post=30531"},{"taxonomy":"product_tag","embeddable":true,"href":"https:\/\/lunayatravel.com\/en\/wp-json\/wp\/v2\/product_tag?post=30531"}],"curies":[{"name":"wp","href":"https:\/\/api.w.org\/{rel}","templated":true}]}}