{"id":30524,"date":"2025-08-05T09:08:25","date_gmt":"2025-08-05T07:08:25","guid":{"rendered":"https:\/\/itctoursvoyages.com\/?post_type=product&#038;p=30524"},"modified":"2025-08-05T09:08:25","modified_gmt":"2025-08-05T07:08:25","slug":"%f0%9f%90%98-sanctuaire-de-la-jungle-des-elephants-demi-journee-inoubliable-a-pattaya","status":"publish","type":"product","link":"https:\/\/lunayatravel.com\/en\/product\/%f0%9f%90%98-sanctuaire-de-la-jungle-des-elephants-demi-journee-inoubliable-a-pattaya\/","title":{"rendered":"\ud83d\udc18 Elephant Jungle Sanctuary - An unforgettable half-day in Pattaya"},"content":{"rendered":"<h3 data-start=\"1082\" data-end=\"1105\">\ud83d\udccd Typical programme<\/h3>\n<p data-start=\"1106\" data-end=\"1165\"><strong data-start=\"1106\" data-end=\"1117\">Morning:<\/strong> 6.30am - 12.00pm<br data-start=\"1130\" data-end=\"1133\" \/><strong data-start=\"1133\" data-end=\"1149\">Afternoon:<\/strong> 12.30 pm - 6 pm<\/p>\n<div class=\"_tableContainer_16hzy_1\">\n<div class=\"_tableWrapper_16hzy_14 group flex w-fit flex-col-reverse\" tabindex=\"-1\">\n<table class=\"w-fit min-w-(--thread-content-width)\" data-start=\"1167\" data-end=\"1719\">\n<thead data-start=\"1167\" data-end=\"1187\">\n<tr data-start=\"1167\" data-end=\"1187\">\n<th data-start=\"1167\" data-end=\"1175\" data-col-size=\"sm\">Time<\/th>\n<th data-start=\"1175\" data-end=\"1187\" data-col-size=\"md\">Activity<\/th>\n<\/tr>\n<\/thead>\n<tbody data-start=\"1208\" data-end=\"1719\">\n<tr data-start=\"1208\" data-end=\"1266\">\n<td data-start=\"1208\" data-end=\"1223\" data-col-size=\"sm\">6.30 a.m. \/ 12.30 p.m.<\/td>\n<td data-start=\"1223\" data-end=\"1266\" data-col-size=\"md\">Pick-up from your hotel in Pattaya<\/td>\n<\/tr>\n<tr data-start=\"1267\" data-end=\"1333\">\n<td data-start=\"1267\" data-end=\"1282\" data-col-size=\"sm\">7am \/ 1pm<\/td>\n<td data-start=\"1282\" data-end=\"1333\" data-col-size=\"md\">Transfer to the sanctuary (approx. 30-60 mins)<\/td>\n<\/tr>\n<tr data-start=\"1334\" data-end=\"1401\">\n<td data-start=\"1334\" data-end=\"1349\" data-col-size=\"sm\">7.30 a.m. \/ 1.30 p.m.<\/td>\n<td data-start=\"1349\" data-end=\"1401\" data-col-size=\"md\">Welcome snack + information about elephants<\/td>\n<\/tr>\n<tr data-start=\"1402\" data-end=\"1496\">\n<td data-start=\"1402\" data-end=\"1417\" data-col-size=\"sm\">7.45 a.m. \/ 2.00 p.m.<\/td>\n<td data-start=\"1417\" data-end=\"1496\" data-col-size=\"md\">Preparing and distributing food + meeting the elephants<\/td>\n<\/tr>\n<tr data-start=\"1497\" data-end=\"1557\">\n<td data-start=\"1497\" data-end=\"1512\" data-col-size=\"sm\">8.30 am \/ 2.45 pm<\/td>\n<td data-start=\"1512\" data-end=\"1557\" data-col-size=\"md\">Mud spa + swimming with elephants<\/td>\n<\/tr>\n<tr data-start=\"1558\" data-end=\"1620\">\n<td data-start=\"1558\" data-end=\"1573\" data-col-size=\"sm\">9.45 a.m. \/ 3.45 p.m.<\/td>\n<td data-start=\"1573\" data-end=\"1620\" data-col-size=\"md\">Cooking demonstration + Thai meal<\/td>\n<\/tr>\n<tr data-start=\"1621\" data-end=\"1678\">\n<td data-start=\"1621\" data-end=\"1637\" data-col-size=\"sm\">10.30 a.m. \/ 4.30 p.m.<\/td>\n<td data-start=\"1637\" data-end=\"1678\" data-col-size=\"md\">End of the activity and return to the hotel<\/td>\n<\/tr>\n<tr data-start=\"1679\" data-end=\"1719\">\n<td data-start=\"1679\" data-end=\"1695\" data-col-size=\"sm\">12.00 pm \/ 6.00 pm<\/td>\n<td data-start=\"1695\" data-end=\"1719\" data-col-size=\"md\">Drop off at your hotel<\/td>\n<\/tr>\n<\/tbody>\n<\/table>\n<div class=\"sticky end-(--thread-content-margin) h-0 self-end select-none\">\n<div class=\"absolute end-0 flex items-end\"><\/div>\n<\/div>\n<\/div>\n<\/div>\n<hr data-start=\"1721\" data-end=\"1724\" \/>\n<h3 data-start=\"1726\" data-end=\"1739\">\ud83d\udce6 Included<\/h3>\n<ul data-start=\"1740\" data-end=\"1981\">\n<li data-start=\"1740\" data-end=\"1800\">\n<p data-start=\"1742\" data-end=\"1800\">Return transfer from hotels in Pattaya &amp; Jomtien<\/p>\n<\/li>\n<li data-start=\"1801\" data-end=\"1821\">\n<p data-start=\"1803\" data-end=\"1821\">English-speaking guide<\/p>\n<\/li>\n<li data-start=\"1822\" data-end=\"1864\">\n<p data-start=\"1824\" data-end=\"1864\">Photographer + online photos included<\/p>\n<\/li>\n<li data-start=\"1865\" data-end=\"1894\">\n<p data-start=\"1867\" data-end=\"1894\">Food for elephants<\/p>\n<\/li>\n<li data-start=\"1895\" data-end=\"1981\">\n<p data-start=\"1897\" data-end=\"1981\">Snacks, refreshments and Thai meals (vegetarian option available)<\/p>\n<\/li>\n<\/ul>\n<hr data-start=\"1983\" data-end=\"1986\" \/>\n<h3 data-start=\"1988\" data-end=\"2004\">\ud83c\udf92 To be planned<\/h3>\n<ul data-start=\"2005\" data-end=\"2152\">\n<li data-start=\"2005\" data-end=\"2024\">\n<p data-start=\"2007\" data-end=\"2024\">Swimming costumes<\/p>\n<\/li>\n<li data-start=\"2025\" data-end=\"2050\">\n<p data-start=\"2027\" data-end=\"2050\">Spare clothing<\/p>\n<\/li>\n<li data-start=\"2051\" data-end=\"2100\">\n<p data-start=\"2053\" data-end=\"2100\">Hat, sun cream, mosquito spray<\/p>\n<\/li>\n<li data-start=\"2101\" data-end=\"2114\">\n<p data-start=\"2103\" data-end=\"2114\">Towel<\/p>\n<\/li>\n<li data-start=\"2115\" data-end=\"2152\">\n<p data-start=\"2117\" data-end=\"2152\">Comfortable walking shoes<\/p>\n<\/li>\n<\/ul>\n<hr data-start=\"2154\" data-end=\"2157\" \/>\n<h3 data-start=\"2159\" data-end=\"2181\">\u2139\ufe0f Practical information<\/h3>\n<ul data-start=\"2182\" data-end=\"2439\">\n<li data-start=\"2182\" data-end=\"2220\">\n<p data-start=\"2184\" data-end=\"2220\"><strong data-start=\"2184\" data-end=\"2208\">Children aged 0 to 3<\/strong> free of charge<\/p>\n<\/li>\n<li data-start=\"2221\" data-end=\"2265\">\n<p data-start=\"2223\" data-end=\"2265\"><strong data-start=\"2223\" data-end=\"2248\">Children aged 4 to 10<\/strong> reduced rate<\/p>\n<\/li>\n<li data-start=\"2266\" data-end=\"2357\">\n<p data-start=\"2268\" data-end=\"2357\">The voucher is valid until a specific date (see conditions when booking).<\/p>\n<\/li>\n<li data-start=\"2358\" data-end=\"2439\">\n<p data-start=\"2360\" data-end=\"2439\">Please be ready 15 minutes before your hotel pick-up time.<\/p>\n<\/li>\n<\/ul>\n<hr data-start=\"2441\" data-end=\"2444\" \/>\n<h3 data-start=\"2446\" data-end=\"2478\">\ud83d\ude90 Collection area included<\/h3>\n<ul data-start=\"2479\" data-end=\"2513\">\n<li data-start=\"2479\" data-end=\"2495\">\n<p data-start=\"2481\" data-end=\"2495\">Pattaya City<\/p>\n<\/li>\n<li data-start=\"2496\" data-end=\"2513\">\n<p data-start=\"2498\" data-end=\"2513\">Jomtien Beach<\/p>\n<\/li>\n<\/ul>\n<p data-start=\"2515\" data-end=\"2533\"><strong data-start=\"2515\" data-end=\"2529\">Not included<\/strong> :<\/p>\n<ul data-start=\"2534\" data-end=\"2662\">\n<li data-start=\"2534\" data-end=\"2578\">\n<p data-start=\"2536\" data-end=\"2578\">Airbnb accommodation, private villas, jetties<\/p>\n<\/li>\n<li data-start=\"2579\" data-end=\"2662\">\n<p data-start=\"2581\" data-end=\"2662\">Customers arriving from Bangkok: transport to Pattaya to be arranged by you<\/p>\n<\/li>\n<\/ul>","protected":false},"excerpt":{"rendered":"<h3 data-start=\"245\" data-end=\"263\">\ud83c\udf3f Description<\/h3>\n<p data-start=\"264\" data-end=\"758\">Experience a magical half-day at the heart of one of Thailand's most authentic elephant sanctuaries.<br data-start=\"374\" data-end=\"377\" \/>The Elephant Jungle Sanctuary in Pattaya offers a 100 % ethical experience: no shows, no chains, just respect.<br data-start=\"514\" data-end=\"517\" \/>Help prepare their food, bathe them in a mud spa, make paper from their droppings (yes, yes!), and enjoy a delicious traditional Thai meal. An unforgettable experience for all the family!<\/p>\n<hr data-start=\"760\" data-end=\"763\" \/>\n<h3 data-start=\"765\" data-end=\"783\">\u2705 Highlights<\/h3>\n<ul data-start=\"784\" data-end=\"1075\">\n<li data-start=\"784\" data-end=\"831\">\n<p data-start=\"786\" data-end=\"831\">Sanctuary rated 5 stars on TripAdvisor<\/p>\n<\/li>\n<li data-start=\"832\" data-end=\"893\">\n<p data-start=\"834\" data-end=\"893\">Meet, interact and mudbathe with elephants<\/p>\n<\/li>\n<li data-start=\"894\" data-end=\"947\">\n<p data-start=\"896\" data-end=\"947\">Traditional Som-Tam cuisine (papaya salad)<\/p>\n<\/li>\n<li data-start=\"948\" data-end=\"1021\">\n<p data-start=\"950\" data-end=\"1021\">Original workshop: making paper from elephant dung<\/p>\n<\/li>\n<li data-start=\"1022\" data-end=\"1075\">\n<p data-start=\"1024\" data-end=\"1075\">Small group, friendly and respectful atmosphere<\/p>\n<\/li>\n<\/ul>","protected":false},"featured_media":30530,"comment_status":"open","ping_status":"closed","template":"","meta":{"_uag_custom_page_level_css":""},"product_brand":[],"product_cat":[66],"product_tag":[],"class_list":{"0":"post-30524","1":"product","2":"type-product","3":"status-publish","4":"has-post-thumbnail","6":"product_cat-pattaya","8":"first","9":"instock","10":"virtual","11":"taxable","12":"purchasable","13":"product-type-simple"},"yoast_head":"<!-- This site is optimized with the Yoast SEO plugin v27.1.1 - https:\/\/yoast.com\/product\/yoast-seo-wordpress\/ -->\n<title>\ud83d\udc18 Sanctuaire de la Jungle des \u00c9l\u00e9phants \u2013 Demi-journ\u00e9e inoubliable \u00e0 Pattaya -<\/title>\n<meta name=\"robots\" content=\"index, follow, max-snippet:-1, max-image-preview:large, max-video-preview:-1\" \/>\n<link rel=\"canonical\" href=\"https:\/\/lunayatravel.com\/en\/product\/\ud83d\udc18-sanctuaire-de-la-jungle-des-elephants-demi-journee-inoubliable-a-pattaya\/\" \/>\n<meta property=\"og:locale\" content=\"en_GB\" \/>\n<meta property=\"og:type\" content=\"article\" \/>\n<meta property=\"og:title\" content=\"\ud83d\udc18 Sanctuaire de la Jungle des \u00c9l\u00e9phants \u2013 Demi-journ\u00e9e inoubliable \u00e0 Pattaya -\" \/>\n<meta property=\"og:description\" content=\"\ud83c\udf3f Description Vivez une demi-journ\u00e9e magique au c\u0153ur de l\u2019un des sanctuaires d\u2019\u00e9l\u00e9phants les plus authentiques de Tha\u00eflande.L\u2019Elephant Jungle Sanctuary de Pattaya vous propose une exp\u00e9rience 100 % \u00e9thique : aucun spectacle, aucune cha\u00eene, uniquement du respect.Participez \u00e0 la pr\u00e9paration de leur nourriture, baignez-les dans un spa de boue, fabriquez du papier \u00e0 partir de leurs crottes (oui, oui !), et go\u00fbtez \u00e0 un d\u00e9licieux repas tha\u00ef traditionnel. Une exp\u00e9rience inoubliable pour toute la famille !     \u2705 Points forts    Sanctuaire class\u00e9 5 \u00e9toiles sur TripAdvisor    Rencontre, interaction et bain de boue avec les \u00e9l\u00e9phants    Cuisine traditionnelle Som-Tam (salade de papaye)    Atelier original : fabrication de papier \u00e0 base de crottes d\u2019\u00e9l\u00e9phant    Petit groupe, ambiance conviviale et respectueuse\" \/>\n<meta property=\"og:url\" content=\"https:\/\/lunayatravel.com\/en\/product\/\ud83d\udc18-sanctuaire-de-la-jungle-des-elephants-demi-journee-inoubliable-a-pattaya\/\" \/>\n<meta property=\"article:publisher\" content=\"https:\/\/www.facebook.com\/lunayaTravel\/\" \/>\n<meta property=\"og:image\" content=\"https:\/\/lunayatravel.com\/wp-content\/uploads\/2025\/08\/N2.webp\" \/>\n\t<meta property=\"og:image:width\" content=\"720\" \/>\n\t<meta property=\"og:image:height\" content=\"540\" \/>\n\t<meta property=\"og:image:type\" content=\"image\/webp\" \/>\n<meta name=\"twitter:card\" content=\"summary_large_image\" \/>\n<meta name=\"twitter:label1\" content=\"Estimated reading time\" \/>\n\t<meta name=\"twitter:data1\" content=\"1 minute\" \/>\n<script type=\"application\/ld+json\" class=\"yoast-schema-graph\">{\"@context\":\"https:\/\/schema.org\",\"@graph\":[{\"@type\":\"WebPage\",\"@id\":\"https:\/\/lunayatravel.com\/produit\/%f0%9f%90%98-sanctuaire-de-la-jungle-des-elephants-demi-journee-inoubliable-a-pattaya\/\",\"url\":\"https:\/\/lunayatravel.com\/produit\/%f0%9f%90%98-sanctuaire-de-la-jungle-des-elephants-demi-journee-inoubliable-a-pattaya\/\",\"name\":\"\ud83d\udc18 Sanctuaire de la Jungle des \u00c9l\u00e9phants \u2013 Demi-journ\u00e9e inoubliable \u00e0 Pattaya -\",\"isPartOf\":{\"@id\":\"https:\/\/lunayatravel.com\/#website\"},\"primaryImageOfPage\":{\"@id\":\"https:\/\/lunayatravel.com\/produit\/%f0%9f%90%98-sanctuaire-de-la-jungle-des-elephants-demi-journee-inoubliable-a-pattaya\/#primaryimage\"},\"image\":{\"@id\":\"https:\/\/lunayatravel.com\/produit\/%f0%9f%90%98-sanctuaire-de-la-jungle-des-elephants-demi-journee-inoubliable-a-pattaya\/#primaryimage\"},\"thumbnailUrl\":\"https:\/\/lunayatravel.com\/wp-content\/uploads\/2025\/08\/N2.webp\",\"datePublished\":\"2025-08-05T07:08:25+00:00\",\"breadcrumb\":{\"@id\":\"https:\/\/lunayatravel.com\/produit\/%f0%9f%90%98-sanctuaire-de-la-jungle-des-elephants-demi-journee-inoubliable-a-pattaya\/#breadcrumb\"},\"inLanguage\":\"en-GB\",\"potentialAction\":[{\"@type\":\"ReadAction\",\"target\":[\"https:\/\/lunayatravel.com\/produit\/%f0%9f%90%98-sanctuaire-de-la-jungle-des-elephants-demi-journee-inoubliable-a-pattaya\/\"]}]},{\"@type\":\"ImageObject\",\"inLanguage\":\"en-GB\",\"@id\":\"https:\/\/lunayatravel.com\/produit\/%f0%9f%90%98-sanctuaire-de-la-jungle-des-elephants-demi-journee-inoubliable-a-pattaya\/#primaryimage\",\"url\":\"https:\/\/lunayatravel.com\/wp-content\/uploads\/2025\/08\/N2.webp\",\"contentUrl\":\"https:\/\/lunayatravel.com\/wp-content\/uploads\/2025\/08\/N2.webp\",\"width\":720,\"height\":540},{\"@type\":\"BreadcrumbList\",\"@id\":\"https:\/\/lunayatravel.com\/produit\/%f0%9f%90%98-sanctuaire-de-la-jungle-des-elephants-demi-journee-inoubliable-a-pattaya\/#breadcrumb\",\"itemListElement\":[{\"@type\":\"ListItem\",\"position\":1,\"name\":\"Accueil\",\"item\":\"https:\/\/lunayatravel.com\/\"},{\"@type\":\"ListItem\",\"position\":2,\"name\":\"Nos activit\u00e9s\",\"item\":\"https:\/\/lunayatravel.com\/nos-activites\/\"},{\"@type\":\"ListItem\",\"position\":3,\"name\":\"\ud83d\udc18 Sanctuaire de la Jungle des \u00c9l\u00e9phants \u2013 Demi-journ\u00e9e inoubliable \u00e0 Pattaya\"}]},{\"@type\":\"WebSite\",\"@id\":\"https:\/\/lunayatravel.com\/#website\",\"url\":\"https:\/\/lunayatravel.com\/\",\"name\":\"\",\"description\":\"\",\"publisher\":{\"@id\":\"https:\/\/lunayatravel.com\/#organization\"},\"potentialAction\":[{\"@type\":\"SearchAction\",\"target\":{\"@type\":\"EntryPoint\",\"urlTemplate\":\"https:\/\/lunayatravel.com\/?s={search_term_string}\"},\"query-input\":{\"@type\":\"PropertyValueSpecification\",\"valueRequired\":true,\"valueName\":\"search_term_string\"}}],\"inLanguage\":\"en-GB\"},{\"@type\":\"Organization\",\"@id\":\"https:\/\/lunayatravel.com\/#organization\",\"name\":\"Lunaya travel\",\"alternateName\":\"Lunaya travel\",\"url\":\"https:\/\/lunayatravel.com\/\",\"logo\":{\"@type\":\"ImageObject\",\"inLanguage\":\"en-GB\",\"@id\":\"https:\/\/lunayatravel.com\/#\/schema\/logo\/image\/\",\"url\":\"https:\/\/lunayatravel.com\/wp-content\/uploads\/2026\/03\/cropped-647319118_2379115739204013_337015058165053143_n.jpg\",\"contentUrl\":\"https:\/\/lunayatravel.com\/wp-content\/uploads\/2026\/03\/cropped-647319118_2379115739204013_337015058165053143_n.jpg\",\"width\":1022,\"height\":1023,\"caption\":\"Lunaya travel\"},\"image\":{\"@id\":\"https:\/\/lunayatravel.com\/#\/schema\/logo\/image\/\"},\"sameAs\":[\"https:\/\/www.facebook.com\/lunayaTravel\/\"]}]}<\/script>\n<!-- \/ Yoast SEO plugin. -->","yoast_head_json":{"title":"\ud83d\udc18 Sanctuaire de la Jungle des \u00c9l\u00e9phants \u2013 Demi-journ\u00e9e inoubliable \u00e0 Pattaya -","robots":{"index":"index","follow":"follow","max-snippet":"max-snippet:-1","max-image-preview":"max-image-preview:large","max-video-preview":"max-video-preview:-1"},"canonical":"https:\/\/lunayatravel.com\/en\/product\/\ud83d\udc18-sanctuaire-de-la-jungle-des-elephants-demi-journee-inoubliable-a-pattaya\/","og_locale":"en_GB","og_type":"article","og_title":"\ud83d\udc18 Sanctuaire de la Jungle des \u00c9l\u00e9phants \u2013 Demi-journ\u00e9e inoubliable \u00e0 Pattaya -","og_description":"\ud83c\udf3f Description Vivez une demi-journ\u00e9e magique au c\u0153ur de l\u2019un des sanctuaires d\u2019\u00e9l\u00e9phants les plus authentiques de Tha\u00eflande.L\u2019Elephant Jungle Sanctuary de Pattaya vous propose une exp\u00e9rience 100 % \u00e9thique : aucun spectacle, aucune cha\u00eene, uniquement du respect.Participez \u00e0 la pr\u00e9paration de leur nourriture, baignez-les dans un spa de boue, fabriquez du papier \u00e0 partir de leurs crottes (oui, oui !), et go\u00fbtez \u00e0 un d\u00e9licieux repas tha\u00ef traditionnel. Une exp\u00e9rience inoubliable pour toute la famille !     \u2705 Points forts    Sanctuaire class\u00e9 5 \u00e9toiles sur TripAdvisor    Rencontre, interaction et bain de boue avec les \u00e9l\u00e9phants    Cuisine traditionnelle Som-Tam (salade de papaye)    Atelier original : fabrication de papier \u00e0 base de crottes d\u2019\u00e9l\u00e9phant    Petit groupe, ambiance conviviale et respectueuse","og_url":"https:\/\/lunayatravel.com\/en\/product\/\ud83d\udc18-sanctuaire-de-la-jungle-des-elephants-demi-journee-inoubliable-a-pattaya\/","article_publisher":"https:\/\/www.facebook.com\/lunayaTravel\/","og_image":[{"width":720,"height":540,"url":"https:\/\/lunayatravel.com\/wp-content\/uploads\/2025\/08\/N2.webp","type":"image\/webp"}],"twitter_card":"summary_large_image","twitter_misc":{"Estimated reading time":"1 minute"},"schema":{"@context":"https:\/\/schema.org","@graph":[{"@type":"WebPage","@id":"https:\/\/lunayatravel.com\/produit\/%f0%9f%90%98-sanctuaire-de-la-jungle-des-elephants-demi-journee-inoubliable-a-pattaya\/","url":"https:\/\/lunayatravel.com\/produit\/%f0%9f%90%98-sanctuaire-de-la-jungle-des-elephants-demi-journee-inoubliable-a-pattaya\/","name":"\ud83d\udc18 Sanctuaire de la Jungle des \u00c9l\u00e9phants \u2013 Demi-journ\u00e9e inoubliable \u00e0 Pattaya -","isPartOf":{"@id":"https:\/\/lunayatravel.com\/#website"},"primaryImageOfPage":{"@id":"https:\/\/lunayatravel.com\/produit\/%f0%9f%90%98-sanctuaire-de-la-jungle-des-elephants-demi-journee-inoubliable-a-pattaya\/#primaryimage"},"image":{"@id":"https:\/\/lunayatravel.com\/produit\/%f0%9f%90%98-sanctuaire-de-la-jungle-des-elephants-demi-journee-inoubliable-a-pattaya\/#primaryimage"},"thumbnailUrl":"https:\/\/lunayatravel.com\/wp-content\/uploads\/2025\/08\/N2.webp","datePublished":"2025-08-05T07:08:25+00:00","breadcrumb":{"@id":"https:\/\/lunayatravel.com\/produit\/%f0%9f%90%98-sanctuaire-de-la-jungle-des-elephants-demi-journee-inoubliable-a-pattaya\/#breadcrumb"},"inLanguage":"en-GB","potentialAction":[{"@type":"ReadAction","target":["https:\/\/lunayatravel.com\/produit\/%f0%9f%90%98-sanctuaire-de-la-jungle-des-elephants-demi-journee-inoubliable-a-pattaya\/"]}]},{"@type":"ImageObject","inLanguage":"en-GB","@id":"https:\/\/lunayatravel.com\/produit\/%f0%9f%90%98-sanctuaire-de-la-jungle-des-elephants-demi-journee-inoubliable-a-pattaya\/#primaryimage","url":"https:\/\/lunayatravel.com\/wp-content\/uploads\/2025\/08\/N2.webp","contentUrl":"https:\/\/lunayatravel.com\/wp-content\/uploads\/2025\/08\/N2.webp","width":720,"height":540},{"@type":"BreadcrumbList","@id":"https:\/\/lunayatravel.com\/produit\/%f0%9f%90%98-sanctuaire-de-la-jungle-des-elephants-demi-journee-inoubliable-a-pattaya\/#breadcrumb","itemListElement":[{"@type":"ListItem","position":1,"name":"Accueil","item":"https:\/\/lunayatravel.com\/"},{"@type":"ListItem","position":2,"name":"Nos activit\u00e9s","item":"https:\/\/lunayatravel.com\/nos-activites\/"},{"@type":"ListItem","position":3,"name":"\ud83d\udc18 Sanctuaire de la Jungle des \u00c9l\u00e9phants \u2013 Demi-journ\u00e9e inoubliable \u00e0 Pattaya"}]},{"@type":"WebSite","@id":"https:\/\/lunayatravel.com\/#website","url":"https:\/\/lunayatravel.com\/","name":"","description":"","publisher":{"@id":"https:\/\/lunayatravel.com\/#organization"},"potentialAction":[{"@type":"SearchAction","target":{"@type":"EntryPoint","urlTemplate":"https:\/\/lunayatravel.com\/?s={search_term_string}"},"query-input":{"@type":"PropertyValueSpecification","valueRequired":true,"valueName":"search_term_string"}}],"inLanguage":"en-GB"},{"@type":"Organization","@id":"https:\/\/lunayatravel.com\/#organization","name":"Lunaya travel","alternateName":"Lunaya travel","url":"https:\/\/lunayatravel.com\/","logo":{"@type":"ImageObject","inLanguage":"en-GB","@id":"https:\/\/lunayatravel.com\/#\/schema\/logo\/image\/","url":"https:\/\/lunayatravel.com\/wp-content\/uploads\/2026\/03\/cropped-647319118_2379115739204013_337015058165053143_n.jpg","contentUrl":"https:\/\/lunayatravel.com\/wp-content\/uploads\/2026\/03\/cropped-647319118_2379115739204013_337015058165053143_n.jpg","width":1022,"height":1023,"caption":"Lunaya travel"},"image":{"@id":"https:\/\/lunayatravel.com\/#\/schema\/logo\/image\/"},"sameAs":["https:\/\/www.facebook.com\/lunayaTravel\/"]}]}},"uagb_featured_image_src":{"full":["https:\/\/lunayatravel.com\/wp-content\/uploads\/2025\/08\/N2.webp",720,540,false],"thumbnail":["https:\/\/lunayatravel.com\/wp-content\/uploads\/2025\/08\/N2-150x150.webp",150,150,true],"medium":["https:\/\/lunayatravel.com\/wp-content\/uploads\/2025\/08\/N2-300x225.webp",300,225,true],"medium_large":["https:\/\/lunayatravel.com\/wp-content\/uploads\/2025\/08\/N2.webp",720,540,false],"large":["https:\/\/lunayatravel.com\/wp-content\/uploads\/2025\/08\/N2.webp",720,540,false],"1536x1536":["https:\/\/lunayatravel.com\/wp-content\/uploads\/2025\/08\/N2.webp",720,540,false],"2048x2048":["https:\/\/lunayatravel.com\/wp-content\/uploads\/2025\/08\/N2.webp",720,540,false],"trp-custom-language-flag":["https:\/\/lunayatravel.com\/wp-content\/uploads\/2025\/08\/N2.webp",16,12,false],"widget-thumbnail":["https:\/\/lunayatravel.com\/wp-content\/uploads\/2025\/08\/N2-75x75.webp",75,75,true],"mailpoet_newsletter_max":["https:\/\/lunayatravel.com\/wp-content\/uploads\/2025\/08\/N2.webp",720,540,false],"woocommerce_thumbnail":["https:\/\/lunayatravel.com\/wp-content\/uploads\/2025\/08\/N2-300x300.webp",300,300,true],"woocommerce_single":["https:\/\/lunayatravel.com\/wp-content\/uploads\/2025\/08\/N2-600x450.webp",600,450,true],"woocommerce_gallery_thumbnail":["https:\/\/lunayatravel.com\/wp-content\/uploads\/2025\/08\/N2-100x100.webp",100,100,true],"sow-carousel-default":["https:\/\/lunayatravel.com\/wp-content\/uploads\/2025\/08\/N2-272x182.webp",272,182,true]},"uagb_author_info":{"display_name":"haemers stephanie","author_link":"https:\/\/lunayatravel.com\/en\/author\/"},"uagb_comment_info":0,"uagb_excerpt":"\ud83c\udf3f Description Vivez une demi-journ\u00e9e magique au c\u0153ur de l\u2019un des sanctuaires d\u2019\u00e9l\u00e9phants les plus authentiques de Tha\u00eflande.L\u2019Elephant Jungle Sanctuary de Pattaya vous propose une exp\u00e9rience 100 % \u00e9thique : aucun spectacle, aucune cha\u00eene, uniquement du respect.Participez \u00e0 la pr\u00e9paration de leur nourriture, baignez-les dans un spa de boue, fabriquez du papier \u00e0 partir de&hellip;","jetpack_sharing_enabled":true,"_links":{"self":[{"href":"https:\/\/lunayatravel.com\/en\/wp-json\/wp\/v2\/product\/30524","targetHints":{"allow":["GET"]}}],"collection":[{"href":"https:\/\/lunayatravel.com\/en\/wp-json\/wp\/v2\/product"}],"about":[{"href":"https:\/\/lunayatravel.com\/en\/wp-json\/wp\/v2\/types\/product"}],"replies":[{"embeddable":true,"href":"https:\/\/lunayatravel.com\/en\/wp-json\/wp\/v2\/comments?post=30524"}],"wp:featuredmedia":[{"embeddable":true,"href":"https:\/\/lunayatravel.com\/en\/wp-json\/wp\/v2\/media\/30530"}],"wp:attachment":[{"href":"https:\/\/lunayatravel.com\/en\/wp-json\/wp\/v2\/media?parent=30524"}],"wp:term":[{"taxonomy":"product_brand","embeddable":true,"href":"https:\/\/lunayatravel.com\/en\/wp-json\/wp\/v2\/product_brand?post=30524"},{"taxonomy":"product_cat","embeddable":true,"href":"https:\/\/lunayatravel.com\/en\/wp-json\/wp\/v2\/product_cat?post=30524"},{"taxonomy":"product_tag","embeddable":true,"href":"https:\/\/lunayatravel.com\/en\/wp-json\/wp\/v2\/product_tag?post=30524"}],"curies":[{"name":"wp","href":"https:\/\/api.w.org\/{rel}","templated":true}]}}