{"id":30517,"date":"2025-08-05T08:54:27","date_gmt":"2025-08-05T06:54:27","guid":{"rendered":"https:\/\/itctoursvoyages.com\/?post_type=product&#038;p=30517"},"modified":"2025-08-05T08:54:27","modified_gmt":"2025-08-05T06:54:27","slug":"%f0%9f%90%98-sanctuaire-delephants-de-pattaya-excursion-inoubliable-dune-demi-journee","status":"publish","type":"product","link":"https:\/\/lunayatravel.com\/en\/product\/%f0%9f%90%98-sanctuaire-delephants-de-pattaya-excursion-inoubliable-dune-demi-journee\/","title":{"rendered":"\ud83d\udc18 Pattaya Elephant Sanctuary - Unforgettable half-day excursion"},"content":{"rendered":"<h3 data-start=\"1071\" data-end=\"1092\">\ud83d\udccd Typical programme<\/h3>\n<ul data-start=\"1093\" data-end=\"1446\">\n<li data-start=\"1093\" data-end=\"1137\">\n<p data-start=\"1095\" data-end=\"1137\">Pick-up from your hotel by minibus<\/p>\n<\/li>\n<li data-start=\"1138\" data-end=\"1185\">\n<p data-start=\"1140\" data-end=\"1185\">Presentation of the sanctuary and its mission<\/p>\n<\/li>\n<li data-start=\"1186\" data-end=\"1250\">\n<p data-start=\"1188\" data-end=\"1250\">Preparing and distributing food for the elephants<\/p>\n<\/li>\n<li data-start=\"1251\" data-end=\"1297\">\n<p data-start=\"1253\" data-end=\"1297\">Nature walks with elephants<\/p>\n<\/li>\n<li data-start=\"1298\" data-end=\"1369\">\n<p data-start=\"1300\" data-end=\"1369\">Observation in their habitat (bath, mud, natural interactions)<\/p>\n<\/li>\n<li data-start=\"1370\" data-end=\"1391\">\n<p data-start=\"1372\" data-end=\"1391\">Vegetarian buffet<\/p>\n<\/li>\n<li data-start=\"1392\" data-end=\"1421\">\n<p data-start=\"1394\" data-end=\"1421\">Free time at the sanctuary<\/p>\n<\/li>\n<li data-start=\"1422\" data-end=\"1446\">\n<p data-start=\"1424\" data-end=\"1446\">Return to your hotel<\/p>\n<\/li>\n<\/ul>\n<hr data-start=\"1448\" data-end=\"1451\" \/>\n<h3 data-start=\"1453\" data-end=\"1480\">\ud83d\udcc5 Opening times<\/h3>\n<p data-start=\"1481\" data-end=\"1540\"><strong data-start=\"1481\" data-end=\"1492\">Morning:<\/strong> 9.30am - 12.30pm<br data-start=\"1505\" data-end=\"1508\" \/><strong data-start=\"1508\" data-end=\"1524\">Afternoon:<\/strong> 2.00 pm - 5.00 pm<\/p>\n<div class=\"_tableContainer_16hzy_1\">\n<div class=\"_tableWrapper_16hzy_14 group flex w-fit flex-col-reverse\" tabindex=\"-1\">\n<table class=\"w-fit min-w-(--thread-content-width)\" data-start=\"1542\" data-end=\"1920\">\n<thead data-start=\"1542\" data-end=\"1585\">\n<tr data-start=\"1542\" data-end=\"1585\">\n<th data-start=\"1542\" data-end=\"1549\" data-col-size=\"sm\">Zone<\/th>\n<th data-start=\"1549\" data-end=\"1564\" data-col-size=\"sm\">Pickup Matin<\/th>\n<th data-start=\"1564\" data-end=\"1585\" data-col-size=\"sm\">Pickup Afternoon<\/th>\n<\/tr>\n<\/thead>\n<tbody data-start=\"1630\" data-end=\"1920\">\n<tr data-start=\"1630\" data-end=\"1672\">\n<td data-start=\"1630\" data-end=\"1639\" data-col-size=\"sm\">Naklue<\/td>\n<td data-start=\"1639\" data-end=\"1655\" data-col-size=\"sm\">07:00 - 07:20<\/td>\n<td data-start=\"1655\" data-end=\"1672\" data-col-size=\"sm\">11:40 - 12:00<\/td>\n<\/tr>\n<tr data-start=\"1673\" data-end=\"1720\">\n<td data-start=\"1673\" data-end=\"1687\" data-col-size=\"sm\">Pattaya Nue<\/td>\n<td data-start=\"1687\" data-end=\"1703\" data-col-size=\"sm\">07:20 - 07:40<\/td>\n<td data-start=\"1703\" data-end=\"1720\" data-col-size=\"sm\">12:00 - 12:20<\/td>\n<\/tr>\n<tr data-start=\"1721\" data-end=\"1770\">\n<td data-start=\"1721\" data-end=\"1737\" data-col-size=\"sm\">Pattaya Klang<\/td>\n<td data-start=\"1737\" data-end=\"1753\" data-col-size=\"sm\">07:40 - 08:00<\/td>\n<td data-start=\"1753\" data-end=\"1770\" data-col-size=\"sm\">12:20 - 12:40<\/td>\n<\/tr>\n<tr data-start=\"1771\" data-end=\"1830\">\n<td data-start=\"1771\" data-end=\"1797\" data-col-size=\"sm\">Pattaya Tai \/ Pratamnak<\/td>\n<td data-start=\"1797\" data-end=\"1813\" data-col-size=\"sm\">08:00 - 08:20<\/td>\n<td data-start=\"1813\" data-end=\"1830\" data-col-size=\"sm\">12:40 - 13:00<\/td>\n<\/tr>\n<tr data-start=\"1831\" data-end=\"1874\">\n<td data-start=\"1831\" data-end=\"1841\" data-col-size=\"sm\">Jomtien<\/td>\n<td data-start=\"1841\" data-end=\"1857\" data-col-size=\"sm\">08:20 - 08:40<\/td>\n<td data-start=\"1857\" data-end=\"1874\" data-col-size=\"sm\">13:00 - 13:20<\/td>\n<\/tr>\n<tr data-start=\"1875\" data-end=\"1920\">\n<td data-start=\"1875\" data-end=\"1887\" data-col-size=\"sm\">Najomtien<\/td>\n<td data-start=\"1887\" data-end=\"1903\" data-col-size=\"sm\">08:40 - 09:00<\/td>\n<td data-start=\"1903\" data-end=\"1920\" data-col-size=\"sm\">13:20 - 13:30<\/td>\n<\/tr>\n<\/tbody>\n<\/table>\n<div class=\"sticky end-(--thread-content-margin) h-0 self-end select-none\">\n<div class=\"absolute end-0 flex items-end\"><\/div>\n<\/div>\n<\/div>\n<\/div>\n<hr data-start=\"1922\" data-end=\"1925\" \/>\n<h3 data-start=\"1927\" data-end=\"1943\">\ud83c\udf92 To be planned<\/h3>\n<ul data-start=\"1944\" data-end=\"2157\">\n<li data-start=\"1944\" data-end=\"2001\">\n<p data-start=\"1946\" data-end=\"2001\">Photo of your passport (telephone version accepted)<\/p>\n<\/li>\n<li data-start=\"2002\" data-end=\"2044\">\n<p data-start=\"2004\" data-end=\"2044\">Sun cream, hat, mosquito repellent<\/p>\n<\/li>\n<li data-start=\"2045\" data-end=\"2072\">\n<p data-start=\"2047\" data-end=\"2072\">Comfortable shoes<\/p>\n<\/li>\n<li data-start=\"2073\" data-end=\"2103\">\n<p data-start=\"2075\" data-end=\"2103\">Clothes that can get dirty<\/p>\n<\/li>\n<li data-start=\"2104\" data-end=\"2138\">\n<p data-start=\"2106\" data-end=\"2138\">Change of clothes and towel<\/p>\n<\/li>\n<li data-start=\"2139\" data-end=\"2157\">\n<p data-start=\"2141\" data-end=\"2157\">Camera<\/p>\n<\/li>\n<\/ul>","protected":false},"excerpt":{"rendered":"<h3 data-start=\"404\" data-end=\"422\">\ud83c\udf3f Description<\/h3>\n<p data-start=\"423\" data-end=\"876\">Visit a small herd of adorable rescued elephants and experience an unforgettable moment at an ethical and sustainable sanctuary in Pattaya.<br data-start=\"559\" data-end=\"562\" \/>Get to know them, feed them, walk with them in their natural habitat, and watch them take mud baths or play in the water.<br data-start=\"716\" data-end=\"719\" \/>No hooks, no chains, no walks - just respect and love. A perfect experience for families and nature lovers.<\/p>\n<hr data-start=\"878\" data-end=\"881\" \/>\n<h3 data-start=\"883\" data-end=\"906\">\u2705 What's included<\/h3>\n<ul data-start=\"907\" data-end=\"1064\">\n<li data-start=\"907\" data-end=\"962\">\n<p data-start=\"909\" data-end=\"962\">Return transport from your hotel in Pattaya<\/p>\n<\/li>\n<li data-start=\"963\" data-end=\"1004\">\n<p data-start=\"965\" data-end=\"1004\">Qualified English-speaking tour guide<\/p>\n<\/li>\n<li data-start=\"1005\" data-end=\"1064\">\n<p data-start=\"1007\" data-end=\"1064\">Freshly prepared vegetarian buffet lunch or dinner<\/p>\n<\/li>\n<\/ul>","protected":false},"featured_media":30519,"comment_status":"open","ping_status":"closed","template":"","meta":{"_uag_custom_page_level_css":""},"product_brand":[],"product_cat":[66],"product_tag":[],"class_list":{"0":"post-30517","1":"product","2":"type-product","3":"status-publish","4":"has-post-thumbnail","6":"product_cat-pattaya","8":"first","9":"instock","10":"virtual","11":"taxable","12":"purchasable","13":"product-type-simple"},"yoast_head":"<!-- This site is optimized with the Yoast SEO plugin v27.1.1 - https:\/\/yoast.com\/product\/yoast-seo-wordpress\/ -->\n<title>\ud83d\udc18 Sanctuaire d\u2019\u00c9l\u00e9phants de Pattaya \u2013 Excursion inoubliable d\u2019une demi-journ\u00e9e -<\/title>\n<meta name=\"robots\" content=\"index, follow, max-snippet:-1, max-image-preview:large, max-video-preview:-1\" \/>\n<link rel=\"canonical\" href=\"https:\/\/lunayatravel.com\/en\/product\/\ud83d\udc18-sanctuaire-delephants-de-pattaya-excursion-inoubliable-dune-demi-journee\/\" \/>\n<meta property=\"og:locale\" content=\"en_GB\" \/>\n<meta property=\"og:type\" content=\"article\" \/>\n<meta property=\"og:title\" content=\"\ud83d\udc18 Sanctuaire d\u2019\u00c9l\u00e9phants de Pattaya \u2013 Excursion inoubliable d\u2019une demi-journ\u00e9e -\" \/>\n<meta property=\"og:description\" content=\"\ud83c\udf3f Description Visitez un petit troupeau d\u2019adorables \u00e9l\u00e9phants secourus et vivez un moment inoubliable dans un sanctuaire \u00e9thique et durable \u00e0 Pattaya.Apprenez \u00e0 les conna\u00eetre, nourrissez-les, promenez-vous avec eux dans leur habitat naturel, et observez-les prendre des bains de boue ou jouer dans l\u2019eau.Aucun crochet, aucune cha\u00eene, aucune promenade \u2013 uniquement du respect et de l\u2019amour. Une exp\u00e9rience parfaite pour les familles et les amoureux de la nature.     \u2705 Ce qui est inclus    Transport aller-retour depuis votre h\u00f4tel \u00e0 Pattaya    Guide touristique anglophone qualifi\u00e9    D\u00e9jeuner ou d\u00eener buffet v\u00e9g\u00e9tarien fra\u00eechement pr\u00e9par\u00e9\" \/>\n<meta property=\"og:url\" content=\"https:\/\/lunayatravel.com\/en\/product\/\ud83d\udc18-sanctuaire-delephants-de-pattaya-excursion-inoubliable-dune-demi-journee\/\" \/>\n<meta property=\"article:publisher\" content=\"https:\/\/www.facebook.com\/lunayaTravel\/\" \/>\n<meta property=\"og:image\" content=\"https:\/\/lunayatravel.com\/wp-content\/uploads\/2025\/08\/PES8.webp\" \/>\n\t<meta property=\"og:image:width\" content=\"720\" \/>\n\t<meta property=\"og:image:height\" content=\"540\" \/>\n\t<meta property=\"og:image:type\" content=\"image\/webp\" \/>\n<meta name=\"twitter:card\" content=\"summary_large_image\" \/>\n<meta name=\"twitter:label1\" content=\"Estimated reading time\" \/>\n\t<meta name=\"twitter:data1\" content=\"1 minute\" \/>\n<script type=\"application\/ld+json\" class=\"yoast-schema-graph\">{\"@context\":\"https:\/\/schema.org\",\"@graph\":[{\"@type\":\"WebPage\",\"@id\":\"https:\/\/lunayatravel.com\/produit\/%f0%9f%90%98-sanctuaire-delephants-de-pattaya-excursion-inoubliable-dune-demi-journee\/\",\"url\":\"https:\/\/lunayatravel.com\/produit\/%f0%9f%90%98-sanctuaire-delephants-de-pattaya-excursion-inoubliable-dune-demi-journee\/\",\"name\":\"\ud83d\udc18 Sanctuaire d\u2019\u00c9l\u00e9phants de Pattaya \u2013 Excursion inoubliable d\u2019une demi-journ\u00e9e -\",\"isPartOf\":{\"@id\":\"https:\/\/lunayatravel.com\/#website\"},\"primaryImageOfPage\":{\"@id\":\"https:\/\/lunayatravel.com\/produit\/%f0%9f%90%98-sanctuaire-delephants-de-pattaya-excursion-inoubliable-dune-demi-journee\/#primaryimage\"},\"image\":{\"@id\":\"https:\/\/lunayatravel.com\/produit\/%f0%9f%90%98-sanctuaire-delephants-de-pattaya-excursion-inoubliable-dune-demi-journee\/#primaryimage\"},\"thumbnailUrl\":\"https:\/\/lunayatravel.com\/wp-content\/uploads\/2025\/08\/PES8.webp\",\"datePublished\":\"2025-08-05T06:54:27+00:00\",\"breadcrumb\":{\"@id\":\"https:\/\/lunayatravel.com\/produit\/%f0%9f%90%98-sanctuaire-delephants-de-pattaya-excursion-inoubliable-dune-demi-journee\/#breadcrumb\"},\"inLanguage\":\"en-GB\",\"potentialAction\":[{\"@type\":\"ReadAction\",\"target\":[\"https:\/\/lunayatravel.com\/produit\/%f0%9f%90%98-sanctuaire-delephants-de-pattaya-excursion-inoubliable-dune-demi-journee\/\"]}]},{\"@type\":\"ImageObject\",\"inLanguage\":\"en-GB\",\"@id\":\"https:\/\/lunayatravel.com\/produit\/%f0%9f%90%98-sanctuaire-delephants-de-pattaya-excursion-inoubliable-dune-demi-journee\/#primaryimage\",\"url\":\"https:\/\/lunayatravel.com\/wp-content\/uploads\/2025\/08\/PES8.webp\",\"contentUrl\":\"https:\/\/lunayatravel.com\/wp-content\/uploads\/2025\/08\/PES8.webp\",\"width\":720,\"height\":540},{\"@type\":\"BreadcrumbList\",\"@id\":\"https:\/\/lunayatravel.com\/produit\/%f0%9f%90%98-sanctuaire-delephants-de-pattaya-excursion-inoubliable-dune-demi-journee\/#breadcrumb\",\"itemListElement\":[{\"@type\":\"ListItem\",\"position\":1,\"name\":\"Accueil\",\"item\":\"https:\/\/lunayatravel.com\/\"},{\"@type\":\"ListItem\",\"position\":2,\"name\":\"Nos activit\u00e9s\",\"item\":\"https:\/\/lunayatravel.com\/nos-activites\/\"},{\"@type\":\"ListItem\",\"position\":3,\"name\":\"\ud83d\udc18 Sanctuaire d\u2019\u00c9l\u00e9phants de Pattaya \u2013 Excursion inoubliable d\u2019une demi-journ\u00e9e\"}]},{\"@type\":\"WebSite\",\"@id\":\"https:\/\/lunayatravel.com\/#website\",\"url\":\"https:\/\/lunayatravel.com\/\",\"name\":\"\",\"description\":\"\",\"publisher\":{\"@id\":\"https:\/\/lunayatravel.com\/#organization\"},\"potentialAction\":[{\"@type\":\"SearchAction\",\"target\":{\"@type\":\"EntryPoint\",\"urlTemplate\":\"https:\/\/lunayatravel.com\/?s={search_term_string}\"},\"query-input\":{\"@type\":\"PropertyValueSpecification\",\"valueRequired\":true,\"valueName\":\"search_term_string\"}}],\"inLanguage\":\"en-GB\"},{\"@type\":\"Organization\",\"@id\":\"https:\/\/lunayatravel.com\/#organization\",\"name\":\"Lunaya travel\",\"alternateName\":\"Lunaya travel\",\"url\":\"https:\/\/lunayatravel.com\/\",\"logo\":{\"@type\":\"ImageObject\",\"inLanguage\":\"en-GB\",\"@id\":\"https:\/\/lunayatravel.com\/#\/schema\/logo\/image\/\",\"url\":\"https:\/\/lunayatravel.com\/wp-content\/uploads\/2026\/03\/cropped-647319118_2379115739204013_337015058165053143_n.jpg\",\"contentUrl\":\"https:\/\/lunayatravel.com\/wp-content\/uploads\/2026\/03\/cropped-647319118_2379115739204013_337015058165053143_n.jpg\",\"width\":1022,\"height\":1023,\"caption\":\"Lunaya travel\"},\"image\":{\"@id\":\"https:\/\/lunayatravel.com\/#\/schema\/logo\/image\/\"},\"sameAs\":[\"https:\/\/www.facebook.com\/lunayaTravel\/\"]}]}<\/script>\n<!-- \/ Yoast SEO plugin. -->","yoast_head_json":{"title":"\ud83d\udc18 Sanctuaire d\u2019\u00c9l\u00e9phants de Pattaya \u2013 Excursion inoubliable d\u2019une demi-journ\u00e9e -","robots":{"index":"index","follow":"follow","max-snippet":"max-snippet:-1","max-image-preview":"max-image-preview:large","max-video-preview":"max-video-preview:-1"},"canonical":"https:\/\/lunayatravel.com\/en\/product\/\ud83d\udc18-sanctuaire-delephants-de-pattaya-excursion-inoubliable-dune-demi-journee\/","og_locale":"en_GB","og_type":"article","og_title":"\ud83d\udc18 Sanctuaire d\u2019\u00c9l\u00e9phants de Pattaya \u2013 Excursion inoubliable d\u2019une demi-journ\u00e9e -","og_description":"\ud83c\udf3f Description Visitez un petit troupeau d\u2019adorables \u00e9l\u00e9phants secourus et vivez un moment inoubliable dans un sanctuaire \u00e9thique et durable \u00e0 Pattaya.Apprenez \u00e0 les conna\u00eetre, nourrissez-les, promenez-vous avec eux dans leur habitat naturel, et observez-les prendre des bains de boue ou jouer dans l\u2019eau.Aucun crochet, aucune cha\u00eene, aucune promenade \u2013 uniquement du respect et de l\u2019amour. Une exp\u00e9rience parfaite pour les familles et les amoureux de la nature.     \u2705 Ce qui est inclus    Transport aller-retour depuis votre h\u00f4tel \u00e0 Pattaya    Guide touristique anglophone qualifi\u00e9    D\u00e9jeuner ou d\u00eener buffet v\u00e9g\u00e9tarien fra\u00eechement pr\u00e9par\u00e9","og_url":"https:\/\/lunayatravel.com\/en\/product\/\ud83d\udc18-sanctuaire-delephants-de-pattaya-excursion-inoubliable-dune-demi-journee\/","article_publisher":"https:\/\/www.facebook.com\/lunayaTravel\/","og_image":[{"width":720,"height":540,"url":"https:\/\/lunayatravel.com\/wp-content\/uploads\/2025\/08\/PES8.webp","type":"image\/webp"}],"twitter_card":"summary_large_image","twitter_misc":{"Estimated reading time":"1 minute"},"schema":{"@context":"https:\/\/schema.org","@graph":[{"@type":"WebPage","@id":"https:\/\/lunayatravel.com\/produit\/%f0%9f%90%98-sanctuaire-delephants-de-pattaya-excursion-inoubliable-dune-demi-journee\/","url":"https:\/\/lunayatravel.com\/produit\/%f0%9f%90%98-sanctuaire-delephants-de-pattaya-excursion-inoubliable-dune-demi-journee\/","name":"\ud83d\udc18 Sanctuaire d\u2019\u00c9l\u00e9phants de Pattaya \u2013 Excursion inoubliable d\u2019une demi-journ\u00e9e -","isPartOf":{"@id":"https:\/\/lunayatravel.com\/#website"},"primaryImageOfPage":{"@id":"https:\/\/lunayatravel.com\/produit\/%f0%9f%90%98-sanctuaire-delephants-de-pattaya-excursion-inoubliable-dune-demi-journee\/#primaryimage"},"image":{"@id":"https:\/\/lunayatravel.com\/produit\/%f0%9f%90%98-sanctuaire-delephants-de-pattaya-excursion-inoubliable-dune-demi-journee\/#primaryimage"},"thumbnailUrl":"https:\/\/lunayatravel.com\/wp-content\/uploads\/2025\/08\/PES8.webp","datePublished":"2025-08-05T06:54:27+00:00","breadcrumb":{"@id":"https:\/\/lunayatravel.com\/produit\/%f0%9f%90%98-sanctuaire-delephants-de-pattaya-excursion-inoubliable-dune-demi-journee\/#breadcrumb"},"inLanguage":"en-GB","potentialAction":[{"@type":"ReadAction","target":["https:\/\/lunayatravel.com\/produit\/%f0%9f%90%98-sanctuaire-delephants-de-pattaya-excursion-inoubliable-dune-demi-journee\/"]}]},{"@type":"ImageObject","inLanguage":"en-GB","@id":"https:\/\/lunayatravel.com\/produit\/%f0%9f%90%98-sanctuaire-delephants-de-pattaya-excursion-inoubliable-dune-demi-journee\/#primaryimage","url":"https:\/\/lunayatravel.com\/wp-content\/uploads\/2025\/08\/PES8.webp","contentUrl":"https:\/\/lunayatravel.com\/wp-content\/uploads\/2025\/08\/PES8.webp","width":720,"height":540},{"@type":"BreadcrumbList","@id":"https:\/\/lunayatravel.com\/produit\/%f0%9f%90%98-sanctuaire-delephants-de-pattaya-excursion-inoubliable-dune-demi-journee\/#breadcrumb","itemListElement":[{"@type":"ListItem","position":1,"name":"Accueil","item":"https:\/\/lunayatravel.com\/"},{"@type":"ListItem","position":2,"name":"Nos activit\u00e9s","item":"https:\/\/lunayatravel.com\/nos-activites\/"},{"@type":"ListItem","position":3,"name":"\ud83d\udc18 Sanctuaire d\u2019\u00c9l\u00e9phants de Pattaya \u2013 Excursion inoubliable d\u2019une demi-journ\u00e9e"}]},{"@type":"WebSite","@id":"https:\/\/lunayatravel.com\/#website","url":"https:\/\/lunayatravel.com\/","name":"","description":"","publisher":{"@id":"https:\/\/lunayatravel.com\/#organization"},"potentialAction":[{"@type":"SearchAction","target":{"@type":"EntryPoint","urlTemplate":"https:\/\/lunayatravel.com\/?s={search_term_string}"},"query-input":{"@type":"PropertyValueSpecification","valueRequired":true,"valueName":"search_term_string"}}],"inLanguage":"en-GB"},{"@type":"Organization","@id":"https:\/\/lunayatravel.com\/#organization","name":"Lunaya travel","alternateName":"Lunaya travel","url":"https:\/\/lunayatravel.com\/","logo":{"@type":"ImageObject","inLanguage":"en-GB","@id":"https:\/\/lunayatravel.com\/#\/schema\/logo\/image\/","url":"https:\/\/lunayatravel.com\/wp-content\/uploads\/2026\/03\/cropped-647319118_2379115739204013_337015058165053143_n.jpg","contentUrl":"https:\/\/lunayatravel.com\/wp-content\/uploads\/2026\/03\/cropped-647319118_2379115739204013_337015058165053143_n.jpg","width":1022,"height":1023,"caption":"Lunaya travel"},"image":{"@id":"https:\/\/lunayatravel.com\/#\/schema\/logo\/image\/"},"sameAs":["https:\/\/www.facebook.com\/lunayaTravel\/"]}]}},"uagb_featured_image_src":{"full":["https:\/\/lunayatravel.com\/wp-content\/uploads\/2025\/08\/PES8.webp",720,540,false],"thumbnail":["https:\/\/lunayatravel.com\/wp-content\/uploads\/2025\/08\/PES8-150x150.webp",150,150,true],"medium":["https:\/\/lunayatravel.com\/wp-content\/uploads\/2025\/08\/PES8-300x225.webp",300,225,true],"medium_large":["https:\/\/lunayatravel.com\/wp-content\/uploads\/2025\/08\/PES8.webp",720,540,false],"large":["https:\/\/lunayatravel.com\/wp-content\/uploads\/2025\/08\/PES8.webp",720,540,false],"1536x1536":["https:\/\/lunayatravel.com\/wp-content\/uploads\/2025\/08\/PES8.webp",720,540,false],"2048x2048":["https:\/\/lunayatravel.com\/wp-content\/uploads\/2025\/08\/PES8.webp",720,540,false],"trp-custom-language-flag":["https:\/\/lunayatravel.com\/wp-content\/uploads\/2025\/08\/PES8.webp",16,12,false],"widget-thumbnail":["https:\/\/lunayatravel.com\/wp-content\/uploads\/2025\/08\/PES8-75x75.webp",75,75,true],"mailpoet_newsletter_max":["https:\/\/lunayatravel.com\/wp-content\/uploads\/2025\/08\/PES8.webp",720,540,false],"woocommerce_thumbnail":["https:\/\/lunayatravel.com\/wp-content\/uploads\/2025\/08\/PES8-300x300.webp",300,300,true],"woocommerce_single":["https:\/\/lunayatravel.com\/wp-content\/uploads\/2025\/08\/PES8-600x450.webp",600,450,true],"woocommerce_gallery_thumbnail":["https:\/\/lunayatravel.com\/wp-content\/uploads\/2025\/08\/PES8-100x100.webp",100,100,true],"sow-carousel-default":["https:\/\/lunayatravel.com\/wp-content\/uploads\/2025\/08\/PES8-272x182.webp",272,182,true]},"uagb_author_info":{"display_name":"haemers stephanie","author_link":"https:\/\/lunayatravel.com\/en\/author\/"},"uagb_comment_info":0,"uagb_excerpt":"\ud83c\udf3f Description Visitez un petit troupeau d\u2019adorables \u00e9l\u00e9phants secourus et vivez un moment inoubliable dans un sanctuaire \u00e9thique et durable \u00e0 Pattaya.Apprenez \u00e0 les conna\u00eetre, nourrissez-les, promenez-vous avec eux dans leur habitat naturel, et observez-les prendre des bains de boue ou jouer dans l\u2019eau.Aucun crochet, aucune cha\u00eene, aucune promenade \u2013 uniquement du respect et de&hellip;","jetpack_sharing_enabled":true,"_links":{"self":[{"href":"https:\/\/lunayatravel.com\/en\/wp-json\/wp\/v2\/product\/30517","targetHints":{"allow":["GET"]}}],"collection":[{"href":"https:\/\/lunayatravel.com\/en\/wp-json\/wp\/v2\/product"}],"about":[{"href":"https:\/\/lunayatravel.com\/en\/wp-json\/wp\/v2\/types\/product"}],"replies":[{"embeddable":true,"href":"https:\/\/lunayatravel.com\/en\/wp-json\/wp\/v2\/comments?post=30517"}],"wp:featuredmedia":[{"embeddable":true,"href":"https:\/\/lunayatravel.com\/en\/wp-json\/wp\/v2\/media\/30519"}],"wp:attachment":[{"href":"https:\/\/lunayatravel.com\/en\/wp-json\/wp\/v2\/media?parent=30517"}],"wp:term":[{"taxonomy":"product_brand","embeddable":true,"href":"https:\/\/lunayatravel.com\/en\/wp-json\/wp\/v2\/product_brand?post=30517"},{"taxonomy":"product_cat","embeddable":true,"href":"https:\/\/lunayatravel.com\/en\/wp-json\/wp\/v2\/product_cat?post=30517"},{"taxonomy":"product_tag","embeddable":true,"href":"https:\/\/lunayatravel.com\/en\/wp-json\/wp\/v2\/product_tag?post=30517"}],"curies":[{"name":"wp","href":"https:\/\/api.w.org\/{rel}","templated":true}]}}