{"id":30512,"date":"2025-08-05T08:47:02","date_gmt":"2025-08-05T06:47:02","guid":{"rendered":"https:\/\/itctoursvoyages.com\/?post_type=product&#038;p=30512"},"modified":"2025-08-05T08:47:02","modified_gmt":"2025-08-05T06:47:02","slug":"%f0%9f%8c%bf-living-green-elephant-sanctuary-chonburi-depuis-pattaya-ou-bangkok","status":"publish","type":"product","link":"https:\/\/lunayatravel.com\/en\/product\/%f0%9f%8c%bf-living-green-elephant-sanctuary-chonburi-depuis-pattaya-ou-bangkok\/","title":{"rendered":"\ud83c\udf3f Living Green Elephant Sanctuary Chonburi - from Pattaya or Bangkok"},"content":{"rendered":"<h3 data-start=\"949\" data-end=\"983\">\ud83d\uddd3\ufe0f <strong data-start=\"957\" data-end=\"981\">Itinerary (extract)<\/strong><\/h3>\n<p data-start=\"984\" data-end=\"1020\"><strong data-start=\"984\" data-end=\"1018\">Choice of morning or afternoon<\/strong><\/p>\n<ul data-start=\"1021\" data-end=\"1332\">\n<li data-start=\"1021\" data-end=\"1054\">\n<p data-start=\"1023\" data-end=\"1054\">Pick-up from your hotel<\/p>\n<\/li>\n<li data-start=\"1055\" data-end=\"1118\">\n<p data-start=\"1057\" data-end=\"1118\">Welcome at the sanctuary and change of traditional dress<\/p>\n<\/li>\n<li data-start=\"1119\" data-end=\"1163\">\n<p data-start=\"1121\" data-end=\"1163\">Presentation of the sanctuary's mission<\/p>\n<\/li>\n<li data-start=\"1164\" data-end=\"1208\">\n<p data-start=\"1166\" data-end=\"1208\">Feeding and walking with the elephants<\/p>\n<\/li>\n<li data-start=\"1209\" data-end=\"1265\">\n<p data-start=\"1211\" data-end=\"1265\">Panoramic hike and bathing with the elephants<\/p>\n<\/li>\n<li data-start=\"1266\" data-end=\"1297\">\n<p data-start=\"1268\" data-end=\"1297\">Traditional Pad Thai meal<\/p>\n<\/li>\n<li data-start=\"1298\" data-end=\"1332\">\n<p data-start=\"1300\" data-end=\"1332\">Return to Pattaya or Bangkok<\/p>\n<\/li>\n<\/ul>\n<hr data-start=\"1334\" data-end=\"1337\" \/>\n<h3 data-start=\"1339\" data-end=\"1367\">\u2705 <strong data-start=\"1345\" data-end=\"1365\">The price includes<\/strong><\/h3>\n<ul data-start=\"1368\" data-end=\"1503\">\n<li data-start=\"1368\" data-end=\"1409\">\n<p data-start=\"1370\" data-end=\"1409\">Return transfer from Pattaya<\/p>\n<\/li>\n<li data-start=\"1410\" data-end=\"1430\">\n<p data-start=\"1412\" data-end=\"1430\">English-speaking guide<\/p>\n<\/li>\n<li data-start=\"1431\" data-end=\"1444\">\n<p data-start=\"1433\" data-end=\"1444\">Insurance<\/p>\n<\/li>\n<li data-start=\"1445\" data-end=\"1473\">\n<p data-start=\"1447\" data-end=\"1473\">Traditional meal + water<\/p>\n<\/li>\n<li data-start=\"1474\" data-end=\"1503\">\n<p data-start=\"1476\" data-end=\"1503\">Food for elephants<\/p>\n<\/li>\n<\/ul>\n<hr data-start=\"1505\" data-end=\"1508\" \/>\n<h3 data-start=\"1510\" data-end=\"1532\">\ud83e\uddf3 <strong data-start=\"1517\" data-end=\"1530\">What to expect<\/strong><\/h3>\n<ul data-start=\"1533\" data-end=\"1677\">\n<li data-start=\"1533\" data-end=\"1558\">\n<p data-start=\"1535\" data-end=\"1558\">Spare clothing<\/p>\n<\/li>\n<li data-start=\"1559\" data-end=\"1591\">\n<p data-start=\"1561\" data-end=\"1591\">Swimming costume and towel<\/p>\n<\/li>\n<li data-start=\"1592\" data-end=\"1604\">\n<p data-start=\"1594\" data-end=\"1604\">Sandals<\/p>\n<\/li>\n<li data-start=\"1605\" data-end=\"1640\">\n<p data-start=\"1607\" data-end=\"1640\">Sunscreen and mosquito repellent<\/p>\n<\/li>\n<li data-start=\"1641\" data-end=\"1677\">\n<p data-start=\"1643\" data-end=\"1677\">Waterproof (in the rainy season)<\/p>\n<\/li>\n<\/ul>\n<hr data-start=\"1679\" data-end=\"1682\" \/>\n<h3 data-start=\"1684\" data-end=\"1721\">\u2139\ufe0f <strong data-start=\"1691\" data-end=\"1719\">Important information<\/strong><\/h3>\n<ul data-start=\"1722\" data-end=\"1945\">\n<li data-start=\"1722\" data-end=\"1817\">\n<p data-start=\"1724\" data-end=\"1817\">Free pick-up in certain areas. Supplements may apply for remote hotels<\/p>\n<\/li>\n<li data-start=\"1818\" data-end=\"1878\">\n<p data-start=\"1820\" data-end=\"1878\">Times are approximate depending on your location<\/p>\n<\/li>\n<li data-start=\"1879\" data-end=\"1945\">\n<p data-start=\"1881\" data-end=\"1945\">Vehicle: saloon, van or SUV depending on the number of participants<\/p>\n<\/li>\n<\/ul>","protected":false},"excerpt":{"rendered":"<h3 data-start=\"433\" data-end=\"457\">\ud83d\udc18 <strong data-start=\"440\" data-end=\"455\">Description<\/strong><\/h3>\n<p data-start=\"458\" data-end=\"852\">Immerse yourself in an ethical sanctuary in the heart of the green hills of Khao Kheow. The Living Green Elephant Sanctuary invites you to an authentic encounter with elephants in an unspoilt natural setting. Walk alongside them, feed them, bathe with them and discover their world with respect and gentleness. An unforgettable experience of connection, far from mass tourism.<\/p>\n<p data-start=\"854\" data-end=\"942\">With return transfer from Pattaya or Bangkok, local meals and enthusiastic guides.<\/p>","protected":false},"featured_media":30514,"comment_status":"open","ping_status":"closed","template":"","meta":{"_uag_custom_page_level_css":""},"product_brand":[],"product_cat":[66],"product_tag":[],"class_list":{"0":"post-30512","1":"product","2":"type-product","3":"status-publish","4":"has-post-thumbnail","6":"product_cat-pattaya","8":"first","9":"instock","10":"virtual","11":"taxable","12":"purchasable","13":"product-type-simple"},"yoast_head":"<!-- This site is optimized with the Yoast SEO plugin v27.1.1 - https:\/\/yoast.com\/product\/yoast-seo-wordpress\/ -->\n<title>\ud83c\udf3f Living Green Elephant Sanctuary Chonburi \u2013 depuis Pattaya ou Bangkok -<\/title>\n<meta name=\"robots\" content=\"index, follow, max-snippet:-1, max-image-preview:large, max-video-preview:-1\" \/>\n<link rel=\"canonical\" href=\"https:\/\/lunayatravel.com\/en\/product\/\ud83c\udf3f-living-green-elephant-sanctuary-chonburi-depuis-pattaya-ou-bangkok\/\" \/>\n<meta property=\"og:locale\" content=\"en_GB\" \/>\n<meta property=\"og:type\" content=\"article\" \/>\n<meta property=\"og:title\" content=\"\ud83c\udf3f Living Green Elephant Sanctuary Chonburi \u2013 depuis Pattaya ou Bangkok -\" \/>\n<meta property=\"og:description\" content=\"\ud83d\udc18 Description Immergez-vous dans un sanctuaire \u00e9thique au c\u0153ur des collines verdoyantes de Khao Kheow. Le Living Green Elephant Sanctuary vous invite \u00e0 une rencontre authentique avec les \u00e9l\u00e9phants dans un cadre naturel pr\u00e9serv\u00e9. Marchez \u00e0 leurs c\u00f4t\u00e9s, nourrissez-les, baignez-vous avec eux et d\u00e9couvrez leur monde avec respect et douceur. Une exp\u00e9rience inoubliable de connexion, loin du tourisme de masse. Avec transfert aller-retour depuis Pattaya ou Bangkok, repas local et guides passionn\u00e9s.\" \/>\n<meta property=\"og:url\" content=\"https:\/\/lunayatravel.com\/en\/product\/\ud83c\udf3f-living-green-elephant-sanctuary-chonburi-depuis-pattaya-ou-bangkok\/\" \/>\n<meta property=\"article:publisher\" content=\"https:\/\/www.facebook.com\/lunayaTravel\/\" \/>\n<meta property=\"og:image\" content=\"https:\/\/lunayatravel.com\/wp-content\/uploads\/2025\/08\/2-6.webp\" \/>\n\t<meta property=\"og:image:width\" content=\"720\" \/>\n\t<meta property=\"og:image:height\" content=\"540\" \/>\n\t<meta property=\"og:image:type\" content=\"image\/webp\" \/>\n<meta name=\"twitter:card\" content=\"summary_large_image\" \/>\n<meta name=\"twitter:label1\" content=\"Estimated reading time\" \/>\n\t<meta name=\"twitter:data1\" content=\"1 minute\" \/>\n<script type=\"application\/ld+json\" class=\"yoast-schema-graph\">{\"@context\":\"https:\/\/schema.org\",\"@graph\":[{\"@type\":\"WebPage\",\"@id\":\"https:\/\/lunayatravel.com\/produit\/%f0%9f%8c%bf-living-green-elephant-sanctuary-chonburi-depuis-pattaya-ou-bangkok\/\",\"url\":\"https:\/\/lunayatravel.com\/produit\/%f0%9f%8c%bf-living-green-elephant-sanctuary-chonburi-depuis-pattaya-ou-bangkok\/\",\"name\":\"\ud83c\udf3f Living Green Elephant Sanctuary Chonburi \u2013 depuis Pattaya ou Bangkok -\",\"isPartOf\":{\"@id\":\"https:\/\/lunayatravel.com\/#website\"},\"primaryImageOfPage\":{\"@id\":\"https:\/\/lunayatravel.com\/produit\/%f0%9f%8c%bf-living-green-elephant-sanctuary-chonburi-depuis-pattaya-ou-bangkok\/#primaryimage\"},\"image\":{\"@id\":\"https:\/\/lunayatravel.com\/produit\/%f0%9f%8c%bf-living-green-elephant-sanctuary-chonburi-depuis-pattaya-ou-bangkok\/#primaryimage\"},\"thumbnailUrl\":\"https:\/\/lunayatravel.com\/wp-content\/uploads\/2025\/08\/2-6.webp\",\"datePublished\":\"2025-08-05T06:47:02+00:00\",\"breadcrumb\":{\"@id\":\"https:\/\/lunayatravel.com\/produit\/%f0%9f%8c%bf-living-green-elephant-sanctuary-chonburi-depuis-pattaya-ou-bangkok\/#breadcrumb\"},\"inLanguage\":\"en-GB\",\"potentialAction\":[{\"@type\":\"ReadAction\",\"target\":[\"https:\/\/lunayatravel.com\/produit\/%f0%9f%8c%bf-living-green-elephant-sanctuary-chonburi-depuis-pattaya-ou-bangkok\/\"]}]},{\"@type\":\"ImageObject\",\"inLanguage\":\"en-GB\",\"@id\":\"https:\/\/lunayatravel.com\/produit\/%f0%9f%8c%bf-living-green-elephant-sanctuary-chonburi-depuis-pattaya-ou-bangkok\/#primaryimage\",\"url\":\"https:\/\/lunayatravel.com\/wp-content\/uploads\/2025\/08\/2-6.webp\",\"contentUrl\":\"https:\/\/lunayatravel.com\/wp-content\/uploads\/2025\/08\/2-6.webp\",\"width\":720,\"height\":540},{\"@type\":\"BreadcrumbList\",\"@id\":\"https:\/\/lunayatravel.com\/produit\/%f0%9f%8c%bf-living-green-elephant-sanctuary-chonburi-depuis-pattaya-ou-bangkok\/#breadcrumb\",\"itemListElement\":[{\"@type\":\"ListItem\",\"position\":1,\"name\":\"Accueil\",\"item\":\"https:\/\/lunayatravel.com\/\"},{\"@type\":\"ListItem\",\"position\":2,\"name\":\"Nos activit\u00e9s\",\"item\":\"https:\/\/lunayatravel.com\/nos-activites\/\"},{\"@type\":\"ListItem\",\"position\":3,\"name\":\"\ud83c\udf3f Living Green Elephant Sanctuary Chonburi \u2013 depuis Pattaya ou Bangkok\"}]},{\"@type\":\"WebSite\",\"@id\":\"https:\/\/lunayatravel.com\/#website\",\"url\":\"https:\/\/lunayatravel.com\/\",\"name\":\"\",\"description\":\"\",\"publisher\":{\"@id\":\"https:\/\/lunayatravel.com\/#organization\"},\"potentialAction\":[{\"@type\":\"SearchAction\",\"target\":{\"@type\":\"EntryPoint\",\"urlTemplate\":\"https:\/\/lunayatravel.com\/?s={search_term_string}\"},\"query-input\":{\"@type\":\"PropertyValueSpecification\",\"valueRequired\":true,\"valueName\":\"search_term_string\"}}],\"inLanguage\":\"en-GB\"},{\"@type\":\"Organization\",\"@id\":\"https:\/\/lunayatravel.com\/#organization\",\"name\":\"Lunaya travel\",\"alternateName\":\"Lunaya travel\",\"url\":\"https:\/\/lunayatravel.com\/\",\"logo\":{\"@type\":\"ImageObject\",\"inLanguage\":\"en-GB\",\"@id\":\"https:\/\/lunayatravel.com\/#\/schema\/logo\/image\/\",\"url\":\"https:\/\/lunayatravel.com\/wp-content\/uploads\/2026\/03\/cropped-647319118_2379115739204013_337015058165053143_n.jpg\",\"contentUrl\":\"https:\/\/lunayatravel.com\/wp-content\/uploads\/2026\/03\/cropped-647319118_2379115739204013_337015058165053143_n.jpg\",\"width\":1022,\"height\":1023,\"caption\":\"Lunaya travel\"},\"image\":{\"@id\":\"https:\/\/lunayatravel.com\/#\/schema\/logo\/image\/\"},\"sameAs\":[\"https:\/\/www.facebook.com\/lunayaTravel\/\"]}]}<\/script>\n<!-- \/ Yoast SEO plugin. -->","yoast_head_json":{"title":"\ud83c\udf3f Living Green Elephant Sanctuary Chonburi \u2013 depuis Pattaya ou Bangkok -","robots":{"index":"index","follow":"follow","max-snippet":"max-snippet:-1","max-image-preview":"max-image-preview:large","max-video-preview":"max-video-preview:-1"},"canonical":"https:\/\/lunayatravel.com\/en\/product\/\ud83c\udf3f-living-green-elephant-sanctuary-chonburi-depuis-pattaya-ou-bangkok\/","og_locale":"en_GB","og_type":"article","og_title":"\ud83c\udf3f Living Green Elephant Sanctuary Chonburi \u2013 depuis Pattaya ou Bangkok -","og_description":"\ud83d\udc18 Description Immergez-vous dans un sanctuaire \u00e9thique au c\u0153ur des collines verdoyantes de Khao Kheow. Le Living Green Elephant Sanctuary vous invite \u00e0 une rencontre authentique avec les \u00e9l\u00e9phants dans un cadre naturel pr\u00e9serv\u00e9. Marchez \u00e0 leurs c\u00f4t\u00e9s, nourrissez-les, baignez-vous avec eux et d\u00e9couvrez leur monde avec respect et douceur. Une exp\u00e9rience inoubliable de connexion, loin du tourisme de masse. Avec transfert aller-retour depuis Pattaya ou Bangkok, repas local et guides passionn\u00e9s.","og_url":"https:\/\/lunayatravel.com\/en\/product\/\ud83c\udf3f-living-green-elephant-sanctuary-chonburi-depuis-pattaya-ou-bangkok\/","article_publisher":"https:\/\/www.facebook.com\/lunayaTravel\/","og_image":[{"width":720,"height":540,"url":"https:\/\/lunayatravel.com\/wp-content\/uploads\/2025\/08\/2-6.webp","type":"image\/webp"}],"twitter_card":"summary_large_image","twitter_misc":{"Estimated reading time":"1 minute"},"schema":{"@context":"https:\/\/schema.org","@graph":[{"@type":"WebPage","@id":"https:\/\/lunayatravel.com\/produit\/%f0%9f%8c%bf-living-green-elephant-sanctuary-chonburi-depuis-pattaya-ou-bangkok\/","url":"https:\/\/lunayatravel.com\/produit\/%f0%9f%8c%bf-living-green-elephant-sanctuary-chonburi-depuis-pattaya-ou-bangkok\/","name":"\ud83c\udf3f Living Green Elephant Sanctuary Chonburi \u2013 depuis Pattaya ou Bangkok -","isPartOf":{"@id":"https:\/\/lunayatravel.com\/#website"},"primaryImageOfPage":{"@id":"https:\/\/lunayatravel.com\/produit\/%f0%9f%8c%bf-living-green-elephant-sanctuary-chonburi-depuis-pattaya-ou-bangkok\/#primaryimage"},"image":{"@id":"https:\/\/lunayatravel.com\/produit\/%f0%9f%8c%bf-living-green-elephant-sanctuary-chonburi-depuis-pattaya-ou-bangkok\/#primaryimage"},"thumbnailUrl":"https:\/\/lunayatravel.com\/wp-content\/uploads\/2025\/08\/2-6.webp","datePublished":"2025-08-05T06:47:02+00:00","breadcrumb":{"@id":"https:\/\/lunayatravel.com\/produit\/%f0%9f%8c%bf-living-green-elephant-sanctuary-chonburi-depuis-pattaya-ou-bangkok\/#breadcrumb"},"inLanguage":"en-GB","potentialAction":[{"@type":"ReadAction","target":["https:\/\/lunayatravel.com\/produit\/%f0%9f%8c%bf-living-green-elephant-sanctuary-chonburi-depuis-pattaya-ou-bangkok\/"]}]},{"@type":"ImageObject","inLanguage":"en-GB","@id":"https:\/\/lunayatravel.com\/produit\/%f0%9f%8c%bf-living-green-elephant-sanctuary-chonburi-depuis-pattaya-ou-bangkok\/#primaryimage","url":"https:\/\/lunayatravel.com\/wp-content\/uploads\/2025\/08\/2-6.webp","contentUrl":"https:\/\/lunayatravel.com\/wp-content\/uploads\/2025\/08\/2-6.webp","width":720,"height":540},{"@type":"BreadcrumbList","@id":"https:\/\/lunayatravel.com\/produit\/%f0%9f%8c%bf-living-green-elephant-sanctuary-chonburi-depuis-pattaya-ou-bangkok\/#breadcrumb","itemListElement":[{"@type":"ListItem","position":1,"name":"Accueil","item":"https:\/\/lunayatravel.com\/"},{"@type":"ListItem","position":2,"name":"Nos activit\u00e9s","item":"https:\/\/lunayatravel.com\/nos-activites\/"},{"@type":"ListItem","position":3,"name":"\ud83c\udf3f Living Green Elephant Sanctuary Chonburi \u2013 depuis Pattaya ou Bangkok"}]},{"@type":"WebSite","@id":"https:\/\/lunayatravel.com\/#website","url":"https:\/\/lunayatravel.com\/","name":"","description":"","publisher":{"@id":"https:\/\/lunayatravel.com\/#organization"},"potentialAction":[{"@type":"SearchAction","target":{"@type":"EntryPoint","urlTemplate":"https:\/\/lunayatravel.com\/?s={search_term_string}"},"query-input":{"@type":"PropertyValueSpecification","valueRequired":true,"valueName":"search_term_string"}}],"inLanguage":"en-GB"},{"@type":"Organization","@id":"https:\/\/lunayatravel.com\/#organization","name":"Lunaya travel","alternateName":"Lunaya travel","url":"https:\/\/lunayatravel.com\/","logo":{"@type":"ImageObject","inLanguage":"en-GB","@id":"https:\/\/lunayatravel.com\/#\/schema\/logo\/image\/","url":"https:\/\/lunayatravel.com\/wp-content\/uploads\/2026\/03\/cropped-647319118_2379115739204013_337015058165053143_n.jpg","contentUrl":"https:\/\/lunayatravel.com\/wp-content\/uploads\/2026\/03\/cropped-647319118_2379115739204013_337015058165053143_n.jpg","width":1022,"height":1023,"caption":"Lunaya travel"},"image":{"@id":"https:\/\/lunayatravel.com\/#\/schema\/logo\/image\/"},"sameAs":["https:\/\/www.facebook.com\/lunayaTravel\/"]}]}},"uagb_featured_image_src":{"full":["https:\/\/lunayatravel.com\/wp-content\/uploads\/2025\/08\/2-6.webp",720,540,false],"thumbnail":["https:\/\/lunayatravel.com\/wp-content\/uploads\/2025\/08\/2-6-150x150.webp",150,150,true],"medium":["https:\/\/lunayatravel.com\/wp-content\/uploads\/2025\/08\/2-6-300x225.webp",300,225,true],"medium_large":["https:\/\/lunayatravel.com\/wp-content\/uploads\/2025\/08\/2-6.webp",720,540,false],"large":["https:\/\/lunayatravel.com\/wp-content\/uploads\/2025\/08\/2-6.webp",720,540,false],"1536x1536":["https:\/\/lunayatravel.com\/wp-content\/uploads\/2025\/08\/2-6.webp",720,540,false],"2048x2048":["https:\/\/lunayatravel.com\/wp-content\/uploads\/2025\/08\/2-6.webp",720,540,false],"trp-custom-language-flag":["https:\/\/lunayatravel.com\/wp-content\/uploads\/2025\/08\/2-6.webp",16,12,false],"widget-thumbnail":["https:\/\/lunayatravel.com\/wp-content\/uploads\/2025\/08\/2-6-75x75.webp",75,75,true],"mailpoet_newsletter_max":["https:\/\/lunayatravel.com\/wp-content\/uploads\/2025\/08\/2-6.webp",720,540,false],"woocommerce_thumbnail":["https:\/\/lunayatravel.com\/wp-content\/uploads\/2025\/08\/2-6-300x300.webp",300,300,true],"woocommerce_single":["https:\/\/lunayatravel.com\/wp-content\/uploads\/2025\/08\/2-6-600x450.webp",600,450,true],"woocommerce_gallery_thumbnail":["https:\/\/lunayatravel.com\/wp-content\/uploads\/2025\/08\/2-6-100x100.webp",100,100,true],"sow-carousel-default":["https:\/\/lunayatravel.com\/wp-content\/uploads\/2025\/08\/2-6-272x182.webp",272,182,true]},"uagb_author_info":{"display_name":"haemers stephanie","author_link":"https:\/\/lunayatravel.com\/en\/author\/"},"uagb_comment_info":0,"uagb_excerpt":"\ud83d\udc18 Description Immergez-vous dans un sanctuaire \u00e9thique au c\u0153ur des collines verdoyantes de Khao Kheow. Le Living Green Elephant Sanctuary vous invite \u00e0 une rencontre authentique avec les \u00e9l\u00e9phants dans un cadre naturel pr\u00e9serv\u00e9. Marchez \u00e0 leurs c\u00f4t\u00e9s, nourrissez-les, baignez-vous avec eux et d\u00e9couvrez leur monde avec respect et douceur. Une exp\u00e9rience inoubliable de connexion,&hellip;","jetpack_sharing_enabled":true,"_links":{"self":[{"href":"https:\/\/lunayatravel.com\/en\/wp-json\/wp\/v2\/product\/30512","targetHints":{"allow":["GET"]}}],"collection":[{"href":"https:\/\/lunayatravel.com\/en\/wp-json\/wp\/v2\/product"}],"about":[{"href":"https:\/\/lunayatravel.com\/en\/wp-json\/wp\/v2\/types\/product"}],"replies":[{"embeddable":true,"href":"https:\/\/lunayatravel.com\/en\/wp-json\/wp\/v2\/comments?post=30512"}],"wp:featuredmedia":[{"embeddable":true,"href":"https:\/\/lunayatravel.com\/en\/wp-json\/wp\/v2\/media\/30514"}],"wp:attachment":[{"href":"https:\/\/lunayatravel.com\/en\/wp-json\/wp\/v2\/media?parent=30512"}],"wp:term":[{"taxonomy":"product_brand","embeddable":true,"href":"https:\/\/lunayatravel.com\/en\/wp-json\/wp\/v2\/product_brand?post=30512"},{"taxonomy":"product_cat","embeddable":true,"href":"https:\/\/lunayatravel.com\/en\/wp-json\/wp\/v2\/product_cat?post=30512"},{"taxonomy":"product_tag","embeddable":true,"href":"https:\/\/lunayatravel.com\/en\/wp-json\/wp\/v2\/product_tag?post=30512"}],"curies":[{"name":"wp","href":"https:\/\/api.w.org\/{rel}","templated":true}]}}