{"id":30507,"date":"2025-08-03T06:57:55","date_gmt":"2025-08-03T04:57:55","guid":{"rendered":"https:\/\/itctoursvoyages.com\/?post_type=product&#038;p=30507"},"modified":"2025-08-03T06:57:55","modified_gmt":"2025-08-03T04:57:55","slug":"%f0%9f%8f%9d%ef%b8%8f-ile-de-corail-pattaya-koh-larn-excursion-en-hors-bord-sports-nautiques","status":"publish","type":"product","link":"https:\/\/lunayatravel.com\/en\/product\/%f0%9f%8f%9d%ef%b8%8f-ile-de-corail-pattaya-koh-larn-excursion-en-hors-bord-sports-nautiques\/","title":{"rendered":"\ud83c\udfdd\ufe0f Pattaya Coral Island (Koh Larn): speedboat trip + water sports"},"content":{"rendered":"<h3 data-start=\"700\" data-end=\"748\">\ud83c\udfd6\ufe0f <strong data-start=\"708\" data-end=\"746\">Activities included (average duration)<\/strong><\/h3>\n<ul data-start=\"749\" data-end=\"996\">\n<li data-start=\"749\" data-end=\"787\">\n<p data-start=\"751\" data-end=\"787\"><strong data-start=\"751\" data-end=\"777\">Parachute ascension<\/strong> (5 min)<\/p>\n<\/li>\n<li data-start=\"788\" data-end=\"811\">\n<p data-start=\"790\" data-end=\"811\"><strong data-start=\"790\" data-end=\"801\">Jet Ski<\/strong> (4 min)<\/p>\n<\/li>\n<li data-start=\"812\" data-end=\"842\">\n<p data-start=\"814\" data-end=\"842\"><strong data-start=\"814\" data-end=\"829\">Banana Boat<\/strong> (5-10 min)<\/p>\n<\/li>\n<li data-start=\"843\" data-end=\"883\">\n<p data-start=\"845\" data-end=\"883\"><strong data-start=\"845\" data-end=\"862\">Sea walks<\/strong> Koh Sak (25 min)<\/p>\n<\/li>\n<li data-start=\"884\" data-end=\"932\">\n<p data-start=\"886\" data-end=\"932\"><strong data-start=\"886\" data-end=\"900\">Funny Land<\/strong> (1h, shared with snorkelling)<\/p>\n<\/li>\n<li data-start=\"933\" data-end=\"962\">\n<p data-start=\"935\" data-end=\"962\"><strong data-start=\"935\" data-end=\"955\">Freediving<\/strong> (1h)<\/p>\n<\/li>\n<li data-start=\"963\" data-end=\"996\">\n<p data-start=\"965\" data-end=\"996\"><strong data-start=\"965\" data-end=\"980\">Free time<\/strong> Koh Larn (2h)<\/p>\n<\/li>\n<\/ul>\n<hr data-start=\"998\" data-end=\"1001\" \/>\n<h3 data-start=\"1003\" data-end=\"1032\">\ud83c\udf7d\ufe0f <strong data-start=\"1011\" data-end=\"1030\">Lunch included<\/strong><\/h3>\n<ul data-start=\"1033\" data-end=\"1159\">\n<li data-start=\"1033\" data-end=\"1085\">\n<p data-start=\"1035\" data-end=\"1085\">Main course (vegetarian option on request)<\/p>\n<\/li>\n<li data-start=\"1086\" data-end=\"1123\">\n<p data-start=\"1088\" data-end=\"1123\">1 soft drink (on the boat)<\/p>\n<\/li>\n<li data-start=\"1124\" data-end=\"1159\">\n<p data-start=\"1126\" data-end=\"1159\">1 bottle of water (in the restaurant)<\/p>\n<\/li>\n<\/ul>\n<hr data-start=\"1161\" data-end=\"1164\" \/>\n<h3 data-start=\"1166\" data-end=\"1231\">\ud83d\udcc5 <strong data-start=\"1173\" data-end=\"1192\">Typical itinerary<\/strong> <em data-start=\"1193\" data-end=\"1229\">(subject to change according to weather conditions)<\/em><\/h3>\n<ul data-start=\"1232\" data-end=\"1482\">\n<li data-start=\"1232\" data-end=\"1292\">\n<p data-start=\"1234\" data-end=\"1292\">08:00 Pick-up from your hotel (Pattaya only)<\/p>\n<\/li>\n<li data-start=\"1293\" data-end=\"1338\">\n<p data-start=\"1295\" data-end=\"1338\">09:00 Departure from Bali Hai pier<\/p>\n<\/li>\n<li data-start=\"1339\" data-end=\"1378\">\n<p data-start=\"1341\" data-end=\"1378\">09:45 Start of nautical activities<\/p>\n<\/li>\n<li data-start=\"1379\" data-end=\"1397\">\n<p data-start=\"1381\" data-end=\"1397\">12:00 Lunch<\/p>\n<\/li>\n<li data-start=\"1398\" data-end=\"1430\">\n<p data-start=\"1400\" data-end=\"1430\">13:00 Free time on Koh Larn<\/p>\n<\/li>\n<li data-start=\"1431\" data-end=\"1482\">\n<p data-start=\"1433\" data-end=\"1482\">15:20 Return to Pattaya and transfer to your hotel<\/p>\n<\/li>\n<\/ul>\n<hr data-start=\"1484\" data-end=\"1487\" \/>\n<h3 data-start=\"1489\" data-end=\"1518\">\u2705 <strong data-start=\"1495\" data-end=\"1518\">Included in the price<\/strong><\/h3>\n<ul data-start=\"1519\" data-end=\"1678\">\n<li data-start=\"1519\" data-end=\"1560\">\n<p data-start=\"1521\" data-end=\"1560\">Return transfer from Pattaya<\/p>\n<\/li>\n<li data-start=\"1561\" data-end=\"1581\">\n<p data-start=\"1563\" data-end=\"1581\">Full breakfast<\/p>\n<\/li>\n<li data-start=\"1582\" data-end=\"1613\">\n<p data-start=\"1584\" data-end=\"1613\">Using a towel<\/p>\n<\/li>\n<li data-start=\"1614\" data-end=\"1658\">\n<p data-start=\"1616\" data-end=\"1658\">Access to all the activities listed<\/p>\n<\/li>\n<li data-start=\"1659\" data-end=\"1678\">\n<p data-start=\"1661\" data-end=\"1678\">Basic insurance<\/p>\n<\/li>\n<\/ul>\n<hr data-start=\"1680\" data-end=\"1683\" \/>\n<h3 data-start=\"1685\" data-end=\"1716\">\u2757 <strong data-start=\"1691\" data-end=\"1716\">Good to know \/ Not included<\/strong><\/h3>\n<ul data-start=\"1717\" data-end=\"1956\">\n<li data-start=\"1717\" data-end=\"1745\">\n<p data-start=\"1719\" data-end=\"1745\">Additional drinks<\/p>\n<\/li>\n<li data-start=\"1746\" data-end=\"1800\">\n<p data-start=\"1748\" data-end=\"1800\">Baby travel insurance (THB 300 if necessary)<\/p>\n<\/li>\n<li data-start=\"1801\" data-end=\"1890\">\n<p data-start=\"1803\" data-end=\"1890\">Activities reserved for people +120 cm \/ max weight 120 kg for sea walking<\/p>\n<\/li>\n<li data-start=\"1891\" data-end=\"1956\">\n<p data-start=\"1893\" data-end=\"1956\">Pick-up outside Pattaya at extra charge (THB 100-300)<\/p>\n<\/li>\n<\/ul>\n<hr data-start=\"1958\" data-end=\"1961\" \/>\n<h3 data-start=\"1963\" data-end=\"1984\">\ud83e\uddf3 <strong data-start=\"1970\" data-end=\"1984\">To bring<\/strong><\/h3>\n<ul data-start=\"1985\" data-end=\"2070\">\n<li data-start=\"1985\" data-end=\"2004\">\n<p data-start=\"1987\" data-end=\"2004\">Swimming costumes<\/p>\n<\/li>\n<li data-start=\"2005\" data-end=\"2022\">\n<p data-start=\"2007\" data-end=\"2022\">Sun cream<\/p>\n<\/li>\n<li data-start=\"2023\" data-end=\"2044\">\n<p data-start=\"2025\" data-end=\"2044\">Spare clothing<\/p>\n<\/li>\n<li data-start=\"2045\" data-end=\"2070\">\n<p data-start=\"2047\" data-end=\"2070\">A little cash<\/p>\n<\/li>\n<\/ul>","protected":false},"excerpt":{"rendered":"<h3 data-start=\"324\" data-end=\"346\">\ud83d\udcdd <strong data-start=\"331\" data-end=\"346\">Description<\/strong><\/h3>\n<p data-start=\"347\" data-end=\"693\">Explore the enchanting Coral Island (Koh Larn), just 15 minutes by speedboat from Pattaya. Experience a thrilling day combining relaxation and adrenaline: parasailing, banana boat, jet ski, snorkelling, sea walking and Funny Land, a floating mini-park.<br data-start=\"621\" data-end=\"624\" \/>\ud83d\udca1 <em data-start=\"627\" data-end=\"693\">Drone photography temporarily suspended (CAAT regulation)<\/em><\/p>","protected":false},"featured_media":30511,"comment_status":"open","ping_status":"closed","template":"","meta":{"_uag_custom_page_level_css":""},"product_brand":[],"product_cat":[66],"product_tag":[],"class_list":{"0":"post-30507","1":"product","2":"type-product","3":"status-publish","4":"has-post-thumbnail","6":"product_cat-pattaya","8":"first","9":"instock","10":"virtual","11":"taxable","12":"purchasable","13":"product-type-simple"},"yoast_head":"<!-- This site is optimized with the Yoast SEO plugin v27.1.1 - https:\/\/yoast.com\/product\/yoast-seo-wordpress\/ -->\n<title>\ud83c\udfdd\ufe0f \u00cele de corail Pattaya (Koh Larn) : Excursion en hors-bord + sports nautiques -<\/title>\n<meta name=\"robots\" content=\"index, follow, max-snippet:-1, max-image-preview:large, max-video-preview:-1\" \/>\n<link rel=\"canonical\" href=\"https:\/\/lunayatravel.com\/en\/product\/\ud83c\udfdd\ufe0f-ile-de-corail-pattaya-koh-larn-excursion-en-hors-bord-sports-nautiques\/\" \/>\n<meta property=\"og:locale\" content=\"en_GB\" \/>\n<meta property=\"og:type\" content=\"article\" \/>\n<meta property=\"og:title\" content=\"\ud83c\udfdd\ufe0f \u00cele de corail Pattaya (Koh Larn) : Excursion en hors-bord + sports nautiques -\" \/>\n<meta property=\"og:description\" content=\"\ud83d\udcdd Description Explorez l\u2019enchanteresse \u00eele de corail (Koh Larn), \u00e0 seulement 15 minutes en hors-bord de Pattaya. Vivez une journ\u00e9e palpitante m\u00ealant d\u00e9tente et adr\u00e9naline : parachute ascensionnel, banana boat, jet ski, plong\u00e9e en apn\u00e9e, marche en mer et Funny Land, un mini-parc flottant.\ud83d\udca1 Photographie par drone temporairement suspendue (r\u00e8glement CAAT\" \/>\n<meta property=\"og:url\" content=\"https:\/\/lunayatravel.com\/en\/product\/\ud83c\udfdd\ufe0f-ile-de-corail-pattaya-koh-larn-excursion-en-hors-bord-sports-nautiques\/\" \/>\n<meta property=\"article:publisher\" content=\"https:\/\/www.facebook.com\/lunayaTravel\/\" \/>\n<meta property=\"og:image\" content=\"https:\/\/lunayatravel.com\/wp-content\/uploads\/2025\/08\/01_Koh_Larn1.webp\" \/>\n\t<meta property=\"og:image:width\" content=\"720\" \/>\n\t<meta property=\"og:image:height\" content=\"540\" \/>\n\t<meta property=\"og:image:type\" content=\"image\/webp\" \/>\n<meta name=\"twitter:card\" content=\"summary_large_image\" \/>\n<meta name=\"twitter:label1\" content=\"Estimated reading time\" \/>\n\t<meta name=\"twitter:data1\" content=\"1 minute\" \/>\n<script type=\"application\/ld+json\" class=\"yoast-schema-graph\">{\"@context\":\"https:\/\/schema.org\",\"@graph\":[{\"@type\":\"WebPage\",\"@id\":\"https:\/\/lunayatravel.com\/produit\/%f0%9f%8f%9d%ef%b8%8f-ile-de-corail-pattaya-koh-larn-excursion-en-hors-bord-sports-nautiques\/\",\"url\":\"https:\/\/lunayatravel.com\/produit\/%f0%9f%8f%9d%ef%b8%8f-ile-de-corail-pattaya-koh-larn-excursion-en-hors-bord-sports-nautiques\/\",\"name\":\"\ud83c\udfdd\ufe0f \u00cele de corail Pattaya (Koh Larn) : Excursion en hors-bord + sports nautiques -\",\"isPartOf\":{\"@id\":\"https:\/\/lunayatravel.com\/#website\"},\"primaryImageOfPage\":{\"@id\":\"https:\/\/lunayatravel.com\/produit\/%f0%9f%8f%9d%ef%b8%8f-ile-de-corail-pattaya-koh-larn-excursion-en-hors-bord-sports-nautiques\/#primaryimage\"},\"image\":{\"@id\":\"https:\/\/lunayatravel.com\/produit\/%f0%9f%8f%9d%ef%b8%8f-ile-de-corail-pattaya-koh-larn-excursion-en-hors-bord-sports-nautiques\/#primaryimage\"},\"thumbnailUrl\":\"https:\/\/lunayatravel.com\/wp-content\/uploads\/2025\/08\/01_Koh_Larn1.webp\",\"datePublished\":\"2025-08-03T04:57:55+00:00\",\"breadcrumb\":{\"@id\":\"https:\/\/lunayatravel.com\/produit\/%f0%9f%8f%9d%ef%b8%8f-ile-de-corail-pattaya-koh-larn-excursion-en-hors-bord-sports-nautiques\/#breadcrumb\"},\"inLanguage\":\"en-GB\",\"potentialAction\":[{\"@type\":\"ReadAction\",\"target\":[\"https:\/\/lunayatravel.com\/produit\/%f0%9f%8f%9d%ef%b8%8f-ile-de-corail-pattaya-koh-larn-excursion-en-hors-bord-sports-nautiques\/\"]}]},{\"@type\":\"ImageObject\",\"inLanguage\":\"en-GB\",\"@id\":\"https:\/\/lunayatravel.com\/produit\/%f0%9f%8f%9d%ef%b8%8f-ile-de-corail-pattaya-koh-larn-excursion-en-hors-bord-sports-nautiques\/#primaryimage\",\"url\":\"https:\/\/lunayatravel.com\/wp-content\/uploads\/2025\/08\/01_Koh_Larn1.webp\",\"contentUrl\":\"https:\/\/lunayatravel.com\/wp-content\/uploads\/2025\/08\/01_Koh_Larn1.webp\",\"width\":720,\"height\":540},{\"@type\":\"BreadcrumbList\",\"@id\":\"https:\/\/lunayatravel.com\/produit\/%f0%9f%8f%9d%ef%b8%8f-ile-de-corail-pattaya-koh-larn-excursion-en-hors-bord-sports-nautiques\/#breadcrumb\",\"itemListElement\":[{\"@type\":\"ListItem\",\"position\":1,\"name\":\"Accueil\",\"item\":\"https:\/\/lunayatravel.com\/\"},{\"@type\":\"ListItem\",\"position\":2,\"name\":\"Nos activit\u00e9s\",\"item\":\"https:\/\/lunayatravel.com\/nos-activites\/\"},{\"@type\":\"ListItem\",\"position\":3,\"name\":\"\ud83c\udfdd\ufe0f \u00cele de corail Pattaya (Koh Larn) : Excursion en hors-bord + sports nautiques\"}]},{\"@type\":\"WebSite\",\"@id\":\"https:\/\/lunayatravel.com\/#website\",\"url\":\"https:\/\/lunayatravel.com\/\",\"name\":\"\",\"description\":\"\",\"publisher\":{\"@id\":\"https:\/\/lunayatravel.com\/#organization\"},\"potentialAction\":[{\"@type\":\"SearchAction\",\"target\":{\"@type\":\"EntryPoint\",\"urlTemplate\":\"https:\/\/lunayatravel.com\/?s={search_term_string}\"},\"query-input\":{\"@type\":\"PropertyValueSpecification\",\"valueRequired\":true,\"valueName\":\"search_term_string\"}}],\"inLanguage\":\"en-GB\"},{\"@type\":\"Organization\",\"@id\":\"https:\/\/lunayatravel.com\/#organization\",\"name\":\"Lunaya travel\",\"alternateName\":\"Lunaya travel\",\"url\":\"https:\/\/lunayatravel.com\/\",\"logo\":{\"@type\":\"ImageObject\",\"inLanguage\":\"en-GB\",\"@id\":\"https:\/\/lunayatravel.com\/#\/schema\/logo\/image\/\",\"url\":\"https:\/\/lunayatravel.com\/wp-content\/uploads\/2026\/03\/cropped-647319118_2379115739204013_337015058165053143_n.jpg\",\"contentUrl\":\"https:\/\/lunayatravel.com\/wp-content\/uploads\/2026\/03\/cropped-647319118_2379115739204013_337015058165053143_n.jpg\",\"width\":1022,\"height\":1023,\"caption\":\"Lunaya travel\"},\"image\":{\"@id\":\"https:\/\/lunayatravel.com\/#\/schema\/logo\/image\/\"},\"sameAs\":[\"https:\/\/www.facebook.com\/lunayaTravel\/\"]}]}<\/script>\n<!-- \/ Yoast SEO plugin. -->","yoast_head_json":{"title":"\ud83c\udfdd\ufe0f \u00cele de corail Pattaya (Koh Larn) : Excursion en hors-bord + sports nautiques -","robots":{"index":"index","follow":"follow","max-snippet":"max-snippet:-1","max-image-preview":"max-image-preview:large","max-video-preview":"max-video-preview:-1"},"canonical":"https:\/\/lunayatravel.com\/en\/product\/\ud83c\udfdd\ufe0f-ile-de-corail-pattaya-koh-larn-excursion-en-hors-bord-sports-nautiques\/","og_locale":"en_GB","og_type":"article","og_title":"\ud83c\udfdd\ufe0f \u00cele de corail Pattaya (Koh Larn) : Excursion en hors-bord + sports nautiques -","og_description":"\ud83d\udcdd Description Explorez l\u2019enchanteresse \u00eele de corail (Koh Larn), \u00e0 seulement 15 minutes en hors-bord de Pattaya. Vivez une journ\u00e9e palpitante m\u00ealant d\u00e9tente et adr\u00e9naline : parachute ascensionnel, banana boat, jet ski, plong\u00e9e en apn\u00e9e, marche en mer et Funny Land, un mini-parc flottant.\ud83d\udca1 Photographie par drone temporairement suspendue (r\u00e8glement CAAT","og_url":"https:\/\/lunayatravel.com\/en\/product\/\ud83c\udfdd\ufe0f-ile-de-corail-pattaya-koh-larn-excursion-en-hors-bord-sports-nautiques\/","article_publisher":"https:\/\/www.facebook.com\/lunayaTravel\/","og_image":[{"width":720,"height":540,"url":"https:\/\/lunayatravel.com\/wp-content\/uploads\/2025\/08\/01_Koh_Larn1.webp","type":"image\/webp"}],"twitter_card":"summary_large_image","twitter_misc":{"Estimated reading time":"1 minute"},"schema":{"@context":"https:\/\/schema.org","@graph":[{"@type":"WebPage","@id":"https:\/\/lunayatravel.com\/produit\/%f0%9f%8f%9d%ef%b8%8f-ile-de-corail-pattaya-koh-larn-excursion-en-hors-bord-sports-nautiques\/","url":"https:\/\/lunayatravel.com\/produit\/%f0%9f%8f%9d%ef%b8%8f-ile-de-corail-pattaya-koh-larn-excursion-en-hors-bord-sports-nautiques\/","name":"\ud83c\udfdd\ufe0f \u00cele de corail Pattaya (Koh Larn) : Excursion en hors-bord + sports nautiques -","isPartOf":{"@id":"https:\/\/lunayatravel.com\/#website"},"primaryImageOfPage":{"@id":"https:\/\/lunayatravel.com\/produit\/%f0%9f%8f%9d%ef%b8%8f-ile-de-corail-pattaya-koh-larn-excursion-en-hors-bord-sports-nautiques\/#primaryimage"},"image":{"@id":"https:\/\/lunayatravel.com\/produit\/%f0%9f%8f%9d%ef%b8%8f-ile-de-corail-pattaya-koh-larn-excursion-en-hors-bord-sports-nautiques\/#primaryimage"},"thumbnailUrl":"https:\/\/lunayatravel.com\/wp-content\/uploads\/2025\/08\/01_Koh_Larn1.webp","datePublished":"2025-08-03T04:57:55+00:00","breadcrumb":{"@id":"https:\/\/lunayatravel.com\/produit\/%f0%9f%8f%9d%ef%b8%8f-ile-de-corail-pattaya-koh-larn-excursion-en-hors-bord-sports-nautiques\/#breadcrumb"},"inLanguage":"en-GB","potentialAction":[{"@type":"ReadAction","target":["https:\/\/lunayatravel.com\/produit\/%f0%9f%8f%9d%ef%b8%8f-ile-de-corail-pattaya-koh-larn-excursion-en-hors-bord-sports-nautiques\/"]}]},{"@type":"ImageObject","inLanguage":"en-GB","@id":"https:\/\/lunayatravel.com\/produit\/%f0%9f%8f%9d%ef%b8%8f-ile-de-corail-pattaya-koh-larn-excursion-en-hors-bord-sports-nautiques\/#primaryimage","url":"https:\/\/lunayatravel.com\/wp-content\/uploads\/2025\/08\/01_Koh_Larn1.webp","contentUrl":"https:\/\/lunayatravel.com\/wp-content\/uploads\/2025\/08\/01_Koh_Larn1.webp","width":720,"height":540},{"@type":"BreadcrumbList","@id":"https:\/\/lunayatravel.com\/produit\/%f0%9f%8f%9d%ef%b8%8f-ile-de-corail-pattaya-koh-larn-excursion-en-hors-bord-sports-nautiques\/#breadcrumb","itemListElement":[{"@type":"ListItem","position":1,"name":"Accueil","item":"https:\/\/lunayatravel.com\/"},{"@type":"ListItem","position":2,"name":"Nos activit\u00e9s","item":"https:\/\/lunayatravel.com\/nos-activites\/"},{"@type":"ListItem","position":3,"name":"\ud83c\udfdd\ufe0f \u00cele de corail Pattaya (Koh Larn) : Excursion en hors-bord + sports nautiques"}]},{"@type":"WebSite","@id":"https:\/\/lunayatravel.com\/#website","url":"https:\/\/lunayatravel.com\/","name":"","description":"","publisher":{"@id":"https:\/\/lunayatravel.com\/#organization"},"potentialAction":[{"@type":"SearchAction","target":{"@type":"EntryPoint","urlTemplate":"https:\/\/lunayatravel.com\/?s={search_term_string}"},"query-input":{"@type":"PropertyValueSpecification","valueRequired":true,"valueName":"search_term_string"}}],"inLanguage":"en-GB"},{"@type":"Organization","@id":"https:\/\/lunayatravel.com\/#organization","name":"Lunaya travel","alternateName":"Lunaya travel","url":"https:\/\/lunayatravel.com\/","logo":{"@type":"ImageObject","inLanguage":"en-GB","@id":"https:\/\/lunayatravel.com\/#\/schema\/logo\/image\/","url":"https:\/\/lunayatravel.com\/wp-content\/uploads\/2026\/03\/cropped-647319118_2379115739204013_337015058165053143_n.jpg","contentUrl":"https:\/\/lunayatravel.com\/wp-content\/uploads\/2026\/03\/cropped-647319118_2379115739204013_337015058165053143_n.jpg","width":1022,"height":1023,"caption":"Lunaya travel"},"image":{"@id":"https:\/\/lunayatravel.com\/#\/schema\/logo\/image\/"},"sameAs":["https:\/\/www.facebook.com\/lunayaTravel\/"]}]}},"uagb_featured_image_src":{"full":["https:\/\/lunayatravel.com\/wp-content\/uploads\/2025\/08\/01_Koh_Larn1.webp",720,540,false],"thumbnail":["https:\/\/lunayatravel.com\/wp-content\/uploads\/2025\/08\/01_Koh_Larn1-150x150.webp",150,150,true],"medium":["https:\/\/lunayatravel.com\/wp-content\/uploads\/2025\/08\/01_Koh_Larn1-300x225.webp",300,225,true],"medium_large":["https:\/\/lunayatravel.com\/wp-content\/uploads\/2025\/08\/01_Koh_Larn1.webp",720,540,false],"large":["https:\/\/lunayatravel.com\/wp-content\/uploads\/2025\/08\/01_Koh_Larn1.webp",720,540,false],"1536x1536":["https:\/\/lunayatravel.com\/wp-content\/uploads\/2025\/08\/01_Koh_Larn1.webp",720,540,false],"2048x2048":["https:\/\/lunayatravel.com\/wp-content\/uploads\/2025\/08\/01_Koh_Larn1.webp",720,540,false],"trp-custom-language-flag":["https:\/\/lunayatravel.com\/wp-content\/uploads\/2025\/08\/01_Koh_Larn1.webp",16,12,false],"widget-thumbnail":["https:\/\/lunayatravel.com\/wp-content\/uploads\/2025\/08\/01_Koh_Larn1-75x75.webp",75,75,true],"mailpoet_newsletter_max":["https:\/\/lunayatravel.com\/wp-content\/uploads\/2025\/08\/01_Koh_Larn1.webp",720,540,false],"woocommerce_thumbnail":["https:\/\/lunayatravel.com\/wp-content\/uploads\/2025\/08\/01_Koh_Larn1-300x300.webp",300,300,true],"woocommerce_single":["https:\/\/lunayatravel.com\/wp-content\/uploads\/2025\/08\/01_Koh_Larn1-600x450.webp",600,450,true],"woocommerce_gallery_thumbnail":["https:\/\/lunayatravel.com\/wp-content\/uploads\/2025\/08\/01_Koh_Larn1-100x100.webp",100,100,true],"sow-carousel-default":["https:\/\/lunayatravel.com\/wp-content\/uploads\/2025\/08\/01_Koh_Larn1-272x182.webp",272,182,true]},"uagb_author_info":{"display_name":"haemers stephanie","author_link":"https:\/\/lunayatravel.com\/en\/author\/"},"uagb_comment_info":0,"uagb_excerpt":"\ud83d\udcdd Description Explorez l\u2019enchanteresse \u00eele de corail (Koh Larn), \u00e0 seulement 15 minutes en hors-bord de Pattaya. Vivez une journ\u00e9e palpitante m\u00ealant d\u00e9tente et adr\u00e9naline : parachute ascensionnel, banana boat, jet ski, plong\u00e9e en apn\u00e9e, marche en mer et Funny Land, un mini-parc flottant.\ud83d\udca1 Photographie par drone temporairement suspendue (r\u00e8glement CAAT","jetpack_sharing_enabled":true,"_links":{"self":[{"href":"https:\/\/lunayatravel.com\/en\/wp-json\/wp\/v2\/product\/30507","targetHints":{"allow":["GET"]}}],"collection":[{"href":"https:\/\/lunayatravel.com\/en\/wp-json\/wp\/v2\/product"}],"about":[{"href":"https:\/\/lunayatravel.com\/en\/wp-json\/wp\/v2\/types\/product"}],"replies":[{"embeddable":true,"href":"https:\/\/lunayatravel.com\/en\/wp-json\/wp\/v2\/comments?post=30507"}],"wp:featuredmedia":[{"embeddable":true,"href":"https:\/\/lunayatravel.com\/en\/wp-json\/wp\/v2\/media\/30511"}],"wp:attachment":[{"href":"https:\/\/lunayatravel.com\/en\/wp-json\/wp\/v2\/media?parent=30507"}],"wp:term":[{"taxonomy":"product_brand","embeddable":true,"href":"https:\/\/lunayatravel.com\/en\/wp-json\/wp\/v2\/product_brand?post=30507"},{"taxonomy":"product_cat","embeddable":true,"href":"https:\/\/lunayatravel.com\/en\/wp-json\/wp\/v2\/product_cat?post=30507"},{"taxonomy":"product_tag","embeddable":true,"href":"https:\/\/lunayatravel.com\/en\/wp-json\/wp\/v2\/product_tag?post=30507"}],"curies":[{"name":"wp","href":"https:\/\/api.w.org\/{rel}","templated":true}]}}