{"id":30502,"date":"2025-08-03T06:50:23","date_gmt":"2025-08-03T04:50:23","guid":{"rendered":"https:\/\/itctoursvoyages.com\/?post_type=product&#038;p=30502"},"modified":"2025-08-03T06:50:23","modified_gmt":"2025-08-03T04:50:23","slug":"%f0%9f%9b%a5%ef%b8%8f-croisiere-en-catamaran-a-pattaya-serenity-yachting","status":"publish","type":"product","link":"https:\/\/lunayatravel.com\/en\/product\/%f0%9f%9b%a5%ef%b8%8f-croisiere-en-catamaran-a-pattaya-serenity-yachting\/","title":{"rendered":"\ud83d\udee5\ufe0f Catamaran cruise in Pattaya - Serenity Yachting"},"content":{"rendered":"<h3 data-start=\"835\" data-end=\"857\">\ud83d\uddfa\ufe0f <strong data-start=\"843\" data-end=\"857\">Itinerary<\/strong><\/h3>\n<ul data-start=\"858\" data-end=\"1397\">\n<li data-start=\"858\" data-end=\"901\">\n<p data-start=\"860\" data-end=\"901\"><strong data-start=\"860\" data-end=\"869\">08h00<\/strong> Pick-up at your hotel<\/p>\n<\/li>\n<li data-start=\"902\" data-end=\"949\">\n<p data-start=\"904\" data-end=\"949\"><strong data-start=\"904\" data-end=\"913\">09h00<\/strong> Arrival at Ocean Marina Yacht Club<\/p>\n<\/li>\n<li data-start=\"950\" data-end=\"983\">\n<p data-start=\"952\" data-end=\"983\"><strong data-start=\"952\" data-end=\"961\">09h30<\/strong> : Catamaran departure<\/p>\n<\/li>\n<li data-start=\"984\" data-end=\"1055\">\n<p data-start=\"986\" data-end=\"1055\"><strong data-start=\"986\" data-end=\"995\">10h30<\/strong> Stop at <strong data-start=\"1006\" data-end=\"1018\">Koh Phai<\/strong> (beach, swimming, snorkelling, fishing)<\/p>\n<\/li>\n<li data-start=\"1056\" data-end=\"1095\">\n<p data-start=\"1058\" data-end=\"1095\"><strong data-start=\"1058\" data-end=\"1067\">12h00<\/strong> Thai buffet on board<\/p>\n<\/li>\n<li data-start=\"1096\" data-end=\"1144\">\n<p data-start=\"1098\" data-end=\"1144\"><strong data-start=\"1098\" data-end=\"1107\">12h40<\/strong> Navigation to <strong data-start=\"1126\" data-end=\"1144\">Koh Man Wichai<\/strong><\/p>\n<\/li>\n<li data-start=\"1145\" data-end=\"1195\">\n<p data-start=\"1147\" data-end=\"1195\"><strong data-start=\"1147\" data-end=\"1156\">13h30<\/strong> Snorkelling and fishing at Koh Man Wichai<\/p>\n<\/li>\n<li data-start=\"1196\" data-end=\"1245\">\n<p data-start=\"1198\" data-end=\"1245\"><strong data-start=\"1198\" data-end=\"1207\">14h30<\/strong> : Focus on <strong data-start=\"1218\" data-end=\"1245\">Koh Ped (Monkey Island)<\/strong><\/p>\n<\/li>\n<li data-start=\"1246\" data-end=\"1307\">\n<p data-start=\"1248\" data-end=\"1307\"><strong data-start=\"1248\" data-end=\"1257\">15h10<\/strong> : Interaction with the monkeys and souvenir photos<\/p>\n<\/li>\n<li data-start=\"1308\" data-end=\"1363\">\n<p data-start=\"1310\" data-end=\"1363\"><strong data-start=\"1310\" data-end=\"1319\">15h50<\/strong> Return to the marina - musical atmosphere<\/p>\n<\/li>\n<li data-start=\"1364\" data-end=\"1397\">\n<p data-start=\"1366\" data-end=\"1397\"><strong data-start=\"1366\" data-end=\"1375\">16h30<\/strong> End of the cruise<\/p>\n<\/li>\n<\/ul>\n<hr data-start=\"1399\" data-end=\"1402\" \/>\n<h3 data-start=\"1404\" data-end=\"1428\">\ud83c\udf74 <strong data-start=\"1411\" data-end=\"1428\">Buffet included<\/strong><\/h3>\n<ul data-start=\"1429\" data-end=\"1633\">\n<li data-start=\"1429\" data-end=\"1450\">\n<p data-start=\"1431\" data-end=\"1450\">Fried rice with eggs<\/p>\n<\/li>\n<li data-start=\"1451\" data-end=\"1482\">\n<p data-start=\"1453\" data-end=\"1482\">Tom Yum seafood soup<\/p>\n<\/li>\n<li data-start=\"1483\" data-end=\"1515\">\n<p data-start=\"1485\" data-end=\"1515\">Fried chicken &amp; vegetables<\/p>\n<\/li>\n<li data-start=\"1516\" data-end=\"1537\">\n<p data-start=\"1518\" data-end=\"1537\">Pork &amp; chicken BBQ<\/p>\n<\/li>\n<li data-start=\"1538\" data-end=\"1574\">\n<p data-start=\"1540\" data-end=\"1574\">Fresh fruit: watermelon &amp; pineapple<\/p>\n<\/li>\n<li data-start=\"1575\" data-end=\"1633\">\n<p data-start=\"1577\" data-end=\"1633\">Unlimited drinks: water, coffee, tea, coke, sprite, fanta<\/p>\n<\/li>\n<\/ul>\n<h3 data-start=\"1640\" data-end=\"1656\"><\/h3>\n<h3 data-start=\"1640\" data-end=\"1656\">\u2705 <strong data-start=\"1646\" data-end=\"1656\">Included<\/strong><\/h3>\n<ul data-start=\"1657\" data-end=\"1882\">\n<li data-start=\"1657\" data-end=\"1696\">\n<p data-start=\"1659\" data-end=\"1696\">Return hotel transfer (areas covered)<\/p>\n<\/li>\n<li data-start=\"1697\" data-end=\"1717\">\n<p data-start=\"1699\" data-end=\"1717\">Catamaran Serenity<\/p>\n<\/li>\n<li data-start=\"1718\" data-end=\"1741\">\n<p data-start=\"1720\" data-end=\"1741\">Snorkelling equipment<\/p>\n<\/li>\n<li data-start=\"1742\" data-end=\"1789\">\n<p data-start=\"1744\" data-end=\"1789\">Paddle &amp; fishing equipment (limited quantities)<\/p>\n<\/li>\n<li data-start=\"1790\" data-end=\"1815\">\n<p data-start=\"1792\" data-end=\"1815\">Towel available<\/p>\n<\/li>\n<li data-start=\"1816\" data-end=\"1834\">\n<p data-start=\"1818\" data-end=\"1834\">English-speaking guide<\/p>\n<\/li>\n<li data-start=\"1835\" data-end=\"1846\">\n<p data-start=\"1837\" data-end=\"1846\">Insurance<\/p>\n<\/li>\n<li data-start=\"1847\" data-end=\"1882\">\n<p data-start=\"1849\" data-end=\"1882\">Buffet &amp; soft drinks<\/p>\n<\/li>\n<\/ul>\n<hr data-start=\"1884\" data-end=\"1887\" \/>\n<h3 data-start=\"1889\" data-end=\"1909\">\ud83c\udf92 <strong data-start=\"1896\" data-end=\"1909\">What to expect<\/strong><\/h3>\n<ul data-start=\"1910\" data-end=\"2060\">\n<li data-start=\"1910\" data-end=\"1927\">\n<p data-start=\"1912\" data-end=\"1927\">Swimming costumes<\/p>\n<\/li>\n<li data-start=\"1928\" data-end=\"1967\">\n<p data-start=\"1930\" data-end=\"1967\">Coral-friendly sun cream<\/p>\n<\/li>\n<li data-start=\"1968\" data-end=\"1998\">\n<p data-start=\"1970\" data-end=\"1998\">Hat \/ sunglasses<\/p>\n<\/li>\n<li data-start=\"1999\" data-end=\"2060\">\n<p data-start=\"2001\" data-end=\"2060\">A little cash (for extra drinks or tips)<\/p>\n<\/li>\n<\/ul>","protected":false},"excerpt":{"rendered":"<h3 data-start=\"455\" data-end=\"477\">\ud83c\udf34 <strong data-start=\"462\" data-end=\"477\">Description<\/strong><\/h3>\n<p data-start=\"478\" data-end=\"828\">Enjoy a day at sea on a luxurious catamaran with the renowned company <em data-start=\"566\" data-end=\"585\">Serenity Yachting<\/em>. Embark from Ocean Marina to discover three paradise islands: <strong data-start=\"659\" data-end=\"671\">Koh Phai<\/strong>, <strong data-start=\"673\" data-end=\"691\">Koh Man Wichai<\/strong> and <strong data-start=\"695\" data-end=\"706\">Koh Ped<\/strong> (Monkey Island). Relaxation, snorkelling, fishing, swimming, a Thai buffet and encounters with monkeys are all on the agenda.<\/p>\n<hr data-start=\"830\" data-end=\"833\" \/>\n<p data-start=\"1577\" data-end=\"1633\">","protected":false},"featured_media":30505,"comment_status":"open","ping_status":"closed","template":"","meta":{"_uag_custom_page_level_css":""},"product_brand":[],"product_cat":[66],"product_tag":[],"class_list":{"0":"post-30502","1":"product","2":"type-product","3":"status-publish","4":"has-post-thumbnail","6":"product_cat-pattaya","8":"first","9":"instock","10":"virtual","11":"taxable","12":"purchasable","13":"product-type-simple"},"yoast_head":"<!-- This site is optimized with the Yoast SEO plugin v27.1.1 - https:\/\/yoast.com\/product\/yoast-seo-wordpress\/ -->\n<title>\ud83d\udee5\ufe0f Croisi\u00e8re en catamaran \u00e0 Pattaya \u2013 Serenity Yachting -<\/title>\n<meta name=\"robots\" content=\"index, follow, max-snippet:-1, max-image-preview:large, max-video-preview:-1\" \/>\n<link rel=\"canonical\" href=\"https:\/\/lunayatravel.com\/en\/product\/\ud83d\udee5\ufe0f-croisiere-en-catamaran-a-pattaya-serenity-yachting\/\" \/>\n<meta property=\"og:locale\" content=\"en_GB\" \/>\n<meta property=\"og:type\" content=\"article\" \/>\n<meta property=\"og:title\" content=\"\ud83d\udee5\ufe0f Croisi\u00e8re en catamaran \u00e0 Pattaya \u2013 Serenity Yachting -\" \/>\n<meta property=\"og:description\" content=\"\ud83c\udf34 Description Vivez une journ\u00e9e d\u2019\u00e9vasion en mer sur un catamaran luxueux, avec la compagnie renomm\u00e9e Serenity Yachting. Embarquez depuis Ocean Marina pour d\u00e9couvrir trois \u00eeles paradisiaques : Koh Phai, Koh Man Wichai et Koh Ped (Monkey Island). D\u00e9tente, snorkeling, p\u00eache, baignade, buffet tha\u00eflandais et rencontre avec les singes sont au programme.\" \/>\n<meta property=\"og:url\" content=\"https:\/\/lunayatravel.com\/en\/product\/\ud83d\udee5\ufe0f-croisiere-en-catamaran-a-pattaya-serenity-yachting\/\" \/>\n<meta property=\"article:publisher\" content=\"https:\/\/www.facebook.com\/lunayaTravel\/\" \/>\n<meta property=\"og:image\" content=\"https:\/\/lunayatravel.com\/wp-content\/uploads\/2025\/08\/N12.webp\" \/>\n\t<meta property=\"og:image:width\" content=\"720\" \/>\n\t<meta property=\"og:image:height\" content=\"540\" \/>\n\t<meta property=\"og:image:type\" content=\"image\/webp\" \/>\n<meta name=\"twitter:card\" content=\"summary_large_image\" \/>\n<meta name=\"twitter:label1\" content=\"Estimated reading time\" \/>\n\t<meta name=\"twitter:data1\" content=\"1 minute\" \/>\n<script type=\"application\/ld+json\" class=\"yoast-schema-graph\">{\"@context\":\"https:\/\/schema.org\",\"@graph\":[{\"@type\":\"WebPage\",\"@id\":\"https:\/\/lunayatravel.com\/en\/product\/%f0%9f%9b%a5%ef%b8%8f-croisiere-en-catamaran-a-pattaya-serenity-yachting\/\",\"url\":\"https:\/\/lunayatravel.com\/en\/product\/%f0%9f%9b%a5%ef%b8%8f-croisiere-en-catamaran-a-pattaya-serenity-yachting\/\",\"name\":\"\ud83d\udee5\ufe0f Croisi\u00e8re en catamaran \u00e0 Pattaya \u2013 Serenity Yachting -\",\"isPartOf\":{\"@id\":\"https:\/\/lunayatravel.com\/#website\"},\"primaryImageOfPage\":{\"@id\":\"https:\/\/lunayatravel.com\/en\/product\/%f0%9f%9b%a5%ef%b8%8f-croisiere-en-catamaran-a-pattaya-serenity-yachting\/#primaryimage\"},\"image\":{\"@id\":\"https:\/\/lunayatravel.com\/en\/product\/%f0%9f%9b%a5%ef%b8%8f-croisiere-en-catamaran-a-pattaya-serenity-yachting\/#primaryimage\"},\"thumbnailUrl\":\"https:\/\/lunayatravel.com\/wp-content\/uploads\/2025\/08\/N12.webp\",\"datePublished\":\"2025-08-03T04:50:23+00:00\",\"breadcrumb\":{\"@id\":\"https:\/\/lunayatravel.com\/en\/product\/%f0%9f%9b%a5%ef%b8%8f-croisiere-en-catamaran-a-pattaya-serenity-yachting\/#breadcrumb\"},\"inLanguage\":\"en-GB\",\"potentialAction\":[{\"@type\":\"ReadAction\",\"target\":[\"https:\/\/lunayatravel.com\/en\/product\/%f0%9f%9b%a5%ef%b8%8f-croisiere-en-catamaran-a-pattaya-serenity-yachting\/\"]}]},{\"@type\":\"ImageObject\",\"inLanguage\":\"en-GB\",\"@id\":\"https:\/\/lunayatravel.com\/en\/product\/%f0%9f%9b%a5%ef%b8%8f-croisiere-en-catamaran-a-pattaya-serenity-yachting\/#primaryimage\",\"url\":\"https:\/\/lunayatravel.com\/wp-content\/uploads\/2025\/08\/N12.webp\",\"contentUrl\":\"https:\/\/lunayatravel.com\/wp-content\/uploads\/2025\/08\/N12.webp\",\"width\":720,\"height\":540},{\"@type\":\"BreadcrumbList\",\"@id\":\"https:\/\/lunayatravel.com\/en\/product\/%f0%9f%9b%a5%ef%b8%8f-croisiere-en-catamaran-a-pattaya-serenity-yachting\/#breadcrumb\",\"itemListElement\":[{\"@type\":\"ListItem\",\"position\":1,\"name\":\"Accueil\",\"item\":\"https:\/\/lunayatravel.com\/\"},{\"@type\":\"ListItem\",\"position\":2,\"name\":\"Nos activit\u00e9s\",\"item\":\"https:\/\/lunayatravel.com\/nos-activites\/\"},{\"@type\":\"ListItem\",\"position\":3,\"name\":\"\ud83d\udee5\ufe0f Croisi\u00e8re en catamaran \u00e0 Pattaya \u2013 Serenity Yachting\"}]},{\"@type\":\"WebSite\",\"@id\":\"https:\/\/lunayatravel.com\/#website\",\"url\":\"https:\/\/lunayatravel.com\/\",\"name\":\"\",\"description\":\"\",\"publisher\":{\"@id\":\"https:\/\/lunayatravel.com\/#organization\"},\"potentialAction\":[{\"@type\":\"SearchAction\",\"target\":{\"@type\":\"EntryPoint\",\"urlTemplate\":\"https:\/\/lunayatravel.com\/?s={search_term_string}\"},\"query-input\":{\"@type\":\"PropertyValueSpecification\",\"valueRequired\":true,\"valueName\":\"search_term_string\"}}],\"inLanguage\":\"en-GB\"},{\"@type\":\"Organization\",\"@id\":\"https:\/\/lunayatravel.com\/#organization\",\"name\":\"Lunaya travel\",\"alternateName\":\"Lunaya travel\",\"url\":\"https:\/\/lunayatravel.com\/\",\"logo\":{\"@type\":\"ImageObject\",\"inLanguage\":\"en-GB\",\"@id\":\"https:\/\/lunayatravel.com\/#\/schema\/logo\/image\/\",\"url\":\"https:\/\/lunayatravel.com\/wp-content\/uploads\/2026\/03\/cropped-647319118_2379115739204013_337015058165053143_n.jpg\",\"contentUrl\":\"https:\/\/lunayatravel.com\/wp-content\/uploads\/2026\/03\/cropped-647319118_2379115739204013_337015058165053143_n.jpg\",\"width\":1022,\"height\":1023,\"caption\":\"Lunaya travel\"},\"image\":{\"@id\":\"https:\/\/lunayatravel.com\/#\/schema\/logo\/image\/\"},\"sameAs\":[\"https:\/\/www.facebook.com\/lunayaTravel\/\"]}]}<\/script>\n<!-- \/ Yoast SEO plugin. -->","yoast_head_json":{"title":"\ud83d\udee5\ufe0f Croisi\u00e8re en catamaran \u00e0 Pattaya \u2013 Serenity Yachting -","robots":{"index":"index","follow":"follow","max-snippet":"max-snippet:-1","max-image-preview":"max-image-preview:large","max-video-preview":"max-video-preview:-1"},"canonical":"https:\/\/lunayatravel.com\/en\/product\/\ud83d\udee5\ufe0f-croisiere-en-catamaran-a-pattaya-serenity-yachting\/","og_locale":"en_GB","og_type":"article","og_title":"\ud83d\udee5\ufe0f Croisi\u00e8re en catamaran \u00e0 Pattaya \u2013 Serenity Yachting -","og_description":"\ud83c\udf34 Description Vivez une journ\u00e9e d\u2019\u00e9vasion en mer sur un catamaran luxueux, avec la compagnie renomm\u00e9e Serenity Yachting. Embarquez depuis Ocean Marina pour d\u00e9couvrir trois \u00eeles paradisiaques : Koh Phai, Koh Man Wichai et Koh Ped (Monkey Island). D\u00e9tente, snorkeling, p\u00eache, baignade, buffet tha\u00eflandais et rencontre avec les singes sont au programme.","og_url":"https:\/\/lunayatravel.com\/en\/product\/\ud83d\udee5\ufe0f-croisiere-en-catamaran-a-pattaya-serenity-yachting\/","article_publisher":"https:\/\/www.facebook.com\/lunayaTravel\/","og_image":[{"width":720,"height":540,"url":"https:\/\/lunayatravel.com\/wp-content\/uploads\/2025\/08\/N12.webp","type":"image\/webp"}],"twitter_card":"summary_large_image","twitter_misc":{"Estimated reading time":"1 minute"},"schema":{"@context":"https:\/\/schema.org","@graph":[{"@type":"WebPage","@id":"https:\/\/lunayatravel.com\/en\/product\/%f0%9f%9b%a5%ef%b8%8f-croisiere-en-catamaran-a-pattaya-serenity-yachting\/","url":"https:\/\/lunayatravel.com\/en\/product\/%f0%9f%9b%a5%ef%b8%8f-croisiere-en-catamaran-a-pattaya-serenity-yachting\/","name":"\ud83d\udee5\ufe0f Croisi\u00e8re en catamaran \u00e0 Pattaya \u2013 Serenity Yachting -","isPartOf":{"@id":"https:\/\/lunayatravel.com\/#website"},"primaryImageOfPage":{"@id":"https:\/\/lunayatravel.com\/en\/product\/%f0%9f%9b%a5%ef%b8%8f-croisiere-en-catamaran-a-pattaya-serenity-yachting\/#primaryimage"},"image":{"@id":"https:\/\/lunayatravel.com\/en\/product\/%f0%9f%9b%a5%ef%b8%8f-croisiere-en-catamaran-a-pattaya-serenity-yachting\/#primaryimage"},"thumbnailUrl":"https:\/\/lunayatravel.com\/wp-content\/uploads\/2025\/08\/N12.webp","datePublished":"2025-08-03T04:50:23+00:00","breadcrumb":{"@id":"https:\/\/lunayatravel.com\/en\/product\/%f0%9f%9b%a5%ef%b8%8f-croisiere-en-catamaran-a-pattaya-serenity-yachting\/#breadcrumb"},"inLanguage":"en-GB","potentialAction":[{"@type":"ReadAction","target":["https:\/\/lunayatravel.com\/en\/product\/%f0%9f%9b%a5%ef%b8%8f-croisiere-en-catamaran-a-pattaya-serenity-yachting\/"]}]},{"@type":"ImageObject","inLanguage":"en-GB","@id":"https:\/\/lunayatravel.com\/en\/product\/%f0%9f%9b%a5%ef%b8%8f-croisiere-en-catamaran-a-pattaya-serenity-yachting\/#primaryimage","url":"https:\/\/lunayatravel.com\/wp-content\/uploads\/2025\/08\/N12.webp","contentUrl":"https:\/\/lunayatravel.com\/wp-content\/uploads\/2025\/08\/N12.webp","width":720,"height":540},{"@type":"BreadcrumbList","@id":"https:\/\/lunayatravel.com\/en\/product\/%f0%9f%9b%a5%ef%b8%8f-croisiere-en-catamaran-a-pattaya-serenity-yachting\/#breadcrumb","itemListElement":[{"@type":"ListItem","position":1,"name":"Accueil","item":"https:\/\/lunayatravel.com\/"},{"@type":"ListItem","position":2,"name":"Nos activit\u00e9s","item":"https:\/\/lunayatravel.com\/nos-activites\/"},{"@type":"ListItem","position":3,"name":"\ud83d\udee5\ufe0f Croisi\u00e8re en catamaran \u00e0 Pattaya \u2013 Serenity Yachting"}]},{"@type":"WebSite","@id":"https:\/\/lunayatravel.com\/#website","url":"https:\/\/lunayatravel.com\/","name":"","description":"","publisher":{"@id":"https:\/\/lunayatravel.com\/#organization"},"potentialAction":[{"@type":"SearchAction","target":{"@type":"EntryPoint","urlTemplate":"https:\/\/lunayatravel.com\/?s={search_term_string}"},"query-input":{"@type":"PropertyValueSpecification","valueRequired":true,"valueName":"search_term_string"}}],"inLanguage":"en-GB"},{"@type":"Organization","@id":"https:\/\/lunayatravel.com\/#organization","name":"Lunaya travel","alternateName":"Lunaya travel","url":"https:\/\/lunayatravel.com\/","logo":{"@type":"ImageObject","inLanguage":"en-GB","@id":"https:\/\/lunayatravel.com\/#\/schema\/logo\/image\/","url":"https:\/\/lunayatravel.com\/wp-content\/uploads\/2026\/03\/cropped-647319118_2379115739204013_337015058165053143_n.jpg","contentUrl":"https:\/\/lunayatravel.com\/wp-content\/uploads\/2026\/03\/cropped-647319118_2379115739204013_337015058165053143_n.jpg","width":1022,"height":1023,"caption":"Lunaya travel"},"image":{"@id":"https:\/\/lunayatravel.com\/#\/schema\/logo\/image\/"},"sameAs":["https:\/\/www.facebook.com\/lunayaTravel\/"]}]}},"uagb_featured_image_src":{"full":["https:\/\/lunayatravel.com\/wp-content\/uploads\/2025\/08\/N12.webp",720,540,false],"thumbnail":["https:\/\/lunayatravel.com\/wp-content\/uploads\/2025\/08\/N12-150x150.webp",150,150,true],"medium":["https:\/\/lunayatravel.com\/wp-content\/uploads\/2025\/08\/N12-300x225.webp",300,225,true],"medium_large":["https:\/\/lunayatravel.com\/wp-content\/uploads\/2025\/08\/N12.webp",720,540,false],"large":["https:\/\/lunayatravel.com\/wp-content\/uploads\/2025\/08\/N12.webp",720,540,false],"1536x1536":["https:\/\/lunayatravel.com\/wp-content\/uploads\/2025\/08\/N12.webp",720,540,false],"2048x2048":["https:\/\/lunayatravel.com\/wp-content\/uploads\/2025\/08\/N12.webp",720,540,false],"trp-custom-language-flag":["https:\/\/lunayatravel.com\/wp-content\/uploads\/2025\/08\/N12.webp",16,12,false],"widget-thumbnail":["https:\/\/lunayatravel.com\/wp-content\/uploads\/2025\/08\/N12-75x75.webp",75,75,true],"mailpoet_newsletter_max":["https:\/\/lunayatravel.com\/wp-content\/uploads\/2025\/08\/N12.webp",720,540,false],"woocommerce_thumbnail":["https:\/\/lunayatravel.com\/wp-content\/uploads\/2025\/08\/N12-300x300.webp",300,300,true],"woocommerce_single":["https:\/\/lunayatravel.com\/wp-content\/uploads\/2025\/08\/N12-600x450.webp",600,450,true],"woocommerce_gallery_thumbnail":["https:\/\/lunayatravel.com\/wp-content\/uploads\/2025\/08\/N12-100x100.webp",100,100,true],"sow-carousel-default":["https:\/\/lunayatravel.com\/wp-content\/uploads\/2025\/08\/N12-272x182.webp",272,182,true]},"uagb_author_info":{"display_name":"haemers stephanie","author_link":"https:\/\/lunayatravel.com\/en\/author\/"},"uagb_comment_info":0,"uagb_excerpt":"\ud83c\udf34 Description Vivez une journ\u00e9e d\u2019\u00e9vasion en mer sur un catamaran luxueux, avec la compagnie renomm\u00e9e Serenity Yachting. Embarquez depuis Ocean Marina pour d\u00e9couvrir trois \u00eeles paradisiaques : Koh Phai, Koh Man Wichai et Koh Ped (Monkey Island). D\u00e9tente, snorkeling, p\u00eache, baignade, buffet tha\u00eflandais et rencontre avec les singes sont au programme.","jetpack_sharing_enabled":true,"_links":{"self":[{"href":"https:\/\/lunayatravel.com\/en\/wp-json\/wp\/v2\/product\/30502","targetHints":{"allow":["GET"]}}],"collection":[{"href":"https:\/\/lunayatravel.com\/en\/wp-json\/wp\/v2\/product"}],"about":[{"href":"https:\/\/lunayatravel.com\/en\/wp-json\/wp\/v2\/types\/product"}],"replies":[{"embeddable":true,"href":"https:\/\/lunayatravel.com\/en\/wp-json\/wp\/v2\/comments?post=30502"}],"wp:featuredmedia":[{"embeddable":true,"href":"https:\/\/lunayatravel.com\/en\/wp-json\/wp\/v2\/media\/30505"}],"wp:attachment":[{"href":"https:\/\/lunayatravel.com\/en\/wp-json\/wp\/v2\/media?parent=30502"}],"wp:term":[{"taxonomy":"product_brand","embeddable":true,"href":"https:\/\/lunayatravel.com\/en\/wp-json\/wp\/v2\/product_brand?post=30502"},{"taxonomy":"product_cat","embeddable":true,"href":"https:\/\/lunayatravel.com\/en\/wp-json\/wp\/v2\/product_cat?post=30502"},{"taxonomy":"product_tag","embeddable":true,"href":"https:\/\/lunayatravel.com\/en\/wp-json\/wp\/v2\/product_tag?post=30502"}],"curies":[{"name":"wp","href":"https:\/\/api.w.org\/{rel}","templated":true}]}}