{"id":30500,"date":"2025-08-01T10:47:19","date_gmt":"2025-08-01T08:47:19","guid":{"rendered":"https:\/\/itctoursvoyages.com\/?post_type=product&#038;p=30500"},"modified":"2025-08-01T10:53:35","modified_gmt":"2025-08-01T08:53:35","slug":"%f0%9f%90%a0-snorkeling-a-koh-lipe-en-longtail-boat-et-speedboat-option-2","status":"publish","type":"product","link":"https:\/\/lunayatravel.com\/en\/product\/%f0%9f%90%a0-snorkeling-a-koh-lipe-en-longtail-boat-et-speedboat-option-2\/","title":{"rendered":"\ud83d\udc20 Snorkeling on Koh Lipe in Longtail Boat and Speedboat ( option 2 )"},"content":{"rendered":"<h3 data-start=\"593\" data-end=\"627\">\ud83d\udccd <em data-start=\"600\" data-end=\"625\">Personalised itinerary<\/em><\/h3>\n<p data-start=\"628\" data-end=\"735\">Please indicate your preferred programme in the \"Additional requests\" box when booking.<\/p>\n<p data-start=\"737\" data-end=\"777\"><strong data-start=\"737\" data-end=\"775\">EXTERNAL zone (in Longtail boat)<\/strong><\/p>\n<ul data-start=\"778\" data-end=\"954\">\n<li data-start=\"908\" data-end=\"954\">\n<p data-start=\"1413\" data-end=\"1434\"><strong data-start=\"1413\" data-end=\"1430\">Sites visited<\/strong> :<\/p>\n<ul data-start=\"1435\" data-end=\"1492\">\n<li data-start=\"1435\" data-end=\"1451\">\n<p data-start=\"1437\" data-end=\"1451\">Koh Hin Sorn<\/p>\n<\/li>\n<li data-start=\"1452\" data-end=\"1466\">\n<p data-start=\"1454\" data-end=\"1466\">Koh Rokloy<\/p>\n<\/li>\n<li data-start=\"1467\" data-end=\"1479\">\n<p data-start=\"1469\" data-end=\"1479\">Koh Dong<\/p>\n<\/li>\n<li data-start=\"1480\" data-end=\"1492\">\n<p data-start=\"1482\" data-end=\"1492\">Koh Pheung<\/p>\n<\/li>\n<\/ul>\n<\/li>\n<\/ul>\n<hr data-start=\"956\" data-end=\"959\" \/>\n<h3 data-start=\"961\" data-end=\"973\">\u2705 Included<\/h3>\n<ul data-start=\"974\" data-end=\"1090\">\n<li data-start=\"974\" data-end=\"992\">\n<p data-start=\"976\" data-end=\"992\">Mask and snorkel<\/p>\n<\/li>\n<li data-start=\"993\" data-end=\"1037\">\n<p data-start=\"995\" data-end=\"1037\">Longtail boat or speedboat, weather permitting<\/p>\n<\/li>\n<li data-start=\"1038\" data-end=\"1060\">\n<p data-start=\"1040\" data-end=\"1060\">Life jackets<\/p>\n<\/li>\n<li data-start=\"1061\" data-end=\"1090\">\n<p data-start=\"1063\" data-end=\"1090\">Local guide (if applicable)<\/p>\n<\/li>\n<\/ul>\n<hr data-start=\"1092\" data-end=\"1095\" \/>\n<h3 data-start=\"1097\" data-end=\"1112\">\ud83d\udcdd Good to know<\/h3>\n<ul data-start=\"1113\" data-end=\"1316\">\n<li data-start=\"1113\" data-end=\"1173\">\n<p data-start=\"1115\" data-end=\"1173\">The activity depends on the weather conditions (postponement possible)<\/p>\n<\/li>\n<li data-start=\"1174\" data-end=\"1239\">\n<p data-start=\"1176\" data-end=\"1239\">Bring a towel, sun cream and a change of clothes.<\/p>\n<\/li>\n<li data-start=\"1240\" data-end=\"1316\">\n<p data-start=\"1242\" data-end=\"1316\">This activity is <strong data-start=\"1261\" data-end=\"1299\">valid only in high season<\/strong> (November to May)<\/p>\n<\/li>\n<\/ul>","protected":false},"excerpt":{"rendered":"<p data-start=\"205\" data-end=\"474\"><strong data-start=\"205\" data-end=\"261\">Snorkelling in the turquoise waters of Koh Lipe<\/strong>one of the hidden gems of southern Thailand.<br data-start=\"309\" data-end=\"312\" \/>Take a trip by <strong data-start=\"335\" data-end=\"365\">longtail boat or speedboat<\/strong> depending on the season, and explore magnificent sites such as <strong data-start=\"426\" data-end=\"473\">Jabang, Koh Hin Ngam, Koh Adang and Koh Yang<\/strong>.<\/p>\n<p data-start=\"476\" data-end=\"586\">This tour is offered <strong data-start=\"505\" data-end=\"538\">only in high season<\/strong>when marine conditions are optimal.<\/p>","protected":false},"featured_media":30497,"comment_status":"open","ping_status":"closed","template":"","meta":{"_uag_custom_page_level_css":""},"product_brand":[],"product_cat":[69],"product_tag":[],"class_list":{"0":"post-30500","1":"product","2":"type-product","3":"status-publish","4":"has-post-thumbnail","6":"product_cat-koh-lipe","8":"first","9":"instock","10":"virtual","11":"taxable","12":"purchasable","13":"product-type-simple"},"yoast_head":"<!-- This site is optimized with the Yoast SEO plugin v27.1.1 - https:\/\/yoast.com\/product\/yoast-seo-wordpress\/ -->\n<title>\ud83d\udc20 Snorkeling \u00e0 Koh Lipe en Longtail Boat et Speedboat ( option 2 ) -<\/title>\n<meta name=\"robots\" content=\"index, follow, max-snippet:-1, max-image-preview:large, max-video-preview:-1\" \/>\n<link rel=\"canonical\" href=\"https:\/\/lunayatravel.com\/en\/product\/\ud83d\udc20-snorkeling-a-koh-lipe-en-longtail-boat-et-speedboat-option-2\/\" \/>\n<meta property=\"og:locale\" content=\"en_GB\" \/>\n<meta property=\"og:type\" content=\"article\" \/>\n<meta property=\"og:title\" content=\"\ud83d\udc20 Snorkeling \u00e0 Koh Lipe en Longtail Boat et Speedboat ( option 2 ) -\" \/>\n<meta property=\"og:description\" content=\"Plong\u00e9e en apn\u00e9e dans les eaux turquoise de Koh Lipe, l\u2019un des joyaux cach\u00e9s du sud de la Tha\u00eflande.Partez en excursion en longtail boat ou speedboat selon la saison, et explorez des sites magnifiques tels que Jabang, Koh Hin Ngam, Koh Adang et Koh Yang. Cette excursion est propos\u00e9e exclusivement en haute saison, lorsque les conditions marines sont optimales.\" \/>\n<meta property=\"og:url\" content=\"https:\/\/lunayatravel.com\/en\/product\/\ud83d\udc20-snorkeling-a-koh-lipe-en-longtail-boat-et-speedboat-option-2\/\" \/>\n<meta property=\"article:publisher\" content=\"https:\/\/www.facebook.com\/lunayaTravel\/\" \/>\n<meta property=\"article:modified_time\" content=\"2025-08-01T08:53:35+00:00\" \/>\n<meta property=\"og:image\" content=\"https:\/\/lunayatravel.com\/wp-content\/uploads\/2025\/08\/p_1364314.webp\" \/>\n\t<meta property=\"og:image:width\" content=\"720\" \/>\n\t<meta property=\"og:image:height\" content=\"477\" \/>\n\t<meta property=\"og:image:type\" content=\"image\/webp\" \/>\n<meta name=\"twitter:card\" content=\"summary_large_image\" \/>\n<script type=\"application\/ld+json\" class=\"yoast-schema-graph\">{\"@context\":\"https:\/\/schema.org\",\"@graph\":[{\"@type\":\"WebPage\",\"@id\":\"https:\/\/lunayatravel.com\/produit\/%f0%9f%90%a0-snorkeling-a-koh-lipe-en-longtail-boat-et-speedboat-option-2\/\",\"url\":\"https:\/\/lunayatravel.com\/produit\/%f0%9f%90%a0-snorkeling-a-koh-lipe-en-longtail-boat-et-speedboat-option-2\/\",\"name\":\"\ud83d\udc20 Snorkeling \u00e0 Koh Lipe en Longtail Boat et Speedboat ( option 2 ) -\",\"isPartOf\":{\"@id\":\"https:\/\/lunayatravel.com\/#website\"},\"primaryImageOfPage\":{\"@id\":\"https:\/\/lunayatravel.com\/produit\/%f0%9f%90%a0-snorkeling-a-koh-lipe-en-longtail-boat-et-speedboat-option-2\/#primaryimage\"},\"image\":{\"@id\":\"https:\/\/lunayatravel.com\/produit\/%f0%9f%90%a0-snorkeling-a-koh-lipe-en-longtail-boat-et-speedboat-option-2\/#primaryimage\"},\"thumbnailUrl\":\"https:\/\/lunayatravel.com\/wp-content\/uploads\/2025\/08\/p_1364314.webp\",\"datePublished\":\"2025-08-01T08:47:19+00:00\",\"dateModified\":\"2025-08-01T08:53:35+00:00\",\"breadcrumb\":{\"@id\":\"https:\/\/lunayatravel.com\/produit\/%f0%9f%90%a0-snorkeling-a-koh-lipe-en-longtail-boat-et-speedboat-option-2\/#breadcrumb\"},\"inLanguage\":\"en-GB\",\"potentialAction\":[{\"@type\":\"ReadAction\",\"target\":[\"https:\/\/lunayatravel.com\/produit\/%f0%9f%90%a0-snorkeling-a-koh-lipe-en-longtail-boat-et-speedboat-option-2\/\"]}]},{\"@type\":\"ImageObject\",\"inLanguage\":\"en-GB\",\"@id\":\"https:\/\/lunayatravel.com\/produit\/%f0%9f%90%a0-snorkeling-a-koh-lipe-en-longtail-boat-et-speedboat-option-2\/#primaryimage\",\"url\":\"https:\/\/lunayatravel.com\/wp-content\/uploads\/2025\/08\/p_1364314.webp\",\"contentUrl\":\"https:\/\/lunayatravel.com\/wp-content\/uploads\/2025\/08\/p_1364314.webp\",\"width\":720,\"height\":477},{\"@type\":\"BreadcrumbList\",\"@id\":\"https:\/\/lunayatravel.com\/produit\/%f0%9f%90%a0-snorkeling-a-koh-lipe-en-longtail-boat-et-speedboat-option-2\/#breadcrumb\",\"itemListElement\":[{\"@type\":\"ListItem\",\"position\":1,\"name\":\"Accueil\",\"item\":\"https:\/\/lunayatravel.com\/\"},{\"@type\":\"ListItem\",\"position\":2,\"name\":\"Nos activit\u00e9s\",\"item\":\"https:\/\/lunayatravel.com\/nos-activites\/\"},{\"@type\":\"ListItem\",\"position\":3,\"name\":\"\ud83d\udc20 Snorkeling \u00e0 Koh Lipe en Longtail Boat et Speedboat ( option 2 )\"}]},{\"@type\":\"WebSite\",\"@id\":\"https:\/\/lunayatravel.com\/#website\",\"url\":\"https:\/\/lunayatravel.com\/\",\"name\":\"\",\"description\":\"\",\"publisher\":{\"@id\":\"https:\/\/lunayatravel.com\/#organization\"},\"potentialAction\":[{\"@type\":\"SearchAction\",\"target\":{\"@type\":\"EntryPoint\",\"urlTemplate\":\"https:\/\/lunayatravel.com\/?s={search_term_string}\"},\"query-input\":{\"@type\":\"PropertyValueSpecification\",\"valueRequired\":true,\"valueName\":\"search_term_string\"}}],\"inLanguage\":\"en-GB\"},{\"@type\":\"Organization\",\"@id\":\"https:\/\/lunayatravel.com\/#organization\",\"name\":\"Lunaya travel\",\"alternateName\":\"Lunaya travel\",\"url\":\"https:\/\/lunayatravel.com\/\",\"logo\":{\"@type\":\"ImageObject\",\"inLanguage\":\"en-GB\",\"@id\":\"https:\/\/lunayatravel.com\/#\/schema\/logo\/image\/\",\"url\":\"https:\/\/lunayatravel.com\/wp-content\/uploads\/2026\/03\/cropped-647319118_2379115739204013_337015058165053143_n.jpg\",\"contentUrl\":\"https:\/\/lunayatravel.com\/wp-content\/uploads\/2026\/03\/cropped-647319118_2379115739204013_337015058165053143_n.jpg\",\"width\":1022,\"height\":1023,\"caption\":\"Lunaya travel\"},\"image\":{\"@id\":\"https:\/\/lunayatravel.com\/#\/schema\/logo\/image\/\"},\"sameAs\":[\"https:\/\/www.facebook.com\/lunayaTravel\/\"]}]}<\/script>\n<!-- \/ Yoast SEO plugin. -->","yoast_head_json":{"title":"\ud83d\udc20 Snorkeling \u00e0 Koh Lipe en Longtail Boat et Speedboat ( option 2 ) -","robots":{"index":"index","follow":"follow","max-snippet":"max-snippet:-1","max-image-preview":"max-image-preview:large","max-video-preview":"max-video-preview:-1"},"canonical":"https:\/\/lunayatravel.com\/en\/product\/\ud83d\udc20-snorkeling-a-koh-lipe-en-longtail-boat-et-speedboat-option-2\/","og_locale":"en_GB","og_type":"article","og_title":"\ud83d\udc20 Snorkeling \u00e0 Koh Lipe en Longtail Boat et Speedboat ( option 2 ) -","og_description":"Plong\u00e9e en apn\u00e9e dans les eaux turquoise de Koh Lipe, l\u2019un des joyaux cach\u00e9s du sud de la Tha\u00eflande.Partez en excursion en longtail boat ou speedboat selon la saison, et explorez des sites magnifiques tels que Jabang, Koh Hin Ngam, Koh Adang et Koh Yang. Cette excursion est propos\u00e9e exclusivement en haute saison, lorsque les conditions marines sont optimales.","og_url":"https:\/\/lunayatravel.com\/en\/product\/\ud83d\udc20-snorkeling-a-koh-lipe-en-longtail-boat-et-speedboat-option-2\/","article_publisher":"https:\/\/www.facebook.com\/lunayaTravel\/","article_modified_time":"2025-08-01T08:53:35+00:00","og_image":[{"width":720,"height":477,"url":"https:\/\/lunayatravel.com\/wp-content\/uploads\/2025\/08\/p_1364314.webp","type":"image\/webp"}],"twitter_card":"summary_large_image","schema":{"@context":"https:\/\/schema.org","@graph":[{"@type":"WebPage","@id":"https:\/\/lunayatravel.com\/produit\/%f0%9f%90%a0-snorkeling-a-koh-lipe-en-longtail-boat-et-speedboat-option-2\/","url":"https:\/\/lunayatravel.com\/produit\/%f0%9f%90%a0-snorkeling-a-koh-lipe-en-longtail-boat-et-speedboat-option-2\/","name":"\ud83d\udc20 Snorkeling \u00e0 Koh Lipe en Longtail Boat et Speedboat ( option 2 ) -","isPartOf":{"@id":"https:\/\/lunayatravel.com\/#website"},"primaryImageOfPage":{"@id":"https:\/\/lunayatravel.com\/produit\/%f0%9f%90%a0-snorkeling-a-koh-lipe-en-longtail-boat-et-speedboat-option-2\/#primaryimage"},"image":{"@id":"https:\/\/lunayatravel.com\/produit\/%f0%9f%90%a0-snorkeling-a-koh-lipe-en-longtail-boat-et-speedboat-option-2\/#primaryimage"},"thumbnailUrl":"https:\/\/lunayatravel.com\/wp-content\/uploads\/2025\/08\/p_1364314.webp","datePublished":"2025-08-01T08:47:19+00:00","dateModified":"2025-08-01T08:53:35+00:00","breadcrumb":{"@id":"https:\/\/lunayatravel.com\/produit\/%f0%9f%90%a0-snorkeling-a-koh-lipe-en-longtail-boat-et-speedboat-option-2\/#breadcrumb"},"inLanguage":"en-GB","potentialAction":[{"@type":"ReadAction","target":["https:\/\/lunayatravel.com\/produit\/%f0%9f%90%a0-snorkeling-a-koh-lipe-en-longtail-boat-et-speedboat-option-2\/"]}]},{"@type":"ImageObject","inLanguage":"en-GB","@id":"https:\/\/lunayatravel.com\/produit\/%f0%9f%90%a0-snorkeling-a-koh-lipe-en-longtail-boat-et-speedboat-option-2\/#primaryimage","url":"https:\/\/lunayatravel.com\/wp-content\/uploads\/2025\/08\/p_1364314.webp","contentUrl":"https:\/\/lunayatravel.com\/wp-content\/uploads\/2025\/08\/p_1364314.webp","width":720,"height":477},{"@type":"BreadcrumbList","@id":"https:\/\/lunayatravel.com\/produit\/%f0%9f%90%a0-snorkeling-a-koh-lipe-en-longtail-boat-et-speedboat-option-2\/#breadcrumb","itemListElement":[{"@type":"ListItem","position":1,"name":"Accueil","item":"https:\/\/lunayatravel.com\/"},{"@type":"ListItem","position":2,"name":"Nos activit\u00e9s","item":"https:\/\/lunayatravel.com\/nos-activites\/"},{"@type":"ListItem","position":3,"name":"\ud83d\udc20 Snorkeling \u00e0 Koh Lipe en Longtail Boat et Speedboat ( option 2 )"}]},{"@type":"WebSite","@id":"https:\/\/lunayatravel.com\/#website","url":"https:\/\/lunayatravel.com\/","name":"","description":"","publisher":{"@id":"https:\/\/lunayatravel.com\/#organization"},"potentialAction":[{"@type":"SearchAction","target":{"@type":"EntryPoint","urlTemplate":"https:\/\/lunayatravel.com\/?s={search_term_string}"},"query-input":{"@type":"PropertyValueSpecification","valueRequired":true,"valueName":"search_term_string"}}],"inLanguage":"en-GB"},{"@type":"Organization","@id":"https:\/\/lunayatravel.com\/#organization","name":"Lunaya travel","alternateName":"Lunaya travel","url":"https:\/\/lunayatravel.com\/","logo":{"@type":"ImageObject","inLanguage":"en-GB","@id":"https:\/\/lunayatravel.com\/#\/schema\/logo\/image\/","url":"https:\/\/lunayatravel.com\/wp-content\/uploads\/2026\/03\/cropped-647319118_2379115739204013_337015058165053143_n.jpg","contentUrl":"https:\/\/lunayatravel.com\/wp-content\/uploads\/2026\/03\/cropped-647319118_2379115739204013_337015058165053143_n.jpg","width":1022,"height":1023,"caption":"Lunaya travel"},"image":{"@id":"https:\/\/lunayatravel.com\/#\/schema\/logo\/image\/"},"sameAs":["https:\/\/www.facebook.com\/lunayaTravel\/"]}]}},"uagb_featured_image_src":{"full":["https:\/\/lunayatravel.com\/wp-content\/uploads\/2025\/08\/p_1364314.webp",720,477,false],"thumbnail":["https:\/\/lunayatravel.com\/wp-content\/uploads\/2025\/08\/p_1364314-150x150.webp",150,150,true],"medium":["https:\/\/lunayatravel.com\/wp-content\/uploads\/2025\/08\/p_1364314-300x199.webp",300,199,true],"medium_large":["https:\/\/lunayatravel.com\/wp-content\/uploads\/2025\/08\/p_1364314.webp",720,477,false],"large":["https:\/\/lunayatravel.com\/wp-content\/uploads\/2025\/08\/p_1364314.webp",720,477,false],"1536x1536":["https:\/\/lunayatravel.com\/wp-content\/uploads\/2025\/08\/p_1364314.webp",720,477,false],"2048x2048":["https:\/\/lunayatravel.com\/wp-content\/uploads\/2025\/08\/p_1364314.webp",720,477,false],"trp-custom-language-flag":["https:\/\/lunayatravel.com\/wp-content\/uploads\/2025\/08\/p_1364314.webp",18,12,false],"widget-thumbnail":["https:\/\/lunayatravel.com\/wp-content\/uploads\/2025\/08\/p_1364314-75x75.webp",75,75,true],"mailpoet_newsletter_max":["https:\/\/lunayatravel.com\/wp-content\/uploads\/2025\/08\/p_1364314.webp",720,477,false],"woocommerce_thumbnail":["https:\/\/lunayatravel.com\/wp-content\/uploads\/2025\/08\/p_1364314-300x300.webp",300,300,true],"woocommerce_single":["https:\/\/lunayatravel.com\/wp-content\/uploads\/2025\/08\/p_1364314-600x398.webp",600,398,true],"woocommerce_gallery_thumbnail":["https:\/\/lunayatravel.com\/wp-content\/uploads\/2025\/08\/p_1364314-100x100.webp",100,100,true],"sow-carousel-default":["https:\/\/lunayatravel.com\/wp-content\/uploads\/2025\/08\/p_1364314-272x182.webp",272,182,true]},"uagb_author_info":{"display_name":"haemers stephanie","author_link":"https:\/\/lunayatravel.com\/en\/author\/"},"uagb_comment_info":0,"uagb_excerpt":"Plong\u00e9e en apn\u00e9e dans les eaux turquoise de Koh Lipe, l\u2019un des joyaux cach\u00e9s du sud de la Tha\u00eflande.Partez en excursion en longtail boat ou speedboat selon la saison, et explorez des sites magnifiques tels que Jabang, Koh Hin Ngam, Koh Adang et Koh Yang. Cette excursion est propos\u00e9e exclusivement en haute saison, lorsque les&hellip;","jetpack_sharing_enabled":true,"_links":{"self":[{"href":"https:\/\/lunayatravel.com\/en\/wp-json\/wp\/v2\/product\/30500","targetHints":{"allow":["GET"]}}],"collection":[{"href":"https:\/\/lunayatravel.com\/en\/wp-json\/wp\/v2\/product"}],"about":[{"href":"https:\/\/lunayatravel.com\/en\/wp-json\/wp\/v2\/types\/product"}],"replies":[{"embeddable":true,"href":"https:\/\/lunayatravel.com\/en\/wp-json\/wp\/v2\/comments?post=30500"}],"wp:featuredmedia":[{"embeddable":true,"href":"https:\/\/lunayatravel.com\/en\/wp-json\/wp\/v2\/media\/30497"}],"wp:attachment":[{"href":"https:\/\/lunayatravel.com\/en\/wp-json\/wp\/v2\/media?parent=30500"}],"wp:term":[{"taxonomy":"product_brand","embeddable":true,"href":"https:\/\/lunayatravel.com\/en\/wp-json\/wp\/v2\/product_brand?post=30500"},{"taxonomy":"product_cat","embeddable":true,"href":"https:\/\/lunayatravel.com\/en\/wp-json\/wp\/v2\/product_cat?post=30500"},{"taxonomy":"product_tag","embeddable":true,"href":"https:\/\/lunayatravel.com\/en\/wp-json\/wp\/v2\/product_tag?post=30500"}],"curies":[{"name":"wp","href":"https:\/\/api.w.org\/{rel}","templated":true}]}}