{"id":30465,"date":"2025-08-01T10:03:02","date_gmt":"2025-08-01T08:03:02","guid":{"rendered":"https:\/\/itctoursvoyages.com\/?post_type=product&#038;p=30465"},"modified":"2025-08-01T10:03:02","modified_gmt":"2025-08-01T08:03:02","slug":"%f0%9f%90%98-combo-aventure-chiang-mai-elephants-karen-long-neck-rafting-tyrolienne","status":"publish","type":"product","link":"https:\/\/lunayatravel.com\/en\/product\/%f0%9f%90%98-combo-aventure-chiang-mai-elephants-karen-long-neck-rafting-tyrolienne\/","title":{"rendered":"\ud83d\udc18 Chiang Mai Adventure Combo: Elephants, Karen Long Neck, Rafting &amp; Tyrolean traverse"},"content":{"rendered":"<h3 data-start=\"1292\" data-end=\"1324\">\ud83d\uddfa\ufe0f <strong data-start=\"1300\" data-end=\"1324\">Itinerary<\/strong><\/h3>\n<ul data-start=\"1325\" data-end=\"1765\">\n<li data-start=\"1325\" data-end=\"1398\">\n<p data-start=\"1327\" data-end=\"1398\"><strong data-start=\"1327\" data-end=\"1346\">08h30 - 09h00 :<\/strong> Pick-up from your hotel (Chiang Mai centre)<\/p>\n<\/li>\n<li data-start=\"1399\" data-end=\"1470\">\n<p data-start=\"1401\" data-end=\"1470\"><strong data-start=\"1401\" data-end=\"1412\">09h30 :<\/strong> Tyrolean traverse adventure (35 platforms in the trees)<\/p>\n<\/li>\n<li data-start=\"1471\" data-end=\"1520\">\n<p data-start=\"1473\" data-end=\"1520\"><strong data-start=\"1473\" data-end=\"1484\">10h30 :<\/strong> Visit to Karen Long Neck village<\/p>\n<\/li>\n<li data-start=\"1521\" data-end=\"1607\">\n<p data-start=\"1523\" data-end=\"1607\"><strong data-start=\"1523\" data-end=\"1534\">11h00 :<\/strong> Meeting and special time with the elephants (feeding &amp; bathing)<\/p>\n<\/li>\n<li data-start=\"1608\" data-end=\"1638\">\n<p data-start=\"1610\" data-end=\"1638\"><strong data-start=\"1610\" data-end=\"1621\">12h00 :<\/strong> Local lunch<\/p>\n<\/li>\n<li data-start=\"1639\" data-end=\"1683\">\n<p data-start=\"1641\" data-end=\"1683\"><strong data-start=\"1641\" data-end=\"1652\">13h00 :<\/strong> White-water rafting (4.5 km)<\/p>\n<\/li>\n<li data-start=\"1684\" data-end=\"1722\">\n<p data-start=\"1686\" data-end=\"1722\"><strong data-start=\"1686\" data-end=\"1697\">14h30 :<\/strong> Return to Chiang Mai<\/p>\n<\/li>\n<li data-start=\"1723\" data-end=\"1765\">\n<p data-start=\"1725\" data-end=\"1765\"><strong data-start=\"1725\" data-end=\"1744\">16h00 - 17h00 :<\/strong> Drop off at your hotel<\/p>\n<\/li>\n<\/ul>\n<hr data-start=\"1767\" data-end=\"1770\" \/>\n<h3 data-start=\"1772\" data-end=\"1801\">\u2705 <strong data-start=\"1778\" data-end=\"1801\">Included in the price<\/strong><\/h3>\n<ul data-start=\"1802\" data-end=\"2049\">\n<li data-start=\"1802\" data-end=\"1854\">\n<p data-start=\"1804\" data-end=\"1854\">Return transfer from Chiang Mai (city)<\/p>\n<\/li>\n<li data-start=\"1855\" data-end=\"1878\">\n<p data-start=\"1857\" data-end=\"1878\">Professional guide<\/p>\n<\/li>\n<li data-start=\"1879\" data-end=\"1892\">\n<p data-start=\"1881\" data-end=\"1892\">Insurance<\/p>\n<\/li>\n<li data-start=\"1893\" data-end=\"1905\">\n<p data-start=\"1895\" data-end=\"1905\">Lunch<\/p>\n<\/li>\n<li data-start=\"1906\" data-end=\"2049\">\n<p data-start=\"1908\" data-end=\"1943\">Entrance fees for all activities :<\/p>\n<ul data-start=\"1946\" data-end=\"2049\">\n<li data-start=\"1946\" data-end=\"1972\">\n<p data-start=\"1948\" data-end=\"1972\">Elephant sanctuary<\/p>\n<\/li>\n<li data-start=\"1975\" data-end=\"2007\">\n<p data-start=\"1977\" data-end=\"2007\">Tyrolean traverse (35 platforms)<\/p>\n<\/li>\n<li data-start=\"2010\" data-end=\"2021\">\n<p data-start=\"2012\" data-end=\"2021\">Rafting<\/p>\n<\/li>\n<li data-start=\"2024\" data-end=\"2049\">\n<p data-start=\"2026\" data-end=\"2049\">Village Karen Long Neck<\/p>\n<\/li>\n<\/ul>\n<\/li>\n<\/ul>\n<hr data-start=\"2051\" data-end=\"2054\" \/>\n<h3 data-start=\"2056\" data-end=\"2076\">\ud83d\udccc <strong data-start=\"2063\" data-end=\"2076\">What to expect<\/strong><\/h3>\n<ul data-start=\"2077\" data-end=\"2297\">\n<li data-start=\"2077\" data-end=\"2121\">\n<p data-start=\"2079\" data-end=\"2121\">Swimming costume or change of clothes<\/p>\n<\/li>\n<li data-start=\"2122\" data-end=\"2179\">\n<p data-start=\"2124\" data-end=\"2179\">Water shoes or comfortable walking shoes<\/p>\n<\/li>\n<li data-start=\"2180\" data-end=\"2193\">\n<p data-start=\"2182\" data-end=\"2193\">Towel<\/p>\n<\/li>\n<li data-start=\"2194\" data-end=\"2222\">\n<p data-start=\"2196\" data-end=\"2222\">Mosquito repellent<\/p>\n<\/li>\n<li data-start=\"2223\" data-end=\"2253\">\n<p data-start=\"2225\" data-end=\"2253\">Camera (optional)<\/p>\n<\/li>\n<li data-start=\"2254\" data-end=\"2297\">\n<p data-start=\"2256\" data-end=\"2297\">Baby insurance surcharge: THB 100\/pax<\/p>\n<\/li>\n<\/ul>","protected":false},"excerpt":{"rendered":"<h3 data-start=\"476\" data-end=\"507\">\ud83d\udcdd <strong data-start=\"483\" data-end=\"505\">Long description<\/strong><\/h3>\n<p data-start=\"508\" data-end=\"699\">Discover the <strong data-start=\"522\" data-end=\"578\">4 must-sees in Chiang Mai in a single day<\/strong> ! This intensive and exciting programme combines <strong data-start=\"622\" data-end=\"662\">nature, culture and thrills<\/strong> in a magnificent mountain setting.<\/p>\n<p data-start=\"701\" data-end=\"949\">Start your day with a <strong data-start=\"734\" data-end=\"780\">a series of 35 zip lines and suspension bridges<\/strong> in the jungle, ideal for getting your adrenalin pumping. Then it's on to the <strong data-start=\"860\" data-end=\"906\">giraffe village Karen Long Neck<\/strong>for a fascinating cultural immersion experience.<\/p>\n<p data-start=\"951\" data-end=\"1285\">You will then join a <strong data-start=\"978\" data-end=\"1012\">ethical elephant sanctuary<\/strong>where you can <strong data-start=\"1030\" data-end=\"1076\">feed, stroke and bathe the elephants<\/strong> in their natural environment. After a <strong data-start=\"1119\" data-end=\"1137\">local lunch<\/strong>you'll be embarking on a session of <strong data-start=\"1174\" data-end=\"1208\">4.5 km of white-water rafting<\/strong>A day of unforgettable aquatic adventure.<\/p>","protected":false},"featured_media":30466,"comment_status":"open","ping_status":"closed","template":"","meta":{"_uag_custom_page_level_css":""},"product_brand":[],"product_cat":[68],"product_tag":[],"class_list":{"0":"post-30465","1":"product","2":"type-product","3":"status-publish","4":"has-post-thumbnail","6":"product_cat-chiang-mai","8":"first","9":"instock","10":"virtual","11":"taxable","12":"purchasable","13":"product-type-simple"},"yoast_head":"<!-- This site is optimized with the Yoast SEO plugin v27.1.1 - https:\/\/yoast.com\/product\/yoast-seo-wordpress\/ -->\n<title>\ud83d\udc18 Combo Aventure Chiang Mai : \u00c9l\u00e9phants, Karen Long Neck, Rafting &amp; Tyrolienne -<\/title>\n<meta name=\"robots\" content=\"index, follow, max-snippet:-1, max-image-preview:large, max-video-preview:-1\" \/>\n<link rel=\"canonical\" href=\"https:\/\/lunayatravel.com\/en\/product\/\ud83d\udc18-combo-aventure-chiang-mai-elephants-karen-long-neck-rafting-tyrolienne\/\" \/>\n<meta property=\"og:locale\" content=\"en_GB\" \/>\n<meta property=\"og:type\" content=\"article\" \/>\n<meta property=\"og:title\" content=\"\ud83d\udc18 Combo Aventure Chiang Mai : \u00c9l\u00e9phants, Karen Long Neck, Rafting &amp; Tyrolienne -\" \/>\n<meta property=\"og:description\" content=\"\ud83d\udcdd Description longue D\u00e9couvrez les 4 incontournables de Chiang Mai en une seule journ\u00e9e ! Ce programme intensif et palpitant allie nature, culture et sensations fortes dans un cadre montagneux magnifique. Commencez votre journ\u00e9e avec une s\u00e9rie de 35 tyroliennes et ponts suspendus dans la jungle, id\u00e9ale pour faire le plein d\u2019adr\u00e9naline. Ensuite, direction le village des femmes girafes Karen Long Neck, pour une immersion culturelle fascinante. Vous rejoindrez ensuite un sanctuaire d\u2019\u00e9l\u00e9phants \u00e9thique, o\u00f9 vous pourrez nourrir, caresser et baigner les \u00e9l\u00e9phants dans leur environnement naturel. Apr\u00e8s un d\u00e9jeuner local, vous embarquez pour une session de rafting en eau vive sur 4,5 km, pour conclure cette journ\u00e9e avec une dose d\u2019aventure aquatique inoubliable.\" \/>\n<meta property=\"og:url\" content=\"https:\/\/lunayatravel.com\/en\/product\/\ud83d\udc18-combo-aventure-chiang-mai-elephants-karen-long-neck-rafting-tyrolienne\/\" \/>\n<meta property=\"article:publisher\" content=\"https:\/\/www.facebook.com\/lunayaTravel\/\" \/>\n<meta property=\"og:image\" content=\"https:\/\/lunayatravel.com\/wp-content\/uploads\/2025\/08\/08-4.webp\" \/>\n\t<meta property=\"og:image:width\" content=\"720\" \/>\n\t<meta property=\"og:image:height\" content=\"540\" \/>\n\t<meta property=\"og:image:type\" content=\"image\/webp\" \/>\n<meta name=\"twitter:card\" content=\"summary_large_image\" \/>\n<meta name=\"twitter:label1\" content=\"Estimated reading time\" \/>\n\t<meta name=\"twitter:data1\" content=\"1 minute\" \/>\n<script type=\"application\/ld+json\" class=\"yoast-schema-graph\">{\"@context\":\"https:\/\/schema.org\",\"@graph\":[{\"@type\":\"WebPage\",\"@id\":\"https:\/\/lunayatravel.com\/produit\/%f0%9f%90%98-combo-aventure-chiang-mai-elephants-karen-long-neck-rafting-tyrolienne\/\",\"url\":\"https:\/\/lunayatravel.com\/produit\/%f0%9f%90%98-combo-aventure-chiang-mai-elephants-karen-long-neck-rafting-tyrolienne\/\",\"name\":\"\ud83d\udc18 Combo Aventure Chiang Mai : \u00c9l\u00e9phants, Karen Long Neck, Rafting & Tyrolienne -\",\"isPartOf\":{\"@id\":\"https:\/\/lunayatravel.com\/#website\"},\"primaryImageOfPage\":{\"@id\":\"https:\/\/lunayatravel.com\/produit\/%f0%9f%90%98-combo-aventure-chiang-mai-elephants-karen-long-neck-rafting-tyrolienne\/#primaryimage\"},\"image\":{\"@id\":\"https:\/\/lunayatravel.com\/produit\/%f0%9f%90%98-combo-aventure-chiang-mai-elephants-karen-long-neck-rafting-tyrolienne\/#primaryimage\"},\"thumbnailUrl\":\"https:\/\/lunayatravel.com\/wp-content\/uploads\/2025\/08\/08-4.webp\",\"datePublished\":\"2025-08-01T08:03:02+00:00\",\"breadcrumb\":{\"@id\":\"https:\/\/lunayatravel.com\/produit\/%f0%9f%90%98-combo-aventure-chiang-mai-elephants-karen-long-neck-rafting-tyrolienne\/#breadcrumb\"},\"inLanguage\":\"en-GB\",\"potentialAction\":[{\"@type\":\"ReadAction\",\"target\":[\"https:\/\/lunayatravel.com\/produit\/%f0%9f%90%98-combo-aventure-chiang-mai-elephants-karen-long-neck-rafting-tyrolienne\/\"]}]},{\"@type\":\"ImageObject\",\"inLanguage\":\"en-GB\",\"@id\":\"https:\/\/lunayatravel.com\/produit\/%f0%9f%90%98-combo-aventure-chiang-mai-elephants-karen-long-neck-rafting-tyrolienne\/#primaryimage\",\"url\":\"https:\/\/lunayatravel.com\/wp-content\/uploads\/2025\/08\/08-4.webp\",\"contentUrl\":\"https:\/\/lunayatravel.com\/wp-content\/uploads\/2025\/08\/08-4.webp\",\"width\":720,\"height\":540},{\"@type\":\"BreadcrumbList\",\"@id\":\"https:\/\/lunayatravel.com\/produit\/%f0%9f%90%98-combo-aventure-chiang-mai-elephants-karen-long-neck-rafting-tyrolienne\/#breadcrumb\",\"itemListElement\":[{\"@type\":\"ListItem\",\"position\":1,\"name\":\"Accueil\",\"item\":\"https:\/\/lunayatravel.com\/\"},{\"@type\":\"ListItem\",\"position\":2,\"name\":\"Nos activit\u00e9s\",\"item\":\"https:\/\/lunayatravel.com\/nos-activites\/\"},{\"@type\":\"ListItem\",\"position\":3,\"name\":\"\ud83d\udc18 Combo Aventure Chiang Mai : \u00c9l\u00e9phants, Karen Long Neck, Rafting &#038; Tyrolienne\"}]},{\"@type\":\"WebSite\",\"@id\":\"https:\/\/lunayatravel.com\/#website\",\"url\":\"https:\/\/lunayatravel.com\/\",\"name\":\"\",\"description\":\"\",\"publisher\":{\"@id\":\"https:\/\/lunayatravel.com\/#organization\"},\"potentialAction\":[{\"@type\":\"SearchAction\",\"target\":{\"@type\":\"EntryPoint\",\"urlTemplate\":\"https:\/\/lunayatravel.com\/?s={search_term_string}\"},\"query-input\":{\"@type\":\"PropertyValueSpecification\",\"valueRequired\":true,\"valueName\":\"search_term_string\"}}],\"inLanguage\":\"en-GB\"},{\"@type\":\"Organization\",\"@id\":\"https:\/\/lunayatravel.com\/#organization\",\"name\":\"Lunaya travel\",\"alternateName\":\"Lunaya travel\",\"url\":\"https:\/\/lunayatravel.com\/\",\"logo\":{\"@type\":\"ImageObject\",\"inLanguage\":\"en-GB\",\"@id\":\"https:\/\/lunayatravel.com\/#\/schema\/logo\/image\/\",\"url\":\"https:\/\/lunayatravel.com\/wp-content\/uploads\/2026\/03\/cropped-647319118_2379115739204013_337015058165053143_n.jpg\",\"contentUrl\":\"https:\/\/lunayatravel.com\/wp-content\/uploads\/2026\/03\/cropped-647319118_2379115739204013_337015058165053143_n.jpg\",\"width\":1022,\"height\":1023,\"caption\":\"Lunaya travel\"},\"image\":{\"@id\":\"https:\/\/lunayatravel.com\/#\/schema\/logo\/image\/\"},\"sameAs\":[\"https:\/\/www.facebook.com\/lunayaTravel\/\"]}]}<\/script>\n<!-- \/ Yoast SEO plugin. -->","yoast_head_json":{"title":"\ud83d\udc18 Combo Aventure Chiang Mai : \u00c9l\u00e9phants, Karen Long Neck, Rafting & Tyrolienne -","robots":{"index":"index","follow":"follow","max-snippet":"max-snippet:-1","max-image-preview":"max-image-preview:large","max-video-preview":"max-video-preview:-1"},"canonical":"https:\/\/lunayatravel.com\/en\/product\/\ud83d\udc18-combo-aventure-chiang-mai-elephants-karen-long-neck-rafting-tyrolienne\/","og_locale":"en_GB","og_type":"article","og_title":"\ud83d\udc18 Combo Aventure Chiang Mai : \u00c9l\u00e9phants, Karen Long Neck, Rafting & Tyrolienne -","og_description":"\ud83d\udcdd Description longue D\u00e9couvrez les 4 incontournables de Chiang Mai en une seule journ\u00e9e ! Ce programme intensif et palpitant allie nature, culture et sensations fortes dans un cadre montagneux magnifique. Commencez votre journ\u00e9e avec une s\u00e9rie de 35 tyroliennes et ponts suspendus dans la jungle, id\u00e9ale pour faire le plein d\u2019adr\u00e9naline. Ensuite, direction le village des femmes girafes Karen Long Neck, pour une immersion culturelle fascinante. Vous rejoindrez ensuite un sanctuaire d\u2019\u00e9l\u00e9phants \u00e9thique, o\u00f9 vous pourrez nourrir, caresser et baigner les \u00e9l\u00e9phants dans leur environnement naturel. Apr\u00e8s un d\u00e9jeuner local, vous embarquez pour une session de rafting en eau vive sur 4,5 km, pour conclure cette journ\u00e9e avec une dose d\u2019aventure aquatique inoubliable.","og_url":"https:\/\/lunayatravel.com\/en\/product\/\ud83d\udc18-combo-aventure-chiang-mai-elephants-karen-long-neck-rafting-tyrolienne\/","article_publisher":"https:\/\/www.facebook.com\/lunayaTravel\/","og_image":[{"width":720,"height":540,"url":"https:\/\/lunayatravel.com\/wp-content\/uploads\/2025\/08\/08-4.webp","type":"image\/webp"}],"twitter_card":"summary_large_image","twitter_misc":{"Estimated reading time":"1 minute"},"schema":{"@context":"https:\/\/schema.org","@graph":[{"@type":"WebPage","@id":"https:\/\/lunayatravel.com\/produit\/%f0%9f%90%98-combo-aventure-chiang-mai-elephants-karen-long-neck-rafting-tyrolienne\/","url":"https:\/\/lunayatravel.com\/produit\/%f0%9f%90%98-combo-aventure-chiang-mai-elephants-karen-long-neck-rafting-tyrolienne\/","name":"\ud83d\udc18 Combo Aventure Chiang Mai : \u00c9l\u00e9phants, Karen Long Neck, Rafting & Tyrolienne -","isPartOf":{"@id":"https:\/\/lunayatravel.com\/#website"},"primaryImageOfPage":{"@id":"https:\/\/lunayatravel.com\/produit\/%f0%9f%90%98-combo-aventure-chiang-mai-elephants-karen-long-neck-rafting-tyrolienne\/#primaryimage"},"image":{"@id":"https:\/\/lunayatravel.com\/produit\/%f0%9f%90%98-combo-aventure-chiang-mai-elephants-karen-long-neck-rafting-tyrolienne\/#primaryimage"},"thumbnailUrl":"https:\/\/lunayatravel.com\/wp-content\/uploads\/2025\/08\/08-4.webp","datePublished":"2025-08-01T08:03:02+00:00","breadcrumb":{"@id":"https:\/\/lunayatravel.com\/produit\/%f0%9f%90%98-combo-aventure-chiang-mai-elephants-karen-long-neck-rafting-tyrolienne\/#breadcrumb"},"inLanguage":"en-GB","potentialAction":[{"@type":"ReadAction","target":["https:\/\/lunayatravel.com\/produit\/%f0%9f%90%98-combo-aventure-chiang-mai-elephants-karen-long-neck-rafting-tyrolienne\/"]}]},{"@type":"ImageObject","inLanguage":"en-GB","@id":"https:\/\/lunayatravel.com\/produit\/%f0%9f%90%98-combo-aventure-chiang-mai-elephants-karen-long-neck-rafting-tyrolienne\/#primaryimage","url":"https:\/\/lunayatravel.com\/wp-content\/uploads\/2025\/08\/08-4.webp","contentUrl":"https:\/\/lunayatravel.com\/wp-content\/uploads\/2025\/08\/08-4.webp","width":720,"height":540},{"@type":"BreadcrumbList","@id":"https:\/\/lunayatravel.com\/produit\/%f0%9f%90%98-combo-aventure-chiang-mai-elephants-karen-long-neck-rafting-tyrolienne\/#breadcrumb","itemListElement":[{"@type":"ListItem","position":1,"name":"Accueil","item":"https:\/\/lunayatravel.com\/"},{"@type":"ListItem","position":2,"name":"Nos activit\u00e9s","item":"https:\/\/lunayatravel.com\/nos-activites\/"},{"@type":"ListItem","position":3,"name":"\ud83d\udc18 Combo Aventure Chiang Mai : \u00c9l\u00e9phants, Karen Long Neck, Rafting &#038; Tyrolienne"}]},{"@type":"WebSite","@id":"https:\/\/lunayatravel.com\/#website","url":"https:\/\/lunayatravel.com\/","name":"","description":"","publisher":{"@id":"https:\/\/lunayatravel.com\/#organization"},"potentialAction":[{"@type":"SearchAction","target":{"@type":"EntryPoint","urlTemplate":"https:\/\/lunayatravel.com\/?s={search_term_string}"},"query-input":{"@type":"PropertyValueSpecification","valueRequired":true,"valueName":"search_term_string"}}],"inLanguage":"en-GB"},{"@type":"Organization","@id":"https:\/\/lunayatravel.com\/#organization","name":"Lunaya travel","alternateName":"Lunaya travel","url":"https:\/\/lunayatravel.com\/","logo":{"@type":"ImageObject","inLanguage":"en-GB","@id":"https:\/\/lunayatravel.com\/#\/schema\/logo\/image\/","url":"https:\/\/lunayatravel.com\/wp-content\/uploads\/2026\/03\/cropped-647319118_2379115739204013_337015058165053143_n.jpg","contentUrl":"https:\/\/lunayatravel.com\/wp-content\/uploads\/2026\/03\/cropped-647319118_2379115739204013_337015058165053143_n.jpg","width":1022,"height":1023,"caption":"Lunaya travel"},"image":{"@id":"https:\/\/lunayatravel.com\/#\/schema\/logo\/image\/"},"sameAs":["https:\/\/www.facebook.com\/lunayaTravel\/"]}]}},"uagb_featured_image_src":{"full":["https:\/\/lunayatravel.com\/wp-content\/uploads\/2025\/08\/08-4.webp",720,540,false],"thumbnail":["https:\/\/lunayatravel.com\/wp-content\/uploads\/2025\/08\/08-4-150x150.webp",150,150,true],"medium":["https:\/\/lunayatravel.com\/wp-content\/uploads\/2025\/08\/08-4-300x225.webp",300,225,true],"medium_large":["https:\/\/lunayatravel.com\/wp-content\/uploads\/2025\/08\/08-4.webp",720,540,false],"large":["https:\/\/lunayatravel.com\/wp-content\/uploads\/2025\/08\/08-4.webp",720,540,false],"1536x1536":["https:\/\/lunayatravel.com\/wp-content\/uploads\/2025\/08\/08-4.webp",720,540,false],"2048x2048":["https:\/\/lunayatravel.com\/wp-content\/uploads\/2025\/08\/08-4.webp",720,540,false],"trp-custom-language-flag":["https:\/\/lunayatravel.com\/wp-content\/uploads\/2025\/08\/08-4.webp",16,12,false],"widget-thumbnail":["https:\/\/lunayatravel.com\/wp-content\/uploads\/2025\/08\/08-4-75x75.webp",75,75,true],"mailpoet_newsletter_max":["https:\/\/lunayatravel.com\/wp-content\/uploads\/2025\/08\/08-4.webp",720,540,false],"woocommerce_thumbnail":["https:\/\/lunayatravel.com\/wp-content\/uploads\/2025\/08\/08-4-300x300.webp",300,300,true],"woocommerce_single":["https:\/\/lunayatravel.com\/wp-content\/uploads\/2025\/08\/08-4-600x450.webp",600,450,true],"woocommerce_gallery_thumbnail":["https:\/\/lunayatravel.com\/wp-content\/uploads\/2025\/08\/08-4-100x100.webp",100,100,true],"sow-carousel-default":["https:\/\/lunayatravel.com\/wp-content\/uploads\/2025\/08\/08-4-272x182.webp",272,182,true]},"uagb_author_info":{"display_name":"haemers stephanie","author_link":"https:\/\/lunayatravel.com\/en\/author\/"},"uagb_comment_info":0,"uagb_excerpt":"\ud83d\udcdd Description longue D\u00e9couvrez les 4 incontournables de Chiang Mai en une seule journ\u00e9e ! Ce programme intensif et palpitant allie nature, culture et sensations fortes dans un cadre montagneux magnifique. Commencez votre journ\u00e9e avec une s\u00e9rie de 35 tyroliennes et ponts suspendus dans la jungle, id\u00e9ale pour faire le plein d\u2019adr\u00e9naline. Ensuite, direction le&hellip;","jetpack_sharing_enabled":true,"_links":{"self":[{"href":"https:\/\/lunayatravel.com\/en\/wp-json\/wp\/v2\/product\/30465","targetHints":{"allow":["GET"]}}],"collection":[{"href":"https:\/\/lunayatravel.com\/en\/wp-json\/wp\/v2\/product"}],"about":[{"href":"https:\/\/lunayatravel.com\/en\/wp-json\/wp\/v2\/types\/product"}],"replies":[{"embeddable":true,"href":"https:\/\/lunayatravel.com\/en\/wp-json\/wp\/v2\/comments?post=30465"}],"wp:featuredmedia":[{"embeddable":true,"href":"https:\/\/lunayatravel.com\/en\/wp-json\/wp\/v2\/media\/30466"}],"wp:attachment":[{"href":"https:\/\/lunayatravel.com\/en\/wp-json\/wp\/v2\/media?parent=30465"}],"wp:term":[{"taxonomy":"product_brand","embeddable":true,"href":"https:\/\/lunayatravel.com\/en\/wp-json\/wp\/v2\/product_brand?post=30465"},{"taxonomy":"product_cat","embeddable":true,"href":"https:\/\/lunayatravel.com\/en\/wp-json\/wp\/v2\/product_cat?post=30465"},{"taxonomy":"product_tag","embeddable":true,"href":"https:\/\/lunayatravel.com\/en\/wp-json\/wp\/v2\/product_tag?post=30465"}],"curies":[{"name":"wp","href":"https:\/\/api.w.org\/{rel}","templated":true}]}}