{"id":30455,"date":"2025-08-01T09:47:09","date_gmt":"2025-08-01T07:47:09","guid":{"rendered":"https:\/\/itctoursvoyages.com\/?post_type=product&#038;p=30455"},"modified":"2025-08-01T09:47:10","modified_gmt":"2025-08-01T07:47:10","slug":"%f0%9f%90%98-sanctuaire-des-elephants-de-kanta-demi-journee-ethique","status":"publish","type":"product","link":"https:\/\/lunayatravel.com\/en\/product\/%f0%9f%90%98-sanctuaire-des-elephants-de-kanta-demi-journee-ethique\/","title":{"rendered":"\ud83d\udc18 Kanta Elephant Sanctuary - Ethical half-day trip"},"content":{"rendered":"<h3 data-start=\"1621\" data-end=\"1654\">\ud83d\udd58 <strong data-start=\"1628\" data-end=\"1652\">Schedules available<\/strong><\/h3>\n<ul data-start=\"1655\" data-end=\"1739\">\n<li data-start=\"1655\" data-end=\"1694\">\n<p data-start=\"1657\" data-end=\"1694\"><strong data-start=\"1657\" data-end=\"1678\">Morning programme :<\/strong> 06h30 - 12h00<\/p>\n<\/li>\n<li data-start=\"1695\" data-end=\"1739\">\n<p data-start=\"1697\" data-end=\"1739\"><strong data-start=\"1697\" data-end=\"1723\">Afternoon programme :<\/strong> 1pm - 6pm<\/p>\n<\/li>\n<\/ul>\n<blockquote data-start=\"1740\" data-end=\"1820\">\n<p data-start=\"1742\" data-end=\"1820\"><em data-start=\"1742\" data-end=\"1820\">Flexible timetables to ensure the best possible experience with the elephants<\/em><\/p>\n<\/blockquote>\n<hr data-start=\"1822\" data-end=\"1825\" \/>\n<h3 data-start=\"1827\" data-end=\"1856\">\u2705 <strong data-start=\"1833\" data-end=\"1854\">What's included<\/strong><\/h3>\n<ul data-start=\"1857\" data-end=\"2073\">\n<li data-start=\"1857\" data-end=\"1927\">\n<p data-start=\"1859\" data-end=\"1927\">Return transport from your accommodation (Chiang Mai city)<\/p>\n<\/li>\n<li data-start=\"1928\" data-end=\"1954\">\n<p data-start=\"1930\" data-end=\"1954\">Local English-speaking guide<\/p>\n<\/li>\n<li data-start=\"1955\" data-end=\"1977\">\n<p data-start=\"1957\" data-end=\"1977\">Accident insurance<\/p>\n<\/li>\n<li data-start=\"1978\" data-end=\"2011\">\n<p data-start=\"1980\" data-end=\"2011\">Drinking water, fruit and snacks<\/p>\n<\/li>\n<li data-start=\"2012\" data-end=\"2045\">\n<p data-start=\"2014\" data-end=\"2045\">Food for elephants<\/p>\n<\/li>\n<li data-start=\"2046\" data-end=\"2073\">\n<p data-start=\"2048\" data-end=\"2073\">Traditional clothing<\/p>\n<\/li>\n<\/ul>\n<hr data-start=\"2075\" data-end=\"2078\" \/>\n<h3 data-start=\"2080\" data-end=\"2103\">\ud83e\uddf3 <strong data-start=\"2087\" data-end=\"2101\">To bring<\/strong><\/h3>\n<ul data-start=\"2104\" data-end=\"2285\">\n<li data-start=\"2104\" data-end=\"2136\">\n<p data-start=\"2106\" data-end=\"2136\">Swimming costume and towel<\/p>\n<\/li>\n<li data-start=\"2137\" data-end=\"2162\">\n<p data-start=\"2139\" data-end=\"2162\">Spare clothing<\/p>\n<\/li>\n<li data-start=\"2163\" data-end=\"2199\">\n<p data-start=\"2165\" data-end=\"2199\">Walking shoes or sandals<\/p>\n<\/li>\n<li data-start=\"2200\" data-end=\"2226\">\n<p data-start=\"2202\" data-end=\"2226\">Hat, sun cream<\/p>\n<\/li>\n<li data-start=\"2227\" data-end=\"2255\">\n<p data-start=\"2229\" data-end=\"2255\">Mosquito repellent<\/p>\n<\/li>\n<li data-start=\"2256\" data-end=\"2285\">\n<p data-start=\"2258\" data-end=\"2285\">Camera (optional)<\/p>\n<\/li>\n<\/ul>","protected":false},"excerpt":{"rendered":"<h3 data-start=\"352\" data-end=\"383\">\ud83c\udf1f <strong data-start=\"359\" data-end=\"381\">Short description<\/strong><\/h3>\n<p data-start=\"384\" data-end=\"530\">Meet the elephants in a 100 % ethical sanctuary in Chiang Mai. Cuddles, mud, swimming and lots of sweetness for an unforgettable experience!<\/p>\n<h3 data-start=\"1353\" data-end=\"1378\">\ud83d\udc18 <strong data-start=\"1360\" data-end=\"1376\">Highlights<\/strong><\/h3>\n<ul data-start=\"1379\" data-end=\"1614\">\n<li data-start=\"1379\" data-end=\"1412\">\n<p data-start=\"1381\" data-end=\"1412\">Ethical and sustainable sanctuary<\/p>\n<\/li>\n<li data-start=\"1413\" data-end=\"1452\">\n<p data-start=\"1415\" data-end=\"1452\">No training, no exploitation<\/p>\n<\/li>\n<li data-start=\"1453\" data-end=\"1500\">\n<p data-start=\"1455\" data-end=\"1500\">Cuddles, mud and bathing with the elephants<\/p>\n<\/li>\n<li data-start=\"1501\" data-end=\"1536\">\n<p data-start=\"1503\" data-end=\"1536\">Traditional clothing provided<\/p>\n<\/li>\n<li data-start=\"1537\" data-end=\"1572\">\n<p data-start=\"1539\" data-end=\"1572\">Total immersion in nature<\/p>\n<\/li>\n<li data-start=\"1573\" data-end=\"1614\">\n<p data-start=\"1575\" data-end=\"1614\">Snacks and seasonal fruit included<\/p>\n<\/li>\n<\/ul>","protected":false},"featured_media":30457,"comment_status":"open","ping_status":"closed","template":"","meta":{"_uag_custom_page_level_css":""},"product_brand":[],"product_cat":[68],"product_tag":[],"class_list":{"0":"post-30455","1":"product","2":"type-product","3":"status-publish","4":"has-post-thumbnail","6":"product_cat-chiang-mai","8":"first","9":"instock","10":"virtual","11":"taxable","12":"purchasable","13":"product-type-simple"},"yoast_head":"<!-- This site is optimized with the Yoast SEO plugin v27.1.1 - https:\/\/yoast.com\/product\/yoast-seo-wordpress\/ -->\n<title>\ud83d\udc18 Sanctuaire des \u00e9l\u00e9phants de Kanta \u2013 Demi-journ\u00e9e \u00e9thique -<\/title>\n<meta name=\"robots\" content=\"index, follow, max-snippet:-1, max-image-preview:large, max-video-preview:-1\" \/>\n<link rel=\"canonical\" href=\"https:\/\/lunayatravel.com\/en\/product\/\ud83d\udc18-sanctuaire-des-elephants-de-kanta-demi-journee-ethique\/\" \/>\n<meta property=\"og:locale\" content=\"en_GB\" \/>\n<meta property=\"og:type\" content=\"article\" \/>\n<meta property=\"og:title\" content=\"\ud83d\udc18 Sanctuaire des \u00e9l\u00e9phants de Kanta \u2013 Demi-journ\u00e9e \u00e9thique -\" \/>\n<meta property=\"og:description\" content=\"\ud83c\udf1f Description courte Rencontrez les \u00e9l\u00e9phants dans un sanctuaire 100 % \u00e9thique \u00e0 Chiang Mai. C\u00e2lins, boue, baignade et beaucoup de douceur pour un moment inoubliable !  \ud83d\udc18 Points forts    Sanctuaire \u00e9thique et durable    Aucun dressage, aucune exploitation    C\u00e2lins, boue et baignade avec les \u00e9l\u00e9phants    V\u00eatements traditionnels fournis    Immersion totale dans la nature    Collations et fruits de saison inclus\" \/>\n<meta property=\"og:url\" content=\"https:\/\/lunayatravel.com\/en\/product\/\ud83d\udc18-sanctuaire-des-elephants-de-kanta-demi-journee-ethique\/\" \/>\n<meta property=\"article:publisher\" content=\"https:\/\/www.facebook.com\/lunayaTravel\/\" \/>\n<meta property=\"article:modified_time\" content=\"2025-08-01T07:47:10+00:00\" \/>\n<meta property=\"og:image\" content=\"https:\/\/lunayatravel.com\/wp-content\/uploads\/2025\/08\/05_Kanta_Elephant_Sanctuary_Park4.webp\" \/>\n\t<meta property=\"og:image:width\" content=\"720\" \/>\n\t<meta property=\"og:image:height\" content=\"546\" \/>\n\t<meta property=\"og:image:type\" content=\"image\/webp\" \/>\n<meta name=\"twitter:card\" content=\"summary_large_image\" \/>\n<script type=\"application\/ld+json\" class=\"yoast-schema-graph\">{\"@context\":\"https:\/\/schema.org\",\"@graph\":[{\"@type\":\"WebPage\",\"@id\":\"https:\/\/lunayatravel.com\/produit\/%f0%9f%90%98-sanctuaire-des-elephants-de-kanta-demi-journee-ethique\/\",\"url\":\"https:\/\/lunayatravel.com\/produit\/%f0%9f%90%98-sanctuaire-des-elephants-de-kanta-demi-journee-ethique\/\",\"name\":\"\ud83d\udc18 Sanctuaire des \u00e9l\u00e9phants de Kanta \u2013 Demi-journ\u00e9e \u00e9thique -\",\"isPartOf\":{\"@id\":\"https:\/\/lunayatravel.com\/#website\"},\"primaryImageOfPage\":{\"@id\":\"https:\/\/lunayatravel.com\/produit\/%f0%9f%90%98-sanctuaire-des-elephants-de-kanta-demi-journee-ethique\/#primaryimage\"},\"image\":{\"@id\":\"https:\/\/lunayatravel.com\/produit\/%f0%9f%90%98-sanctuaire-des-elephants-de-kanta-demi-journee-ethique\/#primaryimage\"},\"thumbnailUrl\":\"https:\/\/lunayatravel.com\/wp-content\/uploads\/2025\/08\/05_Kanta_Elephant_Sanctuary_Park4.webp\",\"datePublished\":\"2025-08-01T07:47:09+00:00\",\"dateModified\":\"2025-08-01T07:47:10+00:00\",\"breadcrumb\":{\"@id\":\"https:\/\/lunayatravel.com\/produit\/%f0%9f%90%98-sanctuaire-des-elephants-de-kanta-demi-journee-ethique\/#breadcrumb\"},\"inLanguage\":\"en-GB\",\"potentialAction\":[{\"@type\":\"ReadAction\",\"target\":[\"https:\/\/lunayatravel.com\/produit\/%f0%9f%90%98-sanctuaire-des-elephants-de-kanta-demi-journee-ethique\/\"]}]},{\"@type\":\"ImageObject\",\"inLanguage\":\"en-GB\",\"@id\":\"https:\/\/lunayatravel.com\/produit\/%f0%9f%90%98-sanctuaire-des-elephants-de-kanta-demi-journee-ethique\/#primaryimage\",\"url\":\"https:\/\/lunayatravel.com\/wp-content\/uploads\/2025\/08\/05_Kanta_Elephant_Sanctuary_Park4.webp\",\"contentUrl\":\"https:\/\/lunayatravel.com\/wp-content\/uploads\/2025\/08\/05_Kanta_Elephant_Sanctuary_Park4.webp\",\"width\":720,\"height\":546},{\"@type\":\"BreadcrumbList\",\"@id\":\"https:\/\/lunayatravel.com\/produit\/%f0%9f%90%98-sanctuaire-des-elephants-de-kanta-demi-journee-ethique\/#breadcrumb\",\"itemListElement\":[{\"@type\":\"ListItem\",\"position\":1,\"name\":\"Accueil\",\"item\":\"https:\/\/lunayatravel.com\/\"},{\"@type\":\"ListItem\",\"position\":2,\"name\":\"Nos activit\u00e9s\",\"item\":\"https:\/\/lunayatravel.com\/nos-activites\/\"},{\"@type\":\"ListItem\",\"position\":3,\"name\":\"\ud83d\udc18 Sanctuaire des \u00e9l\u00e9phants de Kanta \u2013 Demi-journ\u00e9e \u00e9thique\"}]},{\"@type\":\"WebSite\",\"@id\":\"https:\/\/lunayatravel.com\/#website\",\"url\":\"https:\/\/lunayatravel.com\/\",\"name\":\"\",\"description\":\"\",\"publisher\":{\"@id\":\"https:\/\/lunayatravel.com\/#organization\"},\"potentialAction\":[{\"@type\":\"SearchAction\",\"target\":{\"@type\":\"EntryPoint\",\"urlTemplate\":\"https:\/\/lunayatravel.com\/?s={search_term_string}\"},\"query-input\":{\"@type\":\"PropertyValueSpecification\",\"valueRequired\":true,\"valueName\":\"search_term_string\"}}],\"inLanguage\":\"en-GB\"},{\"@type\":\"Organization\",\"@id\":\"https:\/\/lunayatravel.com\/#organization\",\"name\":\"Lunaya travel\",\"alternateName\":\"Lunaya travel\",\"url\":\"https:\/\/lunayatravel.com\/\",\"logo\":{\"@type\":\"ImageObject\",\"inLanguage\":\"en-GB\",\"@id\":\"https:\/\/lunayatravel.com\/#\/schema\/logo\/image\/\",\"url\":\"https:\/\/lunayatravel.com\/wp-content\/uploads\/2026\/03\/cropped-647319118_2379115739204013_337015058165053143_n.jpg\",\"contentUrl\":\"https:\/\/lunayatravel.com\/wp-content\/uploads\/2026\/03\/cropped-647319118_2379115739204013_337015058165053143_n.jpg\",\"width\":1022,\"height\":1023,\"caption\":\"Lunaya travel\"},\"image\":{\"@id\":\"https:\/\/lunayatravel.com\/#\/schema\/logo\/image\/\"},\"sameAs\":[\"https:\/\/www.facebook.com\/lunayaTravel\/\"]}]}<\/script>\n<!-- \/ Yoast SEO plugin. -->","yoast_head_json":{"title":"\ud83d\udc18 Sanctuaire des \u00e9l\u00e9phants de Kanta \u2013 Demi-journ\u00e9e \u00e9thique -","robots":{"index":"index","follow":"follow","max-snippet":"max-snippet:-1","max-image-preview":"max-image-preview:large","max-video-preview":"max-video-preview:-1"},"canonical":"https:\/\/lunayatravel.com\/en\/product\/\ud83d\udc18-sanctuaire-des-elephants-de-kanta-demi-journee-ethique\/","og_locale":"en_GB","og_type":"article","og_title":"\ud83d\udc18 Sanctuaire des \u00e9l\u00e9phants de Kanta \u2013 Demi-journ\u00e9e \u00e9thique -","og_description":"\ud83c\udf1f Description courte Rencontrez les \u00e9l\u00e9phants dans un sanctuaire 100 % \u00e9thique \u00e0 Chiang Mai. C\u00e2lins, boue, baignade et beaucoup de douceur pour un moment inoubliable !  \ud83d\udc18 Points forts    Sanctuaire \u00e9thique et durable    Aucun dressage, aucune exploitation    C\u00e2lins, boue et baignade avec les \u00e9l\u00e9phants    V\u00eatements traditionnels fournis    Immersion totale dans la nature    Collations et fruits de saison inclus","og_url":"https:\/\/lunayatravel.com\/en\/product\/\ud83d\udc18-sanctuaire-des-elephants-de-kanta-demi-journee-ethique\/","article_publisher":"https:\/\/www.facebook.com\/lunayaTravel\/","article_modified_time":"2025-08-01T07:47:10+00:00","og_image":[{"width":720,"height":546,"url":"https:\/\/lunayatravel.com\/wp-content\/uploads\/2025\/08\/05_Kanta_Elephant_Sanctuary_Park4.webp","type":"image\/webp"}],"twitter_card":"summary_large_image","schema":{"@context":"https:\/\/schema.org","@graph":[{"@type":"WebPage","@id":"https:\/\/lunayatravel.com\/produit\/%f0%9f%90%98-sanctuaire-des-elephants-de-kanta-demi-journee-ethique\/","url":"https:\/\/lunayatravel.com\/produit\/%f0%9f%90%98-sanctuaire-des-elephants-de-kanta-demi-journee-ethique\/","name":"\ud83d\udc18 Sanctuaire des \u00e9l\u00e9phants de Kanta \u2013 Demi-journ\u00e9e \u00e9thique -","isPartOf":{"@id":"https:\/\/lunayatravel.com\/#website"},"primaryImageOfPage":{"@id":"https:\/\/lunayatravel.com\/produit\/%f0%9f%90%98-sanctuaire-des-elephants-de-kanta-demi-journee-ethique\/#primaryimage"},"image":{"@id":"https:\/\/lunayatravel.com\/produit\/%f0%9f%90%98-sanctuaire-des-elephants-de-kanta-demi-journee-ethique\/#primaryimage"},"thumbnailUrl":"https:\/\/lunayatravel.com\/wp-content\/uploads\/2025\/08\/05_Kanta_Elephant_Sanctuary_Park4.webp","datePublished":"2025-08-01T07:47:09+00:00","dateModified":"2025-08-01T07:47:10+00:00","breadcrumb":{"@id":"https:\/\/lunayatravel.com\/produit\/%f0%9f%90%98-sanctuaire-des-elephants-de-kanta-demi-journee-ethique\/#breadcrumb"},"inLanguage":"en-GB","potentialAction":[{"@type":"ReadAction","target":["https:\/\/lunayatravel.com\/produit\/%f0%9f%90%98-sanctuaire-des-elephants-de-kanta-demi-journee-ethique\/"]}]},{"@type":"ImageObject","inLanguage":"en-GB","@id":"https:\/\/lunayatravel.com\/produit\/%f0%9f%90%98-sanctuaire-des-elephants-de-kanta-demi-journee-ethique\/#primaryimage","url":"https:\/\/lunayatravel.com\/wp-content\/uploads\/2025\/08\/05_Kanta_Elephant_Sanctuary_Park4.webp","contentUrl":"https:\/\/lunayatravel.com\/wp-content\/uploads\/2025\/08\/05_Kanta_Elephant_Sanctuary_Park4.webp","width":720,"height":546},{"@type":"BreadcrumbList","@id":"https:\/\/lunayatravel.com\/produit\/%f0%9f%90%98-sanctuaire-des-elephants-de-kanta-demi-journee-ethique\/#breadcrumb","itemListElement":[{"@type":"ListItem","position":1,"name":"Accueil","item":"https:\/\/lunayatravel.com\/"},{"@type":"ListItem","position":2,"name":"Nos activit\u00e9s","item":"https:\/\/lunayatravel.com\/nos-activites\/"},{"@type":"ListItem","position":3,"name":"\ud83d\udc18 Sanctuaire des \u00e9l\u00e9phants de Kanta \u2013 Demi-journ\u00e9e \u00e9thique"}]},{"@type":"WebSite","@id":"https:\/\/lunayatravel.com\/#website","url":"https:\/\/lunayatravel.com\/","name":"","description":"","publisher":{"@id":"https:\/\/lunayatravel.com\/#organization"},"potentialAction":[{"@type":"SearchAction","target":{"@type":"EntryPoint","urlTemplate":"https:\/\/lunayatravel.com\/?s={search_term_string}"},"query-input":{"@type":"PropertyValueSpecification","valueRequired":true,"valueName":"search_term_string"}}],"inLanguage":"en-GB"},{"@type":"Organization","@id":"https:\/\/lunayatravel.com\/#organization","name":"Lunaya travel","alternateName":"Lunaya travel","url":"https:\/\/lunayatravel.com\/","logo":{"@type":"ImageObject","inLanguage":"en-GB","@id":"https:\/\/lunayatravel.com\/#\/schema\/logo\/image\/","url":"https:\/\/lunayatravel.com\/wp-content\/uploads\/2026\/03\/cropped-647319118_2379115739204013_337015058165053143_n.jpg","contentUrl":"https:\/\/lunayatravel.com\/wp-content\/uploads\/2026\/03\/cropped-647319118_2379115739204013_337015058165053143_n.jpg","width":1022,"height":1023,"caption":"Lunaya travel"},"image":{"@id":"https:\/\/lunayatravel.com\/#\/schema\/logo\/image\/"},"sameAs":["https:\/\/www.facebook.com\/lunayaTravel\/"]}]}},"uagb_featured_image_src":{"full":["https:\/\/lunayatravel.com\/wp-content\/uploads\/2025\/08\/05_Kanta_Elephant_Sanctuary_Park4.webp",720,546,false],"thumbnail":["https:\/\/lunayatravel.com\/wp-content\/uploads\/2025\/08\/05_Kanta_Elephant_Sanctuary_Park4-150x150.webp",150,150,true],"medium":["https:\/\/lunayatravel.com\/wp-content\/uploads\/2025\/08\/05_Kanta_Elephant_Sanctuary_Park4-300x228.webp",300,228,true],"medium_large":["https:\/\/lunayatravel.com\/wp-content\/uploads\/2025\/08\/05_Kanta_Elephant_Sanctuary_Park4.webp",720,546,false],"large":["https:\/\/lunayatravel.com\/wp-content\/uploads\/2025\/08\/05_Kanta_Elephant_Sanctuary_Park4.webp",720,546,false],"1536x1536":["https:\/\/lunayatravel.com\/wp-content\/uploads\/2025\/08\/05_Kanta_Elephant_Sanctuary_Park4.webp",720,546,false],"2048x2048":["https:\/\/lunayatravel.com\/wp-content\/uploads\/2025\/08\/05_Kanta_Elephant_Sanctuary_Park4.webp",720,546,false],"trp-custom-language-flag":["https:\/\/lunayatravel.com\/wp-content\/uploads\/2025\/08\/05_Kanta_Elephant_Sanctuary_Park4.webp",16,12,false],"widget-thumbnail":["https:\/\/lunayatravel.com\/wp-content\/uploads\/2025\/08\/05_Kanta_Elephant_Sanctuary_Park4-75x75.webp",75,75,true],"mailpoet_newsletter_max":["https:\/\/lunayatravel.com\/wp-content\/uploads\/2025\/08\/05_Kanta_Elephant_Sanctuary_Park4.webp",720,546,false],"woocommerce_thumbnail":["https:\/\/lunayatravel.com\/wp-content\/uploads\/2025\/08\/05_Kanta_Elephant_Sanctuary_Park4-300x300.webp",300,300,true],"woocommerce_single":["https:\/\/lunayatravel.com\/wp-content\/uploads\/2025\/08\/05_Kanta_Elephant_Sanctuary_Park4-600x455.webp",600,455,true],"woocommerce_gallery_thumbnail":["https:\/\/lunayatravel.com\/wp-content\/uploads\/2025\/08\/05_Kanta_Elephant_Sanctuary_Park4-100x100.webp",100,100,true],"sow-carousel-default":["https:\/\/lunayatravel.com\/wp-content\/uploads\/2025\/08\/05_Kanta_Elephant_Sanctuary_Park4-272x182.webp",272,182,true]},"uagb_author_info":{"display_name":"haemers stephanie","author_link":"https:\/\/lunayatravel.com\/en\/author\/"},"uagb_comment_info":0,"uagb_excerpt":"\ud83c\udf1f Description courte Rencontrez les \u00e9l\u00e9phants dans un sanctuaire 100 % \u00e9thique \u00e0 Chiang Mai. C\u00e2lins, boue, baignade et beaucoup de douceur pour un moment inoubliable ! \ud83d\udc18 Points forts Sanctuaire \u00e9thique et durable Aucun dressage, aucune exploitation C\u00e2lins, boue et baignade avec les \u00e9l\u00e9phants V\u00eatements traditionnels fournis Immersion totale dans la nature Collations et&hellip;","jetpack_sharing_enabled":true,"_links":{"self":[{"href":"https:\/\/lunayatravel.com\/en\/wp-json\/wp\/v2\/product\/30455","targetHints":{"allow":["GET"]}}],"collection":[{"href":"https:\/\/lunayatravel.com\/en\/wp-json\/wp\/v2\/product"}],"about":[{"href":"https:\/\/lunayatravel.com\/en\/wp-json\/wp\/v2\/types\/product"}],"replies":[{"embeddable":true,"href":"https:\/\/lunayatravel.com\/en\/wp-json\/wp\/v2\/comments?post=30455"}],"wp:featuredmedia":[{"embeddable":true,"href":"https:\/\/lunayatravel.com\/en\/wp-json\/wp\/v2\/media\/30457"}],"wp:attachment":[{"href":"https:\/\/lunayatravel.com\/en\/wp-json\/wp\/v2\/media?parent=30455"}],"wp:term":[{"taxonomy":"product_brand","embeddable":true,"href":"https:\/\/lunayatravel.com\/en\/wp-json\/wp\/v2\/product_brand?post=30455"},{"taxonomy":"product_cat","embeddable":true,"href":"https:\/\/lunayatravel.com\/en\/wp-json\/wp\/v2\/product_cat?post=30455"},{"taxonomy":"product_tag","embeddable":true,"href":"https:\/\/lunayatravel.com\/en\/wp-json\/wp\/v2\/product_tag?post=30455"}],"curies":[{"name":"wp","href":"https:\/\/api.w.org\/{rel}","templated":true}]}}