{"id":30448,"date":"2025-08-01T09:41:37","date_gmt":"2025-08-01T07:41:37","guid":{"rendered":"https:\/\/itctoursvoyages.com\/?post_type=product&#038;p=30448"},"modified":"2025-08-01T09:41:37","modified_gmt":"2025-08-01T07:41:37","slug":"%f0%9f%9a%b4%e2%99%82%ef%b8%8f-chiang-mai-hilly-ebike-trip-demi-journee-immersive","status":"publish","type":"product","link":"https:\/\/lunayatravel.com\/en\/product\/%f0%9f%9a%b4%e2%99%82%ef%b8%8f-chiang-mai-hilly-ebike-trip-demi-journee-immersive\/","title":{"rendered":"\ud83d\udeb4\u200d\u2642\ufe0f Chiang Mai Hilly eBike Trip - Immersive half-day trip"},"content":{"rendered":"<h3 data-start=\"1180\" data-end=\"1222\">\ud83e\udded <strong data-start=\"1187\" data-end=\"1220\">Itinerary &amp; points of interest<\/strong><\/h3>\n<ul data-start=\"1223\" data-end=\"1498\">\n<li data-start=\"1223\" data-end=\"1251\">\n<p data-start=\"1225\" data-end=\"1251\">Local village &amp; rice fields<\/p>\n<\/li>\n<li data-start=\"1252\" data-end=\"1277\">\n<p data-start=\"1254\" data-end=\"1277\">Wat Phrathat Doi Tham<\/p>\n<\/li>\n<li data-start=\"1278\" data-end=\"1294\">\n<p data-start=\"1280\" data-end=\"1294\">Wat Ban Pong<\/p>\n<\/li>\n<li data-start=\"1295\" data-end=\"1327\">\n<p data-start=\"1297\" data-end=\"1327\">Wat Umong (forest temple)<\/p>\n<\/li>\n<li data-start=\"1328\" data-end=\"1360\">\n<p data-start=\"1330\" data-end=\"1360\">Royal Flora Botanical Garden<\/p>\n<\/li>\n<li data-start=\"1361\" data-end=\"1401\">\n<p data-start=\"1363\" data-end=\"1401\">Wat Ton Kwen (ancient wooden temple)<\/p>\n<\/li>\n<li data-start=\"1402\" data-end=\"1435\">\n<p data-start=\"1404\" data-end=\"1435\">Distance covered: 35-40 km<\/p>\n<\/li>\n<li data-start=\"1436\" data-end=\"1498\">\n<p data-start=\"1438\" data-end=\"1498\">Road 100 % tarmac or easy, with some gentle slopes<\/p>\n<\/li>\n<\/ul>\n<hr data-start=\"1500\" data-end=\"1503\" \/>\n<h3 data-start=\"1505\" data-end=\"1538\">\ud83d\udd58 <strong data-start=\"1512\" data-end=\"1536\">Schedules available<\/strong><\/h3>\n<ul data-start=\"1539\" data-end=\"1600\">\n<li data-start=\"1539\" data-end=\"1566\">\n<p data-start=\"1541\" data-end=\"1566\">Departure <strong data-start=\"1548\" data-end=\"1564\">morning: 8.30 am<\/strong><\/p>\n<\/li>\n<li data-start=\"1567\" data-end=\"1600\">\n<p data-start=\"1569\" data-end=\"1600\">Departure <strong data-start=\"1576\" data-end=\"1598\">afternoon: 1pm<\/strong><\/p>\n<\/li>\n<\/ul>\n<blockquote data-start=\"1601\" data-end=\"1660\">\n<p data-start=\"1603\" data-end=\"1660\"><em data-start=\"1603\" data-end=\"1660\">Pick-up 30 to 45 minutes beforehand depending on your hotel<\/em><\/p>\n<\/blockquote>\n<hr data-start=\"1662\" data-end=\"1665\" \/>\n<h3 data-start=\"1667\" data-end=\"1696\">\u2705 <strong data-start=\"1673\" data-end=\"1694\">What's included<\/strong><\/h3>\n<ul data-start=\"1697\" data-end=\"1857\">\n<li data-start=\"1697\" data-end=\"1729\">\n<p data-start=\"1699\" data-end=\"1729\">Comfortable electric bikes<\/p>\n<\/li>\n<li data-start=\"1730\" data-end=\"1764\">\n<p data-start=\"1732\" data-end=\"1764\">Helmet, gloves, water bottle<\/p>\n<\/li>\n<li data-start=\"1765\" data-end=\"1777\">\n<p data-start=\"1767\" data-end=\"1777\">Lunch<\/p>\n<\/li>\n<li data-start=\"1778\" data-end=\"1822\">\n<p data-start=\"1780\" data-end=\"1822\">Return transport from Chiang Mai<\/p>\n<\/li>\n<li data-start=\"1823\" data-end=\"1843\">\n<p data-start=\"1825\" data-end=\"1843\">English-speaking guide<\/p>\n<\/li>\n<li data-start=\"1844\" data-end=\"1857\">\n<p data-start=\"1846\" data-end=\"1857\">Insurance<\/p>\n<\/li>\n<\/ul>\n<hr data-start=\"1859\" data-end=\"1862\" \/>\n<h3 data-start=\"1864\" data-end=\"1886\">\ud83e\uddf3 <strong data-start=\"1871\" data-end=\"1884\">What to expect<\/strong><\/h3>\n<ul data-start=\"1887\" data-end=\"1950\">\n<li data-start=\"1887\" data-end=\"1904\">\n<p data-start=\"1889\" data-end=\"1904\">Sun cream<\/p>\n<\/li>\n<li data-start=\"1905\" data-end=\"1927\">\n<p data-start=\"1907\" data-end=\"1927\">Sunglasses<\/p>\n<\/li>\n<li data-start=\"1928\" data-end=\"1950\">\n<p data-start=\"1930\" data-end=\"1950\">Closed shoes<\/p>\n<\/li>\n<\/ul>","protected":false},"excerpt":{"rendered":"<h3 data-start=\"287\" data-end=\"318\">\ud83c\udf1f <strong data-start=\"294\" data-end=\"316\">Short description<\/strong><\/h3>\n<p data-start=\"319\" data-end=\"505\">Venture into the hills of Chiang Mai on an electric bike. It's a comfortable way to discover hidden temples, rice fields and authentic villages that's accessible to everyone!<\/p>","protected":false},"featured_media":30454,"comment_status":"open","ping_status":"closed","template":"","meta":{"_uag_custom_page_level_css":""},"product_brand":[],"product_cat":[68],"product_tag":[],"class_list":{"0":"post-30448","1":"product","2":"type-product","3":"status-publish","4":"has-post-thumbnail","6":"product_cat-chiang-mai","8":"first","9":"instock","10":"virtual","11":"taxable","12":"purchasable","13":"product-type-simple"},"yoast_head":"<!-- This site is optimized with the Yoast SEO plugin v27.1.1 - https:\/\/yoast.com\/product\/yoast-seo-wordpress\/ -->\n<title>\ud83d\udeb4\u200d\u2642\ufe0f Chiang Mai Hilly eBike Trip \u2013 Demi-journ\u00e9e immersive -<\/title>\n<meta name=\"robots\" content=\"index, follow, max-snippet:-1, max-image-preview:large, max-video-preview:-1\" \/>\n<link rel=\"canonical\" href=\"https:\/\/lunayatravel.com\/en\/product\/\ud83d\udeb4\u2642\ufe0f-chiang-mai-hilly-ebike-trip-demi-journee-immersive\/\" \/>\n<meta property=\"og:locale\" content=\"en_GB\" \/>\n<meta property=\"og:type\" content=\"article\" \/>\n<meta property=\"og:title\" content=\"\ud83d\udeb4\u200d\u2642\ufe0f Chiang Mai Hilly eBike Trip \u2013 Demi-journ\u00e9e immersive -\" \/>\n<meta property=\"og:description\" content=\"\ud83c\udf1f Description courte Partez \u00e0 l\u2019aventure dans les collines de Chiang Mai en v\u00e9lo \u00e9lectrique. Une exp\u00e9rience confortable et accessible \u00e0 tous pour d\u00e9couvrir temples cach\u00e9s, rizi\u00e8res et villages authentiques !\" \/>\n<meta property=\"og:url\" content=\"https:\/\/lunayatravel.com\/en\/product\/\ud83d\udeb4\u2642\ufe0f-chiang-mai-hilly-ebike-trip-demi-journee-immersive\/\" \/>\n<meta property=\"article:publisher\" content=\"https:\/\/www.facebook.com\/lunayaTravel\/\" \/>\n<meta property=\"og:image\" content=\"https:\/\/lunayatravel.com\/wp-content\/uploads\/2025\/08\/HillyeBiketour1.webp\" \/>\n\t<meta property=\"og:image:width\" content=\"720\" \/>\n\t<meta property=\"og:image:height\" content=\"480\" \/>\n\t<meta property=\"og:image:type\" content=\"image\/webp\" \/>\n<meta name=\"twitter:card\" content=\"summary_large_image\" \/>\n<meta name=\"twitter:label1\" content=\"Estimated reading time\" \/>\n\t<meta name=\"twitter:data1\" content=\"1 minute\" \/>\n<script type=\"application\/ld+json\" class=\"yoast-schema-graph\">{\"@context\":\"https:\/\/schema.org\",\"@graph\":[{\"@type\":\"WebPage\",\"@id\":\"https:\/\/lunayatravel.com\/produit\/%f0%9f%9a%b4%e2%99%82%ef%b8%8f-chiang-mai-hilly-ebike-trip-demi-journee-immersive\/\",\"url\":\"https:\/\/lunayatravel.com\/produit\/%f0%9f%9a%b4%e2%99%82%ef%b8%8f-chiang-mai-hilly-ebike-trip-demi-journee-immersive\/\",\"name\":\"\ud83d\udeb4\u200d\u2642\ufe0f Chiang Mai Hilly eBike Trip \u2013 Demi-journ\u00e9e immersive -\",\"isPartOf\":{\"@id\":\"https:\/\/lunayatravel.com\/#website\"},\"primaryImageOfPage\":{\"@id\":\"https:\/\/lunayatravel.com\/produit\/%f0%9f%9a%b4%e2%99%82%ef%b8%8f-chiang-mai-hilly-ebike-trip-demi-journee-immersive\/#primaryimage\"},\"image\":{\"@id\":\"https:\/\/lunayatravel.com\/produit\/%f0%9f%9a%b4%e2%99%82%ef%b8%8f-chiang-mai-hilly-ebike-trip-demi-journee-immersive\/#primaryimage\"},\"thumbnailUrl\":\"https:\/\/lunayatravel.com\/wp-content\/uploads\/2025\/08\/HillyeBiketour1.webp\",\"datePublished\":\"2025-08-01T07:41:37+00:00\",\"breadcrumb\":{\"@id\":\"https:\/\/lunayatravel.com\/produit\/%f0%9f%9a%b4%e2%99%82%ef%b8%8f-chiang-mai-hilly-ebike-trip-demi-journee-immersive\/#breadcrumb\"},\"inLanguage\":\"en-GB\",\"potentialAction\":[{\"@type\":\"ReadAction\",\"target\":[\"https:\/\/lunayatravel.com\/produit\/%f0%9f%9a%b4%e2%99%82%ef%b8%8f-chiang-mai-hilly-ebike-trip-demi-journee-immersive\/\"]}]},{\"@type\":\"ImageObject\",\"inLanguage\":\"en-GB\",\"@id\":\"https:\/\/lunayatravel.com\/produit\/%f0%9f%9a%b4%e2%99%82%ef%b8%8f-chiang-mai-hilly-ebike-trip-demi-journee-immersive\/#primaryimage\",\"url\":\"https:\/\/lunayatravel.com\/wp-content\/uploads\/2025\/08\/HillyeBiketour1.webp\",\"contentUrl\":\"https:\/\/lunayatravel.com\/wp-content\/uploads\/2025\/08\/HillyeBiketour1.webp\",\"width\":720,\"height\":480},{\"@type\":\"BreadcrumbList\",\"@id\":\"https:\/\/lunayatravel.com\/produit\/%f0%9f%9a%b4%e2%99%82%ef%b8%8f-chiang-mai-hilly-ebike-trip-demi-journee-immersive\/#breadcrumb\",\"itemListElement\":[{\"@type\":\"ListItem\",\"position\":1,\"name\":\"Accueil\",\"item\":\"https:\/\/lunayatravel.com\/\"},{\"@type\":\"ListItem\",\"position\":2,\"name\":\"Nos activit\u00e9s\",\"item\":\"https:\/\/lunayatravel.com\/nos-activites\/\"},{\"@type\":\"ListItem\",\"position\":3,\"name\":\"\ud83d\udeb4\u200d\u2642\ufe0f Chiang Mai Hilly eBike Trip \u2013 Demi-journ\u00e9e immersive\"}]},{\"@type\":\"WebSite\",\"@id\":\"https:\/\/lunayatravel.com\/#website\",\"url\":\"https:\/\/lunayatravel.com\/\",\"name\":\"\",\"description\":\"\",\"publisher\":{\"@id\":\"https:\/\/lunayatravel.com\/#organization\"},\"potentialAction\":[{\"@type\":\"SearchAction\",\"target\":{\"@type\":\"EntryPoint\",\"urlTemplate\":\"https:\/\/lunayatravel.com\/?s={search_term_string}\"},\"query-input\":{\"@type\":\"PropertyValueSpecification\",\"valueRequired\":true,\"valueName\":\"search_term_string\"}}],\"inLanguage\":\"en-GB\"},{\"@type\":\"Organization\",\"@id\":\"https:\/\/lunayatravel.com\/#organization\",\"name\":\"Lunaya travel\",\"alternateName\":\"Lunaya travel\",\"url\":\"https:\/\/lunayatravel.com\/\",\"logo\":{\"@type\":\"ImageObject\",\"inLanguage\":\"en-GB\",\"@id\":\"https:\/\/lunayatravel.com\/#\/schema\/logo\/image\/\",\"url\":\"https:\/\/lunayatravel.com\/wp-content\/uploads\/2026\/03\/cropped-647319118_2379115739204013_337015058165053143_n.jpg\",\"contentUrl\":\"https:\/\/lunayatravel.com\/wp-content\/uploads\/2026\/03\/cropped-647319118_2379115739204013_337015058165053143_n.jpg\",\"width\":1022,\"height\":1023,\"caption\":\"Lunaya travel\"},\"image\":{\"@id\":\"https:\/\/lunayatravel.com\/#\/schema\/logo\/image\/\"},\"sameAs\":[\"https:\/\/www.facebook.com\/lunayaTravel\/\"]}]}<\/script>\n<!-- \/ Yoast SEO plugin. -->","yoast_head_json":{"title":"\ud83d\udeb4\u200d\u2642\ufe0f Chiang Mai Hilly eBike Trip \u2013 Demi-journ\u00e9e immersive -","robots":{"index":"index","follow":"follow","max-snippet":"max-snippet:-1","max-image-preview":"max-image-preview:large","max-video-preview":"max-video-preview:-1"},"canonical":"https:\/\/lunayatravel.com\/en\/product\/\ud83d\udeb4\u2642\ufe0f-chiang-mai-hilly-ebike-trip-demi-journee-immersive\/","og_locale":"en_GB","og_type":"article","og_title":"\ud83d\udeb4\u200d\u2642\ufe0f Chiang Mai Hilly eBike Trip \u2013 Demi-journ\u00e9e immersive -","og_description":"\ud83c\udf1f Description courte Partez \u00e0 l\u2019aventure dans les collines de Chiang Mai en v\u00e9lo \u00e9lectrique. Une exp\u00e9rience confortable et accessible \u00e0 tous pour d\u00e9couvrir temples cach\u00e9s, rizi\u00e8res et villages authentiques !","og_url":"https:\/\/lunayatravel.com\/en\/product\/\ud83d\udeb4\u2642\ufe0f-chiang-mai-hilly-ebike-trip-demi-journee-immersive\/","article_publisher":"https:\/\/www.facebook.com\/lunayaTravel\/","og_image":[{"width":720,"height":480,"url":"https:\/\/lunayatravel.com\/wp-content\/uploads\/2025\/08\/HillyeBiketour1.webp","type":"image\/webp"}],"twitter_card":"summary_large_image","twitter_misc":{"Estimated reading time":"1 minute"},"schema":{"@context":"https:\/\/schema.org","@graph":[{"@type":"WebPage","@id":"https:\/\/lunayatravel.com\/produit\/%f0%9f%9a%b4%e2%99%82%ef%b8%8f-chiang-mai-hilly-ebike-trip-demi-journee-immersive\/","url":"https:\/\/lunayatravel.com\/produit\/%f0%9f%9a%b4%e2%99%82%ef%b8%8f-chiang-mai-hilly-ebike-trip-demi-journee-immersive\/","name":"\ud83d\udeb4\u200d\u2642\ufe0f Chiang Mai Hilly eBike Trip \u2013 Demi-journ\u00e9e immersive -","isPartOf":{"@id":"https:\/\/lunayatravel.com\/#website"},"primaryImageOfPage":{"@id":"https:\/\/lunayatravel.com\/produit\/%f0%9f%9a%b4%e2%99%82%ef%b8%8f-chiang-mai-hilly-ebike-trip-demi-journee-immersive\/#primaryimage"},"image":{"@id":"https:\/\/lunayatravel.com\/produit\/%f0%9f%9a%b4%e2%99%82%ef%b8%8f-chiang-mai-hilly-ebike-trip-demi-journee-immersive\/#primaryimage"},"thumbnailUrl":"https:\/\/lunayatravel.com\/wp-content\/uploads\/2025\/08\/HillyeBiketour1.webp","datePublished":"2025-08-01T07:41:37+00:00","breadcrumb":{"@id":"https:\/\/lunayatravel.com\/produit\/%f0%9f%9a%b4%e2%99%82%ef%b8%8f-chiang-mai-hilly-ebike-trip-demi-journee-immersive\/#breadcrumb"},"inLanguage":"en-GB","potentialAction":[{"@type":"ReadAction","target":["https:\/\/lunayatravel.com\/produit\/%f0%9f%9a%b4%e2%99%82%ef%b8%8f-chiang-mai-hilly-ebike-trip-demi-journee-immersive\/"]}]},{"@type":"ImageObject","inLanguage":"en-GB","@id":"https:\/\/lunayatravel.com\/produit\/%f0%9f%9a%b4%e2%99%82%ef%b8%8f-chiang-mai-hilly-ebike-trip-demi-journee-immersive\/#primaryimage","url":"https:\/\/lunayatravel.com\/wp-content\/uploads\/2025\/08\/HillyeBiketour1.webp","contentUrl":"https:\/\/lunayatravel.com\/wp-content\/uploads\/2025\/08\/HillyeBiketour1.webp","width":720,"height":480},{"@type":"BreadcrumbList","@id":"https:\/\/lunayatravel.com\/produit\/%f0%9f%9a%b4%e2%99%82%ef%b8%8f-chiang-mai-hilly-ebike-trip-demi-journee-immersive\/#breadcrumb","itemListElement":[{"@type":"ListItem","position":1,"name":"Accueil","item":"https:\/\/lunayatravel.com\/"},{"@type":"ListItem","position":2,"name":"Nos activit\u00e9s","item":"https:\/\/lunayatravel.com\/nos-activites\/"},{"@type":"ListItem","position":3,"name":"\ud83d\udeb4\u200d\u2642\ufe0f Chiang Mai Hilly eBike Trip \u2013 Demi-journ\u00e9e immersive"}]},{"@type":"WebSite","@id":"https:\/\/lunayatravel.com\/#website","url":"https:\/\/lunayatravel.com\/","name":"","description":"","publisher":{"@id":"https:\/\/lunayatravel.com\/#organization"},"potentialAction":[{"@type":"SearchAction","target":{"@type":"EntryPoint","urlTemplate":"https:\/\/lunayatravel.com\/?s={search_term_string}"},"query-input":{"@type":"PropertyValueSpecification","valueRequired":true,"valueName":"search_term_string"}}],"inLanguage":"en-GB"},{"@type":"Organization","@id":"https:\/\/lunayatravel.com\/#organization","name":"Lunaya travel","alternateName":"Lunaya travel","url":"https:\/\/lunayatravel.com\/","logo":{"@type":"ImageObject","inLanguage":"en-GB","@id":"https:\/\/lunayatravel.com\/#\/schema\/logo\/image\/","url":"https:\/\/lunayatravel.com\/wp-content\/uploads\/2026\/03\/cropped-647319118_2379115739204013_337015058165053143_n.jpg","contentUrl":"https:\/\/lunayatravel.com\/wp-content\/uploads\/2026\/03\/cropped-647319118_2379115739204013_337015058165053143_n.jpg","width":1022,"height":1023,"caption":"Lunaya travel"},"image":{"@id":"https:\/\/lunayatravel.com\/#\/schema\/logo\/image\/"},"sameAs":["https:\/\/www.facebook.com\/lunayaTravel\/"]}]}},"uagb_featured_image_src":{"full":["https:\/\/lunayatravel.com\/wp-content\/uploads\/2025\/08\/HillyeBiketour1.webp",720,480,false],"thumbnail":["https:\/\/lunayatravel.com\/wp-content\/uploads\/2025\/08\/HillyeBiketour1-150x150.webp",150,150,true],"medium":["https:\/\/lunayatravel.com\/wp-content\/uploads\/2025\/08\/HillyeBiketour1-300x200.webp",300,200,true],"medium_large":["https:\/\/lunayatravel.com\/wp-content\/uploads\/2025\/08\/HillyeBiketour1.webp",720,480,false],"large":["https:\/\/lunayatravel.com\/wp-content\/uploads\/2025\/08\/HillyeBiketour1.webp",720,480,false],"1536x1536":["https:\/\/lunayatravel.com\/wp-content\/uploads\/2025\/08\/HillyeBiketour1.webp",720,480,false],"2048x2048":["https:\/\/lunayatravel.com\/wp-content\/uploads\/2025\/08\/HillyeBiketour1.webp",720,480,false],"trp-custom-language-flag":["https:\/\/lunayatravel.com\/wp-content\/uploads\/2025\/08\/HillyeBiketour1.webp",18,12,false],"widget-thumbnail":["https:\/\/lunayatravel.com\/wp-content\/uploads\/2025\/08\/HillyeBiketour1-75x75.webp",75,75,true],"mailpoet_newsletter_max":["https:\/\/lunayatravel.com\/wp-content\/uploads\/2025\/08\/HillyeBiketour1.webp",720,480,false],"woocommerce_thumbnail":["https:\/\/lunayatravel.com\/wp-content\/uploads\/2025\/08\/HillyeBiketour1-300x300.webp",300,300,true],"woocommerce_single":["https:\/\/lunayatravel.com\/wp-content\/uploads\/2025\/08\/HillyeBiketour1-600x400.webp",600,400,true],"woocommerce_gallery_thumbnail":["https:\/\/lunayatravel.com\/wp-content\/uploads\/2025\/08\/HillyeBiketour1-100x100.webp",100,100,true],"sow-carousel-default":["https:\/\/lunayatravel.com\/wp-content\/uploads\/2025\/08\/HillyeBiketour1-272x182.webp",272,182,true]},"uagb_author_info":{"display_name":"haemers stephanie","author_link":"https:\/\/lunayatravel.com\/en\/author\/"},"uagb_comment_info":0,"uagb_excerpt":"\ud83c\udf1f Description courte Partez \u00e0 l\u2019aventure dans les collines de Chiang Mai en v\u00e9lo \u00e9lectrique. Une exp\u00e9rience confortable et accessible \u00e0 tous pour d\u00e9couvrir temples cach\u00e9s, rizi\u00e8res et villages authentiques !","jetpack_sharing_enabled":true,"_links":{"self":[{"href":"https:\/\/lunayatravel.com\/en\/wp-json\/wp\/v2\/product\/30448","targetHints":{"allow":["GET"]}}],"collection":[{"href":"https:\/\/lunayatravel.com\/en\/wp-json\/wp\/v2\/product"}],"about":[{"href":"https:\/\/lunayatravel.com\/en\/wp-json\/wp\/v2\/types\/product"}],"replies":[{"embeddable":true,"href":"https:\/\/lunayatravel.com\/en\/wp-json\/wp\/v2\/comments?post=30448"}],"wp:featuredmedia":[{"embeddable":true,"href":"https:\/\/lunayatravel.com\/en\/wp-json\/wp\/v2\/media\/30454"}],"wp:attachment":[{"href":"https:\/\/lunayatravel.com\/en\/wp-json\/wp\/v2\/media?parent=30448"}],"wp:term":[{"taxonomy":"product_brand","embeddable":true,"href":"https:\/\/lunayatravel.com\/en\/wp-json\/wp\/v2\/product_brand?post=30448"},{"taxonomy":"product_cat","embeddable":true,"href":"https:\/\/lunayatravel.com\/en\/wp-json\/wp\/v2\/product_cat?post=30448"},{"taxonomy":"product_tag","embeddable":true,"href":"https:\/\/lunayatravel.com\/en\/wp-json\/wp\/v2\/product_tag?post=30448"}],"curies":[{"name":"wp","href":"https:\/\/api.w.org\/{rel}","templated":true}]}}