{"id":30437,"date":"2025-08-01T09:37:27","date_gmt":"2025-08-01T07:37:27","guid":{"rendered":"https:\/\/itctoursvoyages.com\/?post_type=product&#038;p=30437"},"modified":"2025-08-01T09:37:27","modified_gmt":"2025-08-01T07:37:27","slug":"%f0%9f%8d%9c-thai-akha-kitchen-cours-de-cuisine-visite-du-marche","status":"publish","type":"product","link":"https:\/\/lunayatravel.com\/en\/product\/%f0%9f%8d%9c-thai-akha-kitchen-cours-de-cuisine-visite-du-marche\/","title":{"rendered":"\ud83c\udf5c Thai Akha Kitchen - Cooking class &amp; market visit"},"content":{"rendered":"<ul>\n<li data-start=\"1219\" data-end=\"1245\">\n<p data-start=\"1221\" data-end=\"1245\">Visit to the local market<\/p>\n<\/li>\n<li data-start=\"1246\" data-end=\"1611\">\n<p data-start=\"1248\" data-end=\"1271\">11 dishes to prepare :<\/p>\n<ul data-start=\"1274\" data-end=\"1611\">\n<li data-start=\"1274\" data-end=\"1326\">\n<p data-start=\"1276\" data-end=\"1326\"><strong data-start=\"1276\" data-end=\"1289\">2 entries<\/strong> papaya salad, fried rolls<\/p>\n<\/li>\n<li data-start=\"1329\" data-end=\"1392\">\n<p data-start=\"1331\" data-end=\"1392\"><strong data-start=\"1331\" data-end=\"1345\">2 desserts<\/strong> Mango glutinous rice with pumpkin and coconut milk<\/p>\n<\/li>\n<li data-start=\"1395\" data-end=\"1451\">\n<p data-start=\"1397\" data-end=\"1451\"><strong data-start=\"1397\" data-end=\"1417\">1 curry of your choice<\/strong> red, green, Panang, Massaman<\/p>\n<\/li>\n<li data-start=\"1454\" data-end=\"1510\">\n<p data-start=\"1456\" data-end=\"1510\"><strong data-start=\"1456\" data-end=\"1472\">1 stir-fry dish<\/strong> Pad Tha\u00ef, basil, cashew nuts...<\/p>\n<\/li>\n<li data-start=\"1513\" data-end=\"1560\">\n<p data-start=\"1515\" data-end=\"1560\"><strong data-start=\"1515\" data-end=\"1526\">1 soup<\/strong> coconut milk, tom yum or tofu<\/p>\n<\/li>\n<li data-start=\"1563\" data-end=\"1611\">\n<p data-start=\"1565\" data-end=\"1611\"><strong data-start=\"1565\" data-end=\"1581\">3 Akha dishes<\/strong> salad, soup, Sapi Thong<\/p>\n<\/li>\n<\/ul>\n<\/li>\n<li data-start=\"1612\" data-end=\"1657\">\n<p data-start=\"1614\" data-end=\"1657\">Free cookery book + souvenir gift<\/p>\n<\/li>\n<li data-start=\"1658\" data-end=\"1679\">\n<p data-start=\"1660\" data-end=\"1679\">Drinks included<\/p>\n<\/li>\n<li data-start=\"1680\" data-end=\"1715\">\n<p data-start=\"1682\" data-end=\"1715\">Return transfer from Chiang Mai<\/p>\n<h3 data-start=\"2104\" data-end=\"2150\">\u2705 <strong data-start=\"2110\" data-end=\"2148\">What's included\u00a0<\/strong><\/h3>\n<ul data-start=\"2151\" data-end=\"2374\">\n<li data-start=\"2151\" data-end=\"2183\">\n<p data-start=\"2153\" data-end=\"2183\">Fresh ingredients &amp; equipment<\/p>\n<\/li>\n<li data-start=\"2184\" data-end=\"2223\">\n<p data-start=\"2186\" data-end=\"2223\">Colour cookbook + souvenir<\/p>\n<\/li>\n<li data-start=\"2224\" data-end=\"2248\">\n<p data-start=\"2226\" data-end=\"2248\">English-speaking Akha chief<\/p>\n<\/li>\n<li data-start=\"2249\" data-end=\"2272\">\n<p data-start=\"2251\" data-end=\"2272\">Beverages (water, tea)<\/p>\n<\/li>\n<li data-start=\"2273\" data-end=\"2311\">\n<p data-start=\"2275\" data-end=\"2311\">Return transfer to hotel (city centre)<\/p>\n<\/li>\n<li data-start=\"2312\" data-end=\"2374\">\n<p data-start=\"2314\" data-end=\"2374\">Possibility of bringing 1 non-participating guest free of charge<\/p>\n<\/li>\n<\/ul>\n<hr data-start=\"2376\" data-end=\"2379\" \/>\n<h3 data-start=\"2381\" data-end=\"2412\">\ud83d\udccd Venue &amp; practical info<\/h3>\n<ul data-start=\"2413\" data-end=\"2613\">\n<li data-start=\"2413\" data-end=\"2502\">\n<p data-start=\"2415\" data-end=\"2502\">Address: Thai Akha Cooking School, Arrag Road 4 A, Tambon Si Phum, Mueang Chiang Mai<\/p>\n<\/li>\n<li data-start=\"2503\" data-end=\"2546\">\n<p data-start=\"2505\" data-end=\"2546\">Free transfer in Chiang Mai city<\/p>\n<\/li>\n<li data-start=\"2547\" data-end=\"2577\">\n<p data-start=\"2549\" data-end=\"2577\">Course for beginners<\/p>\n<\/li>\n<li data-start=\"2578\" data-end=\"2613\">\n<p data-start=\"2580\" data-end=\"2613\">Vegetarian on request<\/p>\n<\/li>\n<\/ul>\n<\/li>\n<\/ul>","protected":false},"excerpt":{"rendered":"<h3 data-start=\"295\" data-end=\"326\">\ud83c\udf1f <strong data-start=\"302\" data-end=\"324\">Short description<\/strong><\/h3>\n<p data-start=\"327\" data-end=\"520\">Immerse yourself in the richness of Thai and Akha cuisine with this award-winning cooking class! Prepare, taste and share 11 tasty dishes with a local chef, with or without a visit to the market.<\/p>","protected":false},"featured_media":30447,"comment_status":"open","ping_status":"closed","template":"","meta":{"_uag_custom_page_level_css":""},"product_brand":[],"product_cat":[68],"product_tag":[],"class_list":{"0":"post-30437","1":"product","2":"type-product","3":"status-publish","4":"has-post-thumbnail","6":"product_cat-chiang-mai","8":"first","9":"instock","10":"virtual","11":"taxable","12":"purchasable","13":"product-type-simple"},"yoast_head":"<!-- This site is optimized with the Yoast SEO plugin v27.1.1 - https:\/\/yoast.com\/product\/yoast-seo-wordpress\/ -->\n<title>\ud83c\udf5c Thai Akha Kitchen \u2013 Cours de cuisine &amp; visite du march\u00e9 -<\/title>\n<meta name=\"robots\" content=\"index, follow, max-snippet:-1, max-image-preview:large, max-video-preview:-1\" \/>\n<link rel=\"canonical\" href=\"https:\/\/lunayatravel.com\/en\/product\/\ud83c\udf5c-thai-akha-kitchen-cours-de-cuisine-visite-du-marche\/\" \/>\n<meta property=\"og:locale\" content=\"en_GB\" \/>\n<meta property=\"og:type\" content=\"article\" \/>\n<meta property=\"og:title\" content=\"\ud83c\udf5c Thai Akha Kitchen \u2013 Cours de cuisine &amp; visite du march\u00e9 -\" \/>\n<meta property=\"og:description\" content=\"\ud83c\udf1f Description courte Plongez dans la richesse de la cuisine tha\u00eflandaise et Akha avec ce cours de cuisine prim\u00e9 ! Pr\u00e9parez, go\u00fbtez et partagez 11 plats savoureux avec un chef local, avec ou sans visite du march\u00e9.\" \/>\n<meta property=\"og:url\" content=\"https:\/\/lunayatravel.com\/en\/product\/\ud83c\udf5c-thai-akha-kitchen-cours-de-cuisine-visite-du-marche\/\" \/>\n<meta property=\"article:publisher\" content=\"https:\/\/www.facebook.com\/lunayaTravel\/\" \/>\n<meta property=\"og:image\" content=\"https:\/\/lunayatravel.com\/wp-content\/uploads\/2025\/08\/Cooking07.webp\" \/>\n\t<meta property=\"og:image:width\" content=\"720\" \/>\n\t<meta property=\"og:image:height\" content=\"540\" \/>\n\t<meta property=\"og:image:type\" content=\"image\/webp\" \/>\n<meta name=\"twitter:card\" content=\"summary_large_image\" \/>\n<meta name=\"twitter:label1\" content=\"Estimated reading time\" \/>\n\t<meta name=\"twitter:data1\" content=\"1 minute\" \/>\n<script type=\"application\/ld+json\" class=\"yoast-schema-graph\">{\"@context\":\"https:\/\/schema.org\",\"@graph\":[{\"@type\":\"WebPage\",\"@id\":\"https:\/\/lunayatravel.com\/produit\/%f0%9f%8d%9c-thai-akha-kitchen-cours-de-cuisine-visite-du-marche\/\",\"url\":\"https:\/\/lunayatravel.com\/produit\/%f0%9f%8d%9c-thai-akha-kitchen-cours-de-cuisine-visite-du-marche\/\",\"name\":\"\ud83c\udf5c Thai Akha Kitchen \u2013 Cours de cuisine & visite du march\u00e9 -\",\"isPartOf\":{\"@id\":\"https:\/\/lunayatravel.com\/#website\"},\"primaryImageOfPage\":{\"@id\":\"https:\/\/lunayatravel.com\/produit\/%f0%9f%8d%9c-thai-akha-kitchen-cours-de-cuisine-visite-du-marche\/#primaryimage\"},\"image\":{\"@id\":\"https:\/\/lunayatravel.com\/produit\/%f0%9f%8d%9c-thai-akha-kitchen-cours-de-cuisine-visite-du-marche\/#primaryimage\"},\"thumbnailUrl\":\"https:\/\/lunayatravel.com\/wp-content\/uploads\/2025\/08\/Cooking07.webp\",\"datePublished\":\"2025-08-01T07:37:27+00:00\",\"breadcrumb\":{\"@id\":\"https:\/\/lunayatravel.com\/produit\/%f0%9f%8d%9c-thai-akha-kitchen-cours-de-cuisine-visite-du-marche\/#breadcrumb\"},\"inLanguage\":\"en-GB\",\"potentialAction\":[{\"@type\":\"ReadAction\",\"target\":[\"https:\/\/lunayatravel.com\/produit\/%f0%9f%8d%9c-thai-akha-kitchen-cours-de-cuisine-visite-du-marche\/\"]}]},{\"@type\":\"ImageObject\",\"inLanguage\":\"en-GB\",\"@id\":\"https:\/\/lunayatravel.com\/produit\/%f0%9f%8d%9c-thai-akha-kitchen-cours-de-cuisine-visite-du-marche\/#primaryimage\",\"url\":\"https:\/\/lunayatravel.com\/wp-content\/uploads\/2025\/08\/Cooking07.webp\",\"contentUrl\":\"https:\/\/lunayatravel.com\/wp-content\/uploads\/2025\/08\/Cooking07.webp\",\"width\":720,\"height\":540},{\"@type\":\"BreadcrumbList\",\"@id\":\"https:\/\/lunayatravel.com\/produit\/%f0%9f%8d%9c-thai-akha-kitchen-cours-de-cuisine-visite-du-marche\/#breadcrumb\",\"itemListElement\":[{\"@type\":\"ListItem\",\"position\":1,\"name\":\"Accueil\",\"item\":\"https:\/\/lunayatravel.com\/\"},{\"@type\":\"ListItem\",\"position\":2,\"name\":\"Nos activit\u00e9s\",\"item\":\"https:\/\/lunayatravel.com\/nos-activites\/\"},{\"@type\":\"ListItem\",\"position\":3,\"name\":\"\ud83c\udf5c Thai Akha Kitchen \u2013 Cours de cuisine &#038; visite du march\u00e9\"}]},{\"@type\":\"WebSite\",\"@id\":\"https:\/\/lunayatravel.com\/#website\",\"url\":\"https:\/\/lunayatravel.com\/\",\"name\":\"\",\"description\":\"\",\"publisher\":{\"@id\":\"https:\/\/lunayatravel.com\/#organization\"},\"potentialAction\":[{\"@type\":\"SearchAction\",\"target\":{\"@type\":\"EntryPoint\",\"urlTemplate\":\"https:\/\/lunayatravel.com\/?s={search_term_string}\"},\"query-input\":{\"@type\":\"PropertyValueSpecification\",\"valueRequired\":true,\"valueName\":\"search_term_string\"}}],\"inLanguage\":\"en-GB\"},{\"@type\":\"Organization\",\"@id\":\"https:\/\/lunayatravel.com\/#organization\",\"name\":\"Lunaya travel\",\"alternateName\":\"Lunaya travel\",\"url\":\"https:\/\/lunayatravel.com\/\",\"logo\":{\"@type\":\"ImageObject\",\"inLanguage\":\"en-GB\",\"@id\":\"https:\/\/lunayatravel.com\/#\/schema\/logo\/image\/\",\"url\":\"https:\/\/lunayatravel.com\/wp-content\/uploads\/2026\/03\/cropped-647319118_2379115739204013_337015058165053143_n.jpg\",\"contentUrl\":\"https:\/\/lunayatravel.com\/wp-content\/uploads\/2026\/03\/cropped-647319118_2379115739204013_337015058165053143_n.jpg\",\"width\":1022,\"height\":1023,\"caption\":\"Lunaya travel\"},\"image\":{\"@id\":\"https:\/\/lunayatravel.com\/#\/schema\/logo\/image\/\"},\"sameAs\":[\"https:\/\/www.facebook.com\/lunayaTravel\/\"]}]}<\/script>\n<!-- \/ Yoast SEO plugin. -->","yoast_head_json":{"title":"\ud83c\udf5c Thai Akha Kitchen \u2013 Cours de cuisine & visite du march\u00e9 -","robots":{"index":"index","follow":"follow","max-snippet":"max-snippet:-1","max-image-preview":"max-image-preview:large","max-video-preview":"max-video-preview:-1"},"canonical":"https:\/\/lunayatravel.com\/en\/product\/\ud83c\udf5c-thai-akha-kitchen-cours-de-cuisine-visite-du-marche\/","og_locale":"en_GB","og_type":"article","og_title":"\ud83c\udf5c Thai Akha Kitchen \u2013 Cours de cuisine & visite du march\u00e9 -","og_description":"\ud83c\udf1f Description courte Plongez dans la richesse de la cuisine tha\u00eflandaise et Akha avec ce cours de cuisine prim\u00e9 ! Pr\u00e9parez, go\u00fbtez et partagez 11 plats savoureux avec un chef local, avec ou sans visite du march\u00e9.","og_url":"https:\/\/lunayatravel.com\/en\/product\/\ud83c\udf5c-thai-akha-kitchen-cours-de-cuisine-visite-du-marche\/","article_publisher":"https:\/\/www.facebook.com\/lunayaTravel\/","og_image":[{"width":720,"height":540,"url":"https:\/\/lunayatravel.com\/wp-content\/uploads\/2025\/08\/Cooking07.webp","type":"image\/webp"}],"twitter_card":"summary_large_image","twitter_misc":{"Estimated reading time":"1 minute"},"schema":{"@context":"https:\/\/schema.org","@graph":[{"@type":"WebPage","@id":"https:\/\/lunayatravel.com\/produit\/%f0%9f%8d%9c-thai-akha-kitchen-cours-de-cuisine-visite-du-marche\/","url":"https:\/\/lunayatravel.com\/produit\/%f0%9f%8d%9c-thai-akha-kitchen-cours-de-cuisine-visite-du-marche\/","name":"\ud83c\udf5c Thai Akha Kitchen \u2013 Cours de cuisine & visite du march\u00e9 -","isPartOf":{"@id":"https:\/\/lunayatravel.com\/#website"},"primaryImageOfPage":{"@id":"https:\/\/lunayatravel.com\/produit\/%f0%9f%8d%9c-thai-akha-kitchen-cours-de-cuisine-visite-du-marche\/#primaryimage"},"image":{"@id":"https:\/\/lunayatravel.com\/produit\/%f0%9f%8d%9c-thai-akha-kitchen-cours-de-cuisine-visite-du-marche\/#primaryimage"},"thumbnailUrl":"https:\/\/lunayatravel.com\/wp-content\/uploads\/2025\/08\/Cooking07.webp","datePublished":"2025-08-01T07:37:27+00:00","breadcrumb":{"@id":"https:\/\/lunayatravel.com\/produit\/%f0%9f%8d%9c-thai-akha-kitchen-cours-de-cuisine-visite-du-marche\/#breadcrumb"},"inLanguage":"en-GB","potentialAction":[{"@type":"ReadAction","target":["https:\/\/lunayatravel.com\/produit\/%f0%9f%8d%9c-thai-akha-kitchen-cours-de-cuisine-visite-du-marche\/"]}]},{"@type":"ImageObject","inLanguage":"en-GB","@id":"https:\/\/lunayatravel.com\/produit\/%f0%9f%8d%9c-thai-akha-kitchen-cours-de-cuisine-visite-du-marche\/#primaryimage","url":"https:\/\/lunayatravel.com\/wp-content\/uploads\/2025\/08\/Cooking07.webp","contentUrl":"https:\/\/lunayatravel.com\/wp-content\/uploads\/2025\/08\/Cooking07.webp","width":720,"height":540},{"@type":"BreadcrumbList","@id":"https:\/\/lunayatravel.com\/produit\/%f0%9f%8d%9c-thai-akha-kitchen-cours-de-cuisine-visite-du-marche\/#breadcrumb","itemListElement":[{"@type":"ListItem","position":1,"name":"Accueil","item":"https:\/\/lunayatravel.com\/"},{"@type":"ListItem","position":2,"name":"Nos activit\u00e9s","item":"https:\/\/lunayatravel.com\/nos-activites\/"},{"@type":"ListItem","position":3,"name":"\ud83c\udf5c Thai Akha Kitchen \u2013 Cours de cuisine &#038; visite du march\u00e9"}]},{"@type":"WebSite","@id":"https:\/\/lunayatravel.com\/#website","url":"https:\/\/lunayatravel.com\/","name":"","description":"","publisher":{"@id":"https:\/\/lunayatravel.com\/#organization"},"potentialAction":[{"@type":"SearchAction","target":{"@type":"EntryPoint","urlTemplate":"https:\/\/lunayatravel.com\/?s={search_term_string}"},"query-input":{"@type":"PropertyValueSpecification","valueRequired":true,"valueName":"search_term_string"}}],"inLanguage":"en-GB"},{"@type":"Organization","@id":"https:\/\/lunayatravel.com\/#organization","name":"Lunaya travel","alternateName":"Lunaya travel","url":"https:\/\/lunayatravel.com\/","logo":{"@type":"ImageObject","inLanguage":"en-GB","@id":"https:\/\/lunayatravel.com\/#\/schema\/logo\/image\/","url":"https:\/\/lunayatravel.com\/wp-content\/uploads\/2026\/03\/cropped-647319118_2379115739204013_337015058165053143_n.jpg","contentUrl":"https:\/\/lunayatravel.com\/wp-content\/uploads\/2026\/03\/cropped-647319118_2379115739204013_337015058165053143_n.jpg","width":1022,"height":1023,"caption":"Lunaya travel"},"image":{"@id":"https:\/\/lunayatravel.com\/#\/schema\/logo\/image\/"},"sameAs":["https:\/\/www.facebook.com\/lunayaTravel\/"]}]}},"uagb_featured_image_src":{"full":["https:\/\/lunayatravel.com\/wp-content\/uploads\/2025\/08\/Cooking07.webp",720,540,false],"thumbnail":["https:\/\/lunayatravel.com\/wp-content\/uploads\/2025\/08\/Cooking07-150x150.webp",150,150,true],"medium":["https:\/\/lunayatravel.com\/wp-content\/uploads\/2025\/08\/Cooking07-300x225.webp",300,225,true],"medium_large":["https:\/\/lunayatravel.com\/wp-content\/uploads\/2025\/08\/Cooking07.webp",720,540,false],"large":["https:\/\/lunayatravel.com\/wp-content\/uploads\/2025\/08\/Cooking07.webp",720,540,false],"1536x1536":["https:\/\/lunayatravel.com\/wp-content\/uploads\/2025\/08\/Cooking07.webp",720,540,false],"2048x2048":["https:\/\/lunayatravel.com\/wp-content\/uploads\/2025\/08\/Cooking07.webp",720,540,false],"trp-custom-language-flag":["https:\/\/lunayatravel.com\/wp-content\/uploads\/2025\/08\/Cooking07.webp",16,12,false],"widget-thumbnail":["https:\/\/lunayatravel.com\/wp-content\/uploads\/2025\/08\/Cooking07-75x75.webp",75,75,true],"mailpoet_newsletter_max":["https:\/\/lunayatravel.com\/wp-content\/uploads\/2025\/08\/Cooking07.webp",720,540,false],"woocommerce_thumbnail":["https:\/\/lunayatravel.com\/wp-content\/uploads\/2025\/08\/Cooking07-300x300.webp",300,300,true],"woocommerce_single":["https:\/\/lunayatravel.com\/wp-content\/uploads\/2025\/08\/Cooking07-600x450.webp",600,450,true],"woocommerce_gallery_thumbnail":["https:\/\/lunayatravel.com\/wp-content\/uploads\/2025\/08\/Cooking07-100x100.webp",100,100,true],"sow-carousel-default":["https:\/\/lunayatravel.com\/wp-content\/uploads\/2025\/08\/Cooking07-272x182.webp",272,182,true]},"uagb_author_info":{"display_name":"haemers stephanie","author_link":"https:\/\/lunayatravel.com\/en\/author\/"},"uagb_comment_info":0,"uagb_excerpt":"\ud83c\udf1f Description courte Plongez dans la richesse de la cuisine tha\u00eflandaise et Akha avec ce cours de cuisine prim\u00e9 ! Pr\u00e9parez, go\u00fbtez et partagez 11 plats savoureux avec un chef local, avec ou sans visite du march\u00e9.","jetpack_sharing_enabled":true,"_links":{"self":[{"href":"https:\/\/lunayatravel.com\/en\/wp-json\/wp\/v2\/product\/30437","targetHints":{"allow":["GET"]}}],"collection":[{"href":"https:\/\/lunayatravel.com\/en\/wp-json\/wp\/v2\/product"}],"about":[{"href":"https:\/\/lunayatravel.com\/en\/wp-json\/wp\/v2\/types\/product"}],"replies":[{"embeddable":true,"href":"https:\/\/lunayatravel.com\/en\/wp-json\/wp\/v2\/comments?post=30437"}],"wp:featuredmedia":[{"embeddable":true,"href":"https:\/\/lunayatravel.com\/en\/wp-json\/wp\/v2\/media\/30447"}],"wp:attachment":[{"href":"https:\/\/lunayatravel.com\/en\/wp-json\/wp\/v2\/media?parent=30437"}],"wp:term":[{"taxonomy":"product_brand","embeddable":true,"href":"https:\/\/lunayatravel.com\/en\/wp-json\/wp\/v2\/product_brand?post=30437"},{"taxonomy":"product_cat","embeddable":true,"href":"https:\/\/lunayatravel.com\/en\/wp-json\/wp\/v2\/product_cat?post=30437"},{"taxonomy":"product_tag","embeddable":true,"href":"https:\/\/lunayatravel.com\/en\/wp-json\/wp\/v2\/product_tag?post=30437"}],"curies":[{"name":"wp","href":"https:\/\/api.w.org\/{rel}","templated":true}]}}