{"id":30427,"date":"2025-08-01T09:10:48","date_gmt":"2025-08-01T07:10:48","guid":{"rendered":"https:\/\/itctoursvoyages.com\/?post_type=product&#038;p=30427"},"modified":"2025-08-01T09:10:48","modified_gmt":"2025-08-01T07:10:48","slug":"%f0%9f%90%98%f0%9f%8f%8d%ef%b8%8f-mountain-atv-elephant-sanctuary-excursion-dune-journee","status":"publish","type":"product","link":"https:\/\/lunayatravel.com\/en\/product\/%f0%9f%90%98%f0%9f%8f%8d%ef%b8%8f-mountain-atv-elephant-sanctuary-excursion-dune-journee\/","title":{"rendered":"\ud83d\udc18\ud83c\udfcd\ufe0f Mountain ATV &amp; Elephant Sanctuary - Day trip"},"content":{"rendered":"<h3 data-start=\"1216\" data-end=\"1245\">\u2705 <strong data-start=\"1222\" data-end=\"1243\">What's included<\/strong><\/h3>\n<ul data-start=\"1246\" data-end=\"1436\">\n<li data-start=\"1246\" data-end=\"1304\">\n<p data-start=\"1248\" data-end=\"1304\">Return transfer from your hotel in Chiang Mai<\/p>\n<\/li>\n<li data-start=\"1305\" data-end=\"1339\">\n<p data-start=\"1307\" data-end=\"1339\">Professional English-speaking guide<\/p>\n<\/li>\n<li data-start=\"1340\" data-end=\"1380\">\n<p data-start=\"1342\" data-end=\"1380\">Safety helmet and mountain bike equipment<\/p>\n<\/li>\n<li data-start=\"1381\" data-end=\"1413\">\n<p data-start=\"1383\" data-end=\"1413\">Local lunch at the sanctuary<\/p>\n<\/li>\n<li data-start=\"1414\" data-end=\"1436\">\n<p data-start=\"1416\" data-end=\"1436\">Accident insurance<\/p>\n<\/li>\n<\/ul>\n<hr data-start=\"1438\" data-end=\"1441\" \/>\n<h3 data-start=\"1443\" data-end=\"1465\">\ud83c\udf92 <strong data-start=\"1450\" data-end=\"1463\">What to expect<\/strong><\/h3>\n<ul data-start=\"1466\" data-end=\"1624\">\n<li data-start=\"1466\" data-end=\"1525\">\n<p data-start=\"1468\" data-end=\"1525\">Swimming costume and towel for the elephant bath<\/p>\n<\/li>\n<li data-start=\"1526\" data-end=\"1551\">\n<p data-start=\"1528\" data-end=\"1551\">Spare clothing<\/p>\n<\/li>\n<li data-start=\"1552\" data-end=\"1577\">\n<p data-start=\"1554\" data-end=\"1577\">Mosquito spray<\/p>\n<\/li>\n<li data-start=\"1578\" data-end=\"1624\">\n<p data-start=\"1580\" data-end=\"1624\">Shoes suitable for mountain biking + sandals<\/p>\n<\/li>\n<\/ul>\n<hr data-start=\"1626\" data-end=\"1629\" \/>\n<h3 data-start=\"1631\" data-end=\"1667\">\ud83d\udd52 <strong data-start=\"1638\" data-end=\"1665\">Approximate route<\/strong><\/h3>\n<ul data-start=\"1668\" data-end=\"1947\">\n<li data-start=\"1668\" data-end=\"1721\">\n<p data-start=\"1670\" data-end=\"1721\"><strong data-start=\"1670\" data-end=\"1687\">07:30 - 08:00<\/strong> Pick-up at your hotel<\/p>\n<\/li>\n<li data-start=\"1722\" data-end=\"1781\">\n<p data-start=\"1724\" data-end=\"1781\"><strong data-start=\"1724\" data-end=\"1741\">09:30 - 12:00<\/strong> Visit, care and bathing of the elephants<\/p>\n<\/li>\n<li data-start=\"1782\" data-end=\"1816\">\n<p data-start=\"1784\" data-end=\"1816\"><strong data-start=\"1784\" data-end=\"1793\">12:00<\/strong> Lunch on site<\/p>\n<\/li>\n<li data-start=\"1817\" data-end=\"1889\">\n<p data-start=\"1819\" data-end=\"1889\"><strong data-start=\"1819\" data-end=\"1836\">13:00 - 15:30<\/strong> Mountain bike adventure (2h) - jungle, waterfalls and rice fields<\/p>\n<\/li>\n<li data-start=\"1890\" data-end=\"1947\">\n<p data-start=\"1892\" data-end=\"1947\"><strong data-start=\"1892\" data-end=\"1909\">16:30 - 17:00<\/strong> Return to your hotel in Chiang Mai<\/p>\n<\/li>\n<\/ul>","protected":false},"excerpt":{"rendered":"<h3 data-start=\"399\" data-end=\"430\">\ud83c\udf1f <strong data-start=\"406\" data-end=\"428\">Short description<\/strong><\/h3>\n<p data-start=\"431\" data-end=\"635\">An unforgettable day of nature and thrills: share a magical moment with the elephants and then set off on a mountain bike adventure through the jungle, rice fields and waterfalls of Chiang Mai.<\/p>","protected":false},"featured_media":30436,"comment_status":"open","ping_status":"closed","template":"","meta":{"_uag_custom_page_level_css":""},"product_brand":[],"product_cat":[68],"product_tag":[],"class_list":{"0":"post-30427","1":"product","2":"type-product","3":"status-publish","4":"has-post-thumbnail","6":"product_cat-chiang-mai","8":"first","9":"instock","10":"virtual","11":"taxable","12":"purchasable","13":"product-type-simple"},"yoast_head":"<!-- This site is optimized with the Yoast SEO plugin v27.1.1 - https:\/\/yoast.com\/product\/yoast-seo-wordpress\/ -->\n<title>\ud83d\udc18\ud83c\udfcd\ufe0f Mountain ATV &amp; Elephant Sanctuary \u2013 Excursion d\u2019une journ\u00e9e -<\/title>\n<meta name=\"robots\" content=\"index, follow, max-snippet:-1, max-image-preview:large, max-video-preview:-1\" \/>\n<link rel=\"canonical\" href=\"https:\/\/lunayatravel.com\/en\/product\/\ud83d\udc18\ud83c\udfcd\ufe0f-mountain-atv-elephant-sanctuary-excursion-dune-journee\/\" \/>\n<meta property=\"og:locale\" content=\"en_GB\" \/>\n<meta property=\"og:type\" content=\"article\" \/>\n<meta property=\"og:title\" content=\"\ud83d\udc18\ud83c\udfcd\ufe0f Mountain ATV &amp; Elephant Sanctuary \u2013 Excursion d\u2019une journ\u00e9e -\" \/>\n<meta property=\"og:description\" content=\"\ud83c\udf1f Description courte Une journ\u00e9e inoubliable entre nature et sensations fortes : partagez un moment magique avec les \u00e9l\u00e9phants puis partez \u00e0 l\u2019aventure en VTT \u00e0 travers la jungle, les rizi\u00e8res et les cascades de Chiang Mai.\" \/>\n<meta property=\"og:url\" content=\"https:\/\/lunayatravel.com\/en\/product\/\ud83d\udc18\ud83c\udfcd\ufe0f-mountain-atv-elephant-sanctuary-excursion-dune-journee\/\" \/>\n<meta property=\"article:publisher\" content=\"https:\/\/www.facebook.com\/lunayaTravel\/\" \/>\n<meta property=\"og:image\" content=\"https:\/\/lunayatravel.com\/wp-content\/uploads\/2025\/08\/N3.webp\" \/>\n\t<meta property=\"og:image:width\" content=\"720\" \/>\n\t<meta property=\"og:image:height\" content=\"540\" \/>\n\t<meta property=\"og:image:type\" content=\"image\/webp\" \/>\n<meta name=\"twitter:card\" content=\"summary_large_image\" \/>\n<script type=\"application\/ld+json\" class=\"yoast-schema-graph\">{\"@context\":\"https:\/\/schema.org\",\"@graph\":[{\"@type\":\"WebPage\",\"@id\":\"https:\/\/lunayatravel.com\/produit\/%f0%9f%90%98%f0%9f%8f%8d%ef%b8%8f-mountain-atv-elephant-sanctuary-excursion-dune-journee\/\",\"url\":\"https:\/\/lunayatravel.com\/produit\/%f0%9f%90%98%f0%9f%8f%8d%ef%b8%8f-mountain-atv-elephant-sanctuary-excursion-dune-journee\/\",\"name\":\"\ud83d\udc18\ud83c\udfcd\ufe0f Mountain ATV & Elephant Sanctuary \u2013 Excursion d\u2019une journ\u00e9e -\",\"isPartOf\":{\"@id\":\"https:\/\/lunayatravel.com\/#website\"},\"primaryImageOfPage\":{\"@id\":\"https:\/\/lunayatravel.com\/produit\/%f0%9f%90%98%f0%9f%8f%8d%ef%b8%8f-mountain-atv-elephant-sanctuary-excursion-dune-journee\/#primaryimage\"},\"image\":{\"@id\":\"https:\/\/lunayatravel.com\/produit\/%f0%9f%90%98%f0%9f%8f%8d%ef%b8%8f-mountain-atv-elephant-sanctuary-excursion-dune-journee\/#primaryimage\"},\"thumbnailUrl\":\"https:\/\/lunayatravel.com\/wp-content\/uploads\/2025\/08\/N3.webp\",\"datePublished\":\"2025-08-01T07:10:48+00:00\",\"breadcrumb\":{\"@id\":\"https:\/\/lunayatravel.com\/produit\/%f0%9f%90%98%f0%9f%8f%8d%ef%b8%8f-mountain-atv-elephant-sanctuary-excursion-dune-journee\/#breadcrumb\"},\"inLanguage\":\"en-GB\",\"potentialAction\":[{\"@type\":\"ReadAction\",\"target\":[\"https:\/\/lunayatravel.com\/produit\/%f0%9f%90%98%f0%9f%8f%8d%ef%b8%8f-mountain-atv-elephant-sanctuary-excursion-dune-journee\/\"]}]},{\"@type\":\"ImageObject\",\"inLanguage\":\"en-GB\",\"@id\":\"https:\/\/lunayatravel.com\/produit\/%f0%9f%90%98%f0%9f%8f%8d%ef%b8%8f-mountain-atv-elephant-sanctuary-excursion-dune-journee\/#primaryimage\",\"url\":\"https:\/\/lunayatravel.com\/wp-content\/uploads\/2025\/08\/N3.webp\",\"contentUrl\":\"https:\/\/lunayatravel.com\/wp-content\/uploads\/2025\/08\/N3.webp\",\"width\":720,\"height\":540},{\"@type\":\"BreadcrumbList\",\"@id\":\"https:\/\/lunayatravel.com\/produit\/%f0%9f%90%98%f0%9f%8f%8d%ef%b8%8f-mountain-atv-elephant-sanctuary-excursion-dune-journee\/#breadcrumb\",\"itemListElement\":[{\"@type\":\"ListItem\",\"position\":1,\"name\":\"Accueil\",\"item\":\"https:\/\/lunayatravel.com\/\"},{\"@type\":\"ListItem\",\"position\":2,\"name\":\"Nos activit\u00e9s\",\"item\":\"https:\/\/lunayatravel.com\/nos-activites\/\"},{\"@type\":\"ListItem\",\"position\":3,\"name\":\"\ud83d\udc18\ud83c\udfcd\ufe0f Mountain ATV &#038; Elephant Sanctuary \u2013 Excursion d\u2019une journ\u00e9e\"}]},{\"@type\":\"WebSite\",\"@id\":\"https:\/\/lunayatravel.com\/#website\",\"url\":\"https:\/\/lunayatravel.com\/\",\"name\":\"\",\"description\":\"\",\"publisher\":{\"@id\":\"https:\/\/lunayatravel.com\/#organization\"},\"potentialAction\":[{\"@type\":\"SearchAction\",\"target\":{\"@type\":\"EntryPoint\",\"urlTemplate\":\"https:\/\/lunayatravel.com\/?s={search_term_string}\"},\"query-input\":{\"@type\":\"PropertyValueSpecification\",\"valueRequired\":true,\"valueName\":\"search_term_string\"}}],\"inLanguage\":\"en-GB\"},{\"@type\":\"Organization\",\"@id\":\"https:\/\/lunayatravel.com\/#organization\",\"name\":\"Lunaya travel\",\"alternateName\":\"Lunaya travel\",\"url\":\"https:\/\/lunayatravel.com\/\",\"logo\":{\"@type\":\"ImageObject\",\"inLanguage\":\"en-GB\",\"@id\":\"https:\/\/lunayatravel.com\/#\/schema\/logo\/image\/\",\"url\":\"https:\/\/lunayatravel.com\/wp-content\/uploads\/2026\/03\/cropped-647319118_2379115739204013_337015058165053143_n.jpg\",\"contentUrl\":\"https:\/\/lunayatravel.com\/wp-content\/uploads\/2026\/03\/cropped-647319118_2379115739204013_337015058165053143_n.jpg\",\"width\":1022,\"height\":1023,\"caption\":\"Lunaya travel\"},\"image\":{\"@id\":\"https:\/\/lunayatravel.com\/#\/schema\/logo\/image\/\"},\"sameAs\":[\"https:\/\/www.facebook.com\/lunayaTravel\/\"]}]}<\/script>\n<!-- \/ Yoast SEO plugin. -->","yoast_head_json":{"title":"\ud83d\udc18\ud83c\udfcd\ufe0f Mountain ATV & Elephant Sanctuary \u2013 Excursion d\u2019une journ\u00e9e -","robots":{"index":"index","follow":"follow","max-snippet":"max-snippet:-1","max-image-preview":"max-image-preview:large","max-video-preview":"max-video-preview:-1"},"canonical":"https:\/\/lunayatravel.com\/en\/product\/\ud83d\udc18\ud83c\udfcd\ufe0f-mountain-atv-elephant-sanctuary-excursion-dune-journee\/","og_locale":"en_GB","og_type":"article","og_title":"\ud83d\udc18\ud83c\udfcd\ufe0f Mountain ATV & Elephant Sanctuary \u2013 Excursion d\u2019une journ\u00e9e -","og_description":"\ud83c\udf1f Description courte Une journ\u00e9e inoubliable entre nature et sensations fortes : partagez un moment magique avec les \u00e9l\u00e9phants puis partez \u00e0 l\u2019aventure en VTT \u00e0 travers la jungle, les rizi\u00e8res et les cascades de Chiang Mai.","og_url":"https:\/\/lunayatravel.com\/en\/product\/\ud83d\udc18\ud83c\udfcd\ufe0f-mountain-atv-elephant-sanctuary-excursion-dune-journee\/","article_publisher":"https:\/\/www.facebook.com\/lunayaTravel\/","og_image":[{"width":720,"height":540,"url":"https:\/\/lunayatravel.com\/wp-content\/uploads\/2025\/08\/N3.webp","type":"image\/webp"}],"twitter_card":"summary_large_image","schema":{"@context":"https:\/\/schema.org","@graph":[{"@type":"WebPage","@id":"https:\/\/lunayatravel.com\/produit\/%f0%9f%90%98%f0%9f%8f%8d%ef%b8%8f-mountain-atv-elephant-sanctuary-excursion-dune-journee\/","url":"https:\/\/lunayatravel.com\/produit\/%f0%9f%90%98%f0%9f%8f%8d%ef%b8%8f-mountain-atv-elephant-sanctuary-excursion-dune-journee\/","name":"\ud83d\udc18\ud83c\udfcd\ufe0f Mountain ATV & Elephant Sanctuary \u2013 Excursion d\u2019une journ\u00e9e -","isPartOf":{"@id":"https:\/\/lunayatravel.com\/#website"},"primaryImageOfPage":{"@id":"https:\/\/lunayatravel.com\/produit\/%f0%9f%90%98%f0%9f%8f%8d%ef%b8%8f-mountain-atv-elephant-sanctuary-excursion-dune-journee\/#primaryimage"},"image":{"@id":"https:\/\/lunayatravel.com\/produit\/%f0%9f%90%98%f0%9f%8f%8d%ef%b8%8f-mountain-atv-elephant-sanctuary-excursion-dune-journee\/#primaryimage"},"thumbnailUrl":"https:\/\/lunayatravel.com\/wp-content\/uploads\/2025\/08\/N3.webp","datePublished":"2025-08-01T07:10:48+00:00","breadcrumb":{"@id":"https:\/\/lunayatravel.com\/produit\/%f0%9f%90%98%f0%9f%8f%8d%ef%b8%8f-mountain-atv-elephant-sanctuary-excursion-dune-journee\/#breadcrumb"},"inLanguage":"en-GB","potentialAction":[{"@type":"ReadAction","target":["https:\/\/lunayatravel.com\/produit\/%f0%9f%90%98%f0%9f%8f%8d%ef%b8%8f-mountain-atv-elephant-sanctuary-excursion-dune-journee\/"]}]},{"@type":"ImageObject","inLanguage":"en-GB","@id":"https:\/\/lunayatravel.com\/produit\/%f0%9f%90%98%f0%9f%8f%8d%ef%b8%8f-mountain-atv-elephant-sanctuary-excursion-dune-journee\/#primaryimage","url":"https:\/\/lunayatravel.com\/wp-content\/uploads\/2025\/08\/N3.webp","contentUrl":"https:\/\/lunayatravel.com\/wp-content\/uploads\/2025\/08\/N3.webp","width":720,"height":540},{"@type":"BreadcrumbList","@id":"https:\/\/lunayatravel.com\/produit\/%f0%9f%90%98%f0%9f%8f%8d%ef%b8%8f-mountain-atv-elephant-sanctuary-excursion-dune-journee\/#breadcrumb","itemListElement":[{"@type":"ListItem","position":1,"name":"Accueil","item":"https:\/\/lunayatravel.com\/"},{"@type":"ListItem","position":2,"name":"Nos activit\u00e9s","item":"https:\/\/lunayatravel.com\/nos-activites\/"},{"@type":"ListItem","position":3,"name":"\ud83d\udc18\ud83c\udfcd\ufe0f Mountain ATV &#038; Elephant Sanctuary \u2013 Excursion d\u2019une journ\u00e9e"}]},{"@type":"WebSite","@id":"https:\/\/lunayatravel.com\/#website","url":"https:\/\/lunayatravel.com\/","name":"","description":"","publisher":{"@id":"https:\/\/lunayatravel.com\/#organization"},"potentialAction":[{"@type":"SearchAction","target":{"@type":"EntryPoint","urlTemplate":"https:\/\/lunayatravel.com\/?s={search_term_string}"},"query-input":{"@type":"PropertyValueSpecification","valueRequired":true,"valueName":"search_term_string"}}],"inLanguage":"en-GB"},{"@type":"Organization","@id":"https:\/\/lunayatravel.com\/#organization","name":"Lunaya travel","alternateName":"Lunaya travel","url":"https:\/\/lunayatravel.com\/","logo":{"@type":"ImageObject","inLanguage":"en-GB","@id":"https:\/\/lunayatravel.com\/#\/schema\/logo\/image\/","url":"https:\/\/lunayatravel.com\/wp-content\/uploads\/2026\/03\/cropped-647319118_2379115739204013_337015058165053143_n.jpg","contentUrl":"https:\/\/lunayatravel.com\/wp-content\/uploads\/2026\/03\/cropped-647319118_2379115739204013_337015058165053143_n.jpg","width":1022,"height":1023,"caption":"Lunaya travel"},"image":{"@id":"https:\/\/lunayatravel.com\/#\/schema\/logo\/image\/"},"sameAs":["https:\/\/www.facebook.com\/lunayaTravel\/"]}]}},"uagb_featured_image_src":{"full":["https:\/\/lunayatravel.com\/wp-content\/uploads\/2025\/08\/N3.webp",720,540,false],"thumbnail":["https:\/\/lunayatravel.com\/wp-content\/uploads\/2025\/08\/N3-150x150.webp",150,150,true],"medium":["https:\/\/lunayatravel.com\/wp-content\/uploads\/2025\/08\/N3-300x225.webp",300,225,true],"medium_large":["https:\/\/lunayatravel.com\/wp-content\/uploads\/2025\/08\/N3.webp",720,540,false],"large":["https:\/\/lunayatravel.com\/wp-content\/uploads\/2025\/08\/N3.webp",720,540,false],"1536x1536":["https:\/\/lunayatravel.com\/wp-content\/uploads\/2025\/08\/N3.webp",720,540,false],"2048x2048":["https:\/\/lunayatravel.com\/wp-content\/uploads\/2025\/08\/N3.webp",720,540,false],"trp-custom-language-flag":["https:\/\/lunayatravel.com\/wp-content\/uploads\/2025\/08\/N3.webp",16,12,false],"widget-thumbnail":["https:\/\/lunayatravel.com\/wp-content\/uploads\/2025\/08\/N3-75x75.webp",75,75,true],"mailpoet_newsletter_max":["https:\/\/lunayatravel.com\/wp-content\/uploads\/2025\/08\/N3.webp",720,540,false],"woocommerce_thumbnail":["https:\/\/lunayatravel.com\/wp-content\/uploads\/2025\/08\/N3-300x300.webp",300,300,true],"woocommerce_single":["https:\/\/lunayatravel.com\/wp-content\/uploads\/2025\/08\/N3-600x450.webp",600,450,true],"woocommerce_gallery_thumbnail":["https:\/\/lunayatravel.com\/wp-content\/uploads\/2025\/08\/N3-100x100.webp",100,100,true],"sow-carousel-default":["https:\/\/lunayatravel.com\/wp-content\/uploads\/2025\/08\/N3-272x182.webp",272,182,true]},"uagb_author_info":{"display_name":"haemers stephanie","author_link":"https:\/\/lunayatravel.com\/en\/author\/"},"uagb_comment_info":0,"uagb_excerpt":"\ud83c\udf1f Description courte Une journ\u00e9e inoubliable entre nature et sensations fortes : partagez un moment magique avec les \u00e9l\u00e9phants puis partez \u00e0 l\u2019aventure en VTT \u00e0 travers la jungle, les rizi\u00e8res et les cascades de Chiang Mai.","jetpack_sharing_enabled":true,"_links":{"self":[{"href":"https:\/\/lunayatravel.com\/en\/wp-json\/wp\/v2\/product\/30427","targetHints":{"allow":["GET"]}}],"collection":[{"href":"https:\/\/lunayatravel.com\/en\/wp-json\/wp\/v2\/product"}],"about":[{"href":"https:\/\/lunayatravel.com\/en\/wp-json\/wp\/v2\/types\/product"}],"replies":[{"embeddable":true,"href":"https:\/\/lunayatravel.com\/en\/wp-json\/wp\/v2\/comments?post=30427"}],"wp:featuredmedia":[{"embeddable":true,"href":"https:\/\/lunayatravel.com\/en\/wp-json\/wp\/v2\/media\/30436"}],"wp:attachment":[{"href":"https:\/\/lunayatravel.com\/en\/wp-json\/wp\/v2\/media?parent=30427"}],"wp:term":[{"taxonomy":"product_brand","embeddable":true,"href":"https:\/\/lunayatravel.com\/en\/wp-json\/wp\/v2\/product_brand?post=30427"},{"taxonomy":"product_cat","embeddable":true,"href":"https:\/\/lunayatravel.com\/en\/wp-json\/wp\/v2\/product_cat?post=30427"},{"taxonomy":"product_tag","embeddable":true,"href":"https:\/\/lunayatravel.com\/en\/wp-json\/wp\/v2\/product_tag?post=30427"}],"curies":[{"name":"wp","href":"https:\/\/api.w.org\/{rel}","templated":true}]}}