{"id":30416,"date":"2025-08-01T08:55:02","date_gmt":"2025-08-01T06:55:02","guid":{"rendered":"https:\/\/itctoursvoyages.com\/?post_type=product&#038;p=30416"},"modified":"2025-08-01T08:55:02","modified_gmt":"2025-08-01T06:55:02","slug":"%f0%9f%9a%b4%e2%99%82%ef%b8%8f-excursion-en-velo-electrique-journee-complete-le-long-de-la-riviere-ping-nam-phrae","status":"publish","type":"product","link":"https:\/\/lunayatravel.com\/en\/product\/%f0%9f%9a%b4%e2%99%82%ef%b8%8f-excursion-en-velo-electrique-journee-complete-le-long-de-la-riviere-ping-nam-phrae\/","title":{"rendered":"\ud83d\udeb4\u200d\u2642\ufe0f Electric bike excursion - Full day along the Ping &amp; Nam Phrae rivers"},"content":{"rendered":"<h3 data-start=\"682\" data-end=\"717\">\ud83d\uddfa\ufe0f Itinerary (approximate) :<\/h3>\n<p data-start=\"719\" data-end=\"1195\"><strong data-start=\"719\" data-end=\"736\">07:30 - 08:00<\/strong> Pick-up at your hotel in Chiang Mai<br data-start=\"781\" data-end=\"784\" \/><strong data-start=\"784\" data-end=\"801\">08:30 - 12:00<\/strong> :<br data-start=\"803\" data-end=\"806\" \/>- First part: ~35 to 40 km on flat ground<br data-start=\"854\" data-end=\"857\" \/>- Cross rice fields, orchards and the River Ping<br data-start=\"905\" data-end=\"908\" \/><strong data-start=\"908\" data-end=\"925\">12:00 - 13:00<\/strong> Lunch in a peaceful setting<br data-start=\"959\" data-end=\"962\" \/><strong data-start=\"962\" data-end=\"979\">13:00 - 16:00<\/strong> :<br data-start=\"981\" data-end=\"984\" \/>- Second part: 35 to 40 km of rolling countryside in the Nam Phrae region<br data-start=\"1065\" data-end=\"1068\" \/><strong data-start=\"1068\" data-end=\"1085\">16:00 - 17:00<\/strong> :<br data-start=\"1087\" data-end=\"1090\" \/>Return to base or relax with a drink (optional), then transfer back to your hotel.<\/p>\n<hr data-start=\"1197\" data-end=\"1200\" \/>\n<h3 data-start=\"1202\" data-end=\"1216\">\u2705 Includes :<\/h3>\n<ul data-start=\"1217\" data-end=\"1452\">\n<li data-start=\"1217\" data-end=\"1256\">\n<p data-start=\"1219\" data-end=\"1256\">Latest generation electric bike<\/p>\n<\/li>\n<li data-start=\"1257\" data-end=\"1304\">\n<p data-start=\"1259\" data-end=\"1304\">Helmet (compulsory) and gloves (recommended)<\/p>\n<\/li>\n<li data-start=\"1305\" data-end=\"1338\">\n<p data-start=\"1307\" data-end=\"1338\">TAT-certified English-speaking guide<\/p>\n<\/li>\n<li data-start=\"1339\" data-end=\"1351\">\n<p data-start=\"1341\" data-end=\"1351\">Lunch<\/p>\n<\/li>\n<li data-start=\"1352\" data-end=\"1380\">\n<p data-start=\"1354\" data-end=\"1380\">Water and soft drinks<\/p>\n<\/li>\n<li data-start=\"1381\" data-end=\"1394\">\n<p data-start=\"1383\" data-end=\"1394\">Insurance<\/p>\n<\/li>\n<li data-start=\"1395\" data-end=\"1452\">\n<p data-start=\"1397\" data-end=\"1452\">Return transfer from Chiang Mai (city centre)<\/p>\n<\/li>\n<\/ul>\n<hr data-start=\"1454\" data-end=\"1457\" \/>\n<h3 data-start=\"1459\" data-end=\"1477\">\ud83c\udf92 What to expect:<\/h3>\n<ul data-start=\"1478\" data-end=\"1620\">\n<li data-start=\"1478\" data-end=\"1513\">\n<p data-start=\"1480\" data-end=\"1513\">Comfortable sportswear<\/p>\n<\/li>\n<li data-start=\"1514\" data-end=\"1536\">\n<p data-start=\"1516\" data-end=\"1536\">Sunglasses<\/p>\n<\/li>\n<li data-start=\"1537\" data-end=\"1554\">\n<p data-start=\"1539\" data-end=\"1554\">Sun cream<\/p>\n<\/li>\n<li data-start=\"1555\" data-end=\"1582\">\n<p data-start=\"1557\" data-end=\"1582\">Camera or GoPro<\/p>\n<\/li>\n<li data-start=\"1583\" data-end=\"1620\">\n<p data-start=\"1585\" data-end=\"1620\">Closed shoes suitable for cycling<\/p>\n<\/li>\n<\/ul>","protected":false},"excerpt":{"rendered":"<article class=\"text-token-text-primary w-full focus:outline-none scroll-mt-[calc(var(--header-height)+min(200px,max(70px,20svh)))]\" dir=\"auto\" tabindex=\"-1\" data-testid=\"conversation-turn-322\" data-scroll-anchor=\"true\" data-turn=\"assistant\">\n<div class=\"text-base my-auto mx-auto pb-10 [--thread-content-margin:--spacing(4)] @[37rem]:[--thread-content-margin:--spacing(6)] @[72rem]:[--thread-content-margin:--spacing(16)] px-(--thread-content-margin)\">\n<div class=\"[--thread-content-max-width:32rem] @[34rem]:[--thread-content-max-width:40rem] @[64rem]:[--thread-content-max-width:48rem] mx-auto max-w-(--thread-content-max-width) flex-1 group\/turn-messages focus-visible:outline-hidden relative flex w-full min-w-0 flex-col agent-turn\" tabindex=\"-1\">\n<div class=\"flex max-w-full flex-col grow\">\n<div class=\"min-h-8 text-message relative flex w-full flex-col items-end gap-2 text-start break-words whitespace-normal [.text-message+&amp;]:mt-5\" dir=\"auto\" data-message-author-role=\"assistant\" data-message-id=\"1ba7e840-651d-47de-bc20-6909085c0d9f\" data-message-model-slug=\"gpt-4o\">\n<div class=\"flex w-full flex-col gap-1 empty:hidden first:pt-[3px]\">\n<div class=\"markdown prose dark:prose-invert w-full break-words light\">\n<h3 data-start=\"1627\" data-end=\"1654\">\ud83d\udcdd Description courte :<\/h3>\n<p data-start=\"1655\" data-end=\"1898\">Explorez Chiang Mai autrement avec cette <strong data-start=\"1696\" data-end=\"1734\">balade de 75 km en v\u00e9lo \u00e9lectrique<\/strong>, entre nature, culture et sensations. Entre rizi\u00e8res, vergers, collines et la rivi\u00e8re Ping, laissez-vous guider sur les plus beaux chemins du nord de la Tha\u00eflande<\/p>\n<\/div>\n<\/div>\n<\/div>\n<\/div>\n<div class=\"flex min-h-[46px] justify-start\">\n<div class=\"touch:-me-2 touch:-ms-3.5 -ms-2.5 -me-1 flex flex-wrap items-center gap-y-4 p-1 select-none touch:w-[calc(100%+--spacing(3.5))] -mt-1 w-[calc(100%+--spacing(2.5))] duration-[1.5s] focus-within:transition-none hover:transition-none pointer-events-none [mask-image:linear-gradient(to_right,black_33%,transparent_66%)] [mask-size:300%_100%] [mask-position:100%_0%] motion-safe:transition-[mask-position] group-hover\/turn-messages:pointer-events-auto group-hover\/turn-messages:[mask-position:0_0] group-focus-within\/turn-messages:pointer-events-auto group-focus-within\/turn-messages:[mask-position:0_0] has-data-[state=open]:pointer-events-auto has-data-[state=open]:[mask-position:0_0]\"><\/div>\n<\/div>\n<\/div>\n<\/div>\n<\/article>\n<div class=\"pointer-events-none h-px w-px\" aria-hidden=\"true\" data-edge=\"true\"><\/div>\n<h3 data-start=\"327\" data-end=\"348\">\ud83c\udf1f Points forts :<\/h3>\n<ul data-start=\"349\" data-end=\"675\">\n<li data-start=\"349\" data-end=\"444\">\n<p data-start=\"351\" data-end=\"444\"><strong data-start=\"351\" data-end=\"394\">70 \u00e0 75 km de balade en v\u00e9lo \u00e9lectrique<\/strong> \u00e0 travers les plus beaux paysages de Chiang Mai<\/p>\n<\/li>\n<li data-start=\"445\" data-end=\"513\">\n<p data-start=\"447\" data-end=\"513\">D\u00e9couvrez la <strong data-start=\"460\" data-end=\"476\">rivi\u00e8re Ping<\/strong>, les rizi\u00e8res, vergers et villages<\/p>\n<\/li>\n<li data-start=\"514\" data-end=\"582\">\n<p data-start=\"516\" data-end=\"582\"><strong data-start=\"516\" data-end=\"542\">Parcours plat le matin<\/strong>, puis aventure vallonn\u00e9e l\u2019apr\u00e8s-midi<\/p>\n<\/li>\n<li data-start=\"583\" data-end=\"625\">\n<p data-start=\"585\" data-end=\"625\"><strong data-start=\"585\" data-end=\"604\">D\u00e9jeuner inclus<\/strong> et pauses boissons<\/p>\n<\/li>\n<li data-start=\"626\" data-end=\"675\">\n<p data-start=\"628\" data-end=\"675\">Encadr\u00e9 par des guides professionnels certifi\u00e9s<\/p>\n<\/li>\n<\/ul>\n","protected":false},"featured_media":30420,"comment_status":"open","ping_status":"closed","template":"","meta":{"_uag_custom_page_level_css":""},"product_brand":[],"product_cat":[68],"product_tag":[],"class_list":{"0":"post-30416","1":"product","2":"type-product","3":"status-publish","4":"has-post-thumbnail","6":"product_cat-chiang-mai","8":"first","9":"instock","10":"virtual","11":"taxable","12":"purchasable","13":"product-type-simple"},"yoast_head":"<!-- This site is optimized with the Yoast SEO plugin v27.1.1 - https:\/\/yoast.com\/product\/yoast-seo-wordpress\/ -->\n<title>\ud83d\udeb4\u200d\u2642\ufe0f Excursion en v\u00e9lo \u00e9lectrique \u2013 Journ\u00e9e compl\u00e8te le long de la rivi\u00e8re Ping &amp; Nam Phrae -<\/title>\n<meta name=\"robots\" content=\"index, follow, max-snippet:-1, max-image-preview:large, max-video-preview:-1\" \/>\n<link rel=\"canonical\" href=\"https:\/\/lunayatravel.com\/en\/product\/\ud83d\udeb4\u2642\ufe0f-excursion-en-velo-electrique-journee-complete-le-long-de-la-riviere-ping-nam-phrae\/\" \/>\n<meta property=\"og:locale\" content=\"en_GB\" \/>\n<meta property=\"og:type\" content=\"article\" \/>\n<meta property=\"og:title\" content=\"\ud83d\udeb4\u200d\u2642\ufe0f Excursion en v\u00e9lo \u00e9lectrique \u2013 Journ\u00e9e compl\u00e8te le long de la rivi\u00e8re Ping &amp; Nam Phrae -\" \/>\n<meta property=\"og:description\" content=\"\ud83d\udcdd Description courte : Explorez Chiang Mai autrement avec cette balade de 75 km en v\u00e9lo \u00e9lectrique, entre nature, culture et sensations. Entre rizi\u00e8res, vergers, collines et la rivi\u00e8re Ping, laissez-vous guider sur les plus beaux chemins du nord de la Tha\u00eflande             \ud83c\udf1f Points forts :    70 \u00e0 75 km de balade en v\u00e9lo \u00e9lectrique \u00e0 travers les plus beaux paysages de Chiang Mai    D\u00e9couvrez la rivi\u00e8re Ping, les rizi\u00e8res, vergers et villages    Parcours plat le matin, puis aventure vallonn\u00e9e l\u2019apr\u00e8s-midi    D\u00e9jeuner inclus et pauses boissons    Encadr\u00e9 par des guides professionnels certifi\u00e9s\" \/>\n<meta property=\"og:url\" content=\"https:\/\/lunayatravel.com\/en\/product\/\ud83d\udeb4\u2642\ufe0f-excursion-en-velo-electrique-journee-complete-le-long-de-la-riviere-ping-nam-phrae\/\" \/>\n<meta property=\"article:publisher\" content=\"https:\/\/www.facebook.com\/lunayaTravel\/\" \/>\n<meta property=\"og:image\" content=\"https:\/\/lunayatravel.com\/wp-content\/uploads\/2025\/08\/Image1.webp\" \/>\n\t<meta property=\"og:image:width\" content=\"720\" \/>\n\t<meta property=\"og:image:height\" content=\"482\" \/>\n\t<meta property=\"og:image:type\" content=\"image\/webp\" \/>\n<meta name=\"twitter:card\" content=\"summary_large_image\" \/>\n<meta name=\"twitter:label1\" content=\"Estimated reading time\" \/>\n\t<meta name=\"twitter:data1\" content=\"1 minute\" \/>\n<script type=\"application\/ld+json\" class=\"yoast-schema-graph\">{\"@context\":\"https:\/\/schema.org\",\"@graph\":[{\"@type\":\"WebPage\",\"@id\":\"https:\/\/lunayatravel.com\/produit\/%f0%9f%9a%b4%e2%99%82%ef%b8%8f-excursion-en-velo-electrique-journee-complete-le-long-de-la-riviere-ping-nam-phrae\/\",\"url\":\"https:\/\/lunayatravel.com\/produit\/%f0%9f%9a%b4%e2%99%82%ef%b8%8f-excursion-en-velo-electrique-journee-complete-le-long-de-la-riviere-ping-nam-phrae\/\",\"name\":\"\ud83d\udeb4\u200d\u2642\ufe0f Excursion en v\u00e9lo \u00e9lectrique \u2013 Journ\u00e9e compl\u00e8te le long de la rivi\u00e8re Ping & Nam Phrae -\",\"isPartOf\":{\"@id\":\"https:\/\/lunayatravel.com\/#website\"},\"primaryImageOfPage\":{\"@id\":\"https:\/\/lunayatravel.com\/produit\/%f0%9f%9a%b4%e2%99%82%ef%b8%8f-excursion-en-velo-electrique-journee-complete-le-long-de-la-riviere-ping-nam-phrae\/#primaryimage\"},\"image\":{\"@id\":\"https:\/\/lunayatravel.com\/produit\/%f0%9f%9a%b4%e2%99%82%ef%b8%8f-excursion-en-velo-electrique-journee-complete-le-long-de-la-riviere-ping-nam-phrae\/#primaryimage\"},\"thumbnailUrl\":\"https:\/\/lunayatravel.com\/wp-content\/uploads\/2025\/08\/Image1.webp\",\"datePublished\":\"2025-08-01T06:55:02+00:00\",\"breadcrumb\":{\"@id\":\"https:\/\/lunayatravel.com\/produit\/%f0%9f%9a%b4%e2%99%82%ef%b8%8f-excursion-en-velo-electrique-journee-complete-le-long-de-la-riviere-ping-nam-phrae\/#breadcrumb\"},\"inLanguage\":\"en-GB\",\"potentialAction\":[{\"@type\":\"ReadAction\",\"target\":[\"https:\/\/lunayatravel.com\/produit\/%f0%9f%9a%b4%e2%99%82%ef%b8%8f-excursion-en-velo-electrique-journee-complete-le-long-de-la-riviere-ping-nam-phrae\/\"]}]},{\"@type\":\"ImageObject\",\"inLanguage\":\"en-GB\",\"@id\":\"https:\/\/lunayatravel.com\/produit\/%f0%9f%9a%b4%e2%99%82%ef%b8%8f-excursion-en-velo-electrique-journee-complete-le-long-de-la-riviere-ping-nam-phrae\/#primaryimage\",\"url\":\"https:\/\/lunayatravel.com\/wp-content\/uploads\/2025\/08\/Image1.webp\",\"contentUrl\":\"https:\/\/lunayatravel.com\/wp-content\/uploads\/2025\/08\/Image1.webp\",\"width\":720,\"height\":482},{\"@type\":\"BreadcrumbList\",\"@id\":\"https:\/\/lunayatravel.com\/produit\/%f0%9f%9a%b4%e2%99%82%ef%b8%8f-excursion-en-velo-electrique-journee-complete-le-long-de-la-riviere-ping-nam-phrae\/#breadcrumb\",\"itemListElement\":[{\"@type\":\"ListItem\",\"position\":1,\"name\":\"Accueil\",\"item\":\"https:\/\/lunayatravel.com\/\"},{\"@type\":\"ListItem\",\"position\":2,\"name\":\"Nos activit\u00e9s\",\"item\":\"https:\/\/lunayatravel.com\/nos-activites\/\"},{\"@type\":\"ListItem\",\"position\":3,\"name\":\"\ud83d\udeb4\u200d\u2642\ufe0f Excursion en v\u00e9lo \u00e9lectrique \u2013 Journ\u00e9e compl\u00e8te le long de la rivi\u00e8re Ping &#038; Nam Phrae\"}]},{\"@type\":\"WebSite\",\"@id\":\"https:\/\/lunayatravel.com\/#website\",\"url\":\"https:\/\/lunayatravel.com\/\",\"name\":\"\",\"description\":\"\",\"publisher\":{\"@id\":\"https:\/\/lunayatravel.com\/#organization\"},\"potentialAction\":[{\"@type\":\"SearchAction\",\"target\":{\"@type\":\"EntryPoint\",\"urlTemplate\":\"https:\/\/lunayatravel.com\/?s={search_term_string}\"},\"query-input\":{\"@type\":\"PropertyValueSpecification\",\"valueRequired\":true,\"valueName\":\"search_term_string\"}}],\"inLanguage\":\"en-GB\"},{\"@type\":\"Organization\",\"@id\":\"https:\/\/lunayatravel.com\/#organization\",\"name\":\"Lunaya travel\",\"alternateName\":\"Lunaya travel\",\"url\":\"https:\/\/lunayatravel.com\/\",\"logo\":{\"@type\":\"ImageObject\",\"inLanguage\":\"en-GB\",\"@id\":\"https:\/\/lunayatravel.com\/#\/schema\/logo\/image\/\",\"url\":\"https:\/\/lunayatravel.com\/wp-content\/uploads\/2026\/03\/cropped-647319118_2379115739204013_337015058165053143_n.jpg\",\"contentUrl\":\"https:\/\/lunayatravel.com\/wp-content\/uploads\/2026\/03\/cropped-647319118_2379115739204013_337015058165053143_n.jpg\",\"width\":1022,\"height\":1023,\"caption\":\"Lunaya travel\"},\"image\":{\"@id\":\"https:\/\/lunayatravel.com\/#\/schema\/logo\/image\/\"},\"sameAs\":[\"https:\/\/www.facebook.com\/lunayaTravel\/\"]}]}<\/script>\n<!-- \/ Yoast SEO plugin. -->","yoast_head_json":{"title":"\ud83d\udeb4\u200d\u2642\ufe0f Excursion en v\u00e9lo \u00e9lectrique \u2013 Journ\u00e9e compl\u00e8te le long de la rivi\u00e8re Ping & Nam Phrae -","robots":{"index":"index","follow":"follow","max-snippet":"max-snippet:-1","max-image-preview":"max-image-preview:large","max-video-preview":"max-video-preview:-1"},"canonical":"https:\/\/lunayatravel.com\/en\/product\/\ud83d\udeb4\u2642\ufe0f-excursion-en-velo-electrique-journee-complete-le-long-de-la-riviere-ping-nam-phrae\/","og_locale":"en_GB","og_type":"article","og_title":"\ud83d\udeb4\u200d\u2642\ufe0f Excursion en v\u00e9lo \u00e9lectrique \u2013 Journ\u00e9e compl\u00e8te le long de la rivi\u00e8re Ping & Nam Phrae -","og_description":"\ud83d\udcdd Description courte : Explorez Chiang Mai autrement avec cette balade de 75 km en v\u00e9lo \u00e9lectrique, entre nature, culture et sensations. Entre rizi\u00e8res, vergers, collines et la rivi\u00e8re Ping, laissez-vous guider sur les plus beaux chemins du nord de la Tha\u00eflande             \ud83c\udf1f Points forts :    70 \u00e0 75 km de balade en v\u00e9lo \u00e9lectrique \u00e0 travers les plus beaux paysages de Chiang Mai    D\u00e9couvrez la rivi\u00e8re Ping, les rizi\u00e8res, vergers et villages    Parcours plat le matin, puis aventure vallonn\u00e9e l\u2019apr\u00e8s-midi    D\u00e9jeuner inclus et pauses boissons    Encadr\u00e9 par des guides professionnels certifi\u00e9s","og_url":"https:\/\/lunayatravel.com\/en\/product\/\ud83d\udeb4\u2642\ufe0f-excursion-en-velo-electrique-journee-complete-le-long-de-la-riviere-ping-nam-phrae\/","article_publisher":"https:\/\/www.facebook.com\/lunayaTravel\/","og_image":[{"width":720,"height":482,"url":"https:\/\/lunayatravel.com\/wp-content\/uploads\/2025\/08\/Image1.webp","type":"image\/webp"}],"twitter_card":"summary_large_image","twitter_misc":{"Estimated reading time":"1 minute"},"schema":{"@context":"https:\/\/schema.org","@graph":[{"@type":"WebPage","@id":"https:\/\/lunayatravel.com\/produit\/%f0%9f%9a%b4%e2%99%82%ef%b8%8f-excursion-en-velo-electrique-journee-complete-le-long-de-la-riviere-ping-nam-phrae\/","url":"https:\/\/lunayatravel.com\/produit\/%f0%9f%9a%b4%e2%99%82%ef%b8%8f-excursion-en-velo-electrique-journee-complete-le-long-de-la-riviere-ping-nam-phrae\/","name":"\ud83d\udeb4\u200d\u2642\ufe0f Excursion en v\u00e9lo \u00e9lectrique \u2013 Journ\u00e9e compl\u00e8te le long de la rivi\u00e8re Ping & Nam Phrae -","isPartOf":{"@id":"https:\/\/lunayatravel.com\/#website"},"primaryImageOfPage":{"@id":"https:\/\/lunayatravel.com\/produit\/%f0%9f%9a%b4%e2%99%82%ef%b8%8f-excursion-en-velo-electrique-journee-complete-le-long-de-la-riviere-ping-nam-phrae\/#primaryimage"},"image":{"@id":"https:\/\/lunayatravel.com\/produit\/%f0%9f%9a%b4%e2%99%82%ef%b8%8f-excursion-en-velo-electrique-journee-complete-le-long-de-la-riviere-ping-nam-phrae\/#primaryimage"},"thumbnailUrl":"https:\/\/lunayatravel.com\/wp-content\/uploads\/2025\/08\/Image1.webp","datePublished":"2025-08-01T06:55:02+00:00","breadcrumb":{"@id":"https:\/\/lunayatravel.com\/produit\/%f0%9f%9a%b4%e2%99%82%ef%b8%8f-excursion-en-velo-electrique-journee-complete-le-long-de-la-riviere-ping-nam-phrae\/#breadcrumb"},"inLanguage":"en-GB","potentialAction":[{"@type":"ReadAction","target":["https:\/\/lunayatravel.com\/produit\/%f0%9f%9a%b4%e2%99%82%ef%b8%8f-excursion-en-velo-electrique-journee-complete-le-long-de-la-riviere-ping-nam-phrae\/"]}]},{"@type":"ImageObject","inLanguage":"en-GB","@id":"https:\/\/lunayatravel.com\/produit\/%f0%9f%9a%b4%e2%99%82%ef%b8%8f-excursion-en-velo-electrique-journee-complete-le-long-de-la-riviere-ping-nam-phrae\/#primaryimage","url":"https:\/\/lunayatravel.com\/wp-content\/uploads\/2025\/08\/Image1.webp","contentUrl":"https:\/\/lunayatravel.com\/wp-content\/uploads\/2025\/08\/Image1.webp","width":720,"height":482},{"@type":"BreadcrumbList","@id":"https:\/\/lunayatravel.com\/produit\/%f0%9f%9a%b4%e2%99%82%ef%b8%8f-excursion-en-velo-electrique-journee-complete-le-long-de-la-riviere-ping-nam-phrae\/#breadcrumb","itemListElement":[{"@type":"ListItem","position":1,"name":"Accueil","item":"https:\/\/lunayatravel.com\/"},{"@type":"ListItem","position":2,"name":"Nos activit\u00e9s","item":"https:\/\/lunayatravel.com\/nos-activites\/"},{"@type":"ListItem","position":3,"name":"\ud83d\udeb4\u200d\u2642\ufe0f Excursion en v\u00e9lo \u00e9lectrique \u2013 Journ\u00e9e compl\u00e8te le long de la rivi\u00e8re Ping &#038; Nam Phrae"}]},{"@type":"WebSite","@id":"https:\/\/lunayatravel.com\/#website","url":"https:\/\/lunayatravel.com\/","name":"","description":"","publisher":{"@id":"https:\/\/lunayatravel.com\/#organization"},"potentialAction":[{"@type":"SearchAction","target":{"@type":"EntryPoint","urlTemplate":"https:\/\/lunayatravel.com\/?s={search_term_string}"},"query-input":{"@type":"PropertyValueSpecification","valueRequired":true,"valueName":"search_term_string"}}],"inLanguage":"en-GB"},{"@type":"Organization","@id":"https:\/\/lunayatravel.com\/#organization","name":"Lunaya travel","alternateName":"Lunaya travel","url":"https:\/\/lunayatravel.com\/","logo":{"@type":"ImageObject","inLanguage":"en-GB","@id":"https:\/\/lunayatravel.com\/#\/schema\/logo\/image\/","url":"https:\/\/lunayatravel.com\/wp-content\/uploads\/2026\/03\/cropped-647319118_2379115739204013_337015058165053143_n.jpg","contentUrl":"https:\/\/lunayatravel.com\/wp-content\/uploads\/2026\/03\/cropped-647319118_2379115739204013_337015058165053143_n.jpg","width":1022,"height":1023,"caption":"Lunaya travel"},"image":{"@id":"https:\/\/lunayatravel.com\/#\/schema\/logo\/image\/"},"sameAs":["https:\/\/www.facebook.com\/lunayaTravel\/"]}]}},"uagb_featured_image_src":{"full":["https:\/\/lunayatravel.com\/wp-content\/uploads\/2025\/08\/Image1.webp",720,482,false],"thumbnail":["https:\/\/lunayatravel.com\/wp-content\/uploads\/2025\/08\/Image1-150x150.webp",150,150,true],"medium":["https:\/\/lunayatravel.com\/wp-content\/uploads\/2025\/08\/Image1-300x201.webp",300,201,true],"medium_large":["https:\/\/lunayatravel.com\/wp-content\/uploads\/2025\/08\/Image1.webp",720,482,false],"large":["https:\/\/lunayatravel.com\/wp-content\/uploads\/2025\/08\/Image1.webp",720,482,false],"1536x1536":["https:\/\/lunayatravel.com\/wp-content\/uploads\/2025\/08\/Image1.webp",720,482,false],"2048x2048":["https:\/\/lunayatravel.com\/wp-content\/uploads\/2025\/08\/Image1.webp",720,482,false],"trp-custom-language-flag":["https:\/\/lunayatravel.com\/wp-content\/uploads\/2025\/08\/Image1.webp",18,12,false],"widget-thumbnail":["https:\/\/lunayatravel.com\/wp-content\/uploads\/2025\/08\/Image1-75x75.webp",75,75,true],"mailpoet_newsletter_max":["https:\/\/lunayatravel.com\/wp-content\/uploads\/2025\/08\/Image1.webp",720,482,false],"woocommerce_thumbnail":["https:\/\/lunayatravel.com\/wp-content\/uploads\/2025\/08\/Image1-300x300.webp",300,300,true],"woocommerce_single":["https:\/\/lunayatravel.com\/wp-content\/uploads\/2025\/08\/Image1-600x402.webp",600,402,true],"woocommerce_gallery_thumbnail":["https:\/\/lunayatravel.com\/wp-content\/uploads\/2025\/08\/Image1-100x100.webp",100,100,true],"sow-carousel-default":["https:\/\/lunayatravel.com\/wp-content\/uploads\/2025\/08\/Image1-272x182.webp",272,182,true]},"uagb_author_info":{"display_name":"haemers stephanie","author_link":"https:\/\/lunayatravel.com\/en\/author\/"},"uagb_comment_info":0,"uagb_excerpt":"\ud83d\udcdd Description courte : Explorez Chiang Mai autrement avec cette balade de 75 km en v\u00e9lo \u00e9lectrique, entre nature, culture et sensations. Entre rizi\u00e8res, vergers, collines et la rivi\u00e8re Ping, laissez-vous guider sur les plus beaux chemins du nord de la Tha\u00eflande \ud83c\udf1f Points forts : 70 \u00e0 75 km de balade en v\u00e9lo \u00e9lectrique&hellip;","jetpack_sharing_enabled":true,"_links":{"self":[{"href":"https:\/\/lunayatravel.com\/en\/wp-json\/wp\/v2\/product\/30416","targetHints":{"allow":["GET"]}}],"collection":[{"href":"https:\/\/lunayatravel.com\/en\/wp-json\/wp\/v2\/product"}],"about":[{"href":"https:\/\/lunayatravel.com\/en\/wp-json\/wp\/v2\/types\/product"}],"replies":[{"embeddable":true,"href":"https:\/\/lunayatravel.com\/en\/wp-json\/wp\/v2\/comments?post=30416"}],"wp:featuredmedia":[{"embeddable":true,"href":"https:\/\/lunayatravel.com\/en\/wp-json\/wp\/v2\/media\/30420"}],"wp:attachment":[{"href":"https:\/\/lunayatravel.com\/en\/wp-json\/wp\/v2\/media?parent=30416"}],"wp:term":[{"taxonomy":"product_brand","embeddable":true,"href":"https:\/\/lunayatravel.com\/en\/wp-json\/wp\/v2\/product_brand?post=30416"},{"taxonomy":"product_cat","embeddable":true,"href":"https:\/\/lunayatravel.com\/en\/wp-json\/wp\/v2\/product_cat?post=30416"},{"taxonomy":"product_tag","embeddable":true,"href":"https:\/\/lunayatravel.com\/en\/wp-json\/wp\/v2\/product_tag?post=30416"}],"curies":[{"name":"wp","href":"https:\/\/api.w.org\/{rel}","templated":true}]}}