{"id":30406,"date":"2025-08-01T08:08:34","date_gmt":"2025-08-01T06:08:34","guid":{"rendered":"https:\/\/itctoursvoyages.com\/?post_type=product&#038;p=30406"},"modified":"2025-08-01T08:09:32","modified_gmt":"2025-08-01T06:09:32","slug":"%f0%9f%8f%9e%ef%b8%8f-visite-de-doi-luang-chiang-dao-de-la-grotte-de-chiang-dao-et-du-village-des-5","status":"publish","type":"product","link":"https:\/\/lunayatravel.com\/en\/product\/%f0%9f%8f%9e%ef%b8%8f-visite-de-doi-luang-chiang-dao-de-la-grotte-de-chiang-dao-et-du-village-des-5\/","title":{"rendered":"\ud83c\udfde\ufe0f Visit to Doi Luang Chiang Dao, the Chiang Dao cave and the village of the 5"},"content":{"rendered":"<h3 data-start=\"843\" data-end=\"878\">\ud83d\uddfa\ufe0f Itinerary (approximate) :<\/h3>\n<p data-start=\"879\" data-end=\"1273\"><strong data-start=\"879\" data-end=\"896\">08:00 - 08:30<\/strong> Pick-up at your hotel in Chiang Mai<br data-start=\"941\" data-end=\"944\" \/><strong data-start=\"944\" data-end=\"953\">10:00<\/strong> Coffee break at the Tata Caf\u00e9 overlooking Doi Luang Chiang Dao<br data-start=\"1013\" data-end=\"1016\" \/><strong data-start=\"1016\" data-end=\"1025\">11:15<\/strong> Lunch + exploration of the Chiang Dao cave (1h)<br data-start=\"1082\" data-end=\"1085\" \/><strong data-start=\"1085\" data-end=\"1094\">13:00<\/strong> Gentle hike to the village of Ban Pa Lai<br data-start=\"1142\" data-end=\"1145\" \/><strong data-start=\"1145\" data-end=\"1162\">13:30 - 15:00<\/strong> : Immersion in the multicultural village of the 5 tribes<br data-start=\"1217\" data-end=\"1220\" \/><strong data-start=\"1220\" data-end=\"1237\">16:00 - 16:30<\/strong> Return to your hotel in Chiang Mai<\/p>\n<hr data-start=\"1275\" data-end=\"1278\" \/>\n<h3 data-start=\"1280\" data-end=\"1294\">\u2705 Includes :<\/h3>\n<ul data-start=\"1295\" data-end=\"1496\">\n<li data-start=\"1295\" data-end=\"1344\">\n<p data-start=\"1297\" data-end=\"1344\">Professional English-speaking guide (TAT certified)<\/p>\n<\/li>\n<li data-start=\"1345\" data-end=\"1384\">\n<p data-start=\"1347\" data-end=\"1384\">Return transport in air-conditioned vehicle<\/p>\n<\/li>\n<li data-start=\"1385\" data-end=\"1422\">\n<p data-start=\"1387\" data-end=\"1422\">Lunch + 1 drink at Tata Caf\u00e9<\/p>\n<\/li>\n<li data-start=\"1423\" data-end=\"1459\">\n<p data-start=\"1425\" data-end=\"1459\">Entrance to the Chiang Dao cave<\/p>\n<\/li>\n<li data-start=\"1460\" data-end=\"1475\">\n<p data-start=\"1462\" data-end=\"1475\">Drinking water<\/p>\n<\/li>\n<li data-start=\"1476\" data-end=\"1496\">\n<p data-start=\"1478\" data-end=\"1496\">Accident insurance<\/p>\n<\/li>\n<\/ul>\n<h3 data-start=\"1498\" data-end=\"1516\">\u274c Not included:<\/h3>\n<ul data-start=\"1517\" data-end=\"1569\">\n<li data-start=\"1517\" data-end=\"1542\">\n<p data-start=\"1519\" data-end=\"1542\">Personal expenses<\/p>\n<\/li>\n<li data-start=\"1543\" data-end=\"1569\">\n<p data-start=\"1545\" data-end=\"1569\">Tips (optional)<\/p>\n<\/li>\n<\/ul>\n<hr data-start=\"1571\" data-end=\"1574\" \/>\n<h3 data-start=\"1576\" data-end=\"1594\">\ud83c\udf92 What to expect:<\/h3>\n<ul data-start=\"1595\" data-end=\"1715\">\n<li data-start=\"1595\" data-end=\"1622\">\n<p data-start=\"1597\" data-end=\"1622\">Comfortable shoes<\/p>\n<\/li>\n<li data-start=\"1623\" data-end=\"1643\">\n<p data-start=\"1625\" data-end=\"1643\">Lightweight clothing<\/p>\n<\/li>\n<li data-start=\"1644\" data-end=\"1662\">\n<p data-start=\"1646\" data-end=\"1662\">Camera<\/p>\n<\/li>\n<li data-start=\"1663\" data-end=\"1682\">\n<p data-start=\"1665\" data-end=\"1682\">Small rucksack<\/p>\n<\/li>\n<li data-start=\"1683\" data-end=\"1715\">\n<p data-start=\"1685\" data-end=\"1715\">Light jacket in cool weather<\/p>\n<\/li>\n<\/ul>","protected":false},"excerpt":{"rendered":"<h3 data-start=\"396\" data-end=\"417\">\ud83c\udf1f Highlights:<\/h3>\n<ul data-start=\"418\" data-end=\"836\">\n<li data-start=\"418\" data-end=\"517\">\n<p data-start=\"420\" data-end=\"517\">Admire the grandiose landscapes of <strong data-start=\"455\" data-end=\"479\">Doi Luang Chiang Dao<\/strong>, classified as a UNESCO biosphere reserve<\/p>\n<\/li>\n<li data-start=\"518\" data-end=\"601\">\n<p data-start=\"520\" data-end=\"601\">Discover the underground wonders of the <strong data-start=\"564\" data-end=\"599\">thousand-year-old cave of Chiang Dao<\/strong><\/p>\n<\/li>\n<li data-start=\"602\" data-end=\"709\">\n<p data-start=\"604\" data-end=\"709\">Meet the <strong data-start=\"619\" data-end=\"644\">5 mountain tribes<\/strong> (Hmong, Karen, Akha, Lisu, Palong) in an authentic village<\/p>\n<\/li>\n<li data-start=\"710\" data-end=\"793\">\n<p data-start=\"712\" data-end=\"793\">Enjoy a <strong data-start=\"727\" data-end=\"753\">panoramic coffee break<\/strong> and lunch in the heart of nature<\/p>\n<\/li>\n<li data-start=\"794\" data-end=\"836\">\n<p data-start=\"796\" data-end=\"836\">Accompanied by a certified TAT guide<\/p>\n<\/li>\n<\/ul>","protected":false},"featured_media":30411,"comment_status":"open","ping_status":"closed","template":"","meta":{"_uag_custom_page_level_css":""},"product_brand":[],"product_cat":[68],"product_tag":[],"class_list":{"0":"post-30406","1":"product","2":"type-product","3":"status-publish","4":"has-post-thumbnail","6":"product_cat-chiang-mai","8":"first","9":"instock","10":"virtual","11":"taxable","12":"purchasable","13":"product-type-simple"},"yoast_head":"<!-- This site is optimized with the Yoast SEO plugin v27.1.1 - https:\/\/yoast.com\/product\/yoast-seo-wordpress\/ -->\n<title>\ud83c\udfde\ufe0f Visite de Doi Luang Chiang Dao, de la grotte de Chiang Dao et du village des 5 -<\/title>\n<meta name=\"robots\" content=\"index, follow, max-snippet:-1, max-image-preview:large, max-video-preview:-1\" \/>\n<link rel=\"canonical\" href=\"https:\/\/lunayatravel.com\/en\/product\/\ud83c\udfde\ufe0f-visite-de-doi-luang-chiang-dao-de-la-grotte-de-chiang-dao-et-du-village-des-5\/\" \/>\n<meta property=\"og:locale\" content=\"en_GB\" \/>\n<meta property=\"og:type\" content=\"article\" \/>\n<meta property=\"og:title\" content=\"\ud83c\udfde\ufe0f Visite de Doi Luang Chiang Dao, de la grotte de Chiang Dao et du village des 5 -\" \/>\n<meta property=\"og:description\" content=\"\ud83c\udf1f Points forts :    Admirez les paysages grandioses de Doi Luang Chiang Dao, class\u00e9 r\u00e9serve de biosph\u00e8re UNESCO    D\u00e9couvrez les merveilles souterraines de la grotte mill\u00e9naire de Chiang Dao    Rencontrez les 5 tribus montagnardes (Hmong, Karen, Akha, Lisu, Palong) dans un village authentique    Profitez d\u2019une pause-caf\u00e9 panoramique et d\u2019un d\u00e9jeuner au c\u0153ur de la nature    Accompagnement par un guide certifi\u00e9 TAT\" \/>\n<meta property=\"og:url\" content=\"https:\/\/lunayatravel.com\/en\/product\/\ud83c\udfde\ufe0f-visite-de-doi-luang-chiang-dao-de-la-grotte-de-chiang-dao-et-du-village-des-5\/\" \/>\n<meta property=\"article:publisher\" content=\"https:\/\/www.facebook.com\/lunayaTravel\/\" \/>\n<meta property=\"article:modified_time\" content=\"2025-08-01T06:09:32+00:00\" \/>\n<meta property=\"og:image\" content=\"https:\/\/lunayatravel.com\/wp-content\/uploads\/2025\/08\/1-4.webp\" \/>\n\t<meta property=\"og:image:width\" content=\"720\" \/>\n\t<meta property=\"og:image:height\" content=\"540\" \/>\n\t<meta property=\"og:image:type\" content=\"image\/webp\" \/>\n<meta name=\"twitter:card\" content=\"summary_large_image\" \/>\n<meta name=\"twitter:label1\" content=\"Estimated reading time\" \/>\n\t<meta name=\"twitter:data1\" content=\"1 minute\" \/>\n<script type=\"application\/ld+json\" class=\"yoast-schema-graph\">{\"@context\":\"https:\/\/schema.org\",\"@graph\":[{\"@type\":\"WebPage\",\"@id\":\"https:\/\/lunayatravel.com\/produit\/%f0%9f%8f%9e%ef%b8%8f-visite-de-doi-luang-chiang-dao-de-la-grotte-de-chiang-dao-et-du-village-des-5\/\",\"url\":\"https:\/\/lunayatravel.com\/produit\/%f0%9f%8f%9e%ef%b8%8f-visite-de-doi-luang-chiang-dao-de-la-grotte-de-chiang-dao-et-du-village-des-5\/\",\"name\":\"\ud83c\udfde\ufe0f Visite de Doi Luang Chiang Dao, de la grotte de Chiang Dao et du village des 5 -\",\"isPartOf\":{\"@id\":\"https:\/\/lunayatravel.com\/#website\"},\"primaryImageOfPage\":{\"@id\":\"https:\/\/lunayatravel.com\/produit\/%f0%9f%8f%9e%ef%b8%8f-visite-de-doi-luang-chiang-dao-de-la-grotte-de-chiang-dao-et-du-village-des-5\/#primaryimage\"},\"image\":{\"@id\":\"https:\/\/lunayatravel.com\/produit\/%f0%9f%8f%9e%ef%b8%8f-visite-de-doi-luang-chiang-dao-de-la-grotte-de-chiang-dao-et-du-village-des-5\/#primaryimage\"},\"thumbnailUrl\":\"https:\/\/lunayatravel.com\/wp-content\/uploads\/2025\/08\/1-4.webp\",\"datePublished\":\"2025-08-01T06:08:34+00:00\",\"dateModified\":\"2025-08-01T06:09:32+00:00\",\"breadcrumb\":{\"@id\":\"https:\/\/lunayatravel.com\/produit\/%f0%9f%8f%9e%ef%b8%8f-visite-de-doi-luang-chiang-dao-de-la-grotte-de-chiang-dao-et-du-village-des-5\/#breadcrumb\"},\"inLanguage\":\"en-GB\",\"potentialAction\":[{\"@type\":\"ReadAction\",\"target\":[\"https:\/\/lunayatravel.com\/produit\/%f0%9f%8f%9e%ef%b8%8f-visite-de-doi-luang-chiang-dao-de-la-grotte-de-chiang-dao-et-du-village-des-5\/\"]}]},{\"@type\":\"ImageObject\",\"inLanguage\":\"en-GB\",\"@id\":\"https:\/\/lunayatravel.com\/produit\/%f0%9f%8f%9e%ef%b8%8f-visite-de-doi-luang-chiang-dao-de-la-grotte-de-chiang-dao-et-du-village-des-5\/#primaryimage\",\"url\":\"https:\/\/lunayatravel.com\/wp-content\/uploads\/2025\/08\/1-4.webp\",\"contentUrl\":\"https:\/\/lunayatravel.com\/wp-content\/uploads\/2025\/08\/1-4.webp\",\"width\":720,\"height\":540},{\"@type\":\"BreadcrumbList\",\"@id\":\"https:\/\/lunayatravel.com\/produit\/%f0%9f%8f%9e%ef%b8%8f-visite-de-doi-luang-chiang-dao-de-la-grotte-de-chiang-dao-et-du-village-des-5\/#breadcrumb\",\"itemListElement\":[{\"@type\":\"ListItem\",\"position\":1,\"name\":\"Accueil\",\"item\":\"https:\/\/lunayatravel.com\/\"},{\"@type\":\"ListItem\",\"position\":2,\"name\":\"Nos activit\u00e9s\",\"item\":\"https:\/\/lunayatravel.com\/nos-activites\/\"},{\"@type\":\"ListItem\",\"position\":3,\"name\":\"\ud83c\udfde\ufe0f Visite de Doi Luang Chiang Dao, de la grotte de Chiang Dao et du village des 5\"}]},{\"@type\":\"WebSite\",\"@id\":\"https:\/\/lunayatravel.com\/#website\",\"url\":\"https:\/\/lunayatravel.com\/\",\"name\":\"\",\"description\":\"\",\"publisher\":{\"@id\":\"https:\/\/lunayatravel.com\/#organization\"},\"potentialAction\":[{\"@type\":\"SearchAction\",\"target\":{\"@type\":\"EntryPoint\",\"urlTemplate\":\"https:\/\/lunayatravel.com\/?s={search_term_string}\"},\"query-input\":{\"@type\":\"PropertyValueSpecification\",\"valueRequired\":true,\"valueName\":\"search_term_string\"}}],\"inLanguage\":\"en-GB\"},{\"@type\":\"Organization\",\"@id\":\"https:\/\/lunayatravel.com\/#organization\",\"name\":\"Lunaya travel\",\"alternateName\":\"Lunaya travel\",\"url\":\"https:\/\/lunayatravel.com\/\",\"logo\":{\"@type\":\"ImageObject\",\"inLanguage\":\"en-GB\",\"@id\":\"https:\/\/lunayatravel.com\/#\/schema\/logo\/image\/\",\"url\":\"https:\/\/lunayatravel.com\/wp-content\/uploads\/2026\/03\/cropped-647319118_2379115739204013_337015058165053143_n.jpg\",\"contentUrl\":\"https:\/\/lunayatravel.com\/wp-content\/uploads\/2026\/03\/cropped-647319118_2379115739204013_337015058165053143_n.jpg\",\"width\":1022,\"height\":1023,\"caption\":\"Lunaya travel\"},\"image\":{\"@id\":\"https:\/\/lunayatravel.com\/#\/schema\/logo\/image\/\"},\"sameAs\":[\"https:\/\/www.facebook.com\/lunayaTravel\/\"]}]}<\/script>\n<!-- \/ Yoast SEO plugin. -->","yoast_head_json":{"title":"\ud83c\udfde\ufe0f Visite de Doi Luang Chiang Dao, de la grotte de Chiang Dao et du village des 5 -","robots":{"index":"index","follow":"follow","max-snippet":"max-snippet:-1","max-image-preview":"max-image-preview:large","max-video-preview":"max-video-preview:-1"},"canonical":"https:\/\/lunayatravel.com\/en\/product\/\ud83c\udfde\ufe0f-visite-de-doi-luang-chiang-dao-de-la-grotte-de-chiang-dao-et-du-village-des-5\/","og_locale":"en_GB","og_type":"article","og_title":"\ud83c\udfde\ufe0f Visite de Doi Luang Chiang Dao, de la grotte de Chiang Dao et du village des 5 -","og_description":"\ud83c\udf1f Points forts :    Admirez les paysages grandioses de Doi Luang Chiang Dao, class\u00e9 r\u00e9serve de biosph\u00e8re UNESCO    D\u00e9couvrez les merveilles souterraines de la grotte mill\u00e9naire de Chiang Dao    Rencontrez les 5 tribus montagnardes (Hmong, Karen, Akha, Lisu, Palong) dans un village authentique    Profitez d\u2019une pause-caf\u00e9 panoramique et d\u2019un d\u00e9jeuner au c\u0153ur de la nature    Accompagnement par un guide certifi\u00e9 TAT","og_url":"https:\/\/lunayatravel.com\/en\/product\/\ud83c\udfde\ufe0f-visite-de-doi-luang-chiang-dao-de-la-grotte-de-chiang-dao-et-du-village-des-5\/","article_publisher":"https:\/\/www.facebook.com\/lunayaTravel\/","article_modified_time":"2025-08-01T06:09:32+00:00","og_image":[{"width":720,"height":540,"url":"https:\/\/lunayatravel.com\/wp-content\/uploads\/2025\/08\/1-4.webp","type":"image\/webp"}],"twitter_card":"summary_large_image","twitter_misc":{"Estimated reading time":"1 minute"},"schema":{"@context":"https:\/\/schema.org","@graph":[{"@type":"WebPage","@id":"https:\/\/lunayatravel.com\/produit\/%f0%9f%8f%9e%ef%b8%8f-visite-de-doi-luang-chiang-dao-de-la-grotte-de-chiang-dao-et-du-village-des-5\/","url":"https:\/\/lunayatravel.com\/produit\/%f0%9f%8f%9e%ef%b8%8f-visite-de-doi-luang-chiang-dao-de-la-grotte-de-chiang-dao-et-du-village-des-5\/","name":"\ud83c\udfde\ufe0f Visite de Doi Luang Chiang Dao, de la grotte de Chiang Dao et du village des 5 -","isPartOf":{"@id":"https:\/\/lunayatravel.com\/#website"},"primaryImageOfPage":{"@id":"https:\/\/lunayatravel.com\/produit\/%f0%9f%8f%9e%ef%b8%8f-visite-de-doi-luang-chiang-dao-de-la-grotte-de-chiang-dao-et-du-village-des-5\/#primaryimage"},"image":{"@id":"https:\/\/lunayatravel.com\/produit\/%f0%9f%8f%9e%ef%b8%8f-visite-de-doi-luang-chiang-dao-de-la-grotte-de-chiang-dao-et-du-village-des-5\/#primaryimage"},"thumbnailUrl":"https:\/\/lunayatravel.com\/wp-content\/uploads\/2025\/08\/1-4.webp","datePublished":"2025-08-01T06:08:34+00:00","dateModified":"2025-08-01T06:09:32+00:00","breadcrumb":{"@id":"https:\/\/lunayatravel.com\/produit\/%f0%9f%8f%9e%ef%b8%8f-visite-de-doi-luang-chiang-dao-de-la-grotte-de-chiang-dao-et-du-village-des-5\/#breadcrumb"},"inLanguage":"en-GB","potentialAction":[{"@type":"ReadAction","target":["https:\/\/lunayatravel.com\/produit\/%f0%9f%8f%9e%ef%b8%8f-visite-de-doi-luang-chiang-dao-de-la-grotte-de-chiang-dao-et-du-village-des-5\/"]}]},{"@type":"ImageObject","inLanguage":"en-GB","@id":"https:\/\/lunayatravel.com\/produit\/%f0%9f%8f%9e%ef%b8%8f-visite-de-doi-luang-chiang-dao-de-la-grotte-de-chiang-dao-et-du-village-des-5\/#primaryimage","url":"https:\/\/lunayatravel.com\/wp-content\/uploads\/2025\/08\/1-4.webp","contentUrl":"https:\/\/lunayatravel.com\/wp-content\/uploads\/2025\/08\/1-4.webp","width":720,"height":540},{"@type":"BreadcrumbList","@id":"https:\/\/lunayatravel.com\/produit\/%f0%9f%8f%9e%ef%b8%8f-visite-de-doi-luang-chiang-dao-de-la-grotte-de-chiang-dao-et-du-village-des-5\/#breadcrumb","itemListElement":[{"@type":"ListItem","position":1,"name":"Accueil","item":"https:\/\/lunayatravel.com\/"},{"@type":"ListItem","position":2,"name":"Nos activit\u00e9s","item":"https:\/\/lunayatravel.com\/nos-activites\/"},{"@type":"ListItem","position":3,"name":"\ud83c\udfde\ufe0f Visite de Doi Luang Chiang Dao, de la grotte de Chiang Dao et du village des 5"}]},{"@type":"WebSite","@id":"https:\/\/lunayatravel.com\/#website","url":"https:\/\/lunayatravel.com\/","name":"","description":"","publisher":{"@id":"https:\/\/lunayatravel.com\/#organization"},"potentialAction":[{"@type":"SearchAction","target":{"@type":"EntryPoint","urlTemplate":"https:\/\/lunayatravel.com\/?s={search_term_string}"},"query-input":{"@type":"PropertyValueSpecification","valueRequired":true,"valueName":"search_term_string"}}],"inLanguage":"en-GB"},{"@type":"Organization","@id":"https:\/\/lunayatravel.com\/#organization","name":"Lunaya travel","alternateName":"Lunaya travel","url":"https:\/\/lunayatravel.com\/","logo":{"@type":"ImageObject","inLanguage":"en-GB","@id":"https:\/\/lunayatravel.com\/#\/schema\/logo\/image\/","url":"https:\/\/lunayatravel.com\/wp-content\/uploads\/2026\/03\/cropped-647319118_2379115739204013_337015058165053143_n.jpg","contentUrl":"https:\/\/lunayatravel.com\/wp-content\/uploads\/2026\/03\/cropped-647319118_2379115739204013_337015058165053143_n.jpg","width":1022,"height":1023,"caption":"Lunaya travel"},"image":{"@id":"https:\/\/lunayatravel.com\/#\/schema\/logo\/image\/"},"sameAs":["https:\/\/www.facebook.com\/lunayaTravel\/"]}]}},"uagb_featured_image_src":{"full":["https:\/\/lunayatravel.com\/wp-content\/uploads\/2025\/08\/1-4.webp",720,540,false],"thumbnail":["https:\/\/lunayatravel.com\/wp-content\/uploads\/2025\/08\/1-4-150x150.webp",150,150,true],"medium":["https:\/\/lunayatravel.com\/wp-content\/uploads\/2025\/08\/1-4-300x225.webp",300,225,true],"medium_large":["https:\/\/lunayatravel.com\/wp-content\/uploads\/2025\/08\/1-4.webp",720,540,false],"large":["https:\/\/lunayatravel.com\/wp-content\/uploads\/2025\/08\/1-4.webp",720,540,false],"1536x1536":["https:\/\/lunayatravel.com\/wp-content\/uploads\/2025\/08\/1-4.webp",720,540,false],"2048x2048":["https:\/\/lunayatravel.com\/wp-content\/uploads\/2025\/08\/1-4.webp",720,540,false],"trp-custom-language-flag":["https:\/\/lunayatravel.com\/wp-content\/uploads\/2025\/08\/1-4.webp",16,12,false],"widget-thumbnail":["https:\/\/lunayatravel.com\/wp-content\/uploads\/2025\/08\/1-4-75x75.webp",75,75,true],"mailpoet_newsletter_max":["https:\/\/lunayatravel.com\/wp-content\/uploads\/2025\/08\/1-4.webp",720,540,false],"woocommerce_thumbnail":["https:\/\/lunayatravel.com\/wp-content\/uploads\/2025\/08\/1-4-300x300.webp",300,300,true],"woocommerce_single":["https:\/\/lunayatravel.com\/wp-content\/uploads\/2025\/08\/1-4-600x450.webp",600,450,true],"woocommerce_gallery_thumbnail":["https:\/\/lunayatravel.com\/wp-content\/uploads\/2025\/08\/1-4-100x100.webp",100,100,true],"sow-carousel-default":["https:\/\/lunayatravel.com\/wp-content\/uploads\/2025\/08\/1-4-272x182.webp",272,182,true]},"uagb_author_info":{"display_name":"haemers stephanie","author_link":"https:\/\/lunayatravel.com\/en\/author\/"},"uagb_comment_info":0,"uagb_excerpt":"\ud83c\udf1f Points forts : Admirez les paysages grandioses de Doi Luang Chiang Dao, class\u00e9 r\u00e9serve de biosph\u00e8re UNESCO D\u00e9couvrez les merveilles souterraines de la grotte mill\u00e9naire de Chiang Dao Rencontrez les 5 tribus montagnardes (Hmong, Karen, Akha, Lisu, Palong) dans un village authentique Profitez d\u2019une pause-caf\u00e9 panoramique et d\u2019un d\u00e9jeuner au c\u0153ur de la nature&hellip;","jetpack_sharing_enabled":true,"_links":{"self":[{"href":"https:\/\/lunayatravel.com\/en\/wp-json\/wp\/v2\/product\/30406","targetHints":{"allow":["GET"]}}],"collection":[{"href":"https:\/\/lunayatravel.com\/en\/wp-json\/wp\/v2\/product"}],"about":[{"href":"https:\/\/lunayatravel.com\/en\/wp-json\/wp\/v2\/types\/product"}],"replies":[{"embeddable":true,"href":"https:\/\/lunayatravel.com\/en\/wp-json\/wp\/v2\/comments?post=30406"}],"wp:featuredmedia":[{"embeddable":true,"href":"https:\/\/lunayatravel.com\/en\/wp-json\/wp\/v2\/media\/30411"}],"wp:attachment":[{"href":"https:\/\/lunayatravel.com\/en\/wp-json\/wp\/v2\/media?parent=30406"}],"wp:term":[{"taxonomy":"product_brand","embeddable":true,"href":"https:\/\/lunayatravel.com\/en\/wp-json\/wp\/v2\/product_brand?post=30406"},{"taxonomy":"product_cat","embeddable":true,"href":"https:\/\/lunayatravel.com\/en\/wp-json\/wp\/v2\/product_cat?post=30406"},{"taxonomy":"product_tag","embeddable":true,"href":"https:\/\/lunayatravel.com\/en\/wp-json\/wp\/v2\/product_tag?post=30406"}],"curies":[{"name":"wp","href":"https:\/\/api.w.org\/{rel}","templated":true}]}}