{"id":30400,"date":"2025-08-01T08:03:13","date_gmt":"2025-08-01T06:03:13","guid":{"rendered":"https:\/\/itctoursvoyages.com\/?post_type=product&#038;p=30400"},"modified":"2025-08-01T08:03:13","modified_gmt":"2025-08-01T06:03:13","slug":"%f0%9f%8d%83mae-taeng-quad-rafting-extreme-adventures","status":"publish","type":"product","link":"https:\/\/lunayatravel.com\/en\/product\/%f0%9f%8d%83mae-taeng-quad-rafting-extreme-adventures\/","title":{"rendered":"\ud83c\udf43Mae Taeng : Quad &amp; Rafting extreme Adventures"},"content":{"rendered":"<h3 data-start=\"689\" data-end=\"719\">\ud83d\udccd <strong data-start=\"696\" data-end=\"719\">Indicative programme<\/strong><\/h3>\n<ul data-start=\"720\" data-end=\"1049\">\n<li data-start=\"720\" data-end=\"779\">\n<p data-start=\"722\" data-end=\"779\"><strong data-start=\"722\" data-end=\"731\">08:00<\/strong> Pick-up at your hotel in Chiang Mai<\/p>\n<\/li>\n<li data-start=\"780\" data-end=\"823\">\n<p data-start=\"782\" data-end=\"823\"><strong data-start=\"782\" data-end=\"791\">09:30<\/strong> Arrival at 8Adventures camp<\/p>\n<\/li>\n<li data-start=\"824\" data-end=\"872\">\n<p data-start=\"826\" data-end=\"872\"><strong data-start=\"826\" data-end=\"835\">10:00<\/strong> Start of 1st activity (quad)<\/p>\n<\/li>\n<li data-start=\"873\" data-end=\"897\">\n<p data-start=\"875\" data-end=\"897\"><strong data-start=\"875\" data-end=\"884\">13:00<\/strong> Lunch<\/p>\n<\/li>\n<li data-start=\"898\" data-end=\"949\">\n<p data-start=\"900\" data-end=\"949\"><strong data-start=\"900\" data-end=\"909\">14:00<\/strong> : Start of the 2nd activity (rafting)<\/p>\n<\/li>\n<li data-start=\"950\" data-end=\"1006\">\n<p data-start=\"952\" data-end=\"1006\"><strong data-start=\"952\" data-end=\"961\">17:00<\/strong> End of activities and return to your hotel<\/p>\n<\/li>\n<li data-start=\"1007\" data-end=\"1049\">\n<p data-start=\"1009\" data-end=\"1049\"><strong data-start=\"1009\" data-end=\"1018\">19:00<\/strong> Estimated time of arrival in Chiang Mai<\/p>\n<\/li>\n<\/ul>\n<hr data-start=\"1051\" data-end=\"1054\" \/>\n<h3 data-start=\"1056\" data-end=\"1083\">\u2705 <strong data-start=\"1062\" data-end=\"1083\">What's included<\/strong><\/h3>\n<ul data-start=\"1084\" data-end=\"1352\">\n<li data-start=\"1084\" data-end=\"1132\">\n<p data-start=\"1086\" data-end=\"1132\">Return transfer in air-conditioned vehicle<\/p>\n<\/li>\n<li data-start=\"1133\" data-end=\"1179\">\n<p data-start=\"1135\" data-end=\"1179\">3 hours mountain biking &amp; 10 km class III-IV rafting<\/p>\n<\/li>\n<li data-start=\"1180\" data-end=\"1208\">\n<p data-start=\"1182\" data-end=\"1208\">Lunch, water, tea, coffee<\/p>\n<\/li>\n<li data-start=\"1209\" data-end=\"1250\">\n<p data-start=\"1211\" data-end=\"1250\">Certified guide &amp; English-speaking staff<\/p>\n<\/li>\n<li data-start=\"1251\" data-end=\"1264\">\n<p data-start=\"1253\" data-end=\"1264\">Insurance<\/p>\n<\/li>\n<li data-start=\"1265\" data-end=\"1331\">\n<p data-start=\"1267\" data-end=\"1331\">Top-of-the-range safety equipment (UL waistcoat, CE EN helmet)<\/p>\n<\/li>\n<li data-start=\"1332\" data-end=\"1352\">\n<p data-start=\"1334\" data-end=\"1352\">Towel &amp; locker<\/p>\n<\/li>\n<\/ul>\n<hr data-start=\"1354\" data-end=\"1357\" \/>\n<h3 data-start=\"1359\" data-end=\"1379\">\ud83c\udf92 <strong data-start=\"1366\" data-end=\"1379\">What to expect<\/strong><\/h3>\n<ul data-start=\"1380\" data-end=\"1508\">\n<li data-start=\"1380\" data-end=\"1399\">\n<p data-start=\"1382\" data-end=\"1399\">Swimming costumes<\/p>\n<\/li>\n<li data-start=\"1400\" data-end=\"1441\">\n<p data-start=\"1402\" data-end=\"1441\">Shoes that can get wet<\/p>\n<\/li>\n<li data-start=\"1442\" data-end=\"1467\">\n<p data-start=\"1444\" data-end=\"1467\">Spare clothing<\/p>\n<\/li>\n<li data-start=\"1468\" data-end=\"1490\">\n<p data-start=\"1470\" data-end=\"1490\">Sunglasses<\/p>\n<\/li>\n<li data-start=\"1491\" data-end=\"1508\">\n<p data-start=\"1493\" data-end=\"1508\">Sun cream<\/p>\n<\/li>\n<\/ul>\n<hr data-start=\"1510\" data-end=\"1513\" \/>\n<h3 data-start=\"1515\" data-end=\"1538\">\u26a0\ufe0f <strong data-start=\"1522\" data-end=\"1538\">Useful information<\/strong><\/h3>\n<ul data-start=\"1539\" data-end=\"1720\">\n<li data-start=\"1539\" data-end=\"1588\">\n<p data-start=\"1541\" data-end=\"1588\">Children can only be passengers<\/p>\n<\/li>\n<li data-start=\"1589\" data-end=\"1660\">\n<p data-start=\"1591\" data-end=\"1660\">The number of adults must be greater than or equal to the number of children<\/p>\n<\/li>\n<li data-start=\"1661\" data-end=\"1720\">\n<p data-start=\"1663\" data-end=\"1720\">Groups with children will do just 8 km of rafting<\/p>\n<\/li>\n<\/ul>","protected":false},"excerpt":{"rendered":"<h3 data-start=\"353\" data-end=\"375\">\u2728 <strong data-start=\"359\" data-end=\"375\">Highlights<\/strong><\/h3>\n<ul data-start=\"376\" data-end=\"682\">\n<li data-start=\"376\" data-end=\"438\">\n<p data-start=\"378\" data-end=\"438\">3 hours mountain biking through the wild trails of Mae Taeng<\/p>\n<\/li>\n<li data-start=\"439\" data-end=\"497\">\n<p data-start=\"441\" data-end=\"497\">Thrilling 10 km rafting on class III-IV rapids<\/p>\n<\/li>\n<li data-start=\"498\" data-end=\"556\">\n<p data-start=\"500\" data-end=\"556\">Supervision by certified English-speaking professionals<\/p>\n<\/li>\n<li data-start=\"557\" data-end=\"618\">\n<p data-start=\"559\" data-end=\"618\">Lunch included &amp; top-of-the-range service in a renowned camp<\/p>\n<\/li>\n<li data-start=\"619\" data-end=\"682\">\n<p data-start=\"621\" data-end=\"682\">Return transfer included from your hotel in Chiang Mai<\/p>\n<\/li>\n<\/ul>","protected":false},"featured_media":30402,"comment_status":"open","ping_status":"closed","template":"","meta":{"_uag_custom_page_level_css":""},"product_brand":[],"product_cat":[68],"product_tag":[],"class_list":{"0":"post-30400","1":"product","2":"type-product","3":"status-publish","4":"has-post-thumbnail","6":"product_cat-chiang-mai","8":"first","9":"instock","10":"virtual","11":"taxable","12":"purchasable","13":"product-type-simple"},"yoast_head":"<!-- This site is optimized with the Yoast SEO plugin v27.1.1 - https:\/\/yoast.com\/product\/yoast-seo-wordpress\/ -->\n<title>\ud83c\udf43Mae Taeng : Quad &amp; Rafting extr\u00eame Adventures -<\/title>\n<meta name=\"robots\" content=\"index, follow, max-snippet:-1, max-image-preview:large, max-video-preview:-1\" \/>\n<link rel=\"canonical\" href=\"https:\/\/lunayatravel.com\/en\/product\/\ud83c\udf43mae-taeng-quad-rafting-extreme-adventures\/\" \/>\n<meta property=\"og:locale\" content=\"en_GB\" \/>\n<meta property=\"og:type\" content=\"article\" \/>\n<meta property=\"og:title\" content=\"\ud83c\udf43Mae Taeng : Quad &amp; Rafting extr\u00eame Adventures -\" \/>\n<meta property=\"og:description\" content=\"\u2728 Points forts    3 heures de VTT \u00e0 travers les sentiers sauvages de Mae Taeng    Rafting palpitant de 10 km sur les rapides classe III-IV    Encadrement par des professionnels anglophones certifi\u00e9s    D\u00e9jeuner inclus &amp; service haut de gamme dans un camp r\u00e9put\u00e9    Transfert aller-retour inclus depuis votre h\u00f4tel \u00e0 Chiang Mai\" \/>\n<meta property=\"og:url\" content=\"https:\/\/lunayatravel.com\/en\/product\/\ud83c\udf43mae-taeng-quad-rafting-extreme-adventures\/\" \/>\n<meta property=\"article:publisher\" content=\"https:\/\/www.facebook.com\/lunayaTravel\/\" \/>\n<meta property=\"og:image\" content=\"https:\/\/lunayatravel.com\/wp-content\/uploads\/2025\/08\/WWR4.webp\" \/>\n\t<meta property=\"og:image:width\" content=\"720\" \/>\n\t<meta property=\"og:image:height\" content=\"540\" \/>\n\t<meta property=\"og:image:type\" content=\"image\/webp\" \/>\n<meta name=\"twitter:card\" content=\"summary_large_image\" \/>\n<meta name=\"twitter:label1\" content=\"Estimated reading time\" \/>\n\t<meta name=\"twitter:data1\" content=\"1 minute\" \/>\n<script type=\"application\/ld+json\" class=\"yoast-schema-graph\">{\"@context\":\"https:\/\/schema.org\",\"@graph\":[{\"@type\":\"WebPage\",\"@id\":\"https:\/\/lunayatravel.com\/produit\/%f0%9f%8d%83mae-taeng-quad-rafting-extreme-adventures\/\",\"url\":\"https:\/\/lunayatravel.com\/produit\/%f0%9f%8d%83mae-taeng-quad-rafting-extreme-adventures\/\",\"name\":\"\ud83c\udf43Mae Taeng : Quad & Rafting extr\u00eame Adventures -\",\"isPartOf\":{\"@id\":\"https:\/\/lunayatravel.com\/#website\"},\"primaryImageOfPage\":{\"@id\":\"https:\/\/lunayatravel.com\/produit\/%f0%9f%8d%83mae-taeng-quad-rafting-extreme-adventures\/#primaryimage\"},\"image\":{\"@id\":\"https:\/\/lunayatravel.com\/produit\/%f0%9f%8d%83mae-taeng-quad-rafting-extreme-adventures\/#primaryimage\"},\"thumbnailUrl\":\"https:\/\/lunayatravel.com\/wp-content\/uploads\/2025\/08\/WWR4.webp\",\"datePublished\":\"2025-08-01T06:03:13+00:00\",\"breadcrumb\":{\"@id\":\"https:\/\/lunayatravel.com\/produit\/%f0%9f%8d%83mae-taeng-quad-rafting-extreme-adventures\/#breadcrumb\"},\"inLanguage\":\"en-GB\",\"potentialAction\":[{\"@type\":\"ReadAction\",\"target\":[\"https:\/\/lunayatravel.com\/produit\/%f0%9f%8d%83mae-taeng-quad-rafting-extreme-adventures\/\"]}]},{\"@type\":\"ImageObject\",\"inLanguage\":\"en-GB\",\"@id\":\"https:\/\/lunayatravel.com\/produit\/%f0%9f%8d%83mae-taeng-quad-rafting-extreme-adventures\/#primaryimage\",\"url\":\"https:\/\/lunayatravel.com\/wp-content\/uploads\/2025\/08\/WWR4.webp\",\"contentUrl\":\"https:\/\/lunayatravel.com\/wp-content\/uploads\/2025\/08\/WWR4.webp\",\"width\":720,\"height\":540},{\"@type\":\"BreadcrumbList\",\"@id\":\"https:\/\/lunayatravel.com\/produit\/%f0%9f%8d%83mae-taeng-quad-rafting-extreme-adventures\/#breadcrumb\",\"itemListElement\":[{\"@type\":\"ListItem\",\"position\":1,\"name\":\"Accueil\",\"item\":\"https:\/\/lunayatravel.com\/\"},{\"@type\":\"ListItem\",\"position\":2,\"name\":\"Nos activit\u00e9s\",\"item\":\"https:\/\/lunayatravel.com\/nos-activites\/\"},{\"@type\":\"ListItem\",\"position\":3,\"name\":\"\ud83c\udf43Mae Taeng : Quad &#038; Rafting extr\u00eame Adventures\"}]},{\"@type\":\"WebSite\",\"@id\":\"https:\/\/lunayatravel.com\/#website\",\"url\":\"https:\/\/lunayatravel.com\/\",\"name\":\"\",\"description\":\"\",\"publisher\":{\"@id\":\"https:\/\/lunayatravel.com\/#organization\"},\"potentialAction\":[{\"@type\":\"SearchAction\",\"target\":{\"@type\":\"EntryPoint\",\"urlTemplate\":\"https:\/\/lunayatravel.com\/?s={search_term_string}\"},\"query-input\":{\"@type\":\"PropertyValueSpecification\",\"valueRequired\":true,\"valueName\":\"search_term_string\"}}],\"inLanguage\":\"en-GB\"},{\"@type\":\"Organization\",\"@id\":\"https:\/\/lunayatravel.com\/#organization\",\"name\":\"Lunaya travel\",\"alternateName\":\"Lunaya travel\",\"url\":\"https:\/\/lunayatravel.com\/\",\"logo\":{\"@type\":\"ImageObject\",\"inLanguage\":\"en-GB\",\"@id\":\"https:\/\/lunayatravel.com\/#\/schema\/logo\/image\/\",\"url\":\"https:\/\/lunayatravel.com\/wp-content\/uploads\/2026\/03\/cropped-647319118_2379115739204013_337015058165053143_n.jpg\",\"contentUrl\":\"https:\/\/lunayatravel.com\/wp-content\/uploads\/2026\/03\/cropped-647319118_2379115739204013_337015058165053143_n.jpg\",\"width\":1022,\"height\":1023,\"caption\":\"Lunaya travel\"},\"image\":{\"@id\":\"https:\/\/lunayatravel.com\/#\/schema\/logo\/image\/\"},\"sameAs\":[\"https:\/\/www.facebook.com\/lunayaTravel\/\"]}]}<\/script>\n<!-- \/ Yoast SEO plugin. -->","yoast_head_json":{"title":"\ud83c\udf43Mae Taeng : Quad & Rafting extr\u00eame Adventures -","robots":{"index":"index","follow":"follow","max-snippet":"max-snippet:-1","max-image-preview":"max-image-preview:large","max-video-preview":"max-video-preview:-1"},"canonical":"https:\/\/lunayatravel.com\/en\/product\/\ud83c\udf43mae-taeng-quad-rafting-extreme-adventures\/","og_locale":"en_GB","og_type":"article","og_title":"\ud83c\udf43Mae Taeng : Quad & Rafting extr\u00eame Adventures -","og_description":"\u2728 Points forts    3 heures de VTT \u00e0 travers les sentiers sauvages de Mae Taeng    Rafting palpitant de 10 km sur les rapides classe III-IV    Encadrement par des professionnels anglophones certifi\u00e9s    D\u00e9jeuner inclus &amp; service haut de gamme dans un camp r\u00e9put\u00e9    Transfert aller-retour inclus depuis votre h\u00f4tel \u00e0 Chiang Mai","og_url":"https:\/\/lunayatravel.com\/en\/product\/\ud83c\udf43mae-taeng-quad-rafting-extreme-adventures\/","article_publisher":"https:\/\/www.facebook.com\/lunayaTravel\/","og_image":[{"width":720,"height":540,"url":"https:\/\/lunayatravel.com\/wp-content\/uploads\/2025\/08\/WWR4.webp","type":"image\/webp"}],"twitter_card":"summary_large_image","twitter_misc":{"Estimated reading time":"1 minute"},"schema":{"@context":"https:\/\/schema.org","@graph":[{"@type":"WebPage","@id":"https:\/\/lunayatravel.com\/produit\/%f0%9f%8d%83mae-taeng-quad-rafting-extreme-adventures\/","url":"https:\/\/lunayatravel.com\/produit\/%f0%9f%8d%83mae-taeng-quad-rafting-extreme-adventures\/","name":"\ud83c\udf43Mae Taeng : Quad & Rafting extr\u00eame Adventures -","isPartOf":{"@id":"https:\/\/lunayatravel.com\/#website"},"primaryImageOfPage":{"@id":"https:\/\/lunayatravel.com\/produit\/%f0%9f%8d%83mae-taeng-quad-rafting-extreme-adventures\/#primaryimage"},"image":{"@id":"https:\/\/lunayatravel.com\/produit\/%f0%9f%8d%83mae-taeng-quad-rafting-extreme-adventures\/#primaryimage"},"thumbnailUrl":"https:\/\/lunayatravel.com\/wp-content\/uploads\/2025\/08\/WWR4.webp","datePublished":"2025-08-01T06:03:13+00:00","breadcrumb":{"@id":"https:\/\/lunayatravel.com\/produit\/%f0%9f%8d%83mae-taeng-quad-rafting-extreme-adventures\/#breadcrumb"},"inLanguage":"en-GB","potentialAction":[{"@type":"ReadAction","target":["https:\/\/lunayatravel.com\/produit\/%f0%9f%8d%83mae-taeng-quad-rafting-extreme-adventures\/"]}]},{"@type":"ImageObject","inLanguage":"en-GB","@id":"https:\/\/lunayatravel.com\/produit\/%f0%9f%8d%83mae-taeng-quad-rafting-extreme-adventures\/#primaryimage","url":"https:\/\/lunayatravel.com\/wp-content\/uploads\/2025\/08\/WWR4.webp","contentUrl":"https:\/\/lunayatravel.com\/wp-content\/uploads\/2025\/08\/WWR4.webp","width":720,"height":540},{"@type":"BreadcrumbList","@id":"https:\/\/lunayatravel.com\/produit\/%f0%9f%8d%83mae-taeng-quad-rafting-extreme-adventures\/#breadcrumb","itemListElement":[{"@type":"ListItem","position":1,"name":"Accueil","item":"https:\/\/lunayatravel.com\/"},{"@type":"ListItem","position":2,"name":"Nos activit\u00e9s","item":"https:\/\/lunayatravel.com\/nos-activites\/"},{"@type":"ListItem","position":3,"name":"\ud83c\udf43Mae Taeng : Quad &#038; Rafting extr\u00eame Adventures"}]},{"@type":"WebSite","@id":"https:\/\/lunayatravel.com\/#website","url":"https:\/\/lunayatravel.com\/","name":"","description":"","publisher":{"@id":"https:\/\/lunayatravel.com\/#organization"},"potentialAction":[{"@type":"SearchAction","target":{"@type":"EntryPoint","urlTemplate":"https:\/\/lunayatravel.com\/?s={search_term_string}"},"query-input":{"@type":"PropertyValueSpecification","valueRequired":true,"valueName":"search_term_string"}}],"inLanguage":"en-GB"},{"@type":"Organization","@id":"https:\/\/lunayatravel.com\/#organization","name":"Lunaya travel","alternateName":"Lunaya travel","url":"https:\/\/lunayatravel.com\/","logo":{"@type":"ImageObject","inLanguage":"en-GB","@id":"https:\/\/lunayatravel.com\/#\/schema\/logo\/image\/","url":"https:\/\/lunayatravel.com\/wp-content\/uploads\/2026\/03\/cropped-647319118_2379115739204013_337015058165053143_n.jpg","contentUrl":"https:\/\/lunayatravel.com\/wp-content\/uploads\/2026\/03\/cropped-647319118_2379115739204013_337015058165053143_n.jpg","width":1022,"height":1023,"caption":"Lunaya travel"},"image":{"@id":"https:\/\/lunayatravel.com\/#\/schema\/logo\/image\/"},"sameAs":["https:\/\/www.facebook.com\/lunayaTravel\/"]}]}},"uagb_featured_image_src":{"full":["https:\/\/lunayatravel.com\/wp-content\/uploads\/2025\/08\/WWR4.webp",720,540,false],"thumbnail":["https:\/\/lunayatravel.com\/wp-content\/uploads\/2025\/08\/WWR4-150x150.webp",150,150,true],"medium":["https:\/\/lunayatravel.com\/wp-content\/uploads\/2025\/08\/WWR4-300x225.webp",300,225,true],"medium_large":["https:\/\/lunayatravel.com\/wp-content\/uploads\/2025\/08\/WWR4.webp",720,540,false],"large":["https:\/\/lunayatravel.com\/wp-content\/uploads\/2025\/08\/WWR4.webp",720,540,false],"1536x1536":["https:\/\/lunayatravel.com\/wp-content\/uploads\/2025\/08\/WWR4.webp",720,540,false],"2048x2048":["https:\/\/lunayatravel.com\/wp-content\/uploads\/2025\/08\/WWR4.webp",720,540,false],"trp-custom-language-flag":["https:\/\/lunayatravel.com\/wp-content\/uploads\/2025\/08\/WWR4.webp",16,12,false],"widget-thumbnail":["https:\/\/lunayatravel.com\/wp-content\/uploads\/2025\/08\/WWR4-75x75.webp",75,75,true],"mailpoet_newsletter_max":["https:\/\/lunayatravel.com\/wp-content\/uploads\/2025\/08\/WWR4.webp",720,540,false],"woocommerce_thumbnail":["https:\/\/lunayatravel.com\/wp-content\/uploads\/2025\/08\/WWR4-300x300.webp",300,300,true],"woocommerce_single":["https:\/\/lunayatravel.com\/wp-content\/uploads\/2025\/08\/WWR4-600x450.webp",600,450,true],"woocommerce_gallery_thumbnail":["https:\/\/lunayatravel.com\/wp-content\/uploads\/2025\/08\/WWR4-100x100.webp",100,100,true],"sow-carousel-default":["https:\/\/lunayatravel.com\/wp-content\/uploads\/2025\/08\/WWR4-272x182.webp",272,182,true]},"uagb_author_info":{"display_name":"haemers stephanie","author_link":"https:\/\/lunayatravel.com\/en\/author\/"},"uagb_comment_info":0,"uagb_excerpt":"\u2728 Points forts 3 heures de VTT \u00e0 travers les sentiers sauvages de Mae Taeng Rafting palpitant de 10 km sur les rapides classe III-IV Encadrement par des professionnels anglophones certifi\u00e9s D\u00e9jeuner inclus &amp; service haut de gamme dans un camp r\u00e9put\u00e9 Transfert aller-retour inclus depuis votre h\u00f4tel \u00e0 Chiang Mai","jetpack_sharing_enabled":true,"_links":{"self":[{"href":"https:\/\/lunayatravel.com\/en\/wp-json\/wp\/v2\/product\/30400","targetHints":{"allow":["GET"]}}],"collection":[{"href":"https:\/\/lunayatravel.com\/en\/wp-json\/wp\/v2\/product"}],"about":[{"href":"https:\/\/lunayatravel.com\/en\/wp-json\/wp\/v2\/types\/product"}],"replies":[{"embeddable":true,"href":"https:\/\/lunayatravel.com\/en\/wp-json\/wp\/v2\/comments?post=30400"}],"wp:featuredmedia":[{"embeddable":true,"href":"https:\/\/lunayatravel.com\/en\/wp-json\/wp\/v2\/media\/30402"}],"wp:attachment":[{"href":"https:\/\/lunayatravel.com\/en\/wp-json\/wp\/v2\/media?parent=30400"}],"wp:term":[{"taxonomy":"product_brand","embeddable":true,"href":"https:\/\/lunayatravel.com\/en\/wp-json\/wp\/v2\/product_brand?post=30400"},{"taxonomy":"product_cat","embeddable":true,"href":"https:\/\/lunayatravel.com\/en\/wp-json\/wp\/v2\/product_cat?post=30400"},{"taxonomy":"product_tag","embeddable":true,"href":"https:\/\/lunayatravel.com\/en\/wp-json\/wp\/v2\/product_tag?post=30400"}],"curies":[{"name":"wp","href":"https:\/\/api.w.org\/{rel}","templated":true}]}}