{"id":30396,"date":"2025-08-01T07:56:22","date_gmt":"2025-08-01T05:56:22","guid":{"rendered":"https:\/\/itctoursvoyages.com\/?post_type=product&#038;p=30396"},"modified":"2025-08-01T07:56:23","modified_gmt":"2025-08-01T05:56:23","slug":"%f0%9f%8f%94%ef%b8%8f-doi-inthanon-trekking-aventure-en-vtt","status":"publish","type":"product","link":"https:\/\/lunayatravel.com\/en\/product\/%f0%9f%8f%94%ef%b8%8f-doi-inthanon-trekking-aventure-en-vtt\/","title":{"rendered":"\ud83c\udfd4\ufe0f Doi Inthanon Trekking + Mountain bike adventure"},"content":{"rendered":"<h3 data-start=\"993\" data-end=\"1026\">\ud83d\udd53 <strong data-start=\"1000\" data-end=\"1026\">Itinerary :<\/strong><\/h3>\n<ul data-start=\"1028\" data-end=\"1561\">\n<li data-start=\"1028\" data-end=\"1090\">\n<p data-start=\"1030\" data-end=\"1090\"><strong data-start=\"1030\" data-end=\"1047\">07:30 - 08:00<\/strong> Pick-up from hotel (city centre)<\/p>\n<\/li>\n<li data-start=\"1091\" data-end=\"1152\">\n<p data-start=\"1093\" data-end=\"1152\"><strong data-start=\"1093\" data-end=\"1110\">09:30 - 11:30<\/strong> Mountain bike adventure (2 h) in the heart of nature<\/p>\n<\/li>\n<li data-start=\"1153\" data-end=\"1209\">\n<p data-start=\"1155\" data-end=\"1209\"><strong data-start=\"1155\" data-end=\"1164\">12:00<\/strong> Local lunch at the Inthanon Paradise office<\/p>\n<\/li>\n<li data-start=\"1210\" data-end=\"1271\">\n<p data-start=\"1212\" data-end=\"1271\"><strong data-start=\"1212\" data-end=\"1221\">13:00<\/strong> Visit to the summit of Thailand (Doi Inthanon)<\/p>\n<\/li>\n<li data-start=\"1272\" data-end=\"1361\">\n<p data-start=\"1274\" data-end=\"1361\"><strong data-start=\"1274\" data-end=\"1291\">14:00 - 15:30<\/strong> Guided walk on the Kew Mae Pan trail and Pha Dok Siew waterfall<\/p>\n<\/li>\n<li data-start=\"1362\" data-end=\"1413\">\n<p data-start=\"1364\" data-end=\"1413\"><strong data-start=\"1364\" data-end=\"1373\">15:30<\/strong> Visit to the royal pagodas and gardens<\/p>\n<\/li>\n<li data-start=\"1414\" data-end=\"1470\">\n<p data-start=\"1416\" data-end=\"1470\"><strong data-start=\"1416\" data-end=\"1425\">16:30<\/strong> Discover the Hmong market or local market<\/p>\n<\/li>\n<li data-start=\"1471\" data-end=\"1507\">\n<p data-start=\"1473\" data-end=\"1507\"><strong data-start=\"1473\" data-end=\"1482\">17:00<\/strong> Wachirathan waterfall<\/p>\n<\/li>\n<li data-start=\"1508\" data-end=\"1561\">\n<p data-start=\"1510\" data-end=\"1561\"><strong data-start=\"1510\" data-end=\"1527\">18:30 - 19:30<\/strong> Return to your hotel in Chiang Mai<\/p>\n<\/li>\n<\/ul>\n<hr data-start=\"1563\" data-end=\"1566\" \/>\n<h3 data-start=\"1568\" data-end=\"1588\">\u2705 <strong data-start=\"1574\" data-end=\"1586\">Includes :<\/strong><\/h3>\n<ul data-start=\"1589\" data-end=\"1769\">\n<li data-start=\"1589\" data-end=\"1635\">\n<p data-start=\"1591\" data-end=\"1635\">Return transfers from your hotel<\/p>\n<\/li>\n<li data-start=\"1636\" data-end=\"1662\">\n<p data-start=\"1638\" data-end=\"1662\">National park fees<\/p>\n<\/li>\n<li data-start=\"1663\" data-end=\"1681\">\n<p data-start=\"1665\" data-end=\"1681\">Local lunch<\/p>\n<\/li>\n<li data-start=\"1682\" data-end=\"1697\">\n<p data-start=\"1684\" data-end=\"1697\">Drinking water<\/p>\n<\/li>\n<li data-start=\"1698\" data-end=\"1715\">\n<p data-start=\"1700\" data-end=\"1715\">Mountain bike and helmet<\/p>\n<\/li>\n<li data-start=\"1716\" data-end=\"1757\">\n<p data-start=\"1718\" data-end=\"1757\">Local guide (French-speaking not guaranteed)<\/p>\n<\/li>\n<li data-start=\"1758\" data-end=\"1769\">\n<p data-start=\"1760\" data-end=\"1769\">Insurance<\/p>\n<\/li>\n<\/ul>\n<hr data-start=\"1771\" data-end=\"1774\" \/>\n<h3 data-start=\"1776\" data-end=\"1800\">\ud83c\udf92 <strong data-start=\"1783\" data-end=\"1798\">What to expect:<\/strong><\/h3>\n<ul data-start=\"1801\" data-end=\"1968\">\n<li data-start=\"1801\" data-end=\"1834\">\n<p data-start=\"1803\" data-end=\"1834\">Suitable walking shoes<\/p>\n<\/li>\n<li data-start=\"1835\" data-end=\"1896\">\n<p data-start=\"1837\" data-end=\"1896\">Comfortable, waterproof clothing (rainy season)<\/p>\n<\/li>\n<li data-start=\"1897\" data-end=\"1946\">\n<p data-start=\"1899\" data-end=\"1946\">Light jacket (it's cooler at altitude)<\/p>\n<\/li>\n<li data-start=\"1947\" data-end=\"1968\">\n<p data-start=\"1949\" data-end=\"1968\">Anti-insect spray<\/p>\n<\/li>\n<\/ul>","protected":false},"excerpt":{"rendered":"<h3 data-start=\"263\" data-end=\"296\">\ud83e\udded <strong data-start=\"270\" data-end=\"294\">Short description:<\/strong><\/h3>\n<p data-start=\"297\" data-end=\"492\">Explore the wonders of Doi Inthanon: Thailand's highest peak, a guided hike on the Pha Dok Siew trail, and a thrilling mountain bike adventure through rice paddies and waterfalls!<\/p>\n<hr data-start=\"494\" data-end=\"497\" \/>\n<h3 data-start=\"499\" data-end=\"526\">\ud83c\udf1f <strong data-start=\"506\" data-end=\"524\">Highlights:<\/strong><\/h3>\n<ul data-start=\"527\" data-end=\"986\">\n<li data-start=\"527\" data-end=\"617\">\n<p data-start=\"529\" data-end=\"617\">\ud83d\udeb5\u200d\u2642\ufe0f 2 hours mountain biking on a nature trail (forest, rice fields, waterfall, muddy track)<\/p>\n<\/li>\n<li data-start=\"618\" data-end=\"693\">\n<p data-start=\"620\" data-end=\"693\">\ud83c\udf3f Guided walk on the <strong data-start=\"647\" data-end=\"671\">Pha Dok Siew trail<\/strong> with a Hmong guide<\/p>\n<\/li>\n<li data-start=\"694\" data-end=\"765\">\n<p data-start=\"696\" data-end=\"765\">\ud83c\udf38 Visit the famous royal pagodas surrounded by flower gardens<\/p>\n<\/li>\n<li data-start=\"766\" data-end=\"856\">\n<p data-start=\"768\" data-end=\"856\">\ud83c\udf0a Stop at <strong data-start=\"782\" data-end=\"808\">Wachirathan waterfall<\/strong>one of the most impressive in Thailand<\/p>\n<\/li>\n<li data-start=\"857\" data-end=\"912\">\n<p data-start=\"859\" data-end=\"912\">\ud83d\udecd\ufe0f Break at <strong data-start=\"872\" data-end=\"894\">local Hmong market<\/strong> or Doi Inthanon<\/p>\n<\/li>\n<li data-start=\"913\" data-end=\"941\">\n<p data-start=\"915\" data-end=\"941\">\ud83e\udd57 Local lunch included<\/p>\n<\/li>\n<li data-start=\"942\" data-end=\"986\">\n<p data-start=\"944\" data-end=\"986\">\ud83d\udefb Return transfers included from Chiang Mai<\/p>\n<\/li>\n<\/ul>","protected":false},"featured_media":30399,"comment_status":"open","ping_status":"closed","template":"","meta":{"_uag_custom_page_level_css":""},"product_brand":[],"product_cat":[68],"product_tag":[],"class_list":{"0":"post-30396","1":"product","2":"type-product","3":"status-publish","4":"has-post-thumbnail","6":"product_cat-chiang-mai","8":"first","9":"instock","10":"virtual","11":"taxable","12":"purchasable","13":"product-type-simple"},"yoast_head":"<!-- This site is optimized with the Yoast SEO plugin v27.1.1 - https:\/\/yoast.com\/product\/yoast-seo-wordpress\/ -->\n<title>\ud83c\udfd4\ufe0f Doi Inthanon Trekking + Aventure en VTT -<\/title>\n<meta name=\"robots\" content=\"index, follow, max-snippet:-1, max-image-preview:large, max-video-preview:-1\" \/>\n<link rel=\"canonical\" href=\"https:\/\/lunayatravel.com\/en\/product\/\ud83c\udfd4\ufe0f-doi-inthanon-trekking-aventure-en-vtt\/\" \/>\n<meta property=\"og:locale\" content=\"en_GB\" \/>\n<meta property=\"og:type\" content=\"article\" \/>\n<meta property=\"og:title\" content=\"\ud83c\udfd4\ufe0f Doi Inthanon Trekking + Aventure en VTT -\" \/>\n<meta property=\"og:description\" content=\"\ud83e\udded Description courte : Explorez les merveilles de Doi Inthanon : le sommet le plus haut de Tha\u00eflande, une randonn\u00e9e guid\u00e9e sur le sentier Pha Dok Siew, et une aventure palpitante en VTT \u00e0 travers rizi\u00e8res et cascades !     \ud83c\udf1f Points forts :    \ud83d\udeb5\u200d\u2642\ufe0f 2 heures de VTT sur un parcours nature (for\u00eat, rizi\u00e8res, cascade, piste boueuse)    \ud83c\udf3f Randonn\u00e9e guid\u00e9e sur le sentier Pha Dok Siew avec un guide Hmong    \ud83c\udf38 Visite des c\u00e9l\u00e8bres pagodes royales entour\u00e9es de jardins fleuris    \ud83c\udf0a Arr\u00eat \u00e0 la cascade de Wachirathan, l\u2019une des plus impressionnantes de Tha\u00eflande    \ud83d\udecd\ufe0f Pause au march\u00e9 local Hmong ou Doi Inthanon    \ud83e\udd57 D\u00e9jeuner local inclus    \ud83d\udefb Transferts A\/R inclus depuis Chiang Mai\" \/>\n<meta property=\"og:url\" content=\"https:\/\/lunayatravel.com\/en\/product\/\ud83c\udfd4\ufe0f-doi-inthanon-trekking-aventure-en-vtt\/\" \/>\n<meta property=\"article:publisher\" content=\"https:\/\/www.facebook.com\/lunayaTravel\/\" \/>\n<meta property=\"article:modified_time\" content=\"2025-08-01T05:56:23+00:00\" \/>\n<meta property=\"og:image\" content=\"https:\/\/lunayatravel.com\/wp-content\/uploads\/2025\/08\/01-14.webp\" \/>\n\t<meta property=\"og:image:width\" content=\"720\" \/>\n\t<meta property=\"og:image:height\" content=\"540\" \/>\n\t<meta property=\"og:image:type\" content=\"image\/webp\" \/>\n<meta name=\"twitter:card\" content=\"summary_large_image\" \/>\n<meta name=\"twitter:label1\" content=\"Estimated reading time\" \/>\n\t<meta name=\"twitter:data1\" content=\"1 minute\" \/>\n<script type=\"application\/ld+json\" class=\"yoast-schema-graph\">{\"@context\":\"https:\/\/schema.org\",\"@graph\":[{\"@type\":\"WebPage\",\"@id\":\"https:\/\/lunayatravel.com\/produit\/%f0%9f%8f%94%ef%b8%8f-doi-inthanon-trekking-aventure-en-vtt\/\",\"url\":\"https:\/\/lunayatravel.com\/produit\/%f0%9f%8f%94%ef%b8%8f-doi-inthanon-trekking-aventure-en-vtt\/\",\"name\":\"\ud83c\udfd4\ufe0f Doi Inthanon Trekking + Aventure en VTT -\",\"isPartOf\":{\"@id\":\"https:\/\/lunayatravel.com\/#website\"},\"primaryImageOfPage\":{\"@id\":\"https:\/\/lunayatravel.com\/produit\/%f0%9f%8f%94%ef%b8%8f-doi-inthanon-trekking-aventure-en-vtt\/#primaryimage\"},\"image\":{\"@id\":\"https:\/\/lunayatravel.com\/produit\/%f0%9f%8f%94%ef%b8%8f-doi-inthanon-trekking-aventure-en-vtt\/#primaryimage\"},\"thumbnailUrl\":\"https:\/\/lunayatravel.com\/wp-content\/uploads\/2025\/08\/01-14.webp\",\"datePublished\":\"2025-08-01T05:56:22+00:00\",\"dateModified\":\"2025-08-01T05:56:23+00:00\",\"breadcrumb\":{\"@id\":\"https:\/\/lunayatravel.com\/produit\/%f0%9f%8f%94%ef%b8%8f-doi-inthanon-trekking-aventure-en-vtt\/#breadcrumb\"},\"inLanguage\":\"en-GB\",\"potentialAction\":[{\"@type\":\"ReadAction\",\"target\":[\"https:\/\/lunayatravel.com\/produit\/%f0%9f%8f%94%ef%b8%8f-doi-inthanon-trekking-aventure-en-vtt\/\"]}]},{\"@type\":\"ImageObject\",\"inLanguage\":\"en-GB\",\"@id\":\"https:\/\/lunayatravel.com\/produit\/%f0%9f%8f%94%ef%b8%8f-doi-inthanon-trekking-aventure-en-vtt\/#primaryimage\",\"url\":\"https:\/\/lunayatravel.com\/wp-content\/uploads\/2025\/08\/01-14.webp\",\"contentUrl\":\"https:\/\/lunayatravel.com\/wp-content\/uploads\/2025\/08\/01-14.webp\",\"width\":720,\"height\":540},{\"@type\":\"BreadcrumbList\",\"@id\":\"https:\/\/lunayatravel.com\/produit\/%f0%9f%8f%94%ef%b8%8f-doi-inthanon-trekking-aventure-en-vtt\/#breadcrumb\",\"itemListElement\":[{\"@type\":\"ListItem\",\"position\":1,\"name\":\"Accueil\",\"item\":\"https:\/\/lunayatravel.com\/\"},{\"@type\":\"ListItem\",\"position\":2,\"name\":\"Nos activit\u00e9s\",\"item\":\"https:\/\/lunayatravel.com\/nos-activites\/\"},{\"@type\":\"ListItem\",\"position\":3,\"name\":\"\ud83c\udfd4\ufe0f Doi Inthanon Trekking + Aventure en VTT\"}]},{\"@type\":\"WebSite\",\"@id\":\"https:\/\/lunayatravel.com\/#website\",\"url\":\"https:\/\/lunayatravel.com\/\",\"name\":\"\",\"description\":\"\",\"publisher\":{\"@id\":\"https:\/\/lunayatravel.com\/#organization\"},\"potentialAction\":[{\"@type\":\"SearchAction\",\"target\":{\"@type\":\"EntryPoint\",\"urlTemplate\":\"https:\/\/lunayatravel.com\/?s={search_term_string}\"},\"query-input\":{\"@type\":\"PropertyValueSpecification\",\"valueRequired\":true,\"valueName\":\"search_term_string\"}}],\"inLanguage\":\"en-GB\"},{\"@type\":\"Organization\",\"@id\":\"https:\/\/lunayatravel.com\/#organization\",\"name\":\"Lunaya travel\",\"alternateName\":\"Lunaya travel\",\"url\":\"https:\/\/lunayatravel.com\/\",\"logo\":{\"@type\":\"ImageObject\",\"inLanguage\":\"en-GB\",\"@id\":\"https:\/\/lunayatravel.com\/#\/schema\/logo\/image\/\",\"url\":\"https:\/\/lunayatravel.com\/wp-content\/uploads\/2026\/03\/cropped-647319118_2379115739204013_337015058165053143_n.jpg\",\"contentUrl\":\"https:\/\/lunayatravel.com\/wp-content\/uploads\/2026\/03\/cropped-647319118_2379115739204013_337015058165053143_n.jpg\",\"width\":1022,\"height\":1023,\"caption\":\"Lunaya travel\"},\"image\":{\"@id\":\"https:\/\/lunayatravel.com\/#\/schema\/logo\/image\/\"},\"sameAs\":[\"https:\/\/www.facebook.com\/lunayaTravel\/\"]}]}<\/script>\n<!-- \/ Yoast SEO plugin. -->","yoast_head_json":{"title":"\ud83c\udfd4\ufe0f Doi Inthanon Trekking + Aventure en VTT -","robots":{"index":"index","follow":"follow","max-snippet":"max-snippet:-1","max-image-preview":"max-image-preview:large","max-video-preview":"max-video-preview:-1"},"canonical":"https:\/\/lunayatravel.com\/en\/product\/\ud83c\udfd4\ufe0f-doi-inthanon-trekking-aventure-en-vtt\/","og_locale":"en_GB","og_type":"article","og_title":"\ud83c\udfd4\ufe0f Doi Inthanon Trekking + Aventure en VTT -","og_description":"\ud83e\udded Description courte : Explorez les merveilles de Doi Inthanon : le sommet le plus haut de Tha\u00eflande, une randonn\u00e9e guid\u00e9e sur le sentier Pha Dok Siew, et une aventure palpitante en VTT \u00e0 travers rizi\u00e8res et cascades !     \ud83c\udf1f Points forts :    \ud83d\udeb5\u200d\u2642\ufe0f 2 heures de VTT sur un parcours nature (for\u00eat, rizi\u00e8res, cascade, piste boueuse)    \ud83c\udf3f Randonn\u00e9e guid\u00e9e sur le sentier Pha Dok Siew avec un guide Hmong    \ud83c\udf38 Visite des c\u00e9l\u00e8bres pagodes royales entour\u00e9es de jardins fleuris    \ud83c\udf0a Arr\u00eat \u00e0 la cascade de Wachirathan, l\u2019une des plus impressionnantes de Tha\u00eflande    \ud83d\udecd\ufe0f Pause au march\u00e9 local Hmong ou Doi Inthanon    \ud83e\udd57 D\u00e9jeuner local inclus    \ud83d\udefb Transferts A\/R inclus depuis Chiang Mai","og_url":"https:\/\/lunayatravel.com\/en\/product\/\ud83c\udfd4\ufe0f-doi-inthanon-trekking-aventure-en-vtt\/","article_publisher":"https:\/\/www.facebook.com\/lunayaTravel\/","article_modified_time":"2025-08-01T05:56:23+00:00","og_image":[{"width":720,"height":540,"url":"https:\/\/lunayatravel.com\/wp-content\/uploads\/2025\/08\/01-14.webp","type":"image\/webp"}],"twitter_card":"summary_large_image","twitter_misc":{"Estimated reading time":"1 minute"},"schema":{"@context":"https:\/\/schema.org","@graph":[{"@type":"WebPage","@id":"https:\/\/lunayatravel.com\/produit\/%f0%9f%8f%94%ef%b8%8f-doi-inthanon-trekking-aventure-en-vtt\/","url":"https:\/\/lunayatravel.com\/produit\/%f0%9f%8f%94%ef%b8%8f-doi-inthanon-trekking-aventure-en-vtt\/","name":"\ud83c\udfd4\ufe0f Doi Inthanon Trekking + Aventure en VTT -","isPartOf":{"@id":"https:\/\/lunayatravel.com\/#website"},"primaryImageOfPage":{"@id":"https:\/\/lunayatravel.com\/produit\/%f0%9f%8f%94%ef%b8%8f-doi-inthanon-trekking-aventure-en-vtt\/#primaryimage"},"image":{"@id":"https:\/\/lunayatravel.com\/produit\/%f0%9f%8f%94%ef%b8%8f-doi-inthanon-trekking-aventure-en-vtt\/#primaryimage"},"thumbnailUrl":"https:\/\/lunayatravel.com\/wp-content\/uploads\/2025\/08\/01-14.webp","datePublished":"2025-08-01T05:56:22+00:00","dateModified":"2025-08-01T05:56:23+00:00","breadcrumb":{"@id":"https:\/\/lunayatravel.com\/produit\/%f0%9f%8f%94%ef%b8%8f-doi-inthanon-trekking-aventure-en-vtt\/#breadcrumb"},"inLanguage":"en-GB","potentialAction":[{"@type":"ReadAction","target":["https:\/\/lunayatravel.com\/produit\/%f0%9f%8f%94%ef%b8%8f-doi-inthanon-trekking-aventure-en-vtt\/"]}]},{"@type":"ImageObject","inLanguage":"en-GB","@id":"https:\/\/lunayatravel.com\/produit\/%f0%9f%8f%94%ef%b8%8f-doi-inthanon-trekking-aventure-en-vtt\/#primaryimage","url":"https:\/\/lunayatravel.com\/wp-content\/uploads\/2025\/08\/01-14.webp","contentUrl":"https:\/\/lunayatravel.com\/wp-content\/uploads\/2025\/08\/01-14.webp","width":720,"height":540},{"@type":"BreadcrumbList","@id":"https:\/\/lunayatravel.com\/produit\/%f0%9f%8f%94%ef%b8%8f-doi-inthanon-trekking-aventure-en-vtt\/#breadcrumb","itemListElement":[{"@type":"ListItem","position":1,"name":"Accueil","item":"https:\/\/lunayatravel.com\/"},{"@type":"ListItem","position":2,"name":"Nos activit\u00e9s","item":"https:\/\/lunayatravel.com\/nos-activites\/"},{"@type":"ListItem","position":3,"name":"\ud83c\udfd4\ufe0f Doi Inthanon Trekking + Aventure en VTT"}]},{"@type":"WebSite","@id":"https:\/\/lunayatravel.com\/#website","url":"https:\/\/lunayatravel.com\/","name":"","description":"","publisher":{"@id":"https:\/\/lunayatravel.com\/#organization"},"potentialAction":[{"@type":"SearchAction","target":{"@type":"EntryPoint","urlTemplate":"https:\/\/lunayatravel.com\/?s={search_term_string}"},"query-input":{"@type":"PropertyValueSpecification","valueRequired":true,"valueName":"search_term_string"}}],"inLanguage":"en-GB"},{"@type":"Organization","@id":"https:\/\/lunayatravel.com\/#organization","name":"Lunaya travel","alternateName":"Lunaya travel","url":"https:\/\/lunayatravel.com\/","logo":{"@type":"ImageObject","inLanguage":"en-GB","@id":"https:\/\/lunayatravel.com\/#\/schema\/logo\/image\/","url":"https:\/\/lunayatravel.com\/wp-content\/uploads\/2026\/03\/cropped-647319118_2379115739204013_337015058165053143_n.jpg","contentUrl":"https:\/\/lunayatravel.com\/wp-content\/uploads\/2026\/03\/cropped-647319118_2379115739204013_337015058165053143_n.jpg","width":1022,"height":1023,"caption":"Lunaya travel"},"image":{"@id":"https:\/\/lunayatravel.com\/#\/schema\/logo\/image\/"},"sameAs":["https:\/\/www.facebook.com\/lunayaTravel\/"]}]}},"uagb_featured_image_src":{"full":["https:\/\/lunayatravel.com\/wp-content\/uploads\/2025\/08\/01-14.webp",720,540,false],"thumbnail":["https:\/\/lunayatravel.com\/wp-content\/uploads\/2025\/08\/01-14-150x150.webp",150,150,true],"medium":["https:\/\/lunayatravel.com\/wp-content\/uploads\/2025\/08\/01-14-300x225.webp",300,225,true],"medium_large":["https:\/\/lunayatravel.com\/wp-content\/uploads\/2025\/08\/01-14.webp",720,540,false],"large":["https:\/\/lunayatravel.com\/wp-content\/uploads\/2025\/08\/01-14.webp",720,540,false],"1536x1536":["https:\/\/lunayatravel.com\/wp-content\/uploads\/2025\/08\/01-14.webp",720,540,false],"2048x2048":["https:\/\/lunayatravel.com\/wp-content\/uploads\/2025\/08\/01-14.webp",720,540,false],"trp-custom-language-flag":["https:\/\/lunayatravel.com\/wp-content\/uploads\/2025\/08\/01-14.webp",16,12,false],"widget-thumbnail":["https:\/\/lunayatravel.com\/wp-content\/uploads\/2025\/08\/01-14-75x75.webp",75,75,true],"mailpoet_newsletter_max":["https:\/\/lunayatravel.com\/wp-content\/uploads\/2025\/08\/01-14.webp",720,540,false],"woocommerce_thumbnail":["https:\/\/lunayatravel.com\/wp-content\/uploads\/2025\/08\/01-14-300x300.webp",300,300,true],"woocommerce_single":["https:\/\/lunayatravel.com\/wp-content\/uploads\/2025\/08\/01-14-600x450.webp",600,450,true],"woocommerce_gallery_thumbnail":["https:\/\/lunayatravel.com\/wp-content\/uploads\/2025\/08\/01-14-100x100.webp",100,100,true],"sow-carousel-default":["https:\/\/lunayatravel.com\/wp-content\/uploads\/2025\/08\/01-14-272x182.webp",272,182,true]},"uagb_author_info":{"display_name":"haemers stephanie","author_link":"https:\/\/lunayatravel.com\/en\/author\/"},"uagb_comment_info":0,"uagb_excerpt":"\ud83e\udded Description courte : Explorez les merveilles de Doi Inthanon : le sommet le plus haut de Tha\u00eflande, une randonn\u00e9e guid\u00e9e sur le sentier Pha Dok Siew, et une aventure palpitante en VTT \u00e0 travers rizi\u00e8res et cascades ! \ud83c\udf1f Points forts : \ud83d\udeb5\u200d\u2642\ufe0f 2 heures de VTT sur un parcours nature (for\u00eat, rizi\u00e8res, cascade,&hellip;","jetpack_sharing_enabled":true,"_links":{"self":[{"href":"https:\/\/lunayatravel.com\/en\/wp-json\/wp\/v2\/product\/30396","targetHints":{"allow":["GET"]}}],"collection":[{"href":"https:\/\/lunayatravel.com\/en\/wp-json\/wp\/v2\/product"}],"about":[{"href":"https:\/\/lunayatravel.com\/en\/wp-json\/wp\/v2\/types\/product"}],"replies":[{"embeddable":true,"href":"https:\/\/lunayatravel.com\/en\/wp-json\/wp\/v2\/comments?post=30396"}],"wp:featuredmedia":[{"embeddable":true,"href":"https:\/\/lunayatravel.com\/en\/wp-json\/wp\/v2\/media\/30399"}],"wp:attachment":[{"href":"https:\/\/lunayatravel.com\/en\/wp-json\/wp\/v2\/media?parent=30396"}],"wp:term":[{"taxonomy":"product_brand","embeddable":true,"href":"https:\/\/lunayatravel.com\/en\/wp-json\/wp\/v2\/product_brand?post=30396"},{"taxonomy":"product_cat","embeddable":true,"href":"https:\/\/lunayatravel.com\/en\/wp-json\/wp\/v2\/product_cat?post=30396"},{"taxonomy":"product_tag","embeddable":true,"href":"https:\/\/lunayatravel.com\/en\/wp-json\/wp\/v2\/product_tag?post=30396"}],"curies":[{"name":"wp","href":"https:\/\/api.w.org\/{rel}","templated":true}]}}