{"id":30391,"date":"2025-08-01T07:50:28","date_gmt":"2025-08-01T05:50:28","guid":{"rendered":"https:\/\/itctoursvoyages.com\/?post_type=product&#038;p=30391"},"modified":"2025-08-01T07:50:29","modified_gmt":"2025-08-01T05:50:29","slug":"%f0%9f%90%98-cascade-collante-sanctuaire-delephants-journee-ethique-et-nature-%f0%9f%92%b0-prix-1-790-thb-adulte","status":"publish","type":"product","link":"https:\/\/lunayatravel.com\/en\/product\/%f0%9f%90%98-cascade-collante-sanctuaire-delephants-journee-ethique-et-nature-%f0%9f%92%b0-prix-1-790-thb-adulte\/","title":{"rendered":"\ud83d\udc18 Cascade Collante + Elephant Sanctuary - Ethics and Nature Day \ud83d\udcb0 Price: THB 1,790 \/ adult"},"content":{"rendered":"<h3 data-start=\"775\" data-end=\"808\">\ud83d\udd53 <strong data-start=\"782\" data-end=\"808\">Itinerary :<\/strong><\/h3>\n<ul data-start=\"810\" data-end=\"1277\">\n<li data-start=\"810\" data-end=\"871\">\n<p data-start=\"812\" data-end=\"871\"><strong data-start=\"812\" data-end=\"821\">08:00<\/strong> - Pick-up from your hotel in Chiang Mai<\/p>\n<\/li>\n<li data-start=\"872\" data-end=\"930\">\n<p data-start=\"874\" data-end=\"930\"><strong data-start=\"874\" data-end=\"883\">09:30<\/strong> - Arrival at the sanctuary, change of clothes<\/p>\n<\/li>\n<li data-start=\"931\" data-end=\"1005\">\n<p data-start=\"933\" data-end=\"1005\"><strong data-start=\"933\" data-end=\"942\">10:00<\/strong> - Elephant care: feeding, walking, river bathing<\/p>\n<\/li>\n<li data-start=\"1006\" data-end=\"1050\">\n<p data-start=\"1008\" data-end=\"1050\"><strong data-start=\"1008\" data-end=\"1017\">11:30<\/strong> - Back to normal clothes<\/p>\n<\/li>\n<li data-start=\"1051\" data-end=\"1088\">\n<p data-start=\"1053\" data-end=\"1088\"><strong data-start=\"1053\" data-end=\"1062\">12:00<\/strong> - Traditional lunch<\/p>\n<\/li>\n<li data-start=\"1089\" data-end=\"1136\">\n<p data-start=\"1091\" data-end=\"1136\"><strong data-start=\"1091\" data-end=\"1100\">13:00<\/strong> - Departure for the Bua Tong waterfall<\/p>\n<\/li>\n<li data-start=\"1137\" data-end=\"1205\">\n<p data-start=\"1139\" data-end=\"1205\"><strong data-start=\"1139\" data-end=\"1148\">13:40<\/strong> - Free time at the waterfall to climb and relax<\/p>\n<\/li>\n<li data-start=\"1206\" data-end=\"1242\">\n<p data-start=\"1208\" data-end=\"1242\"><strong data-start=\"1208\" data-end=\"1217\">14:40<\/strong> - Change and return<\/p>\n<\/li>\n<li data-start=\"1243\" data-end=\"1277\">\n<p data-start=\"1245\" data-end=\"1277\"><strong data-start=\"1245\" data-end=\"1254\">15:30<\/strong> - Arrival in Chiang Mai<\/p>\n<\/li>\n<\/ul>\n<hr data-start=\"1279\" data-end=\"1282\" \/>\n<h3 data-start=\"1284\" data-end=\"1304\">\u2705 <strong data-start=\"1290\" data-end=\"1302\">Includes :<\/strong><\/h3>\n<ul data-start=\"1305\" data-end=\"1418\">\n<li data-start=\"1305\" data-end=\"1349\">\n<p data-start=\"1307\" data-end=\"1349\">Return transport from Chiang Mai<\/p>\n<\/li>\n<li data-start=\"1350\" data-end=\"1365\">\n<p data-start=\"1352\" data-end=\"1365\">Local guide<\/p>\n<\/li>\n<li data-start=\"1366\" data-end=\"1379\">\n<p data-start=\"1368\" data-end=\"1379\">Insurance<\/p>\n<\/li>\n<li data-start=\"1380\" data-end=\"1392\">\n<p data-start=\"1382\" data-end=\"1392\">Lunch<\/p>\n<\/li>\n<li data-start=\"1393\" data-end=\"1418\">\n<p data-start=\"1395\" data-end=\"1418\">All entry fees<\/p>\n<\/li>\n<\/ul>\n<hr data-start=\"1420\" data-end=\"1423\" \/>\n<h3 data-start=\"1425\" data-end=\"1449\">\ud83c\udf92 <strong data-start=\"1432\" data-end=\"1447\">What to expect:<\/strong><\/h3>\n<ul data-start=\"1450\" data-end=\"1573\">\n<li data-start=\"1450\" data-end=\"1493\">\n<p data-start=\"1452\" data-end=\"1493\">Swimming costume \/ change of clothes<\/p>\n<\/li>\n<li data-start=\"1494\" data-end=\"1507\">\n<p data-start=\"1496\" data-end=\"1507\">Towel<\/p>\n<\/li>\n<li data-start=\"1508\" data-end=\"1549\">\n<p data-start=\"1510\" data-end=\"1549\">Shoes that can get wet<\/p>\n<\/li>\n<li data-start=\"1550\" data-end=\"1573\">\n<p data-start=\"1552\" data-end=\"1573\">Anti-insect spray<\/p>\n<\/li>\n<\/ul>","protected":false},"excerpt":{"rendered":"<h3 data-start=\"257\" data-end=\"290\">\ud83e\udded <strong data-start=\"264\" data-end=\"288\">Short description:<\/strong><\/h3>\n<p data-start=\"291\" data-end=\"451\">Take part in an unforgettable day combining a friendly encounter with elephants and a refreshing adventure at the famous sticky, non-slip waterfall!<\/p>\n<hr data-start=\"453\" data-end=\"456\" \/>\n<h3 data-start=\"458\" data-end=\"485\">\ud83c\udf1f <strong data-start=\"465\" data-end=\"483\">Highlights:<\/strong><\/h3>\n<ul data-start=\"486\" data-end=\"768\">\n<li data-start=\"486\" data-end=\"534\">\n<p data-start=\"488\" data-end=\"534\">Visit an ethical elephant sanctuary<\/p>\n<\/li>\n<li data-start=\"535\" data-end=\"609\">\n<p data-start=\"537\" data-end=\"609\">Take part in caring for the elephants: feeding, bathing and walking with them<\/p>\n<\/li>\n<li data-start=\"610\" data-end=\"699\">\n<p data-start=\"612\" data-end=\"699\">Climb the famous <strong data-start=\"631\" data-end=\"660\">Bua Tong sticky waterfall<\/strong>with non-slip limestone walls<\/p>\n<\/li>\n<li data-start=\"700\" data-end=\"725\">\n<p data-start=\"702\" data-end=\"725\">Local lunch included<\/p>\n<\/li>\n<li data-start=\"726\" data-end=\"768\">\n<p data-start=\"728\" data-end=\"768\">Return transport from Chiang Mai<\/p>\n<\/li>\n<\/ul>","protected":false},"featured_media":30376,"comment_status":"open","ping_status":"closed","template":"","meta":{"_uag_custom_page_level_css":""},"product_brand":[],"product_cat":[68],"product_tag":[],"class_list":{"0":"post-30391","1":"product","2":"type-product","3":"status-publish","4":"has-post-thumbnail","6":"product_cat-chiang-mai","8":"first","9":"instock","10":"virtual","11":"taxable","12":"purchasable","13":"product-type-simple"},"yoast_head":"<!-- This site is optimized with the Yoast SEO plugin v27.1.1 - https:\/\/yoast.com\/product\/yoast-seo-wordpress\/ -->\n<title>\ud83d\udc18 Cascade Collante + Sanctuaire d\u2019\u00c9l\u00e9phants \u2013 Journ\u00e9e \u00c9thique et Nature \ud83d\udcb0 Prix : 1 790 THB \/ adulte -<\/title>\n<meta name=\"robots\" content=\"index, follow, max-snippet:-1, max-image-preview:large, max-video-preview:-1\" \/>\n<link rel=\"canonical\" href=\"https:\/\/lunayatravel.com\/en\/product\/\ud83d\udc18-cascade-collante-sanctuaire-delephants-journee-ethique-et-nature-\ud83d\udcb0-prix-1-790-thb-adulte\/\" \/>\n<meta property=\"og:locale\" content=\"en_GB\" \/>\n<meta property=\"og:type\" content=\"article\" \/>\n<meta property=\"og:title\" content=\"\ud83d\udc18 Cascade Collante + Sanctuaire d\u2019\u00c9l\u00e9phants \u2013 Journ\u00e9e \u00c9thique et Nature \ud83d\udcb0 Prix : 1 790 THB \/ adulte -\" \/>\n<meta property=\"og:description\" content=\"\ud83e\udded Description courte : Participez \u00e0 une journ\u00e9e inoubliable m\u00ealant rencontre bienveillante avec les \u00e9l\u00e9phants et aventure rafra\u00eechissante \u00e0 la c\u00e9l\u00e8bre cascade collante antid\u00e9rapante !     \ud83c\udf1f Points forts :    Visitez un sanctuaire \u00e9thique pour \u00e9l\u00e9phants    Participez aux soins : alimentation, bain et marche avec les \u00e9l\u00e9phants    Grimpez la fameuse cascade collante Bua Tong, aux parois calcaires antid\u00e9rapantes    D\u00e9jeuner local inclus    Transport aller-retour depuis Chiang Mai\" \/>\n<meta property=\"og:url\" content=\"https:\/\/lunayatravel.com\/en\/product\/\ud83d\udc18-cascade-collante-sanctuaire-delephants-journee-ethique-et-nature-\ud83d\udcb0-prix-1-790-thb-adulte\/\" \/>\n<meta property=\"article:publisher\" content=\"https:\/\/www.facebook.com\/lunayaTravel\/\" \/>\n<meta property=\"article:modified_time\" content=\"2025-08-01T05:50:29+00:00\" \/>\n<meta property=\"og:image\" content=\"https:\/\/lunayatravel.com\/wp-content\/uploads\/2025\/08\/06_Elephant_Sanctuary_ChiangMai10.webp\" \/>\n\t<meta property=\"og:image:width\" content=\"720\" \/>\n\t<meta property=\"og:image:height\" content=\"540\" \/>\n\t<meta property=\"og:image:type\" content=\"image\/webp\" \/>\n<meta name=\"twitter:card\" content=\"summary_large_image\" \/>\n<script type=\"application\/ld+json\" class=\"yoast-schema-graph\">{\"@context\":\"https:\/\/schema.org\",\"@graph\":[{\"@type\":\"WebPage\",\"@id\":\"https:\/\/lunayatravel.com\/produit\/%f0%9f%90%98-cascade-collante-sanctuaire-delephants-journee-ethique-et-nature-%f0%9f%92%b0-prix-1-790-thb-adulte\/\",\"url\":\"https:\/\/lunayatravel.com\/produit\/%f0%9f%90%98-cascade-collante-sanctuaire-delephants-journee-ethique-et-nature-%f0%9f%92%b0-prix-1-790-thb-adulte\/\",\"name\":\"\ud83d\udc18 Cascade Collante + Sanctuaire d\u2019\u00c9l\u00e9phants \u2013 Journ\u00e9e \u00c9thique et Nature \ud83d\udcb0 Prix : 1 790 THB \/ adulte -\",\"isPartOf\":{\"@id\":\"https:\/\/lunayatravel.com\/#website\"},\"primaryImageOfPage\":{\"@id\":\"https:\/\/lunayatravel.com\/produit\/%f0%9f%90%98-cascade-collante-sanctuaire-delephants-journee-ethique-et-nature-%f0%9f%92%b0-prix-1-790-thb-adulte\/#primaryimage\"},\"image\":{\"@id\":\"https:\/\/lunayatravel.com\/produit\/%f0%9f%90%98-cascade-collante-sanctuaire-delephants-journee-ethique-et-nature-%f0%9f%92%b0-prix-1-790-thb-adulte\/#primaryimage\"},\"thumbnailUrl\":\"https:\/\/lunayatravel.com\/wp-content\/uploads\/2025\/08\/06_Elephant_Sanctuary_ChiangMai10.webp\",\"datePublished\":\"2025-08-01T05:50:28+00:00\",\"dateModified\":\"2025-08-01T05:50:29+00:00\",\"breadcrumb\":{\"@id\":\"https:\/\/lunayatravel.com\/produit\/%f0%9f%90%98-cascade-collante-sanctuaire-delephants-journee-ethique-et-nature-%f0%9f%92%b0-prix-1-790-thb-adulte\/#breadcrumb\"},\"inLanguage\":\"en-GB\",\"potentialAction\":[{\"@type\":\"ReadAction\",\"target\":[\"https:\/\/lunayatravel.com\/produit\/%f0%9f%90%98-cascade-collante-sanctuaire-delephants-journee-ethique-et-nature-%f0%9f%92%b0-prix-1-790-thb-adulte\/\"]}]},{\"@type\":\"ImageObject\",\"inLanguage\":\"en-GB\",\"@id\":\"https:\/\/lunayatravel.com\/produit\/%f0%9f%90%98-cascade-collante-sanctuaire-delephants-journee-ethique-et-nature-%f0%9f%92%b0-prix-1-790-thb-adulte\/#primaryimage\",\"url\":\"https:\/\/lunayatravel.com\/wp-content\/uploads\/2025\/08\/06_Elephant_Sanctuary_ChiangMai10.webp\",\"contentUrl\":\"https:\/\/lunayatravel.com\/wp-content\/uploads\/2025\/08\/06_Elephant_Sanctuary_ChiangMai10.webp\",\"width\":720,\"height\":540},{\"@type\":\"BreadcrumbList\",\"@id\":\"https:\/\/lunayatravel.com\/produit\/%f0%9f%90%98-cascade-collante-sanctuaire-delephants-journee-ethique-et-nature-%f0%9f%92%b0-prix-1-790-thb-adulte\/#breadcrumb\",\"itemListElement\":[{\"@type\":\"ListItem\",\"position\":1,\"name\":\"Accueil\",\"item\":\"https:\/\/lunayatravel.com\/\"},{\"@type\":\"ListItem\",\"position\":2,\"name\":\"Nos activit\u00e9s\",\"item\":\"https:\/\/lunayatravel.com\/nos-activites\/\"},{\"@type\":\"ListItem\",\"position\":3,\"name\":\"\ud83d\udc18 Cascade Collante + Sanctuaire d\u2019\u00c9l\u00e9phants \u2013 Journ\u00e9e \u00c9thique et Nature \ud83d\udcb0 Prix : 1 790 THB \/ adulte\"}]},{\"@type\":\"WebSite\",\"@id\":\"https:\/\/lunayatravel.com\/#website\",\"url\":\"https:\/\/lunayatravel.com\/\",\"name\":\"\",\"description\":\"\",\"publisher\":{\"@id\":\"https:\/\/lunayatravel.com\/#organization\"},\"potentialAction\":[{\"@type\":\"SearchAction\",\"target\":{\"@type\":\"EntryPoint\",\"urlTemplate\":\"https:\/\/lunayatravel.com\/?s={search_term_string}\"},\"query-input\":{\"@type\":\"PropertyValueSpecification\",\"valueRequired\":true,\"valueName\":\"search_term_string\"}}],\"inLanguage\":\"en-GB\"},{\"@type\":\"Organization\",\"@id\":\"https:\/\/lunayatravel.com\/#organization\",\"name\":\"Lunaya travel\",\"alternateName\":\"Lunaya travel\",\"url\":\"https:\/\/lunayatravel.com\/\",\"logo\":{\"@type\":\"ImageObject\",\"inLanguage\":\"en-GB\",\"@id\":\"https:\/\/lunayatravel.com\/#\/schema\/logo\/image\/\",\"url\":\"https:\/\/lunayatravel.com\/wp-content\/uploads\/2026\/03\/cropped-647319118_2379115739204013_337015058165053143_n.jpg\",\"contentUrl\":\"https:\/\/lunayatravel.com\/wp-content\/uploads\/2026\/03\/cropped-647319118_2379115739204013_337015058165053143_n.jpg\",\"width\":1022,\"height\":1023,\"caption\":\"Lunaya travel\"},\"image\":{\"@id\":\"https:\/\/lunayatravel.com\/#\/schema\/logo\/image\/\"},\"sameAs\":[\"https:\/\/www.facebook.com\/lunayaTravel\/\"]}]}<\/script>\n<!-- \/ Yoast SEO plugin. -->","yoast_head_json":{"title":"\ud83d\udc18 Cascade Collante + Sanctuaire d\u2019\u00c9l\u00e9phants \u2013 Journ\u00e9e \u00c9thique et Nature \ud83d\udcb0 Prix : 1 790 THB \/ adulte -","robots":{"index":"index","follow":"follow","max-snippet":"max-snippet:-1","max-image-preview":"max-image-preview:large","max-video-preview":"max-video-preview:-1"},"canonical":"https:\/\/lunayatravel.com\/en\/product\/\ud83d\udc18-cascade-collante-sanctuaire-delephants-journee-ethique-et-nature-\ud83d\udcb0-prix-1-790-thb-adulte\/","og_locale":"en_GB","og_type":"article","og_title":"\ud83d\udc18 Cascade Collante + Sanctuaire d\u2019\u00c9l\u00e9phants \u2013 Journ\u00e9e \u00c9thique et Nature \ud83d\udcb0 Prix : 1 790 THB \/ adulte -","og_description":"\ud83e\udded Description courte : Participez \u00e0 une journ\u00e9e inoubliable m\u00ealant rencontre bienveillante avec les \u00e9l\u00e9phants et aventure rafra\u00eechissante \u00e0 la c\u00e9l\u00e8bre cascade collante antid\u00e9rapante !     \ud83c\udf1f Points forts :    Visitez un sanctuaire \u00e9thique pour \u00e9l\u00e9phants    Participez aux soins : alimentation, bain et marche avec les \u00e9l\u00e9phants    Grimpez la fameuse cascade collante Bua Tong, aux parois calcaires antid\u00e9rapantes    D\u00e9jeuner local inclus    Transport aller-retour depuis Chiang Mai","og_url":"https:\/\/lunayatravel.com\/en\/product\/\ud83d\udc18-cascade-collante-sanctuaire-delephants-journee-ethique-et-nature-\ud83d\udcb0-prix-1-790-thb-adulte\/","article_publisher":"https:\/\/www.facebook.com\/lunayaTravel\/","article_modified_time":"2025-08-01T05:50:29+00:00","og_image":[{"width":720,"height":540,"url":"https:\/\/lunayatravel.com\/wp-content\/uploads\/2025\/08\/06_Elephant_Sanctuary_ChiangMai10.webp","type":"image\/webp"}],"twitter_card":"summary_large_image","schema":{"@context":"https:\/\/schema.org","@graph":[{"@type":"WebPage","@id":"https:\/\/lunayatravel.com\/produit\/%f0%9f%90%98-cascade-collante-sanctuaire-delephants-journee-ethique-et-nature-%f0%9f%92%b0-prix-1-790-thb-adulte\/","url":"https:\/\/lunayatravel.com\/produit\/%f0%9f%90%98-cascade-collante-sanctuaire-delephants-journee-ethique-et-nature-%f0%9f%92%b0-prix-1-790-thb-adulte\/","name":"\ud83d\udc18 Cascade Collante + Sanctuaire d\u2019\u00c9l\u00e9phants \u2013 Journ\u00e9e \u00c9thique et Nature \ud83d\udcb0 Prix : 1 790 THB \/ adulte -","isPartOf":{"@id":"https:\/\/lunayatravel.com\/#website"},"primaryImageOfPage":{"@id":"https:\/\/lunayatravel.com\/produit\/%f0%9f%90%98-cascade-collante-sanctuaire-delephants-journee-ethique-et-nature-%f0%9f%92%b0-prix-1-790-thb-adulte\/#primaryimage"},"image":{"@id":"https:\/\/lunayatravel.com\/produit\/%f0%9f%90%98-cascade-collante-sanctuaire-delephants-journee-ethique-et-nature-%f0%9f%92%b0-prix-1-790-thb-adulte\/#primaryimage"},"thumbnailUrl":"https:\/\/lunayatravel.com\/wp-content\/uploads\/2025\/08\/06_Elephant_Sanctuary_ChiangMai10.webp","datePublished":"2025-08-01T05:50:28+00:00","dateModified":"2025-08-01T05:50:29+00:00","breadcrumb":{"@id":"https:\/\/lunayatravel.com\/produit\/%f0%9f%90%98-cascade-collante-sanctuaire-delephants-journee-ethique-et-nature-%f0%9f%92%b0-prix-1-790-thb-adulte\/#breadcrumb"},"inLanguage":"en-GB","potentialAction":[{"@type":"ReadAction","target":["https:\/\/lunayatravel.com\/produit\/%f0%9f%90%98-cascade-collante-sanctuaire-delephants-journee-ethique-et-nature-%f0%9f%92%b0-prix-1-790-thb-adulte\/"]}]},{"@type":"ImageObject","inLanguage":"en-GB","@id":"https:\/\/lunayatravel.com\/produit\/%f0%9f%90%98-cascade-collante-sanctuaire-delephants-journee-ethique-et-nature-%f0%9f%92%b0-prix-1-790-thb-adulte\/#primaryimage","url":"https:\/\/lunayatravel.com\/wp-content\/uploads\/2025\/08\/06_Elephant_Sanctuary_ChiangMai10.webp","contentUrl":"https:\/\/lunayatravel.com\/wp-content\/uploads\/2025\/08\/06_Elephant_Sanctuary_ChiangMai10.webp","width":720,"height":540},{"@type":"BreadcrumbList","@id":"https:\/\/lunayatravel.com\/produit\/%f0%9f%90%98-cascade-collante-sanctuaire-delephants-journee-ethique-et-nature-%f0%9f%92%b0-prix-1-790-thb-adulte\/#breadcrumb","itemListElement":[{"@type":"ListItem","position":1,"name":"Accueil","item":"https:\/\/lunayatravel.com\/"},{"@type":"ListItem","position":2,"name":"Nos activit\u00e9s","item":"https:\/\/lunayatravel.com\/nos-activites\/"},{"@type":"ListItem","position":3,"name":"\ud83d\udc18 Cascade Collante + Sanctuaire d\u2019\u00c9l\u00e9phants \u2013 Journ\u00e9e \u00c9thique et Nature \ud83d\udcb0 Prix : 1 790 THB \/ adulte"}]},{"@type":"WebSite","@id":"https:\/\/lunayatravel.com\/#website","url":"https:\/\/lunayatravel.com\/","name":"","description":"","publisher":{"@id":"https:\/\/lunayatravel.com\/#organization"},"potentialAction":[{"@type":"SearchAction","target":{"@type":"EntryPoint","urlTemplate":"https:\/\/lunayatravel.com\/?s={search_term_string}"},"query-input":{"@type":"PropertyValueSpecification","valueRequired":true,"valueName":"search_term_string"}}],"inLanguage":"en-GB"},{"@type":"Organization","@id":"https:\/\/lunayatravel.com\/#organization","name":"Lunaya travel","alternateName":"Lunaya travel","url":"https:\/\/lunayatravel.com\/","logo":{"@type":"ImageObject","inLanguage":"en-GB","@id":"https:\/\/lunayatravel.com\/#\/schema\/logo\/image\/","url":"https:\/\/lunayatravel.com\/wp-content\/uploads\/2026\/03\/cropped-647319118_2379115739204013_337015058165053143_n.jpg","contentUrl":"https:\/\/lunayatravel.com\/wp-content\/uploads\/2026\/03\/cropped-647319118_2379115739204013_337015058165053143_n.jpg","width":1022,"height":1023,"caption":"Lunaya travel"},"image":{"@id":"https:\/\/lunayatravel.com\/#\/schema\/logo\/image\/"},"sameAs":["https:\/\/www.facebook.com\/lunayaTravel\/"]}]}},"uagb_featured_image_src":{"full":["https:\/\/lunayatravel.com\/wp-content\/uploads\/2025\/08\/06_Elephant_Sanctuary_ChiangMai10.webp",720,540,false],"thumbnail":["https:\/\/lunayatravel.com\/wp-content\/uploads\/2025\/08\/06_Elephant_Sanctuary_ChiangMai10-150x150.webp",150,150,true],"medium":["https:\/\/lunayatravel.com\/wp-content\/uploads\/2025\/08\/06_Elephant_Sanctuary_ChiangMai10-300x225.webp",300,225,true],"medium_large":["https:\/\/lunayatravel.com\/wp-content\/uploads\/2025\/08\/06_Elephant_Sanctuary_ChiangMai10.webp",720,540,false],"large":["https:\/\/lunayatravel.com\/wp-content\/uploads\/2025\/08\/06_Elephant_Sanctuary_ChiangMai10.webp",720,540,false],"1536x1536":["https:\/\/lunayatravel.com\/wp-content\/uploads\/2025\/08\/06_Elephant_Sanctuary_ChiangMai10.webp",720,540,false],"2048x2048":["https:\/\/lunayatravel.com\/wp-content\/uploads\/2025\/08\/06_Elephant_Sanctuary_ChiangMai10.webp",720,540,false],"trp-custom-language-flag":["https:\/\/lunayatravel.com\/wp-content\/uploads\/2025\/08\/06_Elephant_Sanctuary_ChiangMai10.webp",16,12,false],"widget-thumbnail":["https:\/\/lunayatravel.com\/wp-content\/uploads\/2025\/08\/06_Elephant_Sanctuary_ChiangMai10-75x75.webp",75,75,true],"mailpoet_newsletter_max":["https:\/\/lunayatravel.com\/wp-content\/uploads\/2025\/08\/06_Elephant_Sanctuary_ChiangMai10.webp",720,540,false],"woocommerce_thumbnail":["https:\/\/lunayatravel.com\/wp-content\/uploads\/2025\/08\/06_Elephant_Sanctuary_ChiangMai10-300x300.webp",300,300,true],"woocommerce_single":["https:\/\/lunayatravel.com\/wp-content\/uploads\/2025\/08\/06_Elephant_Sanctuary_ChiangMai10-600x450.webp",600,450,true],"woocommerce_gallery_thumbnail":["https:\/\/lunayatravel.com\/wp-content\/uploads\/2025\/08\/06_Elephant_Sanctuary_ChiangMai10-100x100.webp",100,100,true],"sow-carousel-default":["https:\/\/lunayatravel.com\/wp-content\/uploads\/2025\/08\/06_Elephant_Sanctuary_ChiangMai10-272x182.webp",272,182,true]},"uagb_author_info":{"display_name":"haemers stephanie","author_link":"https:\/\/lunayatravel.com\/en\/author\/"},"uagb_comment_info":0,"uagb_excerpt":"\ud83e\udded Description courte : Participez \u00e0 une journ\u00e9e inoubliable m\u00ealant rencontre bienveillante avec les \u00e9l\u00e9phants et aventure rafra\u00eechissante \u00e0 la c\u00e9l\u00e8bre cascade collante antid\u00e9rapante ! \ud83c\udf1f Points forts : Visitez un sanctuaire \u00e9thique pour \u00e9l\u00e9phants Participez aux soins : alimentation, bain et marche avec les \u00e9l\u00e9phants Grimpez la fameuse cascade collante Bua Tong, aux parois&hellip;","jetpack_sharing_enabled":true,"_links":{"self":[{"href":"https:\/\/lunayatravel.com\/en\/wp-json\/wp\/v2\/product\/30391","targetHints":{"allow":["GET"]}}],"collection":[{"href":"https:\/\/lunayatravel.com\/en\/wp-json\/wp\/v2\/product"}],"about":[{"href":"https:\/\/lunayatravel.com\/en\/wp-json\/wp\/v2\/types\/product"}],"replies":[{"embeddable":true,"href":"https:\/\/lunayatravel.com\/en\/wp-json\/wp\/v2\/comments?post=30391"}],"wp:featuredmedia":[{"embeddable":true,"href":"https:\/\/lunayatravel.com\/en\/wp-json\/wp\/v2\/media\/30376"}],"wp:attachment":[{"href":"https:\/\/lunayatravel.com\/en\/wp-json\/wp\/v2\/media?parent=30391"}],"wp:term":[{"taxonomy":"product_brand","embeddable":true,"href":"https:\/\/lunayatravel.com\/en\/wp-json\/wp\/v2\/product_brand?post=30391"},{"taxonomy":"product_cat","embeddable":true,"href":"https:\/\/lunayatravel.com\/en\/wp-json\/wp\/v2\/product_cat?post=30391"},{"taxonomy":"product_tag","embeddable":true,"href":"https:\/\/lunayatravel.com\/en\/wp-json\/wp\/v2\/product_tag?post=30391"}],"curies":[{"name":"wp","href":"https:\/\/api.w.org\/{rel}","templated":true}]}}