{"id":30386,"date":"2025-08-01T07:34:35","date_gmt":"2025-08-01T05:34:35","guid":{"rendered":"https:\/\/itctoursvoyages.com\/?post_type=product&#038;p=30386"},"modified":"2026-02-24T13:19:02","modified_gmt":"2026-02-24T12:19:02","slug":"%e2%9b%b0%ef%b8%8f-doi-inthanon-randonnee-pha-dok-siew-excursion-nature","status":"publish","type":"product","link":"https:\/\/lunayatravel.com\/en\/product\/%e2%9b%b0%ef%b8%8f-doi-inthanon-randonnee-pha-dok-siew-excursion-nature\/","title":{"rendered":"\u26f0\ufe0f Doi Inthanon + Pha Dok Siew hike - Nature excursion"},"content":{"rendered":"<h3 data-start=\"909\" data-end=\"942\">\ud83d\udd53 <strong data-start=\"916\" data-end=\"942\">Itinerary :<\/strong><\/h3>\n<ul data-start=\"944\" data-end=\"1404\">\n<li data-start=\"944\" data-end=\"1010\">\n<p data-start=\"946\" data-end=\"1010\"><strong data-start=\"946\" data-end=\"963\">07:00 - 07:30<\/strong> Pick-up at your hotel in Chiang Mai<\/p>\n<\/li>\n<li data-start=\"1011\" data-end=\"1054\">\n<p data-start=\"1013\" data-end=\"1054\">Visit the <strong data-start=\"1026\" data-end=\"1052\">Wachirathan waterfall<\/strong><\/p>\n<\/li>\n<li data-start=\"1055\" data-end=\"1101\">\n<p data-start=\"1057\" data-end=\"1101\">Ascent to <strong data-start=\"1067\" data-end=\"1099\">Thailand's highest point<\/strong><\/p>\n<\/li>\n<li data-start=\"1102\" data-end=\"1150\">\n<p data-start=\"1104\" data-end=\"1150\">Visit the <strong data-start=\"1115\" data-end=\"1134\">royal pagodas<\/strong> (King &amp; Queen)<\/p>\n<\/li>\n<li data-start=\"1151\" data-end=\"1196\">\n<p data-start=\"1153\" data-end=\"1196\">Discover the <strong data-start=\"1167\" data-end=\"1183\">Hmong market<\/strong> &amp; lunch<\/p>\n<\/li>\n<li data-start=\"1197\" data-end=\"1279\">\n<p data-start=\"1199\" data-end=\"1279\">2-hour walk on the nature trail of <strong data-start=\"1241\" data-end=\"1257\">Pha Dok Siew<\/strong>pause at the waterfall<\/p>\n<\/li>\n<li data-start=\"1280\" data-end=\"1364\">\n<p data-start=\"1282\" data-end=\"1364\">Visit the <strong data-start=\"1292\" data-end=\"1323\">Ban Mae Klang Luang village<\/strong>Karen tribe coffee tasting<\/p>\n<\/li>\n<li data-start=\"1365\" data-end=\"1404\">\n<p data-start=\"1367\" data-end=\"1404\"><strong data-start=\"1367\" data-end=\"1381\">Around 18:00<\/strong> Return to your hotel<\/p>\n<\/li>\n<\/ul>\n<hr data-start=\"1406\" data-end=\"1409\" \/>\n<h3 data-start=\"1411\" data-end=\"1431\">\u2705 <strong data-start=\"1417\" data-end=\"1429\">Includes :<\/strong><\/h3>\n<ul data-start=\"1432\" data-end=\"1634\">\n<li data-start=\"1432\" data-end=\"1461\">\n<p data-start=\"1434\" data-end=\"1461\">Certified English-speaking guide<\/p>\n<\/li>\n<li data-start=\"1462\" data-end=\"1522\">\n<p data-start=\"1464\" data-end=\"1522\">Return transport from Chiang Mai (free zone)<\/p>\n<\/li>\n<li data-start=\"1523\" data-end=\"1547\">\n<p data-start=\"1525\" data-end=\"1547\">Thai lunch<\/p>\n<\/li>\n<li data-start=\"1548\" data-end=\"1570\">\n<p data-start=\"1550\" data-end=\"1570\">Accident insurance<\/p>\n<\/li>\n<li data-start=\"1548\" data-end=\"1570\">Using the walking stick while walking<\/li>\n<li data-start=\"1571\" data-end=\"1634\">\n<p data-start=\"1573\" data-end=\"1634\">Entrance fees (add THB 100\/person for foreigners)<\/p>\n<\/li>\n<\/ul>\n<hr data-start=\"1636\" data-end=\"1639\" \/>\n<h3 data-start=\"1641\" data-end=\"1665\">\ud83c\udf92 <strong data-start=\"1648\" data-end=\"1663\">What to expect:<\/strong><\/h3>\n<ul data-start=\"1666\" data-end=\"1901\">\n<li data-start=\"1666\" data-end=\"1699\">\n<p data-start=\"1668\" data-end=\"1699\">Walking\/trekking shoes<\/p>\n<\/li>\n<li data-start=\"1700\" data-end=\"1755\">\n<p data-start=\"1702\" data-end=\"1755\">Swimming costume (if swimming possible at the waterfall)<\/p>\n<\/li>\n<li data-start=\"1756\" data-end=\"1826\">\n<p data-start=\"1758\" data-end=\"1826\">Covering and respectful clothing (no shorts, tank tops or flip-flops)<\/p>\n<\/li>\n<li data-start=\"1827\" data-end=\"1852\">\n<p data-start=\"1829\" data-end=\"1852\">Spare clothing<\/p>\n<\/li>\n<li data-start=\"1853\" data-end=\"1875\">\n<p data-start=\"1855\" data-end=\"1875\">Sunglasses<\/p>\n<\/li>\n<li data-start=\"1876\" data-end=\"1901\">\n<p data-start=\"1878\" data-end=\"1901\">Mosquito spray<\/p>\n<\/li>\n<\/ul>\n<p>&nbsp;<\/p>\n<ul>\n<li>We do not recommend this excursion for infants or young children, as it is a long journey involving long van journeys on winding mountain roads and around 2 hours' walking.<\/li>\n<\/ul>\n<p>&nbsp;<\/p>\n<ul>\n<li>You'll be hiking for around 2 hours over slippery, uneven terrain, so be well prepared. A reasonable level of fitness is required. If you prefer not to join the trek, you can skip it and wait for the group at the Karen village.<\/li>\n<\/ul>","protected":false},"excerpt":{"rendered":"<h3 data-start=\"236\" data-end=\"269\">\ud83e\udded <strong data-start=\"243\" data-end=\"267\">Short description:<\/strong><\/h3>\n<p data-start=\"270\" data-end=\"448\">Explore Thailand's highest peak at Doi Inthanon, hike through rice fields, forests and waterfalls, and discover the traditions of the hill tribes on the Pha Dok Siew trail.<\/p>\n<hr data-start=\"450\" data-end=\"453\" \/>\n<h3 data-start=\"455\" data-end=\"482\">\ud83c\udf1f <strong data-start=\"462\" data-end=\"480\">Highlights:<\/strong><\/h3>\n<ul data-start=\"483\" data-end=\"902\">\n<li data-start=\"483\" data-end=\"543\">\n<p data-start=\"485\" data-end=\"543\">Discover Thailand's highest point at Doi Inthanon<\/p>\n<\/li>\n<li data-start=\"544\" data-end=\"608\">\n<p data-start=\"546\" data-end=\"608\">Visit the magnificent royal pagodas of the King &amp; Queen<\/p>\n<\/li>\n<li data-start=\"609\" data-end=\"667\">\n<p data-start=\"611\" data-end=\"667\">Take a 2-hour walk along the Pha Dok Siew nature trail<\/p>\n<\/li>\n<li data-start=\"668\" data-end=\"733\">\n<p data-start=\"670\" data-end=\"733\">Swimming break (conditions permitting) at the waterfall<\/p>\n<\/li>\n<li data-start=\"734\" data-end=\"808\">\n<p data-start=\"736\" data-end=\"808\">Meeting with the Hmong and Karen tribes, and tasting of local coffee<\/p>\n<\/li>\n<li data-start=\"809\" data-end=\"859\">\n<p data-start=\"811\" data-end=\"859\">Experienced English-speaking guide + lunch included<\/p>\n<\/li>\n<li data-start=\"860\" data-end=\"902\">\n<p data-start=\"862\" data-end=\"902\">Return transfer from Chiang Mai<\/p>\n<\/li>\n<\/ul>","protected":false},"featured_media":30390,"comment_status":"open","ping_status":"closed","template":"","meta":{"_uag_custom_page_level_css":""},"product_brand":[],"product_cat":[68],"product_tag":[],"class_list":{"0":"post-30386","1":"product","2":"type-product","3":"status-publish","4":"has-post-thumbnail","6":"product_cat-chiang-mai","8":"first","9":"instock","10":"virtual","11":"taxable","12":"purchasable","13":"product-type-simple"},"yoast_head":"<!-- This site is optimized with the Yoast SEO plugin v27.1.1 - https:\/\/yoast.com\/product\/yoast-seo-wordpress\/ -->\n<title>\u26f0\ufe0f Doi Inthanon + Randonn\u00e9e Pha Dok Siew \u2013 Excursion Nature -<\/title>\n<meta name=\"robots\" content=\"index, follow, max-snippet:-1, max-image-preview:large, max-video-preview:-1\" \/>\n<link rel=\"canonical\" href=\"https:\/\/lunayatravel.com\/en\/product\/\u26f0\ufe0f-doi-inthanon-randonnee-pha-dok-siew-excursion-nature\/\" \/>\n<meta property=\"og:locale\" content=\"en_GB\" \/>\n<meta property=\"og:type\" content=\"article\" \/>\n<meta property=\"og:title\" content=\"\u26f0\ufe0f Doi Inthanon + Randonn\u00e9e Pha Dok Siew \u2013 Excursion Nature -\" \/>\n<meta property=\"og:description\" content=\"\ud83e\udded Description courte : Explore le sommet de la Tha\u00eflande \u00e0 Doi Inthanon, randonne \u00e0 travers rizi\u00e8res, for\u00eats et cascades, et d\u00e9couvre les traditions des tribus montagnardes sur le sentier Pha Dok Siew.     \ud83c\udf1f Points forts :    D\u00e9couvrez le point culminant de Tha\u00eflande \u00e0 Doi Inthanon    Visitez les magnifiques pagodes royales du Roi &amp; de la Reine    Randonnez 2h \u00e0 travers le sentier naturel Pha Dok Siew    Pause baignade (si les conditions le permettent) \u00e0 la cascade    Rencontre avec les tribus Hmong et Karen, et d\u00e9gustation de caf\u00e9 local    Guide anglophone exp\u00e9riment\u00e9 + d\u00e9jeuner inclus    Transfert aller-retour depuis Chiang Mai\" \/>\n<meta property=\"og:url\" content=\"https:\/\/lunayatravel.com\/en\/product\/\u26f0\ufe0f-doi-inthanon-randonnee-pha-dok-siew-excursion-nature\/\" \/>\n<meta property=\"article:publisher\" content=\"https:\/\/www.facebook.com\/lunayaTravel\/\" \/>\n<meta property=\"article:modified_time\" content=\"2026-02-24T12:19:02+00:00\" \/>\n<meta property=\"og:image\" content=\"https:\/\/lunayatravel.com\/wp-content\/uploads\/2025\/08\/01-13.webp\" \/>\n\t<meta property=\"og:image:width\" content=\"720\" \/>\n\t<meta property=\"og:image:height\" content=\"540\" \/>\n\t<meta property=\"og:image:type\" content=\"image\/webp\" \/>\n<meta name=\"twitter:card\" content=\"summary_large_image\" \/>\n<meta name=\"twitter:label1\" content=\"Estimated reading time\" \/>\n\t<meta name=\"twitter:data1\" content=\"1 minute\" \/>\n<script type=\"application\/ld+json\" class=\"yoast-schema-graph\">{\"@context\":\"https:\/\/schema.org\",\"@graph\":[{\"@type\":\"WebPage\",\"@id\":\"https:\/\/lunayatravel.com\/produit\/%e2%9b%b0%ef%b8%8f-doi-inthanon-randonnee-pha-dok-siew-excursion-nature\/\",\"url\":\"https:\/\/lunayatravel.com\/produit\/%e2%9b%b0%ef%b8%8f-doi-inthanon-randonnee-pha-dok-siew-excursion-nature\/\",\"name\":\"\u26f0\ufe0f Doi Inthanon + Randonn\u00e9e Pha Dok Siew \u2013 Excursion Nature -\",\"isPartOf\":{\"@id\":\"https:\/\/lunayatravel.com\/#website\"},\"primaryImageOfPage\":{\"@id\":\"https:\/\/lunayatravel.com\/produit\/%e2%9b%b0%ef%b8%8f-doi-inthanon-randonnee-pha-dok-siew-excursion-nature\/#primaryimage\"},\"image\":{\"@id\":\"https:\/\/lunayatravel.com\/produit\/%e2%9b%b0%ef%b8%8f-doi-inthanon-randonnee-pha-dok-siew-excursion-nature\/#primaryimage\"},\"thumbnailUrl\":\"https:\/\/lunayatravel.com\/wp-content\/uploads\/2025\/08\/01-13.webp\",\"datePublished\":\"2025-08-01T05:34:35+00:00\",\"dateModified\":\"2026-02-24T12:19:02+00:00\",\"breadcrumb\":{\"@id\":\"https:\/\/lunayatravel.com\/produit\/%e2%9b%b0%ef%b8%8f-doi-inthanon-randonnee-pha-dok-siew-excursion-nature\/#breadcrumb\"},\"inLanguage\":\"en-GB\",\"potentialAction\":[{\"@type\":\"ReadAction\",\"target\":[\"https:\/\/lunayatravel.com\/produit\/%e2%9b%b0%ef%b8%8f-doi-inthanon-randonnee-pha-dok-siew-excursion-nature\/\"]}]},{\"@type\":\"ImageObject\",\"inLanguage\":\"en-GB\",\"@id\":\"https:\/\/lunayatravel.com\/produit\/%e2%9b%b0%ef%b8%8f-doi-inthanon-randonnee-pha-dok-siew-excursion-nature\/#primaryimage\",\"url\":\"https:\/\/lunayatravel.com\/wp-content\/uploads\/2025\/08\/01-13.webp\",\"contentUrl\":\"https:\/\/lunayatravel.com\/wp-content\/uploads\/2025\/08\/01-13.webp\",\"width\":720,\"height\":540},{\"@type\":\"BreadcrumbList\",\"@id\":\"https:\/\/lunayatravel.com\/produit\/%e2%9b%b0%ef%b8%8f-doi-inthanon-randonnee-pha-dok-siew-excursion-nature\/#breadcrumb\",\"itemListElement\":[{\"@type\":\"ListItem\",\"position\":1,\"name\":\"Accueil\",\"item\":\"https:\/\/lunayatravel.com\/\"},{\"@type\":\"ListItem\",\"position\":2,\"name\":\"Nos activit\u00e9s\",\"item\":\"https:\/\/lunayatravel.com\/nos-activites\/\"},{\"@type\":\"ListItem\",\"position\":3,\"name\":\"\u26f0\ufe0f Doi Inthanon + Randonn\u00e9e Pha Dok Siew \u2013 Excursion Nature\"}]},{\"@type\":\"WebSite\",\"@id\":\"https:\/\/lunayatravel.com\/#website\",\"url\":\"https:\/\/lunayatravel.com\/\",\"name\":\"\",\"description\":\"\",\"publisher\":{\"@id\":\"https:\/\/lunayatravel.com\/#organization\"},\"potentialAction\":[{\"@type\":\"SearchAction\",\"target\":{\"@type\":\"EntryPoint\",\"urlTemplate\":\"https:\/\/lunayatravel.com\/?s={search_term_string}\"},\"query-input\":{\"@type\":\"PropertyValueSpecification\",\"valueRequired\":true,\"valueName\":\"search_term_string\"}}],\"inLanguage\":\"en-GB\"},{\"@type\":\"Organization\",\"@id\":\"https:\/\/lunayatravel.com\/#organization\",\"name\":\"Lunaya travel\",\"alternateName\":\"Lunaya travel\",\"url\":\"https:\/\/lunayatravel.com\/\",\"logo\":{\"@type\":\"ImageObject\",\"inLanguage\":\"en-GB\",\"@id\":\"https:\/\/lunayatravel.com\/#\/schema\/logo\/image\/\",\"url\":\"https:\/\/lunayatravel.com\/wp-content\/uploads\/2026\/03\/cropped-647319118_2379115739204013_337015058165053143_n.jpg\",\"contentUrl\":\"https:\/\/lunayatravel.com\/wp-content\/uploads\/2026\/03\/cropped-647319118_2379115739204013_337015058165053143_n.jpg\",\"width\":1022,\"height\":1023,\"caption\":\"Lunaya travel\"},\"image\":{\"@id\":\"https:\/\/lunayatravel.com\/#\/schema\/logo\/image\/\"},\"sameAs\":[\"https:\/\/www.facebook.com\/lunayaTravel\/\"]}]}<\/script>\n<!-- \/ Yoast SEO plugin. -->","yoast_head_json":{"title":"\u26f0\ufe0f Doi Inthanon + Randonn\u00e9e Pha Dok Siew \u2013 Excursion Nature -","robots":{"index":"index","follow":"follow","max-snippet":"max-snippet:-1","max-image-preview":"max-image-preview:large","max-video-preview":"max-video-preview:-1"},"canonical":"https:\/\/lunayatravel.com\/en\/product\/\u26f0\ufe0f-doi-inthanon-randonnee-pha-dok-siew-excursion-nature\/","og_locale":"en_GB","og_type":"article","og_title":"\u26f0\ufe0f Doi Inthanon + Randonn\u00e9e Pha Dok Siew \u2013 Excursion Nature -","og_description":"\ud83e\udded Description courte : Explore le sommet de la Tha\u00eflande \u00e0 Doi Inthanon, randonne \u00e0 travers rizi\u00e8res, for\u00eats et cascades, et d\u00e9couvre les traditions des tribus montagnardes sur le sentier Pha Dok Siew.     \ud83c\udf1f Points forts :    D\u00e9couvrez le point culminant de Tha\u00eflande \u00e0 Doi Inthanon    Visitez les magnifiques pagodes royales du Roi &amp; de la Reine    Randonnez 2h \u00e0 travers le sentier naturel Pha Dok Siew    Pause baignade (si les conditions le permettent) \u00e0 la cascade    Rencontre avec les tribus Hmong et Karen, et d\u00e9gustation de caf\u00e9 local    Guide anglophone exp\u00e9riment\u00e9 + d\u00e9jeuner inclus    Transfert aller-retour depuis Chiang Mai","og_url":"https:\/\/lunayatravel.com\/en\/product\/\u26f0\ufe0f-doi-inthanon-randonnee-pha-dok-siew-excursion-nature\/","article_publisher":"https:\/\/www.facebook.com\/lunayaTravel\/","article_modified_time":"2026-02-24T12:19:02+00:00","og_image":[{"width":720,"height":540,"url":"https:\/\/lunayatravel.com\/wp-content\/uploads\/2025\/08\/01-13.webp","type":"image\/webp"}],"twitter_card":"summary_large_image","twitter_misc":{"Estimated reading time":"1 minute"},"schema":{"@context":"https:\/\/schema.org","@graph":[{"@type":"WebPage","@id":"https:\/\/lunayatravel.com\/produit\/%e2%9b%b0%ef%b8%8f-doi-inthanon-randonnee-pha-dok-siew-excursion-nature\/","url":"https:\/\/lunayatravel.com\/produit\/%e2%9b%b0%ef%b8%8f-doi-inthanon-randonnee-pha-dok-siew-excursion-nature\/","name":"\u26f0\ufe0f Doi Inthanon + Randonn\u00e9e Pha Dok Siew \u2013 Excursion Nature -","isPartOf":{"@id":"https:\/\/lunayatravel.com\/#website"},"primaryImageOfPage":{"@id":"https:\/\/lunayatravel.com\/produit\/%e2%9b%b0%ef%b8%8f-doi-inthanon-randonnee-pha-dok-siew-excursion-nature\/#primaryimage"},"image":{"@id":"https:\/\/lunayatravel.com\/produit\/%e2%9b%b0%ef%b8%8f-doi-inthanon-randonnee-pha-dok-siew-excursion-nature\/#primaryimage"},"thumbnailUrl":"https:\/\/lunayatravel.com\/wp-content\/uploads\/2025\/08\/01-13.webp","datePublished":"2025-08-01T05:34:35+00:00","dateModified":"2026-02-24T12:19:02+00:00","breadcrumb":{"@id":"https:\/\/lunayatravel.com\/produit\/%e2%9b%b0%ef%b8%8f-doi-inthanon-randonnee-pha-dok-siew-excursion-nature\/#breadcrumb"},"inLanguage":"en-GB","potentialAction":[{"@type":"ReadAction","target":["https:\/\/lunayatravel.com\/produit\/%e2%9b%b0%ef%b8%8f-doi-inthanon-randonnee-pha-dok-siew-excursion-nature\/"]}]},{"@type":"ImageObject","inLanguage":"en-GB","@id":"https:\/\/lunayatravel.com\/produit\/%e2%9b%b0%ef%b8%8f-doi-inthanon-randonnee-pha-dok-siew-excursion-nature\/#primaryimage","url":"https:\/\/lunayatravel.com\/wp-content\/uploads\/2025\/08\/01-13.webp","contentUrl":"https:\/\/lunayatravel.com\/wp-content\/uploads\/2025\/08\/01-13.webp","width":720,"height":540},{"@type":"BreadcrumbList","@id":"https:\/\/lunayatravel.com\/produit\/%e2%9b%b0%ef%b8%8f-doi-inthanon-randonnee-pha-dok-siew-excursion-nature\/#breadcrumb","itemListElement":[{"@type":"ListItem","position":1,"name":"Accueil","item":"https:\/\/lunayatravel.com\/"},{"@type":"ListItem","position":2,"name":"Nos activit\u00e9s","item":"https:\/\/lunayatravel.com\/nos-activites\/"},{"@type":"ListItem","position":3,"name":"\u26f0\ufe0f Doi Inthanon + Randonn\u00e9e Pha Dok Siew \u2013 Excursion Nature"}]},{"@type":"WebSite","@id":"https:\/\/lunayatravel.com\/#website","url":"https:\/\/lunayatravel.com\/","name":"","description":"","publisher":{"@id":"https:\/\/lunayatravel.com\/#organization"},"potentialAction":[{"@type":"SearchAction","target":{"@type":"EntryPoint","urlTemplate":"https:\/\/lunayatravel.com\/?s={search_term_string}"},"query-input":{"@type":"PropertyValueSpecification","valueRequired":true,"valueName":"search_term_string"}}],"inLanguage":"en-GB"},{"@type":"Organization","@id":"https:\/\/lunayatravel.com\/#organization","name":"Lunaya travel","alternateName":"Lunaya travel","url":"https:\/\/lunayatravel.com\/","logo":{"@type":"ImageObject","inLanguage":"en-GB","@id":"https:\/\/lunayatravel.com\/#\/schema\/logo\/image\/","url":"https:\/\/lunayatravel.com\/wp-content\/uploads\/2026\/03\/cropped-647319118_2379115739204013_337015058165053143_n.jpg","contentUrl":"https:\/\/lunayatravel.com\/wp-content\/uploads\/2026\/03\/cropped-647319118_2379115739204013_337015058165053143_n.jpg","width":1022,"height":1023,"caption":"Lunaya travel"},"image":{"@id":"https:\/\/lunayatravel.com\/#\/schema\/logo\/image\/"},"sameAs":["https:\/\/www.facebook.com\/lunayaTravel\/"]}]}},"uagb_featured_image_src":{"full":["https:\/\/lunayatravel.com\/wp-content\/uploads\/2025\/08\/01-13.webp",720,540,false],"thumbnail":["https:\/\/lunayatravel.com\/wp-content\/uploads\/2025\/08\/01-13-150x150.webp",150,150,true],"medium":["https:\/\/lunayatravel.com\/wp-content\/uploads\/2025\/08\/01-13-300x225.webp",300,225,true],"medium_large":["https:\/\/lunayatravel.com\/wp-content\/uploads\/2025\/08\/01-13.webp",720,540,false],"large":["https:\/\/lunayatravel.com\/wp-content\/uploads\/2025\/08\/01-13.webp",720,540,false],"1536x1536":["https:\/\/lunayatravel.com\/wp-content\/uploads\/2025\/08\/01-13.webp",720,540,false],"2048x2048":["https:\/\/lunayatravel.com\/wp-content\/uploads\/2025\/08\/01-13.webp",720,540,false],"trp-custom-language-flag":["https:\/\/lunayatravel.com\/wp-content\/uploads\/2025\/08\/01-13.webp",16,12,false],"widget-thumbnail":["https:\/\/lunayatravel.com\/wp-content\/uploads\/2025\/08\/01-13-75x75.webp",75,75,true],"mailpoet_newsletter_max":["https:\/\/lunayatravel.com\/wp-content\/uploads\/2025\/08\/01-13.webp",720,540,false],"woocommerce_thumbnail":["https:\/\/lunayatravel.com\/wp-content\/uploads\/2025\/08\/01-13-300x300.webp",300,300,true],"woocommerce_single":["https:\/\/lunayatravel.com\/wp-content\/uploads\/2025\/08\/01-13-600x450.webp",600,450,true],"woocommerce_gallery_thumbnail":["https:\/\/lunayatravel.com\/wp-content\/uploads\/2025\/08\/01-13-100x100.webp",100,100,true],"sow-carousel-default":["https:\/\/lunayatravel.com\/wp-content\/uploads\/2025\/08\/01-13-272x182.webp",272,182,true]},"uagb_author_info":{"display_name":"haemers stephanie","author_link":"https:\/\/lunayatravel.com\/en\/author\/"},"uagb_comment_info":0,"uagb_excerpt":"\ud83e\udded Description courte : Explore le sommet de la Tha\u00eflande \u00e0 Doi Inthanon, randonne \u00e0 travers rizi\u00e8res, for\u00eats et cascades, et d\u00e9couvre les traditions des tribus montagnardes sur le sentier Pha Dok Siew. \ud83c\udf1f Points forts : D\u00e9couvrez le point culminant de Tha\u00eflande \u00e0 Doi Inthanon Visitez les magnifiques pagodes royales du Roi &amp; de&hellip;","jetpack_sharing_enabled":true,"_links":{"self":[{"href":"https:\/\/lunayatravel.com\/en\/wp-json\/wp\/v2\/product\/30386","targetHints":{"allow":["GET"]}}],"collection":[{"href":"https:\/\/lunayatravel.com\/en\/wp-json\/wp\/v2\/product"}],"about":[{"href":"https:\/\/lunayatravel.com\/en\/wp-json\/wp\/v2\/types\/product"}],"replies":[{"embeddable":true,"href":"https:\/\/lunayatravel.com\/en\/wp-json\/wp\/v2\/comments?post=30386"}],"wp:featuredmedia":[{"embeddable":true,"href":"https:\/\/lunayatravel.com\/en\/wp-json\/wp\/v2\/media\/30390"}],"wp:attachment":[{"href":"https:\/\/lunayatravel.com\/en\/wp-json\/wp\/v2\/media?parent=30386"}],"wp:term":[{"taxonomy":"product_brand","embeddable":true,"href":"https:\/\/lunayatravel.com\/en\/wp-json\/wp\/v2\/product_brand?post=30386"},{"taxonomy":"product_cat","embeddable":true,"href":"https:\/\/lunayatravel.com\/en\/wp-json\/wp\/v2\/product_cat?post=30386"},{"taxonomy":"product_tag","embeddable":true,"href":"https:\/\/lunayatravel.com\/en\/wp-json\/wp\/v2\/product_tag?post=30386"}],"curies":[{"name":"wp","href":"https:\/\/api.w.org\/{rel}","templated":true}]}}