{"id":30374,"date":"2025-08-01T07:19:59","date_gmt":"2025-08-01T05:19:59","guid":{"rendered":"https:\/\/itctoursvoyages.com\/?post_type=product&#038;p=30374"},"modified":"2025-08-01T07:19:59","modified_gmt":"2025-08-01T05:19:59","slug":"%f0%9f%90%98-sanctuaire-des-elephants-dans-la-jungle-chiang-mai","status":"publish","type":"product","link":"https:\/\/lunayatravel.com\/en\/product\/%f0%9f%90%98-sanctuaire-des-elephants-dans-la-jungle-chiang-mai\/","title":{"rendered":"\ud83d\udc18 Elephant sanctuary in the jungle - Chiang Mai"},"content":{"rendered":"<h3 data-start=\"868\" data-end=\"913\">\ud83d\udd53 <strong data-start=\"875\" data-end=\"913\">Itinerary (morning or afternoon) :<\/strong><\/h3>\n<p data-start=\"915\" data-end=\"928\"><strong data-start=\"915\" data-end=\"926\">Morning:<\/strong><\/p>\n<ul data-start=\"929\" data-end=\"1235\">\n<li data-start=\"929\" data-end=\"972\">\n<p data-start=\"931\" data-end=\"972\"><strong data-start=\"931\" data-end=\"940\">06:30<\/strong> Pick-up from your hotel<\/p>\n<\/li>\n<li data-start=\"973\" data-end=\"1046\">\n<p data-start=\"975\" data-end=\"1046\"><strong data-start=\"975\" data-end=\"984\">08:30<\/strong> Arrival at the sanctuary - presentation &amp; traditional dress<\/p>\n<\/li>\n<li data-start=\"1047\" data-end=\"1100\">\n<p data-start=\"1049\" data-end=\"1100\"><strong data-start=\"1049\" data-end=\"1058\">09:00<\/strong> Interaction &amp; feeding elephants<\/p>\n<\/li>\n<li data-start=\"1101\" data-end=\"1126\">\n<p data-start=\"1103\" data-end=\"1126\"><strong data-start=\"1103\" data-end=\"1112\">09:45<\/strong> Mud spa<\/p>\n<\/li>\n<li data-start=\"1127\" data-end=\"1175\">\n<p data-start=\"1129\" data-end=\"1175\"><strong data-start=\"1129\" data-end=\"1138\">10:30<\/strong> River bath with the elephants<\/p>\n<\/li>\n<li data-start=\"1176\" data-end=\"1200\">\n<p data-start=\"1178\" data-end=\"1200\"><strong data-start=\"1178\" data-end=\"1187\">11:30<\/strong> Thai meal<\/p>\n<\/li>\n<li data-start=\"1201\" data-end=\"1235\">\n<p data-start=\"1203\" data-end=\"1235\"><strong data-start=\"1203\" data-end=\"1212\">13:30<\/strong> Return to your hotel<\/p>\n<\/li>\n<\/ul>\n<p data-start=\"1237\" data-end=\"1255\"><strong data-start=\"1237\" data-end=\"1253\">Afternoon:<\/strong><\/p>\n<ul data-start=\"1256\" data-end=\"1511\">\n<li data-start=\"1256\" data-end=\"1299\">\n<p data-start=\"1258\" data-end=\"1299\"><strong data-start=\"1258\" data-end=\"1267\">11:30<\/strong> Pick-up from your hotel<\/p>\n<\/li>\n<li data-start=\"1300\" data-end=\"1359\">\n<p data-start=\"1302\" data-end=\"1359\"><strong data-start=\"1302\" data-end=\"1311\">13:30<\/strong> Arrival at the shrine - welcome &amp; Karen dress<\/p>\n<\/li>\n<li data-start=\"1360\" data-end=\"1399\">\n<p data-start=\"1362\" data-end=\"1399\"><strong data-start=\"1362\" data-end=\"1371\">14:00<\/strong> Interaction &amp; feeding<\/p>\n<\/li>\n<li data-start=\"1400\" data-end=\"1425\">\n<p data-start=\"1402\" data-end=\"1425\"><strong data-start=\"1402\" data-end=\"1411\">14:45<\/strong> Mud spa<\/p>\n<\/li>\n<li data-start=\"1426\" data-end=\"1455\">\n<p data-start=\"1428\" data-end=\"1455\"><strong data-start=\"1428\" data-end=\"1437\">15:30<\/strong> River bath<\/p>\n<\/li>\n<li data-start=\"1456\" data-end=\"1480\">\n<p data-start=\"1458\" data-end=\"1480\"><strong data-start=\"1458\" data-end=\"1467\">16:30<\/strong> Thai meal<\/p>\n<\/li>\n<li data-start=\"1481\" data-end=\"1511\">\n<p data-start=\"1483\" data-end=\"1511\"><strong data-start=\"1483\" data-end=\"1492\">18:30<\/strong> Back to the hotel<\/p>\n<\/li>\n<\/ul>\n<p data-start=\"1513\" data-end=\"1593\"><em data-start=\"1513\" data-end=\"1593\">\u23f3 Times may vary depending on the group and the elephants.<\/em><\/p>\n<hr data-start=\"1595\" data-end=\"1598\" \/>\n<h3 data-start=\"1600\" data-end=\"1620\">\u2705 <strong data-start=\"1606\" data-end=\"1618\">Includes :<\/strong><\/h3>\n<ul data-start=\"1621\" data-end=\"1836\">\n<li data-start=\"1621\" data-end=\"1667\">\n<p data-start=\"1623\" data-end=\"1667\">Return transport (Chiang Mai centre)<\/p>\n<\/li>\n<li data-start=\"1668\" data-end=\"1688\">\n<p data-start=\"1670\" data-end=\"1688\">English-speaking guide<\/p>\n<\/li>\n<li data-start=\"1689\" data-end=\"1722\">\n<p data-start=\"1691\" data-end=\"1722\">Online photography<\/p>\n<\/li>\n<li data-start=\"1723\" data-end=\"1752\">\n<p data-start=\"1725\" data-end=\"1752\">Food for elephants<\/p>\n<\/li>\n<li data-start=\"1753\" data-end=\"1802\">\n<p data-start=\"1755\" data-end=\"1802\">Thai meals, snacks &amp; refreshments<\/p>\n<\/li>\n<li data-start=\"1803\" data-end=\"1836\">\n<p data-start=\"1805\" data-end=\"1836\">Traditional Karen clothing<\/p>\n<\/li>\n<\/ul>\n<hr data-start=\"1838\" data-end=\"1841\" \/>\n<h3 data-start=\"1843\" data-end=\"1867\">\ud83c\udf92 <strong data-start=\"1850\" data-end=\"1865\">What to expect:<\/strong><\/h3>\n<ul data-start=\"1868\" data-end=\"2039\">\n<li data-start=\"1868\" data-end=\"1887\">\n<p data-start=\"1870\" data-end=\"1887\">Swimming costumes<\/p>\n<\/li>\n<li data-start=\"1888\" data-end=\"1940\">\n<p data-start=\"1890\" data-end=\"1940\">Shoes or sandals for walking in mud<\/p>\n<\/li>\n<li data-start=\"1941\" data-end=\"1964\">\n<p data-start=\"1943\" data-end=\"1964\">Hat \/ umbrella<\/p>\n<\/li>\n<li data-start=\"1965\" data-end=\"1999\">\n<p data-start=\"1967\" data-end=\"1999\">Towel and change of clothes<\/p>\n<\/li>\n<li data-start=\"2000\" data-end=\"2039\">\n<p data-start=\"2002\" data-end=\"2039\">Sun cream &amp; insect spray<\/p>\n<\/li>\n<\/ul>\n<hr data-start=\"2041\" data-end=\"2044\" \/>\n<h3 data-start=\"2046\" data-end=\"2075\">\ud83d\udc76 <strong data-start=\"2053\" data-end=\"2073\">Children's rates :<\/strong><\/h3>\n<ul data-start=\"2076\" data-end=\"2162\">\n<li data-start=\"2076\" data-end=\"2097\">\n<p data-start=\"2078\" data-end=\"2097\">0-2 years: free<\/p>\n<\/li>\n<li data-start=\"2098\" data-end=\"2133\">\n<p data-start=\"2100\" data-end=\"2133\">3-9 years: child rate applied<\/p>\n<\/li>\n<li data-start=\"2134\" data-end=\"2162\">\n<p data-start=\"2136\" data-end=\"2162\">10 years and over: adult rate<\/p>\n<\/li>\n<\/ul>","protected":false},"excerpt":{"rendered":"<h3 data-start=\"241\" data-end=\"274\">\ud83e\udded <strong data-start=\"248\" data-end=\"272\">Short description:<\/strong><\/h3>\n<p data-start=\"275\" data-end=\"468\">Experience an unforgettable encounter with elephants in one of Thailand's most ethical sanctuaries. No shows, no rides. Just respect, nature and lots of love.<\/p>\n<hr data-start=\"470\" data-end=\"473\" \/>\n<h3 data-start=\"475\" data-end=\"502\">\ud83c\udf1f <strong data-start=\"482\" data-end=\"500\">Highlights:<\/strong><\/h3>\n<ul data-start=\"503\" data-end=\"861\">\n<li data-start=\"503\" data-end=\"558\">\n<p data-start=\"505\" data-end=\"558\">Sanctuary 100% ethical (no riding or dressage)<\/p>\n<\/li>\n<li data-start=\"559\" data-end=\"601\">\n<p data-start=\"561\" data-end=\"601\">Mud spa and bath with the elephants<\/p>\n<\/li>\n<li data-start=\"602\" data-end=\"668\">\n<p data-start=\"604\" data-end=\"668\">Free interaction with elephants in their natural habitat<\/p>\n<\/li>\n<li data-start=\"669\" data-end=\"713\">\n<p data-start=\"671\" data-end=\"713\">English-speaking guide &amp; photographer on site<\/p>\n<\/li>\n<li data-start=\"714\" data-end=\"764\">\n<p data-start=\"716\" data-end=\"764\">Traditional Thai lunch (Pad Thai + fruit)<\/p>\n<\/li>\n<li data-start=\"765\" data-end=\"795\">\n<p data-start=\"767\" data-end=\"795\">\u2b50 Rated 4.5 on TripAdvisor<\/p>\n<\/li>\n<li data-start=\"796\" data-end=\"861\">\n<p data-start=\"798\" data-end=\"861\">Photos available online (Facebook: Elephant Jungle Sanctuary)<\/p>\n<\/li>\n<\/ul>","protected":false},"featured_media":30377,"comment_status":"open","ping_status":"closed","template":"","meta":{"_uag_custom_page_level_css":""},"product_brand":[],"product_cat":[68],"product_tag":[],"class_list":{"0":"post-30374","1":"product","2":"type-product","3":"status-publish","4":"has-post-thumbnail","6":"product_cat-chiang-mai","8":"first","9":"instock","10":"virtual","11":"taxable","12":"purchasable","13":"product-type-simple"},"yoast_head":"<!-- This site is optimized with the Yoast SEO plugin v27.1.1 - https:\/\/yoast.com\/product\/yoast-seo-wordpress\/ -->\n<title>\ud83d\udc18 Sanctuaire des \u00e9l\u00e9phants dans la jungle \u2013 Chiang Mai -<\/title>\n<meta name=\"robots\" content=\"index, follow, max-snippet:-1, max-image-preview:large, max-video-preview:-1\" \/>\n<link rel=\"canonical\" href=\"https:\/\/lunayatravel.com\/en\/product\/\ud83d\udc18-sanctuaire-des-elephants-dans-la-jungle-chiang-mai\/\" \/>\n<meta property=\"og:locale\" content=\"en_GB\" \/>\n<meta property=\"og:type\" content=\"article\" \/>\n<meta property=\"og:title\" content=\"\ud83d\udc18 Sanctuaire des \u00e9l\u00e9phants dans la jungle \u2013 Chiang Mai -\" \/>\n<meta property=\"og:description\" content=\"\ud83e\udded Description courte : Vivez une rencontre inoubliable avec les \u00e9l\u00e9phants dans l\u2019un des sanctuaires les plus \u00e9thiques de Tha\u00eflande. Pas de spectacle, pas de balade. Juste du respect, de la nature et beaucoup d\u2019amour.     \ud83c\udf1f Points forts :    Sanctuaire 100% \u00e9thique (aucune balade ni dressage)    Spa de boue et bain avec les \u00e9l\u00e9phants    Interaction libre avec les \u00e9l\u00e9phants dans leur habitat naturel    Guide anglophone &amp; photographe sur place    D\u00e9jeuner tha\u00ef traditionnel (Pad Tha\u00ef + fruits)    \u2b50 Note 4,5 sur TripAdvisor    Photos offertes en ligne (Facebook : Elephant Jungle Sanctuary)\" \/>\n<meta property=\"og:url\" content=\"https:\/\/lunayatravel.com\/en\/product\/\ud83d\udc18-sanctuaire-des-elephants-dans-la-jungle-chiang-mai\/\" \/>\n<meta property=\"article:publisher\" content=\"https:\/\/www.facebook.com\/lunayaTravel\/\" \/>\n<meta property=\"og:image\" content=\"https:\/\/lunayatravel.com\/wp-content\/uploads\/2025\/08\/04_Elephant_Sanctuary_ChiangMai2.webp\" \/>\n\t<meta property=\"og:image:width\" content=\"720\" \/>\n\t<meta property=\"og:image:height\" content=\"540\" \/>\n\t<meta property=\"og:image:type\" content=\"image\/webp\" \/>\n<meta name=\"twitter:card\" content=\"summary_large_image\" \/>\n<meta name=\"twitter:label1\" content=\"Estimated reading time\" \/>\n\t<meta name=\"twitter:data1\" content=\"1 minute\" \/>\n<script type=\"application\/ld+json\" class=\"yoast-schema-graph\">{\"@context\":\"https:\/\/schema.org\",\"@graph\":[{\"@type\":\"WebPage\",\"@id\":\"https:\/\/lunayatravel.com\/produit\/%f0%9f%90%98-sanctuaire-des-elephants-dans-la-jungle-chiang-mai\/\",\"url\":\"https:\/\/lunayatravel.com\/produit\/%f0%9f%90%98-sanctuaire-des-elephants-dans-la-jungle-chiang-mai\/\",\"name\":\"\ud83d\udc18 Sanctuaire des \u00e9l\u00e9phants dans la jungle \u2013 Chiang Mai -\",\"isPartOf\":{\"@id\":\"https:\/\/lunayatravel.com\/#website\"},\"primaryImageOfPage\":{\"@id\":\"https:\/\/lunayatravel.com\/produit\/%f0%9f%90%98-sanctuaire-des-elephants-dans-la-jungle-chiang-mai\/#primaryimage\"},\"image\":{\"@id\":\"https:\/\/lunayatravel.com\/produit\/%f0%9f%90%98-sanctuaire-des-elephants-dans-la-jungle-chiang-mai\/#primaryimage\"},\"thumbnailUrl\":\"https:\/\/lunayatravel.com\/wp-content\/uploads\/2025\/08\/04_Elephant_Sanctuary_ChiangMai2.webp\",\"datePublished\":\"2025-08-01T05:19:59+00:00\",\"breadcrumb\":{\"@id\":\"https:\/\/lunayatravel.com\/produit\/%f0%9f%90%98-sanctuaire-des-elephants-dans-la-jungle-chiang-mai\/#breadcrumb\"},\"inLanguage\":\"en-GB\",\"potentialAction\":[{\"@type\":\"ReadAction\",\"target\":[\"https:\/\/lunayatravel.com\/produit\/%f0%9f%90%98-sanctuaire-des-elephants-dans-la-jungle-chiang-mai\/\"]}]},{\"@type\":\"ImageObject\",\"inLanguage\":\"en-GB\",\"@id\":\"https:\/\/lunayatravel.com\/produit\/%f0%9f%90%98-sanctuaire-des-elephants-dans-la-jungle-chiang-mai\/#primaryimage\",\"url\":\"https:\/\/lunayatravel.com\/wp-content\/uploads\/2025\/08\/04_Elephant_Sanctuary_ChiangMai2.webp\",\"contentUrl\":\"https:\/\/lunayatravel.com\/wp-content\/uploads\/2025\/08\/04_Elephant_Sanctuary_ChiangMai2.webp\",\"width\":720,\"height\":540},{\"@type\":\"BreadcrumbList\",\"@id\":\"https:\/\/lunayatravel.com\/produit\/%f0%9f%90%98-sanctuaire-des-elephants-dans-la-jungle-chiang-mai\/#breadcrumb\",\"itemListElement\":[{\"@type\":\"ListItem\",\"position\":1,\"name\":\"Accueil\",\"item\":\"https:\/\/lunayatravel.com\/\"},{\"@type\":\"ListItem\",\"position\":2,\"name\":\"Nos activit\u00e9s\",\"item\":\"https:\/\/lunayatravel.com\/nos-activites\/\"},{\"@type\":\"ListItem\",\"position\":3,\"name\":\"\ud83d\udc18 Sanctuaire des \u00e9l\u00e9phants dans la jungle \u2013 Chiang Mai\"}]},{\"@type\":\"WebSite\",\"@id\":\"https:\/\/lunayatravel.com\/#website\",\"url\":\"https:\/\/lunayatravel.com\/\",\"name\":\"\",\"description\":\"\",\"publisher\":{\"@id\":\"https:\/\/lunayatravel.com\/#organization\"},\"potentialAction\":[{\"@type\":\"SearchAction\",\"target\":{\"@type\":\"EntryPoint\",\"urlTemplate\":\"https:\/\/lunayatravel.com\/?s={search_term_string}\"},\"query-input\":{\"@type\":\"PropertyValueSpecification\",\"valueRequired\":true,\"valueName\":\"search_term_string\"}}],\"inLanguage\":\"en-GB\"},{\"@type\":\"Organization\",\"@id\":\"https:\/\/lunayatravel.com\/#organization\",\"name\":\"Lunaya travel\",\"alternateName\":\"Lunaya travel\",\"url\":\"https:\/\/lunayatravel.com\/\",\"logo\":{\"@type\":\"ImageObject\",\"inLanguage\":\"en-GB\",\"@id\":\"https:\/\/lunayatravel.com\/#\/schema\/logo\/image\/\",\"url\":\"https:\/\/lunayatravel.com\/wp-content\/uploads\/2026\/03\/cropped-647319118_2379115739204013_337015058165053143_n.jpg\",\"contentUrl\":\"https:\/\/lunayatravel.com\/wp-content\/uploads\/2026\/03\/cropped-647319118_2379115739204013_337015058165053143_n.jpg\",\"width\":1022,\"height\":1023,\"caption\":\"Lunaya travel\"},\"image\":{\"@id\":\"https:\/\/lunayatravel.com\/#\/schema\/logo\/image\/\"},\"sameAs\":[\"https:\/\/www.facebook.com\/lunayaTravel\/\"]}]}<\/script>\n<!-- \/ Yoast SEO plugin. -->","yoast_head_json":{"title":"\ud83d\udc18 Sanctuaire des \u00e9l\u00e9phants dans la jungle \u2013 Chiang Mai -","robots":{"index":"index","follow":"follow","max-snippet":"max-snippet:-1","max-image-preview":"max-image-preview:large","max-video-preview":"max-video-preview:-1"},"canonical":"https:\/\/lunayatravel.com\/en\/product\/\ud83d\udc18-sanctuaire-des-elephants-dans-la-jungle-chiang-mai\/","og_locale":"en_GB","og_type":"article","og_title":"\ud83d\udc18 Sanctuaire des \u00e9l\u00e9phants dans la jungle \u2013 Chiang Mai -","og_description":"\ud83e\udded Description courte : Vivez une rencontre inoubliable avec les \u00e9l\u00e9phants dans l\u2019un des sanctuaires les plus \u00e9thiques de Tha\u00eflande. Pas de spectacle, pas de balade. Juste du respect, de la nature et beaucoup d\u2019amour.     \ud83c\udf1f Points forts :    Sanctuaire 100% \u00e9thique (aucune balade ni dressage)    Spa de boue et bain avec les \u00e9l\u00e9phants    Interaction libre avec les \u00e9l\u00e9phants dans leur habitat naturel    Guide anglophone &amp; photographe sur place    D\u00e9jeuner tha\u00ef traditionnel (Pad Tha\u00ef + fruits)    \u2b50 Note 4,5 sur TripAdvisor    Photos offertes en ligne (Facebook : Elephant Jungle Sanctuary)","og_url":"https:\/\/lunayatravel.com\/en\/product\/\ud83d\udc18-sanctuaire-des-elephants-dans-la-jungle-chiang-mai\/","article_publisher":"https:\/\/www.facebook.com\/lunayaTravel\/","og_image":[{"width":720,"height":540,"url":"https:\/\/lunayatravel.com\/wp-content\/uploads\/2025\/08\/04_Elephant_Sanctuary_ChiangMai2.webp","type":"image\/webp"}],"twitter_card":"summary_large_image","twitter_misc":{"Estimated reading time":"1 minute"},"schema":{"@context":"https:\/\/schema.org","@graph":[{"@type":"WebPage","@id":"https:\/\/lunayatravel.com\/produit\/%f0%9f%90%98-sanctuaire-des-elephants-dans-la-jungle-chiang-mai\/","url":"https:\/\/lunayatravel.com\/produit\/%f0%9f%90%98-sanctuaire-des-elephants-dans-la-jungle-chiang-mai\/","name":"\ud83d\udc18 Sanctuaire des \u00e9l\u00e9phants dans la jungle \u2013 Chiang Mai -","isPartOf":{"@id":"https:\/\/lunayatravel.com\/#website"},"primaryImageOfPage":{"@id":"https:\/\/lunayatravel.com\/produit\/%f0%9f%90%98-sanctuaire-des-elephants-dans-la-jungle-chiang-mai\/#primaryimage"},"image":{"@id":"https:\/\/lunayatravel.com\/produit\/%f0%9f%90%98-sanctuaire-des-elephants-dans-la-jungle-chiang-mai\/#primaryimage"},"thumbnailUrl":"https:\/\/lunayatravel.com\/wp-content\/uploads\/2025\/08\/04_Elephant_Sanctuary_ChiangMai2.webp","datePublished":"2025-08-01T05:19:59+00:00","breadcrumb":{"@id":"https:\/\/lunayatravel.com\/produit\/%f0%9f%90%98-sanctuaire-des-elephants-dans-la-jungle-chiang-mai\/#breadcrumb"},"inLanguage":"en-GB","potentialAction":[{"@type":"ReadAction","target":["https:\/\/lunayatravel.com\/produit\/%f0%9f%90%98-sanctuaire-des-elephants-dans-la-jungle-chiang-mai\/"]}]},{"@type":"ImageObject","inLanguage":"en-GB","@id":"https:\/\/lunayatravel.com\/produit\/%f0%9f%90%98-sanctuaire-des-elephants-dans-la-jungle-chiang-mai\/#primaryimage","url":"https:\/\/lunayatravel.com\/wp-content\/uploads\/2025\/08\/04_Elephant_Sanctuary_ChiangMai2.webp","contentUrl":"https:\/\/lunayatravel.com\/wp-content\/uploads\/2025\/08\/04_Elephant_Sanctuary_ChiangMai2.webp","width":720,"height":540},{"@type":"BreadcrumbList","@id":"https:\/\/lunayatravel.com\/produit\/%f0%9f%90%98-sanctuaire-des-elephants-dans-la-jungle-chiang-mai\/#breadcrumb","itemListElement":[{"@type":"ListItem","position":1,"name":"Accueil","item":"https:\/\/lunayatravel.com\/"},{"@type":"ListItem","position":2,"name":"Nos activit\u00e9s","item":"https:\/\/lunayatravel.com\/nos-activites\/"},{"@type":"ListItem","position":3,"name":"\ud83d\udc18 Sanctuaire des \u00e9l\u00e9phants dans la jungle \u2013 Chiang Mai"}]},{"@type":"WebSite","@id":"https:\/\/lunayatravel.com\/#website","url":"https:\/\/lunayatravel.com\/","name":"","description":"","publisher":{"@id":"https:\/\/lunayatravel.com\/#organization"},"potentialAction":[{"@type":"SearchAction","target":{"@type":"EntryPoint","urlTemplate":"https:\/\/lunayatravel.com\/?s={search_term_string}"},"query-input":{"@type":"PropertyValueSpecification","valueRequired":true,"valueName":"search_term_string"}}],"inLanguage":"en-GB"},{"@type":"Organization","@id":"https:\/\/lunayatravel.com\/#organization","name":"Lunaya travel","alternateName":"Lunaya travel","url":"https:\/\/lunayatravel.com\/","logo":{"@type":"ImageObject","inLanguage":"en-GB","@id":"https:\/\/lunayatravel.com\/#\/schema\/logo\/image\/","url":"https:\/\/lunayatravel.com\/wp-content\/uploads\/2026\/03\/cropped-647319118_2379115739204013_337015058165053143_n.jpg","contentUrl":"https:\/\/lunayatravel.com\/wp-content\/uploads\/2026\/03\/cropped-647319118_2379115739204013_337015058165053143_n.jpg","width":1022,"height":1023,"caption":"Lunaya travel"},"image":{"@id":"https:\/\/lunayatravel.com\/#\/schema\/logo\/image\/"},"sameAs":["https:\/\/www.facebook.com\/lunayaTravel\/"]}]}},"uagb_featured_image_src":{"full":["https:\/\/lunayatravel.com\/wp-content\/uploads\/2025\/08\/04_Elephant_Sanctuary_ChiangMai2.webp",720,540,false],"thumbnail":["https:\/\/lunayatravel.com\/wp-content\/uploads\/2025\/08\/04_Elephant_Sanctuary_ChiangMai2-150x150.webp",150,150,true],"medium":["https:\/\/lunayatravel.com\/wp-content\/uploads\/2025\/08\/04_Elephant_Sanctuary_ChiangMai2-300x225.webp",300,225,true],"medium_large":["https:\/\/lunayatravel.com\/wp-content\/uploads\/2025\/08\/04_Elephant_Sanctuary_ChiangMai2.webp",720,540,false],"large":["https:\/\/lunayatravel.com\/wp-content\/uploads\/2025\/08\/04_Elephant_Sanctuary_ChiangMai2.webp",720,540,false],"1536x1536":["https:\/\/lunayatravel.com\/wp-content\/uploads\/2025\/08\/04_Elephant_Sanctuary_ChiangMai2.webp",720,540,false],"2048x2048":["https:\/\/lunayatravel.com\/wp-content\/uploads\/2025\/08\/04_Elephant_Sanctuary_ChiangMai2.webp",720,540,false],"trp-custom-language-flag":["https:\/\/lunayatravel.com\/wp-content\/uploads\/2025\/08\/04_Elephant_Sanctuary_ChiangMai2.webp",16,12,false],"widget-thumbnail":["https:\/\/lunayatravel.com\/wp-content\/uploads\/2025\/08\/04_Elephant_Sanctuary_ChiangMai2-75x75.webp",75,75,true],"mailpoet_newsletter_max":["https:\/\/lunayatravel.com\/wp-content\/uploads\/2025\/08\/04_Elephant_Sanctuary_ChiangMai2.webp",720,540,false],"woocommerce_thumbnail":["https:\/\/lunayatravel.com\/wp-content\/uploads\/2025\/08\/04_Elephant_Sanctuary_ChiangMai2-300x300.webp",300,300,true],"woocommerce_single":["https:\/\/lunayatravel.com\/wp-content\/uploads\/2025\/08\/04_Elephant_Sanctuary_ChiangMai2-600x450.webp",600,450,true],"woocommerce_gallery_thumbnail":["https:\/\/lunayatravel.com\/wp-content\/uploads\/2025\/08\/04_Elephant_Sanctuary_ChiangMai2-100x100.webp",100,100,true],"sow-carousel-default":["https:\/\/lunayatravel.com\/wp-content\/uploads\/2025\/08\/04_Elephant_Sanctuary_ChiangMai2-272x182.webp",272,182,true]},"uagb_author_info":{"display_name":"haemers stephanie","author_link":"https:\/\/lunayatravel.com\/en\/author\/"},"uagb_comment_info":0,"uagb_excerpt":"\ud83e\udded Description courte : Vivez une rencontre inoubliable avec les \u00e9l\u00e9phants dans l\u2019un des sanctuaires les plus \u00e9thiques de Tha\u00eflande. Pas de spectacle, pas de balade. Juste du respect, de la nature et beaucoup d\u2019amour. \ud83c\udf1f Points forts : Sanctuaire 100% \u00e9thique (aucune balade ni dressage) Spa de boue et bain avec les \u00e9l\u00e9phants Interaction&hellip;","jetpack_sharing_enabled":true,"_links":{"self":[{"href":"https:\/\/lunayatravel.com\/en\/wp-json\/wp\/v2\/product\/30374","targetHints":{"allow":["GET"]}}],"collection":[{"href":"https:\/\/lunayatravel.com\/en\/wp-json\/wp\/v2\/product"}],"about":[{"href":"https:\/\/lunayatravel.com\/en\/wp-json\/wp\/v2\/types\/product"}],"replies":[{"embeddable":true,"href":"https:\/\/lunayatravel.com\/en\/wp-json\/wp\/v2\/comments?post=30374"}],"wp:featuredmedia":[{"embeddable":true,"href":"https:\/\/lunayatravel.com\/en\/wp-json\/wp\/v2\/media\/30377"}],"wp:attachment":[{"href":"https:\/\/lunayatravel.com\/en\/wp-json\/wp\/v2\/media?parent=30374"}],"wp:term":[{"taxonomy":"product_brand","embeddable":true,"href":"https:\/\/lunayatravel.com\/en\/wp-json\/wp\/v2\/product_brand?post=30374"},{"taxonomy":"product_cat","embeddable":true,"href":"https:\/\/lunayatravel.com\/en\/wp-json\/wp\/v2\/product_cat?post=30374"},{"taxonomy":"product_tag","embeddable":true,"href":"https:\/\/lunayatravel.com\/en\/wp-json\/wp\/v2\/product_tag?post=30374"}],"curies":[{"name":"wp","href":"https:\/\/api.w.org\/{rel}","templated":true}]}}