{"id":30369,"date":"2025-08-01T07:15:06","date_gmt":"2025-08-01T05:15:06","guid":{"rendered":"https:\/\/itctoursvoyages.com\/?post_type=product&#038;p=30369"},"modified":"2025-08-01T07:15:06","modified_gmt":"2025-08-01T05:15:06","slug":"%f0%9f%8c%b2-tyrolienne-geante-kingkong-smile-la-plus-longue-et-haute-dasie","status":"publish","type":"product","link":"https:\/\/lunayatravel.com\/en\/product\/%f0%9f%8c%b2-tyrolienne-geante-kingkong-smile-la-plus-longue-et-haute-dasie\/","title":{"rendered":"\ud83c\udf32 KingKong Smile giant zip line - The longest and highest in Asia!"},"content":{"rendered":"<h3 data-start=\"851\" data-end=\"891\">\ud83e\uddd7\u200d\u2642\ufe0f <strong data-start=\"861\" data-end=\"889\">Programmes available :<\/strong><\/h3>\n<p data-start=\"892\" data-end=\"1062\"><strong data-start=\"892\" data-end=\"907\">\u2714\ufe0f Ultimate<\/strong> 19 platforms (3,600 m flight)<br data-start=\"941\" data-end=\"944\" \/><strong data-start=\"944\" data-end=\"958\">\u2714\ufe0f Extreme<\/strong> 38 platforms (with 1,200 m zip line)<br data-start=\"1004\" data-end=\"1007\" \/>\n<\/p>\n<hr data-start=\"1064\" data-end=\"1067\" \/>\n<h3 data-start=\"1069\" data-end=\"1119\">\ud83d\udd53 <strong data-start=\"1076\" data-end=\"1117\">Itinerary (approximate times) :<\/strong><\/h3>\n<h4 data-start=\"1120\" data-end=\"1163\"><em data-start=\"1125\" data-end=\"1161\">Ultimate (3,600 m, 19 platforms)<\/em><\/h4>\n<ul data-start=\"1164\" data-end=\"1375\">\n<li data-start=\"1164\" data-end=\"1221\">\n<p data-start=\"1166\" data-end=\"1221\"><strong data-start=\"1166\" data-end=\"1191\">07:00 \/ 12:00 \/ 13:00<\/strong> Hotel pick-up<\/p>\n<\/li>\n<li data-start=\"1222\" data-end=\"1273\">\n<p data-start=\"1224\" data-end=\"1273\"><strong data-start=\"1224\" data-end=\"1249\">09:00 \/ 14:00 \/ 15:00<\/strong> Start of activity<\/p>\n<\/li>\n<li data-start=\"1274\" data-end=\"1324\">\n<p data-start=\"1276\" data-end=\"1324\"><strong data-start=\"1276\" data-end=\"1301\">11:00 \/ 16:00 \/ 17:00<\/strong> Thai buffet<\/p>\n<\/li>\n<li data-start=\"1325\" data-end=\"1375\">\n<p data-start=\"1327\" data-end=\"1375\"><strong data-start=\"1327\" data-end=\"1352\">13:00 \/ 18:30 \/ 19:00<\/strong> Return to your hotel<\/p>\n<\/li>\n<\/ul>\n<h4 data-start=\"1377\" data-end=\"1419\"><em data-start=\"1382\" data-end=\"1417\">Extreme (1,200 m, 38 platforms)<\/em><\/h4>\n<ul data-start=\"1420\" data-end=\"1631\">\n<li data-start=\"1420\" data-end=\"1477\">\n<p data-start=\"1422\" data-end=\"1477\"><strong data-start=\"1422\" data-end=\"1447\">07:00 \/ 12:00 \/ 13:00<\/strong> Hotel pick-up<\/p>\n<\/li>\n<li data-start=\"1478\" data-end=\"1529\">\n<p data-start=\"1480\" data-end=\"1529\"><strong data-start=\"1480\" data-end=\"1505\">09:00 \/ 14:00 \/ 15:00<\/strong> Start of activity<\/p>\n<\/li>\n<li data-start=\"1530\" data-end=\"1580\">\n<p data-start=\"1532\" data-end=\"1580\"><strong data-start=\"1532\" data-end=\"1557\">12:00 \/ 17:00 \/ 18:00<\/strong> Thai buffet<\/p>\n<\/li>\n<li data-start=\"1581\" data-end=\"1631\">\n<p data-start=\"1583\" data-end=\"1631\"><strong data-start=\"1583\" data-end=\"1608\">14:00 \/ 19:00 \/ 20:00<\/strong> Return to your hotel<\/p>\n<\/li>\n<\/ul>\n<hr data-start=\"1633\" data-end=\"1636\" \/>\n<h3 data-start=\"1638\" data-end=\"1658\">\u2705 <strong data-start=\"1644\" data-end=\"1656\">Includes :<\/strong><\/h3>\n<ul data-start=\"1659\" data-end=\"1907\">\n<li data-start=\"1659\" data-end=\"1712\">\n<p data-start=\"1661\" data-end=\"1712\">Tyrolean traverse programme chosen (Ultimate or Extreme)<\/p>\n<\/li>\n<li data-start=\"1713\" data-end=\"1788\">\n<p data-start=\"1715\" data-end=\"1788\">Return transfer from Chiang Mai (except \"no transfer\" option)<\/p>\n<\/li>\n<li data-start=\"1789\" data-end=\"1838\">\n<p data-start=\"1791\" data-end=\"1838\">Thai buffet (except \"no meal\" option)<\/p>\n<\/li>\n<li data-start=\"1839\" data-end=\"1854\">\n<p data-start=\"1841\" data-end=\"1854\">New gloves<\/p>\n<\/li>\n<li data-start=\"1855\" data-end=\"1876\">\n<p data-start=\"1857\" data-end=\"1876\">1 bottle of water<\/p>\n<\/li>\n<li data-start=\"1877\" data-end=\"1907\">\n<p data-start=\"1879\" data-end=\"1907\">First aid insurance<\/p>\n<\/li>\n<\/ul>\n<hr data-start=\"1909\" data-end=\"1912\" \/>\n<h3 data-start=\"1914\" data-end=\"1959\">\ud83e\uddcd\u200d\u2642\ufe0f <strong data-start=\"1924\" data-end=\"1957\">Conditions of participation :<\/strong><\/h3>\n<ul data-start=\"1960\" data-end=\"2065\">\n<li data-start=\"1960\" data-end=\"1981\">\n<p data-start=\"1962\" data-end=\"1981\">Age: 10 to 65<\/p>\n<\/li>\n<li data-start=\"1982\" data-end=\"2004\">\n<p data-start=\"1984\" data-end=\"2004\">Maximum weight: 110 kg<\/p>\n<\/li>\n<li data-start=\"2005\" data-end=\"2028\">\n<p data-start=\"2007\" data-end=\"2028\">Minimum height: 120 cm<\/p>\n<\/li>\n<li data-start=\"2029\" data-end=\"2065\">\n<p data-start=\"2031\" data-end=\"2065\">Good physical condition required<\/p>\n<\/li>\n<\/ul>\n<hr data-start=\"2067\" data-end=\"2070\" \/>\n<h3 data-start=\"2072\" data-end=\"2096\">\ud83c\udf92 <strong data-start=\"2079\" data-end=\"2094\">What to expect:<\/strong><\/h3>\n<ul data-start=\"2097\" data-end=\"2208\">\n<li data-start=\"2097\" data-end=\"2127\">\n<p data-start=\"2099\" data-end=\"2127\">Trousers + long sleeves<\/p>\n<\/li>\n<li data-start=\"2128\" data-end=\"2151\">\n<p data-start=\"2130\" data-end=\"2151\">Sports shoes<\/p>\n<\/li>\n<li data-start=\"2152\" data-end=\"2185\">\n<p data-start=\"2154\" data-end=\"2185\">Sun cream, mosquito repellent<\/p>\n<\/li>\n<li data-start=\"2186\" data-end=\"2208\">\n<p data-start=\"2188\" data-end=\"2208\">Sunglasses<\/p>\n<\/li>\n<\/ul>","protected":false},"excerpt":{"rendered":"<h3 data-start=\"288\" data-end=\"321\">\ud83e\udded <strong data-start=\"295\" data-end=\"319\">Short description:<\/strong><\/h3>\n<p data-start=\"322\" data-end=\"517\">Defy gravity above the mountains of Chiang Mai on Asia's longest zip line (up to 1,200 metres!). An experience between sky and forest, combining thrills, nature and fun.<\/p>\n<hr data-start=\"519\" data-end=\"522\" \/>\n<h3 data-start=\"524\" data-end=\"551\">\ud83c\udf1f <strong data-start=\"531\" data-end=\"549\">Highlights:<\/strong><\/h3>\n<ul data-start=\"552\" data-end=\"844\">\n<li data-start=\"552\" data-end=\"622\">\n<p data-start=\"554\" data-end=\"622\">Giant Tyrolean traverse <strong data-start=\"575\" data-end=\"591\">3,600 metres<\/strong> long (Ultimate programme)<\/p>\n<\/li>\n<li data-start=\"623\" data-end=\"700\">\n<p data-start=\"625\" data-end=\"700\">Suspension bridges, nets and spiral staircases to test your agility<\/p>\n<\/li>\n<li data-start=\"701\" data-end=\"754\">\n<p data-start=\"703\" data-end=\"754\">Breathtaking views of the mountainous rainforest<\/p>\n<\/li>\n<li data-start=\"755\" data-end=\"799\">\n<p data-start=\"757\" data-end=\"799\">Thai buffet included according to option<\/p>\n<\/li>\n<li data-start=\"800\" data-end=\"844\">\n<p data-start=\"802\" data-end=\"844\">Suitable for families, friends and adventurers<\/p>\n<\/li>\n<\/ul>","protected":false},"featured_media":30371,"comment_status":"open","ping_status":"closed","template":"","meta":{"_uag_custom_page_level_css":""},"product_brand":[],"product_cat":[68],"product_tag":[],"class_list":{"0":"post-30369","1":"product","2":"type-product","3":"status-publish","4":"has-post-thumbnail","6":"product_cat-chiang-mai","8":"first","9":"instock","10":"virtual","11":"taxable","12":"purchasable","13":"product-type-simple"},"yoast_head":"<!-- This site is optimized with the Yoast SEO plugin v27.1.1 - https:\/\/yoast.com\/product\/yoast-seo-wordpress\/ -->\n<title>\ud83c\udf32 Tyrolienne g\u00e9ante KingKong Smile \u2013 La plus longue et haute d\u2019Asie ! -<\/title>\n<meta name=\"robots\" content=\"index, follow, max-snippet:-1, max-image-preview:large, max-video-preview:-1\" \/>\n<link rel=\"canonical\" href=\"https:\/\/lunayatravel.com\/en\/product\/\ud83c\udf32-tyrolienne-geante-kingkong-smile-la-plus-longue-et-haute-dasie\/\" \/>\n<meta property=\"og:locale\" content=\"en_GB\" \/>\n<meta property=\"og:type\" content=\"article\" \/>\n<meta property=\"og:title\" content=\"\ud83c\udf32 Tyrolienne g\u00e9ante KingKong Smile \u2013 La plus longue et haute d\u2019Asie ! -\" \/>\n<meta property=\"og:description\" content=\"\ud83e\udded Description courte : D\u00e9fiez la gravit\u00e9 au-dessus des montagnes de Chiang Mai avec la tyrolienne la plus longue d\u2019Asie (jusqu\u2019\u00e0 1 200 m\u00e8tres !). Une exp\u00e9rience entre ciel et for\u00eat m\u00ealant frissons, nature et amusement.     \ud83c\udf1f Points forts :    Tyrolienne g\u00e9ante de 3 600 m\u00e8tres de long (programme Ultimate)    Ponts suspendus, filets, escaliers en colima\u00e7on pour tester votre agilit\u00e9    Vue imprenable sur la for\u00eat tropicale montagneuse    Buffet tha\u00eflandais inclus selon l\u2019option    Convient aux familles, amis, aventuriers\" \/>\n<meta property=\"og:url\" content=\"https:\/\/lunayatravel.com\/en\/product\/\ud83c\udf32-tyrolienne-geante-kingkong-smile-la-plus-longue-et-haute-dasie\/\" \/>\n<meta property=\"article:publisher\" content=\"https:\/\/www.facebook.com\/lunayaTravel\/\" \/>\n<meta property=\"og:image\" content=\"https:\/\/lunayatravel.com\/wp-content\/uploads\/2025\/08\/08-2.webp\" \/>\n\t<meta property=\"og:image:width\" content=\"720\" \/>\n\t<meta property=\"og:image:height\" content=\"540\" \/>\n\t<meta property=\"og:image:type\" content=\"image\/webp\" \/>\n<meta name=\"twitter:card\" content=\"summary_large_image\" \/>\n<meta name=\"twitter:label1\" content=\"Estimated reading time\" \/>\n\t<meta name=\"twitter:data1\" content=\"1 minute\" \/>\n<script type=\"application\/ld+json\" class=\"yoast-schema-graph\">{\"@context\":\"https:\/\/schema.org\",\"@graph\":[{\"@type\":\"WebPage\",\"@id\":\"https:\/\/lunayatravel.com\/en\/product\/%f0%9f%8c%b2-tyrolienne-geante-kingkong-smile-la-plus-longue-et-haute-dasie\/\",\"url\":\"https:\/\/lunayatravel.com\/en\/product\/%f0%9f%8c%b2-tyrolienne-geante-kingkong-smile-la-plus-longue-et-haute-dasie\/\",\"name\":\"\ud83c\udf32 Tyrolienne g\u00e9ante KingKong Smile \u2013 La plus longue et haute d\u2019Asie ! -\",\"isPartOf\":{\"@id\":\"https:\/\/lunayatravel.com\/#website\"},\"primaryImageOfPage\":{\"@id\":\"https:\/\/lunayatravel.com\/en\/product\/%f0%9f%8c%b2-tyrolienne-geante-kingkong-smile-la-plus-longue-et-haute-dasie\/#primaryimage\"},\"image\":{\"@id\":\"https:\/\/lunayatravel.com\/en\/product\/%f0%9f%8c%b2-tyrolienne-geante-kingkong-smile-la-plus-longue-et-haute-dasie\/#primaryimage\"},\"thumbnailUrl\":\"https:\/\/lunayatravel.com\/wp-content\/uploads\/2025\/08\/08-2.webp\",\"datePublished\":\"2025-08-01T05:15:06+00:00\",\"breadcrumb\":{\"@id\":\"https:\/\/lunayatravel.com\/en\/product\/%f0%9f%8c%b2-tyrolienne-geante-kingkong-smile-la-plus-longue-et-haute-dasie\/#breadcrumb\"},\"inLanguage\":\"en-GB\",\"potentialAction\":[{\"@type\":\"ReadAction\",\"target\":[\"https:\/\/lunayatravel.com\/en\/product\/%f0%9f%8c%b2-tyrolienne-geante-kingkong-smile-la-plus-longue-et-haute-dasie\/\"]}]},{\"@type\":\"ImageObject\",\"inLanguage\":\"en-GB\",\"@id\":\"https:\/\/lunayatravel.com\/en\/product\/%f0%9f%8c%b2-tyrolienne-geante-kingkong-smile-la-plus-longue-et-haute-dasie\/#primaryimage\",\"url\":\"https:\/\/lunayatravel.com\/wp-content\/uploads\/2025\/08\/08-2.webp\",\"contentUrl\":\"https:\/\/lunayatravel.com\/wp-content\/uploads\/2025\/08\/08-2.webp\",\"width\":720,\"height\":540},{\"@type\":\"BreadcrumbList\",\"@id\":\"https:\/\/lunayatravel.com\/en\/product\/%f0%9f%8c%b2-tyrolienne-geante-kingkong-smile-la-plus-longue-et-haute-dasie\/#breadcrumb\",\"itemListElement\":[{\"@type\":\"ListItem\",\"position\":1,\"name\":\"Accueil\",\"item\":\"https:\/\/lunayatravel.com\/\"},{\"@type\":\"ListItem\",\"position\":2,\"name\":\"Nos activit\u00e9s\",\"item\":\"https:\/\/lunayatravel.com\/nos-activites\/\"},{\"@type\":\"ListItem\",\"position\":3,\"name\":\"\ud83c\udf32 Tyrolienne g\u00e9ante KingKong Smile \u2013 La plus longue et haute d\u2019Asie !\"}]},{\"@type\":\"WebSite\",\"@id\":\"https:\/\/lunayatravel.com\/#website\",\"url\":\"https:\/\/lunayatravel.com\/\",\"name\":\"\",\"description\":\"\",\"publisher\":{\"@id\":\"https:\/\/lunayatravel.com\/#organization\"},\"potentialAction\":[{\"@type\":\"SearchAction\",\"target\":{\"@type\":\"EntryPoint\",\"urlTemplate\":\"https:\/\/lunayatravel.com\/?s={search_term_string}\"},\"query-input\":{\"@type\":\"PropertyValueSpecification\",\"valueRequired\":true,\"valueName\":\"search_term_string\"}}],\"inLanguage\":\"en-GB\"},{\"@type\":\"Organization\",\"@id\":\"https:\/\/lunayatravel.com\/#organization\",\"name\":\"Lunaya travel\",\"alternateName\":\"Lunaya travel\",\"url\":\"https:\/\/lunayatravel.com\/\",\"logo\":{\"@type\":\"ImageObject\",\"inLanguage\":\"en-GB\",\"@id\":\"https:\/\/lunayatravel.com\/#\/schema\/logo\/image\/\",\"url\":\"https:\/\/lunayatravel.com\/wp-content\/uploads\/2026\/03\/cropped-647319118_2379115739204013_337015058165053143_n.jpg\",\"contentUrl\":\"https:\/\/lunayatravel.com\/wp-content\/uploads\/2026\/03\/cropped-647319118_2379115739204013_337015058165053143_n.jpg\",\"width\":1022,\"height\":1023,\"caption\":\"Lunaya travel\"},\"image\":{\"@id\":\"https:\/\/lunayatravel.com\/#\/schema\/logo\/image\/\"},\"sameAs\":[\"https:\/\/www.facebook.com\/lunayaTravel\/\"]}]}<\/script>\n<!-- \/ Yoast SEO plugin. -->","yoast_head_json":{"title":"\ud83c\udf32 Tyrolienne g\u00e9ante KingKong Smile \u2013 La plus longue et haute d\u2019Asie ! -","robots":{"index":"index","follow":"follow","max-snippet":"max-snippet:-1","max-image-preview":"max-image-preview:large","max-video-preview":"max-video-preview:-1"},"canonical":"https:\/\/lunayatravel.com\/en\/product\/\ud83c\udf32-tyrolienne-geante-kingkong-smile-la-plus-longue-et-haute-dasie\/","og_locale":"en_GB","og_type":"article","og_title":"\ud83c\udf32 Tyrolienne g\u00e9ante KingKong Smile \u2013 La plus longue et haute d\u2019Asie ! -","og_description":"\ud83e\udded Description courte : D\u00e9fiez la gravit\u00e9 au-dessus des montagnes de Chiang Mai avec la tyrolienne la plus longue d\u2019Asie (jusqu\u2019\u00e0 1 200 m\u00e8tres !). Une exp\u00e9rience entre ciel et for\u00eat m\u00ealant frissons, nature et amusement.     \ud83c\udf1f Points forts :    Tyrolienne g\u00e9ante de 3 600 m\u00e8tres de long (programme Ultimate)    Ponts suspendus, filets, escaliers en colima\u00e7on pour tester votre agilit\u00e9    Vue imprenable sur la for\u00eat tropicale montagneuse    Buffet tha\u00eflandais inclus selon l\u2019option    Convient aux familles, amis, aventuriers","og_url":"https:\/\/lunayatravel.com\/en\/product\/\ud83c\udf32-tyrolienne-geante-kingkong-smile-la-plus-longue-et-haute-dasie\/","article_publisher":"https:\/\/www.facebook.com\/lunayaTravel\/","og_image":[{"width":720,"height":540,"url":"https:\/\/lunayatravel.com\/wp-content\/uploads\/2025\/08\/08-2.webp","type":"image\/webp"}],"twitter_card":"summary_large_image","twitter_misc":{"Estimated reading time":"1 minute"},"schema":{"@context":"https:\/\/schema.org","@graph":[{"@type":"WebPage","@id":"https:\/\/lunayatravel.com\/en\/product\/%f0%9f%8c%b2-tyrolienne-geante-kingkong-smile-la-plus-longue-et-haute-dasie\/","url":"https:\/\/lunayatravel.com\/en\/product\/%f0%9f%8c%b2-tyrolienne-geante-kingkong-smile-la-plus-longue-et-haute-dasie\/","name":"\ud83c\udf32 Tyrolienne g\u00e9ante KingKong Smile \u2013 La plus longue et haute d\u2019Asie ! -","isPartOf":{"@id":"https:\/\/lunayatravel.com\/#website"},"primaryImageOfPage":{"@id":"https:\/\/lunayatravel.com\/en\/product\/%f0%9f%8c%b2-tyrolienne-geante-kingkong-smile-la-plus-longue-et-haute-dasie\/#primaryimage"},"image":{"@id":"https:\/\/lunayatravel.com\/en\/product\/%f0%9f%8c%b2-tyrolienne-geante-kingkong-smile-la-plus-longue-et-haute-dasie\/#primaryimage"},"thumbnailUrl":"https:\/\/lunayatravel.com\/wp-content\/uploads\/2025\/08\/08-2.webp","datePublished":"2025-08-01T05:15:06+00:00","breadcrumb":{"@id":"https:\/\/lunayatravel.com\/en\/product\/%f0%9f%8c%b2-tyrolienne-geante-kingkong-smile-la-plus-longue-et-haute-dasie\/#breadcrumb"},"inLanguage":"en-GB","potentialAction":[{"@type":"ReadAction","target":["https:\/\/lunayatravel.com\/en\/product\/%f0%9f%8c%b2-tyrolienne-geante-kingkong-smile-la-plus-longue-et-haute-dasie\/"]}]},{"@type":"ImageObject","inLanguage":"en-GB","@id":"https:\/\/lunayatravel.com\/en\/product\/%f0%9f%8c%b2-tyrolienne-geante-kingkong-smile-la-plus-longue-et-haute-dasie\/#primaryimage","url":"https:\/\/lunayatravel.com\/wp-content\/uploads\/2025\/08\/08-2.webp","contentUrl":"https:\/\/lunayatravel.com\/wp-content\/uploads\/2025\/08\/08-2.webp","width":720,"height":540},{"@type":"BreadcrumbList","@id":"https:\/\/lunayatravel.com\/en\/product\/%f0%9f%8c%b2-tyrolienne-geante-kingkong-smile-la-plus-longue-et-haute-dasie\/#breadcrumb","itemListElement":[{"@type":"ListItem","position":1,"name":"Accueil","item":"https:\/\/lunayatravel.com\/"},{"@type":"ListItem","position":2,"name":"Nos activit\u00e9s","item":"https:\/\/lunayatravel.com\/nos-activites\/"},{"@type":"ListItem","position":3,"name":"\ud83c\udf32 Tyrolienne g\u00e9ante KingKong Smile \u2013 La plus longue et haute d\u2019Asie !"}]},{"@type":"WebSite","@id":"https:\/\/lunayatravel.com\/#website","url":"https:\/\/lunayatravel.com\/","name":"","description":"","publisher":{"@id":"https:\/\/lunayatravel.com\/#organization"},"potentialAction":[{"@type":"SearchAction","target":{"@type":"EntryPoint","urlTemplate":"https:\/\/lunayatravel.com\/?s={search_term_string}"},"query-input":{"@type":"PropertyValueSpecification","valueRequired":true,"valueName":"search_term_string"}}],"inLanguage":"en-GB"},{"@type":"Organization","@id":"https:\/\/lunayatravel.com\/#organization","name":"Lunaya travel","alternateName":"Lunaya travel","url":"https:\/\/lunayatravel.com\/","logo":{"@type":"ImageObject","inLanguage":"en-GB","@id":"https:\/\/lunayatravel.com\/#\/schema\/logo\/image\/","url":"https:\/\/lunayatravel.com\/wp-content\/uploads\/2026\/03\/cropped-647319118_2379115739204013_337015058165053143_n.jpg","contentUrl":"https:\/\/lunayatravel.com\/wp-content\/uploads\/2026\/03\/cropped-647319118_2379115739204013_337015058165053143_n.jpg","width":1022,"height":1023,"caption":"Lunaya travel"},"image":{"@id":"https:\/\/lunayatravel.com\/#\/schema\/logo\/image\/"},"sameAs":["https:\/\/www.facebook.com\/lunayaTravel\/"]}]}},"uagb_featured_image_src":{"full":["https:\/\/lunayatravel.com\/wp-content\/uploads\/2025\/08\/08-2.webp",720,540,false],"thumbnail":["https:\/\/lunayatravel.com\/wp-content\/uploads\/2025\/08\/08-2-150x150.webp",150,150,true],"medium":["https:\/\/lunayatravel.com\/wp-content\/uploads\/2025\/08\/08-2-300x225.webp",300,225,true],"medium_large":["https:\/\/lunayatravel.com\/wp-content\/uploads\/2025\/08\/08-2.webp",720,540,false],"large":["https:\/\/lunayatravel.com\/wp-content\/uploads\/2025\/08\/08-2.webp",720,540,false],"1536x1536":["https:\/\/lunayatravel.com\/wp-content\/uploads\/2025\/08\/08-2.webp",720,540,false],"2048x2048":["https:\/\/lunayatravel.com\/wp-content\/uploads\/2025\/08\/08-2.webp",720,540,false],"trp-custom-language-flag":["https:\/\/lunayatravel.com\/wp-content\/uploads\/2025\/08\/08-2.webp",16,12,false],"widget-thumbnail":["https:\/\/lunayatravel.com\/wp-content\/uploads\/2025\/08\/08-2-75x75.webp",75,75,true],"mailpoet_newsletter_max":["https:\/\/lunayatravel.com\/wp-content\/uploads\/2025\/08\/08-2.webp",720,540,false],"woocommerce_thumbnail":["https:\/\/lunayatravel.com\/wp-content\/uploads\/2025\/08\/08-2-300x300.webp",300,300,true],"woocommerce_single":["https:\/\/lunayatravel.com\/wp-content\/uploads\/2025\/08\/08-2-600x450.webp",600,450,true],"woocommerce_gallery_thumbnail":["https:\/\/lunayatravel.com\/wp-content\/uploads\/2025\/08\/08-2-100x100.webp",100,100,true],"sow-carousel-default":["https:\/\/lunayatravel.com\/wp-content\/uploads\/2025\/08\/08-2-272x182.webp",272,182,true]},"uagb_author_info":{"display_name":"haemers stephanie","author_link":"https:\/\/lunayatravel.com\/en\/author\/"},"uagb_comment_info":0,"uagb_excerpt":"\ud83e\udded Description courte : D\u00e9fiez la gravit\u00e9 au-dessus des montagnes de Chiang Mai avec la tyrolienne la plus longue d\u2019Asie (jusqu\u2019\u00e0 1 200 m\u00e8tres !). Une exp\u00e9rience entre ciel et for\u00eat m\u00ealant frissons, nature et amusement. \ud83c\udf1f Points forts : Tyrolienne g\u00e9ante de 3 600 m\u00e8tres de long (programme Ultimate) Ponts suspendus, filets, escaliers en&hellip;","jetpack_sharing_enabled":true,"_links":{"self":[{"href":"https:\/\/lunayatravel.com\/en\/wp-json\/wp\/v2\/product\/30369","targetHints":{"allow":["GET"]}}],"collection":[{"href":"https:\/\/lunayatravel.com\/en\/wp-json\/wp\/v2\/product"}],"about":[{"href":"https:\/\/lunayatravel.com\/en\/wp-json\/wp\/v2\/types\/product"}],"replies":[{"embeddable":true,"href":"https:\/\/lunayatravel.com\/en\/wp-json\/wp\/v2\/comments?post=30369"}],"wp:featuredmedia":[{"embeddable":true,"href":"https:\/\/lunayatravel.com\/en\/wp-json\/wp\/v2\/media\/30371"}],"wp:attachment":[{"href":"https:\/\/lunayatravel.com\/en\/wp-json\/wp\/v2\/media?parent=30369"}],"wp:term":[{"taxonomy":"product_brand","embeddable":true,"href":"https:\/\/lunayatravel.com\/en\/wp-json\/wp\/v2\/product_brand?post=30369"},{"taxonomy":"product_cat","embeddable":true,"href":"https:\/\/lunayatravel.com\/en\/wp-json\/wp\/v2\/product_cat?post=30369"},{"taxonomy":"product_tag","embeddable":true,"href":"https:\/\/lunayatravel.com\/en\/wp-json\/wp\/v2\/product_tag?post=30369"}],"curies":[{"name":"wp","href":"https:\/\/api.w.org\/{rel}","templated":true}]}}