{"id":30364,"date":"2025-08-01T07:09:25","date_gmt":"2025-08-01T05:09:25","guid":{"rendered":"https:\/\/itctoursvoyages.com\/?post_type=product&#038;p=30364"},"modified":"2025-08-01T07:09:26","modified_gmt":"2025-08-01T05:09:26","slug":"%f0%9f%8f%af-temple-blanc-temple-bleu-et-maison-noire-excursion-dune-journee-a-chiang-rai-depuis-chiang-mai","status":"publish","type":"product","link":"https:\/\/lunayatravel.com\/en\/product\/%f0%9f%8f%af-temple-blanc-temple-bleu-et-maison-noire-excursion-dune-journee-a-chiang-rai-depuis-chiang-mai\/","title":{"rendered":"\ud83c\udfef White Temple, Blue Temple and Black House - Chiang Rai day trip from Chiang Mai."},"content":{"rendered":"<h3 data-start=\"887\" data-end=\"936\">\ud83d\udd53 <strong data-start=\"894\" data-end=\"934\">Itinerary (approximate times) :<\/strong><\/h3>\n<p data-start=\"937\" data-end=\"1443\"><strong data-start=\"937\" data-end=\"954\">07:00 - 07:30<\/strong> Pick-up at your hotel in the Chiang Mai area<br data-start=\"1013\" data-end=\"1016\" \/><strong data-start=\"1016\" data-end=\"1025\">08:30<\/strong> Relaxation at the Maekhachan hot springs (20 min)<br data-start=\"1078\" data-end=\"1081\" \/><strong data-start=\"1081\" data-end=\"1090\">10:00<\/strong> Visit to the White Temple - Wat Rong Khun (1h)<br data-start=\"1136\" data-end=\"1139\" \/><strong data-start=\"1139\" data-end=\"1148\">12:00<\/strong> Lunch in a local restaurant<br data-start=\"1184\" data-end=\"1187\" \/><strong data-start=\"1187\" data-end=\"1196\">13:00<\/strong> Visit to the Blue Temple - Wat Rong Suea Ten (40 min)<br data-start=\"1249\" data-end=\"1252\" \/><strong data-start=\"1252\" data-end=\"1261\">14:00<\/strong> Visit to the Black House - Baan Dam Museum (50 min)<br data-start=\"1316\" data-end=\"1319\" \/><strong data-start=\"1319\" data-end=\"1328\">15:30<\/strong> Optional visit to Karen Long Neck village (30 min)<br data-start=\"1385\" data-end=\"1388\" \/><strong data-start=\"1388\" data-end=\"1405\">19:30 - 20:30<\/strong> Return to your hotel in Chiang Mai<\/p>\n<hr data-start=\"1445\" data-end=\"1448\" \/>\n<h3 data-start=\"1450\" data-end=\"1481\">\u2705 <strong data-start=\"1456\" data-end=\"1479\">What's included :<\/strong><\/h3>\n<ul data-start=\"1482\" data-end=\"1628\">\n<li data-start=\"1482\" data-end=\"1515\">\n<p data-start=\"1484\" data-end=\"1515\">TAT-certified English-speaking guide<\/p>\n<\/li>\n<li data-start=\"1516\" data-end=\"1551\">\n<p data-start=\"1518\" data-end=\"1551\">Transport in air-conditioned vehicle<\/p>\n<\/li>\n<li data-start=\"1552\" data-end=\"1570\">\n<p data-start=\"1554\" data-end=\"1570\">Local lunch<\/p>\n<\/li>\n<li data-start=\"1571\" data-end=\"1605\">\n<p data-start=\"1573\" data-end=\"1605\">Drinking water + seasonal fruit<\/p>\n<\/li>\n<li data-start=\"1606\" data-end=\"1628\">\n<p data-start=\"1608\" data-end=\"1628\">Accident insurance<\/p>\n<\/li>\n<\/ul>\n<hr data-start=\"1630\" data-end=\"1633\" \/>\n<h3 data-start=\"1635\" data-end=\"1659\">\u274c <strong data-start=\"1641\" data-end=\"1657\">Not included:<\/strong><\/h3>\n<ul data-start=\"1660\" data-end=\"1867\">\n<li data-start=\"1660\" data-end=\"1684\">\n<p data-start=\"1662\" data-end=\"1684\">Alcoholic drinks<\/p>\n<\/li>\n<li data-start=\"1685\" data-end=\"1707\">\n<p data-start=\"1687\" data-end=\"1707\">Personal shopping<\/p>\n<\/li>\n<li data-start=\"1708\" data-end=\"1772\">\n<p data-start=\"1710\" data-end=\"1772\">White Temple entrance: THB 180 (foreigners) or THB 80 (locals)<\/p>\n<\/li>\n<li data-start=\"1773\" data-end=\"1827\">\n<p data-start=\"1775\" data-end=\"1827\">Village Long Neck Karen: 280 THB\/pers (optional)<\/p>\n<\/li>\n<li data-start=\"1828\" data-end=\"1867\">\n<p data-start=\"1830\" data-end=\"1867\">Luggage supplement (backpack &gt; 20L)<\/p>\n<\/li>\n<\/ul>\n<hr data-start=\"1869\" data-end=\"1872\" \/>\n<h3 data-start=\"1874\" data-end=\"1898\">\ud83d\udcdd <strong data-start=\"1881\" data-end=\"1896\">What to expect:<\/strong><\/h3>\n<ul data-start=\"1899\" data-end=\"2030\">\n<li data-start=\"1899\" data-end=\"1934\">\n<p data-start=\"1901\" data-end=\"1934\">Cash (entry fee)<\/p>\n<\/li>\n<li data-start=\"1935\" data-end=\"1958\">\n<p data-start=\"1937\" data-end=\"1958\">Cap \/ hat<\/p>\n<\/li>\n<li data-start=\"1959\" data-end=\"1976\">\n<p data-start=\"1961\" data-end=\"1976\">Sun cream<\/p>\n<\/li>\n<li data-start=\"1977\" data-end=\"2030\">\n<p data-start=\"1979\" data-end=\"2030\">Light bag if you want to finish in Chiang Rai<\/p>\n<\/li>\n<\/ul>","protected":false},"excerpt":{"rendered":"<h3 data-start=\"265\" data-end=\"298\">\ud83e\udded <strong data-start=\"272\" data-end=\"296\">Short description:<\/strong><\/h3>\n<p data-start=\"299\" data-end=\"538\">Explore Chiang Rai's most iconic temples on an unforgettable cultural day: the visionary White Temple, the sparkling Blue Temple and the mysterious Black House. Relaxation included at the Maekhachan hot springs.<\/p>\n<hr data-start=\"540\" data-end=\"543\" \/>\n<h3 data-start=\"545\" data-end=\"572\">\ud83c\udf1f <strong data-start=\"552\" data-end=\"570\">Highlights:<\/strong><\/h3>\n<ul data-start=\"573\" data-end=\"880\">\n<li data-start=\"573\" data-end=\"652\">\n<p data-start=\"575\" data-end=\"652\">Visit the iconic White Temple, a masterpiece by Chalermchai Kositpipat<\/p>\n<\/li>\n<li data-start=\"653\" data-end=\"727\">\n<p data-start=\"655\" data-end=\"727\">Explore the Black House, the fascinating museum of artist Thawan Duchanee<\/p>\n<\/li>\n<li data-start=\"728\" data-end=\"787\">\n<p data-start=\"730\" data-end=\"787\">Discover the Blue Temple, the new symbol of Chiang Rai<\/p>\n<\/li>\n<li data-start=\"788\" data-end=\"820\">\n<p data-start=\"790\" data-end=\"820\">Enjoy a local lunch<\/p>\n<\/li>\n<li data-start=\"821\" data-end=\"880\">\n<p data-start=\"823\" data-end=\"880\">Relax at the Maekhachan natural hot spring<\/p>\n<\/li>\n<\/ul>","protected":false},"featured_media":30353,"comment_status":"open","ping_status":"closed","template":"","meta":{"_uag_custom_page_level_css":""},"product_brand":[],"product_cat":[68],"product_tag":[],"class_list":{"0":"post-30364","1":"product","2":"type-product","3":"status-publish","4":"has-post-thumbnail","6":"product_cat-chiang-mai","8":"first","9":"instock","10":"virtual","11":"taxable","12":"purchasable","13":"product-type-simple"},"yoast_head":"<!-- This site is optimized with the Yoast SEO plugin v27.1.1 - https:\/\/yoast.com\/product\/yoast-seo-wordpress\/ -->\n<title>\ud83c\udfef Temple Blanc, Temple Bleu et Maison Noire \u2013 Excursion d\u2019une journ\u00e9e \u00e0 Chiang Rai depuis Chiang Mai -<\/title>\n<meta name=\"robots\" content=\"index, follow, max-snippet:-1, max-image-preview:large, max-video-preview:-1\" \/>\n<link rel=\"canonical\" href=\"https:\/\/lunayatravel.com\/en\/product\/\ud83c\udfef-temple-blanc-temple-bleu-et-maison-noire-excursion-dune-journee-a-chiang-rai-depuis-chiang-mai\/\" \/>\n<meta property=\"og:locale\" content=\"en_GB\" \/>\n<meta property=\"og:type\" content=\"article\" \/>\n<meta property=\"og:title\" content=\"\ud83c\udfef Temple Blanc, Temple Bleu et Maison Noire \u2013 Excursion d\u2019une journ\u00e9e \u00e0 Chiang Rai depuis Chiang Mai -\" \/>\n<meta property=\"og:description\" content=\"\ud83e\udded Description courte : Explorez les temples les plus embl\u00e9matiques de Chiang Rai lors d\u2019une journ\u00e9e culturelle inoubliable : le Temple Blanc visionnaire, le Temple Bleu \u00e9tincelant et la myst\u00e9rieuse Maison Noire. D\u00e9tente incluse aux sources chaudes de Maekhachan.     \ud83c\udf1f Points forts :    Visitez l\u2019embl\u00e9matique Temple Blanc, chef-d\u2019\u0153uvre de Chalermchai Kositpipat    Explorez la Maison Noire, mus\u00e9e fascinant de l\u2019artiste Thawan Duchanee    D\u00e9couvrez le Temple Bleu, nouveau symbole de Chiang Rai    Profitez d\u2019un d\u00e9jeuner local    Relaxez-vous \u00e0 la source chaude naturelle de Maekhachan\" \/>\n<meta property=\"og:url\" content=\"https:\/\/lunayatravel.com\/en\/product\/\ud83c\udfef-temple-blanc-temple-bleu-et-maison-noire-excursion-dune-journee-a-chiang-rai-depuis-chiang-mai\/\" \/>\n<meta property=\"article:publisher\" content=\"https:\/\/www.facebook.com\/lunayaTravel\/\" \/>\n<meta property=\"article:modified_time\" content=\"2025-08-01T05:09:26+00:00\" \/>\n<meta property=\"og:image\" content=\"https:\/\/lunayatravel.com\/wp-content\/uploads\/2025\/08\/1-3.webp\" \/>\n\t<meta property=\"og:image:width\" content=\"720\" \/>\n\t<meta property=\"og:image:height\" content=\"540\" \/>\n\t<meta property=\"og:image:type\" content=\"image\/webp\" \/>\n<meta name=\"twitter:card\" content=\"summary_large_image\" \/>\n<meta name=\"twitter:label1\" content=\"Estimated reading time\" \/>\n\t<meta name=\"twitter:data1\" content=\"1 minute\" \/>\n<script type=\"application\/ld+json\" class=\"yoast-schema-graph\">{\"@context\":\"https:\/\/schema.org\",\"@graph\":[{\"@type\":\"WebPage\",\"@id\":\"https:\/\/lunayatravel.com\/produit\/%f0%9f%8f%af-temple-blanc-temple-bleu-et-maison-noire-excursion-dune-journee-a-chiang-rai-depuis-chiang-mai\/\",\"url\":\"https:\/\/lunayatravel.com\/produit\/%f0%9f%8f%af-temple-blanc-temple-bleu-et-maison-noire-excursion-dune-journee-a-chiang-rai-depuis-chiang-mai\/\",\"name\":\"\ud83c\udfef Temple Blanc, Temple Bleu et Maison Noire \u2013 Excursion d\u2019une journ\u00e9e \u00e0 Chiang Rai depuis Chiang Mai -\",\"isPartOf\":{\"@id\":\"https:\/\/lunayatravel.com\/#website\"},\"primaryImageOfPage\":{\"@id\":\"https:\/\/lunayatravel.com\/produit\/%f0%9f%8f%af-temple-blanc-temple-bleu-et-maison-noire-excursion-dune-journee-a-chiang-rai-depuis-chiang-mai\/#primaryimage\"},\"image\":{\"@id\":\"https:\/\/lunayatravel.com\/produit\/%f0%9f%8f%af-temple-blanc-temple-bleu-et-maison-noire-excursion-dune-journee-a-chiang-rai-depuis-chiang-mai\/#primaryimage\"},\"thumbnailUrl\":\"https:\/\/lunayatravel.com\/wp-content\/uploads\/2025\/08\/1-3.webp\",\"datePublished\":\"2025-08-01T05:09:25+00:00\",\"dateModified\":\"2025-08-01T05:09:26+00:00\",\"breadcrumb\":{\"@id\":\"https:\/\/lunayatravel.com\/produit\/%f0%9f%8f%af-temple-blanc-temple-bleu-et-maison-noire-excursion-dune-journee-a-chiang-rai-depuis-chiang-mai\/#breadcrumb\"},\"inLanguage\":\"en-GB\",\"potentialAction\":[{\"@type\":\"ReadAction\",\"target\":[\"https:\/\/lunayatravel.com\/produit\/%f0%9f%8f%af-temple-blanc-temple-bleu-et-maison-noire-excursion-dune-journee-a-chiang-rai-depuis-chiang-mai\/\"]}]},{\"@type\":\"ImageObject\",\"inLanguage\":\"en-GB\",\"@id\":\"https:\/\/lunayatravel.com\/produit\/%f0%9f%8f%af-temple-blanc-temple-bleu-et-maison-noire-excursion-dune-journee-a-chiang-rai-depuis-chiang-mai\/#primaryimage\",\"url\":\"https:\/\/lunayatravel.com\/wp-content\/uploads\/2025\/08\/1-3.webp\",\"contentUrl\":\"https:\/\/lunayatravel.com\/wp-content\/uploads\/2025\/08\/1-3.webp\",\"width\":720,\"height\":540},{\"@type\":\"BreadcrumbList\",\"@id\":\"https:\/\/lunayatravel.com\/produit\/%f0%9f%8f%af-temple-blanc-temple-bleu-et-maison-noire-excursion-dune-journee-a-chiang-rai-depuis-chiang-mai\/#breadcrumb\",\"itemListElement\":[{\"@type\":\"ListItem\",\"position\":1,\"name\":\"Accueil\",\"item\":\"https:\/\/lunayatravel.com\/\"},{\"@type\":\"ListItem\",\"position\":2,\"name\":\"Nos activit\u00e9s\",\"item\":\"https:\/\/lunayatravel.com\/nos-activites\/\"},{\"@type\":\"ListItem\",\"position\":3,\"name\":\"\ud83c\udfef Temple Blanc, Temple Bleu et Maison Noire \u2013 Excursion d\u2019une journ\u00e9e \u00e0 Chiang Rai depuis Chiang Mai\"}]},{\"@type\":\"WebSite\",\"@id\":\"https:\/\/lunayatravel.com\/#website\",\"url\":\"https:\/\/lunayatravel.com\/\",\"name\":\"\",\"description\":\"\",\"publisher\":{\"@id\":\"https:\/\/lunayatravel.com\/#organization\"},\"potentialAction\":[{\"@type\":\"SearchAction\",\"target\":{\"@type\":\"EntryPoint\",\"urlTemplate\":\"https:\/\/lunayatravel.com\/?s={search_term_string}\"},\"query-input\":{\"@type\":\"PropertyValueSpecification\",\"valueRequired\":true,\"valueName\":\"search_term_string\"}}],\"inLanguage\":\"en-GB\"},{\"@type\":\"Organization\",\"@id\":\"https:\/\/lunayatravel.com\/#organization\",\"name\":\"Lunaya travel\",\"alternateName\":\"Lunaya travel\",\"url\":\"https:\/\/lunayatravel.com\/\",\"logo\":{\"@type\":\"ImageObject\",\"inLanguage\":\"en-GB\",\"@id\":\"https:\/\/lunayatravel.com\/#\/schema\/logo\/image\/\",\"url\":\"https:\/\/lunayatravel.com\/wp-content\/uploads\/2026\/03\/cropped-647319118_2379115739204013_337015058165053143_n.jpg\",\"contentUrl\":\"https:\/\/lunayatravel.com\/wp-content\/uploads\/2026\/03\/cropped-647319118_2379115739204013_337015058165053143_n.jpg\",\"width\":1022,\"height\":1023,\"caption\":\"Lunaya travel\"},\"image\":{\"@id\":\"https:\/\/lunayatravel.com\/#\/schema\/logo\/image\/\"},\"sameAs\":[\"https:\/\/www.facebook.com\/lunayaTravel\/\"]}]}<\/script>\n<!-- \/ Yoast SEO plugin. -->","yoast_head_json":{"title":"\ud83c\udfef Temple Blanc, Temple Bleu et Maison Noire \u2013 Excursion d\u2019une journ\u00e9e \u00e0 Chiang Rai depuis Chiang Mai -","robots":{"index":"index","follow":"follow","max-snippet":"max-snippet:-1","max-image-preview":"max-image-preview:large","max-video-preview":"max-video-preview:-1"},"canonical":"https:\/\/lunayatravel.com\/en\/product\/\ud83c\udfef-temple-blanc-temple-bleu-et-maison-noire-excursion-dune-journee-a-chiang-rai-depuis-chiang-mai\/","og_locale":"en_GB","og_type":"article","og_title":"\ud83c\udfef Temple Blanc, Temple Bleu et Maison Noire \u2013 Excursion d\u2019une journ\u00e9e \u00e0 Chiang Rai depuis Chiang Mai -","og_description":"\ud83e\udded Description courte : Explorez les temples les plus embl\u00e9matiques de Chiang Rai lors d\u2019une journ\u00e9e culturelle inoubliable : le Temple Blanc visionnaire, le Temple Bleu \u00e9tincelant et la myst\u00e9rieuse Maison Noire. D\u00e9tente incluse aux sources chaudes de Maekhachan.     \ud83c\udf1f Points forts :    Visitez l\u2019embl\u00e9matique Temple Blanc, chef-d\u2019\u0153uvre de Chalermchai Kositpipat    Explorez la Maison Noire, mus\u00e9e fascinant de l\u2019artiste Thawan Duchanee    D\u00e9couvrez le Temple Bleu, nouveau symbole de Chiang Rai    Profitez d\u2019un d\u00e9jeuner local    Relaxez-vous \u00e0 la source chaude naturelle de Maekhachan","og_url":"https:\/\/lunayatravel.com\/en\/product\/\ud83c\udfef-temple-blanc-temple-bleu-et-maison-noire-excursion-dune-journee-a-chiang-rai-depuis-chiang-mai\/","article_publisher":"https:\/\/www.facebook.com\/lunayaTravel\/","article_modified_time":"2025-08-01T05:09:26+00:00","og_image":[{"width":720,"height":540,"url":"https:\/\/lunayatravel.com\/wp-content\/uploads\/2025\/08\/1-3.webp","type":"image\/webp"}],"twitter_card":"summary_large_image","twitter_misc":{"Estimated reading time":"1 minute"},"schema":{"@context":"https:\/\/schema.org","@graph":[{"@type":"WebPage","@id":"https:\/\/lunayatravel.com\/produit\/%f0%9f%8f%af-temple-blanc-temple-bleu-et-maison-noire-excursion-dune-journee-a-chiang-rai-depuis-chiang-mai\/","url":"https:\/\/lunayatravel.com\/produit\/%f0%9f%8f%af-temple-blanc-temple-bleu-et-maison-noire-excursion-dune-journee-a-chiang-rai-depuis-chiang-mai\/","name":"\ud83c\udfef Temple Blanc, Temple Bleu et Maison Noire \u2013 Excursion d\u2019une journ\u00e9e \u00e0 Chiang Rai depuis Chiang Mai -","isPartOf":{"@id":"https:\/\/lunayatravel.com\/#website"},"primaryImageOfPage":{"@id":"https:\/\/lunayatravel.com\/produit\/%f0%9f%8f%af-temple-blanc-temple-bleu-et-maison-noire-excursion-dune-journee-a-chiang-rai-depuis-chiang-mai\/#primaryimage"},"image":{"@id":"https:\/\/lunayatravel.com\/produit\/%f0%9f%8f%af-temple-blanc-temple-bleu-et-maison-noire-excursion-dune-journee-a-chiang-rai-depuis-chiang-mai\/#primaryimage"},"thumbnailUrl":"https:\/\/lunayatravel.com\/wp-content\/uploads\/2025\/08\/1-3.webp","datePublished":"2025-08-01T05:09:25+00:00","dateModified":"2025-08-01T05:09:26+00:00","breadcrumb":{"@id":"https:\/\/lunayatravel.com\/produit\/%f0%9f%8f%af-temple-blanc-temple-bleu-et-maison-noire-excursion-dune-journee-a-chiang-rai-depuis-chiang-mai\/#breadcrumb"},"inLanguage":"en-GB","potentialAction":[{"@type":"ReadAction","target":["https:\/\/lunayatravel.com\/produit\/%f0%9f%8f%af-temple-blanc-temple-bleu-et-maison-noire-excursion-dune-journee-a-chiang-rai-depuis-chiang-mai\/"]}]},{"@type":"ImageObject","inLanguage":"en-GB","@id":"https:\/\/lunayatravel.com\/produit\/%f0%9f%8f%af-temple-blanc-temple-bleu-et-maison-noire-excursion-dune-journee-a-chiang-rai-depuis-chiang-mai\/#primaryimage","url":"https:\/\/lunayatravel.com\/wp-content\/uploads\/2025\/08\/1-3.webp","contentUrl":"https:\/\/lunayatravel.com\/wp-content\/uploads\/2025\/08\/1-3.webp","width":720,"height":540},{"@type":"BreadcrumbList","@id":"https:\/\/lunayatravel.com\/produit\/%f0%9f%8f%af-temple-blanc-temple-bleu-et-maison-noire-excursion-dune-journee-a-chiang-rai-depuis-chiang-mai\/#breadcrumb","itemListElement":[{"@type":"ListItem","position":1,"name":"Accueil","item":"https:\/\/lunayatravel.com\/"},{"@type":"ListItem","position":2,"name":"Nos activit\u00e9s","item":"https:\/\/lunayatravel.com\/nos-activites\/"},{"@type":"ListItem","position":3,"name":"\ud83c\udfef Temple Blanc, Temple Bleu et Maison Noire \u2013 Excursion d\u2019une journ\u00e9e \u00e0 Chiang Rai depuis Chiang Mai"}]},{"@type":"WebSite","@id":"https:\/\/lunayatravel.com\/#website","url":"https:\/\/lunayatravel.com\/","name":"","description":"","publisher":{"@id":"https:\/\/lunayatravel.com\/#organization"},"potentialAction":[{"@type":"SearchAction","target":{"@type":"EntryPoint","urlTemplate":"https:\/\/lunayatravel.com\/?s={search_term_string}"},"query-input":{"@type":"PropertyValueSpecification","valueRequired":true,"valueName":"search_term_string"}}],"inLanguage":"en-GB"},{"@type":"Organization","@id":"https:\/\/lunayatravel.com\/#organization","name":"Lunaya travel","alternateName":"Lunaya travel","url":"https:\/\/lunayatravel.com\/","logo":{"@type":"ImageObject","inLanguage":"en-GB","@id":"https:\/\/lunayatravel.com\/#\/schema\/logo\/image\/","url":"https:\/\/lunayatravel.com\/wp-content\/uploads\/2026\/03\/cropped-647319118_2379115739204013_337015058165053143_n.jpg","contentUrl":"https:\/\/lunayatravel.com\/wp-content\/uploads\/2026\/03\/cropped-647319118_2379115739204013_337015058165053143_n.jpg","width":1022,"height":1023,"caption":"Lunaya travel"},"image":{"@id":"https:\/\/lunayatravel.com\/#\/schema\/logo\/image\/"},"sameAs":["https:\/\/www.facebook.com\/lunayaTravel\/"]}]}},"uagb_featured_image_src":{"full":["https:\/\/lunayatravel.com\/wp-content\/uploads\/2025\/08\/1-3.webp",720,540,false],"thumbnail":["https:\/\/lunayatravel.com\/wp-content\/uploads\/2025\/08\/1-3-150x150.webp",150,150,true],"medium":["https:\/\/lunayatravel.com\/wp-content\/uploads\/2025\/08\/1-3-300x225.webp",300,225,true],"medium_large":["https:\/\/lunayatravel.com\/wp-content\/uploads\/2025\/08\/1-3.webp",720,540,false],"large":["https:\/\/lunayatravel.com\/wp-content\/uploads\/2025\/08\/1-3.webp",720,540,false],"1536x1536":["https:\/\/lunayatravel.com\/wp-content\/uploads\/2025\/08\/1-3.webp",720,540,false],"2048x2048":["https:\/\/lunayatravel.com\/wp-content\/uploads\/2025\/08\/1-3.webp",720,540,false],"trp-custom-language-flag":["https:\/\/lunayatravel.com\/wp-content\/uploads\/2025\/08\/1-3.webp",16,12,false],"widget-thumbnail":["https:\/\/lunayatravel.com\/wp-content\/uploads\/2025\/08\/1-3-75x75.webp",75,75,true],"mailpoet_newsletter_max":["https:\/\/lunayatravel.com\/wp-content\/uploads\/2025\/08\/1-3.webp",720,540,false],"woocommerce_thumbnail":["https:\/\/lunayatravel.com\/wp-content\/uploads\/2025\/08\/1-3-300x300.webp",300,300,true],"woocommerce_single":["https:\/\/lunayatravel.com\/wp-content\/uploads\/2025\/08\/1-3-600x450.webp",600,450,true],"woocommerce_gallery_thumbnail":["https:\/\/lunayatravel.com\/wp-content\/uploads\/2025\/08\/1-3-100x100.webp",100,100,true],"sow-carousel-default":["https:\/\/lunayatravel.com\/wp-content\/uploads\/2025\/08\/1-3-272x182.webp",272,182,true]},"uagb_author_info":{"display_name":"haemers stephanie","author_link":"https:\/\/lunayatravel.com\/en\/author\/"},"uagb_comment_info":0,"uagb_excerpt":"\ud83e\udded Description courte : Explorez les temples les plus embl\u00e9matiques de Chiang Rai lors d\u2019une journ\u00e9e culturelle inoubliable : le Temple Blanc visionnaire, le Temple Bleu \u00e9tincelant et la myst\u00e9rieuse Maison Noire. D\u00e9tente incluse aux sources chaudes de Maekhachan. \ud83c\udf1f Points forts : Visitez l\u2019embl\u00e9matique Temple Blanc, chef-d\u2019\u0153uvre de Chalermchai Kositpipat Explorez la Maison Noire,&hellip;","jetpack_sharing_enabled":true,"_links":{"self":[{"href":"https:\/\/lunayatravel.com\/en\/wp-json\/wp\/v2\/product\/30364","targetHints":{"allow":["GET"]}}],"collection":[{"href":"https:\/\/lunayatravel.com\/en\/wp-json\/wp\/v2\/product"}],"about":[{"href":"https:\/\/lunayatravel.com\/en\/wp-json\/wp\/v2\/types\/product"}],"replies":[{"embeddable":true,"href":"https:\/\/lunayatravel.com\/en\/wp-json\/wp\/v2\/comments?post=30364"}],"wp:featuredmedia":[{"embeddable":true,"href":"https:\/\/lunayatravel.com\/en\/wp-json\/wp\/v2\/media\/30353"}],"wp:attachment":[{"href":"https:\/\/lunayatravel.com\/en\/wp-json\/wp\/v2\/media?parent=30364"}],"wp:term":[{"taxonomy":"product_brand","embeddable":true,"href":"https:\/\/lunayatravel.com\/en\/wp-json\/wp\/v2\/product_brand?post=30364"},{"taxonomy":"product_cat","embeddable":true,"href":"https:\/\/lunayatravel.com\/en\/wp-json\/wp\/v2\/product_cat?post=30364"},{"taxonomy":"product_tag","embeddable":true,"href":"https:\/\/lunayatravel.com\/en\/wp-json\/wp\/v2\/product_tag?post=30364"}],"curies":[{"name":"wp","href":"https:\/\/api.w.org\/{rel}","templated":true}]}}