{"id":30363,"date":"2025-08-01T07:04:47","date_gmt":"2025-08-01T05:04:47","guid":{"rendered":"https:\/\/itctoursvoyages.com\/?post_type=product&#038;p=30363"},"modified":"2026-03-14T12:37:02","modified_gmt":"2026-03-14T11:37:02","slug":"%f0%9f%90%98%f0%9f%8c%bf-doi-inthanon-sanctuaire-delephants-sentier-de-trekking-le-meilleur-circuit-de-chiang-mai","status":"publish","type":"product","link":"https:\/\/lunayatravel.com\/en\/product\/%f0%9f%90%98%f0%9f%8c%bf-doi-inthanon-sanctuaire-delephants-sentier-de-trekking-le-meilleur-circuit-de-chiang-mai\/","title":{"rendered":"\ud83d\udc18\ud83c\udf3f Doi Inthanon, elephant sanctuary &amp; trekking trail - Chiang Mai's best tour!"},"content":{"rendered":"<h3 data-start=\"1691\" data-end=\"1726\">\ud83d\udd58 <strong data-start=\"1698\" data-end=\"1724\">Itinerary (indicative)<\/strong><\/h3>\n<p data-start=\"1727\" data-end=\"2116\"><strong data-start=\"1727\" data-end=\"1744\">07:00 - 07:45<\/strong> Pick-up at your hotel (Chiang Mai)<br data-start=\"1789\" data-end=\"1792\" \/><strong data-start=\"1792\" data-end=\"1809\">09:15 - 12:00<\/strong> Meeting and care of the elephants + bathing<br data-start=\"1851\" data-end=\"1854\" \/><strong data-start=\"1854\" data-end=\"1871\">12:00 - 12:45<\/strong> Local lunch<br data-start=\"1888\" data-end=\"1891\" \/><strong data-start=\"1891\" data-end=\"1908\">13:15 - 14:00<\/strong> Doi Inthanon - Thailand's highest peak<br data-start=\"1958\" data-end=\"1961\" \/><strong data-start=\"1961\" data-end=\"1978\">14:00 - 15:00<\/strong> Royal pagodas and gardens<br data-start=\"2007\" data-end=\"2010\" \/><strong data-start=\"2010\" data-end=\"2027\">15:00 - 17:30<\/strong> Pha Dok Siew hike &amp; Karen coffee farm<br data-start=\"2074\" data-end=\"2077\" \/><strong data-start=\"2077\" data-end=\"2094\">17:30 - 19:00<\/strong> Return to Chiang Mai<\/p>\n<hr data-start=\"2118\" data-end=\"2121\" \/>\n<h3 data-start=\"2123\" data-end=\"2154\">\u2705 <strong data-start=\"2129\" data-end=\"2152\">Included in the price<\/strong><\/h3>\n<ul data-start=\"2155\" data-end=\"2342\">\n<li data-start=\"2155\" data-end=\"2191\">\n<p data-start=\"2157\" data-end=\"2191\">Return transfers from Chiang Mai<\/p>\n<\/li>\n<li data-start=\"2221\" data-end=\"2245\">\n<p data-start=\"2223\" data-end=\"2245\">Thai lunch<\/p>\n<\/li>\n<li data-start=\"2246\" data-end=\"2280\">\n<p data-start=\"2248\" data-end=\"2280\">Professional English-speaking guide<\/p>\n<\/li>\n<li data-start=\"2281\" data-end=\"2294\">\n<p data-start=\"2283\" data-end=\"2294\">Insurance<\/p>\n<\/li>\n<li data-start=\"2295\" data-end=\"2310\">\n<p data-start=\"2297\" data-end=\"2310\">Drinking water<\/p>\n<\/li>\n<li data-start=\"2311\" data-end=\"2342\">\n<p data-start=\"2313\" data-end=\"2342\">Souvenir photos on Facebook<\/p>\n<\/li>\n<\/ul>\n<hr data-start=\"2344\" data-end=\"2347\" \/>\n<h3 data-start=\"2349\" data-end=\"2371\">\ud83c\udf92 <strong data-start=\"2356\" data-end=\"2369\">What to expect<\/strong><\/h3>\n<ul data-start=\"2372\" data-end=\"2616\">\n<li data-start=\"2372\" data-end=\"2399\">\n<p data-start=\"2374\" data-end=\"2399\">Hiking shoes<\/p>\n<\/li>\n<li data-start=\"2400\" data-end=\"2439\">\n<p data-start=\"2402\" data-end=\"2439\">Change of clothes \/ swimming costume<\/p>\n<\/li>\n<li data-start=\"2440\" data-end=\"2488\">\n<p data-start=\"2442\" data-end=\"2488\">Towel and mackintosh (rainy season)<\/p>\n<\/li>\n<li data-start=\"2489\" data-end=\"2513\">\n<p data-start=\"2491\" data-end=\"2513\">Mosquito spray<\/p>\n<\/li>\n<li data-start=\"2514\" data-end=\"2554\">\n<p data-start=\"2516\" data-end=\"2554\">Jacket (cooler weather at altitude)<\/p>\n<\/li>\n<li data-start=\"2555\" data-end=\"2616\">\n<p data-start=\"2557\" data-end=\"2616\">Respecting the temple dress code (no shorts or tank tops)<\/p>\n<\/li>\n<\/ul>\n<p>&nbsp;<\/p>\n<p>&nbsp;<\/p>\n<p>additional information<\/p>\n<p>Entrance fees to the park are <strong data-start=\"140\" data-end=\"154\" data-is-only-node=\"\">not included<\/strong> in the price of the excursion.<br data-start=\"183\" data-end=\"186\" \/>They must be <strong data-start=\"203\" data-end=\"244\">paid on site on the day of the activity<\/strong>.<br data-start=\"245\" data-end=\"248\" \/>Thank you for <strong data-start=\"257\" data-end=\"287\">allow THB 400 in cash<\/strong> per person.<\/p>\n<p>&nbsp;<\/p>","protected":false},"excerpt":{"rendered":"<h3 data-start=\"362\" data-end=\"392\">\u2728 <strong data-start=\"368\" data-end=\"390\">Long description<\/strong><\/h3>\n<p data-start=\"393\" data-end=\"561\">Experience an unforgettable day combining nature, ethics and cultural immersion. This 3-in-1 tour combines the best of Chiang Mai in a single day.<\/p>\n<p data-start=\"563\" data-end=\"784\">Start with a unique moment at the <strong data-start=\"597\" data-end=\"633\">Living Green Elephant sanctuary<\/strong>, This is an ethical refuge where you can interact freely with elephants in a way that fully respects their well-being - no mounts, no chains, no hooks.<\/p>\n<p data-start=\"786\" data-end=\"1016\">After a delicious local lunch, climb the mountain towards <strong data-start=\"847\" data-end=\"863\">Doi Inthanon<\/strong>, Thailand's highest peak. Admire the majestic <strong data-start=\"924\" data-end=\"957\">King's and Queen's pagodas<\/strong> as well as the sublime flower gardens of the national park.<\/p>\n<p data-start=\"1018\" data-end=\"1198\">Finally, round off the day with a <strong data-start=\"1053\" data-end=\"1107\">peaceful walk along the Pha Dok Siew trail<\/strong>, This is the perfect place to visit, between rice terraces, waterfalls and coffee plantations run by the Karen tribe.<\/p>\n<p data-start=\"1200\" data-end=\"1359\">An ideal itinerary for discovering the essence of Northern Thailand in a single day, combining <strong data-start=\"1298\" data-end=\"1358\">animal encounters, magnificent landscapes and local culture<\/strong>.<\/p>\n<hr data-start=\"1361\" data-end=\"1364\" \/>\n<h3 data-start=\"1366\" data-end=\"1391\">\ud83c\udf1f <strong data-start=\"1373\" data-end=\"1389\">Highlights<\/strong><\/h3>\n<ul data-start=\"1392\" data-end=\"1684\">\n<li data-start=\"1392\" data-end=\"1443\">\n<p data-start=\"1394\" data-end=\"1443\">Ethical sanctuary with elephants (no rides)<\/p>\n<\/li>\n<li data-start=\"1444\" data-end=\"1491\">\n<p data-start=\"1446\" data-end=\"1491\">Doi Inthanon: Thailand's highest point<\/p>\n<\/li>\n<li data-start=\"1492\" data-end=\"1537\">\n<p data-start=\"1494\" data-end=\"1537\">Visit the <strong data-start=\"1505\" data-end=\"1535\">royal pagodas and gardens<\/strong><\/p>\n<\/li>\n<li data-start=\"1538\" data-end=\"1582\">\n<p data-start=\"1540\" data-end=\"1582\">Panoramic walk in <strong data-start=\"1564\" data-end=\"1580\">Pha Dok Siew<\/strong><\/p>\n<\/li>\n<li data-start=\"1583\" data-end=\"1627\">\n<p data-start=\"1585\" data-end=\"1627\">Coffee break at the <strong data-start=\"1605\" data-end=\"1625\">Karen Hilltribes<\/strong><\/p>\n<\/li>\n<li data-start=\"1628\" data-end=\"1684\">\n<p data-start=\"1630\" data-end=\"1684\">Full day with transport, guide and meals included<\/p>\n<\/li>\n<\/ul>","protected":false},"featured_media":30360,"comment_status":"open","ping_status":"closed","template":"","meta":{"_uag_custom_page_level_css":""},"product_brand":[],"product_cat":[68],"product_tag":[],"class_list":{"0":"post-30363","1":"product","2":"type-product","3":"status-publish","4":"has-post-thumbnail","6":"product_cat-chiang-mai","8":"first","9":"instock","10":"virtual","11":"taxable","12":"purchasable","13":"product-type-simple"},"yoast_head":"<!-- This site is optimized with the Yoast SEO plugin v27.1.1 - https:\/\/yoast.com\/product\/yoast-seo-wordpress\/ -->\n<title>\ud83d\udc18\ud83c\udf3f Doi Inthanon, sanctuaire d\u2019\u00e9l\u00e9phants &amp; sentier de trekking \u2013 Le meilleur circuit de Chiang Mai ! -<\/title>\n<meta name=\"robots\" content=\"index, follow, max-snippet:-1, max-image-preview:large, max-video-preview:-1\" \/>\n<link rel=\"canonical\" href=\"https:\/\/lunayatravel.com\/en\/product\/\ud83d\udc18\ud83c\udf3f-doi-inthanon-sanctuaire-delephants-sentier-de-trekking-le-meilleur-circuit-de-chiang-mai\/\" \/>\n<meta property=\"og:locale\" content=\"en_GB\" \/>\n<meta property=\"og:type\" content=\"article\" \/>\n<meta property=\"og:title\" content=\"\ud83d\udc18\ud83c\udf3f Doi Inthanon, sanctuaire d\u2019\u00e9l\u00e9phants &amp; sentier de trekking \u2013 Le meilleur circuit de Chiang Mai ! -\" \/>\n<meta property=\"og:description\" content=\"\u2728 Description longue Vivez une journ\u00e9e inoubliable alliant nature, \u00e9thique et immersion culturelle. Ce circuit 3-en-1 r\u00e9unit les meilleures exp\u00e9riences de Chiang Mai en une seule journ\u00e9e. Commencez par un moment unique au sanctuaire Living Green Elephant, un refuge \u00e9thique o\u00f9 vous interagirez librement avec les \u00e9l\u00e9phants dans le respect total de leur bien-\u00eatre \u2013 sans monte, sans cha\u00eene, sans crochet. Apr\u00e8s un d\u00e9licieux d\u00e9jeuner local, prenez de l&#039;altitude vers Doi Inthanon, le plus haut sommet de Tha\u00eflande. Admirez les majestueuses pagodes du Roi et de la Reine ainsi que les sublimes jardins fleuris du parc national. Enfin, terminez la journ\u00e9e par une randonn\u00e9e paisible le long du sentier Pha Dok Siew, entre rizi\u00e8res en terrasses, cascades et plantations de caf\u00e9 g\u00e9r\u00e9es par la tribu Karen. Un itin\u00e9raire id\u00e9al pour d\u00e9couvrir l\u2019essence du Nord tha\u00eflandais en une seule journ\u00e9e, en alliant rencontre animale, paysages grandioses et culture locale.     \ud83c\udf1f Points forts    Sanctuaire \u00e9thique avec \u00e9l\u00e9phants (sans balade)    Doi Inthanon : point culminant de Tha\u00eflande    Visite des pagodes royales et jardins    Randonn\u00e9e panoramique \u00e0 Pha Dok Siew    Pause caf\u00e9 chez les Karen Hilltribes    Journ\u00e9e compl\u00e8te avec transport, guide et repas inclus\" \/>\n<meta property=\"og:url\" content=\"https:\/\/lunayatravel.com\/en\/product\/\ud83d\udc18\ud83c\udf3f-doi-inthanon-sanctuaire-delephants-sentier-de-trekking-le-meilleur-circuit-de-chiang-mai\/\" \/>\n<meta property=\"article:publisher\" content=\"https:\/\/www.facebook.com\/lunayaTravel\/\" \/>\n<meta property=\"article:modified_time\" content=\"2026-03-14T11:37:02+00:00\" \/>\n<meta property=\"og:image\" content=\"https:\/\/lunayatravel.com\/wp-content\/uploads\/2025\/08\/1_NewJa.webp\" \/>\n\t<meta property=\"og:image:width\" content=\"720\" \/>\n\t<meta property=\"og:image:height\" content=\"540\" \/>\n\t<meta property=\"og:image:type\" content=\"image\/webp\" \/>\n<meta name=\"twitter:card\" content=\"summary_large_image\" \/>\n<meta name=\"twitter:label1\" content=\"Estimated reading time\" \/>\n\t<meta name=\"twitter:data1\" content=\"1 minute\" \/>\n<script type=\"application\/ld+json\" class=\"yoast-schema-graph\">{\"@context\":\"https:\/\/schema.org\",\"@graph\":[{\"@type\":\"WebPage\",\"@id\":\"https:\/\/lunayatravel.com\/produit\/%f0%9f%90%98%f0%9f%8c%bf-doi-inthanon-sanctuaire-delephants-sentier-de-trekking-le-meilleur-circuit-de-chiang-mai\/\",\"url\":\"https:\/\/lunayatravel.com\/produit\/%f0%9f%90%98%f0%9f%8c%bf-doi-inthanon-sanctuaire-delephants-sentier-de-trekking-le-meilleur-circuit-de-chiang-mai\/\",\"name\":\"\ud83d\udc18\ud83c\udf3f Doi Inthanon, sanctuaire d\u2019\u00e9l\u00e9phants & sentier de trekking \u2013 Le meilleur circuit de Chiang Mai ! -\",\"isPartOf\":{\"@id\":\"https:\/\/lunayatravel.com\/#website\"},\"primaryImageOfPage\":{\"@id\":\"https:\/\/lunayatravel.com\/produit\/%f0%9f%90%98%f0%9f%8c%bf-doi-inthanon-sanctuaire-delephants-sentier-de-trekking-le-meilleur-circuit-de-chiang-mai\/#primaryimage\"},\"image\":{\"@id\":\"https:\/\/lunayatravel.com\/produit\/%f0%9f%90%98%f0%9f%8c%bf-doi-inthanon-sanctuaire-delephants-sentier-de-trekking-le-meilleur-circuit-de-chiang-mai\/#primaryimage\"},\"thumbnailUrl\":\"https:\/\/lunayatravel.com\/wp-content\/uploads\/2025\/08\/1_NewJa.webp\",\"datePublished\":\"2025-08-01T05:04:47+00:00\",\"dateModified\":\"2026-03-14T11:37:02+00:00\",\"breadcrumb\":{\"@id\":\"https:\/\/lunayatravel.com\/produit\/%f0%9f%90%98%f0%9f%8c%bf-doi-inthanon-sanctuaire-delephants-sentier-de-trekking-le-meilleur-circuit-de-chiang-mai\/#breadcrumb\"},\"inLanguage\":\"en-GB\",\"potentialAction\":[{\"@type\":\"ReadAction\",\"target\":[\"https:\/\/lunayatravel.com\/produit\/%f0%9f%90%98%f0%9f%8c%bf-doi-inthanon-sanctuaire-delephants-sentier-de-trekking-le-meilleur-circuit-de-chiang-mai\/\"]}]},{\"@type\":\"ImageObject\",\"inLanguage\":\"en-GB\",\"@id\":\"https:\/\/lunayatravel.com\/produit\/%f0%9f%90%98%f0%9f%8c%bf-doi-inthanon-sanctuaire-delephants-sentier-de-trekking-le-meilleur-circuit-de-chiang-mai\/#primaryimage\",\"url\":\"https:\/\/lunayatravel.com\/wp-content\/uploads\/2025\/08\/1_NewJa.webp\",\"contentUrl\":\"https:\/\/lunayatravel.com\/wp-content\/uploads\/2025\/08\/1_NewJa.webp\",\"width\":720,\"height\":540},{\"@type\":\"BreadcrumbList\",\"@id\":\"https:\/\/lunayatravel.com\/produit\/%f0%9f%90%98%f0%9f%8c%bf-doi-inthanon-sanctuaire-delephants-sentier-de-trekking-le-meilleur-circuit-de-chiang-mai\/#breadcrumb\",\"itemListElement\":[{\"@type\":\"ListItem\",\"position\":1,\"name\":\"Accueil\",\"item\":\"https:\/\/lunayatravel.com\/\"},{\"@type\":\"ListItem\",\"position\":2,\"name\":\"Nos activit\u00e9s\",\"item\":\"https:\/\/lunayatravel.com\/nos-activites\/\"},{\"@type\":\"ListItem\",\"position\":3,\"name\":\"\ud83d\udc18\ud83c\udf3f Doi Inthanon, sanctuaire d\u2019\u00e9l\u00e9phants &#038; sentier de trekking \u2013 Le meilleur circuit de Chiang Mai !\"}]},{\"@type\":\"WebSite\",\"@id\":\"https:\/\/lunayatravel.com\/#website\",\"url\":\"https:\/\/lunayatravel.com\/\",\"name\":\"\",\"description\":\"\",\"publisher\":{\"@id\":\"https:\/\/lunayatravel.com\/#organization\"},\"potentialAction\":[{\"@type\":\"SearchAction\",\"target\":{\"@type\":\"EntryPoint\",\"urlTemplate\":\"https:\/\/lunayatravel.com\/?s={search_term_string}\"},\"query-input\":{\"@type\":\"PropertyValueSpecification\",\"valueRequired\":true,\"valueName\":\"search_term_string\"}}],\"inLanguage\":\"en-GB\"},{\"@type\":\"Organization\",\"@id\":\"https:\/\/lunayatravel.com\/#organization\",\"name\":\"Lunaya travel\",\"alternateName\":\"Lunaya travel\",\"url\":\"https:\/\/lunayatravel.com\/\",\"logo\":{\"@type\":\"ImageObject\",\"inLanguage\":\"en-GB\",\"@id\":\"https:\/\/lunayatravel.com\/#\/schema\/logo\/image\/\",\"url\":\"https:\/\/lunayatravel.com\/wp-content\/uploads\/2026\/03\/cropped-647319118_2379115739204013_337015058165053143_n.jpg\",\"contentUrl\":\"https:\/\/lunayatravel.com\/wp-content\/uploads\/2026\/03\/cropped-647319118_2379115739204013_337015058165053143_n.jpg\",\"width\":1022,\"height\":1023,\"caption\":\"Lunaya travel\"},\"image\":{\"@id\":\"https:\/\/lunayatravel.com\/#\/schema\/logo\/image\/\"},\"sameAs\":[\"https:\/\/www.facebook.com\/lunayaTravel\/\"]}]}<\/script>\n<!-- \/ Yoast SEO plugin. -->","yoast_head_json":{"title":"\ud83d\udc18\ud83c\udf3f Doi Inthanon, sanctuaire d\u2019\u00e9l\u00e9phants & sentier de trekking \u2013 Le meilleur circuit de Chiang Mai ! -","robots":{"index":"index","follow":"follow","max-snippet":"max-snippet:-1","max-image-preview":"max-image-preview:large","max-video-preview":"max-video-preview:-1"},"canonical":"https:\/\/lunayatravel.com\/en\/product\/\ud83d\udc18\ud83c\udf3f-doi-inthanon-sanctuaire-delephants-sentier-de-trekking-le-meilleur-circuit-de-chiang-mai\/","og_locale":"en_GB","og_type":"article","og_title":"\ud83d\udc18\ud83c\udf3f Doi Inthanon, sanctuaire d\u2019\u00e9l\u00e9phants & sentier de trekking \u2013 Le meilleur circuit de Chiang Mai ! -","og_description":"\u2728 Description longue Vivez une journ\u00e9e inoubliable alliant nature, \u00e9thique et immersion culturelle. Ce circuit 3-en-1 r\u00e9unit les meilleures exp\u00e9riences de Chiang Mai en une seule journ\u00e9e. Commencez par un moment unique au sanctuaire Living Green Elephant, un refuge \u00e9thique o\u00f9 vous interagirez librement avec les \u00e9l\u00e9phants dans le respect total de leur bien-\u00eatre \u2013 sans monte, sans cha\u00eene, sans crochet. Apr\u00e8s un d\u00e9licieux d\u00e9jeuner local, prenez de l'altitude vers Doi Inthanon, le plus haut sommet de Tha\u00eflande. Admirez les majestueuses pagodes du Roi et de la Reine ainsi que les sublimes jardins fleuris du parc national. Enfin, terminez la journ\u00e9e par une randonn\u00e9e paisible le long du sentier Pha Dok Siew, entre rizi\u00e8res en terrasses, cascades et plantations de caf\u00e9 g\u00e9r\u00e9es par la tribu Karen. Un itin\u00e9raire id\u00e9al pour d\u00e9couvrir l\u2019essence du Nord tha\u00eflandais en une seule journ\u00e9e, en alliant rencontre animale, paysages grandioses et culture locale.     \ud83c\udf1f Points forts    Sanctuaire \u00e9thique avec \u00e9l\u00e9phants (sans balade)    Doi Inthanon : point culminant de Tha\u00eflande    Visite des pagodes royales et jardins    Randonn\u00e9e panoramique \u00e0 Pha Dok Siew    Pause caf\u00e9 chez les Karen Hilltribes    Journ\u00e9e compl\u00e8te avec transport, guide et repas inclus","og_url":"https:\/\/lunayatravel.com\/en\/product\/\ud83d\udc18\ud83c\udf3f-doi-inthanon-sanctuaire-delephants-sentier-de-trekking-le-meilleur-circuit-de-chiang-mai\/","article_publisher":"https:\/\/www.facebook.com\/lunayaTravel\/","article_modified_time":"2026-03-14T11:37:02+00:00","og_image":[{"width":720,"height":540,"url":"https:\/\/lunayatravel.com\/wp-content\/uploads\/2025\/08\/1_NewJa.webp","type":"image\/webp"}],"twitter_card":"summary_large_image","twitter_misc":{"Estimated reading time":"1 minute"},"schema":{"@context":"https:\/\/schema.org","@graph":[{"@type":"WebPage","@id":"https:\/\/lunayatravel.com\/produit\/%f0%9f%90%98%f0%9f%8c%bf-doi-inthanon-sanctuaire-delephants-sentier-de-trekking-le-meilleur-circuit-de-chiang-mai\/","url":"https:\/\/lunayatravel.com\/produit\/%f0%9f%90%98%f0%9f%8c%bf-doi-inthanon-sanctuaire-delephants-sentier-de-trekking-le-meilleur-circuit-de-chiang-mai\/","name":"\ud83d\udc18\ud83c\udf3f Doi Inthanon, sanctuaire d\u2019\u00e9l\u00e9phants & sentier de trekking \u2013 Le meilleur circuit de Chiang Mai ! -","isPartOf":{"@id":"https:\/\/lunayatravel.com\/#website"},"primaryImageOfPage":{"@id":"https:\/\/lunayatravel.com\/produit\/%f0%9f%90%98%f0%9f%8c%bf-doi-inthanon-sanctuaire-delephants-sentier-de-trekking-le-meilleur-circuit-de-chiang-mai\/#primaryimage"},"image":{"@id":"https:\/\/lunayatravel.com\/produit\/%f0%9f%90%98%f0%9f%8c%bf-doi-inthanon-sanctuaire-delephants-sentier-de-trekking-le-meilleur-circuit-de-chiang-mai\/#primaryimage"},"thumbnailUrl":"https:\/\/lunayatravel.com\/wp-content\/uploads\/2025\/08\/1_NewJa.webp","datePublished":"2025-08-01T05:04:47+00:00","dateModified":"2026-03-14T11:37:02+00:00","breadcrumb":{"@id":"https:\/\/lunayatravel.com\/produit\/%f0%9f%90%98%f0%9f%8c%bf-doi-inthanon-sanctuaire-delephants-sentier-de-trekking-le-meilleur-circuit-de-chiang-mai\/#breadcrumb"},"inLanguage":"en-GB","potentialAction":[{"@type":"ReadAction","target":["https:\/\/lunayatravel.com\/produit\/%f0%9f%90%98%f0%9f%8c%bf-doi-inthanon-sanctuaire-delephants-sentier-de-trekking-le-meilleur-circuit-de-chiang-mai\/"]}]},{"@type":"ImageObject","inLanguage":"en-GB","@id":"https:\/\/lunayatravel.com\/produit\/%f0%9f%90%98%f0%9f%8c%bf-doi-inthanon-sanctuaire-delephants-sentier-de-trekking-le-meilleur-circuit-de-chiang-mai\/#primaryimage","url":"https:\/\/lunayatravel.com\/wp-content\/uploads\/2025\/08\/1_NewJa.webp","contentUrl":"https:\/\/lunayatravel.com\/wp-content\/uploads\/2025\/08\/1_NewJa.webp","width":720,"height":540},{"@type":"BreadcrumbList","@id":"https:\/\/lunayatravel.com\/produit\/%f0%9f%90%98%f0%9f%8c%bf-doi-inthanon-sanctuaire-delephants-sentier-de-trekking-le-meilleur-circuit-de-chiang-mai\/#breadcrumb","itemListElement":[{"@type":"ListItem","position":1,"name":"Accueil","item":"https:\/\/lunayatravel.com\/"},{"@type":"ListItem","position":2,"name":"Nos activit\u00e9s","item":"https:\/\/lunayatravel.com\/nos-activites\/"},{"@type":"ListItem","position":3,"name":"\ud83d\udc18\ud83c\udf3f Doi Inthanon, sanctuaire d\u2019\u00e9l\u00e9phants &#038; sentier de trekking \u2013 Le meilleur circuit de Chiang Mai !"}]},{"@type":"WebSite","@id":"https:\/\/lunayatravel.com\/#website","url":"https:\/\/lunayatravel.com\/","name":"","description":"","publisher":{"@id":"https:\/\/lunayatravel.com\/#organization"},"potentialAction":[{"@type":"SearchAction","target":{"@type":"EntryPoint","urlTemplate":"https:\/\/lunayatravel.com\/?s={search_term_string}"},"query-input":{"@type":"PropertyValueSpecification","valueRequired":true,"valueName":"search_term_string"}}],"inLanguage":"en-GB"},{"@type":"Organization","@id":"https:\/\/lunayatravel.com\/#organization","name":"Lunaya travel","alternateName":"Lunaya travel","url":"https:\/\/lunayatravel.com\/","logo":{"@type":"ImageObject","inLanguage":"en-GB","@id":"https:\/\/lunayatravel.com\/#\/schema\/logo\/image\/","url":"https:\/\/lunayatravel.com\/wp-content\/uploads\/2026\/03\/cropped-647319118_2379115739204013_337015058165053143_n.jpg","contentUrl":"https:\/\/lunayatravel.com\/wp-content\/uploads\/2026\/03\/cropped-647319118_2379115739204013_337015058165053143_n.jpg","width":1022,"height":1023,"caption":"Lunaya travel"},"image":{"@id":"https:\/\/lunayatravel.com\/#\/schema\/logo\/image\/"},"sameAs":["https:\/\/www.facebook.com\/lunayaTravel\/"]}]}},"uagb_featured_image_src":{"full":["https:\/\/lunayatravel.com\/wp-content\/uploads\/2025\/08\/1_NewJa.webp",720,540,false],"thumbnail":["https:\/\/lunayatravel.com\/wp-content\/uploads\/2025\/08\/1_NewJa-150x150.webp",150,150,true],"medium":["https:\/\/lunayatravel.com\/wp-content\/uploads\/2025\/08\/1_NewJa-300x225.webp",300,225,true],"medium_large":["https:\/\/lunayatravel.com\/wp-content\/uploads\/2025\/08\/1_NewJa.webp",720,540,false],"large":["https:\/\/lunayatravel.com\/wp-content\/uploads\/2025\/08\/1_NewJa.webp",720,540,false],"1536x1536":["https:\/\/lunayatravel.com\/wp-content\/uploads\/2025\/08\/1_NewJa.webp",720,540,false],"2048x2048":["https:\/\/lunayatravel.com\/wp-content\/uploads\/2025\/08\/1_NewJa.webp",720,540,false],"trp-custom-language-flag":["https:\/\/lunayatravel.com\/wp-content\/uploads\/2025\/08\/1_NewJa.webp",16,12,false],"widget-thumbnail":["https:\/\/lunayatravel.com\/wp-content\/uploads\/2025\/08\/1_NewJa-75x75.webp",75,75,true],"mailpoet_newsletter_max":["https:\/\/lunayatravel.com\/wp-content\/uploads\/2025\/08\/1_NewJa.webp",720,540,false],"woocommerce_thumbnail":["https:\/\/lunayatravel.com\/wp-content\/uploads\/2025\/08\/1_NewJa-300x300.webp",300,300,true],"woocommerce_single":["https:\/\/lunayatravel.com\/wp-content\/uploads\/2025\/08\/1_NewJa-600x450.webp",600,450,true],"woocommerce_gallery_thumbnail":["https:\/\/lunayatravel.com\/wp-content\/uploads\/2025\/08\/1_NewJa-100x100.webp",100,100,true],"sow-carousel-default":["https:\/\/lunayatravel.com\/wp-content\/uploads\/2025\/08\/1_NewJa-272x182.webp",272,182,true]},"uagb_author_info":{"display_name":"haemers stephanie","author_link":"https:\/\/lunayatravel.com\/en\/author\/"},"uagb_comment_info":0,"uagb_excerpt":"\u2728 Description longue Vivez une journ\u00e9e inoubliable alliant nature, \u00e9thique et immersion culturelle. Ce circuit 3-en-1 r\u00e9unit les meilleures exp\u00e9riences de Chiang Mai en une seule journ\u00e9e. Commencez par un moment unique au sanctuaire Living Green Elephant, un refuge \u00e9thique o\u00f9 vous interagirez librement avec les \u00e9l\u00e9phants dans le respect total de leur bien-\u00eatre \u2013&hellip;","jetpack_sharing_enabled":true,"_links":{"self":[{"href":"https:\/\/lunayatravel.com\/en\/wp-json\/wp\/v2\/product\/30363","targetHints":{"allow":["GET"]}}],"collection":[{"href":"https:\/\/lunayatravel.com\/en\/wp-json\/wp\/v2\/product"}],"about":[{"href":"https:\/\/lunayatravel.com\/en\/wp-json\/wp\/v2\/types\/product"}],"replies":[{"embeddable":true,"href":"https:\/\/lunayatravel.com\/en\/wp-json\/wp\/v2\/comments?post=30363"}],"wp:featuredmedia":[{"embeddable":true,"href":"https:\/\/lunayatravel.com\/en\/wp-json\/wp\/v2\/media\/30360"}],"wp:attachment":[{"href":"https:\/\/lunayatravel.com\/en\/wp-json\/wp\/v2\/media?parent=30363"}],"wp:term":[{"taxonomy":"product_brand","embeddable":true,"href":"https:\/\/lunayatravel.com\/en\/wp-json\/wp\/v2\/product_brand?post=30363"},{"taxonomy":"product_cat","embeddable":true,"href":"https:\/\/lunayatravel.com\/en\/wp-json\/wp\/v2\/product_cat?post=30363"},{"taxonomy":"product_tag","embeddable":true,"href":"https:\/\/lunayatravel.com\/en\/wp-json\/wp\/v2\/product_tag?post=30363"}],"curies":[{"name":"wp","href":"https:\/\/api.w.org\/{rel}","templated":true}]}}