{"id":30348,"date":"2025-08-01T06:53:33","date_gmt":"2025-08-01T04:53:33","guid":{"rendered":"https:\/\/itctoursvoyages.com\/?post_type=product&#038;p=30348"},"modified":"2025-08-01T06:53:33","modified_gmt":"2025-08-01T04:53:33","slug":"%f0%9f%9b%95-excursion-temple-blanc-bleu-rouge-cafe-feerique-lalitta-depuis-chiang-mai","status":"publish","type":"product","link":"https:\/\/lunayatravel.com\/en\/product\/%f0%9f%9b%95-excursion-temple-blanc-bleu-rouge-cafe-feerique-lalitta-depuis-chiang-mai\/","title":{"rendered":"\ud83d\uded5 White, Blue &amp; Red Temple Excursion + Lalitta Fairytale Coffee (from Chiang Mai)"},"content":{"rendered":"<h3 data-start=\"869\" data-end=\"890\">\ud83d\udccd <strong data-start=\"876\" data-end=\"890\">Itinerary<\/strong><\/h3>\n<p data-start=\"892\" data-end=\"1451\">\ud83d\udd56 7.00am - 7.30am: Pick-up from your hotel in Chiang Mai<br data-start=\"954\" data-end=\"957\" \/>\ud83e\uddd6\u200d\u2642\ufe0f Foot bath with <strong data-start=\"982\" data-end=\"1013\">Mae Kachan hot spring<\/strong> (20 min)<br data-start=\"1022\" data-end=\"1025\" \/>\ud83c\udfde\ufe0f (Optional) Visit to the <strong data-start=\"1051\" data-end=\"1078\">Karen Long Neck village<\/strong> (+300 THB, 30 min)<br data-start=\"1097\" data-end=\"1100\" \/>\ud83c\udfef Visit the <strong data-start=\"1113\" data-end=\"1145\">White Temple (Wat Rong Khun)<\/strong> - 50 min<br data-start=\"1154\" data-end=\"1157\" \/>\ud83c\udf7d\ufe0f Thai lunch in a local restaurant - 25 min<br data-start=\"1215\" data-end=\"1218\" \/>\ud83d\udd35 Visit the <strong data-start=\"1231\" data-end=\"1266\">Blue Temple (Wat Rong Suea Ten)<\/strong> - 30 minutes<br data-start=\"1275\" data-end=\"1278\" \/>\ud83c\udf3f A fairytale break at the <strong data-start=\"1299\" data-end=\"1315\">Caf\u00e9 Lalitta<\/strong> - 40 min<br data-start=\"1324\" data-end=\"1327\" \/>\ud83d\udd34 Visit the majestic <strong data-start=\"1351\" data-end=\"1387\">Red Temple (Wat Huay Pla Kang)<\/strong> - 30 minutes<br data-start=\"1396\" data-end=\"1399\" \/>\ud83d\udd62 18:30 - 19:00: Return to your hotel in Chiang Mai<\/p>\n<hr data-start=\"1453\" data-end=\"1456\" \/>\n<h3 data-start=\"1458\" data-end=\"1485\">\u2705 <strong data-start=\"1464\" data-end=\"1485\">What's included<\/strong><\/h3>\n<ul data-start=\"1487\" data-end=\"1692\">\n<li data-start=\"1487\" data-end=\"1522\">\n<p data-start=\"1489\" data-end=\"1522\">Transport in air-conditioned vehicle<\/p>\n<\/li>\n<li data-start=\"1523\" data-end=\"1556\">\n<p data-start=\"1525\" data-end=\"1556\">TAT-certified English-speaking guide<\/p>\n<\/li>\n<li data-start=\"1557\" data-end=\"1580\">\n<p data-start=\"1559\" data-end=\"1580\">Entrance to temples<\/p>\n<\/li>\n<li data-start=\"1581\" data-end=\"1605\">\n<p data-start=\"1583\" data-end=\"1605\">Thai lunch<\/p>\n<\/li>\n<li data-start=\"1606\" data-end=\"1629\">\n<p data-start=\"1608\" data-end=\"1629\">Water and fresh fruit<\/p>\n<\/li>\n<li data-start=\"1630\" data-end=\"1652\">\n<p data-start=\"1632\" data-end=\"1652\">Accident insurance<\/p>\n<\/li>\n<li data-start=\"1653\" data-end=\"1692\">\n<p data-start=\"1655\" data-end=\"1692\">THB 60 coupon for Lalitta caf\u00e9<\/p>\n<\/li>\n<\/ul>\n<hr data-start=\"1694\" data-end=\"1697\" \/>\n<h3 data-start=\"1699\" data-end=\"1719\">\u274c <strong data-start=\"1705\" data-end=\"1719\">Not included<\/strong><\/h3>\n<ul data-start=\"1721\" data-end=\"1924\">\n<li data-start=\"1721\" data-end=\"1782\">\n<p data-start=\"1723\" data-end=\"1782\">Visit to Karen Long Neck village (optional: THB 300)<\/p>\n<\/li>\n<li data-start=\"1783\" data-end=\"1841\">\n<p data-start=\"1785\" data-end=\"1841\">Drinks and extras at Caf\u00e9 Lalitta (beyond coupon)<\/p>\n<\/li>\n<li data-start=\"1842\" data-end=\"1870\">\n<p data-start=\"1844\" data-end=\"1870\">Tips (optional)<\/p>\n<\/li>\n<li data-start=\"1871\" data-end=\"1924\">\n<p data-start=\"1873\" data-end=\"1924\">Use of the lift at the Red Temple (THB 40)<\/p>\n<\/li>\n<\/ul>\n<hr data-start=\"1926\" data-end=\"1929\" \/>\n<h3 data-start=\"1931\" data-end=\"1951\">\ud83c\udf92 <strong data-start=\"1938\" data-end=\"1951\">What to expect<\/strong><\/h3>\n<ul data-start=\"1953\" data-end=\"2043\">\n<li data-start=\"1953\" data-end=\"1977\">\n<p data-start=\"1955\" data-end=\"1977\">Hat or cap<\/p>\n<\/li>\n<li data-start=\"1978\" data-end=\"1995\">\n<p data-start=\"1980\" data-end=\"1995\">Sun cream<\/p>\n<\/li>\n<li data-start=\"1996\" data-end=\"2043\">\n<p data-start=\"1998\" data-end=\"2043\">Cash for personal expenses and options<\/p>\n<\/li>\n<\/ul>","protected":false},"excerpt":{"rendered":"<p data-start=\"223\" data-end=\"534\">Discover <strong data-start=\"233\" data-end=\"265\">three spectacular temples<\/strong> in the Chiang Rai region, each with its own unique atmosphere and style. A day rich in cultural discoveries, enchanting landscapes and gourmet breaks.<br data-start=\"432\" data-end=\"435\" \/>Perfect for those who want to <strong data-start=\"465\" data-end=\"494\">a feast for the eyes<\/strong> and capture unforgettable memories.<\/p>\n<hr data-start=\"536\" data-end=\"539\" \/>\n<h3 data-start=\"541\" data-end=\"564\">\ud83c\udf1f <strong data-start=\"548\" data-end=\"564\">Highlights<\/strong><\/h3>\n<ul data-start=\"566\" data-end=\"862\">\n<li data-start=\"566\" data-end=\"640\">\n<p data-start=\"568\" data-end=\"640\">Visit the <strong data-start=\"580\" data-end=\"607\">3 emblematic temples<\/strong> du nord: white, blue and red<\/p>\n<\/li>\n<li data-start=\"641\" data-end=\"723\">\n<p data-start=\"643\" data-end=\"723\">Discover a <strong data-start=\"656\" data-end=\"690\">a unique artistic masterpiece<\/strong> Wat Rong Khun (White Temple)<\/p>\n<\/li>\n<li data-start=\"724\" data-end=\"804\">\n<p data-start=\"726\" data-end=\"804\">Take magical photos at the <strong data-start=\"756\" data-end=\"772\">Caf\u00e9 Lalitta<\/strong>in the heart of a magical forest<\/p>\n<\/li>\n<li data-start=\"805\" data-end=\"862\">\n<p data-start=\"807\" data-end=\"862\">Relaxation, culture and wonder all in one day<\/p>\n<\/li>\n<\/ul>","protected":false},"featured_media":30352,"comment_status":"open","ping_status":"closed","template":"","meta":{"_uag_custom_page_level_css":""},"product_brand":[],"product_cat":[68],"product_tag":[],"class_list":{"0":"post-30348","1":"product","2":"type-product","3":"status-publish","4":"has-post-thumbnail","6":"product_cat-chiang-mai","8":"first","9":"instock","10":"virtual","11":"taxable","12":"purchasable","13":"product-type-simple"},"yoast_head":"<!-- This site is optimized with the Yoast SEO plugin v27.1.1 - https:\/\/yoast.com\/product\/yoast-seo-wordpress\/ -->\n<title>\ud83d\uded5 Excursion Temple Blanc, Bleu &amp; Rouge + Caf\u00e9 f\u00e9erique Lalitta (depuis Chiang Mai) -<\/title>\n<meta name=\"robots\" content=\"index, follow, max-snippet:-1, max-image-preview:large, max-video-preview:-1\" \/>\n<link rel=\"canonical\" href=\"https:\/\/lunayatravel.com\/en\/product\/\ud83d\uded5-excursion-temple-blanc-bleu-rouge-cafe-feerique-lalitta-depuis-chiang-mai\/\" \/>\n<meta property=\"og:locale\" content=\"en_GB\" \/>\n<meta property=\"og:type\" content=\"article\" \/>\n<meta property=\"og:title\" content=\"\ud83d\uded5 Excursion Temple Blanc, Bleu &amp; Rouge + Caf\u00e9 f\u00e9erique Lalitta (depuis Chiang Mai) -\" \/>\n<meta property=\"og:description\" content=\"D\u00e9couvrez trois temples spectaculaires dans la r\u00e9gion de Chiang Rai, chacun avec son atmosph\u00e8re et son style unique. Une journ\u00e9e riche en d\u00e9couvertes culturelles, paysages enchanteurs et pauses gourmandes.Parfait pour ceux qui veulent en prendre plein les yeux et capturer des souvenirs inoubliables.     \ud83c\udf1f Points forts    Visitez les 3 temples embl\u00e9matiques du nord : blanc, bleu et rouge    D\u00e9couvrez un chef-d&#039;\u0153uvre artistique unique \u00e0 Wat Rong Khun (Temple Blanc)    Prenez des photos magiques au Caf\u00e9 Lalitta, au c\u0153ur d\u2019une for\u00eat f\u00e9erique    D\u00e9tente, culture et \u00e9merveillement en une seule journ\u00e9e\" \/>\n<meta property=\"og:url\" content=\"https:\/\/lunayatravel.com\/en\/product\/\ud83d\uded5-excursion-temple-blanc-bleu-rouge-cafe-feerique-lalitta-depuis-chiang-mai\/\" \/>\n<meta property=\"article:publisher\" content=\"https:\/\/www.facebook.com\/lunayaTravel\/\" \/>\n<meta property=\"og:image\" content=\"https:\/\/lunayatravel.com\/wp-content\/uploads\/2025\/08\/2-3.webp\" \/>\n\t<meta property=\"og:image:width\" content=\"720\" \/>\n\t<meta property=\"og:image:height\" content=\"540\" \/>\n\t<meta property=\"og:image:type\" content=\"image\/webp\" \/>\n<meta name=\"twitter:card\" content=\"summary_large_image\" \/>\n<meta name=\"twitter:label1\" content=\"Estimated reading time\" \/>\n\t<meta name=\"twitter:data1\" content=\"1 minute\" \/>\n<script type=\"application\/ld+json\" class=\"yoast-schema-graph\">{\"@context\":\"https:\/\/schema.org\",\"@graph\":[{\"@type\":\"WebPage\",\"@id\":\"https:\/\/lunayatravel.com\/produit\/%f0%9f%9b%95-excursion-temple-blanc-bleu-rouge-cafe-feerique-lalitta-depuis-chiang-mai\/\",\"url\":\"https:\/\/lunayatravel.com\/produit\/%f0%9f%9b%95-excursion-temple-blanc-bleu-rouge-cafe-feerique-lalitta-depuis-chiang-mai\/\",\"name\":\"\ud83d\uded5 Excursion Temple Blanc, Bleu & Rouge + Caf\u00e9 f\u00e9erique Lalitta (depuis Chiang Mai) -\",\"isPartOf\":{\"@id\":\"https:\/\/lunayatravel.com\/#website\"},\"primaryImageOfPage\":{\"@id\":\"https:\/\/lunayatravel.com\/produit\/%f0%9f%9b%95-excursion-temple-blanc-bleu-rouge-cafe-feerique-lalitta-depuis-chiang-mai\/#primaryimage\"},\"image\":{\"@id\":\"https:\/\/lunayatravel.com\/produit\/%f0%9f%9b%95-excursion-temple-blanc-bleu-rouge-cafe-feerique-lalitta-depuis-chiang-mai\/#primaryimage\"},\"thumbnailUrl\":\"https:\/\/lunayatravel.com\/wp-content\/uploads\/2025\/08\/2-3.webp\",\"datePublished\":\"2025-08-01T04:53:33+00:00\",\"breadcrumb\":{\"@id\":\"https:\/\/lunayatravel.com\/produit\/%f0%9f%9b%95-excursion-temple-blanc-bleu-rouge-cafe-feerique-lalitta-depuis-chiang-mai\/#breadcrumb\"},\"inLanguage\":\"en-GB\",\"potentialAction\":[{\"@type\":\"ReadAction\",\"target\":[\"https:\/\/lunayatravel.com\/produit\/%f0%9f%9b%95-excursion-temple-blanc-bleu-rouge-cafe-feerique-lalitta-depuis-chiang-mai\/\"]}]},{\"@type\":\"ImageObject\",\"inLanguage\":\"en-GB\",\"@id\":\"https:\/\/lunayatravel.com\/produit\/%f0%9f%9b%95-excursion-temple-blanc-bleu-rouge-cafe-feerique-lalitta-depuis-chiang-mai\/#primaryimage\",\"url\":\"https:\/\/lunayatravel.com\/wp-content\/uploads\/2025\/08\/2-3.webp\",\"contentUrl\":\"https:\/\/lunayatravel.com\/wp-content\/uploads\/2025\/08\/2-3.webp\",\"width\":720,\"height\":540},{\"@type\":\"BreadcrumbList\",\"@id\":\"https:\/\/lunayatravel.com\/produit\/%f0%9f%9b%95-excursion-temple-blanc-bleu-rouge-cafe-feerique-lalitta-depuis-chiang-mai\/#breadcrumb\",\"itemListElement\":[{\"@type\":\"ListItem\",\"position\":1,\"name\":\"Accueil\",\"item\":\"https:\/\/lunayatravel.com\/\"},{\"@type\":\"ListItem\",\"position\":2,\"name\":\"Nos activit\u00e9s\",\"item\":\"https:\/\/lunayatravel.com\/nos-activites\/\"},{\"@type\":\"ListItem\",\"position\":3,\"name\":\"\ud83d\uded5 Excursion Temple Blanc, Bleu &#038; Rouge + Caf\u00e9 f\u00e9erique Lalitta (depuis Chiang Mai)\"}]},{\"@type\":\"WebSite\",\"@id\":\"https:\/\/lunayatravel.com\/#website\",\"url\":\"https:\/\/lunayatravel.com\/\",\"name\":\"\",\"description\":\"\",\"publisher\":{\"@id\":\"https:\/\/lunayatravel.com\/#organization\"},\"potentialAction\":[{\"@type\":\"SearchAction\",\"target\":{\"@type\":\"EntryPoint\",\"urlTemplate\":\"https:\/\/lunayatravel.com\/?s={search_term_string}\"},\"query-input\":{\"@type\":\"PropertyValueSpecification\",\"valueRequired\":true,\"valueName\":\"search_term_string\"}}],\"inLanguage\":\"en-GB\"},{\"@type\":\"Organization\",\"@id\":\"https:\/\/lunayatravel.com\/#organization\",\"name\":\"Lunaya travel\",\"alternateName\":\"Lunaya travel\",\"url\":\"https:\/\/lunayatravel.com\/\",\"logo\":{\"@type\":\"ImageObject\",\"inLanguage\":\"en-GB\",\"@id\":\"https:\/\/lunayatravel.com\/#\/schema\/logo\/image\/\",\"url\":\"https:\/\/lunayatravel.com\/wp-content\/uploads\/2026\/03\/cropped-647319118_2379115739204013_337015058165053143_n.jpg\",\"contentUrl\":\"https:\/\/lunayatravel.com\/wp-content\/uploads\/2026\/03\/cropped-647319118_2379115739204013_337015058165053143_n.jpg\",\"width\":1022,\"height\":1023,\"caption\":\"Lunaya travel\"},\"image\":{\"@id\":\"https:\/\/lunayatravel.com\/#\/schema\/logo\/image\/\"},\"sameAs\":[\"https:\/\/www.facebook.com\/lunayaTravel\/\"]}]}<\/script>\n<!-- \/ Yoast SEO plugin. -->","yoast_head_json":{"title":"\ud83d\uded5 Excursion Temple Blanc, Bleu & Rouge + Caf\u00e9 f\u00e9erique Lalitta (depuis Chiang Mai) -","robots":{"index":"index","follow":"follow","max-snippet":"max-snippet:-1","max-image-preview":"max-image-preview:large","max-video-preview":"max-video-preview:-1"},"canonical":"https:\/\/lunayatravel.com\/en\/product\/\ud83d\uded5-excursion-temple-blanc-bleu-rouge-cafe-feerique-lalitta-depuis-chiang-mai\/","og_locale":"en_GB","og_type":"article","og_title":"\ud83d\uded5 Excursion Temple Blanc, Bleu & Rouge + Caf\u00e9 f\u00e9erique Lalitta (depuis Chiang Mai) -","og_description":"D\u00e9couvrez trois temples spectaculaires dans la r\u00e9gion de Chiang Rai, chacun avec son atmosph\u00e8re et son style unique. Une journ\u00e9e riche en d\u00e9couvertes culturelles, paysages enchanteurs et pauses gourmandes.Parfait pour ceux qui veulent en prendre plein les yeux et capturer des souvenirs inoubliables.     \ud83c\udf1f Points forts    Visitez les 3 temples embl\u00e9matiques du nord : blanc, bleu et rouge    D\u00e9couvrez un chef-d'\u0153uvre artistique unique \u00e0 Wat Rong Khun (Temple Blanc)    Prenez des photos magiques au Caf\u00e9 Lalitta, au c\u0153ur d\u2019une for\u00eat f\u00e9erique    D\u00e9tente, culture et \u00e9merveillement en une seule journ\u00e9e","og_url":"https:\/\/lunayatravel.com\/en\/product\/\ud83d\uded5-excursion-temple-blanc-bleu-rouge-cafe-feerique-lalitta-depuis-chiang-mai\/","article_publisher":"https:\/\/www.facebook.com\/lunayaTravel\/","og_image":[{"width":720,"height":540,"url":"https:\/\/lunayatravel.com\/wp-content\/uploads\/2025\/08\/2-3.webp","type":"image\/webp"}],"twitter_card":"summary_large_image","twitter_misc":{"Estimated reading time":"1 minute"},"schema":{"@context":"https:\/\/schema.org","@graph":[{"@type":"WebPage","@id":"https:\/\/lunayatravel.com\/produit\/%f0%9f%9b%95-excursion-temple-blanc-bleu-rouge-cafe-feerique-lalitta-depuis-chiang-mai\/","url":"https:\/\/lunayatravel.com\/produit\/%f0%9f%9b%95-excursion-temple-blanc-bleu-rouge-cafe-feerique-lalitta-depuis-chiang-mai\/","name":"\ud83d\uded5 Excursion Temple Blanc, Bleu & Rouge + Caf\u00e9 f\u00e9erique Lalitta (depuis Chiang Mai) -","isPartOf":{"@id":"https:\/\/lunayatravel.com\/#website"},"primaryImageOfPage":{"@id":"https:\/\/lunayatravel.com\/produit\/%f0%9f%9b%95-excursion-temple-blanc-bleu-rouge-cafe-feerique-lalitta-depuis-chiang-mai\/#primaryimage"},"image":{"@id":"https:\/\/lunayatravel.com\/produit\/%f0%9f%9b%95-excursion-temple-blanc-bleu-rouge-cafe-feerique-lalitta-depuis-chiang-mai\/#primaryimage"},"thumbnailUrl":"https:\/\/lunayatravel.com\/wp-content\/uploads\/2025\/08\/2-3.webp","datePublished":"2025-08-01T04:53:33+00:00","breadcrumb":{"@id":"https:\/\/lunayatravel.com\/produit\/%f0%9f%9b%95-excursion-temple-blanc-bleu-rouge-cafe-feerique-lalitta-depuis-chiang-mai\/#breadcrumb"},"inLanguage":"en-GB","potentialAction":[{"@type":"ReadAction","target":["https:\/\/lunayatravel.com\/produit\/%f0%9f%9b%95-excursion-temple-blanc-bleu-rouge-cafe-feerique-lalitta-depuis-chiang-mai\/"]}]},{"@type":"ImageObject","inLanguage":"en-GB","@id":"https:\/\/lunayatravel.com\/produit\/%f0%9f%9b%95-excursion-temple-blanc-bleu-rouge-cafe-feerique-lalitta-depuis-chiang-mai\/#primaryimage","url":"https:\/\/lunayatravel.com\/wp-content\/uploads\/2025\/08\/2-3.webp","contentUrl":"https:\/\/lunayatravel.com\/wp-content\/uploads\/2025\/08\/2-3.webp","width":720,"height":540},{"@type":"BreadcrumbList","@id":"https:\/\/lunayatravel.com\/produit\/%f0%9f%9b%95-excursion-temple-blanc-bleu-rouge-cafe-feerique-lalitta-depuis-chiang-mai\/#breadcrumb","itemListElement":[{"@type":"ListItem","position":1,"name":"Accueil","item":"https:\/\/lunayatravel.com\/"},{"@type":"ListItem","position":2,"name":"Nos activit\u00e9s","item":"https:\/\/lunayatravel.com\/nos-activites\/"},{"@type":"ListItem","position":3,"name":"\ud83d\uded5 Excursion Temple Blanc, Bleu &#038; Rouge + Caf\u00e9 f\u00e9erique Lalitta (depuis Chiang Mai)"}]},{"@type":"WebSite","@id":"https:\/\/lunayatravel.com\/#website","url":"https:\/\/lunayatravel.com\/","name":"","description":"","publisher":{"@id":"https:\/\/lunayatravel.com\/#organization"},"potentialAction":[{"@type":"SearchAction","target":{"@type":"EntryPoint","urlTemplate":"https:\/\/lunayatravel.com\/?s={search_term_string}"},"query-input":{"@type":"PropertyValueSpecification","valueRequired":true,"valueName":"search_term_string"}}],"inLanguage":"en-GB"},{"@type":"Organization","@id":"https:\/\/lunayatravel.com\/#organization","name":"Lunaya travel","alternateName":"Lunaya travel","url":"https:\/\/lunayatravel.com\/","logo":{"@type":"ImageObject","inLanguage":"en-GB","@id":"https:\/\/lunayatravel.com\/#\/schema\/logo\/image\/","url":"https:\/\/lunayatravel.com\/wp-content\/uploads\/2026\/03\/cropped-647319118_2379115739204013_337015058165053143_n.jpg","contentUrl":"https:\/\/lunayatravel.com\/wp-content\/uploads\/2026\/03\/cropped-647319118_2379115739204013_337015058165053143_n.jpg","width":1022,"height":1023,"caption":"Lunaya travel"},"image":{"@id":"https:\/\/lunayatravel.com\/#\/schema\/logo\/image\/"},"sameAs":["https:\/\/www.facebook.com\/lunayaTravel\/"]}]}},"uagb_featured_image_src":{"full":["https:\/\/lunayatravel.com\/wp-content\/uploads\/2025\/08\/2-3.webp",720,540,false],"thumbnail":["https:\/\/lunayatravel.com\/wp-content\/uploads\/2025\/08\/2-3-150x150.webp",150,150,true],"medium":["https:\/\/lunayatravel.com\/wp-content\/uploads\/2025\/08\/2-3-300x225.webp",300,225,true],"medium_large":["https:\/\/lunayatravel.com\/wp-content\/uploads\/2025\/08\/2-3.webp",720,540,false],"large":["https:\/\/lunayatravel.com\/wp-content\/uploads\/2025\/08\/2-3.webp",720,540,false],"1536x1536":["https:\/\/lunayatravel.com\/wp-content\/uploads\/2025\/08\/2-3.webp",720,540,false],"2048x2048":["https:\/\/lunayatravel.com\/wp-content\/uploads\/2025\/08\/2-3.webp",720,540,false],"trp-custom-language-flag":["https:\/\/lunayatravel.com\/wp-content\/uploads\/2025\/08\/2-3.webp",16,12,false],"widget-thumbnail":["https:\/\/lunayatravel.com\/wp-content\/uploads\/2025\/08\/2-3-75x75.webp",75,75,true],"mailpoet_newsletter_max":["https:\/\/lunayatravel.com\/wp-content\/uploads\/2025\/08\/2-3.webp",720,540,false],"woocommerce_thumbnail":["https:\/\/lunayatravel.com\/wp-content\/uploads\/2025\/08\/2-3-300x300.webp",300,300,true],"woocommerce_single":["https:\/\/lunayatravel.com\/wp-content\/uploads\/2025\/08\/2-3-600x450.webp",600,450,true],"woocommerce_gallery_thumbnail":["https:\/\/lunayatravel.com\/wp-content\/uploads\/2025\/08\/2-3-100x100.webp",100,100,true],"sow-carousel-default":["https:\/\/lunayatravel.com\/wp-content\/uploads\/2025\/08\/2-3-272x182.webp",272,182,true]},"uagb_author_info":{"display_name":"haemers stephanie","author_link":"https:\/\/lunayatravel.com\/en\/author\/"},"uagb_comment_info":0,"uagb_excerpt":"D\u00e9couvrez trois temples spectaculaires dans la r\u00e9gion de Chiang Rai, chacun avec son atmosph\u00e8re et son style unique. Une journ\u00e9e riche en d\u00e9couvertes culturelles, paysages enchanteurs et pauses gourmandes.Parfait pour ceux qui veulent en prendre plein les yeux et capturer des souvenirs inoubliables. \ud83c\udf1f Points forts Visitez les 3 temples embl\u00e9matiques du nord : blanc,&hellip;","jetpack_sharing_enabled":true,"_links":{"self":[{"href":"https:\/\/lunayatravel.com\/en\/wp-json\/wp\/v2\/product\/30348","targetHints":{"allow":["GET"]}}],"collection":[{"href":"https:\/\/lunayatravel.com\/en\/wp-json\/wp\/v2\/product"}],"about":[{"href":"https:\/\/lunayatravel.com\/en\/wp-json\/wp\/v2\/types\/product"}],"replies":[{"embeddable":true,"href":"https:\/\/lunayatravel.com\/en\/wp-json\/wp\/v2\/comments?post=30348"}],"wp:featuredmedia":[{"embeddable":true,"href":"https:\/\/lunayatravel.com\/en\/wp-json\/wp\/v2\/media\/30352"}],"wp:attachment":[{"href":"https:\/\/lunayatravel.com\/en\/wp-json\/wp\/v2\/media?parent=30348"}],"wp:term":[{"taxonomy":"product_brand","embeddable":true,"href":"https:\/\/lunayatravel.com\/en\/wp-json\/wp\/v2\/product_brand?post=30348"},{"taxonomy":"product_cat","embeddable":true,"href":"https:\/\/lunayatravel.com\/en\/wp-json\/wp\/v2\/product_cat?post=30348"},{"taxonomy":"product_tag","embeddable":true,"href":"https:\/\/lunayatravel.com\/en\/wp-json\/wp\/v2\/product_tag?post=30348"}],"curies":[{"name":"wp","href":"https:\/\/api.w.org\/{rel}","templated":true}]}}