{"id":30343,"date":"2025-07-30T09:22:56","date_gmt":"2025-07-30T07:22:56","guid":{"rendered":"https:\/\/itctoursvoyages.com\/?post_type=product&#038;p=30343"},"modified":"2025-07-30T09:23:15","modified_gmt":"2025-07-30T07:23:15","slug":"%f0%9f%8d%9c-cours-prive-de-cuisine-thailandaise-dans-une-maison-traditionnelle-au-bord-de-la-riviere-baan-chao-na","status":"publish","type":"product","link":"https:\/\/lunayatravel.com\/en\/product\/%f0%9f%8d%9c-cours-prive-de-cuisine-thailandaise-dans-une-maison-traditionnelle-au-bord-de-la-riviere-baan-chao-na\/","title":{"rendered":"\ud83c\udf5c Private Thai cooking class in a traditional riverside house (Baan Chao Na)."},"content":{"rendered":"<h3 data-start=\"967\" data-end=\"996\">\ud83d\udcc5 <strong data-start=\"974\" data-end=\"996\">Course timetable<\/strong><\/h3>\n<ul data-start=\"998\" data-end=\"1128\">\n<li data-start=\"998\" data-end=\"1038\">\n<p data-start=\"1000\" data-end=\"1038\">\ud83d\udd58 <strong data-start=\"1003\" data-end=\"1021\">Morning classes<\/strong> 9.00am - 12.30pm<\/p>\n<\/li>\n<li data-start=\"1039\" data-end=\"1087\">\n<p data-start=\"1041\" data-end=\"1087\">\ud83d\udd50 <strong data-start=\"1044\" data-end=\"1069\">Afternoon classes<\/strong> 1.00 pm - 4.30 pm<\/p>\n<\/li>\n<\/ul>\n<hr data-start=\"1130\" data-end=\"1133\" \/>\n<h3 data-start=\"1135\" data-end=\"1169\">\ud83c\udf5b <strong data-start=\"1142\" data-end=\"1169\">What you are going to do<\/strong><\/h3>\n<ul data-start=\"1171\" data-end=\"1445\">\n<li data-start=\"1171\" data-end=\"1216\">\n<p data-start=\"1173\" data-end=\"1216\">Pick or choose your fresh ingredients<\/p>\n<\/li>\n<li data-start=\"1217\" data-end=\"1287\">\n<p data-start=\"1219\" data-end=\"1287\">Learning to <strong data-start=\"1231\" data-end=\"1285\">prepare a number of traditional Thai dishes<\/strong><\/p>\n<\/li>\n<li data-start=\"1288\" data-end=\"1373\">\n<p data-start=\"1290\" data-end=\"1373\">Discover the <strong data-start=\"1304\" data-end=\"1337\">local culinary techniques<\/strong>, their secrets and origins<\/p>\n<\/li>\n<li data-start=\"1374\" data-end=\"1445\">\n<p data-start=\"1376\" data-end=\"1445\">Taste your own creations in a friendly, natural atmosphere<\/p>\n<\/li>\n<\/ul>\n<hr data-start=\"1447\" data-end=\"1450\" \/>\n<h3 data-start=\"1452\" data-end=\"1482\">\u2705 <strong data-start=\"1458\" data-end=\"1482\">Included in the price<\/strong><\/h3>\n<ul data-start=\"1484\" data-end=\"1768\">\n<li data-start=\"1484\" data-end=\"1546\">\n<p data-start=\"1486\" data-end=\"1546\">Pick-up at your hotel (specific area, around 8.45am)<\/p>\n<\/li>\n<li data-start=\"1547\" data-end=\"1583\">\n<p data-start=\"1549\" data-end=\"1583\">Private lessons with an English-speaking chef<\/p>\n<\/li>\n<li data-start=\"1584\" data-end=\"1622\">\n<p data-start=\"1586\" data-end=\"1622\">Complimentary coffee, tea and drinking water<\/p>\n<\/li>\n<li data-start=\"1623\" data-end=\"1655\">\n<p data-start=\"1625\" data-end=\"1655\">All ingredients supplied<\/p>\n<\/li>\n<li data-start=\"1656\" data-end=\"1707\">\n<p data-start=\"1658\" data-end=\"1707\">Return transport to your hotel (on request)<\/p>\n<\/li>\n<li data-start=\"1708\" data-end=\"1768\">\n<p data-start=\"1710\" data-end=\"1768\"><strong data-start=\"1710\" data-end=\"1737\">Return by boat option<\/strong> traditional (with supplement)<\/p>\n<\/li>\n<\/ul>\n<hr data-start=\"1770\" data-end=\"1773\" \/>\n<h3 data-start=\"1775\" data-end=\"1810\">\u2139\ufe0f <strong data-start=\"1782\" data-end=\"1810\">Important information<\/strong><\/h3>\n<ul data-start=\"1812\" data-end=\"2036\">\n<li data-start=\"1812\" data-end=\"1855\">\n<p data-start=\"1814\" data-end=\"1855\"><strong data-start=\"1814\" data-end=\"1837\">Minimum 2 people<\/strong> per booking<\/p>\n<\/li>\n<li data-start=\"1856\" data-end=\"1947\">\n<p data-start=\"1858\" data-end=\"1947\">For a <strong data-start=\"1867\" data-end=\"1887\">solo booking<\/strong>, an alternative link is provided for another award-winning course<\/p>\n<\/li>\n<li data-start=\"1948\" data-end=\"2036\">\n<p data-start=\"1950\" data-end=\"2036\">Please report any <strong data-start=\"1974\" data-end=\"2013\">food allergy or restriction<\/strong> when booking<\/p>\n<\/li>\n<\/ul>\n<hr data-start=\"2038\" data-end=\"2041\" \/>\n<h3 data-start=\"2043\" data-end=\"2062\">\u2764\ufe0f Ideal for :<\/h3>\n<ul data-start=\"2064\" data-end=\"2269\">\n<li data-start=\"2064\" data-end=\"2101\">\n<p data-start=\"2066\" data-end=\"2101\">Lovers of local cuisine<\/p>\n<\/li>\n<li data-start=\"2102\" data-end=\"2171\">\n<p data-start=\"2104\" data-end=\"2171\">Couples or friends who want to experience <strong data-start=\"2145\" data-end=\"2169\">exclusive experience<\/strong><\/p>\n<\/li>\n<li data-start=\"2172\" data-end=\"2269\">\n<p data-start=\"2174\" data-end=\"2269\">Those looking for a <strong data-start=\"2198\" data-end=\"2239\">a calm, gourmet and authentic moment<\/strong> in the Thai countryside<\/p>\n<\/li>\n<\/ul>","protected":false},"excerpt":{"rendered":"<p data-start=\"262\" data-end=\"513\">Immerse yourself in the art of Thai cuisine... in an authentic and peaceful atmosphere.<br data-start=\"351\" data-end=\"354\" \/>This private course welcomes you in a <strong data-start=\"393\" data-end=\"427\">traditional farmhouse<\/strong> on the banks of a river, for a <strong data-start=\"460\" data-end=\"494\">intimate culinary experience<\/strong>, in the heart of nature.<\/p>\n<hr data-start=\"515\" data-end=\"518\" \/>\n<h3 data-start=\"520\" data-end=\"559\">\ud83c\udf1f <strong data-start=\"527\" data-end=\"559\">Highlights of the experience<\/strong><\/h3>\n<ul data-start=\"561\" data-end=\"960\">\n<li data-start=\"561\" data-end=\"631\">\n<p data-start=\"563\" data-end=\"631\"><strong data-start=\"563\" data-end=\"578\">Private lessons<\/strong> (2 to 4 people): learn with complete peace of mind<\/p>\n<\/li>\n<li data-start=\"632\" data-end=\"730\">\n<p data-start=\"634\" data-end=\"730\">Environment <strong data-start=\"648\" data-end=\"675\">authentic and relaxing<\/strong>, in a traditional farmhouse by the river<\/p>\n<\/li>\n<li data-start=\"731\" data-end=\"803\">\n<p data-start=\"733\" data-end=\"803\"><strong data-start=\"733\" data-end=\"761\">Fresh, local produce<\/strong> straight from the farm garden<\/p>\n<\/li>\n<li data-start=\"804\" data-end=\"871\">\n<p data-start=\"806\" data-end=\"871\">Personalised teaching with a <strong data-start=\"840\" data-end=\"869\">passionate English-speaking chef<\/strong><\/p>\n<\/li>\n<li data-start=\"872\" data-end=\"960\">\n<p data-start=\"874\" data-end=\"960\">Return possible in <strong data-start=\"893\" data-end=\"916\">traditional boat<\/strong> for a poetic finishing touch (optional)<\/p>\n<\/li>\n<\/ul>","protected":false},"featured_media":30346,"comment_status":"open","ping_status":"closed","template":"","meta":{"_uag_custom_page_level_css":""},"product_brand":[],"product_cat":[68],"product_tag":[],"class_list":{"0":"post-30343","1":"product","2":"type-product","3":"status-publish","4":"has-post-thumbnail","6":"product_cat-chiang-mai","8":"first","9":"instock","10":"virtual","11":"taxable","12":"purchasable","13":"product-type-simple"},"yoast_head":"<!-- This site is optimized with the Yoast SEO plugin v27.1.1 - https:\/\/yoast.com\/product\/yoast-seo-wordpress\/ -->\n<title>\ud83c\udf5c Cours priv\u00e9 de cuisine tha\u00eflandaise dans une maison traditionnelle au bord de la rivi\u00e8re (Baan Chao Na) -<\/title>\n<meta name=\"robots\" content=\"index, follow, max-snippet:-1, max-image-preview:large, max-video-preview:-1\" \/>\n<link rel=\"canonical\" href=\"https:\/\/lunayatravel.com\/en\/product\/\ud83c\udf5c-cours-prive-de-cuisine-thailandaise-dans-une-maison-traditionnelle-au-bord-de-la-riviere-baan-chao-na\/\" \/>\n<meta property=\"og:locale\" content=\"en_GB\" \/>\n<meta property=\"og:type\" content=\"article\" \/>\n<meta property=\"og:title\" content=\"\ud83c\udf5c Cours priv\u00e9 de cuisine tha\u00eflandaise dans une maison traditionnelle au bord de la rivi\u00e8re (Baan Chao Na) -\" \/>\n<meta property=\"og:description\" content=\"Plongez dans l\u2019art de la cuisine tha\u00eflandaise\u2026 dans une ambiance authentique et paisible.Ce cours priv\u00e9 vous accueille dans une maison traditionnelle agricole au bord d\u2019une rivi\u00e8re, pour une exp\u00e9rience culinaire intimiste, en pleine nature.     \ud83c\udf1f Points forts de l&#039;exp\u00e9rience    Cours priv\u00e9 (2 \u00e0 4 personnes) : apprenez en toute tranquillit\u00e9    Environnement authentique et relaxant, dans une ferme traditionnelle au bord de la rivi\u00e8re    Produits frais et locaux issus directement du jardin de la ferme    Enseignement personnalis\u00e9 avec un chef anglophone passionn\u00e9    Retour possible en bateau traditionnel pour une touche finale po\u00e9tique (optionnel)\" \/>\n<meta property=\"og:url\" content=\"https:\/\/lunayatravel.com\/en\/product\/\ud83c\udf5c-cours-prive-de-cuisine-thailandaise-dans-une-maison-traditionnelle-au-bord-de-la-riviere-baan-chao-na\/\" \/>\n<meta property=\"article:publisher\" content=\"https:\/\/www.facebook.com\/lunayaTravel\/\" \/>\n<meta property=\"article:modified_time\" content=\"2025-07-30T07:23:15+00:00\" \/>\n<meta property=\"og:image\" content=\"https:\/\/lunayatravel.com\/wp-content\/uploads\/2025\/07\/cookingclass-gallery002.webp\" \/>\n\t<meta property=\"og:image:width\" content=\"720\" \/>\n\t<meta property=\"og:image:height\" content=\"432\" \/>\n\t<meta property=\"og:image:type\" content=\"image\/webp\" \/>\n<meta name=\"twitter:card\" content=\"summary_large_image\" \/>\n<meta name=\"twitter:label1\" content=\"Estimated reading time\" \/>\n\t<meta name=\"twitter:data1\" content=\"1 minute\" \/>\n<script type=\"application\/ld+json\" class=\"yoast-schema-graph\">{\"@context\":\"https:\/\/schema.org\",\"@graph\":[{\"@type\":\"WebPage\",\"@id\":\"https:\/\/lunayatravel.com\/produit\/%f0%9f%8d%9c-cours-prive-de-cuisine-thailandaise-dans-une-maison-traditionnelle-au-bord-de-la-riviere-baan-chao-na\/\",\"url\":\"https:\/\/lunayatravel.com\/produit\/%f0%9f%8d%9c-cours-prive-de-cuisine-thailandaise-dans-une-maison-traditionnelle-au-bord-de-la-riviere-baan-chao-na\/\",\"name\":\"\ud83c\udf5c Cours priv\u00e9 de cuisine tha\u00eflandaise dans une maison traditionnelle au bord de la rivi\u00e8re (Baan Chao Na) -\",\"isPartOf\":{\"@id\":\"https:\/\/lunayatravel.com\/#website\"},\"primaryImageOfPage\":{\"@id\":\"https:\/\/lunayatravel.com\/produit\/%f0%9f%8d%9c-cours-prive-de-cuisine-thailandaise-dans-une-maison-traditionnelle-au-bord-de-la-riviere-baan-chao-na\/#primaryimage\"},\"image\":{\"@id\":\"https:\/\/lunayatravel.com\/produit\/%f0%9f%8d%9c-cours-prive-de-cuisine-thailandaise-dans-une-maison-traditionnelle-au-bord-de-la-riviere-baan-chao-na\/#primaryimage\"},\"thumbnailUrl\":\"https:\/\/lunayatravel.com\/wp-content\/uploads\/2025\/07\/cookingclass-gallery002.webp\",\"datePublished\":\"2025-07-30T07:22:56+00:00\",\"dateModified\":\"2025-07-30T07:23:15+00:00\",\"breadcrumb\":{\"@id\":\"https:\/\/lunayatravel.com\/produit\/%f0%9f%8d%9c-cours-prive-de-cuisine-thailandaise-dans-une-maison-traditionnelle-au-bord-de-la-riviere-baan-chao-na\/#breadcrumb\"},\"inLanguage\":\"en-GB\",\"potentialAction\":[{\"@type\":\"ReadAction\",\"target\":[\"https:\/\/lunayatravel.com\/produit\/%f0%9f%8d%9c-cours-prive-de-cuisine-thailandaise-dans-une-maison-traditionnelle-au-bord-de-la-riviere-baan-chao-na\/\"]}]},{\"@type\":\"ImageObject\",\"inLanguage\":\"en-GB\",\"@id\":\"https:\/\/lunayatravel.com\/produit\/%f0%9f%8d%9c-cours-prive-de-cuisine-thailandaise-dans-une-maison-traditionnelle-au-bord-de-la-riviere-baan-chao-na\/#primaryimage\",\"url\":\"https:\/\/lunayatravel.com\/wp-content\/uploads\/2025\/07\/cookingclass-gallery002.webp\",\"contentUrl\":\"https:\/\/lunayatravel.com\/wp-content\/uploads\/2025\/07\/cookingclass-gallery002.webp\",\"width\":720,\"height\":432},{\"@type\":\"BreadcrumbList\",\"@id\":\"https:\/\/lunayatravel.com\/produit\/%f0%9f%8d%9c-cours-prive-de-cuisine-thailandaise-dans-une-maison-traditionnelle-au-bord-de-la-riviere-baan-chao-na\/#breadcrumb\",\"itemListElement\":[{\"@type\":\"ListItem\",\"position\":1,\"name\":\"Accueil\",\"item\":\"https:\/\/lunayatravel.com\/\"},{\"@type\":\"ListItem\",\"position\":2,\"name\":\"Nos activit\u00e9s\",\"item\":\"https:\/\/lunayatravel.com\/nos-activites\/\"},{\"@type\":\"ListItem\",\"position\":3,\"name\":\"\ud83c\udf5c Cours priv\u00e9 de cuisine tha\u00eflandaise dans une maison traditionnelle au bord de la rivi\u00e8re (Baan Chao Na)\"}]},{\"@type\":\"WebSite\",\"@id\":\"https:\/\/lunayatravel.com\/#website\",\"url\":\"https:\/\/lunayatravel.com\/\",\"name\":\"\",\"description\":\"\",\"publisher\":{\"@id\":\"https:\/\/lunayatravel.com\/#organization\"},\"potentialAction\":[{\"@type\":\"SearchAction\",\"target\":{\"@type\":\"EntryPoint\",\"urlTemplate\":\"https:\/\/lunayatravel.com\/?s={search_term_string}\"},\"query-input\":{\"@type\":\"PropertyValueSpecification\",\"valueRequired\":true,\"valueName\":\"search_term_string\"}}],\"inLanguage\":\"en-GB\"},{\"@type\":\"Organization\",\"@id\":\"https:\/\/lunayatravel.com\/#organization\",\"name\":\"Lunaya travel\",\"alternateName\":\"Lunaya travel\",\"url\":\"https:\/\/lunayatravel.com\/\",\"logo\":{\"@type\":\"ImageObject\",\"inLanguage\":\"en-GB\",\"@id\":\"https:\/\/lunayatravel.com\/#\/schema\/logo\/image\/\",\"url\":\"https:\/\/lunayatravel.com\/wp-content\/uploads\/2026\/03\/cropped-647319118_2379115739204013_337015058165053143_n.jpg\",\"contentUrl\":\"https:\/\/lunayatravel.com\/wp-content\/uploads\/2026\/03\/cropped-647319118_2379115739204013_337015058165053143_n.jpg\",\"width\":1022,\"height\":1023,\"caption\":\"Lunaya travel\"},\"image\":{\"@id\":\"https:\/\/lunayatravel.com\/#\/schema\/logo\/image\/\"},\"sameAs\":[\"https:\/\/www.facebook.com\/lunayaTravel\/\"]}]}<\/script>\n<!-- \/ Yoast SEO plugin. -->","yoast_head_json":{"title":"\ud83c\udf5c Cours priv\u00e9 de cuisine tha\u00eflandaise dans une maison traditionnelle au bord de la rivi\u00e8re (Baan Chao Na) -","robots":{"index":"index","follow":"follow","max-snippet":"max-snippet:-1","max-image-preview":"max-image-preview:large","max-video-preview":"max-video-preview:-1"},"canonical":"https:\/\/lunayatravel.com\/en\/product\/\ud83c\udf5c-cours-prive-de-cuisine-thailandaise-dans-une-maison-traditionnelle-au-bord-de-la-riviere-baan-chao-na\/","og_locale":"en_GB","og_type":"article","og_title":"\ud83c\udf5c Cours priv\u00e9 de cuisine tha\u00eflandaise dans une maison traditionnelle au bord de la rivi\u00e8re (Baan Chao Na) -","og_description":"Plongez dans l\u2019art de la cuisine tha\u00eflandaise\u2026 dans une ambiance authentique et paisible.Ce cours priv\u00e9 vous accueille dans une maison traditionnelle agricole au bord d\u2019une rivi\u00e8re, pour une exp\u00e9rience culinaire intimiste, en pleine nature.     \ud83c\udf1f Points forts de l'exp\u00e9rience    Cours priv\u00e9 (2 \u00e0 4 personnes) : apprenez en toute tranquillit\u00e9    Environnement authentique et relaxant, dans une ferme traditionnelle au bord de la rivi\u00e8re    Produits frais et locaux issus directement du jardin de la ferme    Enseignement personnalis\u00e9 avec un chef anglophone passionn\u00e9    Retour possible en bateau traditionnel pour une touche finale po\u00e9tique (optionnel)","og_url":"https:\/\/lunayatravel.com\/en\/product\/\ud83c\udf5c-cours-prive-de-cuisine-thailandaise-dans-une-maison-traditionnelle-au-bord-de-la-riviere-baan-chao-na\/","article_publisher":"https:\/\/www.facebook.com\/lunayaTravel\/","article_modified_time":"2025-07-30T07:23:15+00:00","og_image":[{"width":720,"height":432,"url":"https:\/\/lunayatravel.com\/wp-content\/uploads\/2025\/07\/cookingclass-gallery002.webp","type":"image\/webp"}],"twitter_card":"summary_large_image","twitter_misc":{"Estimated reading time":"1 minute"},"schema":{"@context":"https:\/\/schema.org","@graph":[{"@type":"WebPage","@id":"https:\/\/lunayatravel.com\/produit\/%f0%9f%8d%9c-cours-prive-de-cuisine-thailandaise-dans-une-maison-traditionnelle-au-bord-de-la-riviere-baan-chao-na\/","url":"https:\/\/lunayatravel.com\/produit\/%f0%9f%8d%9c-cours-prive-de-cuisine-thailandaise-dans-une-maison-traditionnelle-au-bord-de-la-riviere-baan-chao-na\/","name":"\ud83c\udf5c Cours priv\u00e9 de cuisine tha\u00eflandaise dans une maison traditionnelle au bord de la rivi\u00e8re (Baan Chao Na) -","isPartOf":{"@id":"https:\/\/lunayatravel.com\/#website"},"primaryImageOfPage":{"@id":"https:\/\/lunayatravel.com\/produit\/%f0%9f%8d%9c-cours-prive-de-cuisine-thailandaise-dans-une-maison-traditionnelle-au-bord-de-la-riviere-baan-chao-na\/#primaryimage"},"image":{"@id":"https:\/\/lunayatravel.com\/produit\/%f0%9f%8d%9c-cours-prive-de-cuisine-thailandaise-dans-une-maison-traditionnelle-au-bord-de-la-riviere-baan-chao-na\/#primaryimage"},"thumbnailUrl":"https:\/\/lunayatravel.com\/wp-content\/uploads\/2025\/07\/cookingclass-gallery002.webp","datePublished":"2025-07-30T07:22:56+00:00","dateModified":"2025-07-30T07:23:15+00:00","breadcrumb":{"@id":"https:\/\/lunayatravel.com\/produit\/%f0%9f%8d%9c-cours-prive-de-cuisine-thailandaise-dans-une-maison-traditionnelle-au-bord-de-la-riviere-baan-chao-na\/#breadcrumb"},"inLanguage":"en-GB","potentialAction":[{"@type":"ReadAction","target":["https:\/\/lunayatravel.com\/produit\/%f0%9f%8d%9c-cours-prive-de-cuisine-thailandaise-dans-une-maison-traditionnelle-au-bord-de-la-riviere-baan-chao-na\/"]}]},{"@type":"ImageObject","inLanguage":"en-GB","@id":"https:\/\/lunayatravel.com\/produit\/%f0%9f%8d%9c-cours-prive-de-cuisine-thailandaise-dans-une-maison-traditionnelle-au-bord-de-la-riviere-baan-chao-na\/#primaryimage","url":"https:\/\/lunayatravel.com\/wp-content\/uploads\/2025\/07\/cookingclass-gallery002.webp","contentUrl":"https:\/\/lunayatravel.com\/wp-content\/uploads\/2025\/07\/cookingclass-gallery002.webp","width":720,"height":432},{"@type":"BreadcrumbList","@id":"https:\/\/lunayatravel.com\/produit\/%f0%9f%8d%9c-cours-prive-de-cuisine-thailandaise-dans-une-maison-traditionnelle-au-bord-de-la-riviere-baan-chao-na\/#breadcrumb","itemListElement":[{"@type":"ListItem","position":1,"name":"Accueil","item":"https:\/\/lunayatravel.com\/"},{"@type":"ListItem","position":2,"name":"Nos activit\u00e9s","item":"https:\/\/lunayatravel.com\/nos-activites\/"},{"@type":"ListItem","position":3,"name":"\ud83c\udf5c Cours priv\u00e9 de cuisine tha\u00eflandaise dans une maison traditionnelle au bord de la rivi\u00e8re (Baan Chao Na)"}]},{"@type":"WebSite","@id":"https:\/\/lunayatravel.com\/#website","url":"https:\/\/lunayatravel.com\/","name":"","description":"","publisher":{"@id":"https:\/\/lunayatravel.com\/#organization"},"potentialAction":[{"@type":"SearchAction","target":{"@type":"EntryPoint","urlTemplate":"https:\/\/lunayatravel.com\/?s={search_term_string}"},"query-input":{"@type":"PropertyValueSpecification","valueRequired":true,"valueName":"search_term_string"}}],"inLanguage":"en-GB"},{"@type":"Organization","@id":"https:\/\/lunayatravel.com\/#organization","name":"Lunaya travel","alternateName":"Lunaya travel","url":"https:\/\/lunayatravel.com\/","logo":{"@type":"ImageObject","inLanguage":"en-GB","@id":"https:\/\/lunayatravel.com\/#\/schema\/logo\/image\/","url":"https:\/\/lunayatravel.com\/wp-content\/uploads\/2026\/03\/cropped-647319118_2379115739204013_337015058165053143_n.jpg","contentUrl":"https:\/\/lunayatravel.com\/wp-content\/uploads\/2026\/03\/cropped-647319118_2379115739204013_337015058165053143_n.jpg","width":1022,"height":1023,"caption":"Lunaya travel"},"image":{"@id":"https:\/\/lunayatravel.com\/#\/schema\/logo\/image\/"},"sameAs":["https:\/\/www.facebook.com\/lunayaTravel\/"]}]}},"uagb_featured_image_src":{"full":["https:\/\/lunayatravel.com\/wp-content\/uploads\/2025\/07\/cookingclass-gallery002.webp",720,432,false],"thumbnail":["https:\/\/lunayatravel.com\/wp-content\/uploads\/2025\/07\/cookingclass-gallery002-150x150.webp",150,150,true],"medium":["https:\/\/lunayatravel.com\/wp-content\/uploads\/2025\/07\/cookingclass-gallery002-300x180.webp",300,180,true],"medium_large":["https:\/\/lunayatravel.com\/wp-content\/uploads\/2025\/07\/cookingclass-gallery002.webp",720,432,false],"large":["https:\/\/lunayatravel.com\/wp-content\/uploads\/2025\/07\/cookingclass-gallery002.webp",720,432,false],"1536x1536":["https:\/\/lunayatravel.com\/wp-content\/uploads\/2025\/07\/cookingclass-gallery002.webp",720,432,false],"2048x2048":["https:\/\/lunayatravel.com\/wp-content\/uploads\/2025\/07\/cookingclass-gallery002.webp",720,432,false],"trp-custom-language-flag":["https:\/\/lunayatravel.com\/wp-content\/uploads\/2025\/07\/cookingclass-gallery002.webp",18,12,false],"widget-thumbnail":["https:\/\/lunayatravel.com\/wp-content\/uploads\/2025\/07\/cookingclass-gallery002-75x75.webp",75,75,true],"mailpoet_newsletter_max":["https:\/\/lunayatravel.com\/wp-content\/uploads\/2025\/07\/cookingclass-gallery002.webp",720,432,false],"woocommerce_thumbnail":["https:\/\/lunayatravel.com\/wp-content\/uploads\/2025\/07\/cookingclass-gallery002-300x300.webp",300,300,true],"woocommerce_single":["https:\/\/lunayatravel.com\/wp-content\/uploads\/2025\/07\/cookingclass-gallery002-600x360.webp",600,360,true],"woocommerce_gallery_thumbnail":["https:\/\/lunayatravel.com\/wp-content\/uploads\/2025\/07\/cookingclass-gallery002-100x100.webp",100,100,true],"sow-carousel-default":["https:\/\/lunayatravel.com\/wp-content\/uploads\/2025\/07\/cookingclass-gallery002-272x182.webp",272,182,true]},"uagb_author_info":{"display_name":"haemers stephanie","author_link":"https:\/\/lunayatravel.com\/en\/author\/"},"uagb_comment_info":0,"uagb_excerpt":"Plongez dans l\u2019art de la cuisine tha\u00eflandaise\u2026 dans une ambiance authentique et paisible.Ce cours priv\u00e9 vous accueille dans une maison traditionnelle agricole au bord d\u2019une rivi\u00e8re, pour une exp\u00e9rience culinaire intimiste, en pleine nature. \ud83c\udf1f Points forts de l'exp\u00e9rience Cours priv\u00e9 (2 \u00e0 4 personnes) : apprenez en toute tranquillit\u00e9 Environnement authentique et relaxant, dans&hellip;","jetpack_sharing_enabled":true,"_links":{"self":[{"href":"https:\/\/lunayatravel.com\/en\/wp-json\/wp\/v2\/product\/30343","targetHints":{"allow":["GET"]}}],"collection":[{"href":"https:\/\/lunayatravel.com\/en\/wp-json\/wp\/v2\/product"}],"about":[{"href":"https:\/\/lunayatravel.com\/en\/wp-json\/wp\/v2\/types\/product"}],"replies":[{"embeddable":true,"href":"https:\/\/lunayatravel.com\/en\/wp-json\/wp\/v2\/comments?post=30343"}],"wp:featuredmedia":[{"embeddable":true,"href":"https:\/\/lunayatravel.com\/en\/wp-json\/wp\/v2\/media\/30346"}],"wp:attachment":[{"href":"https:\/\/lunayatravel.com\/en\/wp-json\/wp\/v2\/media?parent=30343"}],"wp:term":[{"taxonomy":"product_brand","embeddable":true,"href":"https:\/\/lunayatravel.com\/en\/wp-json\/wp\/v2\/product_brand?post=30343"},{"taxonomy":"product_cat","embeddable":true,"href":"https:\/\/lunayatravel.com\/en\/wp-json\/wp\/v2\/product_cat?post=30343"},{"taxonomy":"product_tag","embeddable":true,"href":"https:\/\/lunayatravel.com\/en\/wp-json\/wp\/v2\/product_tag?post=30343"}],"curies":[{"name":"wp","href":"https:\/\/api.w.org\/{rel}","templated":true}]}}