{"id":30337,"date":"2025-07-30T09:06:18","date_gmt":"2025-07-30T07:06:18","guid":{"rendered":"https:\/\/itctoursvoyages.com\/?post_type=product&#038;p=30337"},"modified":"2025-07-30T09:06:18","modified_gmt":"2025-07-30T07:06:18","slug":"%f0%9f%90%98-soins-des-elephants-rafting-en-eau-vive-karen-long-neck","status":"publish","type":"product","link":"https:\/\/lunayatravel.com\/en\/product\/%f0%9f%90%98-soins-des-elephants-rafting-en-eau-vive-karen-long-neck\/","title":{"rendered":"\ud83d\udc18 Elephant care + White water rafting + Karen Long Neck"},"content":{"rendered":"<h3 data-start=\"832\" data-end=\"864\">\ud83d\uddd3\ufe0f <strong data-start=\"840\" data-end=\"864\">Itinerary<\/strong><\/h3>\n<ul data-start=\"866\" data-end=\"1272\">\n<li data-start=\"866\" data-end=\"939\">\n<p data-start=\"868\" data-end=\"939\"><strong data-start=\"868\" data-end=\"883\">08h30-09h00<\/strong> Pick-up at your hotel (Chiang Mai city)<\/p>\n<\/li>\n<li data-start=\"940\" data-end=\"1050\">\n<p data-start=\"942\" data-end=\"1050\"><strong data-start=\"942\" data-end=\"951\">10h00<\/strong> Arrival at the sanctuary - feed the elephants, then share a bath and shower with them<\/p>\n<\/li>\n<li data-start=\"1051\" data-end=\"1075\">\n<p data-start=\"1053\" data-end=\"1075\"><strong data-start=\"1053\" data-end=\"1062\">12h00<\/strong> Lunch<\/p>\n<\/li>\n<li data-start=\"1076\" data-end=\"1143\">\n<p data-start=\"1078\" data-end=\"1143\"><strong data-start=\"1078\" data-end=\"1087\">13h00<\/strong> Start of <strong data-start=\"1099\" data-end=\"1121\">rafting over 4.5 km<\/strong> (approx. 50-70 min)<\/p>\n<\/li>\n<li data-start=\"1144\" data-end=\"1197\">\n<p data-start=\"1146\" data-end=\"1197\"><strong data-start=\"1146\" data-end=\"1155\">14h30<\/strong> Visit to <strong data-start=\"1168\" data-end=\"1195\">Karen Long Neck village<\/strong><\/p>\n<\/li>\n<li data-start=\"1198\" data-end=\"1236\">\n<p data-start=\"1200\" data-end=\"1236\"><strong data-start=\"1200\" data-end=\"1209\">15h10<\/strong> Return to Chiang Mai<\/p>\n<\/li>\n<li data-start=\"1237\" data-end=\"1272\">\n<p data-start=\"1239\" data-end=\"1272\"><strong data-start=\"1239\" data-end=\"1248\">16h00<\/strong> Arrival at your hotel<\/p>\n<\/li>\n<\/ul>\n<hr data-start=\"1274\" data-end=\"1277\" \/>\n<h3 data-start=\"1279\" data-end=\"1306\">\u2705 <strong data-start=\"1285\" data-end=\"1306\">What's included<\/strong><\/h3>\n<ul data-start=\"1308\" data-end=\"1531\">\n<li data-start=\"1308\" data-end=\"1364\">\n<p data-start=\"1310\" data-end=\"1364\">Return transfer from Chiang Mai city<\/p>\n<\/li>\n<li data-start=\"1365\" data-end=\"1397\">\n<p data-start=\"1367\" data-end=\"1397\">Activities with the elephants<\/p>\n<\/li>\n<li data-start=\"1398\" data-end=\"1432\">\n<p data-start=\"1400\" data-end=\"1432\">Rafting with equipment provided<\/p>\n<\/li>\n<li data-start=\"1433\" data-end=\"1460\">\n<p data-start=\"1435\" data-end=\"1460\">Visit to the Karen village<\/p>\n<\/li>\n<li data-start=\"1461\" data-end=\"1487\">\n<p data-start=\"1463\" data-end=\"1487\">Local English-speaking guide<\/p>\n<\/li>\n<li data-start=\"1488\" data-end=\"1500\">\n<p data-start=\"1490\" data-end=\"1500\">Lunch<\/p>\n<\/li>\n<li data-start=\"1501\" data-end=\"1514\">\n<p data-start=\"1503\" data-end=\"1514\">Insurance<\/p>\n<\/li>\n<li data-start=\"1515\" data-end=\"1531\">\n<p data-start=\"1517\" data-end=\"1531\">Entry fee<\/p>\n<\/li>\n<\/ul>\n<hr data-start=\"1533\" data-end=\"1536\" \/>\n<h3 data-start=\"1538\" data-end=\"1558\">\ud83c\udf92 <strong data-start=\"1545\" data-end=\"1558\">What to expect<\/strong><\/h3>\n<ul data-start=\"1560\" data-end=\"1743\">\n<li data-start=\"1560\" data-end=\"1600\">\n<p data-start=\"1562\" data-end=\"1600\">Swimming costume or change of clothes<\/p>\n<\/li>\n<li data-start=\"1601\" data-end=\"1614\">\n<p data-start=\"1603\" data-end=\"1614\">Towel<\/p>\n<\/li>\n<li data-start=\"1615\" data-end=\"1658\">\n<p data-start=\"1617\" data-end=\"1658\">Non-slip shoes (or sandals)<\/p>\n<\/li>\n<li data-start=\"1659\" data-end=\"1683\">\n<p data-start=\"1661\" data-end=\"1683\">Mosquito spray<\/p>\n<\/li>\n<li data-start=\"1684\" data-end=\"1743\">\n<p data-start=\"1686\" data-end=\"1743\">THB 100\/child for baby insurance (to be paid locally)<\/p>\n<\/li>\n<\/ul>\n<hr data-start=\"1745\" data-end=\"1748\" \/>\n<h3 data-start=\"1750\" data-end=\"1769\">\u2764\ufe0f Ideal for :<\/h3>\n<ul data-start=\"1771\" data-end=\"1889\">\n<li data-start=\"1771\" data-end=\"1799\">\n<p data-start=\"1773\" data-end=\"1799\">Animal lovers<\/p>\n<\/li>\n<li data-start=\"1800\" data-end=\"1842\">\n<p data-start=\"1802\" data-end=\"1842\">Adventurers looking for thrills<\/p>\n<\/li>\n<li data-start=\"1843\" data-end=\"1889\">\n<p data-start=\"1845\" data-end=\"1889\">Travellers curious about local culture<\/p>\n<\/li>\n<\/ul>","protected":false},"excerpt":{"rendered":"<p data-start=\"204\" data-end=\"272\">Experience an unforgettable day in the heart of Chiang Mai's natural environment:<\/p>\n<ul data-start=\"273\" data-end=\"467\">\n<li data-start=\"273\" data-end=\"342\">\n<p data-start=\"275\" data-end=\"342\">Take care of adorable elephants in a <strong data-start=\"317\" data-end=\"339\">ethical sanctuary<\/strong>,<\/p>\n<\/li>\n<li data-start=\"343\" data-end=\"406\">\n<p data-start=\"345\" data-end=\"406\">Get your adrenalin pumping with <strong data-start=\"370\" data-end=\"403\">4.5 km of white-water rafting<\/strong>,<\/p>\n<\/li>\n<li data-start=\"407\" data-end=\"467\">\n<p data-start=\"409\" data-end=\"467\">Discover the <strong data-start=\"422\" data-end=\"466\">the unique culture of the Long Neck Karen people<\/strong>.<\/p>\n<\/li>\n<\/ul>\n<hr data-start=\"469\" data-end=\"472\" \/>\n<h3 data-start=\"474\" data-end=\"512\">\ud83c\udf1f <strong data-start=\"481\" data-end=\"512\">Highlights of the excursion<\/strong><\/h3>\n<ul data-start=\"514\" data-end=\"825\">\n<li data-start=\"514\" data-end=\"572\">\n<p data-start=\"516\" data-end=\"572\">Immersion in a sanctuary that respects elephants<\/p>\n<\/li>\n<li data-start=\"573\" data-end=\"649\">\n<p data-start=\"575\" data-end=\"649\">Direct interaction with elephants: <strong data-start=\"616\" data-end=\"647\">feeding, bathing and showering<\/strong><\/p>\n<\/li>\n<li data-start=\"650\" data-end=\"702\">\n<p data-start=\"652\" data-end=\"702\"><strong data-start=\"652\" data-end=\"675\">White water rafting<\/strong> in the Mae Tang river<\/p>\n<\/li>\n<li data-start=\"703\" data-end=\"759\">\n<p data-start=\"705\" data-end=\"759\">Visit to a <strong data-start=\"717\" data-end=\"757\">Karen Long Neck traditional village<\/strong><\/p>\n<\/li>\n<li data-start=\"760\" data-end=\"825\">\n<p data-start=\"762\" data-end=\"825\">Transfer included from your hotel in Chiang Mai city<\/p>\n<\/li>\n<\/ul>","protected":false},"featured_media":30342,"comment_status":"open","ping_status":"closed","template":"","meta":{"_uag_custom_page_level_css":""},"product_brand":[],"product_cat":[68],"product_tag":[],"class_list":{"0":"post-30337","1":"product","2":"type-product","3":"status-publish","4":"has-post-thumbnail","6":"product_cat-chiang-mai","8":"first","9":"instock","10":"virtual","11":"taxable","12":"purchasable","13":"product-type-simple"},"yoast_head":"<!-- This site is optimized with the Yoast SEO plugin v27.1.1 - https:\/\/yoast.com\/product\/yoast-seo-wordpress\/ -->\n<title>\ud83d\udc18 Soins des \u00e9l\u00e9phants + Rafting en eau vive + Karen Long Neck -<\/title>\n<meta name=\"robots\" content=\"index, follow, max-snippet:-1, max-image-preview:large, max-video-preview:-1\" \/>\n<link rel=\"canonical\" href=\"https:\/\/lunayatravel.com\/en\/product\/\ud83d\udc18-soins-des-elephants-rafting-en-eau-vive-karen-long-neck\/\" \/>\n<meta property=\"og:locale\" content=\"en_GB\" \/>\n<meta property=\"og:type\" content=\"article\" \/>\n<meta property=\"og:title\" content=\"\ud83d\udc18 Soins des \u00e9l\u00e9phants + Rafting en eau vive + Karen Long Neck -\" \/>\n<meta property=\"og:description\" content=\"Vivez une journ\u00e9e inoubliable au c\u0153ur de la nature de Chiang Mai :     Prenez soin d\u2019adorables \u00e9l\u00e9phants dans un sanctuaire \u00e9thique,    Montez l\u2019adr\u00e9naline avec 4,5 km de rafting en eau vive,    D\u00e9couvrez la culture unique du peuple Karen Long Neck.      \ud83c\udf1f Points forts de l&#039;excursion    Immersion dans un sanctuaire respectueux des \u00e9l\u00e9phants    Interaction directe avec les \u00e9l\u00e9phants : nourrissage, bain et douche    Rafting en eau vive dans la rivi\u00e8re Mae Tang    Visite d\u2019un village traditionnel Karen Long Neck    Transfert inclus depuis votre h\u00f4tel dans la ville de Chiang Mai\" \/>\n<meta property=\"og:url\" content=\"https:\/\/lunayatravel.com\/en\/product\/\ud83d\udc18-soins-des-elephants-rafting-en-eau-vive-karen-long-neck\/\" \/>\n<meta property=\"article:publisher\" content=\"https:\/\/www.facebook.com\/lunayaTravel\/\" \/>\n<meta property=\"og:image\" content=\"https:\/\/lunayatravel.com\/wp-content\/uploads\/2025\/07\/01-10.webp\" \/>\n\t<meta property=\"og:image:width\" content=\"720\" \/>\n\t<meta property=\"og:image:height\" content=\"540\" \/>\n\t<meta property=\"og:image:type\" content=\"image\/webp\" \/>\n<meta name=\"twitter:card\" content=\"summary_large_image\" \/>\n<meta name=\"twitter:label1\" content=\"Estimated reading time\" \/>\n\t<meta name=\"twitter:data1\" content=\"1 minute\" \/>\n<script type=\"application\/ld+json\" class=\"yoast-schema-graph\">{\"@context\":\"https:\/\/schema.org\",\"@graph\":[{\"@type\":\"WebPage\",\"@id\":\"https:\/\/lunayatravel.com\/produit\/%f0%9f%90%98-soins-des-elephants-rafting-en-eau-vive-karen-long-neck\/\",\"url\":\"https:\/\/lunayatravel.com\/produit\/%f0%9f%90%98-soins-des-elephants-rafting-en-eau-vive-karen-long-neck\/\",\"name\":\"\ud83d\udc18 Soins des \u00e9l\u00e9phants + Rafting en eau vive + Karen Long Neck -\",\"isPartOf\":{\"@id\":\"https:\/\/lunayatravel.com\/#website\"},\"primaryImageOfPage\":{\"@id\":\"https:\/\/lunayatravel.com\/produit\/%f0%9f%90%98-soins-des-elephants-rafting-en-eau-vive-karen-long-neck\/#primaryimage\"},\"image\":{\"@id\":\"https:\/\/lunayatravel.com\/produit\/%f0%9f%90%98-soins-des-elephants-rafting-en-eau-vive-karen-long-neck\/#primaryimage\"},\"thumbnailUrl\":\"https:\/\/lunayatravel.com\/wp-content\/uploads\/2025\/07\/01-10.webp\",\"datePublished\":\"2025-07-30T07:06:18+00:00\",\"breadcrumb\":{\"@id\":\"https:\/\/lunayatravel.com\/produit\/%f0%9f%90%98-soins-des-elephants-rafting-en-eau-vive-karen-long-neck\/#breadcrumb\"},\"inLanguage\":\"en-GB\",\"potentialAction\":[{\"@type\":\"ReadAction\",\"target\":[\"https:\/\/lunayatravel.com\/produit\/%f0%9f%90%98-soins-des-elephants-rafting-en-eau-vive-karen-long-neck\/\"]}]},{\"@type\":\"ImageObject\",\"inLanguage\":\"en-GB\",\"@id\":\"https:\/\/lunayatravel.com\/produit\/%f0%9f%90%98-soins-des-elephants-rafting-en-eau-vive-karen-long-neck\/#primaryimage\",\"url\":\"https:\/\/lunayatravel.com\/wp-content\/uploads\/2025\/07\/01-10.webp\",\"contentUrl\":\"https:\/\/lunayatravel.com\/wp-content\/uploads\/2025\/07\/01-10.webp\",\"width\":720,\"height\":540},{\"@type\":\"BreadcrumbList\",\"@id\":\"https:\/\/lunayatravel.com\/produit\/%f0%9f%90%98-soins-des-elephants-rafting-en-eau-vive-karen-long-neck\/#breadcrumb\",\"itemListElement\":[{\"@type\":\"ListItem\",\"position\":1,\"name\":\"Accueil\",\"item\":\"https:\/\/lunayatravel.com\/\"},{\"@type\":\"ListItem\",\"position\":2,\"name\":\"Nos activit\u00e9s\",\"item\":\"https:\/\/lunayatravel.com\/nos-activites\/\"},{\"@type\":\"ListItem\",\"position\":3,\"name\":\"\ud83d\udc18 Soins des \u00e9l\u00e9phants + Rafting en eau vive + Karen Long Neck\"}]},{\"@type\":\"WebSite\",\"@id\":\"https:\/\/lunayatravel.com\/#website\",\"url\":\"https:\/\/lunayatravel.com\/\",\"name\":\"\",\"description\":\"\",\"publisher\":{\"@id\":\"https:\/\/lunayatravel.com\/#organization\"},\"potentialAction\":[{\"@type\":\"SearchAction\",\"target\":{\"@type\":\"EntryPoint\",\"urlTemplate\":\"https:\/\/lunayatravel.com\/?s={search_term_string}\"},\"query-input\":{\"@type\":\"PropertyValueSpecification\",\"valueRequired\":true,\"valueName\":\"search_term_string\"}}],\"inLanguage\":\"en-GB\"},{\"@type\":\"Organization\",\"@id\":\"https:\/\/lunayatravel.com\/#organization\",\"name\":\"Lunaya travel\",\"alternateName\":\"Lunaya travel\",\"url\":\"https:\/\/lunayatravel.com\/\",\"logo\":{\"@type\":\"ImageObject\",\"inLanguage\":\"en-GB\",\"@id\":\"https:\/\/lunayatravel.com\/#\/schema\/logo\/image\/\",\"url\":\"https:\/\/lunayatravel.com\/wp-content\/uploads\/2026\/03\/cropped-647319118_2379115739204013_337015058165053143_n.jpg\",\"contentUrl\":\"https:\/\/lunayatravel.com\/wp-content\/uploads\/2026\/03\/cropped-647319118_2379115739204013_337015058165053143_n.jpg\",\"width\":1022,\"height\":1023,\"caption\":\"Lunaya travel\"},\"image\":{\"@id\":\"https:\/\/lunayatravel.com\/#\/schema\/logo\/image\/\"},\"sameAs\":[\"https:\/\/www.facebook.com\/lunayaTravel\/\"]}]}<\/script>\n<!-- \/ Yoast SEO plugin. -->","yoast_head_json":{"title":"\ud83d\udc18 Soins des \u00e9l\u00e9phants + Rafting en eau vive + Karen Long Neck -","robots":{"index":"index","follow":"follow","max-snippet":"max-snippet:-1","max-image-preview":"max-image-preview:large","max-video-preview":"max-video-preview:-1"},"canonical":"https:\/\/lunayatravel.com\/en\/product\/\ud83d\udc18-soins-des-elephants-rafting-en-eau-vive-karen-long-neck\/","og_locale":"en_GB","og_type":"article","og_title":"\ud83d\udc18 Soins des \u00e9l\u00e9phants + Rafting en eau vive + Karen Long Neck -","og_description":"Vivez une journ\u00e9e inoubliable au c\u0153ur de la nature de Chiang Mai :     Prenez soin d\u2019adorables \u00e9l\u00e9phants dans un sanctuaire \u00e9thique,    Montez l\u2019adr\u00e9naline avec 4,5 km de rafting en eau vive,    D\u00e9couvrez la culture unique du peuple Karen Long Neck.      \ud83c\udf1f Points forts de l'excursion    Immersion dans un sanctuaire respectueux des \u00e9l\u00e9phants    Interaction directe avec les \u00e9l\u00e9phants : nourrissage, bain et douche    Rafting en eau vive dans la rivi\u00e8re Mae Tang    Visite d\u2019un village traditionnel Karen Long Neck    Transfert inclus depuis votre h\u00f4tel dans la ville de Chiang Mai","og_url":"https:\/\/lunayatravel.com\/en\/product\/\ud83d\udc18-soins-des-elephants-rafting-en-eau-vive-karen-long-neck\/","article_publisher":"https:\/\/www.facebook.com\/lunayaTravel\/","og_image":[{"width":720,"height":540,"url":"https:\/\/lunayatravel.com\/wp-content\/uploads\/2025\/07\/01-10.webp","type":"image\/webp"}],"twitter_card":"summary_large_image","twitter_misc":{"Estimated reading time":"1 minute"},"schema":{"@context":"https:\/\/schema.org","@graph":[{"@type":"WebPage","@id":"https:\/\/lunayatravel.com\/produit\/%f0%9f%90%98-soins-des-elephants-rafting-en-eau-vive-karen-long-neck\/","url":"https:\/\/lunayatravel.com\/produit\/%f0%9f%90%98-soins-des-elephants-rafting-en-eau-vive-karen-long-neck\/","name":"\ud83d\udc18 Soins des \u00e9l\u00e9phants + Rafting en eau vive + Karen Long Neck -","isPartOf":{"@id":"https:\/\/lunayatravel.com\/#website"},"primaryImageOfPage":{"@id":"https:\/\/lunayatravel.com\/produit\/%f0%9f%90%98-soins-des-elephants-rafting-en-eau-vive-karen-long-neck\/#primaryimage"},"image":{"@id":"https:\/\/lunayatravel.com\/produit\/%f0%9f%90%98-soins-des-elephants-rafting-en-eau-vive-karen-long-neck\/#primaryimage"},"thumbnailUrl":"https:\/\/lunayatravel.com\/wp-content\/uploads\/2025\/07\/01-10.webp","datePublished":"2025-07-30T07:06:18+00:00","breadcrumb":{"@id":"https:\/\/lunayatravel.com\/produit\/%f0%9f%90%98-soins-des-elephants-rafting-en-eau-vive-karen-long-neck\/#breadcrumb"},"inLanguage":"en-GB","potentialAction":[{"@type":"ReadAction","target":["https:\/\/lunayatravel.com\/produit\/%f0%9f%90%98-soins-des-elephants-rafting-en-eau-vive-karen-long-neck\/"]}]},{"@type":"ImageObject","inLanguage":"en-GB","@id":"https:\/\/lunayatravel.com\/produit\/%f0%9f%90%98-soins-des-elephants-rafting-en-eau-vive-karen-long-neck\/#primaryimage","url":"https:\/\/lunayatravel.com\/wp-content\/uploads\/2025\/07\/01-10.webp","contentUrl":"https:\/\/lunayatravel.com\/wp-content\/uploads\/2025\/07\/01-10.webp","width":720,"height":540},{"@type":"BreadcrumbList","@id":"https:\/\/lunayatravel.com\/produit\/%f0%9f%90%98-soins-des-elephants-rafting-en-eau-vive-karen-long-neck\/#breadcrumb","itemListElement":[{"@type":"ListItem","position":1,"name":"Accueil","item":"https:\/\/lunayatravel.com\/"},{"@type":"ListItem","position":2,"name":"Nos activit\u00e9s","item":"https:\/\/lunayatravel.com\/nos-activites\/"},{"@type":"ListItem","position":3,"name":"\ud83d\udc18 Soins des \u00e9l\u00e9phants + Rafting en eau vive + Karen Long Neck"}]},{"@type":"WebSite","@id":"https:\/\/lunayatravel.com\/#website","url":"https:\/\/lunayatravel.com\/","name":"","description":"","publisher":{"@id":"https:\/\/lunayatravel.com\/#organization"},"potentialAction":[{"@type":"SearchAction","target":{"@type":"EntryPoint","urlTemplate":"https:\/\/lunayatravel.com\/?s={search_term_string}"},"query-input":{"@type":"PropertyValueSpecification","valueRequired":true,"valueName":"search_term_string"}}],"inLanguage":"en-GB"},{"@type":"Organization","@id":"https:\/\/lunayatravel.com\/#organization","name":"Lunaya travel","alternateName":"Lunaya travel","url":"https:\/\/lunayatravel.com\/","logo":{"@type":"ImageObject","inLanguage":"en-GB","@id":"https:\/\/lunayatravel.com\/#\/schema\/logo\/image\/","url":"https:\/\/lunayatravel.com\/wp-content\/uploads\/2026\/03\/cropped-647319118_2379115739204013_337015058165053143_n.jpg","contentUrl":"https:\/\/lunayatravel.com\/wp-content\/uploads\/2026\/03\/cropped-647319118_2379115739204013_337015058165053143_n.jpg","width":1022,"height":1023,"caption":"Lunaya travel"},"image":{"@id":"https:\/\/lunayatravel.com\/#\/schema\/logo\/image\/"},"sameAs":["https:\/\/www.facebook.com\/lunayaTravel\/"]}]}},"uagb_featured_image_src":{"full":["https:\/\/lunayatravel.com\/wp-content\/uploads\/2025\/07\/01-10.webp",720,540,false],"thumbnail":["https:\/\/lunayatravel.com\/wp-content\/uploads\/2025\/07\/01-10-150x150.webp",150,150,true],"medium":["https:\/\/lunayatravel.com\/wp-content\/uploads\/2025\/07\/01-10-300x225.webp",300,225,true],"medium_large":["https:\/\/lunayatravel.com\/wp-content\/uploads\/2025\/07\/01-10.webp",720,540,false],"large":["https:\/\/lunayatravel.com\/wp-content\/uploads\/2025\/07\/01-10.webp",720,540,false],"1536x1536":["https:\/\/lunayatravel.com\/wp-content\/uploads\/2025\/07\/01-10.webp",720,540,false],"2048x2048":["https:\/\/lunayatravel.com\/wp-content\/uploads\/2025\/07\/01-10.webp",720,540,false],"trp-custom-language-flag":["https:\/\/lunayatravel.com\/wp-content\/uploads\/2025\/07\/01-10.webp",16,12,false],"widget-thumbnail":["https:\/\/lunayatravel.com\/wp-content\/uploads\/2025\/07\/01-10-75x75.webp",75,75,true],"mailpoet_newsletter_max":["https:\/\/lunayatravel.com\/wp-content\/uploads\/2025\/07\/01-10.webp",720,540,false],"woocommerce_thumbnail":["https:\/\/lunayatravel.com\/wp-content\/uploads\/2025\/07\/01-10-300x300.webp",300,300,true],"woocommerce_single":["https:\/\/lunayatravel.com\/wp-content\/uploads\/2025\/07\/01-10-600x450.webp",600,450,true],"woocommerce_gallery_thumbnail":["https:\/\/lunayatravel.com\/wp-content\/uploads\/2025\/07\/01-10-100x100.webp",100,100,true],"sow-carousel-default":["https:\/\/lunayatravel.com\/wp-content\/uploads\/2025\/07\/01-10-272x182.webp",272,182,true]},"uagb_author_info":{"display_name":"haemers stephanie","author_link":"https:\/\/lunayatravel.com\/en\/author\/"},"uagb_comment_info":0,"uagb_excerpt":"Vivez une journ\u00e9e inoubliable au c\u0153ur de la nature de Chiang Mai : Prenez soin d\u2019adorables \u00e9l\u00e9phants dans un sanctuaire \u00e9thique, Montez l\u2019adr\u00e9naline avec 4,5 km de rafting en eau vive, D\u00e9couvrez la culture unique du peuple Karen Long Neck. \ud83c\udf1f Points forts de l'excursion Immersion dans un sanctuaire respectueux des \u00e9l\u00e9phants Interaction directe avec&hellip;","jetpack_sharing_enabled":true,"_links":{"self":[{"href":"https:\/\/lunayatravel.com\/en\/wp-json\/wp\/v2\/product\/30337","targetHints":{"allow":["GET"]}}],"collection":[{"href":"https:\/\/lunayatravel.com\/en\/wp-json\/wp\/v2\/product"}],"about":[{"href":"https:\/\/lunayatravel.com\/en\/wp-json\/wp\/v2\/types\/product"}],"replies":[{"embeddable":true,"href":"https:\/\/lunayatravel.com\/en\/wp-json\/wp\/v2\/comments?post=30337"}],"wp:featuredmedia":[{"embeddable":true,"href":"https:\/\/lunayatravel.com\/en\/wp-json\/wp\/v2\/media\/30342"}],"wp:attachment":[{"href":"https:\/\/lunayatravel.com\/en\/wp-json\/wp\/v2\/media?parent=30337"}],"wp:term":[{"taxonomy":"product_brand","embeddable":true,"href":"https:\/\/lunayatravel.com\/en\/wp-json\/wp\/v2\/product_brand?post=30337"},{"taxonomy":"product_cat","embeddable":true,"href":"https:\/\/lunayatravel.com\/en\/wp-json\/wp\/v2\/product_cat?post=30337"},{"taxonomy":"product_tag","embeddable":true,"href":"https:\/\/lunayatravel.com\/en\/wp-json\/wp\/v2\/product_tag?post=30337"}],"curies":[{"name":"wp","href":"https:\/\/api.w.org\/{rel}","templated":true}]}}