{"id":30331,"date":"2025-07-30T08:56:41","date_gmt":"2025-07-30T06:56:41","guid":{"rendered":"https:\/\/itctoursvoyages.com\/?post_type=product&#038;p=30331"},"modified":"2025-07-30T08:56:41","modified_gmt":"2025-07-30T06:56:41","slug":"%f0%9f%8c%85-diner-romantique-au-coucher-du-soleil-sur-un-catamaran","status":"publish","type":"product","link":"https:\/\/lunayatravel.com\/en\/product\/%f0%9f%8c%85-diner-romantique-au-coucher-du-soleil-sur-un-catamaran\/","title":{"rendered":"\ud83c\udf05 Romantic sunset dinner on a catamaran"},"content":{"rendered":"<h3 data-start=\"879\" data-end=\"909\">\ud83d\uddd3\ufe0f <strong data-start=\"887\" data-end=\"909\">Full itinerary<\/strong><\/h3>\n<ul data-start=\"911\" data-end=\"1424\">\n<li data-start=\"911\" data-end=\"997\">\n<p data-start=\"913\" data-end=\"997\"><strong data-start=\"913\" data-end=\"922\">15h30<\/strong> - Pick-up from your hotel (times vary according to location)<\/p>\n<\/li>\n<li data-start=\"998\" data-end=\"1050\">\n<p data-start=\"1000\" data-end=\"1050\"><strong data-start=\"1000\" data-end=\"1009\">16h30<\/strong> - Departure from Ao Chalong pier<\/p>\n<\/li>\n<li data-start=\"1051\" data-end=\"1145\">\n<p data-start=\"1053\" data-end=\"1145\"><strong data-start=\"1053\" data-end=\"1062\">17h15<\/strong> - Arrival at the famous <strong data-start=\"1084\" data-end=\"1100\">cape Promthep<\/strong>one of the most beautiful viewpoints in Phuket<\/p>\n<\/li>\n<li data-start=\"1146\" data-end=\"1226\">\n<p data-start=\"1148\" data-end=\"1226\"><strong data-start=\"1148\" data-end=\"1157\">17h50<\/strong> - Navigation in front of the <strong data-start=\"1181\" data-end=\"1198\">Yanui Bay<\/strong>an unforgettable photo moment<\/p>\n<\/li>\n<li data-start=\"1227\" data-end=\"1318\">\n<p data-start=\"1229\" data-end=\"1318\"><strong data-start=\"1229\" data-end=\"1238\">18h00<\/strong> - <strong data-start=\"1241\" data-end=\"1261\">Romantic dinner<\/strong> on board, watching the sun set over the Andaman Sea<\/p>\n<\/li>\n<li data-start=\"1319\" data-end=\"1355\">\n<p data-start=\"1321\" data-end=\"1355\"><strong data-start=\"1321\" data-end=\"1330\">19h00<\/strong> - Back to the pier<\/p>\n<\/li>\n<li data-start=\"1356\" data-end=\"1424\">\n<p data-start=\"1358\" data-end=\"1424\"><strong data-start=\"1358\" data-end=\"1367\">20h00<\/strong> - Arrival in Ao Chalong and transfer back to your hotel<\/p>\n<\/li>\n<\/ul>\n<hr data-start=\"1426\" data-end=\"1429\" \/>\n<h3 data-start=\"1431\" data-end=\"1460\">\ud83c\udf7d\ufe0f <strong data-start=\"1439\" data-end=\"1460\">Menu served on board<\/strong><\/h3>\n<ul data-start=\"1462\" data-end=\"1590\">\n<li data-start=\"1462\" data-end=\"1476\">\n<p data-start=\"1464\" data-end=\"1476\">House wine<\/p>\n<\/li>\n<li data-start=\"1477\" data-end=\"1508\">\n<p data-start=\"1479\" data-end=\"1508\">Salmon &amp; tuna sashimi<\/p>\n<\/li>\n<li data-start=\"1509\" data-end=\"1590\">\n<p data-start=\"1511\" data-end=\"1590\">Chicken steak<br data-start=\"1526\" data-end=\"1529\" \/><em data-start=\"1529\" data-end=\"1590\">(Menu may vary slightly depending on availability)<\/em><\/p>\n<\/li>\n<\/ul>\n<hr data-start=\"1592\" data-end=\"1595\" \/>\n<h3 data-start=\"1597\" data-end=\"1624\">\u2705 <strong data-start=\"1603\" data-end=\"1624\">What's included<\/strong><\/h3>\n<ul data-start=\"1626\" data-end=\"1793\">\n<li data-start=\"1626\" data-end=\"1652\">\n<p data-start=\"1628\" data-end=\"1652\">Catamaran cruise<\/p>\n<\/li>\n<li data-start=\"1653\" data-end=\"1693\">\n<p data-start=\"1655\" data-end=\"1693\">Return transfer from Phuket<\/p>\n<\/li>\n<li data-start=\"1694\" data-end=\"1718\">\n<p data-start=\"1696\" data-end=\"1718\">Full dinner on board<\/p>\n<\/li>\n<li data-start=\"1719\" data-end=\"1756\">\n<p data-start=\"1721\" data-end=\"1756\">Drinks on board (house wine, water)<\/p>\n<\/li>\n<li data-start=\"1757\" data-end=\"1781\">\n<p data-start=\"1759\" data-end=\"1781\">Tour guide<\/p>\n<\/li>\n<li data-start=\"1782\" data-end=\"1793\">\n<p data-start=\"1784\" data-end=\"1793\">Insurance<\/p>\n<\/li>\n<\/ul>\n<hr data-start=\"1795\" data-end=\"1798\" \/>\n<h3 data-start=\"1800\" data-end=\"1820\">\ud83c\udf92 <strong data-start=\"1807\" data-end=\"1820\">What to expect<\/strong><\/h3>\n<ul data-start=\"1822\" data-end=\"1989\">\n<li data-start=\"1822\" data-end=\"1885\">\n<p data-start=\"1824\" data-end=\"1885\">Comfortable clothing \/ dress or light shirt recommended<\/p>\n<\/li>\n<li data-start=\"1886\" data-end=\"1957\">\n<p data-start=\"1888\" data-end=\"1957\">Camera or smartphone to capture the sunset<\/p>\n<\/li>\n<li data-start=\"1958\" data-end=\"1989\">\n<p data-start=\"1960\" data-end=\"1989\">Small jacket in case of wind<\/p>\n<\/li>\n<\/ul>\n<hr data-start=\"1991\" data-end=\"1994\" \/>\n<h3 data-start=\"1996\" data-end=\"2015\">\u2764\ufe0f Ideal for :<\/h3>\n<ul data-start=\"2017\" data-end=\"2224\">\n<li data-start=\"2017\" data-end=\"2070\">\n<p data-start=\"2019\" data-end=\"2070\">Couples looking for a <strong data-start=\"2043\" data-end=\"2068\">romantic experience<\/strong><\/p>\n<\/li>\n<li data-start=\"2071\" data-end=\"2130\">\n<p data-start=\"2073\" data-end=\"2130\">Groups of friends wishing to <strong data-start=\"2099\" data-end=\"2128\">share a unique moment<\/strong><\/p>\n<\/li>\n<li data-start=\"2131\" data-end=\"2224\">\n<p data-start=\"2133\" data-end=\"2224\">Birthdays, surprises, marriage proposals or just a simple <strong data-start=\"2196\" data-end=\"2224\">a magical moment in Phuket<\/strong><\/p>\n<\/li>\n<\/ul>","protected":false},"excerpt":{"rendered":"<p data-start=\"197\" data-end=\"483\">Treat yourself to an unforgettable moment on a catamaran cruise to the <strong data-start=\"268\" data-end=\"289\">sunset<\/strong>off the coast of Phuket.<br data-start=\"310\" data-end=\"313\" \/>Whether you're a couple or a group of friends, let the gentle sea breeze, spectacular scenery and elegant ambience carry you away as you enjoy dinner at sea.<\/p>\n<hr data-start=\"485\" data-end=\"488\" \/>\n<h3 data-start=\"490\" data-end=\"528\">\ud83c\udf1f <strong data-start=\"497\" data-end=\"528\">Highlights of the excursion<\/strong><\/h3>\n<ul data-start=\"530\" data-end=\"872\">\n<li data-start=\"530\" data-end=\"585\">\n<p data-start=\"532\" data-end=\"585\">Navigation on a <strong data-start=\"550\" data-end=\"583\">spacious and elegant catamaran<\/strong><\/p>\n<\/li>\n<li data-start=\"586\" data-end=\"653\">\n<p data-start=\"588\" data-end=\"653\">Magical sunset from <strong data-start=\"621\" data-end=\"651\">Cape Krating and Promthep<\/strong><\/p>\n<\/li>\n<li data-start=\"654\" data-end=\"742\">\n<p data-start=\"656\" data-end=\"742\"><strong data-start=\"656\" data-end=\"676\">Romantic dinner<\/strong> on board: house wine, salmon and tuna sashimi, chicken steak<\/p>\n<\/li>\n<li data-start=\"743\" data-end=\"812\">\n<p data-start=\"745\" data-end=\"812\">Perfect for couples, friends or any special celebration<\/p>\n<\/li>\n<li data-start=\"813\" data-end=\"872\">\n<p data-start=\"815\" data-end=\"872\">Return transfer included from your hotel in Phuket<\/p>\n<\/li>\n<\/ul>","protected":false},"featured_media":30333,"comment_status":"open","ping_status":"closed","template":"","meta":{"_uag_custom_page_level_css":""},"product_brand":[],"product_cat":[67],"product_tag":[],"class_list":{"0":"post-30331","1":"product","2":"type-product","3":"status-publish","4":"has-post-thumbnail","6":"product_cat-phuket","8":"first","9":"instock","10":"virtual","11":"taxable","12":"purchasable","13":"product-type-simple"},"yoast_head":"<!-- This site is optimized with the Yoast SEO plugin v27.1.1 - https:\/\/yoast.com\/product\/yoast-seo-wordpress\/ -->\n<title>\ud83c\udf05 D\u00eener romantique au coucher du soleil sur un catamaran -<\/title>\n<meta name=\"robots\" content=\"index, follow, max-snippet:-1, max-image-preview:large, max-video-preview:-1\" \/>\n<link rel=\"canonical\" href=\"https:\/\/lunayatravel.com\/en\/product\/\ud83c\udf05-diner-romantique-au-coucher-du-soleil-sur-un-catamaran\/\" \/>\n<meta property=\"og:locale\" content=\"en_GB\" \/>\n<meta property=\"og:type\" content=\"article\" \/>\n<meta property=\"og:title\" content=\"\ud83c\udf05 D\u00eener romantique au coucher du soleil sur un catamaran -\" \/>\n<meta property=\"og:description\" content=\"Offrez-vous un moment inoubliable lors d\u2019une croisi\u00e8re en catamaran au coucher du soleil, au large de Phuket.Que vous soyez en couple ou entre amis, laissez-vous porter par la douce brise marine, les paysages spectaculaires et une ambiance \u00e9l\u00e9gante pour savourer un d\u00eener en mer.     \ud83c\udf1f Points forts de l\u2019excursion    Navigation sur un catamaran spacieux et \u00e9l\u00e9gant    Coucher de soleil magique depuis le cap Krating et Promthep    D\u00eener romantique \u00e0 bord : vin maison, sashimi de saumon et thon, steak de poulet    Parfait pour les couples, les amis, ou toute c\u00e9l\u00e9bration sp\u00e9ciale    Transfert aller-retour inclus depuis votre h\u00f4tel \u00e0 Phuket\" \/>\n<meta property=\"og:url\" content=\"https:\/\/lunayatravel.com\/en\/product\/\ud83c\udf05-diner-romantique-au-coucher-du-soleil-sur-un-catamaran\/\" \/>\n<meta property=\"article:publisher\" content=\"https:\/\/www.facebook.com\/lunayaTravel\/\" \/>\n<meta property=\"og:image\" content=\"https:\/\/lunayatravel.com\/wp-content\/uploads\/2025\/07\/4-2.webp\" \/>\n\t<meta property=\"og:image:width\" content=\"720\" \/>\n\t<meta property=\"og:image:height\" content=\"540\" \/>\n\t<meta property=\"og:image:type\" content=\"image\/webp\" \/>\n<meta name=\"twitter:card\" content=\"summary_large_image\" \/>\n<meta name=\"twitter:label1\" content=\"Estimated reading time\" \/>\n\t<meta name=\"twitter:data1\" content=\"1 minute\" \/>\n<script type=\"application\/ld+json\" class=\"yoast-schema-graph\">{\"@context\":\"https:\/\/schema.org\",\"@graph\":[{\"@type\":\"WebPage\",\"@id\":\"https:\/\/lunayatravel.com\/produit\/%f0%9f%8c%85-diner-romantique-au-coucher-du-soleil-sur-un-catamaran\/\",\"url\":\"https:\/\/lunayatravel.com\/produit\/%f0%9f%8c%85-diner-romantique-au-coucher-du-soleil-sur-un-catamaran\/\",\"name\":\"\ud83c\udf05 D\u00eener romantique au coucher du soleil sur un catamaran -\",\"isPartOf\":{\"@id\":\"https:\/\/lunayatravel.com\/#website\"},\"primaryImageOfPage\":{\"@id\":\"https:\/\/lunayatravel.com\/produit\/%f0%9f%8c%85-diner-romantique-au-coucher-du-soleil-sur-un-catamaran\/#primaryimage\"},\"image\":{\"@id\":\"https:\/\/lunayatravel.com\/produit\/%f0%9f%8c%85-diner-romantique-au-coucher-du-soleil-sur-un-catamaran\/#primaryimage\"},\"thumbnailUrl\":\"https:\/\/lunayatravel.com\/wp-content\/uploads\/2025\/07\/4-2.webp\",\"datePublished\":\"2025-07-30T06:56:41+00:00\",\"breadcrumb\":{\"@id\":\"https:\/\/lunayatravel.com\/produit\/%f0%9f%8c%85-diner-romantique-au-coucher-du-soleil-sur-un-catamaran\/#breadcrumb\"},\"inLanguage\":\"en-GB\",\"potentialAction\":[{\"@type\":\"ReadAction\",\"target\":[\"https:\/\/lunayatravel.com\/produit\/%f0%9f%8c%85-diner-romantique-au-coucher-du-soleil-sur-un-catamaran\/\"]}]},{\"@type\":\"ImageObject\",\"inLanguage\":\"en-GB\",\"@id\":\"https:\/\/lunayatravel.com\/produit\/%f0%9f%8c%85-diner-romantique-au-coucher-du-soleil-sur-un-catamaran\/#primaryimage\",\"url\":\"https:\/\/lunayatravel.com\/wp-content\/uploads\/2025\/07\/4-2.webp\",\"contentUrl\":\"https:\/\/lunayatravel.com\/wp-content\/uploads\/2025\/07\/4-2.webp\",\"width\":720,\"height\":540},{\"@type\":\"BreadcrumbList\",\"@id\":\"https:\/\/lunayatravel.com\/produit\/%f0%9f%8c%85-diner-romantique-au-coucher-du-soleil-sur-un-catamaran\/#breadcrumb\",\"itemListElement\":[{\"@type\":\"ListItem\",\"position\":1,\"name\":\"Accueil\",\"item\":\"https:\/\/lunayatravel.com\/\"},{\"@type\":\"ListItem\",\"position\":2,\"name\":\"Nos activit\u00e9s\",\"item\":\"https:\/\/lunayatravel.com\/nos-activites\/\"},{\"@type\":\"ListItem\",\"position\":3,\"name\":\"\ud83c\udf05 D\u00eener romantique au coucher du soleil sur un catamaran\"}]},{\"@type\":\"WebSite\",\"@id\":\"https:\/\/lunayatravel.com\/#website\",\"url\":\"https:\/\/lunayatravel.com\/\",\"name\":\"\",\"description\":\"\",\"publisher\":{\"@id\":\"https:\/\/lunayatravel.com\/#organization\"},\"potentialAction\":[{\"@type\":\"SearchAction\",\"target\":{\"@type\":\"EntryPoint\",\"urlTemplate\":\"https:\/\/lunayatravel.com\/?s={search_term_string}\"},\"query-input\":{\"@type\":\"PropertyValueSpecification\",\"valueRequired\":true,\"valueName\":\"search_term_string\"}}],\"inLanguage\":\"en-GB\"},{\"@type\":\"Organization\",\"@id\":\"https:\/\/lunayatravel.com\/#organization\",\"name\":\"Lunaya travel\",\"alternateName\":\"Lunaya travel\",\"url\":\"https:\/\/lunayatravel.com\/\",\"logo\":{\"@type\":\"ImageObject\",\"inLanguage\":\"en-GB\",\"@id\":\"https:\/\/lunayatravel.com\/#\/schema\/logo\/image\/\",\"url\":\"https:\/\/lunayatravel.com\/wp-content\/uploads\/2026\/03\/cropped-647319118_2379115739204013_337015058165053143_n.jpg\",\"contentUrl\":\"https:\/\/lunayatravel.com\/wp-content\/uploads\/2026\/03\/cropped-647319118_2379115739204013_337015058165053143_n.jpg\",\"width\":1022,\"height\":1023,\"caption\":\"Lunaya travel\"},\"image\":{\"@id\":\"https:\/\/lunayatravel.com\/#\/schema\/logo\/image\/\"},\"sameAs\":[\"https:\/\/www.facebook.com\/lunayaTravel\/\"]}]}<\/script>\n<!-- \/ Yoast SEO plugin. -->","yoast_head_json":{"title":"\ud83c\udf05 D\u00eener romantique au coucher du soleil sur un catamaran -","robots":{"index":"index","follow":"follow","max-snippet":"max-snippet:-1","max-image-preview":"max-image-preview:large","max-video-preview":"max-video-preview:-1"},"canonical":"https:\/\/lunayatravel.com\/en\/product\/\ud83c\udf05-diner-romantique-au-coucher-du-soleil-sur-un-catamaran\/","og_locale":"en_GB","og_type":"article","og_title":"\ud83c\udf05 D\u00eener romantique au coucher du soleil sur un catamaran -","og_description":"Offrez-vous un moment inoubliable lors d\u2019une croisi\u00e8re en catamaran au coucher du soleil, au large de Phuket.Que vous soyez en couple ou entre amis, laissez-vous porter par la douce brise marine, les paysages spectaculaires et une ambiance \u00e9l\u00e9gante pour savourer un d\u00eener en mer.     \ud83c\udf1f Points forts de l\u2019excursion    Navigation sur un catamaran spacieux et \u00e9l\u00e9gant    Coucher de soleil magique depuis le cap Krating et Promthep    D\u00eener romantique \u00e0 bord : vin maison, sashimi de saumon et thon, steak de poulet    Parfait pour les couples, les amis, ou toute c\u00e9l\u00e9bration sp\u00e9ciale    Transfert aller-retour inclus depuis votre h\u00f4tel \u00e0 Phuket","og_url":"https:\/\/lunayatravel.com\/en\/product\/\ud83c\udf05-diner-romantique-au-coucher-du-soleil-sur-un-catamaran\/","article_publisher":"https:\/\/www.facebook.com\/lunayaTravel\/","og_image":[{"width":720,"height":540,"url":"https:\/\/lunayatravel.com\/wp-content\/uploads\/2025\/07\/4-2.webp","type":"image\/webp"}],"twitter_card":"summary_large_image","twitter_misc":{"Estimated reading time":"1 minute"},"schema":{"@context":"https:\/\/schema.org","@graph":[{"@type":"WebPage","@id":"https:\/\/lunayatravel.com\/produit\/%f0%9f%8c%85-diner-romantique-au-coucher-du-soleil-sur-un-catamaran\/","url":"https:\/\/lunayatravel.com\/produit\/%f0%9f%8c%85-diner-romantique-au-coucher-du-soleil-sur-un-catamaran\/","name":"\ud83c\udf05 D\u00eener romantique au coucher du soleil sur un catamaran -","isPartOf":{"@id":"https:\/\/lunayatravel.com\/#website"},"primaryImageOfPage":{"@id":"https:\/\/lunayatravel.com\/produit\/%f0%9f%8c%85-diner-romantique-au-coucher-du-soleil-sur-un-catamaran\/#primaryimage"},"image":{"@id":"https:\/\/lunayatravel.com\/produit\/%f0%9f%8c%85-diner-romantique-au-coucher-du-soleil-sur-un-catamaran\/#primaryimage"},"thumbnailUrl":"https:\/\/lunayatravel.com\/wp-content\/uploads\/2025\/07\/4-2.webp","datePublished":"2025-07-30T06:56:41+00:00","breadcrumb":{"@id":"https:\/\/lunayatravel.com\/produit\/%f0%9f%8c%85-diner-romantique-au-coucher-du-soleil-sur-un-catamaran\/#breadcrumb"},"inLanguage":"en-GB","potentialAction":[{"@type":"ReadAction","target":["https:\/\/lunayatravel.com\/produit\/%f0%9f%8c%85-diner-romantique-au-coucher-du-soleil-sur-un-catamaran\/"]}]},{"@type":"ImageObject","inLanguage":"en-GB","@id":"https:\/\/lunayatravel.com\/produit\/%f0%9f%8c%85-diner-romantique-au-coucher-du-soleil-sur-un-catamaran\/#primaryimage","url":"https:\/\/lunayatravel.com\/wp-content\/uploads\/2025\/07\/4-2.webp","contentUrl":"https:\/\/lunayatravel.com\/wp-content\/uploads\/2025\/07\/4-2.webp","width":720,"height":540},{"@type":"BreadcrumbList","@id":"https:\/\/lunayatravel.com\/produit\/%f0%9f%8c%85-diner-romantique-au-coucher-du-soleil-sur-un-catamaran\/#breadcrumb","itemListElement":[{"@type":"ListItem","position":1,"name":"Accueil","item":"https:\/\/lunayatravel.com\/"},{"@type":"ListItem","position":2,"name":"Nos activit\u00e9s","item":"https:\/\/lunayatravel.com\/nos-activites\/"},{"@type":"ListItem","position":3,"name":"\ud83c\udf05 D\u00eener romantique au coucher du soleil sur un catamaran"}]},{"@type":"WebSite","@id":"https:\/\/lunayatravel.com\/#website","url":"https:\/\/lunayatravel.com\/","name":"","description":"","publisher":{"@id":"https:\/\/lunayatravel.com\/#organization"},"potentialAction":[{"@type":"SearchAction","target":{"@type":"EntryPoint","urlTemplate":"https:\/\/lunayatravel.com\/?s={search_term_string}"},"query-input":{"@type":"PropertyValueSpecification","valueRequired":true,"valueName":"search_term_string"}}],"inLanguage":"en-GB"},{"@type":"Organization","@id":"https:\/\/lunayatravel.com\/#organization","name":"Lunaya travel","alternateName":"Lunaya travel","url":"https:\/\/lunayatravel.com\/","logo":{"@type":"ImageObject","inLanguage":"en-GB","@id":"https:\/\/lunayatravel.com\/#\/schema\/logo\/image\/","url":"https:\/\/lunayatravel.com\/wp-content\/uploads\/2026\/03\/cropped-647319118_2379115739204013_337015058165053143_n.jpg","contentUrl":"https:\/\/lunayatravel.com\/wp-content\/uploads\/2026\/03\/cropped-647319118_2379115739204013_337015058165053143_n.jpg","width":1022,"height":1023,"caption":"Lunaya travel"},"image":{"@id":"https:\/\/lunayatravel.com\/#\/schema\/logo\/image\/"},"sameAs":["https:\/\/www.facebook.com\/lunayaTravel\/"]}]}},"uagb_featured_image_src":{"full":["https:\/\/lunayatravel.com\/wp-content\/uploads\/2025\/07\/4-2.webp",720,540,false],"thumbnail":["https:\/\/lunayatravel.com\/wp-content\/uploads\/2025\/07\/4-2-150x150.webp",150,150,true],"medium":["https:\/\/lunayatravel.com\/wp-content\/uploads\/2025\/07\/4-2-300x225.webp",300,225,true],"medium_large":["https:\/\/lunayatravel.com\/wp-content\/uploads\/2025\/07\/4-2.webp",720,540,false],"large":["https:\/\/lunayatravel.com\/wp-content\/uploads\/2025\/07\/4-2.webp",720,540,false],"1536x1536":["https:\/\/lunayatravel.com\/wp-content\/uploads\/2025\/07\/4-2.webp",720,540,false],"2048x2048":["https:\/\/lunayatravel.com\/wp-content\/uploads\/2025\/07\/4-2.webp",720,540,false],"trp-custom-language-flag":["https:\/\/lunayatravel.com\/wp-content\/uploads\/2025\/07\/4-2.webp",16,12,false],"widget-thumbnail":["https:\/\/lunayatravel.com\/wp-content\/uploads\/2025\/07\/4-2-75x75.webp",75,75,true],"mailpoet_newsletter_max":["https:\/\/lunayatravel.com\/wp-content\/uploads\/2025\/07\/4-2.webp",720,540,false],"woocommerce_thumbnail":["https:\/\/lunayatravel.com\/wp-content\/uploads\/2025\/07\/4-2-300x300.webp",300,300,true],"woocommerce_single":["https:\/\/lunayatravel.com\/wp-content\/uploads\/2025\/07\/4-2-600x450.webp",600,450,true],"woocommerce_gallery_thumbnail":["https:\/\/lunayatravel.com\/wp-content\/uploads\/2025\/07\/4-2-100x100.webp",100,100,true],"sow-carousel-default":["https:\/\/lunayatravel.com\/wp-content\/uploads\/2025\/07\/4-2-272x182.webp",272,182,true]},"uagb_author_info":{"display_name":"haemers stephanie","author_link":"https:\/\/lunayatravel.com\/en\/author\/"},"uagb_comment_info":0,"uagb_excerpt":"Offrez-vous un moment inoubliable lors d\u2019une croisi\u00e8re en catamaran au coucher du soleil, au large de Phuket.Que vous soyez en couple ou entre amis, laissez-vous porter par la douce brise marine, les paysages spectaculaires et une ambiance \u00e9l\u00e9gante pour savourer un d\u00eener en mer. \ud83c\udf1f Points forts de l\u2019excursion Navigation sur un catamaran spacieux et&hellip;","jetpack_sharing_enabled":true,"_links":{"self":[{"href":"https:\/\/lunayatravel.com\/en\/wp-json\/wp\/v2\/product\/30331","targetHints":{"allow":["GET"]}}],"collection":[{"href":"https:\/\/lunayatravel.com\/en\/wp-json\/wp\/v2\/product"}],"about":[{"href":"https:\/\/lunayatravel.com\/en\/wp-json\/wp\/v2\/types\/product"}],"replies":[{"embeddable":true,"href":"https:\/\/lunayatravel.com\/en\/wp-json\/wp\/v2\/comments?post=30331"}],"wp:featuredmedia":[{"embeddable":true,"href":"https:\/\/lunayatravel.com\/en\/wp-json\/wp\/v2\/media\/30333"}],"wp:attachment":[{"href":"https:\/\/lunayatravel.com\/en\/wp-json\/wp\/v2\/media?parent=30331"}],"wp:term":[{"taxonomy":"product_brand","embeddable":true,"href":"https:\/\/lunayatravel.com\/en\/wp-json\/wp\/v2\/product_brand?post=30331"},{"taxonomy":"product_cat","embeddable":true,"href":"https:\/\/lunayatravel.com\/en\/wp-json\/wp\/v2\/product_cat?post=30331"},{"taxonomy":"product_tag","embeddable":true,"href":"https:\/\/lunayatravel.com\/en\/wp-json\/wp\/v2\/product_tag?post=30331"}],"curies":[{"name":"wp","href":"https:\/\/api.w.org\/{rel}","templated":true}]}}