{"id":30325,"date":"2025-07-30T08:48:32","date_gmt":"2025-07-30T06:48:32","guid":{"rendered":"https:\/\/itctoursvoyages.com\/?post_type=product&#038;p=30325"},"modified":"2026-02-23T03:11:39","modified_gmt":"2026-02-23T02:11:39","slug":"30325","status":"publish","type":"product","link":"https:\/\/lunayatravel.com\/en\/product\/30325\/","title":{"rendered":"James Bond island"},"content":{"rendered":"<h3 data-start=\"1126\" data-end=\"1157\">\ud83d\uddd3\ufe0f <strong data-start=\"1134\" data-end=\"1157\">Detailed itinerary<\/strong><\/h3>\n<ul data-start=\"1159\" data-end=\"1778\">\n<li data-start=\"1159\" data-end=\"1229\">\n<p data-start=\"1161\" data-end=\"1229\"><strong data-start=\"1161\" data-end=\"1170\">08:30<\/strong> - Welcome at the Royal Phuket Marina, drinks and briefing<\/p>\n<\/li>\n<li data-start=\"1230\" data-end=\"1295\">\n<p data-start=\"1232\" data-end=\"1295\"><strong data-start=\"1232\" data-end=\"1241\">09:30<\/strong> - Departure for Phang Nga Bay by speedboat<\/p>\n<\/li>\n<li data-start=\"1296\" data-end=\"1370\">\n<p data-start=\"1298\" data-end=\"1370\"><strong data-start=\"1298\" data-end=\"1307\">10:00<\/strong> - Arrival on the island of <strong data-start=\"1329\" data-end=\"1338\">Panak<\/strong> (caves, stalactites, lagoons)<\/p>\n<\/li>\n<li data-start=\"1371\" data-end=\"1418\">\n<p data-start=\"1373\" data-end=\"1418\"><strong data-start=\"1373\" data-end=\"1382\">10:40<\/strong> - Visit to <strong data-start=\"1395\" data-end=\"1416\">James Bond Island<\/strong><\/p>\n<\/li>\n<li data-start=\"1419\" data-end=\"1499\">\n<p data-start=\"1421\" data-end=\"1499\"><strong data-start=\"1421\" data-end=\"1430\">11:30<\/strong> - Discover the mangroves, <strong data-start=\"1459\" data-end=\"1474\">Puddle Rock<\/strong> and old paintwork<\/p>\n<\/li>\n<li data-start=\"1500\" data-end=\"1564\">\n<p data-start=\"1502\" data-end=\"1564\"><strong data-start=\"1502\" data-end=\"1511\">12:00<\/strong> - <strong data-start=\"1514\" data-end=\"1533\">Buffet lunch<\/strong> on the floating island of Panyi<\/p>\n<\/li>\n<li data-start=\"1565\" data-end=\"1642\">\n<p data-start=\"1567\" data-end=\"1642\"><strong data-start=\"1567\" data-end=\"1576\">13:30<\/strong> - Canoeing in the mangroves of Hong Island + Scoopy Doo rock<\/p>\n<\/li>\n<li data-start=\"1643\" data-end=\"1712\">\n<p data-start=\"1645\" data-end=\"1712\"><strong data-start=\"1645\" data-end=\"1654\">14:30<\/strong> - Snorkelling, swimming or relaxing on <strong data-start=\"1693\" data-end=\"1710\">Khai Island<\/strong><\/p>\n<\/li>\n<li data-start=\"1713\" data-end=\"1778\">\n<p data-start=\"1715\" data-end=\"1778\"><strong data-start=\"1715\" data-end=\"1724\">17:00<\/strong> - Return to the marina + transfer back to your hotel<\/p>\n<\/li>\n<\/ul>\n<hr data-start=\"1780\" data-end=\"1783\" \/>\n<h3 data-start=\"1785\" data-end=\"1815\">\u2705 <strong data-start=\"1791\" data-end=\"1815\">Included in the price<\/strong><\/h3>\n<ul data-start=\"1817\" data-end=\"2107\">\n<li data-start=\"1817\" data-end=\"1846\">\n<p data-start=\"1819\" data-end=\"1846\">Fast boat <strong data-start=\"1833\" data-end=\"1844\">SeaStar<\/strong><\/p>\n<\/li>\n<li data-start=\"1847\" data-end=\"1915\">\n<p data-start=\"1849\" data-end=\"1915\">Return transfer from Phuket (depending on area, see below)<\/p>\n<\/li>\n<li data-start=\"1916\" data-end=\"1950\">\n<p data-start=\"1918\" data-end=\"1950\">Professional English-speaking guide<\/p>\n<\/li>\n<li data-start=\"1951\" data-end=\"2012\">\n<p data-start=\"1953\" data-end=\"2012\">Snorkelling equipment (mask, snorkel, lifejacket)<\/p>\n<\/li>\n<li data-start=\"2013\" data-end=\"2060\">\n<p data-start=\"2015\" data-end=\"2060\"><strong data-start=\"2015\" data-end=\"2034\">Buffet lunch<\/strong>drinks, fresh fruit<\/p>\n<\/li>\n<li data-start=\"2061\" data-end=\"2084\">\n<p data-start=\"2063\" data-end=\"2084\">Canoeing in Hong Island<\/p>\n<\/li>\n<li data-start=\"2085\" data-end=\"2107\">\n<p data-start=\"2087\" data-end=\"2107\"><strong data-start=\"2087\" data-end=\"2107\">Travel insurance<\/strong><\/p>\n<\/li>\n<\/ul>\n<hr data-start=\"2109\" data-end=\"2112\" \/>\n<h3 data-start=\"2114\" data-end=\"2134\">\ud83c\udf92 <strong data-start=\"2121\" data-end=\"2134\">What to expect<\/strong><\/h3>\n<ul data-start=\"2136\" data-end=\"2268\">\n<li data-start=\"2136\" data-end=\"2153\">\n<p data-start=\"2138\" data-end=\"2153\">Sun cream<\/p>\n<\/li>\n<li data-start=\"2154\" data-end=\"2184\">\n<p data-start=\"2156\" data-end=\"2184\">Swimming costume, towel<\/p>\n<\/li>\n<li data-start=\"2185\" data-end=\"2216\">\n<p data-start=\"2187\" data-end=\"2216\">Sunglasses, hat<\/p>\n<\/li>\n<li data-start=\"2217\" data-end=\"2235\">\n<p data-start=\"2219\" data-end=\"2235\">Camera<\/p>\n<\/li>\n<li data-start=\"2236\" data-end=\"2268\">\n<p data-start=\"2238\" data-end=\"2268\">Sandals or water shoes<\/p>\n<\/li>\n<\/ul>\n<hr data-start=\"2270\" data-end=\"2273\" \/>\n<h3 data-start=\"2275\" data-end=\"2326\">\ud83d\ude8c <strong data-start=\"2282\" data-end=\"2308\">Hotel transfer included<\/strong> (see conditions)<\/h3>\n<ul data-start=\"2328\" data-end=\"2648\">\n<li data-start=\"2328\" data-end=\"2423\">\n<p data-start=\"2330\" data-end=\"2423\">Free zones: Phuket Ville, Chalong, Kata, Karon, Patong, Kamala, Surin, Bang Tao, etc.<\/p>\n<\/li>\n<li data-start=\"2424\" data-end=\"2521\">\n<p data-start=\"2426\" data-end=\"2521\">Supplement (0 to 500 THB\/pers) depending on location (Rawai, Ao Por, Nai Yang, Mai Khao, etc.)<\/p>\n<\/li>\n<li data-start=\"2522\" data-end=\"2648\">\n<p data-start=\"2524\" data-end=\"2648\">Collection times: between <strong data-start=\"2552\" data-end=\"2568\">6.00am and 7.20am<\/strong>depending on your zone<br data-start=\"2586\" data-end=\"2589\" \/><em data-start=\"2589\" data-end=\"2648\">(The exact time will be confirmed after booking)<\/em><\/p>\n<\/li>\n<\/ul>\n<hr data-start=\"2650\" data-end=\"2653\" \/>\n<h3 data-start=\"2655\" data-end=\"2690\">\u26a0\ufe0f <strong data-start=\"2662\" data-end=\"2690\">Important information<\/strong><\/h3>\n<ul data-start=\"2692\" data-end=\"2853\">\n<li data-start=\"2692\" data-end=\"2796\">\n<p data-start=\"2694\" data-end=\"2796\">Not recommended for pregnant women, children under 1 or people with serious medical conditions.<\/p>\n<\/li>\n<li data-start=\"2797\" data-end=\"2853\">\n<p data-start=\"2799\" data-end=\"2853\">Please let us know if you have any special requirements<\/p>\n<\/li>\n<\/ul>","protected":false},"excerpt":{"rendered":"<p data-start=\"182\" data-end=\"619\">Embark on a day of adventure through the natural wonders of the <strong data-start=\"262\" data-end=\"283\">Phang Nga Bay<\/strong> !<br data-start=\"285\" data-end=\"288\" \/>This excursion takes you on board a <strong data-start=\"328\" data-end=\"367\">SeaStar top-of-the-range speedboat<\/strong> to some spectacular sites:<br data-start=\"399\" data-end=\"402\" \/>the famous <strong data-start=\"413\" data-end=\"434\">James Bond Island<\/strong>the <strong data-start=\"440\" data-end=\"460\">Panak caves<\/strong>the <strong data-start=\"466\" data-end=\"492\">mysterious mangroves<\/strong>a <strong data-start=\"497\" data-end=\"538\">lunch on the floating island of Panyi<\/strong>the <strong data-start=\"543\" data-end=\"566\">canoeing in Hong Island<\/strong> and a moment of relaxation\/snorkeling at <strong data-start=\"601\" data-end=\"618\">Khai Island<\/strong>.<\/p>\n<hr data-start=\"621\" data-end=\"624\" \/>\n<h3 data-start=\"626\" data-end=\"664\">\ud83c\udf1f <strong data-start=\"633\" data-end=\"664\">Highlights of the excursion<\/strong><\/h3>\n<ul data-start=\"666\" data-end=\"1119\">\n<li data-start=\"666\" data-end=\"783\">\n<p data-start=\"668\" data-end=\"783\"><strong data-start=\"668\" data-end=\"728\">Visit to James Bond Island (Khao Phing Kan &amp; Khao Tapu)<\/strong>location of the film \"The Man with the Golden Gun\".<\/p>\n<\/li>\n<li data-start=\"784\" data-end=\"843\">\n<p data-start=\"786\" data-end=\"843\">Exploration of <strong data-start=\"801\" data-end=\"822\">caves and lagoons<\/strong> on the island of Panak<\/p>\n<\/li>\n<li data-start=\"844\" data-end=\"893\">\n<p data-start=\"846\" data-end=\"893\"><strong data-start=\"846\" data-end=\"874\">Canoeing in the mangroves<\/strong> Hong Island<\/p>\n<\/li>\n<li data-start=\"894\" data-end=\"958\">\n<p data-start=\"896\" data-end=\"958\">Buffet lunch on the authentic <strong data-start=\"930\" data-end=\"956\">Panyi floating island<\/strong><\/p>\n<\/li>\n<li data-start=\"959\" data-end=\"1012\">\n<p data-start=\"961\" data-end=\"1012\">Snorkelling or relaxing on <strong data-start=\"993\" data-end=\"1010\">Khai Island<\/strong><\/p>\n<\/li>\n<li data-start=\"1013\" data-end=\"1064\">\n<p data-start=\"1015\" data-end=\"1064\">Fast boat <strong data-start=\"1029\" data-end=\"1040\">SeaStar<\/strong>spacious and secure<\/p>\n<\/li>\n<li data-start=\"1065\" data-end=\"1119\">\n<p data-start=\"1067\" data-end=\"1119\">Transfers, professional guide and equipment included<\/p>\n<\/li>\n<\/ul>","protected":false},"featured_media":30326,"comment_status":"open","ping_status":"closed","template":"","meta":{"_uag_custom_page_level_css":""},"product_brand":[],"product_cat":[67],"product_tag":[],"class_list":{"0":"post-30325","1":"product","2":"type-product","3":"status-publish","4":"has-post-thumbnail","6":"product_cat-phuket","8":"first","9":"instock","10":"virtual","11":"taxable","12":"purchasable","13":"product-type-simple"},"yoast_head":"<!-- This site is optimized with the Yoast SEO plugin v27.1.1 - https:\/\/yoast.com\/product\/yoast-seo-wordpress\/ -->\n<title>ile de James Bond -<\/title>\n<meta name=\"robots\" content=\"index, follow, max-snippet:-1, max-image-preview:large, max-video-preview:-1\" \/>\n<link rel=\"canonical\" href=\"https:\/\/lunayatravel.com\/en\/product\/30325\/\" \/>\n<meta property=\"og:locale\" content=\"en_GB\" \/>\n<meta property=\"og:type\" content=\"article\" \/>\n<meta property=\"og:title\" content=\"ile de James Bond -\" \/>\n<meta property=\"og:description\" content=\"Embarquez pour une journ\u00e9e d\u2019aventure \u00e0 travers les merveilles naturelles de la baie de Phang Nga !Cette excursion vous emm\u00e8ne \u00e0 bord d\u2019un bateau rapide haut de gamme SeaStar vers des sites spectaculaires :la c\u00e9l\u00e8bre James Bond Island, les grottes de Panak, les mangroves myst\u00e9rieuses, un d\u00e9jeuner sur l&#039;\u00eele flottante de Panyi, du cano\u00eb \u00e0 Hong Island et un moment d\u00e9tente\/snorkeling \u00e0 l\u2019\u00eele de Khai.     \ud83c\udf1f Points forts de l\u2019excursion    Visite de James Bond Island (Khao Phing Kan &amp; Khao Tapu), lieu de tournage du film &quot;L\u2019Homme au pistolet d\u2019or&quot;    Exploration de grottes et lagons sur l\u2019\u00eele de Panak    Cano\u00eb dans les mangroves de l\u2019\u00eele de Hong    D\u00e9jeuner buffet sur l\u2019authentique \u00eele flottante de Panyi    Plong\u00e9e en apn\u00e9e ou d\u00e9tente sur l\u2019\u00eele de Khai    Bateau rapide SeaStar, spacieux et s\u00e9curis\u00e9    Transferts, guide professionnel et \u00e9quipement inclus\" \/>\n<meta property=\"og:url\" content=\"https:\/\/lunayatravel.com\/en\/product\/30325\/\" \/>\n<meta property=\"article:publisher\" content=\"https:\/\/www.facebook.com\/lunayaTravel\/\" \/>\n<meta property=\"article:modified_time\" content=\"2026-02-23T02:11:39+00:00\" \/>\n<meta property=\"og:image\" content=\"https:\/\/lunayatravel.com\/wp-content\/uploads\/2025\/07\/0.PhangNgaBay3.webp\" \/>\n\t<meta property=\"og:image:width\" content=\"720\" \/>\n\t<meta property=\"og:image:height\" content=\"480\" \/>\n\t<meta property=\"og:image:type\" content=\"image\/webp\" \/>\n<meta name=\"twitter:card\" content=\"summary_large_image\" \/>\n<meta name=\"twitter:label1\" content=\"Estimated reading time\" \/>\n\t<meta name=\"twitter:data1\" content=\"1 minute\" \/>\n<script type=\"application\/ld+json\" class=\"yoast-schema-graph\">{\"@context\":\"https:\/\/schema.org\",\"@graph\":[{\"@type\":\"WebPage\",\"@id\":\"https:\/\/lunayatravel.com\/produit\/30325\/\",\"url\":\"https:\/\/lunayatravel.com\/produit\/30325\/\",\"name\":\"ile de James Bond -\",\"isPartOf\":{\"@id\":\"https:\/\/lunayatravel.com\/#website\"},\"primaryImageOfPage\":{\"@id\":\"https:\/\/lunayatravel.com\/produit\/30325\/#primaryimage\"},\"image\":{\"@id\":\"https:\/\/lunayatravel.com\/produit\/30325\/#primaryimage\"},\"thumbnailUrl\":\"https:\/\/lunayatravel.com\/wp-content\/uploads\/2025\/07\/0.PhangNgaBay3.webp\",\"datePublished\":\"2025-07-30T06:48:32+00:00\",\"dateModified\":\"2026-02-23T02:11:39+00:00\",\"breadcrumb\":{\"@id\":\"https:\/\/lunayatravel.com\/produit\/30325\/#breadcrumb\"},\"inLanguage\":\"en-GB\",\"potentialAction\":[{\"@type\":\"ReadAction\",\"target\":[\"https:\/\/lunayatravel.com\/produit\/30325\/\"]}]},{\"@type\":\"ImageObject\",\"inLanguage\":\"en-GB\",\"@id\":\"https:\/\/lunayatravel.com\/produit\/30325\/#primaryimage\",\"url\":\"https:\/\/lunayatravel.com\/wp-content\/uploads\/2025\/07\/0.PhangNgaBay3.webp\",\"contentUrl\":\"https:\/\/lunayatravel.com\/wp-content\/uploads\/2025\/07\/0.PhangNgaBay3.webp\",\"width\":720,\"height\":480},{\"@type\":\"BreadcrumbList\",\"@id\":\"https:\/\/lunayatravel.com\/produit\/30325\/#breadcrumb\",\"itemListElement\":[{\"@type\":\"ListItem\",\"position\":1,\"name\":\"Accueil\",\"item\":\"https:\/\/lunayatravel.com\/\"},{\"@type\":\"ListItem\",\"position\":2,\"name\":\"Nos activit\u00e9s\",\"item\":\"https:\/\/lunayatravel.com\/nos-activites\/\"},{\"@type\":\"ListItem\",\"position\":3,\"name\":\"ile de James Bond\"}]},{\"@type\":\"WebSite\",\"@id\":\"https:\/\/lunayatravel.com\/#website\",\"url\":\"https:\/\/lunayatravel.com\/\",\"name\":\"\",\"description\":\"\",\"publisher\":{\"@id\":\"https:\/\/lunayatravel.com\/#organization\"},\"potentialAction\":[{\"@type\":\"SearchAction\",\"target\":{\"@type\":\"EntryPoint\",\"urlTemplate\":\"https:\/\/lunayatravel.com\/?s={search_term_string}\"},\"query-input\":{\"@type\":\"PropertyValueSpecification\",\"valueRequired\":true,\"valueName\":\"search_term_string\"}}],\"inLanguage\":\"en-GB\"},{\"@type\":\"Organization\",\"@id\":\"https:\/\/lunayatravel.com\/#organization\",\"name\":\"Lunaya travel\",\"alternateName\":\"Lunaya travel\",\"url\":\"https:\/\/lunayatravel.com\/\",\"logo\":{\"@type\":\"ImageObject\",\"inLanguage\":\"en-GB\",\"@id\":\"https:\/\/lunayatravel.com\/#\/schema\/logo\/image\/\",\"url\":\"https:\/\/lunayatravel.com\/wp-content\/uploads\/2026\/03\/cropped-647319118_2379115739204013_337015058165053143_n.jpg\",\"contentUrl\":\"https:\/\/lunayatravel.com\/wp-content\/uploads\/2026\/03\/cropped-647319118_2379115739204013_337015058165053143_n.jpg\",\"width\":1022,\"height\":1023,\"caption\":\"Lunaya travel\"},\"image\":{\"@id\":\"https:\/\/lunayatravel.com\/#\/schema\/logo\/image\/\"},\"sameAs\":[\"https:\/\/www.facebook.com\/lunayaTravel\/\"]}]}<\/script>\n<!-- \/ Yoast SEO plugin. -->","yoast_head_json":{"title":"ile de James Bond -","robots":{"index":"index","follow":"follow","max-snippet":"max-snippet:-1","max-image-preview":"max-image-preview:large","max-video-preview":"max-video-preview:-1"},"canonical":"https:\/\/lunayatravel.com\/en\/product\/30325\/","og_locale":"en_GB","og_type":"article","og_title":"ile de James Bond -","og_description":"Embarquez pour une journ\u00e9e d\u2019aventure \u00e0 travers les merveilles naturelles de la baie de Phang Nga !Cette excursion vous emm\u00e8ne \u00e0 bord d\u2019un bateau rapide haut de gamme SeaStar vers des sites spectaculaires :la c\u00e9l\u00e8bre James Bond Island, les grottes de Panak, les mangroves myst\u00e9rieuses, un d\u00e9jeuner sur l'\u00eele flottante de Panyi, du cano\u00eb \u00e0 Hong Island et un moment d\u00e9tente\/snorkeling \u00e0 l\u2019\u00eele de Khai.     \ud83c\udf1f Points forts de l\u2019excursion    Visite de James Bond Island (Khao Phing Kan &amp; Khao Tapu), lieu de tournage du film \"L\u2019Homme au pistolet d\u2019or\"    Exploration de grottes et lagons sur l\u2019\u00eele de Panak    Cano\u00eb dans les mangroves de l\u2019\u00eele de Hong    D\u00e9jeuner buffet sur l\u2019authentique \u00eele flottante de Panyi    Plong\u00e9e en apn\u00e9e ou d\u00e9tente sur l\u2019\u00eele de Khai    Bateau rapide SeaStar, spacieux et s\u00e9curis\u00e9    Transferts, guide professionnel et \u00e9quipement inclus","og_url":"https:\/\/lunayatravel.com\/en\/product\/30325\/","article_publisher":"https:\/\/www.facebook.com\/lunayaTravel\/","article_modified_time":"2026-02-23T02:11:39+00:00","og_image":[{"width":720,"height":480,"url":"https:\/\/lunayatravel.com\/wp-content\/uploads\/2025\/07\/0.PhangNgaBay3.webp","type":"image\/webp"}],"twitter_card":"summary_large_image","twitter_misc":{"Estimated reading time":"1 minute"},"schema":{"@context":"https:\/\/schema.org","@graph":[{"@type":"WebPage","@id":"https:\/\/lunayatravel.com\/produit\/30325\/","url":"https:\/\/lunayatravel.com\/produit\/30325\/","name":"ile de James Bond -","isPartOf":{"@id":"https:\/\/lunayatravel.com\/#website"},"primaryImageOfPage":{"@id":"https:\/\/lunayatravel.com\/produit\/30325\/#primaryimage"},"image":{"@id":"https:\/\/lunayatravel.com\/produit\/30325\/#primaryimage"},"thumbnailUrl":"https:\/\/lunayatravel.com\/wp-content\/uploads\/2025\/07\/0.PhangNgaBay3.webp","datePublished":"2025-07-30T06:48:32+00:00","dateModified":"2026-02-23T02:11:39+00:00","breadcrumb":{"@id":"https:\/\/lunayatravel.com\/produit\/30325\/#breadcrumb"},"inLanguage":"en-GB","potentialAction":[{"@type":"ReadAction","target":["https:\/\/lunayatravel.com\/produit\/30325\/"]}]},{"@type":"ImageObject","inLanguage":"en-GB","@id":"https:\/\/lunayatravel.com\/produit\/30325\/#primaryimage","url":"https:\/\/lunayatravel.com\/wp-content\/uploads\/2025\/07\/0.PhangNgaBay3.webp","contentUrl":"https:\/\/lunayatravel.com\/wp-content\/uploads\/2025\/07\/0.PhangNgaBay3.webp","width":720,"height":480},{"@type":"BreadcrumbList","@id":"https:\/\/lunayatravel.com\/produit\/30325\/#breadcrumb","itemListElement":[{"@type":"ListItem","position":1,"name":"Accueil","item":"https:\/\/lunayatravel.com\/"},{"@type":"ListItem","position":2,"name":"Nos activit\u00e9s","item":"https:\/\/lunayatravel.com\/nos-activites\/"},{"@type":"ListItem","position":3,"name":"ile de James Bond"}]},{"@type":"WebSite","@id":"https:\/\/lunayatravel.com\/#website","url":"https:\/\/lunayatravel.com\/","name":"","description":"","publisher":{"@id":"https:\/\/lunayatravel.com\/#organization"},"potentialAction":[{"@type":"SearchAction","target":{"@type":"EntryPoint","urlTemplate":"https:\/\/lunayatravel.com\/?s={search_term_string}"},"query-input":{"@type":"PropertyValueSpecification","valueRequired":true,"valueName":"search_term_string"}}],"inLanguage":"en-GB"},{"@type":"Organization","@id":"https:\/\/lunayatravel.com\/#organization","name":"Lunaya travel","alternateName":"Lunaya travel","url":"https:\/\/lunayatravel.com\/","logo":{"@type":"ImageObject","inLanguage":"en-GB","@id":"https:\/\/lunayatravel.com\/#\/schema\/logo\/image\/","url":"https:\/\/lunayatravel.com\/wp-content\/uploads\/2026\/03\/cropped-647319118_2379115739204013_337015058165053143_n.jpg","contentUrl":"https:\/\/lunayatravel.com\/wp-content\/uploads\/2026\/03\/cropped-647319118_2379115739204013_337015058165053143_n.jpg","width":1022,"height":1023,"caption":"Lunaya travel"},"image":{"@id":"https:\/\/lunayatravel.com\/#\/schema\/logo\/image\/"},"sameAs":["https:\/\/www.facebook.com\/lunayaTravel\/"]}]}},"uagb_featured_image_src":{"full":["https:\/\/lunayatravel.com\/wp-content\/uploads\/2025\/07\/0.PhangNgaBay3.webp",720,480,false],"thumbnail":["https:\/\/lunayatravel.com\/wp-content\/uploads\/2025\/07\/0.PhangNgaBay3-150x150.webp",150,150,true],"medium":["https:\/\/lunayatravel.com\/wp-content\/uploads\/2025\/07\/0.PhangNgaBay3-300x200.webp",300,200,true],"medium_large":["https:\/\/lunayatravel.com\/wp-content\/uploads\/2025\/07\/0.PhangNgaBay3.webp",720,480,false],"large":["https:\/\/lunayatravel.com\/wp-content\/uploads\/2025\/07\/0.PhangNgaBay3.webp",720,480,false],"1536x1536":["https:\/\/lunayatravel.com\/wp-content\/uploads\/2025\/07\/0.PhangNgaBay3.webp",720,480,false],"2048x2048":["https:\/\/lunayatravel.com\/wp-content\/uploads\/2025\/07\/0.PhangNgaBay3.webp",720,480,false],"trp-custom-language-flag":["https:\/\/lunayatravel.com\/wp-content\/uploads\/2025\/07\/0.PhangNgaBay3.webp",18,12,false],"widget-thumbnail":["https:\/\/lunayatravel.com\/wp-content\/uploads\/2025\/07\/0.PhangNgaBay3-75x75.webp",75,75,true],"mailpoet_newsletter_max":["https:\/\/lunayatravel.com\/wp-content\/uploads\/2025\/07\/0.PhangNgaBay3.webp",720,480,false],"woocommerce_thumbnail":["https:\/\/lunayatravel.com\/wp-content\/uploads\/2025\/07\/0.PhangNgaBay3-300x300.webp",300,300,true],"woocommerce_single":["https:\/\/lunayatravel.com\/wp-content\/uploads\/2025\/07\/0.PhangNgaBay3-600x400.webp",600,400,true],"woocommerce_gallery_thumbnail":["https:\/\/lunayatravel.com\/wp-content\/uploads\/2025\/07\/0.PhangNgaBay3-100x100.webp",100,100,true],"sow-carousel-default":["https:\/\/lunayatravel.com\/wp-content\/uploads\/2025\/07\/0.PhangNgaBay3-272x182.webp",272,182,true]},"uagb_author_info":{"display_name":"haemers stephanie","author_link":"https:\/\/lunayatravel.com\/en\/author\/"},"uagb_comment_info":0,"uagb_excerpt":"Embarquez pour une journ\u00e9e d\u2019aventure \u00e0 travers les merveilles naturelles de la baie de Phang Nga !Cette excursion vous emm\u00e8ne \u00e0 bord d\u2019un bateau rapide haut de gamme SeaStar vers des sites spectaculaires :la c\u00e9l\u00e8bre James Bond Island, les grottes de Panak, les mangroves myst\u00e9rieuses, un d\u00e9jeuner sur l'\u00eele flottante de Panyi, du cano\u00eb \u00e0&hellip;","jetpack_sharing_enabled":true,"_links":{"self":[{"href":"https:\/\/lunayatravel.com\/en\/wp-json\/wp\/v2\/product\/30325","targetHints":{"allow":["GET"]}}],"collection":[{"href":"https:\/\/lunayatravel.com\/en\/wp-json\/wp\/v2\/product"}],"about":[{"href":"https:\/\/lunayatravel.com\/en\/wp-json\/wp\/v2\/types\/product"}],"replies":[{"embeddable":true,"href":"https:\/\/lunayatravel.com\/en\/wp-json\/wp\/v2\/comments?post=30325"}],"wp:featuredmedia":[{"embeddable":true,"href":"https:\/\/lunayatravel.com\/en\/wp-json\/wp\/v2\/media\/30326"}],"wp:attachment":[{"href":"https:\/\/lunayatravel.com\/en\/wp-json\/wp\/v2\/media?parent=30325"}],"wp:term":[{"taxonomy":"product_brand","embeddable":true,"href":"https:\/\/lunayatravel.com\/en\/wp-json\/wp\/v2\/product_brand?post=30325"},{"taxonomy":"product_cat","embeddable":true,"href":"https:\/\/lunayatravel.com\/en\/wp-json\/wp\/v2\/product_cat?post=30325"},{"taxonomy":"product_tag","embeddable":true,"href":"https:\/\/lunayatravel.com\/en\/wp-json\/wp\/v2\/product_tag?post=30325"}],"curies":[{"name":"wp","href":"https:\/\/api.w.org\/{rel}","templated":true}]}}